{"id":25588,"date":"2025-05-26T10:32:31","date_gmt":"2025-05-26T08:32:31","guid":{"rendered":"https:\/\/www.ferberpainting.com\/products\/toilet-unblocker\/"},"modified":"2026-02-16T13:00:44","modified_gmt":"2026-02-16T12:00:44","slug":"toilet-unblocker","status":"publish","type":"product","link":"https:\/\/www.ferberpainting.com\/lv\/products\/toilet-unblocker\/","title":{"rendered":"Tualetes atblo\u0137\u0113t\u0101js"},"content":{"rendered":"<p><strong><img decoding=\"async\" style=\"margin-right: 12px;\" src=\"https:\/\/www.ferberpainting.com\/wp-content\/uploads\/2026\/02\/Check.svg\" alt=\"\" width=\"18\" height=\"15\" \/>\u0100tra un efekt\u012bva aizsprostojumu nov\u0113r\u0161ana.<\/strong>\u00a0\u0160is tualetes poda atblo\u0137\u0113t\u0101js ir \u012bpa\u0161i izstr\u0101d\u0101ts, lai iz\u0161\u0137\u012bdin\u0101tu iespr\u016bdu\u0161us aizsprostojumus, kas trauc\u0113 norm\u0101lu \u016bdens novad\u012b\u0161anu. Tas dzi\u013ci iek\u013c\u016bst organisk\u0101s viel\u0101s, tualetes pap\u012bra atliek\u0101s, taukos un citos elementos, kas var aizsprostot tualetes caurules. Pateicoties t\u0101 sp\u0113c\u012bgajai formulai, tas atjauno vienm\u0113r\u012bgu pl\u016bsmu, neprasot agres\u012bvu meh\u0101nisku iejauk\u0161anos.<\/p>\n<p><strong><img decoding=\"async\" style=\"margin-right: 12px;\" src=\"https:\/\/www.ferberpainting.com\/wp-content\/uploads\/2026\/02\/Check.svg\" alt=\"\" width=\"18\" height=\"15\" \/>Naudas atmaksas garantija. <\/strong>M\u0113s esam piln\u012bgi p\u0101rliecin\u0101ti par m\u016bsu tualetes atblo\u0137\u0113\u0161anas l\u012bdzek\u013ca efektivit\u0101ti. T\u0101p\u0113c m\u0113s pied\u0101v\u0101jam naudas atmaksas garantiju. Ja p\u0113c pareizas lieto\u0161anas saska\u0146\u0101 ar nor\u0101d\u012bjumiem produkts neatrisina j\u016bsu probl\u0113mu, jums ir iesp\u0113ja piepras\u012bt atmaks\u0101t naudu bez nosac\u012bjumiem, t\u0101d\u0113j\u0101di nodro\u0161inot dro\u0161u un bezriska pirkumu.<\/p>\n<p><strong><img decoding=\"async\" style=\"margin-right: 12px;\" src=\"https:\/\/www.ferberpainting.com\/wp-content\/uploads\/2026\/02\/Check.svg\" alt=\"\" width=\"18\" height=\"15\" \/>Sader\u012bgs ar da\u017e\u0101da veida caurul\u0113m un sanit\u0101raj\u0101m sist\u0113m\u0101m.<\/strong>\u00a0\u0160is atblo\u0137\u0113t\u0101js ir piem\u0113rots standarta tualet\u0113m, pie sienas piestiprin\u0101t\u0101m tualet\u0113m, tualet\u0113m ar maceratoriem un septiskaj\u0101m tvertn\u0113m. Tas darbojas, neboj\u0101jot caurules, un to var izmantot PVC, \u010duguna, vara, ner\u016bs\u0113jo\u0161\u0101 t\u0113rauda un keramikas caurul\u0113m, nodro\u0161inot optim\u0101lu sader\u012bbu ar vis\u0101m m\u016bsdienu un tradicion\u0101laj\u0101m sanit\u0101raj\u0101m sist\u0113m\u0101m.<\/p>\n<p><strong><img decoding=\"async\" style=\"margin-right: 12px;\" src=\"https:\/\/www.ferberpainting.com\/wp-content\/uploads\/2026\/02\/Check.svg\" alt=\"\" width=\"18\" height=\"15\" \/>Ekonomiska veiktsp\u0113ja un optimiz\u0113ta doz\u0113\u0161ana.<\/strong>\u00a0Pateicoties t\u0101 koncentr\u0113tajai formulai, ar 1 litru atblo\u0137\u0113\u0161anas l\u012bdzek\u013ca var izt\u012br\u012bt l\u012bdz pat 4 aizs\u0113r\u0113jumus, pied\u0101v\u0101jot efekt\u012bvu un rentablu risin\u0101jumu, lai saglab\u0101tu j\u016bsu tualetes funkcion\u0113\u0161anu. T\u0101 m\u0113r\u0137tiec\u012bg\u0101 iedarb\u012bba \u013cauj izmantot tikai vajadz\u012bgo daudzumu katrai intervencei, samazinot iz\u0161\u0137\u0113rd\u0113\u0161anu un optimiz\u0113jot l\u012bdzek\u013ca darb\u012bbu.<\/p>\n<p><strong><img decoding=\"async\" style=\"margin-right: 12px;\" src=\"https:\/\/www.ferberpainting.com\/wp-content\/uploads\/2026\/02\/Check.svg\" alt=\"\" width=\"18\" height=\"15\" \/>Dro\u0161s produkts, kas aizsarg\u0101 iek\u0101rtas.<\/strong>\u00a0At\u0161\u0137ir\u012bb\u0101 no \u013coti kod\u012bgiem atblo\u0137\u0113\u0161anas l\u012bdzek\u013ciem, kas var boj\u0101t caurules, \u0161is produkts darbojas, nev\u0101jinot materi\u0101lus un neapdraudot herm\u0113tiskos savienojumus. T\u0101 kontrol\u0113ta lieto\u0161ana nov\u0113r\u0161 aizsprostojumus, neradot ilgtermi\u0146a boj\u0101jumus, nodro\u0161inot sanit\u0101ro iek\u0101rtu saglab\u0101\u0161anu.<\/p>\n<p><strong><img decoding=\"async\" style=\"margin-right: 12px;\" src=\"https:\/\/www.ferberpainting.com\/wp-content\/uploads\/2026\/02\/Check.svg\" alt=\"\" width=\"18\" height=\"15\" \/>Viegla lieto\u0161ana un vienk\u0101r\u0161a efektivit\u0101te.<\/strong>\u00a0\u0160is atblo\u0137\u0113t\u0101js ir gatavs lieto\u0161anai un neprasa sare\u017e\u0123\u012btu apstr\u0101di. Vienk\u0101r\u0161i ielejiet to tie\u0161i tualetes pod\u0101 un \u013caujiet tam iedarboties da\u017eas min\u016btes pirms skalo\u0161anas. T\u0101 \u012bpa\u0161i \u0101tr\u0101 iedarb\u012bba efekt\u012bvi nov\u0113r\u0161 aizsprostojumus 15 l\u012bdz 30 min\u016b\u0161u laik\u0101, t\u0101d\u0113j\u0101di nov\u0113r\u0161ot nepiecie\u0161am\u012bbu izmantot sare\u017e\u0123\u012bt\u0101kas meh\u0101nisk\u0101s metodes, piem\u0113ram, virzu\u013cus vai notekcauru\u013cu \u010d\u016bskas.<\/p>\n<p><strong><img decoding=\"async\" style=\"margin-right: 12px;\" src=\"https:\/\/www.ferberpainting.com\/wp-content\/uploads\/2026\/02\/Check.svg\" alt=\"\" width=\"18\" height=\"15\" \/>Iztur\u012bba un profilakse pret aizsprostojumiem n\u0101kotn\u0113.<\/strong>\u00a0\u0160is atblo\u0137\u0113\u0161anas l\u012bdzeklis ne tikai nov\u0113r\u0161 eso\u0161os aizs\u0113r\u0113jumus, bet ar\u012b nov\u0113r\u0161 jaunu aizs\u0113r\u0113jumu veido\u0161anos, pak\u0101peniski iz\u0161\u0137\u012bdinot cauru\u013cvados uzkr\u0101tos atlikumus un nogulsnes. Regul\u0101ra lieto\u0161ana pal\u012bdz ierobe\u017eot aizsprostojumu risku un nodro\u0161ina optim\u0101lu tualetes darb\u012bbu ilgtermi\u0146\u0101.<\/p>\n<p><strong><img decoding=\"async\" style=\"margin-right: 12px;\" src=\"https:\/\/www.ferberpainting.com\/wp-content\/uploads\/2026\/02\/Check.svg\" alt=\"\" width=\"18\" height=\"15\" \/>T\u016bl\u012bt\u0113ja r\u012bc\u012bba \u0101tram komfortam.<\/strong>\u00a0Tikl\u012bdz tas tiek uzkl\u0101ts, \u0161is atblo\u0137\u0113t\u0101js s\u0101k \u0161\u0137\u012bdin\u0101t blo\u0137\u0113jo\u0161os materi\u0101lus un atjauno \u016bdens pl\u016bsmu. P\u0113c vienk\u0101r\u0161as skalo\u0161anas tualetes atkal s\u0101k norm\u0101li funkcion\u0113t, \u013caujot to nep\u0101rtraukti un bez probl\u0113m\u0101m izmantot.<\/p>\n<h2><strong>Lieto\u0161anas protokols<\/strong><\/h2>\n<ul>\n<li><strong>Tualetes sagatavo\u0161ana <\/strong>: Pirms l\u012bdzek\u013ca uzkl\u0101\u0161anas p\u0101rliecinieties, ka tualetes pod\u0101 nav p\u0101r\u0101k daudz \u016bdens, lai nodro\u0161in\u0101tu lab\u0101ku atblo\u0137\u0113t\u0101ja dif\u016bziju. Ja nepiecie\u0161ams, no\u0146emiet lieko \u016bdeni ar trauku, lai izvair\u012btos no p\u0101rpl\u016b\u0161anas.<\/li>\n<li><strong>Ieteicam\u0101s devas <\/strong>: Aizsprostojumu nov\u0113r\u0161anai ielejiet 250 ml produkta tie\u0161i tualetes pod\u0101. Ar 1 litru var apstr\u0101d\u0101t l\u012bdz 4 aizsprostojumiem. Ja aizsprostojums ir liels, p\u0113c pirm\u0101 m\u0113\u0123in\u0101juma var b\u016bt nepiecie\u0161ama otra lieto\u0161ana.<\/li>\n<li><strong>Atblo\u0137\u0113t\u0101ja lieto\u0161ana <\/strong>: L\u0113n\u0101m ielejiet l\u012bdzekli b\u013cod\u0101 un \u013caujiet tam iedarboties 15 l\u012bdz 30 min\u016btes atkar\u012bb\u0101 no aizsprostojuma smaguma pak\u0101pes. Ja aizsprostojums ir nopietns, \u013caujiet l\u012bdzeklim nost\u0101v\u0113ties l\u012bdz pat 1 stundai, lai palielin\u0101tu efektivit\u0101ti.<\/li>\n<li><strong>Skalo\u0161ana un pl\u016bsmas kontrole <\/strong>: P\u0113c gaid\u012b\u0161anas laika izskalojiet tualetes podi\u0146u un r\u016bp\u012bgi izskalojiet to. P\u0101rbaudiet, vai pl\u016bsma ir normaliz\u0113jusies. Ja probl\u0113ma saglab\u0101jas, atk\u0101rtojiet darb\u012bbu ar papildu devu.<\/li>\n<li><strong>Profilaktisk\u0101 apkope <\/strong>: Lai nov\u0113rstu aizsprostojumus n\u0101kotn\u0113, ieteicams reizi m\u0113nes\u012b lietot nelielu produkta daudzumu, lai iz\u0161\u0137\u012bdin\u0101tu uzkr\u0101tos nos\u0113dumus un nodro\u0161in\u0101tu optim\u0101lu notek\u016bde\u0146u pl\u016bsmu.<\/li>\n<li><strong>Lieto\u0161anas piesardz\u012bbas pas\u0101kumi <\/strong>: Nejaukt kop\u0101 ar cit\u0101m \u0137\u012bmisk\u0101m viel\u0101m, jo \u012bpa\u0161i atblo\u0137\u0113t\u0101jiem, kas satur kaustisko sodu vai s\u0113rsk\u0101bi. Izvair\u012bties no jebk\u0101das saskares ar \u0101du un ac\u012bm. Nejau\u0161as saskares gad\u012bjum\u0101 nekav\u0113joties noskalot ar t\u012bru \u016bdeni un, ja nepiecie\u0161ams, mekl\u0113t medic\u012bnisku pal\u012bdz\u012bbu.<\/li>\n<li><strong>Uzglab\u0101\u0161ana un konserv\u0113\u0161ana <\/strong>: Uzglab\u0101t produktu saus\u0101 un m\u0113ren\u0101 viet\u0101, b\u0113rniem nepieejam\u0101 viet\u0101 un b\u0113rniem nepieejam\u0101 viet\u0101. P\u0113c lieto\u0161anas pudel\u012bti vienm\u0113r cie\u0161i aizveriet, lai nov\u0113rstu produkta iztvaiko\u0161anu vai boj\u0101\u0161anos.<\/li>\n<\/ul>\n<p>Ar \u0161o tualetes atblo\u0137\u0113\u0161anas ier\u012bci efekt\u012bvi un \u0101tri nov\u0113rs\u012bsit aizsprostojumus, vienlaikus saglab\u0101jot caurules un nodro\u0161inot optim\u0101lu sanit\u0101ro iek\u0101rtu apkopi.<\/p>","protected":false},"excerpt":{"rendered":"<p>Fast and effective blockage removal.\u00a0This toilet unblocker is specially designed to dissolve stubborn clogs that prevent normal water drainage. It penetrates deep into organic matter, toilet paper residues, grease, and other elements that can obstruct the WC pipes. Thanks to its powerful formula, it restores a smooth flow without requiring aggressive mechanical intervention. Money-back guarantee. [&hellip;]<\/p>\n","protected":false},"featured_media":27428,"comment_status":"open","ping_status":"closed","template":"","meta":{"_uag_custom_page_level_css":"","site-sidebar-layout":"default","site-content-layout":"","ast-site-content-layout":"default","site-content-style":"default","site-sidebar-style":"default","ast-global-header-display":"","ast-banner-title-visibility":"","ast-main-header-display":"","ast-hfb-above-header-display":"","ast-hfb-below-header-display":"","ast-hfb-mobile-header-display":"","site-post-title":"","ast-breadcrumbs-content":"","ast-featured-img":"","footer-sml-layout":"","ast-disable-related-posts":"","theme-transparent-header-meta":"default","adv-header-id-meta":"","stick-header-meta":"","header-above-stick-meta":"","header-main-stick-meta":"","header-below-stick-meta":"","astra-migrate-meta-layouts":"set","ast-page-background-enabled":"default","ast-page-background-meta":{"desktop":{"background-color":"var(--ast-global-color-4)","background-image":"","background-repeat":"repeat","background-position":"center center","background-size":"auto","background-attachment":"scroll","background-type":"","background-media":"","overlay-type":"","overlay-color":"","overlay-opacity":"","overlay-gradient":""},"tablet":{"background-color":"","background-image":"","background-repeat":"repeat","background-position":"center center","background-size":"auto","background-attachment":"scroll","background-type":"","background-media":"","overlay-type":"","overlay-color":"","overlay-opacity":"","overlay-gradient":""},"mobile":{"background-color":"","background-image":"","background-repeat":"repeat","background-position":"center center","background-size":"auto","background-attachment":"scroll","background-type":"","background-media":"","overlay-type":"","overlay-color":"","overlay-opacity":"","overlay-gradient":""}},"ast-content-background-meta":{"desktop":{"background-color":"var(--ast-global-color-5)","background-image":"","background-repeat":"repeat","background-position":"center center","background-size":"auto","background-attachment":"scroll","background-type":"","background-media":"","overlay-type":"","overlay-color":"","overlay-opacity":"","overlay-gradient":""},"tablet":{"background-color":"var(--ast-global-color-5)","background-image":"","background-repeat":"repeat","background-position":"center center","background-size":"auto","background-attachment":"scroll","background-type":"","background-media":"","overlay-type":"","overlay-color":"","overlay-opacity":"","overlay-gradient":""},"mobile":{"background-color":"var(--ast-global-color-5)","background-image":"","background-repeat":"repeat","background-position":"center center","background-size":"auto","background-attachment":"scroll","background-type":"","background-media":"","overlay-type":"","overlay-color":"","overlay-opacity":"","overlay-gradient":""}}},"product_brand":[],"product_cat":[175],"product_tag":[],"class_list":{"0":"post-25588","1":"product","2":"type-product","3":"status-publish","4":"has-post-thumbnail","6":"product_cat-cleaning-products","7":"desktop-align-left","8":"tablet-align-left","9":"mobile-align-left","11":"first","12":"instock","13":"sale","14":"taxable","15":"shipping-taxable","16":"purchasable","17":"product-type-variable","18":"has-default-attributes"},"spectra_custom_meta":{"_visibility":["visible"],"_shopify_product_id":["9062206963957"],"_s2w_shopify_domain":["ferberpainting.myshopify.com"],"_shopify_variant_id":["46488026775797"],"_sku":[""],"_manage_stock":["no"],"total_sales":["147"],"_tax_status":["taxable"],"_tax_class":[""],"_backorders":["no"],"_sold_individually":["no"],"_virtual":["no"],"_downloadable":["no"],"_download_limit":["-1"],"_download_expiry":["-1"],"_stock":[null],"_stock_status":["instock"],"_wc_average_rating":["4.83"],"_wc_review_count":["6"],"_product_attributes":["a:1:{s:6:\"volume\";a:6:{s:4:\"name\";s:6:\"Volume\";s:5:\"value\";s:20:\"5 liters | 25 liters\";s:8:\"position\";i:1;s:10:\"is_visible\";i:0;s:12:\"is_variation\";i:1;s:11:\"is_taxonomy\";i:0;}}"],"_product_version":["10.5.1"],"_thumbnail_id":["27428"],"_product_image_gallery":["27429"],"wpse_downloadable_file_names":[""],"wpse_downloadable_file_urls":[""],"_edit_last":["1"],"_default_attributes":["a:1:{s:6:\"volume\";s:8:\"5 liters\";}"],"_edit_lock":["1771244180:1"],"merchant-center-availability":["yes"],"merchant-center-category":["1749"],"_price":["29.90","129.90"],"_wp_page_template":["default"],"site-sidebar-layout":["default"],"ast-site-content-layout":["default"],"site-content-style":["default"],"site-sidebar-style":["default"],"theme-transparent-header-meta":["default"],"_wc_rating_count":["a:2:{i:4;i:1;i:5;i:5;}"],"astra-migrate-meta-layouts":["set"],"_uag_css_file_name":["uag-css-25588.css"],"_elementor_page_assets":["a:0:{}"],"_uag_page_assets":["a:9:{s:3:\"css\";s:6873:\".wp-block-uagb-image{display:flex}.wp-block-uagb-image__figure{position:relative;display:flex;flex-direction:column;max-width:100%;height:auto;margin:0}.wp-block-uagb-image__figure img{height:auto;display:flex;max-width:100%;transition:box-shadow .2s ease}.wp-block-uagb-image__figure>a{display:inline-block}.wp-block-uagb-image__figure figcaption{text-align:center;margin-top:.5em;margin-bottom:1em}.wp-block-uagb-image .components-placeholder.block-editor-media-placeholder .components-placeholder__instructions{align-self:center}.wp-block-uagb-image--align-left{text-align:left}.wp-block-uagb-image--align-right{text-align:right}.wp-block-uagb-image--align-center{text-align:center}.wp-block-uagb-image--align-full .wp-block-uagb-image__figure{margin-left:calc(50% - 50vw);margin-right:calc(50% - 50vw);max-width:100vw;width:100vw;height:auto}.wp-block-uagb-image--align-full .wp-block-uagb-image__figure img{height:auto;width:100% !important}.wp-block-uagb-image--align-wide .wp-block-uagb-image__figure img{height:auto;width:100%}.wp-block-uagb-image--layout-overlay__color-wrapper{position:absolute;left:0;top:0;right:0;bottom:0;opacity:.2;background:rgba(0,0,0,.5);transition:opacity .35s ease-in-out}.wp-block-uagb-image--layout-overlay-link{position:absolute;left:0;right:0;bottom:0;top:0}.wp-block-uagb-image--layout-overlay .wp-block-uagb-image__figure:hover .wp-block-uagb-image--layout-overlay__color-wrapper{opacity:1}.wp-block-uagb-image--layout-overlay__inner{position:absolute;left:15px;right:15px;bottom:15px;top:15px;display:flex;align-items:center;justify-content:center;flex-direction:column;border-color:#fff;transition:.35s ease-in-out}.wp-block-uagb-image--layout-overlay__inner.top-left,.wp-block-uagb-image--layout-overlay__inner.top-center,.wp-block-uagb-image--layout-overlay__inner.top-right{justify-content:flex-start}.wp-block-uagb-image--layout-overlay__inner.bottom-left,.wp-block-uagb-image--layout-overlay__inner.bottom-center,.wp-block-uagb-image--layout-overlay__inner.bottom-right{justify-content:flex-end}.wp-block-uagb-image--layout-overlay__inner.top-left,.wp-block-uagb-image--layout-overlay__inner.center-left,.wp-block-uagb-image--layout-overlay__inner.bottom-left{align-items:flex-start}.wp-block-uagb-image--layout-overlay__inner.top-right,.wp-block-uagb-image--layout-overlay__inner.center-right,.wp-block-uagb-image--layout-overlay__inner.bottom-right{align-items:flex-end}.wp-block-uagb-image--layout-overlay__inner .uagb-image-heading{color:#fff;transition:transform .35s,opacity .35s ease-in-out;transform:translate3d(0, 24px, 0);margin:0;line-height:1em}.wp-block-uagb-image--layout-overlay__inner .uagb-image-separator{width:30%;border-top-width:2px;border-top-color:#fff;border-top-style:solid;margin-bottom:10px;opacity:0;transition:transform .4s,opacity .4s ease-in-out;transform:translate3d(0, 30px, 0)}.wp-block-uagb-image--layout-overlay__inner .uagb-image-caption{opacity:0;overflow:visible;color:#fff;transition:transform .45s,opacity .45s ease-in-out;transform:translate3d(0, 35px, 0)}.wp-block-uagb-image--layout-overlay__inner:hover .uagb-image-heading,.wp-block-uagb-image--layout-overlay__inner:hover .uagb-image-separator,.wp-block-uagb-image--layout-overlay__inner:hover .uagb-image-caption{opacity:1;transform:translate3d(0, 0, 0)}.wp-block-uagb-image--effect-zoomin .wp-block-uagb-image__figure img,.wp-block-uagb-image--effect-zoomin .wp-block-uagb-image__figure .wp-block-uagb-image--layout-overlay__color-wrapper{transform:scale(1);transition:transform .35s ease-in-out}.wp-block-uagb-image--effect-zoomin .wp-block-uagb-image__figure:hover img,.wp-block-uagb-image--effect-zoomin .wp-block-uagb-image__figure:hover .wp-block-uagb-image--layout-overlay__color-wrapper{transform:scale(1.05)}.wp-block-uagb-image--effect-slide .wp-block-uagb-image__figure img,.wp-block-uagb-image--effect-slide .wp-block-uagb-image__figure .wp-block-uagb-image--layout-overlay__color-wrapper{width:calc(100% + 40px) !important;max-width:none !important;transform:translate3d(-40px, 0, 0);transition:transform .35s ease-in-out}.wp-block-uagb-image--effect-slide .wp-block-uagb-image__figure:hover img,.wp-block-uagb-image--effect-slide .wp-block-uagb-image__figure:hover .wp-block-uagb-image--layout-overlay__color-wrapper{transform:translate3d(0, 0, 0)}.wp-block-uagb-image--effect-grayscale img{filter:grayscale(0%);transition:.35s ease-in-out}.wp-block-uagb-image--effect-grayscale:hover img{filter:grayscale(100%)}.wp-block-uagb-image--effect-blur img{filter:blur(0);transition:.35s ease-in-out}.wp-block-uagb-image--effect-blur:hover img{filter:blur(3px)}.uagb-block-e6f939b3.wp-block-uagb-image--layout-default figure img{box-shadow: 0px 0px 0 #00000070;}.uagb-block-e6f939b3.wp-block-uagb-image .wp-block-uagb-image__figure figcaption{font-style: normal;align-self: center;}.uagb-block-e6f939b3.wp-block-uagb-image--layout-overlay figure img{box-shadow: 0px 0px 0 #00000070;}.uagb-block-e6f939b3.wp-block-uagb-image--layout-overlay .wp-block-uagb-image--layout-overlay__color-wrapper{opacity: 0.2;}.uagb-block-e6f939b3.wp-block-uagb-image--layout-overlay .wp-block-uagb-image--layout-overlay__inner{left: 15px;right: 15px;top: 15px;bottom: 15px;}.uagb-block-e6f939b3.wp-block-uagb-image--layout-overlay .wp-block-uagb-image--layout-overlay__inner .uagb-image-heading{font-style: normal;color: #fff;opacity: 1;}.uagb-block-e6f939b3.wp-block-uagb-image--layout-overlay .wp-block-uagb-image--layout-overlay__inner .uagb-image-heading a{color: #fff;}.uagb-block-e6f939b3.wp-block-uagb-image--layout-overlay .wp-block-uagb-image--layout-overlay__inner .uagb-image-caption{opacity: 0;}.uagb-block-e6f939b3.wp-block-uagb-image--layout-overlay .wp-block-uagb-image__figure:hover .wp-block-uagb-image--layout-overlay__color-wrapper{opacity: 1;}.uagb-block-e6f939b3.wp-block-uagb-image .wp-block-uagb-image--layout-overlay__inner .uagb-image-separator{width: 30%;border-top-width: 2px;border-top-color: #fff;opacity: 0;}.uagb-block-e6f939b3.wp-block-uagb-image .wp-block-uagb-image__figure img{width: px;height: auto;}.uagb-block-e6f939b3.wp-block-uagb-image .wp-block-uagb-image__figure:hover .wp-block-uagb-image--layout-overlay__inner .uagb-image-caption{opacity: 1;}.uagb-block-e6f939b3.wp-block-uagb-image .wp-block-uagb-image__figure:hover .wp-block-uagb-image--layout-overlay__inner .uagb-image-separator{opacity: 1;}.uagb-block-e6f939b3.wp-block-uagb-image--layout-default figure:hover img{box-shadow: 0px 0px 0 #00000070;}.uagb-block-e6f939b3.wp-block-uagb-image--layout-overlay figure:hover img{box-shadow: 0px 0px 0 #00000070;}@media only screen and (max-width: 976px) {.uagb-block-e6f939b3.wp-block-uagb-image .wp-block-uagb-image__figure img{width: px;height: auto;}}@media only screen and (max-width: 767px) {.uagb-block-e6f939b3.wp-block-uagb-image .wp-block-uagb-image__figure img{width: px;height: auto;}}\";s:2:\"js\";s:0:\"\";s:18:\"current_block_list\";a:13:{i:0;s:11:\"core\/search\";i:1;s:10:\"core\/group\";i:2;s:12:\"core\/heading\";i:3;s:17:\"core\/latest-posts\";i:4;s:20:\"core\/latest-comments\";i:5;s:13:\"core\/archives\";i:6;s:15:\"core\/categories\";i:7;s:14:\"core\/paragraph\";i:8;s:10:\"uagb\/image\";i:9;s:11:\"core\/spacer\";i:10;s:30:\"woocommerce\/product-categories\";i:11;s:10:\"core\/image\";i:12;s:14:\"core\/shortcode\";}s:8:\"uag_flag\";b:1;s:11:\"uag_version\";s:10:\"1777363053\";s:6:\"gfonts\";a:0:{}s:10:\"gfonts_url\";s:0:\"\";s:12:\"gfonts_files\";a:0:{}s:14:\"uag_faq_layout\";b:0;}"]},"uagb_featured_image_src":{"full":["https:\/\/www.ferberpainting.com\/wp-content\/uploads\/2025\/05\/ToiletUnblocker5L.png",2560,2560,false],"thumbnail":["https:\/\/www.ferberpainting.com\/wp-content\/uploads\/2025\/05\/ToiletUnblocker5L-150x150.png",150,150,true],"medium":["https:\/\/www.ferberpainting.com\/wp-content\/uploads\/2025\/05\/ToiletUnblocker5L-300x300.png",300,300,true],"medium_large":["https:\/\/www.ferberpainting.com\/wp-content\/uploads\/2025\/05\/ToiletUnblocker5L-768x768.png",768,768,true],"large":["https:\/\/www.ferberpainting.com\/wp-content\/uploads\/2025\/05\/ToiletUnblocker5L-1024x1024.png",1024,1024,true],"1536x1536":["https:\/\/www.ferberpainting.com\/wp-content\/uploads\/2025\/05\/ToiletUnblocker5L-1536x1536.png",1536,1536,true],"2048x2048":["https:\/\/www.ferberpainting.com\/wp-content\/uploads\/2025\/05\/ToiletUnblocker5L-2048x2048.png",2048,2048,true],"trp-custom-language-flag":["https:\/\/www.ferberpainting.com\/wp-content\/uploads\/2025\/05\/ToiletUnblocker5L-12x12.png",12,12,true],"woocommerce_thumbnail":["https:\/\/www.ferberpainting.com\/wp-content\/uploads\/2025\/05\/ToiletUnblocker5L-300x300.png",300,300,true],"woocommerce_single":["https:\/\/www.ferberpainting.com\/wp-content\/uploads\/2025\/05\/ToiletUnblocker5L-600x600.png",600,600,true],"woocommerce_gallery_thumbnail":["https:\/\/www.ferberpainting.com\/wp-content\/uploads\/2025\/05\/ToiletUnblocker5L-100x100.png",100,100,true]},"uagb_author_info":{"display_name":"admin","author_link":"https:\/\/www.ferberpainting.com\/lv\/author\/"},"uagb_comment_info":6,"uagb_excerpt":"Fast and effective blockage removal.\u00a0This toilet unblocker is specially designed to dissolve stubborn clogs that prevent normal water drainage. It penetrates deep into organic matter, toilet paper residues, grease, and other elements that can obstruct the WC pipes. Thanks to its powerful formula, it restores a smooth flow without requiring aggressive mechanical intervention. Money-back guarantee.&hellip;","_links":{"self":[{"href":"https:\/\/www.ferberpainting.com\/lv\/wp-json\/wp\/v2\/product\/25588","targetHints":{"allow":["GET"]}}],"collection":[{"href":"https:\/\/www.ferberpainting.com\/lv\/wp-json\/wp\/v2\/product"}],"about":[{"href":"https:\/\/www.ferberpainting.com\/lv\/wp-json\/wp\/v2\/types\/product"}],"replies":[{"embeddable":true,"href":"https:\/\/www.ferberpainting.com\/lv\/wp-json\/wp\/v2\/comments?post=25588"}],"version-history":[{"count":3,"href":"https:\/\/www.ferberpainting.com\/lv\/wp-json\/wp\/v2\/product\/25588\/revisions"}],"predecessor-version":[{"id":167440,"href":"https:\/\/www.ferberpainting.com\/lv\/wp-json\/wp\/v2\/product\/25588\/revisions\/167440"}],"wp:featuredmedia":[{"embeddable":true,"href":"https:\/\/www.ferberpainting.com\/lv\/wp-json\/wp\/v2\/media\/27428"}],"wp:attachment":[{"href":"https:\/\/www.ferberpainting.com\/lv\/wp-json\/wp\/v2\/media?parent=25588"}],"wp:term":[{"taxonomy":"product_brand","embeddable":true,"href":"https:\/\/www.ferberpainting.com\/lv\/wp-json\/wp\/v2\/product_brand?post=25588"},{"taxonomy":"product_cat","embeddable":true,"href":"https:\/\/www.ferberpainting.com\/lv\/wp-json\/wp\/v2\/product_cat?post=25588"},{"taxonomy":"product_tag","embeddable":true,"href":"https:\/\/www.ferberpainting.com\/lv\/wp-json\/wp\/v2\/product_tag?post=25588"}],"curies":[{"name":"wp","href":"https:\/\/api.w.org\/{rel}","templated":true}]}}