{"id":25582,"date":"2025-05-26T10:32:25","date_gmt":"2025-05-26T08:32:25","guid":{"rendered":"https:\/\/www.ferberpainting.com\/products\/tiling-waterproof-sealant\/"},"modified":"2026-02-24T18:04:25","modified_gmt":"2026-02-24T17:04:25","slug":"tiling-waterproof-sealant","status":"publish","type":"product","link":"https:\/\/www.ferberpainting.com\/lv\/products\/tiling-waterproof-sealant\/","title":{"rendered":"Hidroizol\u0101cijas p\u0101rkl\u0101jums fl\u012bz\u0113m"},"content":{"rendered":"<p><strong><img decoding=\"async\" style=\"margin-right: 12px;\" src=\"https:\/\/www.ferberpainting.com\/wp-content\/uploads\/2026\/02\/Check.svg\" alt=\"\" width=\"18\" height=\"15\" \/>Izveidojiet piln\u012bb\u0101 \u016bdensnecaurlaid\u012bgu barjeru zem fl\u012bz\u0113m, lai nodro\u0161in\u0101tu maksim\u0101lu aizsardz\u012bbu.<\/strong> M\u016bsu fl\u012b\u017eu \u016bdensnecaurlaid\u012bgais herm\u0113ti\u0137is ir \u012bpa\u0161i izstr\u0101d\u0101ts, lai veidotu nep\u0101rtrauktu, elast\u012bgu un necaurlaid\u012bgu membr\u0101nu, kas nov\u0113r\u0161 \u016bdens infiltr\u0101ciju zem fl\u012bz\u0113t\u0101m virsm\u0101m. Tas pasarg\u0101 pamatni no mitruma iek\u013c\u016b\u0161anas, struktur\u0101liem boj\u0101jumiem, pel\u0113juma veido\u0161an\u0101s un ilgtermi\u0146a boj\u0101\u0161an\u0101s. P\u0113c uzkl\u0101\u0161anas t\u0101 izveido viengabalainu aizsargsl\u0101ni, kas aizsarg\u0101 gr\u012bdas un sienas vannas istab\u0101s, virtuv\u0113s, du\u0161\u0101s, teras\u0113s un cit\u0101s mitr\u0101s telp\u0101s, nodro\u0161inot ilgsto\u0161u iztur\u012bbu un struktur\u0101lo integrit\u0101ti.<\/p>\n<p><strong><img decoding=\"async\" style=\"margin-right: 12px;\" src=\"https:\/\/www.ferberpainting.com\/wp-content\/uploads\/2026\/02\/Check.svg\" alt=\"\" width=\"18\" height=\"15\" \/>M\u0113s pied\u0101v\u0101jam naudas atmaksas garantiju piln\u012bgam sirdsmieram.<\/strong> M\u0113s esam p\u0101rliecin\u0101ti par m\u016bsu \u016bdensnecaurlaid\u012bg\u0101 bl\u012bv\u0113juma veiktsp\u0113ju un uzticam\u012bbu. Ja neesat piln\u012bb\u0101 apmierin\u0101ts ar rezult\u0101tiem, m\u0113s atmaks\u0101sim naudu par pirkumu. \u0160\u012b naudas atmaksas garantija \u013cauj jums ieg\u0101d\u0101ties un lietot produktu bez riska, zinot, ka j\u016bsu apmierin\u0101t\u012bba un aizsardz\u012bba ir m\u016bsu galven\u0101s priorit\u0101tes.<\/p>\n<p><strong><img decoding=\"async\" style=\"margin-right: 12px;\" src=\"https:\/\/www.ferberpainting.com\/wp-content\/uploads\/2026\/02\/Check.svg\" alt=\"\" width=\"18\" height=\"15\" \/>Efekt\u012bv\u0101kais hidroizol\u0101cijas risin\u0101jums tirg\u016b.<\/strong> M\u016bsu uzlabot\u0101 formula nodro\u0161ina augst\u0101ku \u016bdensiztur\u012bbu sal\u012bdzin\u0101jum\u0101 ar standarta p\u0101rkl\u0101jumiem un membr\u0101n\u0101m. T\u0101 ies\u016bcas un cie\u0161i saist\u0101s ar pamatni, vienlaikus veidojot elast\u012bgu, plaisas aizturo\u0161u barjeru, kas piel\u0101gojas neliel\u0101m konstrukcijas kust\u012bb\u0101m. Tas nodro\u0161ina piln\u012bgu \u016bdensnecaurlaid\u012bgu aizsardz\u012bbu pat viet\u0101s, kas pak\u013cautas past\u0101v\u012bgai mitruma iedarb\u012bbai, padarot to par visefekt\u012bv\u0101ko izv\u0113li profesion\u0101liem un dz\u012bvojamo \u0113ku fl\u012bz\u0113\u0161anas projektiem.<\/p>\n<p><strong><img decoding=\"async\" style=\"margin-right: 12px;\" src=\"https:\/\/www.ferberpainting.com\/wp-content\/uploads\/2026\/02\/Check.svg\" alt=\"\" width=\"18\" height=\"15\" \/>Pieejamais l\u0113t\u0101kais profesion\u0101l\u0101s klases \u016bdensnecaurlaid\u012bgais herm\u0113ti\u0137is.<\/strong> Augsta l\u012bme\u0146a \u016bdensnecaurlaid\u012bgai aizsardz\u012bbai nav j\u0101b\u016bt d\u0101rgai. M\u0113s pied\u0101v\u0101jam viskonkur\u0113tsp\u0113j\u012bg\u0101ko cenu, vienlaikus saglab\u0101jot augst\u0101k\u0101s kvalit\u0101tes standartus. Optimiz\u0113jot ra\u017eo\u0161anas un pieg\u0101des procesus, m\u0113s nodro\u0161in\u0101m profesion\u0101lu hidroizol\u0101cijas risin\u0101jumu par zem\u0101ko cenu sal\u012bdzin\u0101jum\u0101 ar l\u012bdz\u012bgiem produktiem, pied\u0101v\u0101jot izcilu v\u0113rt\u012bbu gan b\u016bvniekiem, gan m\u0101ju \u012bpa\u0161niekiem.<\/p>\n<p><strong><img decoding=\"async\" style=\"margin-right: 12px;\" src=\"https:\/\/www.ferberpainting.com\/wp-content\/uploads\/2026\/02\/Check.svg\" alt=\"\" width=\"18\" height=\"15\" \/>Garant\u0113ta pieg\u0101de 24 stundas diennakt\u012b, lai j\u016bsu projekts netiktu kav\u0113ts.<\/strong> Hidroizol\u0101cija ir \u013coti svar\u012bgs solis, kas nedr\u012bkst aizkav\u0113t uzst\u0101d\u012b\u0161anas grafiku. T\u0101p\u0113c m\u0113s nodro\u0161in\u0101m uzticamu pieg\u0101di 24 stundas diennakt\u012b, garant\u0113jot, ka j\u016bsu fl\u012bz\u0113\u0161anas \u016bdensnecaurlaid\u012bgais herm\u0113ti\u0137is tiek pieg\u0101d\u0101ts \u0101tri un ir gatavs t\u016bl\u012bt\u0113jai uzkl\u0101\u0161anai, \u013caujot j\u016bsu projektam norit\u0113t bez p\u0101rtraukumiem.<\/p>\n<p><strong><img decoding=\"async\" style=\"margin-right: 12px;\" src=\"https:\/\/www.ferberpainting.com\/wp-content\/uploads\/2026\/02\/Check.svg\" alt=\"\" width=\"18\" height=\"15\" \/>Prec\u012bzs p\u0101rkl\u0101jums 1 kg uz 1 m\u00b2 prec\u012bzam materi\u0101la apr\u0113\u0137inam.<\/strong> M\u016bsu herm\u0113ti\u0137is ir izstr\u0101d\u0101ts konsekventai uzkl\u0101\u0161anai ar normu 1 kg uz kvadr\u0101tmetru. \u0160\u012b skaidr\u0101 p\u0101rkl\u0101juma norma \u013cauj prec\u012bzi pl\u0101not projektu un bud\u017eetu, vienlaikus nodro\u0161inot pareizu membr\u0101nas biezumu efekt\u012bvai hidroizol\u0101cijas veiktsp\u0113jai.<\/p>\n<p><strong><img decoding=\"async\" style=\"margin-right: 12px;\" src=\"https:\/\/www.ferberpainting.com\/wp-content\/uploads\/2026\/02\/Check.svg\" alt=\"\" width=\"18\" height=\"15\" \/>Elast\u012bga un plaisas necaurlaid\u012bga veiktsp\u0113ja, kas nodro\u0161ina ilglaic\u012bgu iztur\u012bbu.<\/strong> P\u0113c saciet\u0113\u0161anas membr\u0101na paliek elast\u012bga un sp\u0113j piel\u0101goties neliel\u0101m pamatnes kust\u012bb\u0101m un temperat\u016bras sv\u0101rst\u012bb\u0101m. \u0160\u012b elast\u012bba nov\u0113r\u0161 plais\u0101\u0161anu un laika gait\u0101 saglab\u0101 \u016bdensnecaurlaid\u012bbu, pat viet\u0101s ar augstu mitruma l\u012bmeni vai lielu satiksmes intensit\u0101ti.<\/p>\n<p><strong><img decoding=\"async\" style=\"margin-right: 12px;\" src=\"https:\/\/www.ferberpainting.com\/wp-content\/uploads\/2026\/02\/Check.svg\" alt=\"\" width=\"18\" height=\"15\" \/>Sp\u0113c\u012bga sa\u0137ere ar da\u017e\u0101diem substr\u0101tiem.<\/strong> Herm\u0113ti\u0137is efekt\u012bvi saist\u0101s ar betonu, cementa segumiem, apmetumu, \u0123ip\u0161kartonu un cit\u0101m virsm\u0101m uz miner\u0101lu b\u0101zes. Tas rada dro\u0161u pamatu fl\u012b\u017eu l\u012bmes uzkl\u0101\u0161anai, nodro\u0161inot optim\u0101lu turpm\u0101ko sl\u0101\u0146u sa\u0137eri.<\/p>\n<p><strong><img decoding=\"async\" style=\"margin-right: 12px;\" src=\"https:\/\/www.ferberpainting.com\/wp-content\/uploads\/2026\/02\/Check.svg\" alt=\"\" width=\"18\" height=\"15\" \/>Piem\u0113rots iek\u0161\u0113j\u0101m un \u0101r\u0113j\u0101m mitr\u0101m telp\u0101m.<\/strong> \u016adensnecaurlaid\u012bgais herm\u0113ti\u0137is ir ide\u0101li piem\u0113rots du\u0161\u0101m, vannas istab\u0101m, virtuv\u0113m, ve\u013cas mazg\u0101tav\u0101m, balkoniem un teras\u0113m. Tas nodro\u0161ina nemain\u012bgu veiktsp\u0113ju viet\u0101s, kas pak\u013cautas \u016bdens \u0161\u013cakat\u0101m, mitrumam vai tie\u0161am saskarei ar \u016bdeni, ja tiek uzkl\u0101ts saska\u0146\u0101 ar nor\u0101d\u012bjumiem.<\/p>\n<p><strong><img decoding=\"async\" style=\"margin-right: 12px;\" src=\"https:\/\/www.ferberpainting.com\/wp-content\/uploads\/2026\/02\/Check.svg\" alt=\"\" width=\"18\" height=\"15\" \/>Viegla lieto\u0161ana gan profesion\u0101\u013ciem, gan pa\u0161m\u0101ju meistariem.<\/strong> Produktu var uzkl\u0101t ar otu, rull\u012bti vai \u0161pakte\u013cl\u0101psti\u0146u, nodro\u0161inot vienm\u0113r\u012bgu un vienm\u0113r\u012bgu kl\u0101jumu. T\u0101 praktiski izmantojam\u0101 konsistence nodro\u0161ina efekt\u012bvu p\u0101rkl\u0101jumu un pareizu membr\u0101nas biezumu, t\u0101p\u0113c tas ir piem\u0113rots gan pieredz\u0113ju\u0161iem b\u016bvuz\u0146\u0113m\u0113jiem, gan m\u0101jas remont\u0113t\u0101jiem.<\/p>\n<h2><strong>Instrukcijas<\/strong><\/h2>\n<ul>\n<li>P\u0101rliecinieties, ka pamatne ir t\u012bra, sausa, stabila, bez putek\u013ciem, taukiem, va\u013c\u0113j\u0101m da\u013ci\u0146\u0101m vai citiem materi\u0101liem, kas var\u0113tu ietekm\u0113t sa\u0137eri.<\/li>\n<li>Pirms \u016bdensnecaurlaid\u012bg\u0101 herm\u0113ti\u0137a uzkl\u0101\u0161anas salabojiet plaisas vai virsmas defektus, lai izveidotu stabilu un vienm\u0113r\u012bgu pamatni.<\/li>\n<li>Pirms lieto\u0161anas produktu r\u016bp\u012bgi samaisiet, lai nodro\u0161in\u0101tu viendab\u012bgu konsistenci.<\/li>\n<li>Ar otu, rull\u012bti vai \u0161pakte\u013cl\u0101psti\u0146u vienm\u0113r\u012bgi uzkl\u0101jiet pirmo k\u0101rtu, nodro\u0161inot piln\u012bgu virsmas p\u0101rkl\u0101jumu bez spraug\u0101m.<\/li>\n<li>Ieteicam\u0101 deva ir 1 kg uz kvadr\u0101tmetru, lai sasniegtu nepiecie\u0161amo membr\u0101nas biezumu efekt\u012bvai hidroizol\u0101cijai.<\/li>\n<li>\u012apa\u0161u uzman\u012bbu piev\u0113rsiet st\u016briem, \u0161uv\u0113m, cauru\u013cu caurvij\u0101m un p\u0101rej\u0101m starp sien\u0101m un gr\u012bd\u0101m. Ja nepiecie\u0161ams, \u0161aj\u0101s kritiskaj\u0101s viet\u0101s pirmaj\u0101 k\u0101rtas k\u0101rt\u0101 var iestr\u0101d\u0101t arm\u0113\u0161anas lenti.<\/li>\n<li>\u013baujiet pirmajai k\u0101rtai no\u017e\u016bt atkar\u012bb\u0101 no vides apst\u0101k\u013ciem, parasti 4 l\u012bdz 6 stundas.<\/li>\n<li>Uzkl\u0101jiet otro k\u0101rtu perpendikul\u0101ri pirmajai k\u0101rtai, lai nodro\u0161in\u0101tu piln\u012bgu un vienm\u0113r\u012bgu p\u0101rkl\u0101jumu.<\/li>\n<li>Pirms fl\u012b\u017eu l\u012bmes uzkl\u0101\u0161anas \u013caujiet p\u0113d\u0113jam sl\u0101nim piln\u012bb\u0101 saciet\u0113t, parasti 24 stundas.<\/li>\n<li>Nelietojiet fl\u012bzes, kam\u0113r \u016bdensnecaurlaid\u012bg\u0101 membr\u0101na nav piln\u012bgi sausa un nep\u0101rtraukta.<\/li>\n<li>Izvairieties no lietus vai tie\u0161as saskares ar \u016bdeni saciet\u0113\u0161anas laik\u0101.<\/li>\n<li>Instrumentus p\u0113c lieto\u0161anas nekav\u0113joties not\u012briet ar \u016bdeni.<\/li>\n<li>Uzglab\u0101t produktu cie\u0161i nosl\u0113gtu v\u0113s\u0101, saus\u0101 viet\u0101, pasarg\u0101tu no sala un tie\u0161iem saules stariem. Uzglab\u0101t b\u0113rniem nepieejam\u0101 viet\u0101 un iev\u0113rot standarta dro\u0161\u012bbas pas\u0101kumus, str\u0101d\u0101jot ar produktu un to lietojot.<\/li>\n<\/ul>","protected":false},"excerpt":{"rendered":"<p>Create a fully waterproof barrier beneath your tiles for maximum protection. Our tiling waterproof sealant is specially formulated to form a continuous, flexible, and impermeable membrane that prevents water infiltration beneath tiled surfaces. It protects substrates from moisture penetration, structural damage, mold growth, and long-term deterioration. Once applied, it creates a seamless protective layer that [&hellip;]<\/p>\n","protected":false},"featured_media":169128,"comment_status":"open","ping_status":"closed","template":"","meta":{"_uag_custom_page_level_css":"","site-sidebar-layout":"default","site-content-layout":"","ast-site-content-layout":"default","site-content-style":"default","site-sidebar-style":"default","ast-global-header-display":"","ast-banner-title-visibility":"","ast-main-header-display":"","ast-hfb-above-header-display":"","ast-hfb-below-header-display":"","ast-hfb-mobile-header-display":"","site-post-title":"","ast-breadcrumbs-content":"","ast-featured-img":"","footer-sml-layout":"","ast-disable-related-posts":"","theme-transparent-header-meta":"default","adv-header-id-meta":"","stick-header-meta":"","header-above-stick-meta":"","header-main-stick-meta":"","header-below-stick-meta":"","astra-migrate-meta-layouts":"set","ast-page-background-enabled":"default","ast-page-background-meta":{"desktop":{"background-color":"var(--ast-global-color-4)","background-image":"","background-repeat":"repeat","background-position":"center center","background-size":"auto","background-attachment":"scroll","background-type":"","background-media":"","overlay-type":"","overlay-color":"","overlay-opacity":"","overlay-gradient":""},"tablet":{"background-color":"","background-image":"","background-repeat":"repeat","background-position":"center center","background-size":"auto","background-attachment":"scroll","background-type":"","background-media":"","overlay-type":"","overlay-color":"","overlay-opacity":"","overlay-gradient":""},"mobile":{"background-color":"","background-image":"","background-repeat":"repeat","background-position":"center center","background-size":"auto","background-attachment":"scroll","background-type":"","background-media":"","overlay-type":"","overlay-color":"","overlay-opacity":"","overlay-gradient":""}},"ast-content-background-meta":{"desktop":{"background-color":"var(--ast-global-color-5)","background-image":"","background-repeat":"repeat","background-position":"center center","background-size":"auto","background-attachment":"scroll","background-type":"","background-media":"","overlay-type":"","overlay-color":"","overlay-opacity":"","overlay-gradient":""},"tablet":{"background-color":"var(--ast-global-color-5)","background-image":"","background-repeat":"repeat","background-position":"center center","background-size":"auto","background-attachment":"scroll","background-type":"","background-media":"","overlay-type":"","overlay-color":"","overlay-opacity":"","overlay-gradient":""},"mobile":{"background-color":"var(--ast-global-color-5)","background-image":"","background-repeat":"repeat","background-position":"center center","background-size":"auto","background-attachment":"scroll","background-type":"","background-media":"","overlay-type":"","overlay-color":"","overlay-opacity":"","overlay-gradient":""}}},"product_brand":[],"product_cat":[192],"product_tag":[],"class_list":{"0":"post-25582","1":"product","2":"type-product","3":"status-publish","4":"has-post-thumbnail","6":"product_cat-waterproof-sealant","7":"desktop-align-left","8":"tablet-align-left","9":"mobile-align-left","11":"first","12":"instock","13":"sale","14":"shipping-taxable","15":"purchasable","16":"product-type-variable","17":"has-default-attributes"},"spectra_custom_meta":{"_visibility":["visible"],"_shopify_product_id":["7942301384949"],"_s2w_shopify_domain":["ferberpainting.myshopify.com"],"_shopify_variant_id":["43481229951221"],"_sku":["FPTILINGWATERPROOFSEALANT"],"_manage_stock":["no"],"total_sales":["9"],"_tax_status":["taxable"],"_tax_class":[""],"_backorders":["no"],"_sold_individually":["no"],"_virtual":["no"],"_downloadable":["no"],"_download_limit":["-1"],"_download_expiry":["-1"],"_stock":[null],"_stock_status":["instock"],"_wc_average_rating":["4.87"],"_wc_review_count":["77"],"_product_attributes":["a:1:{s:6:\"volume\";a:6:{s:4:\"name\";s:6:\"Volume\";s:5:\"value\";s:13:\"10 kg | 40 kg\";s:8:\"position\";i:1;s:10:\"is_visible\";i:0;s:12:\"is_variation\";i:1;s:11:\"is_taxonomy\";i:0;}}"],"_product_version":["10.5.2"],"_thumbnail_id":["169128"],"wpse_downloadable_file_names":[""],"wpse_downloadable_file_urls":[""],"_edit_last":["1"],"_wc_rating_count":["a:3:{i:3;i:1;i:4;i:8;i:5;i:68;}"],"_edit_lock":["1771952610:1"],"merchant-center-availability":["yes"],"merchant-center-id":["TWS"],"merchant-center-category":["503744"],"_wp_page_template":["default"],"site-sidebar-layout":["default"],"ast-site-content-layout":["default"],"site-content-style":["default"],"site-sidebar-style":["default"],"theme-transparent-header-meta":["default"],"_default_attributes":["a:1:{s:6:\"volume\";s:5:\"10 kg\";}"],"_product_image_gallery":["169129"],"_price":["49.90","129.90"],"astra-migrate-meta-layouts":["set"],"_uag_css_file_name":["uag-css-25582.css"],"_elementor_page_assets":["a:0:{}"],"_uag_page_assets":["a:9:{s:3:\"css\";s:7133:\".uag-blocks-common-selector{z-index:var(--z-index-desktop) !important}@media(max-width: 976px){.uag-blocks-common-selector{z-index:var(--z-index-tablet) !important}}@media(max-width: 767px){.uag-blocks-common-selector{z-index:var(--z-index-mobile) !important}}.wp-block-uagb-image{display:flex}.wp-block-uagb-image__figure{position:relative;display:flex;flex-direction:column;max-width:100%;height:auto;margin:0}.wp-block-uagb-image__figure img{height:auto;display:flex;max-width:100%;transition:box-shadow .2s ease}.wp-block-uagb-image__figure>a{display:inline-block}.wp-block-uagb-image__figure figcaption{text-align:center;margin-top:.5em;margin-bottom:1em}.wp-block-uagb-image .components-placeholder.block-editor-media-placeholder .components-placeholder__instructions{align-self:center}.wp-block-uagb-image--align-left{text-align:left}.wp-block-uagb-image--align-right{text-align:right}.wp-block-uagb-image--align-center{text-align:center}.wp-block-uagb-image--align-full .wp-block-uagb-image__figure{margin-left:calc(50% - 50vw);margin-right:calc(50% - 50vw);max-width:100vw;width:100vw;height:auto}.wp-block-uagb-image--align-full .wp-block-uagb-image__figure img{height:auto;width:100% !important}.wp-block-uagb-image--align-wide .wp-block-uagb-image__figure img{height:auto;width:100%}.wp-block-uagb-image--layout-overlay__color-wrapper{position:absolute;left:0;top:0;right:0;bottom:0;opacity:.2;background:rgba(0,0,0,.5);transition:opacity .35s ease-in-out}.wp-block-uagb-image--layout-overlay-link{position:absolute;left:0;right:0;bottom:0;top:0}.wp-block-uagb-image--layout-overlay .wp-block-uagb-image__figure:hover .wp-block-uagb-image--layout-overlay__color-wrapper{opacity:1}.wp-block-uagb-image--layout-overlay__inner{position:absolute;left:15px;right:15px;bottom:15px;top:15px;display:flex;align-items:center;justify-content:center;flex-direction:column;border-color:#fff;transition:.35s ease-in-out}.wp-block-uagb-image--layout-overlay__inner.top-left,.wp-block-uagb-image--layout-overlay__inner.top-center,.wp-block-uagb-image--layout-overlay__inner.top-right{justify-content:flex-start}.wp-block-uagb-image--layout-overlay__inner.bottom-left,.wp-block-uagb-image--layout-overlay__inner.bottom-center,.wp-block-uagb-image--layout-overlay__inner.bottom-right{justify-content:flex-end}.wp-block-uagb-image--layout-overlay__inner.top-left,.wp-block-uagb-image--layout-overlay__inner.center-left,.wp-block-uagb-image--layout-overlay__inner.bottom-left{align-items:flex-start}.wp-block-uagb-image--layout-overlay__inner.top-right,.wp-block-uagb-image--layout-overlay__inner.center-right,.wp-block-uagb-image--layout-overlay__inner.bottom-right{align-items:flex-end}.wp-block-uagb-image--layout-overlay__inner .uagb-image-heading{color:#fff;transition:transform .35s,opacity .35s ease-in-out;transform:translate3d(0, 24px, 0);margin:0;line-height:1em}.wp-block-uagb-image--layout-overlay__inner .uagb-image-separator{width:30%;border-top-width:2px;border-top-color:#fff;border-top-style:solid;margin-bottom:10px;opacity:0;transition:transform .4s,opacity .4s ease-in-out;transform:translate3d(0, 30px, 0)}.wp-block-uagb-image--layout-overlay__inner .uagb-image-caption{opacity:0;overflow:visible;color:#fff;transition:transform .45s,opacity .45s ease-in-out;transform:translate3d(0, 35px, 0)}.wp-block-uagb-image--layout-overlay__inner:hover .uagb-image-heading,.wp-block-uagb-image--layout-overlay__inner:hover .uagb-image-separator,.wp-block-uagb-image--layout-overlay__inner:hover .uagb-image-caption{opacity:1;transform:translate3d(0, 0, 0)}.wp-block-uagb-image--effect-zoomin .wp-block-uagb-image__figure img,.wp-block-uagb-image--effect-zoomin .wp-block-uagb-image__figure .wp-block-uagb-image--layout-overlay__color-wrapper{transform:scale(1);transition:transform .35s ease-in-out}.wp-block-uagb-image--effect-zoomin .wp-block-uagb-image__figure:hover img,.wp-block-uagb-image--effect-zoomin .wp-block-uagb-image__figure:hover .wp-block-uagb-image--layout-overlay__color-wrapper{transform:scale(1.05)}.wp-block-uagb-image--effect-slide .wp-block-uagb-image__figure img,.wp-block-uagb-image--effect-slide .wp-block-uagb-image__figure .wp-block-uagb-image--layout-overlay__color-wrapper{width:calc(100% + 40px) !important;max-width:none !important;transform:translate3d(-40px, 0, 0);transition:transform .35s ease-in-out}.wp-block-uagb-image--effect-slide .wp-block-uagb-image__figure:hover img,.wp-block-uagb-image--effect-slide .wp-block-uagb-image__figure:hover .wp-block-uagb-image--layout-overlay__color-wrapper{transform:translate3d(0, 0, 0)}.wp-block-uagb-image--effect-grayscale img{filter:grayscale(0%);transition:.35s ease-in-out}.wp-block-uagb-image--effect-grayscale:hover img{filter:grayscale(100%)}.wp-block-uagb-image--effect-blur img{filter:blur(0);transition:.35s ease-in-out}.wp-block-uagb-image--effect-blur:hover img{filter:blur(3px)}.uagb-block-e6f939b3.wp-block-uagb-image--layout-default figure img{box-shadow: 0px 0px 0 #00000070;}.uagb-block-e6f939b3.wp-block-uagb-image .wp-block-uagb-image__figure figcaption{font-style: normal;align-self: center;}.uagb-block-e6f939b3.wp-block-uagb-image--layout-overlay figure img{box-shadow: 0px 0px 0 #00000070;}.uagb-block-e6f939b3.wp-block-uagb-image--layout-overlay .wp-block-uagb-image--layout-overlay__color-wrapper{opacity: 0.2;}.uagb-block-e6f939b3.wp-block-uagb-image--layout-overlay .wp-block-uagb-image--layout-overlay__inner{left: 15px;right: 15px;top: 15px;bottom: 15px;}.uagb-block-e6f939b3.wp-block-uagb-image--layout-overlay .wp-block-uagb-image--layout-overlay__inner .uagb-image-heading{font-style: normal;color: #fff;opacity: 1;}.uagb-block-e6f939b3.wp-block-uagb-image--layout-overlay .wp-block-uagb-image--layout-overlay__inner .uagb-image-heading a{color: #fff;}.uagb-block-e6f939b3.wp-block-uagb-image--layout-overlay .wp-block-uagb-image--layout-overlay__inner .uagb-image-caption{opacity: 0;}.uagb-block-e6f939b3.wp-block-uagb-image--layout-overlay .wp-block-uagb-image__figure:hover .wp-block-uagb-image--layout-overlay__color-wrapper{opacity: 1;}.uagb-block-e6f939b3.wp-block-uagb-image .wp-block-uagb-image--layout-overlay__inner .uagb-image-separator{width: 30%;border-top-width: 2px;border-top-color: #fff;opacity: 0;}.uagb-block-e6f939b3.wp-block-uagb-image .wp-block-uagb-image__figure img{width: px;height: auto;}.uagb-block-e6f939b3.wp-block-uagb-image .wp-block-uagb-image__figure:hover .wp-block-uagb-image--layout-overlay__inner .uagb-image-caption{opacity: 1;}.uagb-block-e6f939b3.wp-block-uagb-image .wp-block-uagb-image__figure:hover .wp-block-uagb-image--layout-overlay__inner .uagb-image-separator{opacity: 1;}.uagb-block-e6f939b3.wp-block-uagb-image--layout-default figure:hover img{box-shadow: 0px 0px 0 #00000070;}.uagb-block-e6f939b3.wp-block-uagb-image--layout-overlay figure:hover img{box-shadow: 0px 0px 0 #00000070;}@media only screen and (max-width: 976px) {.uagb-block-e6f939b3.wp-block-uagb-image .wp-block-uagb-image__figure img{width: px;height: auto;}}@media only screen and (max-width: 767px) {.uagb-block-e6f939b3.wp-block-uagb-image .wp-block-uagb-image__figure img{width: px;height: auto;}}\";s:2:\"js\";s:0:\"\";s:18:\"current_block_list\";a:13:{i:0;s:11:\"core\/search\";i:1;s:10:\"core\/group\";i:2;s:12:\"core\/heading\";i:3;s:17:\"core\/latest-posts\";i:4;s:20:\"core\/latest-comments\";i:5;s:13:\"core\/archives\";i:6;s:15:\"core\/categories\";i:7;s:14:\"core\/paragraph\";i:8;s:10:\"uagb\/image\";i:9;s:11:\"core\/spacer\";i:10;s:30:\"woocommerce\/product-categories\";i:11;s:10:\"core\/image\";i:12;s:14:\"core\/shortcode\";}s:8:\"uag_flag\";b:1;s:11:\"uag_version\";s:10:\"1777037231\";s:6:\"gfonts\";a:0:{}s:10:\"gfonts_url\";s:0:\"\";s:12:\"gfonts_files\";a:0:{}s:14:\"uag_faq_layout\";b:0;}"]},"uagb_featured_image_src":{"full":["https:\/\/www.ferberpainting.com\/wp-content\/uploads\/2025\/05\/Tiling-Waterproof-Sealant-10-KG-mockups.png",2560,2560,false],"thumbnail":["https:\/\/www.ferberpainting.com\/wp-content\/uploads\/2025\/05\/Tiling-Waterproof-Sealant-10-KG-mockups-150x150.png",150,150,true],"medium":["https:\/\/www.ferberpainting.com\/wp-content\/uploads\/2025\/05\/Tiling-Waterproof-Sealant-10-KG-mockups-300x300.png",300,300,true],"medium_large":["https:\/\/www.ferberpainting.com\/wp-content\/uploads\/2025\/05\/Tiling-Waterproof-Sealant-10-KG-mockups-768x768.png",768,768,true],"large":["https:\/\/www.ferberpainting.com\/wp-content\/uploads\/2025\/05\/Tiling-Waterproof-Sealant-10-KG-mockups-1024x1024.png",1024,1024,true],"1536x1536":["https:\/\/www.ferberpainting.com\/wp-content\/uploads\/2025\/05\/Tiling-Waterproof-Sealant-10-KG-mockups-1536x1536.png",1536,1536,true],"2048x2048":["https:\/\/www.ferberpainting.com\/wp-content\/uploads\/2025\/05\/Tiling-Waterproof-Sealant-10-KG-mockups-2048x2048.png",2048,2048,true],"trp-custom-language-flag":["https:\/\/www.ferberpainting.com\/wp-content\/uploads\/2025\/05\/Tiling-Waterproof-Sealant-10-KG-mockups-12x12.png",12,12,true],"woocommerce_thumbnail":["https:\/\/www.ferberpainting.com\/wp-content\/uploads\/2025\/05\/Tiling-Waterproof-Sealant-10-KG-mockups-300x300.png",300,300,true],"woocommerce_single":["https:\/\/www.ferberpainting.com\/wp-content\/uploads\/2025\/05\/Tiling-Waterproof-Sealant-10-KG-mockups-600x600.png",600,600,true],"woocommerce_gallery_thumbnail":["https:\/\/www.ferberpainting.com\/wp-content\/uploads\/2025\/05\/Tiling-Waterproof-Sealant-10-KG-mockups-100x100.png",100,100,true]},"uagb_author_info":{"display_name":"admin","author_link":"https:\/\/www.ferberpainting.com\/lv\/author\/"},"uagb_comment_info":77,"uagb_excerpt":"Create a fully waterproof barrier beneath your tiles for maximum protection. Our tiling waterproof sealant is specially formulated to form a continuous, flexible, and impermeable membrane that prevents water infiltration beneath tiled surfaces. It protects substrates from moisture penetration, structural damage, mold growth, and long-term deterioration. Once applied, it creates a seamless protective layer that&hellip;","_links":{"self":[{"href":"https:\/\/www.ferberpainting.com\/lv\/wp-json\/wp\/v2\/product\/25582","targetHints":{"allow":["GET"]}}],"collection":[{"href":"https:\/\/www.ferberpainting.com\/lv\/wp-json\/wp\/v2\/product"}],"about":[{"href":"https:\/\/www.ferberpainting.com\/lv\/wp-json\/wp\/v2\/types\/product"}],"replies":[{"embeddable":true,"href":"https:\/\/www.ferberpainting.com\/lv\/wp-json\/wp\/v2\/comments?post=25582"}],"version-history":[{"count":3,"href":"https:\/\/www.ferberpainting.com\/lv\/wp-json\/wp\/v2\/product\/25582\/revisions"}],"predecessor-version":[{"id":167433,"href":"https:\/\/www.ferberpainting.com\/lv\/wp-json\/wp\/v2\/product\/25582\/revisions\/167433"}],"wp:featuredmedia":[{"embeddable":true,"href":"https:\/\/www.ferberpainting.com\/lv\/wp-json\/wp\/v2\/media\/169128"}],"wp:attachment":[{"href":"https:\/\/www.ferberpainting.com\/lv\/wp-json\/wp\/v2\/media?parent=25582"}],"wp:term":[{"taxonomy":"product_brand","embeddable":true,"href":"https:\/\/www.ferberpainting.com\/lv\/wp-json\/wp\/v2\/product_brand?post=25582"},{"taxonomy":"product_cat","embeddable":true,"href":"https:\/\/www.ferberpainting.com\/lv\/wp-json\/wp\/v2\/product_cat?post=25582"},{"taxonomy":"product_tag","embeddable":true,"href":"https:\/\/www.ferberpainting.com\/lv\/wp-json\/wp\/v2\/product_tag?post=25582"}],"curies":[{"name":"wp","href":"https:\/\/api.w.org\/{rel}","templated":true}]}}