{"id":25579,"date":"2025-05-26T10:32:24","date_gmt":"2025-05-26T08:32:24","guid":{"rendered":"https:\/\/www.ferberpainting.com\/products\/tiling-glue\/"},"modified":"2026-02-19T07:18:33","modified_gmt":"2026-02-19T06:18:33","slug":"tiling-glue","status":"publish","type":"product","link":"https:\/\/www.ferberpainting.com\/lv\/products\/tiling-glue\/","title":{"rendered":"Fl\u012b\u017eu l\u012bme fl\u012bz\u0113\u0161anai"},"content":{"rendered":"<p><strong><img decoding=\"async\" style=\"margin-right: 12px;\" src=\"https:\/\/www.ferberpainting.com\/wp-content\/uploads\/2026\/02\/Check.svg\" alt=\"\" width=\"18\" height=\"15\" \/>Nodro\u0161ina maksim\u0101lu sa\u0137eres stipr\u012bbu ilgsto\u0161ai fl\u012b\u017eu mont\u0101\u017eai.<\/strong> M\u016bsu fl\u012b\u017eu l\u012bme ir izstr\u0101d\u0101ta t\u0101, lai nodro\u0161in\u0101tu izcilu sa\u0137eri starp fl\u012bz\u0113m un da\u017e\u0101diem pamatmateri\u0101liem, tostarp betonu, cementa segumiem, apmetumu un sagatavot\u0101m sien\u0101m un gr\u012bd\u0101m. Uzlabotais sast\u0101vs nodro\u0161ina sp\u0113c\u012bgu meh\u0101nisko un \u0137\u012bmisko saiti, kas nov\u0113r\u0161 fl\u012b\u017eu atsl\u0101b\u0161anu, nob\u012bd\u012b\u0161anu vai plais\u0101\u0161anu laika gait\u0101. Neatkar\u012bgi no t\u0101, vai tiek mont\u0113tas keramikas, porcel\u0101na vai akmens fl\u012bzes, \u0161\u012b l\u012bme nodro\u0161ina uzticamus un notur\u012bgus rezult\u0101tus gan dz\u012bvojam\u0101s, gan komerci\u0101l\u0101s telp\u0101s.<\/p>\n<p><strong><img decoding=\"async\" style=\"margin-right: 12px;\" src=\"https:\/\/www.ferberpainting.com\/wp-content\/uploads\/2026\/02\/Check.svg\" alt=\"\" width=\"18\" height=\"15\" \/>M\u0113s pied\u0101v\u0101jam naudas atmaksas garantiju piln\u012bgai p\u0101rliec\u012bbai.<\/strong> M\u0113s piln\u012bb\u0101 atbalst\u0101m m\u016bsu fl\u012bz\u0113\u0161anas l\u012bmes veiktsp\u0113ju. Ja neesat piln\u012bb\u0101 apmierin\u0101ts ar l\u012bm\u0113\u0161anas stipr\u012bbu vai kop\u0113jo rezult\u0101tu, m\u0113s atmaks\u0101sim naudu par pirkumu. \u0160\u012b naudas atmaksas garantija \u013cauj jums str\u0101d\u0101t piln\u012bgi mier\u012bgi, zinot, ka j\u016bsu ieguld\u012bjums ir dro\u0161s un j\u016bsu apmierin\u0101t\u012bba ir m\u016bsu priorit\u0101te.<\/p>\n<p><strong><img decoding=\"async\" style=\"margin-right: 12px;\" src=\"https:\/\/www.ferberpainting.com\/wp-content\/uploads\/2026\/02\/Check.svg\" alt=\"\" width=\"18\" height=\"15\" \/>Efekt\u012bv\u0101k\u0101 fl\u012b\u017eu l\u012bme tirg\u016b.<\/strong> M\u016bsu formula, kas izstr\u0101d\u0101ta ar augstas veiktsp\u0113jas saistviel\u0101m, nodro\u0161ina izcilu sa\u0137eri, elast\u012bbu un iztur\u012bbu pret meh\u0101nisko slodzi. T\u0101 sp\u0113j piel\u0101goties neliel\u0101m pamatnes kust\u012bb\u0101m un temperat\u016bras sv\u0101rst\u012bb\u0101m, neapdraudot sa\u0137eri. Sal\u012bdzinot ar standarta l\u012bm\u0113m, t\u0101 nodro\u0161ina sp\u0113c\u012bg\u0101ku s\u0101kotn\u0113jo sa\u0137eri un ilglaic\u012bgu notur\u012bbu, padarot to par visefekt\u012bv\u0101ko risin\u0101jumu profesion\u0101las kvalit\u0101tes fl\u012b\u017eu iekl\u0101\u0161anai.<\/p>\n<p><strong><img decoding=\"async\" style=\"margin-right: 12px;\" src=\"https:\/\/www.ferberpainting.com\/wp-content\/uploads\/2026\/02\/Check.svg\" alt=\"\" width=\"18\" height=\"15\" \/>L\u0113t\u0101k\u0101 profesion\u0101l\u0101s klases fl\u012bz\u0113\u0161anas l\u012bme, kas ir pieejama.<\/strong> Augstai l\u012bm\u0113\u0161anas veiktsp\u0113jai nav j\u0101b\u016bt par augstu cenu. M\u0113s pied\u0101v\u0101jam viskonkur\u0113tsp\u0113j\u012bg\u0101k\u0101s cenas, nezaud\u0113jot kvalit\u0101ti vai uzticam\u012bbu. Optimiz\u0113jot ra\u017eo\u0161anu un izplat\u012b\u0161anu, m\u0113s pied\u0101v\u0101jam augst\u0101k\u0101s kvalit\u0101tes fl\u012bz\u0113\u0161anas l\u012bmi par viszem\u0101ko cenu sal\u012bdzin\u0101jum\u0101 ar l\u012bdz\u012bgiem profesion\u0101liem produktiem, nodro\u0161inot izcilu v\u0113rt\u012bbu gan b\u016bvuz\u0146\u0113m\u0113jiem, gan m\u0101jok\u013cu \u012bpa\u0161niekiem.<\/p>\n<p><strong><img decoding=\"async\" style=\"margin-right: 12px;\" src=\"https:\/\/www.ferberpainting.com\/wp-content\/uploads\/2026\/02\/Check.svg\" alt=\"\" width=\"18\" height=\"15\" \/>Garant\u0113ta pieg\u0101de 24 stundas diennakt\u012b, lai j\u016bsu projekts netiktu kav\u0113ts.<\/strong> Fl\u012bz\u0113\u0161anas projektiem bie\u017ei vien ir stingri noteikti termi\u0146i. T\u0101p\u0113c m\u0113s pied\u0101v\u0101jam uzticamu pieg\u0101di 24 stundu laik\u0101, nodro\u0161inot, ka j\u016bsu fl\u012b\u017eu l\u012bme tiek pieg\u0101d\u0101ta \u0101tri un ir gatava t\u016bl\u012bt\u0113jai lieto\u0161anai. \u0100tra pieg\u0101de pal\u012bdz jums izvair\u012bties no d\u0101rgiem kav\u0113jumiem un uztur\u0113t efekt\u012bvu darba procesu b\u016bvlaukum\u0101.<\/p>\n<p><strong><img decoding=\"async\" style=\"margin-right: 12px;\" src=\"https:\/\/www.ferberpainting.com\/wp-content\/uploads\/2026\/02\/Check.svg\" alt=\"\" width=\"18\" height=\"15\" \/>Prec\u012bzs p\u0101rkl\u0101jums 1 m\u00b2 uz litru prec\u012bzai pl\u0101no\u0161anai.<\/strong> Viens litrs sagatavot\u0101s l\u012bmes sedz aptuveni 1 kvadr\u0101tmetru, atkar\u012bb\u0101 no fl\u012b\u017eu izm\u0113ra, pamatnes st\u0101vok\u013ca un uzkl\u0101\u0161anas biezuma. \u0160is paredzamais p\u0101rkl\u0101juma l\u012bmenis \u013cauj prec\u012bzi apr\u0113\u0137in\u0101t materi\u0101lu vajadz\u012bbas un efekt\u012bvi p\u0101rvald\u012bt projekta izmaksas, vienlaikus nodro\u0161inot nemain\u012bgu l\u012bm\u0113\u0161anas veiktsp\u0113ju.<\/p>\n<p><strong><img decoding=\"async\" style=\"margin-right: 12px;\" src=\"https:\/\/www.ferberpainting.com\/wp-content\/uploads\/2026\/02\/Check.svg\" alt=\"\" width=\"18\" height=\"15\" \/>Elast\u012bga un iztur\u012bga pret plais\u0101m.<\/strong> M\u016bsu fl\u012b\u017eu l\u012bme ir izstr\u0101d\u0101ta t\u0101, lai absorb\u0113tu nelielas vibr\u0101cijas un konstrukcijas kust\u012bbas, nezaud\u0113jot sa\u0137eri. \u0160\u012b elast\u012bba samazina fl\u012b\u017eu plais\u0101\u0161anas vai atdal\u012b\u0161an\u0101s risku laika gait\u0101, jo \u012bpa\u0161i viet\u0101s ar lielu satiksmes intensit\u0101ti vai vid\u0113, kur ir temperat\u016bras sv\u0101rst\u012bbas.<\/p>\n<p><strong><img decoding=\"async\" style=\"margin-right: 12px;\" src=\"https:\/\/www.ferberpainting.com\/wp-content\/uploads\/2026\/02\/Check.svg\" alt=\"\" width=\"18\" height=\"15\" \/>Piem\u0113rots sien\u0101m un gr\u012bd\u0101m iek\u0161pus\u0113 un \u0101rpus\u0113.<\/strong> L\u012bmi var izmantot vertik\u0101lai un horizont\u0101lai mont\u0101\u017eai, t\u0101p\u0113c t\u0101 ir univers\u0101la vannas istab\u0101m, virtuv\u0113m, teras\u0113m un komerci\u0101l\u0101m telp\u0101m. L\u012bme nodro\u0161ina stabilu darb\u012bbu gan saus\u0101, gan m\u0113reni mitr\u0101 vid\u0113, ja to uzkl\u0101j saska\u0146\u0101 ar instrukcij\u0101m.<\/p>\n<p><strong><img decoding=\"async\" style=\"margin-right: 12px;\" src=\"https:\/\/www.ferberpainting.com\/wp-content\/uploads\/2026\/02\/Check.svg\" alt=\"\" width=\"18\" height=\"15\" \/>Viegla sajauk\u0161ana un vienm\u0113r\u012bga uzkl\u0101\u0161ana.<\/strong> Pulvera formula ir izstr\u0101d\u0101ta vieglai pagatavo\u0161anai, un, sajaucot ar \u016bdeni, t\u0101 veido gludu, viegli apstr\u0101d\u0101jamu pastu. T\u0101 vienm\u0113r\u012bgi izkl\u0101jas ar zobainu \u0161pakte\u013cl\u0101psti\u0146u, nodro\u0161inot vienm\u0113r\u012bgu l\u012bmes biezumu un optim\u0101lu fl\u012b\u017eu novietojumu.<\/p>\n<p><strong><img decoding=\"async\" style=\"margin-right: 12px;\" src=\"https:\/\/www.ferberpainting.com\/wp-content\/uploads\/2026\/02\/Check.svg\" alt=\"\" width=\"18\" height=\"15\" \/>Nodro\u0161ina dro\u0161u fl\u012b\u017eu novietojumu un darba laiku.<\/strong> L\u012bme nodro\u0161ina pietiekamu atv\u0113r\u0161anas laiku, lai pirms nostiprin\u0101\u0161anas piel\u0101gotu fl\u012b\u017eu izl\u012bdzin\u0101\u0161anu, t\u0101d\u0113j\u0101di nodro\u0161inot precizit\u0101ti uzst\u0101d\u012b\u0161anas laik\u0101. P\u0113c saciet\u0113\u0161anas tas veido stabilu, iztur\u012bgu saiti, kas nodro\u0161ina ilgtermi\u0146a struktur\u0101lo stabilit\u0101ti.<\/p>\n<h2><strong>Instrukcijas<\/strong><\/h2>\n<ul>\n<li>P\u0101rliecinieties, ka pamatne ir t\u012bra, sausa, stabila, bez putek\u013ciem, taukiem, va\u013c\u012bg\u0101m da\u013ci\u0146\u0101m vai iepriek\u0161\u0113jiem nestabiliem p\u0101rkl\u0101jumiem.<\/li>\n<li>Sagatavojiet l\u012bmi, at\u0161\u0137aidot pulveri ar 30% \u016bdeni p\u0113c svara. Piem\u0113ram, uz 1 kg pulvera pievieno 0,3 litrus t\u012bra \u016bdens.<\/li>\n<li>Vispirms t\u012br\u0101 mais\u012b\u0161anas trauk\u0101 ielejiet nom\u0113r\u012bto \u016bdeni, p\u0113c tam, nep\u0101rtraukti maisot, pak\u0101peniski pievienojiet pulveri.<\/li>\n<li>Maisiet, izmantojot meh\u0101nisko mais\u012bt\u0101ju ar nelielu \u0101trumu, l\u012bdz tiek ieg\u016bta gluda masa bez gabali\u0146iem.<\/li>\n<li>\u013baujiet mais\u012bjumam aptuveni 5 min\u016btes atp\u016bsties, p\u0113c tam pirms uzkl\u0101\u0161anas v\u0113lreiz \u012bsi samaisiet.<\/li>\n<li>Sagatavoto l\u012bmi vienm\u0113r\u012bgi uzkl\u0101jiet uz pamatnes, izmantojot \u0161pakte\u013cl\u0101psti\u0146u, izv\u0113loties atbilsto\u0161u iegriezuma izm\u0113ru, \u0146emot v\u0113r\u0101 fl\u012b\u017eu izm\u0113rus.<\/li>\n<li>Ieteicam\u0101 deva ir aptuveni 1 litrs sagatavot\u0101s l\u012bmes uz kvadr\u0101tmetru, atkar\u012bb\u0101 no pamatnes l\u012bdzenuma un fl\u012b\u017eu izm\u0113ra.<\/li>\n<li>Uzkl\u0101jiet tikai tik daudz l\u012bmes, cik var nokl\u0101t ar fl\u012bz\u0113m uz iepakojuma nor\u0101d\u012btaj\u0101 atv\u0113r\u0161anas laik\u0101.<\/li>\n<li>Lai nodro\u0161in\u0101tu piln\u012bgu kontaktu un nov\u0113rstu gaisa kabatas, fl\u012bzes stingri iespie\u017eiet l\u012bmi, veicot nelielas pagrieziena kust\u012bbas.<\/li>\n<li>Uzst\u0101d\u012b\u0161anas laik\u0101 p\u0101rbaudiet izl\u012bdzin\u0101\u0161anu un l\u012bmeni un veiciet korekcijas darba laik\u0101.<\/li>\n<li>Pirms \u0161uvju iestr\u0101des \u013caujiet l\u012bmi piln\u012bb\u0101 saciet\u0113t, parasti 24 stundas atkar\u012bb\u0101 no vides apst\u0101k\u013ciem.<\/li>\n<li>Izvairieties no intens\u012bvas satiksmes vai meh\u0101niskas slodzes uz fl\u012bz\u0113t\u0101s virsmas, l\u012bdz t\u0101 ir piln\u012bb\u0101 saciet\u0113jusi.<\/li>\n<li>Instrumentus p\u0113c lieto\u0161anas nekav\u0113joties not\u012briet ar \u016bdeni.<\/li>\n<li>Uzglab\u0101t pulveri saus\u0101 viet\u0101, pasarg\u0101t\u0101 no mitruma un sala, b\u0113rniem nepieejam\u0101 viet\u0101, iev\u0113rojot standarta dro\u0161\u012bbas piesardz\u012bbas pas\u0101kumus.<\/li>\n<\/ul>","protected":false},"excerpt":{"rendered":"<p>Ensure maximum bonding strength for long-lasting tile installation. Our tiling glue is formulated to provide exceptional adhesion between tiles and a wide range of substrates, including concrete, cement screeds, plaster, and prepared walls and floors. The advanced composition ensures a strong mechanical and chemical bond that prevents tiles from loosening, shifting, or cracking over time. [&hellip;]<\/p>\n","protected":false},"featured_media":169817,"comment_status":"open","ping_status":"closed","template":"","meta":{"_uag_custom_page_level_css":"","site-sidebar-layout":"default","site-content-layout":"","ast-site-content-layout":"default","site-content-style":"default","site-sidebar-style":"default","ast-global-header-display":"","ast-banner-title-visibility":"","ast-main-header-display":"","ast-hfb-above-header-display":"","ast-hfb-below-header-display":"","ast-hfb-mobile-header-display":"","site-post-title":"","ast-breadcrumbs-content":"","ast-featured-img":"","footer-sml-layout":"","ast-disable-related-posts":"","theme-transparent-header-meta":"default","adv-header-id-meta":"","stick-header-meta":"","header-above-stick-meta":"","header-main-stick-meta":"","header-below-stick-meta":"","astra-migrate-meta-layouts":"set","ast-page-background-enabled":"default","ast-page-background-meta":{"desktop":{"background-color":"var(--ast-global-color-4)","background-image":"","background-repeat":"repeat","background-position":"center center","background-size":"auto","background-attachment":"scroll","background-type":"","background-media":"","overlay-type":"","overlay-color":"","overlay-opacity":"","overlay-gradient":""},"tablet":{"background-color":"","background-image":"","background-repeat":"repeat","background-position":"center center","background-size":"auto","background-attachment":"scroll","background-type":"","background-media":"","overlay-type":"","overlay-color":"","overlay-opacity":"","overlay-gradient":""},"mobile":{"background-color":"","background-image":"","background-repeat":"repeat","background-position":"center center","background-size":"auto","background-attachment":"scroll","background-type":"","background-media":"","overlay-type":"","overlay-color":"","overlay-opacity":"","overlay-gradient":""}},"ast-content-background-meta":{"desktop":{"background-color":"var(--ast-global-color-5)","background-image":"","background-repeat":"repeat","background-position":"center center","background-size":"auto","background-attachment":"scroll","background-type":"","background-media":"","overlay-type":"","overlay-color":"","overlay-opacity":"","overlay-gradient":""},"tablet":{"background-color":"var(--ast-global-color-5)","background-image":"","background-repeat":"repeat","background-position":"center center","background-size":"auto","background-attachment":"scroll","background-type":"","background-media":"","overlay-type":"","overlay-color":"","overlay-opacity":"","overlay-gradient":""},"mobile":{"background-color":"var(--ast-global-color-5)","background-image":"","background-repeat":"repeat","background-position":"center center","background-size":"auto","background-attachment":"scroll","background-type":"","background-media":"","overlay-type":"","overlay-color":"","overlay-opacity":"","overlay-gradient":""}}},"product_brand":[],"product_cat":[176],"product_tag":[],"class_list":{"0":"post-25579","1":"product","2":"type-product","3":"status-publish","4":"has-post-thumbnail","6":"product_cat-concrete-treatment","7":"desktop-align-left","8":"tablet-align-left","9":"mobile-align-left","11":"first","12":"instock","13":"sale","14":"shipping-taxable","15":"purchasable","16":"product-type-variable","17":"has-default-attributes"},"spectra_custom_meta":{"_visibility":["visible"],"_shopify_product_id":["8137953575157"],"_s2w_shopify_domain":["ferberpainting.myshopify.com"],"_shopify_variant_id":["44054968238325"],"_manage_stock":["no"],"total_sales":["9"],"_tax_status":["taxable"],"_tax_class":[""],"_backorders":["no"],"_sold_individually":["no"],"_virtual":["no"],"_downloadable":["no"],"_download_limit":["-1"],"_download_expiry":["-1"],"_stock":[null],"_stock_status":["instock"],"_wc_average_rating":["4.98"],"_wc_review_count":["80"],"_product_attributes":["a:1:{s:5:\"volme\";a:6:{s:4:\"name\";s:5:\"Volme\";s:5:\"value\";s:20:\"5 liters | 20 liters\";s:8:\"position\";i:1;s:10:\"is_visible\";i:0;s:12:\"is_variation\";i:1;s:11:\"is_taxonomy\";i:0;}}"],"_product_version":["10.5.2"],"_thumbnail_id":["169817"],"_edit_lock":["1771481794:1"],"_default_attributes":["a:1:{s:5:\"volme\";s:8:\"5 liters\";}"],"merchant-center-availability":["yes"],"merchant-center-category":["503742"],"merchant-center-id":["CC"],"_edit_last":["1"],"_wp_page_template":["default"],"site-sidebar-layout":["default"],"ast-site-content-layout":["default"],"site-content-style":["default"],"site-sidebar-style":["default"],"theme-transparent-header-meta":["default"],"_wc_rating_count":["a:2:{i:4;i:2;i:5;i:78;}"],"_price":["29.90","89.90"],"_product_image_gallery":["169818"],"astra-migrate-meta-layouts":["set"],"_uag_css_file_name":["uag-css-25579.css"],"_elementor_page_assets":["a:0:{}"]},"uagb_featured_image_src":{"full":["https:\/\/www.ferberpainting.com\/wp-content\/uploads\/2025\/05\/Tiling-Glue-5L-Mockups.png",2560,2560,false],"thumbnail":["https:\/\/www.ferberpainting.com\/wp-content\/uploads\/2025\/05\/Tiling-Glue-5L-Mockups-150x150.png",150,150,true],"medium":["https:\/\/www.ferberpainting.com\/wp-content\/uploads\/2025\/05\/Tiling-Glue-5L-Mockups-300x300.png",300,300,true],"medium_large":["https:\/\/www.ferberpainting.com\/wp-content\/uploads\/2025\/05\/Tiling-Glue-5L-Mockups-768x768.png",768,768,true],"large":["https:\/\/www.ferberpainting.com\/wp-content\/uploads\/2025\/05\/Tiling-Glue-5L-Mockups-1024x1024.png",1024,1024,true],"1536x1536":["https:\/\/www.ferberpainting.com\/wp-content\/uploads\/2025\/05\/Tiling-Glue-5L-Mockups-1536x1536.png",1536,1536,true],"2048x2048":["https:\/\/www.ferberpainting.com\/wp-content\/uploads\/2025\/05\/Tiling-Glue-5L-Mockups-2048x2048.png",2048,2048,true],"trp-custom-language-flag":["https:\/\/www.ferberpainting.com\/wp-content\/uploads\/2025\/05\/Tiling-Glue-5L-Mockups-12x12.png",12,12,true],"woocommerce_thumbnail":["https:\/\/www.ferberpainting.com\/wp-content\/uploads\/2025\/05\/Tiling-Glue-5L-Mockups-300x300.png",300,300,true],"woocommerce_single":["https:\/\/www.ferberpainting.com\/wp-content\/uploads\/2025\/05\/Tiling-Glue-5L-Mockups-600x600.png",600,600,true],"woocommerce_gallery_thumbnail":["https:\/\/www.ferberpainting.com\/wp-content\/uploads\/2025\/05\/Tiling-Glue-5L-Mockups-100x100.png",100,100,true]},"uagb_author_info":{"display_name":"admin","author_link":"https:\/\/www.ferberpainting.com\/lv\/author\/"},"uagb_comment_info":80,"uagb_excerpt":"Ensure maximum bonding strength for long-lasting tile installation. Our tiling glue is formulated to provide exceptional adhesion between tiles and a wide range of substrates, including concrete, cement screeds, plaster, and prepared walls and floors. The advanced composition ensures a strong mechanical and chemical bond that prevents tiles from loosening, shifting, or cracking over time.&hellip;","_links":{"self":[{"href":"https:\/\/www.ferberpainting.com\/lv\/wp-json\/wp\/v2\/product\/25579","targetHints":{"allow":["GET"]}}],"collection":[{"href":"https:\/\/www.ferberpainting.com\/lv\/wp-json\/wp\/v2\/product"}],"about":[{"href":"https:\/\/www.ferberpainting.com\/lv\/wp-json\/wp\/v2\/types\/product"}],"replies":[{"embeddable":true,"href":"https:\/\/www.ferberpainting.com\/lv\/wp-json\/wp\/v2\/comments?post=25579"}],"version-history":[{"count":3,"href":"https:\/\/www.ferberpainting.com\/lv\/wp-json\/wp\/v2\/product\/25579\/revisions"}],"predecessor-version":[{"id":167430,"href":"https:\/\/www.ferberpainting.com\/lv\/wp-json\/wp\/v2\/product\/25579\/revisions\/167430"}],"wp:featuredmedia":[{"embeddable":true,"href":"https:\/\/www.ferberpainting.com\/lv\/wp-json\/wp\/v2\/media\/169817"}],"wp:attachment":[{"href":"https:\/\/www.ferberpainting.com\/lv\/wp-json\/wp\/v2\/media?parent=25579"}],"wp:term":[{"taxonomy":"product_brand","embeddable":true,"href":"https:\/\/www.ferberpainting.com\/lv\/wp-json\/wp\/v2\/product_brand?post=25579"},{"taxonomy":"product_cat","embeddable":true,"href":"https:\/\/www.ferberpainting.com\/lv\/wp-json\/wp\/v2\/product_cat?post=25579"},{"taxonomy":"product_tag","embeddable":true,"href":"https:\/\/www.ferberpainting.com\/lv\/wp-json\/wp\/v2\/product_tag?post=25579"}],"curies":[{"name":"wp","href":"https:\/\/api.w.org\/{rel}","templated":true}]}}