{"id":25572,"date":"2025-05-26T10:32:23","date_gmt":"2025-05-26T08:32:23","guid":{"rendered":"https:\/\/www.ferberpainting.com\/products\/tile-varnish\/"},"modified":"2026-02-16T12:46:23","modified_gmt":"2026-02-16T11:46:23","slug":"tile-varnish","status":"publish","type":"product","link":"https:\/\/www.ferberpainting.com\/lv\/products\/tile-varnish\/","title":{"rendered":"Fl\u012b\u017eu laka"},"content":{"rendered":"<p><strong><img decoding=\"async\" style=\"margin-right: 12px;\" src=\"https:\/\/www.ferberpainting.com\/wp-content\/uploads\/2026\/02\/Check.svg\" alt=\"\" width=\"18\" height=\"15\" \/>Iztur\u012bga fl\u012b\u017eu aizsardz\u012bba un izrot\u0101\u0161ana.<\/strong>\u00a0\u0160\u012b fl\u012b\u017eu laka ir \u012bpa\u0161i izstr\u0101d\u0101ta fl\u012b\u017eu virsmu aizsardz\u012bbai un uzlabo\u0161anai, nodro\u0161inot liel\u0101ku iztur\u012bbu pret \u0101r\u0113jiem faktoriem. T\u0101 veido neredzamu aizsargpl\u0113vi, kas saglab\u0101 fl\u012b\u017eu sp\u012bdumu, samazina nodilumu un atvieglo apkopi, t\u0101d\u0113j\u0101di nodro\u0161inot nevainojamu un notur\u012bgu apdari.<\/p>\n<p><strong><img decoding=\"async\" style=\"margin-right: 12px;\" src=\"https:\/\/www.ferberpainting.com\/wp-content\/uploads\/2026\/02\/Check.svg\" alt=\"\" width=\"18\" height=\"15\" \/>Naudas atmaksas garantija.<\/strong>\u00a0M\u0113s esam piln\u012bgi p\u0101rliecin\u0101ti par m\u016bsu fl\u012b\u017eu lakas efektivit\u0101ti. T\u0101p\u0113c m\u0113s pied\u0101v\u0101jam naudas atmaksas garantiju. Ja p\u0113c uzkl\u0101\u0161anas saska\u0146\u0101 ar m\u016bsu ieteikumiem produkts neatbild\u012bs j\u016bsu v\u0113lm\u0113m, varat piepras\u012bt atmaks\u0101t naudu bez nosac\u012bjumiem, t\u0101d\u0113j\u0101di nodro\u0161inot dro\u0161u un bezriska pirkumu.<\/p>\n<p><strong><img decoding=\"async\" style=\"margin-right: 12px;\" src=\"https:\/\/www.ferberpainting.com\/wp-content\/uploads\/2026\/02\/Check.svg\" alt=\"\" width=\"18\" height=\"15\" \/>Sader\u012bgs ar da\u017e\u0101da veida virsm\u0101m.<\/strong>\u00a0\u0160\u012b laka ir ide\u0101li piem\u0113rota visu veidu fl\u012bz\u0113m - gan porcel\u0101na keramikas, gan fajansa, gan terakotas, gan dab\u012bg\u0101 akmens, gan vaskot\u0101 betona. T\u0101 ir piem\u0113rota gan sienu virsm\u0101m, gan gr\u012bd\u0101m, darba virsm\u0101m vai aizmugur\u0113j\u0101m pl\u0101ksn\u0113m, pied\u0101v\u0101jot daudzpus\u012bgu risin\u0101jumu fl\u012b\u017eu segumu atjauno\u0161anai un aizsardz\u012bbai.<\/p>\n<p><strong><img decoding=\"async\" style=\"margin-right: 12px;\" src=\"https:\/\/www.ferberpainting.com\/wp-content\/uploads\/2026\/02\/Check.svg\" alt=\"\" width=\"18\" height=\"15\" \/>Optimiz\u0113ta ekonomisk\u0101 veiktsp\u0113ja.<\/strong>\u00a0Pateicoties augstajai koncentr\u0101cijai, 1 litrs lakas p\u0101rkl\u0101j no 8 l\u012bdz 12 m\u00b2 atkar\u012bb\u0101 no fl\u012b\u017eu porain\u012bbas un uzkl\u0101t\u0101 sl\u0101\u0146a biezuma. T\u0101s augst\u0101 p\u0101rkl\u0101juma sp\u0113ja nodro\u0161ina efekt\u012bvu aizsardz\u012bbu tikai ar vienu vai diviem p\u0101rkl\u0101jumiem, optimiz\u0113jot produkta pat\u0113ri\u0146u un samazinot ilgtermi\u0146a uztur\u0113\u0161anas izmaksas.<\/p>\n<p><strong><img decoding=\"async\" style=\"margin-right: 12px;\" src=\"https:\/\/www.ferberpainting.com\/wp-content\/uploads\/2026\/02\/Check.svg\" alt=\"\" width=\"18\" height=\"15\" \/>Dro\u0161s un netoksisks produkts.<\/strong>\u00a0\u0160\u012bs lakas sast\u0101v\u0101 nav asu \u0161\u0137\u012bdin\u0101t\u0101ju vai kait\u012bgu izgarojumu, t\u0101p\u0113c t\u0101 ir dro\u0161a lietot\u0101jam un videi draudz\u012bga. T\u0101 neizdala nepat\u012bkamu arom\u0101tu un to var lietot iek\u0161telp\u0101s bez jebk\u0101da riska vesel\u012bbai, t\u0101p\u0113c t\u0101 ir lieliski piem\u0113rota t\u0101d\u0101m dz\u012bvojam\u0101m telp\u0101m k\u0101 virtuves, vannas istabas vai tirdzniec\u012bbas telpas.<\/p>\n<p><strong><img decoding=\"async\" style=\"margin-right: 12px;\" src=\"https:\/\/www.ferberpainting.com\/wp-content\/uploads\/2026\/02\/Check.svg\" alt=\"\" width=\"18\" height=\"15\" \/>Viegla lieto\u0161ana profesion\u0101liem rezult\u0101tiem.<\/strong>\u00a0\u0160\u012b laka ir gatava lieto\u0161anai, tai nav nepiecie\u0161ama sare\u017e\u0123\u012bta sagatavo\u0161ana. To uzkl\u0101j tie\u0161i ar otu, rull\u012bti vai smidzin\u0101t\u0101ju, nodro\u0161inot vienm\u0113r\u012bgu izkliedi un \u017e\u016b\u0161anu bez sv\u012btr\u0101m. T\u0101s vienm\u0113r\u012bg\u0101 un vienm\u0113r\u012bg\u0101 uzkl\u0101\u0161ana \u013cauj sasniegt nevainojamu apdari pat ies\u0101c\u0113jiem.<\/p>\n<p><strong><img decoding=\"async\" style=\"margin-right: 12px;\" src=\"https:\/\/www.ferberpainting.com\/wp-content\/uploads\/2026\/02\/Check.svg\" alt=\"\" width=\"18\" height=\"15\" \/>Iztur\u012bba un iztur\u012bba pret ikdienas agresiju.<\/strong>\u00a0P\u0113c uzkl\u0101\u0161anas un iz\u017e\u016b\u0161anas \u0161\u012b laka aizsarg\u0101 fl\u012bzes pret triecieniem, skr\u0101p\u0113jumiem, mitrumu un traipiem, nov\u0113r\u0161ot priek\u0161laic\u012bgu noveco\u0161anos. T\u0101 ir iztur\u012bga pret sadz\u012bves l\u012bdzek\u013ciem, \u016bdens \u0161\u013cakat\u0101m un bie\u017eu k\u0101j\u0101mg\u0101j\u0113ju kust\u012bbu, nodro\u0161inot ilgsto\u0161u aizsardz\u012bbu, nemainot p\u0101rkl\u0101juma izskatu.<\/p>\n<p><strong><img decoding=\"async\" style=\"margin-right: 12px;\" src=\"https:\/\/www.ferberpainting.com\/wp-content\/uploads\/2026\/02\/Check.svg\" alt=\"\" width=\"18\" height=\"15\" \/>\u0100tra \u017e\u016b\u0161ana un t\u016bl\u012bt\u0113ja atgrie\u0161an\u0101s ekspluat\u0101cij\u0101.<\/strong>\u00a0Pateicoties t\u0101s \u0101tri \u017e\u016bsto\u0161ajai formulai, \u0161\u012b laka k\u013c\u016bst sausa uz tausti 30 l\u012bdz 60 min\u016b\u0161u laik\u0101, un ar to var str\u0101d\u0101t p\u0113c 24 stund\u0101m. T\u0101d\u0113j\u0101di t\u0101 \u013cauj \u0101tri atjaunot fl\u012b\u017eu virsmas, neaizst\u0101jot telpas uz ilgu laiku, t\u0101p\u0113c t\u0101 ir ide\u0101li piem\u0113rota \u0101trai atjauno\u0161anai un projektiem, kam nepiecie\u0161ama t\u016bl\u012bt\u0113ja apdare.<\/p>\n<h2><strong>Lieto\u0161anas protokols<\/strong><\/h2>\n<ul>\n<li><strong>Virsmas sagatavo\u0161ana <\/strong>: R\u016bp\u012bgi not\u012briet fl\u012bzes, lai no\u0146emtu putek\u013cus, net\u012brumus, taukus vai ziepju paliekas. Ja nepiecie\u0161ams, attaukojiet virsmu, izmantojot piem\u0113rotu t\u012br\u012b\u0161anas l\u012bdzekli, un pirms uzkl\u0101\u0161anas \u013caujiet tai piln\u012bb\u0101 no\u017e\u016bt.<\/li>\n<li><strong>Ieteicam\u0101s devas <\/strong>: Atkar\u012bb\u0101 no fl\u012b\u017eu porain\u012bbas un tekst\u016bras uzkl\u0101jiet aptuveni 1 litru uz 8 l\u012bdz 12 m\u00b2. Viens p\u0101rkl\u0101jums ir pietiekams fl\u012bz\u0113m, kas maz pak\u013cautas iedarb\u012bbai, bet otrs p\u0101rkl\u0101jums pastiprin\u0101s aizsardz\u012bbu intens\u012bvi izmantot\u0101m virsm\u0101m.<\/li>\n<li><strong>Lakas uzkl\u0101\u0161ana <\/strong>: Produktu uzkl\u0101jiet ar otu, \u012bsspalvainu rull\u012bti vai smidzin\u0101t\u0101ju, nodro\u0161inot, ka produkts ir labi izstiepts, lai izvair\u012btos no liekas uzkr\u0101\u0161an\u0101s un pilienu veido\u0161an\u0101s. Str\u0101d\u0101jiet pa da\u013c\u0101m, lai nodro\u0161in\u0101tu vienm\u0113r\u012bgu izkliedi.<\/li>\n<li><strong>\u017d\u0101v\u0113\u0161anas laiks <\/strong>: Pirms otr\u0101s k\u0101rtas uzkl\u0101\u0161anas, ja nepiecie\u0161ams, \u013caujiet 30 l\u012bdz 60 min\u016bt\u0113m no\u017e\u016bt. Lai nodro\u0161in\u0101tu optim\u0101lu notur\u012bbu, nogaidiet 24 stundas, pirms ats\u0101kat norm\u0101lu fl\u012bz\u0113t\u0101 laukuma lieto\u0161anu.<\/li>\n<li><strong>Uztur\u0113\u0161ana un ilgm\u016b\u017e\u012bba <\/strong>: Kad laka ir iz\u017euvusi, lai saglab\u0101tu fl\u012b\u017eu sp\u012bdumu, t\u0101s kopjiet ar maigiem m\u0101jsaimniec\u012bbas t\u012br\u012b\u0161anas l\u012bdzek\u013ciem. N\u0113s\u0101\u0161an\u0101s gad\u012bjum\u0101 lakas vienk\u0101r\u0161a atk\u0101rtota uzkl\u0101\u0161ana atjauno gan aizsardz\u012bbu, gan izskatu.<\/li>\n<li><strong>T\u012br\u012b\u0161anas r\u012bki <\/strong>: T\u016bl\u012bt p\u0113c lakas uzkl\u0101\u0161anas not\u012briet otas, rull\u012b\u0161us un smidzin\u0101t\u0101jus ar t\u012bru \u016bdeni, pirms laka no\u017e\u016bst, lai pagarin\u0101tu instrumentu kalpo\u0161anas laiku.<\/li>\n<\/ul>","protected":false},"excerpt":{"rendered":"<p>Durable protection and embellishment of tiles.\u00a0This tile varnish is specially designed to protect and enhance tiled surfaces by offering increased resistance to external aggressions. It forms an invisible protective film that preserves the shine of tiles, reduces wear, and facilitates maintenance, thus ensuring a flawless and durable finish. Money-back guarantee.\u00a0We have absolute confidence in the [&hellip;]<\/p>\n","protected":false},"featured_media":27421,"comment_status":"open","ping_status":"closed","template":"","meta":{"_uag_custom_page_level_css":"","site-sidebar-layout":"default","site-content-layout":"","ast-site-content-layout":"default","site-content-style":"default","site-sidebar-style":"default","ast-global-header-display":"","ast-banner-title-visibility":"","ast-main-header-display":"","ast-hfb-above-header-display":"","ast-hfb-below-header-display":"","ast-hfb-mobile-header-display":"","site-post-title":"","ast-breadcrumbs-content":"","ast-featured-img":"","footer-sml-layout":"","ast-disable-related-posts":"","theme-transparent-header-meta":"default","adv-header-id-meta":"","stick-header-meta":"","header-above-stick-meta":"","header-main-stick-meta":"","header-below-stick-meta":"","astra-migrate-meta-layouts":"set","ast-page-background-enabled":"default","ast-page-background-meta":{"desktop":{"background-color":"var(--ast-global-color-4)","background-image":"","background-repeat":"repeat","background-position":"center center","background-size":"auto","background-attachment":"scroll","background-type":"","background-media":"","overlay-type":"","overlay-color":"","overlay-opacity":"","overlay-gradient":""},"tablet":{"background-color":"","background-image":"","background-repeat":"repeat","background-position":"center center","background-size":"auto","background-attachment":"scroll","background-type":"","background-media":"","overlay-type":"","overlay-color":"","overlay-opacity":"","overlay-gradient":""},"mobile":{"background-color":"","background-image":"","background-repeat":"repeat","background-position":"center center","background-size":"auto","background-attachment":"scroll","background-type":"","background-media":"","overlay-type":"","overlay-color":"","overlay-opacity":"","overlay-gradient":""}},"ast-content-background-meta":{"desktop":{"background-color":"var(--ast-global-color-5)","background-image":"","background-repeat":"repeat","background-position":"center center","background-size":"auto","background-attachment":"scroll","background-type":"","background-media":"","overlay-type":"","overlay-color":"","overlay-opacity":"","overlay-gradient":""},"tablet":{"background-color":"var(--ast-global-color-5)","background-image":"","background-repeat":"repeat","background-position":"center center","background-size":"auto","background-attachment":"scroll","background-type":"","background-media":"","overlay-type":"","overlay-color":"","overlay-opacity":"","overlay-gradient":""},"mobile":{"background-color":"var(--ast-global-color-5)","background-image":"","background-repeat":"repeat","background-position":"center center","background-size":"auto","background-attachment":"scroll","background-type":"","background-media":"","overlay-type":"","overlay-color":"","overlay-opacity":"","overlay-gradient":""}}},"product_brand":[],"product_cat":[190],"product_tag":[],"class_list":{"0":"post-25572","1":"product","2":"type-product","3":"status-publish","4":"has-post-thumbnail","6":"product_cat-varnish","7":"desktop-align-left","8":"tablet-align-left","9":"mobile-align-left","11":"first","12":"instock","13":"sale","14":"shipping-taxable","15":"purchasable","16":"product-type-variable","17":"has-default-attributes"},"spectra_custom_meta":{"_visibility":["visible"],"_shopify_product_id":["9060321657077"],"_s2w_shopify_domain":["ferberpainting.myshopify.com"],"_shopify_variant_id":["46483053641973"],"_sku":[""],"_manage_stock":["no"],"total_sales":["251"],"_tax_status":["taxable"],"_tax_class":[""],"_backorders":["no"],"_sold_individually":["no"],"_virtual":["no"],"_downloadable":["no"],"_download_limit":["-1"],"_download_expiry":["-1"],"_stock":[null],"_stock_status":["instock"],"_wc_average_rating":["4.57"],"_wc_review_count":["7"],"_product_attributes":["a:1:{s:6:\"volume\";a:6:{s:4:\"name\";s:6:\"Volume\";s:5:\"value\";s:30:\"1 liter | 5 liters | 20 liters\";s:8:\"position\";i:1;s:10:\"is_visible\";i:0;s:12:\"is_variation\";i:1;s:11:\"is_taxonomy\";i:0;}}"],"_product_version":["10.5.1"],"_thumbnail_id":["27421"],"_product_image_gallery":["27422,27423"],"wpse_downloadable_file_names":[""],"wpse_downloadable_file_urls":[""],"_edit_last":["1"],"_default_attributes":["a:1:{s:6:\"volume\";s:7:\"1 liter\";}"],"_edit_lock":["1771242257:1"],"_price":["29.90","129.90","499.90"],"merchant-center-availability":["yes"],"merchant-center-category":["503738"],"_wp_page_template":["default"],"site-sidebar-layout":["default"],"ast-site-content-layout":["default"],"site-content-style":["default"],"site-sidebar-style":["default"],"theme-transparent-header-meta":["default"],"_wc_rating_count":["a:2:{i:4;i:3;i:5;i:4;}"],"astra-migrate-meta-layouts":["set"],"_uag_css_file_name":["uag-css-25572.css"],"_elementor_page_assets":["a:0:{}"],"_uag_page_assets":["a:9:{s:3:\"css\";s:6873:\".wp-block-uagb-image{display:flex}.wp-block-uagb-image__figure{position:relative;display:flex;flex-direction:column;max-width:100%;height:auto;margin:0}.wp-block-uagb-image__figure img{height:auto;display:flex;max-width:100%;transition:box-shadow .2s ease}.wp-block-uagb-image__figure>a{display:inline-block}.wp-block-uagb-image__figure figcaption{text-align:center;margin-top:.5em;margin-bottom:1em}.wp-block-uagb-image .components-placeholder.block-editor-media-placeholder .components-placeholder__instructions{align-self:center}.wp-block-uagb-image--align-left{text-align:left}.wp-block-uagb-image--align-right{text-align:right}.wp-block-uagb-image--align-center{text-align:center}.wp-block-uagb-image--align-full .wp-block-uagb-image__figure{margin-left:calc(50% - 50vw);margin-right:calc(50% - 50vw);max-width:100vw;width:100vw;height:auto}.wp-block-uagb-image--align-full .wp-block-uagb-image__figure img{height:auto;width:100% !important}.wp-block-uagb-image--align-wide .wp-block-uagb-image__figure img{height:auto;width:100%}.wp-block-uagb-image--layout-overlay__color-wrapper{position:absolute;left:0;top:0;right:0;bottom:0;opacity:.2;background:rgba(0,0,0,.5);transition:opacity .35s ease-in-out}.wp-block-uagb-image--layout-overlay-link{position:absolute;left:0;right:0;bottom:0;top:0}.wp-block-uagb-image--layout-overlay .wp-block-uagb-image__figure:hover .wp-block-uagb-image--layout-overlay__color-wrapper{opacity:1}.wp-block-uagb-image--layout-overlay__inner{position:absolute;left:15px;right:15px;bottom:15px;top:15px;display:flex;align-items:center;justify-content:center;flex-direction:column;border-color:#fff;transition:.35s ease-in-out}.wp-block-uagb-image--layout-overlay__inner.top-left,.wp-block-uagb-image--layout-overlay__inner.top-center,.wp-block-uagb-image--layout-overlay__inner.top-right{justify-content:flex-start}.wp-block-uagb-image--layout-overlay__inner.bottom-left,.wp-block-uagb-image--layout-overlay__inner.bottom-center,.wp-block-uagb-image--layout-overlay__inner.bottom-right{justify-content:flex-end}.wp-block-uagb-image--layout-overlay__inner.top-left,.wp-block-uagb-image--layout-overlay__inner.center-left,.wp-block-uagb-image--layout-overlay__inner.bottom-left{align-items:flex-start}.wp-block-uagb-image--layout-overlay__inner.top-right,.wp-block-uagb-image--layout-overlay__inner.center-right,.wp-block-uagb-image--layout-overlay__inner.bottom-right{align-items:flex-end}.wp-block-uagb-image--layout-overlay__inner .uagb-image-heading{color:#fff;transition:transform .35s,opacity .35s ease-in-out;transform:translate3d(0, 24px, 0);margin:0;line-height:1em}.wp-block-uagb-image--layout-overlay__inner .uagb-image-separator{width:30%;border-top-width:2px;border-top-color:#fff;border-top-style:solid;margin-bottom:10px;opacity:0;transition:transform .4s,opacity .4s ease-in-out;transform:translate3d(0, 30px, 0)}.wp-block-uagb-image--layout-overlay__inner .uagb-image-caption{opacity:0;overflow:visible;color:#fff;transition:transform .45s,opacity .45s ease-in-out;transform:translate3d(0, 35px, 0)}.wp-block-uagb-image--layout-overlay__inner:hover .uagb-image-heading,.wp-block-uagb-image--layout-overlay__inner:hover .uagb-image-separator,.wp-block-uagb-image--layout-overlay__inner:hover .uagb-image-caption{opacity:1;transform:translate3d(0, 0, 0)}.wp-block-uagb-image--effect-zoomin .wp-block-uagb-image__figure img,.wp-block-uagb-image--effect-zoomin .wp-block-uagb-image__figure .wp-block-uagb-image--layout-overlay__color-wrapper{transform:scale(1);transition:transform .35s ease-in-out}.wp-block-uagb-image--effect-zoomin .wp-block-uagb-image__figure:hover img,.wp-block-uagb-image--effect-zoomin .wp-block-uagb-image__figure:hover .wp-block-uagb-image--layout-overlay__color-wrapper{transform:scale(1.05)}.wp-block-uagb-image--effect-slide .wp-block-uagb-image__figure img,.wp-block-uagb-image--effect-slide .wp-block-uagb-image__figure .wp-block-uagb-image--layout-overlay__color-wrapper{width:calc(100% + 40px) !important;max-width:none !important;transform:translate3d(-40px, 0, 0);transition:transform .35s ease-in-out}.wp-block-uagb-image--effect-slide .wp-block-uagb-image__figure:hover img,.wp-block-uagb-image--effect-slide .wp-block-uagb-image__figure:hover .wp-block-uagb-image--layout-overlay__color-wrapper{transform:translate3d(0, 0, 0)}.wp-block-uagb-image--effect-grayscale img{filter:grayscale(0%);transition:.35s ease-in-out}.wp-block-uagb-image--effect-grayscale:hover img{filter:grayscale(100%)}.wp-block-uagb-image--effect-blur img{filter:blur(0);transition:.35s ease-in-out}.wp-block-uagb-image--effect-blur:hover img{filter:blur(3px)}.uagb-block-e6f939b3.wp-block-uagb-image--layout-default figure img{box-shadow: 0px 0px 0 #00000070;}.uagb-block-e6f939b3.wp-block-uagb-image .wp-block-uagb-image__figure figcaption{font-style: normal;align-self: center;}.uagb-block-e6f939b3.wp-block-uagb-image--layout-overlay figure img{box-shadow: 0px 0px 0 #00000070;}.uagb-block-e6f939b3.wp-block-uagb-image--layout-overlay .wp-block-uagb-image--layout-overlay__color-wrapper{opacity: 0.2;}.uagb-block-e6f939b3.wp-block-uagb-image--layout-overlay .wp-block-uagb-image--layout-overlay__inner{left: 15px;right: 15px;top: 15px;bottom: 15px;}.uagb-block-e6f939b3.wp-block-uagb-image--layout-overlay .wp-block-uagb-image--layout-overlay__inner .uagb-image-heading{font-style: normal;color: #fff;opacity: 1;}.uagb-block-e6f939b3.wp-block-uagb-image--layout-overlay .wp-block-uagb-image--layout-overlay__inner .uagb-image-heading a{color: #fff;}.uagb-block-e6f939b3.wp-block-uagb-image--layout-overlay .wp-block-uagb-image--layout-overlay__inner .uagb-image-caption{opacity: 0;}.uagb-block-e6f939b3.wp-block-uagb-image--layout-overlay .wp-block-uagb-image__figure:hover .wp-block-uagb-image--layout-overlay__color-wrapper{opacity: 1;}.uagb-block-e6f939b3.wp-block-uagb-image .wp-block-uagb-image--layout-overlay__inner .uagb-image-separator{width: 30%;border-top-width: 2px;border-top-color: #fff;opacity: 0;}.uagb-block-e6f939b3.wp-block-uagb-image .wp-block-uagb-image__figure img{width: px;height: auto;}.uagb-block-e6f939b3.wp-block-uagb-image .wp-block-uagb-image__figure:hover .wp-block-uagb-image--layout-overlay__inner .uagb-image-caption{opacity: 1;}.uagb-block-e6f939b3.wp-block-uagb-image .wp-block-uagb-image__figure:hover .wp-block-uagb-image--layout-overlay__inner .uagb-image-separator{opacity: 1;}.uagb-block-e6f939b3.wp-block-uagb-image--layout-default figure:hover img{box-shadow: 0px 0px 0 #00000070;}.uagb-block-e6f939b3.wp-block-uagb-image--layout-overlay figure:hover img{box-shadow: 0px 0px 0 #00000070;}@media only screen and (max-width: 976px) {.uagb-block-e6f939b3.wp-block-uagb-image .wp-block-uagb-image__figure img{width: px;height: auto;}}@media only screen and (max-width: 767px) {.uagb-block-e6f939b3.wp-block-uagb-image .wp-block-uagb-image__figure img{width: px;height: auto;}}\";s:2:\"js\";s:0:\"\";s:18:\"current_block_list\";a:13:{i:0;s:11:\"core\/search\";i:1;s:10:\"core\/group\";i:2;s:12:\"core\/heading\";i:3;s:17:\"core\/latest-posts\";i:4;s:20:\"core\/latest-comments\";i:5;s:13:\"core\/archives\";i:6;s:15:\"core\/categories\";i:7;s:14:\"core\/paragraph\";i:8;s:10:\"uagb\/image\";i:9;s:11:\"core\/spacer\";i:10;s:30:\"woocommerce\/product-categories\";i:11;s:10:\"core\/image\";i:12;s:14:\"core\/shortcode\";}s:8:\"uag_flag\";b:1;s:11:\"uag_version\";s:10:\"1777093182\";s:6:\"gfonts\";a:0:{}s:10:\"gfonts_url\";s:0:\"\";s:12:\"gfonts_files\";a:0:{}s:14:\"uag_faq_layout\";b:0;}"]},"uagb_featured_image_src":{"full":["https:\/\/www.ferberpainting.com\/wp-content\/uploads\/2025\/05\/TileVarnish_1L.png",2560,2276,false],"thumbnail":["https:\/\/www.ferberpainting.com\/wp-content\/uploads\/2025\/05\/TileVarnish_1L-150x150.png",150,150,true],"medium":["https:\/\/www.ferberpainting.com\/wp-content\/uploads\/2025\/05\/TileVarnish_1L-300x267.png",300,267,true],"medium_large":["https:\/\/www.ferberpainting.com\/wp-content\/uploads\/2025\/05\/TileVarnish_1L-768x683.png",768,683,true],"large":["https:\/\/www.ferberpainting.com\/wp-content\/uploads\/2025\/05\/TileVarnish_1L-1024x910.png",1024,910,true],"1536x1536":["https:\/\/www.ferberpainting.com\/wp-content\/uploads\/2025\/05\/TileVarnish_1L-1536x1366.png",1536,1366,true],"2048x2048":["https:\/\/www.ferberpainting.com\/wp-content\/uploads\/2025\/05\/TileVarnish_1L-2048x1821.png",2048,1821,true],"trp-custom-language-flag":["https:\/\/www.ferberpainting.com\/wp-content\/uploads\/2025\/05\/TileVarnish_1L-13x12.png",13,12,true],"woocommerce_thumbnail":["https:\/\/www.ferberpainting.com\/wp-content\/uploads\/2025\/05\/TileVarnish_1L-300x300.png",300,300,true],"woocommerce_single":["https:\/\/www.ferberpainting.com\/wp-content\/uploads\/2025\/05\/TileVarnish_1L-600x533.png",600,533,true],"woocommerce_gallery_thumbnail":["https:\/\/www.ferberpainting.com\/wp-content\/uploads\/2025\/05\/TileVarnish_1L-100x100.png",100,100,true]},"uagb_author_info":{"display_name":"admin","author_link":"https:\/\/www.ferberpainting.com\/lv\/author\/"},"uagb_comment_info":7,"uagb_excerpt":"Durable protection and embellishment of tiles.\u00a0This tile varnish is specially designed to protect and enhance tiled surfaces by offering increased resistance to external aggressions. It forms an invisible protective film that preserves the shine of tiles, reduces wear, and facilitates maintenance, thus ensuring a flawless and durable finish. Money-back guarantee.\u00a0We have absolute confidence in the&hellip;","_links":{"self":[{"href":"https:\/\/www.ferberpainting.com\/lv\/wp-json\/wp\/v2\/product\/25572","targetHints":{"allow":["GET"]}}],"collection":[{"href":"https:\/\/www.ferberpainting.com\/lv\/wp-json\/wp\/v2\/product"}],"about":[{"href":"https:\/\/www.ferberpainting.com\/lv\/wp-json\/wp\/v2\/types\/product"}],"replies":[{"embeddable":true,"href":"https:\/\/www.ferberpainting.com\/lv\/wp-json\/wp\/v2\/comments?post=25572"}],"version-history":[{"count":3,"href":"https:\/\/www.ferberpainting.com\/lv\/wp-json\/wp\/v2\/product\/25572\/revisions"}],"predecessor-version":[{"id":167420,"href":"https:\/\/www.ferberpainting.com\/lv\/wp-json\/wp\/v2\/product\/25572\/revisions\/167420"}],"wp:featuredmedia":[{"embeddable":true,"href":"https:\/\/www.ferberpainting.com\/lv\/wp-json\/wp\/v2\/media\/27421"}],"wp:attachment":[{"href":"https:\/\/www.ferberpainting.com\/lv\/wp-json\/wp\/v2\/media?parent=25572"}],"wp:term":[{"taxonomy":"product_brand","embeddable":true,"href":"https:\/\/www.ferberpainting.com\/lv\/wp-json\/wp\/v2\/product_brand?post=25572"},{"taxonomy":"product_cat","embeddable":true,"href":"https:\/\/www.ferberpainting.com\/lv\/wp-json\/wp\/v2\/product_cat?post=25572"},{"taxonomy":"product_tag","embeddable":true,"href":"https:\/\/www.ferberpainting.com\/lv\/wp-json\/wp\/v2\/product_tag?post=25572"}],"curies":[{"name":"wp","href":"https:\/\/api.w.org\/{rel}","templated":true}]}}