{"id":25569,"date":"2025-06-30T19:45:54","date_gmt":"2025-06-30T17:45:54","guid":{"rendered":"https:\/\/www.ferberpainting.com\/?post_type=product&#038;p=25569"},"modified":"2026-02-16T12:43:55","modified_gmt":"2026-02-16T11:43:55","slug":"tile-stripper","status":"publish","type":"product","link":"https:\/\/www.ferberpainting.com\/lv\/products\/tile-stripper\/","title":{"rendered":"Fl\u012b\u017eu no\u0146\u0113m\u0113js"},"content":{"rendered":"<p><strong><img decoding=\"async\" style=\"margin-right: 12px;\" src=\"https:\/\/www.ferberpainting.com\/wp-content\/uploads\/2026\/02\/Check.svg\" alt=\"\" width=\"18\" height=\"15\" \/>Efekt\u012bvi no\u0146em vecos herm\u0113ti\u0137us, vaskus un p\u0101rkl\u0101jumus, lai atjaunotu fl\u012b\u017eu s\u0101kotn\u0113jo st\u0101vokli.<\/strong> M\u016bsu fl\u012b\u017eu no\u0146\u0113m\u0113js ir \u012bpa\u0161i izstr\u0101d\u0101ts, lai iz\u0161\u0137\u012bdin\u0101tu un no\u0146emtu vec\u0101 vaska, akrila p\u0101rkl\u0101jumu, herm\u0113ti\u0137u, pul\u0113\u0161anas l\u012bdzek\u013cu, pul\u0113\u0161anas atlikumus un uzkr\u0101t\u0101s kop\u0161anas pl\u0113ves no fl\u012b\u017eu virsm\u0101m. Laika gait\u0101 \u0161ie sl\u0101\u0146i uzkr\u0101jas un rada bl\u0101vumu, kr\u0101sas mai\u0146u un nevienm\u0113r\u012bgu izskatu. \u0160is sp\u0113c\u012bgais no\u0146em\u0161anas \u0161\u0137\u012bdums iek\u013c\u016bst un no\u0101rda \u0161os nev\u0113lamos sl\u0101\u0146us, \u013caujot piln\u012bb\u0101 atjaunot virsmu un atkl\u0101t autentisko fl\u012b\u017eu izskatu. Tas lieliski sagatavo virsmu atk\u0101rtotai bl\u012bv\u0113\u0161anai, atjauno\u0161anai vai restaur\u0101cijai.<\/p>\n<p><strong><img decoding=\"async\" style=\"margin-right: 12px;\" src=\"https:\/\/www.ferberpainting.com\/wp-content\/uploads\/2026\/02\/Check.svg\" alt=\"\" width=\"18\" height=\"15\" \/>M\u0113s pied\u0101v\u0101jam naudas atmaksas garantiju piln\u012bgam sirdsmieram.<\/strong> M\u0113s atbalst\u0101m m\u016bsu fl\u012b\u017eu no\u0146\u0113m\u0113ja veiktsp\u0113ju un uzticam\u012bbu. Ja neesat piln\u012bb\u0101 apmierin\u0101ts ar rezult\u0101tiem, m\u0113s atmaks\u0101sim naudu par pirkumu. \u0160\u012b naudas atmaksas garantija nodro\u0161ina, ka varat dro\u0161i lietot produktu, zinot, ka j\u016bsu apmierin\u0101t\u012bba ir m\u016bsu priorit\u0101te un ka j\u016bsu ieguld\u012bjums ir piln\u012bb\u0101 aizsarg\u0101ts.<\/p>\n<p><strong><img decoding=\"async\" style=\"margin-right: 12px;\" src=\"https:\/\/www.ferberpainting.com\/wp-content\/uploads\/2026\/02\/Check.svg\" alt=\"\" width=\"18\" height=\"15\" \/>Efekt\u012bv\u0101kais fl\u012b\u017eu no\u0146em\u0161anas risin\u0101jums tirg\u016b.<\/strong> M\u016bsu uzlabot\u0101 formula ir izstr\u0101d\u0101ta t\u0101, lai p\u0101rsp\u0113tu parastos no\u0146em\u0161anas produktus. T\u0101 darbojas dzi\u013ci un efekt\u012bvi, lai no\u0101rd\u012btu vair\u0101kus veco p\u0101rkl\u0101jumu sl\u0101\u0146us bez p\u0101rm\u0113r\u012bgas t\u012br\u012b\u0161anas vai meh\u0101niskas piep\u016bles. At\u0161\u0137ir\u012bb\u0101 no v\u0101j\u0101kiem produktiem, kas prasa atk\u0101rtotu lieto\u0161anu, m\u016bsu fl\u012b\u017eu no\u0146em\u0161anas l\u012bdzeklis nodro\u0161ina sp\u0113c\u012bgus un stabilus rezult\u0101tus, padarot to par visefekt\u012bv\u0101ko risin\u0101jumu profesion\u0101liem un dz\u012bvojamo \u0113ku fl\u012b\u017eu atjauno\u0161anas projektiem.<\/p>\n<p><strong><img decoding=\"async\" style=\"margin-right: 12px;\" src=\"https:\/\/www.ferberpainting.com\/wp-content\/uploads\/2026\/02\/Check.svg\" alt=\"\" width=\"18\" height=\"15\" \/>Pieejamais l\u0113t\u0101kais profesion\u0101l\u0101s klases fl\u012b\u017eu no\u0146\u0113m\u0113js.<\/strong> Augstas veiktsp\u0113jas no\u0146em\u0161anai nav j\u0101b\u016bt d\u0101rgai. M\u0113s pied\u0101v\u0101jam viskonkur\u0113tsp\u0113j\u012bg\u0101k\u0101s cenas, vienlaikus saglab\u0101jot augst\u0101k\u0101s kvalit\u0101tes standartus. Optimiz\u0113jot ra\u017eo\u0161anu un izplat\u012b\u0161anu, m\u0113s pied\u0101v\u0101jam profesion\u0101li iztur\u012bgu fl\u012b\u017eu no\u0146\u0113m\u0113ju par zem\u0101ko cenu sal\u012bdzin\u0101jum\u0101 ar l\u012bdz\u012bgiem produktiem, nodro\u0161inot maksim\u0101lu v\u0113rt\u012bbu j\u016bsu bud\u017eetam.<\/p>\n<p><strong><img decoding=\"async\" style=\"margin-right: 12px;\" src=\"https:\/\/www.ferberpainting.com\/wp-content\/uploads\/2026\/02\/Check.svg\" alt=\"\" width=\"18\" height=\"15\" \/>Garant\u0113ta pieg\u0101de 24 stundu laik\u0101 \u0101trai projekta izpildei.<\/strong> Renov\u0101cijas un restaur\u0101cijas projekti bie\u017ei vien tiek \u012bstenoti p\u0113c saspringtiem grafikiem. T\u0101p\u0113c m\u0113s pied\u0101v\u0101jam uzticamu pieg\u0101di 24 stundas diennakt\u012b, nodro\u0161inot, ka j\u016bsu fl\u012b\u017eu no\u0146\u0113m\u0113js tiek pieg\u0101d\u0101ts \u0101tri un ir gatavs t\u016bl\u012bt\u0113jai lieto\u0161anai. \u0160is \u0101tr\u0101s pieg\u0101des pakalpojums \u013cauj jums s\u0101kt virsmas sagatavo\u0161anu bez liekas kav\u0113\u0161an\u0101s.<\/p>\n<p><strong><img decoding=\"async\" style=\"margin-right: 12px;\" src=\"https:\/\/www.ferberpainting.com\/wp-content\/uploads\/2026\/02\/Check.svg\" alt=\"\" width=\"18\" height=\"15\" \/>Efekt\u012bvs p\u0101rkl\u0101jums 10 m\u00b2 uz litru prec\u012bzai pl\u0101no\u0161anai.<\/strong> Viens litrs m\u016bsu fl\u012b\u017eu no\u0146\u0113m\u0113ja apstr\u0101d\u0101 l\u012bdz 10 kvadr\u0101tmetriem, atkar\u012bb\u0101 no p\u0101rkl\u0101juma biezuma un virsmas porain\u012bbas. \u0160is paredzamais p\u0101rkl\u0101juma l\u012bmenis \u013cauj viegli apr\u0113\u0137in\u0101t nepiecie\u0161amo daudzumu un efekt\u012bvi p\u0101rvald\u012bt projektu, vienlaikus samazinot produkta zudumus.<\/p>\n<p><strong><img decoding=\"async\" style=\"margin-right: 12px;\" src=\"https:\/\/www.ferberpainting.com\/wp-content\/uploads\/2026\/02\/Check.svg\" alt=\"\" width=\"18\" height=\"15\" \/>Piem\u0113rots da\u017e\u0101diem fl\u012b\u017eu veidiem un miner\u0101lmateri\u0101lu virsm\u0101m.<\/strong> M\u016bsu fl\u012b\u017eu no\u0146\u0113m\u0113ju var izmantot keramikas fl\u012bz\u0113m, porcel\u0101na fl\u012bz\u0113m, terakotai, dab\u012bgajam akmenim un cit\u0101m sader\u012bg\u0101m virsm\u0101m uz miner\u0101lu b\u0101zes. Tas piel\u0101gojas da\u017e\u0101d\u0101m tekst\u016br\u0101m un apdar\u0113m, vienlaikus efekt\u012bvi likvid\u0113jot nev\u0113lamus p\u0101rkl\u0101jumus, ja to lieto saska\u0146\u0101 ar nor\u0101d\u012bjumiem.<\/p>\n<p><strong><img decoding=\"async\" style=\"margin-right: 12px;\" src=\"https:\/\/www.ferberpainting.com\/wp-content\/uploads\/2026\/02\/Check.svg\" alt=\"\" width=\"18\" height=\"15\" \/>Samazina darba laiku un meh\u0101nisko piep\u016bli.<\/strong> Augstas aktivit\u0101tes formula \u0101tri m\u012bkstina un iz\u0161\u0137\u012bdina vecos sl\u0101\u0146us, samazinot nepiecie\u0161am\u012bbu p\u0113c agres\u012bvas skr\u0101p\u0113\u0161anas vai ilgsto\u0161as t\u012br\u012b\u0161anas. Tas ietaupa laiku un fizisko piep\u016bli, vienlaikus nodro\u0161inot konsekventu un pamat\u012bgu no\u0146em\u0161anas rezult\u0101tu.<\/p>\n<p><strong><img decoding=\"async\" style=\"margin-right: 12px;\" src=\"https:\/\/www.ferberpainting.com\/wp-content\/uploads\/2026\/02\/Check.svg\" alt=\"\" width=\"18\" height=\"15\" \/>Lieliski sagatavo virsmas atk\u0101rtotai bl\u012bv\u0113\u0161anai vai labo\u0161anai.<\/strong> Pareiza virsmas sagatavo\u0161ana ir b\u016btiska, lai pan\u0101ktu ilgsto\u0161us bl\u012bv\u0113\u0161anas vai lako\u0161anas rezult\u0101tus. Piln\u012bb\u0101 likvid\u0113jot vecos atlikumus un p\u0101rkl\u0101jumus, fl\u012b\u017eu no\u0146\u0113m\u0113js rada t\u012bru un uz\u0146\u0113m\u012bgu pamatni, kas nodro\u0161ina optim\u0101lu sa\u0137eri un turpm\u0101ko apstr\u0101des procesu veiktsp\u0113ju.<\/p>\n<p><strong><img decoding=\"async\" style=\"margin-right: 12px;\" src=\"https:\/\/www.ferberpainting.com\/wp-content\/uploads\/2026\/02\/Check.svg\" alt=\"\" width=\"18\" height=\"15\" \/>Viegla lieto\u0161ana profesion\u0101\u013ciem un DIY lietot\u0101jiem.<\/strong> \u0112rtai lieto\u0161anai paredz\u0113to fl\u012b\u017eu no\u0146\u0113m\u0113ju var lietot ar otu, rull\u012bti, mopu vai zemspiediena smidzin\u0101t\u0101ju. T\u0101 sabalans\u0113t\u0101 konsistence nodro\u0161ina vienm\u0113r\u012bgu izkliedi un kontrol\u0113tu darb\u012bbas laiku, t\u0101p\u0113c tas ir piem\u0113rots gan neliel\u0101m dz\u012bvojam\u0101m telp\u0101m, gan liel\u0101m komerci\u0101l\u0101m gr\u012bd\u0101m.<\/p>\n<h2><strong>Instrukcijas<\/strong><\/h2>\n<ul>\n<li>Pirms no\u0146em\u0161anas procesa s\u0101k\u0161anas p\u0101rliecinieties, ka telpa ir labi v\u0113din\u0101ma.<\/li>\n<li>Noslaukiet vai noslaukiet ar putek\u013cu s\u016bc\u0113ju fl\u012b\u017eu virsmu, lai no\u0146emtu putek\u013cus un gru\u017eus.<\/li>\n<li>Pirms lieto\u0161anas r\u016bp\u012bgi sakratiet vai samaisiet fl\u012b\u017eu no\u0146\u0113m\u0113ju.<\/li>\n<li>Ar mopu, suku, otu, rull\u012bti vai smidzin\u0101t\u0101ju vienm\u0113r\u012bgi uzkl\u0101jiet l\u012bdzekli, nodro\u0161inot piln\u012bgu p\u0101rkl\u0101jumu uz p\u0101rkl\u0101t\u0101s virsmas.<\/li>\n<li>Ieteicam\u0101 deva ir aptuveni 100 ml uz kvadr\u0101tmetru, jo viens litrs apstr\u0101d\u0101 l\u012bdz 10 m\u00b2. Stipri p\u0101rkl\u0101t\u0101m virsm\u0101m var b\u016bt nepiecie\u0161ams nedaudz liel\u0101ks pat\u0113ri\u0146\u0161.<\/li>\n<li>Atkar\u012bb\u0101 no no\u0146emam\u0101 p\u0101rkl\u0101juma biezuma un veida \u013caujiet produktam iedarboties 10 l\u012bdz 30 min\u016btes. \u0160aj\u0101 laik\u0101 ne\u013caujiet produktam no\u017e\u016bt uz virsmas.<\/li>\n<li>Kad vecais p\u0101rkl\u0101jums ir m\u012bkstin\u0101jies, noslaukiet virsmu, izmantojot stingru suku vai gr\u012bdas ma\u0161\u012bnu ar piem\u0113rotu spilventi\u0146u, lai no\u0146emtu iz\u0161\u0137\u012bdu\u0161o materi\u0101lu.<\/li>\n<li>Atbr\u012bvoju\u0161\u0101s atliekas not\u012briet, izmantojot mopu, mitru putek\u013cus\u016bc\u0113ju vai absorb\u0113jo\u0161u dr\u0101nu.<\/li>\n<li>R\u016bp\u012bgi noskalojiet ar t\u012bru \u016bdeni, lai likvid\u0113tu visus atliku\u0161os produkta un iz\u0161\u0137\u012bdu\u0161os atlikumus.<\/li>\n<li>Ja nepiecie\u0161ams, atk\u0101rtojiet uzkl\u0101\u0161anu \u013coti bieziem vai vair\u0101kiem veco p\u0101rkl\u0101jumu sl\u0101\u0146iem.<\/li>\n<li>Pirms uzkl\u0101t jaunu herm\u0113ti\u0137i, laku vai aizsargapstr\u0101di, \u013caujiet virsmai piln\u012bb\u0101 no\u017e\u016bt.<\/li>\n<li>T\u016bl\u012bt p\u0113c lieto\u0161anas not\u012briet visus darbar\u012bkus un apr\u012bkojumu.<\/li>\n<li>Uzglab\u0101t produktu cie\u0161i nosl\u0113gtu v\u0113s\u0101, saus\u0101 viet\u0101, pasarg\u0101tu no sala un tie\u0161iem saules stariem. Uzglab\u0101t b\u0113rniem nepieejam\u0101 viet\u0101 un iev\u0113rot standarta dro\u0161\u012bbas pas\u0101kumus, str\u0101d\u0101jot ar produktu un to lietojot.<\/li>\n<\/ul>","protected":false},"excerpt":{"rendered":"<p>Removes old sealers, waxes, and coatings effectively to restore your tiles to their original state. Our tile stripper is specially formulated to dissolve and remove stubborn layers of old wax, acrylic coatings, sealants, polish residues, and built-up maintenance films from tile surfaces. Over time, these layers accumulate and create dullness, discoloration, and uneven appearance. This [&hellip;]<\/p>\n","protected":false},"featured_media":35866,"comment_status":"open","ping_status":"closed","template":"","meta":{"_uag_custom_page_level_css":"","site-sidebar-layout":"default","site-content-layout":"","ast-site-content-layout":"default","site-content-style":"default","site-sidebar-style":"default","ast-global-header-display":"","ast-banner-title-visibility":"","ast-main-header-display":"","ast-hfb-above-header-display":"","ast-hfb-below-header-display":"","ast-hfb-mobile-header-display":"","site-post-title":"","ast-breadcrumbs-content":"","ast-featured-img":"","footer-sml-layout":"","ast-disable-related-posts":"","theme-transparent-header-meta":"default","adv-header-id-meta":"","stick-header-meta":"","header-above-stick-meta":"","header-main-stick-meta":"","header-below-stick-meta":"","astra-migrate-meta-layouts":"set","ast-page-background-enabled":"default","ast-page-background-meta":{"desktop":{"background-color":"var(--ast-global-color-4)","background-image":"","background-repeat":"repeat","background-position":"center center","background-size":"auto","background-attachment":"scroll","background-type":"","background-media":"","overlay-type":"","overlay-color":"","overlay-opacity":"","overlay-gradient":""},"tablet":{"background-color":"","background-image":"","background-repeat":"repeat","background-position":"center center","background-size":"auto","background-attachment":"scroll","background-type":"","background-media":"","overlay-type":"","overlay-color":"","overlay-opacity":"","overlay-gradient":""},"mobile":{"background-color":"","background-image":"","background-repeat":"repeat","background-position":"center center","background-size":"auto","background-attachment":"scroll","background-type":"","background-media":"","overlay-type":"","overlay-color":"","overlay-opacity":"","overlay-gradient":""}},"ast-content-background-meta":{"desktop":{"background-color":"var(--ast-global-color-5)","background-image":"","background-repeat":"repeat","background-position":"center center","background-size":"auto","background-attachment":"scroll","background-type":"","background-media":"","overlay-type":"","overlay-color":"","overlay-opacity":"","overlay-gradient":""},"tablet":{"background-color":"var(--ast-global-color-5)","background-image":"","background-repeat":"repeat","background-position":"center center","background-size":"auto","background-attachment":"scroll","background-type":"","background-media":"","overlay-type":"","overlay-color":"","overlay-opacity":"","overlay-gradient":""},"mobile":{"background-color":"var(--ast-global-color-5)","background-image":"","background-repeat":"repeat","background-position":"center center","background-size":"auto","background-attachment":"scroll","background-type":"","background-media":"","overlay-type":"","overlay-color":"","overlay-opacity":"","overlay-gradient":""}}},"product_brand":[],"product_cat":[175],"product_tag":[],"class_list":{"0":"post-25569","1":"product","2":"type-product","3":"status-publish","4":"has-post-thumbnail","6":"product_cat-cleaning-products","7":"desktop-align-left","8":"tablet-align-left","9":"mobile-align-left","11":"first","12":"instock","13":"sale","14":"taxable","15":"shipping-taxable","16":"purchasable","17":"product-type-variable","18":"has-default-attributes"},"spectra_custom_meta":{"_visibility":["visible"],"_shopify_product_id":["9106662555893"],"_s2w_shopify_domain":["ferberpainting.myshopify.com"],"_shopify_variant_id":["46626430222581"],"_sku":[""],"_manage_stock":["no"],"total_sales":["21"],"_tax_status":["taxable"],"_tax_class":[""],"_backorders":["no"],"_sold_individually":["no"],"_virtual":["no"],"_downloadable":["no"],"_download_limit":["-1"],"_download_expiry":["-1"],"_stock":[null],"_stock_status":["instock"],"_wc_average_rating":["5.00"],"_wc_review_count":["34"],"_product_attributes":["a:1:{s:6:\"volume\";a:6:{s:4:\"name\";s:6:\"Volume\";s:5:\"value\";s:20:\"5 liters | 25 liters\";s:8:\"position\";i:1;s:10:\"is_visible\";i:0;s:12:\"is_variation\";i:1;s:11:\"is_taxonomy\";i:0;}}"],"_product_version":["10.5.1"],"wpse_downloadable_file_names":[""],"wpse_downloadable_file_urls":[""],"_edit_last":["1"],"_default_attributes":["a:1:{s:6:\"volume\";s:8:\"5 liters\";}"],"_edit_lock":["1771242132:1"],"merchant-center-availability":["yes"],"merchant-center-category":["4977"],"_thumbnail_id":["35866"],"_wp_page_template":["default"],"_wp_old_date":["2025-05-26"],"_product_image_gallery":["35867"],"site-sidebar-layout":["default"],"ast-site-content-layout":["default"],"site-content-style":["default"],"site-sidebar-style":["default"],"theme-transparent-header-meta":["default"],"_price":["29.90","129.90"],"_wc_rating_count":["a:1:{i:5;i:34;}"],"astra-migrate-meta-layouts":["set"],"_uag_css_file_name":["uag-css-25569.css"],"_elementor_page_assets":["a:0:{}"],"_uag_page_assets":["a:9:{s:3:\"css\";s:7133:\".uag-blocks-common-selector{z-index:var(--z-index-desktop) !important}@media(max-width: 976px){.uag-blocks-common-selector{z-index:var(--z-index-tablet) !important}}@media(max-width: 767px){.uag-blocks-common-selector{z-index:var(--z-index-mobile) !important}}.wp-block-uagb-image{display:flex}.wp-block-uagb-image__figure{position:relative;display:flex;flex-direction:column;max-width:100%;height:auto;margin:0}.wp-block-uagb-image__figure img{height:auto;display:flex;max-width:100%;transition:box-shadow .2s ease}.wp-block-uagb-image__figure>a{display:inline-block}.wp-block-uagb-image__figure figcaption{text-align:center;margin-top:.5em;margin-bottom:1em}.wp-block-uagb-image .components-placeholder.block-editor-media-placeholder .components-placeholder__instructions{align-self:center}.wp-block-uagb-image--align-left{text-align:left}.wp-block-uagb-image--align-right{text-align:right}.wp-block-uagb-image--align-center{text-align:center}.wp-block-uagb-image--align-full .wp-block-uagb-image__figure{margin-left:calc(50% - 50vw);margin-right:calc(50% - 50vw);max-width:100vw;width:100vw;height:auto}.wp-block-uagb-image--align-full .wp-block-uagb-image__figure img{height:auto;width:100% !important}.wp-block-uagb-image--align-wide .wp-block-uagb-image__figure img{height:auto;width:100%}.wp-block-uagb-image--layout-overlay__color-wrapper{position:absolute;left:0;top:0;right:0;bottom:0;opacity:.2;background:rgba(0,0,0,.5);transition:opacity .35s ease-in-out}.wp-block-uagb-image--layout-overlay-link{position:absolute;left:0;right:0;bottom:0;top:0}.wp-block-uagb-image--layout-overlay .wp-block-uagb-image__figure:hover .wp-block-uagb-image--layout-overlay__color-wrapper{opacity:1}.wp-block-uagb-image--layout-overlay__inner{position:absolute;left:15px;right:15px;bottom:15px;top:15px;display:flex;align-items:center;justify-content:center;flex-direction:column;border-color:#fff;transition:.35s ease-in-out}.wp-block-uagb-image--layout-overlay__inner.top-left,.wp-block-uagb-image--layout-overlay__inner.top-center,.wp-block-uagb-image--layout-overlay__inner.top-right{justify-content:flex-start}.wp-block-uagb-image--layout-overlay__inner.bottom-left,.wp-block-uagb-image--layout-overlay__inner.bottom-center,.wp-block-uagb-image--layout-overlay__inner.bottom-right{justify-content:flex-end}.wp-block-uagb-image--layout-overlay__inner.top-left,.wp-block-uagb-image--layout-overlay__inner.center-left,.wp-block-uagb-image--layout-overlay__inner.bottom-left{align-items:flex-start}.wp-block-uagb-image--layout-overlay__inner.top-right,.wp-block-uagb-image--layout-overlay__inner.center-right,.wp-block-uagb-image--layout-overlay__inner.bottom-right{align-items:flex-end}.wp-block-uagb-image--layout-overlay__inner .uagb-image-heading{color:#fff;transition:transform .35s,opacity .35s ease-in-out;transform:translate3d(0, 24px, 0);margin:0;line-height:1em}.wp-block-uagb-image--layout-overlay__inner .uagb-image-separator{width:30%;border-top-width:2px;border-top-color:#fff;border-top-style:solid;margin-bottom:10px;opacity:0;transition:transform .4s,opacity .4s ease-in-out;transform:translate3d(0, 30px, 0)}.wp-block-uagb-image--layout-overlay__inner .uagb-image-caption{opacity:0;overflow:visible;color:#fff;transition:transform .45s,opacity .45s ease-in-out;transform:translate3d(0, 35px, 0)}.wp-block-uagb-image--layout-overlay__inner:hover .uagb-image-heading,.wp-block-uagb-image--layout-overlay__inner:hover .uagb-image-separator,.wp-block-uagb-image--layout-overlay__inner:hover .uagb-image-caption{opacity:1;transform:translate3d(0, 0, 0)}.wp-block-uagb-image--effect-zoomin .wp-block-uagb-image__figure img,.wp-block-uagb-image--effect-zoomin .wp-block-uagb-image__figure .wp-block-uagb-image--layout-overlay__color-wrapper{transform:scale(1);transition:transform .35s ease-in-out}.wp-block-uagb-image--effect-zoomin .wp-block-uagb-image__figure:hover img,.wp-block-uagb-image--effect-zoomin .wp-block-uagb-image__figure:hover .wp-block-uagb-image--layout-overlay__color-wrapper{transform:scale(1.05)}.wp-block-uagb-image--effect-slide .wp-block-uagb-image__figure img,.wp-block-uagb-image--effect-slide .wp-block-uagb-image__figure .wp-block-uagb-image--layout-overlay__color-wrapper{width:calc(100% + 40px) !important;max-width:none !important;transform:translate3d(-40px, 0, 0);transition:transform .35s ease-in-out}.wp-block-uagb-image--effect-slide .wp-block-uagb-image__figure:hover img,.wp-block-uagb-image--effect-slide .wp-block-uagb-image__figure:hover .wp-block-uagb-image--layout-overlay__color-wrapper{transform:translate3d(0, 0, 0)}.wp-block-uagb-image--effect-grayscale img{filter:grayscale(0%);transition:.35s ease-in-out}.wp-block-uagb-image--effect-grayscale:hover img{filter:grayscale(100%)}.wp-block-uagb-image--effect-blur img{filter:blur(0);transition:.35s ease-in-out}.wp-block-uagb-image--effect-blur:hover img{filter:blur(3px)}.uagb-block-e6f939b3.wp-block-uagb-image--layout-default figure img{box-shadow: 0px 0px 0 #00000070;}.uagb-block-e6f939b3.wp-block-uagb-image .wp-block-uagb-image__figure figcaption{font-style: normal;align-self: center;}.uagb-block-e6f939b3.wp-block-uagb-image--layout-overlay figure img{box-shadow: 0px 0px 0 #00000070;}.uagb-block-e6f939b3.wp-block-uagb-image--layout-overlay .wp-block-uagb-image--layout-overlay__color-wrapper{opacity: 0.2;}.uagb-block-e6f939b3.wp-block-uagb-image--layout-overlay .wp-block-uagb-image--layout-overlay__inner{left: 15px;right: 15px;top: 15px;bottom: 15px;}.uagb-block-e6f939b3.wp-block-uagb-image--layout-overlay .wp-block-uagb-image--layout-overlay__inner .uagb-image-heading{font-style: normal;color: #fff;opacity: 1;}.uagb-block-e6f939b3.wp-block-uagb-image--layout-overlay .wp-block-uagb-image--layout-overlay__inner .uagb-image-heading a{color: #fff;}.uagb-block-e6f939b3.wp-block-uagb-image--layout-overlay .wp-block-uagb-image--layout-overlay__inner .uagb-image-caption{opacity: 0;}.uagb-block-e6f939b3.wp-block-uagb-image--layout-overlay .wp-block-uagb-image__figure:hover .wp-block-uagb-image--layout-overlay__color-wrapper{opacity: 1;}.uagb-block-e6f939b3.wp-block-uagb-image .wp-block-uagb-image--layout-overlay__inner .uagb-image-separator{width: 30%;border-top-width: 2px;border-top-color: #fff;opacity: 0;}.uagb-block-e6f939b3.wp-block-uagb-image .wp-block-uagb-image__figure img{width: px;height: auto;}.uagb-block-e6f939b3.wp-block-uagb-image .wp-block-uagb-image__figure:hover .wp-block-uagb-image--layout-overlay__inner .uagb-image-caption{opacity: 1;}.uagb-block-e6f939b3.wp-block-uagb-image .wp-block-uagb-image__figure:hover .wp-block-uagb-image--layout-overlay__inner .uagb-image-separator{opacity: 1;}.uagb-block-e6f939b3.wp-block-uagb-image--layout-default figure:hover img{box-shadow: 0px 0px 0 #00000070;}.uagb-block-e6f939b3.wp-block-uagb-image--layout-overlay figure:hover img{box-shadow: 0px 0px 0 #00000070;}@media only screen and (max-width: 976px) {.uagb-block-e6f939b3.wp-block-uagb-image .wp-block-uagb-image__figure img{width: px;height: auto;}}@media only screen and (max-width: 767px) {.uagb-block-e6f939b3.wp-block-uagb-image .wp-block-uagb-image__figure img{width: px;height: auto;}}\";s:2:\"js\";s:0:\"\";s:18:\"current_block_list\";a:13:{i:0;s:11:\"core\/search\";i:1;s:10:\"core\/group\";i:2;s:12:\"core\/heading\";i:3;s:17:\"core\/latest-posts\";i:4;s:20:\"core\/latest-comments\";i:5;s:13:\"core\/archives\";i:6;s:15:\"core\/categories\";i:7;s:14:\"core\/paragraph\";i:8;s:10:\"uagb\/image\";i:9;s:11:\"core\/spacer\";i:10;s:30:\"woocommerce\/product-categories\";i:11;s:10:\"core\/image\";i:12;s:14:\"core\/shortcode\";}s:8:\"uag_flag\";b:1;s:11:\"uag_version\";s:10:\"1777222068\";s:6:\"gfonts\";a:0:{}s:10:\"gfonts_url\";s:0:\"\";s:12:\"gfonts_files\";a:0:{}s:14:\"uag_faq_layout\";b:0;}"]},"uagb_featured_image_src":{"full":["https:\/\/www.ferberpainting.com\/wp-content\/uploads\/2025\/05\/Tile-Stripper-5L-.png",2560,2560,false],"thumbnail":["https:\/\/www.ferberpainting.com\/wp-content\/uploads\/2025\/05\/Tile-Stripper-5L--150x150.png",150,150,true],"medium":["https:\/\/www.ferberpainting.com\/wp-content\/uploads\/2025\/05\/Tile-Stripper-5L--300x300.png",300,300,true],"medium_large":["https:\/\/www.ferberpainting.com\/wp-content\/uploads\/2025\/05\/Tile-Stripper-5L--768x768.png",768,768,true],"large":["https:\/\/www.ferberpainting.com\/wp-content\/uploads\/2025\/05\/Tile-Stripper-5L--1024x1024.png",1024,1024,true],"1536x1536":["https:\/\/www.ferberpainting.com\/wp-content\/uploads\/2025\/05\/Tile-Stripper-5L--1536x1536.png",1536,1536,true],"2048x2048":["https:\/\/www.ferberpainting.com\/wp-content\/uploads\/2025\/05\/Tile-Stripper-5L--2048x2048.png",2048,2048,true],"trp-custom-language-flag":["https:\/\/www.ferberpainting.com\/wp-content\/uploads\/2025\/05\/Tile-Stripper-5L--12x12.png",12,12,true],"woocommerce_thumbnail":["https:\/\/www.ferberpainting.com\/wp-content\/uploads\/2025\/05\/Tile-Stripper-5L--300x300.png",300,300,true],"woocommerce_single":["https:\/\/www.ferberpainting.com\/wp-content\/uploads\/2025\/05\/Tile-Stripper-5L--600x600.png",600,600,true],"woocommerce_gallery_thumbnail":["https:\/\/www.ferberpainting.com\/wp-content\/uploads\/2025\/05\/Tile-Stripper-5L--100x100.png",100,100,true]},"uagb_author_info":{"display_name":"admin","author_link":"https:\/\/www.ferberpainting.com\/lv\/author\/"},"uagb_comment_info":34,"uagb_excerpt":"Removes old sealers, waxes, and coatings effectively to restore your tiles to their original state. Our tile stripper is specially formulated to dissolve and remove stubborn layers of old wax, acrylic coatings, sealants, polish residues, and built-up maintenance films from tile surfaces. Over time, these layers accumulate and create dullness, discoloration, and uneven appearance. This&hellip;","_links":{"self":[{"href":"https:\/\/www.ferberpainting.com\/lv\/wp-json\/wp\/v2\/product\/25569","targetHints":{"allow":["GET"]}}],"collection":[{"href":"https:\/\/www.ferberpainting.com\/lv\/wp-json\/wp\/v2\/product"}],"about":[{"href":"https:\/\/www.ferberpainting.com\/lv\/wp-json\/wp\/v2\/types\/product"}],"replies":[{"embeddable":true,"href":"https:\/\/www.ferberpainting.com\/lv\/wp-json\/wp\/v2\/comments?post=25569"}],"version-history":[{"count":5,"href":"https:\/\/www.ferberpainting.com\/lv\/wp-json\/wp\/v2\/product\/25569\/revisions"}],"predecessor-version":[{"id":167418,"href":"https:\/\/www.ferberpainting.com\/lv\/wp-json\/wp\/v2\/product\/25569\/revisions\/167418"}],"wp:featuredmedia":[{"embeddable":true,"href":"https:\/\/www.ferberpainting.com\/lv\/wp-json\/wp\/v2\/media\/35866"}],"wp:attachment":[{"href":"https:\/\/www.ferberpainting.com\/lv\/wp-json\/wp\/v2\/media?parent=25569"}],"wp:term":[{"taxonomy":"product_brand","embeddable":true,"href":"https:\/\/www.ferberpainting.com\/lv\/wp-json\/wp\/v2\/product_brand?post=25569"},{"taxonomy":"product_cat","embeddable":true,"href":"https:\/\/www.ferberpainting.com\/lv\/wp-json\/wp\/v2\/product_cat?post=25569"},{"taxonomy":"product_tag","embeddable":true,"href":"https:\/\/www.ferberpainting.com\/lv\/wp-json\/wp\/v2\/product_tag?post=25569"}],"curies":[{"name":"wp","href":"https:\/\/api.w.org\/{rel}","templated":true}]}}