{"id":25361,"date":"2025-06-30T20:36:16","date_gmt":"2025-06-30T18:36:16","guid":{"rendered":"https:\/\/www.ferberpainting.com\/?post_type=product&#038;p=25358"},"modified":"2026-02-16T12:35:08","modified_gmt":"2026-02-16T11:35:08","slug":"terracotta-water-repellent","status":"publish","type":"product","link":"https:\/\/www.ferberpainting.com\/lv\/products\/terracotta-water-repellent\/","title":{"rendered":"\u016adeni atgr\u016bdo\u0161s l\u012bdzeklis terakotai un tomete fl\u012bz\u0113m"},"content":{"rendered":"<p><strong><img decoding=\"async\" style=\"margin-right: 12px;\" src=\"https:\/\/www.ferberpainting.com\/wp-content\/uploads\/2026\/02\/Check.svg\" alt=\"\" width=\"18\" height=\"15\" \/>Aizsardz\u012bba pret mitrumu.<\/strong>\u00a0\u0160is \u016bdensnecaurlaid\u012bgais l\u012bdzeklis terakotas un m\u0101la fl\u012bz\u0113m ir \u012bpa\u0161i izstr\u0101d\u0101ts, lai nodro\u0161in\u0101tu efekt\u012bvu aizsardz\u012bbu pret mitrumu. Tas dzi\u013ci ies\u016bcas porainos materi\u0101los, veidojot neredzamu barjeru, kas nov\u0113r\u0161 \u016bdens iek\u013c\u016b\u0161anu, vienlaikus \u013caujot materi\u0101lam elpot. Tas noz\u012bm\u0113, ka j\u016bsu terakotas vai m\u0101la fl\u012b\u017eu gr\u012bdas ir aizsarg\u0101tas no \u016bdens iek\u013c\u016b\u0161anas, kas laika gait\u0101 var izrais\u012bt to degrad\u0101ciju, pel\u0113jumu vai priek\u0161laic\u012bgu nolieto\u0161anos. Tas ir ide\u0101ls risin\u0101jums, lai saglab\u0101tu skaistas virsmas pat paaugstin\u0101ta mitruma apst\u0101k\u013cos.<\/p>\n<p><strong><img decoding=\"async\" style=\"margin-right: 12px;\" src=\"https:\/\/www.ferberpainting.com\/wp-content\/uploads\/2026\/02\/Check.svg\" alt=\"\" width=\"18\" height=\"15\" \/>Naudas atmaksas garantija.<\/strong>\u00a0M\u0113s esam p\u0101rliecin\u0101ti par m\u016bsu produkta efektivit\u0101ti, t\u0101p\u0113c pied\u0101v\u0101jam apmierin\u0101t\u012bbas vai kompens\u0101cijas garantiju. Ja neesat piln\u012bb\u0101 apmierin\u0101ts ar \u0161\u012b \u016bdensnecaurlaid\u012bg\u0101 l\u012bdzek\u013ca lieto\u0161anas rezult\u0101tiem, varat piepras\u012bt pilnu naudas atmaksu. \u0160\u012b atgrie\u0161anas politika nodro\u0161ina mieru, izm\u0113\u0123inot produktu bez riska.<\/p>\n<p><strong><img decoding=\"async\" style=\"margin-right: 12px;\" src=\"https:\/\/www.ferberpainting.com\/wp-content\/uploads\/2026\/02\/Check.svg\" alt=\"\" width=\"18\" height=\"15\" \/>Aizsardz\u012bba \"viss vien\u0101\".<\/strong>\u00a0\u0160is terakotas un m\u0101la fl\u012b\u017eu \u016bdensnecaurlaid\u012bgais l\u012bdzeklis ir unik\u0101ls ar savu sp\u0113ju aizsarg\u0101t porainas gr\u012bdas, piem\u0113ram, terakotas un m\u0101la fl\u012bzes. Tas labi darbojas ar\u012b uz porainiem dab\u012bgiem materi\u0101liem, piem\u0113ram, ka\u013c\u0137akmens, \u0137ie\u0123e\u013ciem un da\u017e\u0101m cementa virsm\u0101m. T\u0101 daudzpus\u012bba padara to par lielisku risin\u0101jumu liel\u0101m, mitruma iedarb\u012bbai pak\u013caut\u0101m virsm\u0101m, gan dekorat\u012bv\u0101m, gan funkcion\u0101l\u0101m, nodro\u0161inot ilgsto\u0161u un neredzamu aizsardz\u012bbu.<\/p>\n<p><strong><img decoding=\"async\" style=\"margin-right: 12px;\" src=\"https:\/\/www.ferberpainting.com\/wp-content\/uploads\/2026\/02\/Check.svg\" alt=\"\" width=\"18\" height=\"15\" \/>Rentabilit\u0101te.<\/strong>\u00a0\u0160is \u016bdensnecaurlaid\u012bgais p\u0101rkl\u0101jums nodro\u0161ina lielisku veiktsp\u0113ju uz litru. Vid\u0113ji viens litrs sedz 6 l\u012bdz 8 m\u00b2 atkar\u012bb\u0101 no virsmas porain\u012bbas. Ar vienu 5 litru tvertni var apstr\u0101d\u0101t l\u012bdz 40 m\u00b2, t\u0101p\u0113c tas ir sapr\u0101t\u012bgs ieguld\u012bjums gr\u012bdas un dekorat\u012bvo virsmu aizsardz\u012bbai. T\u0101 augst\u0101 veiktsp\u0113ja un ilgais kalpo\u0161anas laiks samazina bie\u017eas atk\u0101rtotas lieto\u0161anas nepiecie\u0161am\u012bbu un pal\u012bdz ietaup\u012bt l\u012bdzek\u013cus uz uztur\u0113\u0161anas r\u0113\u0137ina.<\/p>\n<p><strong><img decoding=\"async\" style=\"margin-right: 12px;\" src=\"https:\/\/www.ferberpainting.com\/wp-content\/uploads\/2026\/02\/Check.svg\" alt=\"\" width=\"18\" height=\"15\" \/>Netoksisks.<\/strong>\u00a0\u0160is produkts ir izstr\u0101d\u0101ts t\u0101, lai b\u016btu dro\u0161s gan lietot\u0101jiem, gan apstr\u0101d\u0101taj\u0101m virsm\u0101m. Tas neizdala kait\u012bgus tvaikus un neboj\u0101 jut\u012bgus materi\u0101lus. Tas nesatur b\u012bstamas vielas, t\u0101p\u0113c ir ide\u0101li piem\u0113rots lieto\u0161anai m\u0101j\u0101s vai profesion\u0101los apst\u0101k\u013cos. Vienm\u0113r iev\u0113rojiet lieto\u0161anas ieteikumus, lai ieg\u016btu dro\u0161us un efekt\u012bvus rezult\u0101tus.<\/p>\n<p><strong><img decoding=\"async\" style=\"margin-right: 12px;\" src=\"https:\/\/www.ferberpainting.com\/wp-content\/uploads\/2026\/02\/Check.svg\" alt=\"\" width=\"18\" height=\"15\" \/>Viegli lietojams.<\/strong>\u00a0Produkts ir gatavs lieto\u0161anai, un to nav nepiecie\u0161ams at\u0161\u0137aid\u012bt. To var uzkl\u0101t tie\u0161i uz virsmas, izmantojot otu, rull\u012bti vai smidzin\u0101t\u0101ju. Uzkl\u0101\u0161ana ir vienk\u0101r\u0161a un pieejama visiem lietot\u0101jiem, pat bez profesion\u0101liem instrumentiem. T\u0101 \u0101trais \u017e\u016b\u0161anas laiks nodro\u0161ina \u0101tru rezult\u0101tu ar minim\u0101lu piep\u016bli. Lielu plat\u012bbu gad\u012bjum\u0101 \u0161is \u016bdensnecaurlaid\u012bgais l\u012bdzeklis ir ide\u0101li piem\u0113rots, lai samazin\u0101tu uzkl\u0101\u0161anas laiku, vienlaikus nodro\u0161inot uzticamu, neredzamu aizsardz\u012bbu.<\/p>\n<p><strong><img decoding=\"async\" style=\"margin-right: 12px;\" src=\"https:\/\/www.ferberpainting.com\/wp-content\/uploads\/2026\/02\/Check.svg\" alt=\"\" width=\"18\" height=\"15\" \/>Iztur\u012bgs un ilgm\u016b\u017e\u012bgs.<\/strong>\u00a0P\u0113c uzkl\u0101\u0161anas \u0161is \u016bdensnecaurlaid\u012bgais l\u012bdzeklis aizsarg\u0101 terakotas un m\u0101la fl\u012b\u017eu gr\u012bdas gadiem ilgi. Norm\u0101los apst\u0101k\u013cos un atkar\u012bb\u0101 no mitruma iedarb\u012bbas viena uzkl\u0101\u0161ana var nodro\u0161in\u0101t aizsardz\u012bbu 2 l\u012bdz 5 gadus. \u0160\u0101ds ilgs kalpo\u0161anas laiks ir galvenais ieguvums, lai samazin\u0101tu uztur\u0113\u0161anas nepiecie\u0161am\u012bbu un saglab\u0101tu virsmas kvalit\u0101ti.<\/p>\n<p><strong><img decoding=\"async\" style=\"margin-right: 12px;\" src=\"https:\/\/www.ferberpainting.com\/wp-content\/uploads\/2026\/02\/Check.svg\" alt=\"\" width=\"18\" height=\"15\" \/>\u0100tra \u017e\u0101v\u0113\u0161ana un \u0101trs rezult\u0101ts.<\/strong>\u00a0\u0160is \u016bdensnecaurlaid\u012bgais l\u012bdzeklis ir paz\u012bstams ar\u012b ar savu \u0101trumu. P\u0113c uzkl\u0101\u0161anas tas \u0101tri ies\u016bcas virsm\u0101 un s\u0101k darboties, neatst\u0101jot lip\u012bgus atlikumus. Iz\u017e\u016b\u0161anas laiks ir no 1 l\u012bdz 2 stund\u0101m, ta\u010du optim\u0101lam rezult\u0101tam m\u0113s iesak\u0101m nogaid\u012bt 24 stundas pirms virsmas pak\u013cau\u0161anas \u016bdens iedarb\u012bbai. \u0160\u012b \u0101tr\u0101 apstr\u0101de ir \u012bpa\u0161i noder\u012bga nep\u0101rtrauktai uztur\u0113\u0161anai vai mitruma jut\u012bgu virsmu \u0101rk\u0101rtas apstr\u0101dei.<\/p>\n<h2><strong>Lieto\u0161anas protokols<\/strong><\/h2>\n<ul>\n<li><strong>Virsmas sagatavo\u0161ana <\/strong>: Pirms produkta lieto\u0161anas p\u0101rliecinieties, ka terakotas vai m\u0101la fl\u012b\u017eu gr\u012bdas ir t\u012bras un sausas. Ja nepiecie\u0161ams, not\u012briet virsmu ar mazg\u0101\u0161anas l\u012bdzekli, lai no\u0146emtu putek\u013cus un taukus. Virsmai j\u0101b\u016bt piln\u012bgi sausai, lai nodro\u0161in\u0101tu labu produkta sa\u0137eri. Ja fl\u012bzes ir mitras, pirms uzkl\u0101\u0161anas nogaidiet vismaz 24 stundas.<\/li>\n<li><strong>Produkta pielietojums <\/strong>: \u0160is \u016bdensnecaurlaid\u012bgais l\u012bdzeklis ir gatavs lieto\u0161anai, un to nav nepiecie\u0161ams at\u0161\u0137aid\u012bt. Uzkl\u0101jiet to tie\u0161i ar otu, rull\u012bti vai smidzin\u0101t\u0101ju. M\u0113s iesak\u0101m str\u0101d\u0101t pa da\u013c\u0101m, lai nodro\u0161in\u0101tu vienm\u0113r\u012bgu p\u0101rkl\u0101jumu. Lai ar smidzin\u0101t\u0101ju sasniegtu vislab\u0101kos rezult\u0101tus, iev\u0113ro aptuveni 30 cm att\u0101lumu. Ja nepiecie\u0161ams, uzkl\u0101jiet otru k\u0101rtu, lai nodro\u0161in\u0101tu lab\u0101ku notur\u012bbu, \u012bpa\u0161i uz porain\u0101m fl\u012bz\u0113m. Izvairieties no p\u0101rs\u0101tin\u0101\u0161anas, vienm\u0113r\u012bgi izklied\u0113jot produktu.<\/li>\n<li><strong>Izmantojamais daudzums <\/strong>: Viens litrs \u016bdensnecaurlaid\u012bg\u0101 l\u012bdzek\u013ca parasti sedz no 6 l\u012bdz 8 m\u00b2 atkar\u012bb\u0101 no virsmas porain\u012bbas. Optim\u0101lam vienreiz\u0113jam p\u0101rkl\u0101jumam ar vienu 5 litru tvertni var apstr\u0101d\u0101t l\u012bdz 40 m\u00b2. Uz \u013coti absorb\u0113jo\u0161\u0101m virsm\u0101m var b\u016bt nepiecie\u0161ams otrs p\u0101rkl\u0101jums. Starp k\u0101rt\u0101m j\u0101pagaida 1 l\u012bdz 2 stundas \u017e\u016b\u0161anai.<\/li>\n<li><strong>\u017d\u0101v\u0113\u0161anas laiks <\/strong>: \u013baujiet produktam no\u017e\u016bt apm\u0113ram 1 l\u012bdz 2 stundas, pirms virsmu pak\u013caut vieglam mitrumam. Lai nodro\u0161in\u0101tu piln\u012bgu efektivit\u0101ti, pirms jebk\u0101das saskares ar \u016bdeni \u013caujiet \u016bdensnecaurlaid\u012bgajai barjerai nostabiliz\u0113ties 24 stundas. P\u0113c uzkl\u0101\u0161anas vismaz 48 stundas izvairieties no lietus vai augsta mitruma iedarb\u012bbas.<\/li>\n<li><strong>Atk\u0101rtota pieteik\u0161an\u0101s <\/strong>: Atkar\u012bb\u0101 no laikapst\u0101k\u013cu iedarb\u012bbas var b\u016bt nepiecie\u0161ama atk\u0101rtota lieto\u0161ana ik p\u0113c 2 l\u012bdz 5 gadiem. Augstas satiksmes intensit\u0101tes vai bie\u017ei mazg\u0101jam\u0101s viet\u0101s optim\u0101las aizsardz\u012bbas uztur\u0113\u0161anai var b\u016bt nepiecie\u0161ama bie\u017e\u0101ka lieto\u0161ana.<\/li>\n<li><strong>Uztur\u0113\u0161ana <\/strong>: \u0160im produktam nav nepiecie\u0161ama \u012bpa\u0161a apkope. Vienk\u0101r\u0161i not\u012briet virsmas ar \u016bdeni un maig\u0101m ziep\u0113m, lai nov\u0113rstu net\u012brumu uzkr\u0101\u0161anos. Izvairieties no asiem \u0137\u012bmiskiem vai abraz\u012bviem t\u012br\u012b\u0161anas l\u012bdzek\u013ciem, kas var saboj\u0101t \u016bdensnecaurlaid\u012bgo pl\u0113vi.<\/li>\n<\/ul>\n<p>Kopum\u0101 \u0161is terakotas un m\u0101la fl\u012b\u017eu \u016bdensnecaurlaid\u012bgais l\u012bdzeklis ir augstas kvalit\u0101tes produkts, kas pagarina fl\u012b\u017eu virsmu kalpo\u0161anas laiku un aizsarg\u0101 t\u0101s pret mitrumu. Viegli uzkl\u0101jams, ekonomisks un ilgnotur\u012bgs, tas ir ide\u0101ls risin\u0101jums, lai saglab\u0101tu fl\u012b\u017eu izskatu un iztur\u012bbu gan dz\u012bvojam\u0101s, gan profesion\u0101l\u0101s telp\u0101s.<\/p>","protected":false},"excerpt":{"rendered":"<p>Moisture Protection.\u00a0This waterproofer for terracotta and clay tiles is specifically designed to offer effective moisture protection. It deeply penetrates porous materials, forming an invisible barrier that prevents water from seeping in while still allowing the material to breathe. This means your terracotta or clay tile floors are protected from water infiltration, which can lead to [&hellip;]<\/p>\n","protected":false},"featured_media":35903,"comment_status":"open","ping_status":"closed","template":"","meta":{"_uag_custom_page_level_css":"","site-sidebar-layout":"default","site-content-layout":"","ast-site-content-layout":"default","site-content-style":"default","site-sidebar-style":"default","ast-global-header-display":"","ast-banner-title-visibility":"","ast-main-header-display":"","ast-hfb-above-header-display":"","ast-hfb-below-header-display":"","ast-hfb-mobile-header-display":"","site-post-title":"","ast-breadcrumbs-content":"","ast-featured-img":"","footer-sml-layout":"","ast-disable-related-posts":"","theme-transparent-header-meta":"default","adv-header-id-meta":"","stick-header-meta":"","header-above-stick-meta":"","header-main-stick-meta":"","header-below-stick-meta":"","astra-migrate-meta-layouts":"set","ast-page-background-enabled":"default","ast-page-background-meta":{"desktop":{"background-color":"var(--ast-global-color-4)","background-image":"","background-repeat":"repeat","background-position":"center center","background-size":"auto","background-attachment":"scroll","background-type":"","background-media":"","overlay-type":"","overlay-color":"","overlay-opacity":"","overlay-gradient":""},"tablet":{"background-color":"","background-image":"","background-repeat":"repeat","background-position":"center center","background-size":"auto","background-attachment":"scroll","background-type":"","background-media":"","overlay-type":"","overlay-color":"","overlay-opacity":"","overlay-gradient":""},"mobile":{"background-color":"","background-image":"","background-repeat":"repeat","background-position":"center center","background-size":"auto","background-attachment":"scroll","background-type":"","background-media":"","overlay-type":"","overlay-color":"","overlay-opacity":"","overlay-gradient":""}},"ast-content-background-meta":{"desktop":{"background-color":"var(--ast-global-color-5)","background-image":"","background-repeat":"repeat","background-position":"center center","background-size":"auto","background-attachment":"scroll","background-type":"","background-media":"","overlay-type":"","overlay-color":"","overlay-opacity":"","overlay-gradient":""},"tablet":{"background-color":"var(--ast-global-color-5)","background-image":"","background-repeat":"repeat","background-position":"center center","background-size":"auto","background-attachment":"scroll","background-type":"","background-media":"","overlay-type":"","overlay-color":"","overlay-opacity":"","overlay-gradient":""},"mobile":{"background-color":"var(--ast-global-color-5)","background-image":"","background-repeat":"repeat","background-position":"center center","background-size":"auto","background-attachment":"scroll","background-type":"","background-media":"","overlay-type":"","overlay-color":"","overlay-opacity":"","overlay-gradient":""}}},"product_brand":[],"product_cat":[191],"product_tag":[],"class_list":{"0":"post-25361","1":"product","2":"type-product","3":"status-publish","4":"has-post-thumbnail","6":"product_cat-water-repellent","7":"desktop-align-left","8":"tablet-align-left","9":"mobile-align-left","11":"first","12":"instock","13":"sale","14":"shipping-taxable","15":"purchasable","16":"product-type-variable","17":"has-default-attributes"},"spectra_custom_meta":{"_visibility":["visible"],"_shopify_product_id":["9106628018421"],"_s2w_shopify_domain":["ferberpainting.myshopify.com"],"_shopify_variant_id":["46626359771381"],"_sku":[""],"_manage_stock":["no"],"total_sales":["72"],"_tax_status":["taxable"],"_tax_class":[""],"_backorders":["no"],"_sold_individually":["no"],"_virtual":["no"],"_downloadable":["no"],"_download_limit":["-1"],"_download_expiry":["-1"],"_stock":[null],"_stock_status":["instock"],"_wc_average_rating":["5.00"],"_wc_review_count":["35"],"_product_attributes":["a:1:{s:6:\"volume\";a:6:{s:4:\"name\";s:6:\"Volume\";s:5:\"value\";s:20:\"5 liters | 25 liters\";s:8:\"position\";i:1;s:10:\"is_visible\";i:0;s:12:\"is_variation\";i:1;s:11:\"is_taxonomy\";i:0;}}"],"_product_version":["10.5.1"],"wpse_downloadable_file_names":[""],"wpse_downloadable_file_urls":[""],"_edit_last":["1"],"_default_attributes":["a:1:{s:6:\"volume\";s:8:\"5 liters\";}"],"_edit_lock":["1771241573:1"],"_price":["29.90","129.90"],"merchant-center-availability":["yes"],"merchant-center-category":["503738"],"_thumbnail_id":["35903"],"_wp_page_template":["default"],"_wp_old_date":["2025-05-26"],"_product_image_gallery":["35904"],"site-sidebar-layout":["default"],"ast-site-content-layout":["default"],"site-content-style":["default"],"site-sidebar-style":["default"],"theme-transparent-header-meta":["default"],"_wc_rating_count":["a:1:{i:5;i:35;}"],"astra-migrate-meta-layouts":["set"],"_uag_css_file_name":["uag-css-25361.css"],"_elementor_page_assets":["a:0:{}"],"_uag_page_assets":["a:9:{s:3:\"css\";s:7133:\".uag-blocks-common-selector{z-index:var(--z-index-desktop) !important}@media(max-width: 976px){.uag-blocks-common-selector{z-index:var(--z-index-tablet) !important}}@media(max-width: 767px){.uag-blocks-common-selector{z-index:var(--z-index-mobile) !important}}.wp-block-uagb-image{display:flex}.wp-block-uagb-image__figure{position:relative;display:flex;flex-direction:column;max-width:100%;height:auto;margin:0}.wp-block-uagb-image__figure img{height:auto;display:flex;max-width:100%;transition:box-shadow .2s ease}.wp-block-uagb-image__figure>a{display:inline-block}.wp-block-uagb-image__figure figcaption{text-align:center;margin-top:.5em;margin-bottom:1em}.wp-block-uagb-image .components-placeholder.block-editor-media-placeholder .components-placeholder__instructions{align-self:center}.wp-block-uagb-image--align-left{text-align:left}.wp-block-uagb-image--align-right{text-align:right}.wp-block-uagb-image--align-center{text-align:center}.wp-block-uagb-image--align-full .wp-block-uagb-image__figure{margin-left:calc(50% - 50vw);margin-right:calc(50% - 50vw);max-width:100vw;width:100vw;height:auto}.wp-block-uagb-image--align-full .wp-block-uagb-image__figure img{height:auto;width:100% !important}.wp-block-uagb-image--align-wide .wp-block-uagb-image__figure img{height:auto;width:100%}.wp-block-uagb-image--layout-overlay__color-wrapper{position:absolute;left:0;top:0;right:0;bottom:0;opacity:.2;background:rgba(0,0,0,.5);transition:opacity .35s ease-in-out}.wp-block-uagb-image--layout-overlay-link{position:absolute;left:0;right:0;bottom:0;top:0}.wp-block-uagb-image--layout-overlay .wp-block-uagb-image__figure:hover .wp-block-uagb-image--layout-overlay__color-wrapper{opacity:1}.wp-block-uagb-image--layout-overlay__inner{position:absolute;left:15px;right:15px;bottom:15px;top:15px;display:flex;align-items:center;justify-content:center;flex-direction:column;border-color:#fff;transition:.35s ease-in-out}.wp-block-uagb-image--layout-overlay__inner.top-left,.wp-block-uagb-image--layout-overlay__inner.top-center,.wp-block-uagb-image--layout-overlay__inner.top-right{justify-content:flex-start}.wp-block-uagb-image--layout-overlay__inner.bottom-left,.wp-block-uagb-image--layout-overlay__inner.bottom-center,.wp-block-uagb-image--layout-overlay__inner.bottom-right{justify-content:flex-end}.wp-block-uagb-image--layout-overlay__inner.top-left,.wp-block-uagb-image--layout-overlay__inner.center-left,.wp-block-uagb-image--layout-overlay__inner.bottom-left{align-items:flex-start}.wp-block-uagb-image--layout-overlay__inner.top-right,.wp-block-uagb-image--layout-overlay__inner.center-right,.wp-block-uagb-image--layout-overlay__inner.bottom-right{align-items:flex-end}.wp-block-uagb-image--layout-overlay__inner .uagb-image-heading{color:#fff;transition:transform .35s,opacity .35s ease-in-out;transform:translate3d(0, 24px, 0);margin:0;line-height:1em}.wp-block-uagb-image--layout-overlay__inner .uagb-image-separator{width:30%;border-top-width:2px;border-top-color:#fff;border-top-style:solid;margin-bottom:10px;opacity:0;transition:transform .4s,opacity .4s ease-in-out;transform:translate3d(0, 30px, 0)}.wp-block-uagb-image--layout-overlay__inner .uagb-image-caption{opacity:0;overflow:visible;color:#fff;transition:transform .45s,opacity .45s ease-in-out;transform:translate3d(0, 35px, 0)}.wp-block-uagb-image--layout-overlay__inner:hover .uagb-image-heading,.wp-block-uagb-image--layout-overlay__inner:hover .uagb-image-separator,.wp-block-uagb-image--layout-overlay__inner:hover .uagb-image-caption{opacity:1;transform:translate3d(0, 0, 0)}.wp-block-uagb-image--effect-zoomin .wp-block-uagb-image__figure img,.wp-block-uagb-image--effect-zoomin .wp-block-uagb-image__figure .wp-block-uagb-image--layout-overlay__color-wrapper{transform:scale(1);transition:transform .35s ease-in-out}.wp-block-uagb-image--effect-zoomin .wp-block-uagb-image__figure:hover img,.wp-block-uagb-image--effect-zoomin .wp-block-uagb-image__figure:hover .wp-block-uagb-image--layout-overlay__color-wrapper{transform:scale(1.05)}.wp-block-uagb-image--effect-slide .wp-block-uagb-image__figure img,.wp-block-uagb-image--effect-slide .wp-block-uagb-image__figure .wp-block-uagb-image--layout-overlay__color-wrapper{width:calc(100% + 40px) !important;max-width:none !important;transform:translate3d(-40px, 0, 0);transition:transform .35s ease-in-out}.wp-block-uagb-image--effect-slide .wp-block-uagb-image__figure:hover img,.wp-block-uagb-image--effect-slide .wp-block-uagb-image__figure:hover .wp-block-uagb-image--layout-overlay__color-wrapper{transform:translate3d(0, 0, 0)}.wp-block-uagb-image--effect-grayscale img{filter:grayscale(0%);transition:.35s ease-in-out}.wp-block-uagb-image--effect-grayscale:hover img{filter:grayscale(100%)}.wp-block-uagb-image--effect-blur img{filter:blur(0);transition:.35s ease-in-out}.wp-block-uagb-image--effect-blur:hover img{filter:blur(3px)}.uagb-block-e6f939b3.wp-block-uagb-image--layout-default figure img{box-shadow: 0px 0px 0 #00000070;}.uagb-block-e6f939b3.wp-block-uagb-image .wp-block-uagb-image__figure figcaption{font-style: normal;align-self: center;}.uagb-block-e6f939b3.wp-block-uagb-image--layout-overlay figure img{box-shadow: 0px 0px 0 #00000070;}.uagb-block-e6f939b3.wp-block-uagb-image--layout-overlay .wp-block-uagb-image--layout-overlay__color-wrapper{opacity: 0.2;}.uagb-block-e6f939b3.wp-block-uagb-image--layout-overlay .wp-block-uagb-image--layout-overlay__inner{left: 15px;right: 15px;top: 15px;bottom: 15px;}.uagb-block-e6f939b3.wp-block-uagb-image--layout-overlay .wp-block-uagb-image--layout-overlay__inner .uagb-image-heading{font-style: normal;color: #fff;opacity: 1;}.uagb-block-e6f939b3.wp-block-uagb-image--layout-overlay .wp-block-uagb-image--layout-overlay__inner .uagb-image-heading a{color: #fff;}.uagb-block-e6f939b3.wp-block-uagb-image--layout-overlay .wp-block-uagb-image--layout-overlay__inner .uagb-image-caption{opacity: 0;}.uagb-block-e6f939b3.wp-block-uagb-image--layout-overlay .wp-block-uagb-image__figure:hover .wp-block-uagb-image--layout-overlay__color-wrapper{opacity: 1;}.uagb-block-e6f939b3.wp-block-uagb-image .wp-block-uagb-image--layout-overlay__inner .uagb-image-separator{width: 30%;border-top-width: 2px;border-top-color: #fff;opacity: 0;}.uagb-block-e6f939b3.wp-block-uagb-image .wp-block-uagb-image__figure img{width: px;height: auto;}.uagb-block-e6f939b3.wp-block-uagb-image .wp-block-uagb-image__figure:hover .wp-block-uagb-image--layout-overlay__inner .uagb-image-caption{opacity: 1;}.uagb-block-e6f939b3.wp-block-uagb-image .wp-block-uagb-image__figure:hover .wp-block-uagb-image--layout-overlay__inner .uagb-image-separator{opacity: 1;}.uagb-block-e6f939b3.wp-block-uagb-image--layout-default figure:hover img{box-shadow: 0px 0px 0 #00000070;}.uagb-block-e6f939b3.wp-block-uagb-image--layout-overlay figure:hover img{box-shadow: 0px 0px 0 #00000070;}@media only screen and (max-width: 976px) {.uagb-block-e6f939b3.wp-block-uagb-image .wp-block-uagb-image__figure img{width: px;height: auto;}}@media only screen and (max-width: 767px) {.uagb-block-e6f939b3.wp-block-uagb-image .wp-block-uagb-image__figure img{width: px;height: auto;}}\";s:2:\"js\";s:0:\"\";s:18:\"current_block_list\";a:13:{i:0;s:11:\"core\/search\";i:1;s:10:\"core\/group\";i:2;s:12:\"core\/heading\";i:3;s:17:\"core\/latest-posts\";i:4;s:20:\"core\/latest-comments\";i:5;s:13:\"core\/archives\";i:6;s:15:\"core\/categories\";i:7;s:14:\"core\/paragraph\";i:8;s:10:\"uagb\/image\";i:9;s:11:\"core\/spacer\";i:10;s:30:\"woocommerce\/product-categories\";i:11;s:10:\"core\/image\";i:12;s:14:\"core\/shortcode\";}s:8:\"uag_flag\";b:1;s:11:\"uag_version\";s:10:\"1777134638\";s:6:\"gfonts\";a:0:{}s:10:\"gfonts_url\";s:0:\"\";s:12:\"gfonts_files\";a:0:{}s:14:\"uag_faq_layout\";b:0;}"]},"uagb_featured_image_src":{"full":["https:\/\/www.ferberpainting.com\/wp-content\/uploads\/2025\/05\/Terracotta-Water-Repellent-5L-.png",2560,2560,false],"thumbnail":["https:\/\/www.ferberpainting.com\/wp-content\/uploads\/2025\/05\/Terracotta-Water-Repellent-5L--150x150.png",150,150,true],"medium":["https:\/\/www.ferberpainting.com\/wp-content\/uploads\/2025\/05\/Terracotta-Water-Repellent-5L--300x300.png",300,300,true],"medium_large":["https:\/\/www.ferberpainting.com\/wp-content\/uploads\/2025\/05\/Terracotta-Water-Repellent-5L--768x768.png",768,768,true],"large":["https:\/\/www.ferberpainting.com\/wp-content\/uploads\/2025\/05\/Terracotta-Water-Repellent-5L--1024x1024.png",1024,1024,true],"1536x1536":["https:\/\/www.ferberpainting.com\/wp-content\/uploads\/2025\/05\/Terracotta-Water-Repellent-5L--1536x1536.png",1536,1536,true],"2048x2048":["https:\/\/www.ferberpainting.com\/wp-content\/uploads\/2025\/05\/Terracotta-Water-Repellent-5L--2048x2048.png",2048,2048,true],"trp-custom-language-flag":["https:\/\/www.ferberpainting.com\/wp-content\/uploads\/2025\/05\/Terracotta-Water-Repellent-5L--12x12.png",12,12,true],"woocommerce_thumbnail":["https:\/\/www.ferberpainting.com\/wp-content\/uploads\/2025\/05\/Terracotta-Water-Repellent-5L--300x300.png",300,300,true],"woocommerce_single":["https:\/\/www.ferberpainting.com\/wp-content\/uploads\/2025\/05\/Terracotta-Water-Repellent-5L--600x600.png",600,600,true],"woocommerce_gallery_thumbnail":["https:\/\/www.ferberpainting.com\/wp-content\/uploads\/2025\/05\/Terracotta-Water-Repellent-5L--100x100.png",100,100,true]},"uagb_author_info":{"display_name":"admin","author_link":"https:\/\/www.ferberpainting.com\/lv\/author\/"},"uagb_comment_info":35,"uagb_excerpt":"Moisture Protection.\u00a0This waterproofer for terracotta and clay tiles is specifically designed to offer effective moisture protection. It deeply penetrates porous materials, forming an invisible barrier that prevents water from seeping in while still allowing the material to breathe. This means your terracotta or clay tile floors are protected from water infiltration, which can lead to&hellip;","_links":{"self":[{"href":"https:\/\/www.ferberpainting.com\/lv\/wp-json\/wp\/v2\/product\/25361","targetHints":{"allow":["GET"]}}],"collection":[{"href":"https:\/\/www.ferberpainting.com\/lv\/wp-json\/wp\/v2\/product"}],"about":[{"href":"https:\/\/www.ferberpainting.com\/lv\/wp-json\/wp\/v2\/types\/product"}],"replies":[{"embeddable":true,"href":"https:\/\/www.ferberpainting.com\/lv\/wp-json\/wp\/v2\/comments?post=25361"}],"version-history":[{"count":3,"href":"https:\/\/www.ferberpainting.com\/lv\/wp-json\/wp\/v2\/product\/25361\/revisions"}],"predecessor-version":[{"id":167379,"href":"https:\/\/www.ferberpainting.com\/lv\/wp-json\/wp\/v2\/product\/25361\/revisions\/167379"}],"wp:featuredmedia":[{"embeddable":true,"href":"https:\/\/www.ferberpainting.com\/lv\/wp-json\/wp\/v2\/media\/35903"}],"wp:attachment":[{"href":"https:\/\/www.ferberpainting.com\/lv\/wp-json\/wp\/v2\/media?parent=25361"}],"wp:term":[{"taxonomy":"product_brand","embeddable":true,"href":"https:\/\/www.ferberpainting.com\/lv\/wp-json\/wp\/v2\/product_brand?post=25361"},{"taxonomy":"product_cat","embeddable":true,"href":"https:\/\/www.ferberpainting.com\/lv\/wp-json\/wp\/v2\/product_cat?post=25361"},{"taxonomy":"product_tag","embeddable":true,"href":"https:\/\/www.ferberpainting.com\/lv\/wp-json\/wp\/v2\/product_tag?post=25361"}],"curies":[{"name":"wp","href":"https:\/\/api.w.org\/{rel}","templated":true}]}}