{"id":25358,"date":"2025-06-30T20:07:05","date_gmt":"2025-06-30T18:07:05","guid":{"rendered":"https:\/\/www.ferberpainting.com\/?post_type=product&#038;p=25358"},"modified":"2026-02-16T12:33:27","modified_gmt":"2026-02-16T11:33:27","slug":"terracotta-cleaner","status":"publish","type":"product","link":"https:\/\/www.ferberpainting.com\/lv\/products\/terracotta-cleaner\/","title":{"rendered":"Terakotas t\u012br\u012b\u0161anas l\u012bdzeklis"},"content":{"rendered":"<p><strong><img decoding=\"async\" style=\"margin-right: 12px;\" src=\"https:\/\/www.ferberpainting.com\/wp-content\/uploads\/2026\/02\/Check.svg\" alt=\"\" width=\"18\" height=\"15\" \/>Atjaunojiet savu terakotas virsmu silto, dabisko skaistumu ar dzi\u013cu un maigu t\u012br\u012b\u0161anas sp\u0113ku.<\/strong> M\u016bsu terakotas t\u012br\u012b\u0161anas l\u012bdzeklis ir \u012bpa\u0161i izstr\u0101d\u0101ts, lai no\u0146emtu iesak\u0146oju\u0161os net\u012brumus, traipus, taukus un ar laikapst\u0101k\u013ciem saist\u012btus atlikumus, neboj\u0101jot terakotas trauslo strukt\u016bru. Laika gait\u0101 terakota var zaud\u0113t savu spilgto kr\u0101su putek\u013cu uzkr\u0101\u0161an\u0101s, organisk\u0101s aug\u0161anas un vides iedarb\u012bbas d\u0113\u013c. \u0160is uzlabotais t\u012br\u012b\u0161anas l\u012bdzeklis iek\u013c\u016bst dzi\u013ci porain\u0101 materi\u0101l\u0101, lai no\u0146emtu net\u012brumus, vienlaikus iev\u0113rojot dabisko m\u0101la sast\u0101vu. Rezult\u0101ts ir atsvaidzin\u0101ta, t\u012bra virsma, kas atkl\u0101j terakotas autentisko siltumu un raksturu.<\/p>\n<p><strong><img decoding=\"async\" style=\"margin-right: 12px;\" src=\"https:\/\/www.ferberpainting.com\/wp-content\/uploads\/2026\/02\/Check.svg\" alt=\"\" width=\"18\" height=\"15\" \/>M\u0113s pied\u0101v\u0101jam naudas atmaksas garantiju piln\u012bgai klientu apmierin\u0101t\u012bbai.<\/strong> M\u0113s esam p\u0101rliecin\u0101ti par m\u016bsu terakotas t\u012br\u012b\u0161anas l\u012bdzek\u013ca efektivit\u0101ti un ar lepnumu nodro\u0161in\u0101m katru pirkumu ar naudas atmaksas garantiju. Ja j\u016bs neb\u016bsiet piln\u012bb\u0101 apmierin\u0101ts ar rezult\u0101tiem, m\u0113s atmaks\u0101sim naudu par pirkumu. T\u0101d\u0113j\u0101di j\u016bs varat bez riska izm\u0113\u0123in\u0101t produktu un uztic\u0113ties, ka m\u0113s esam piln\u012bb\u0101 ap\u0146\u0113mu\u0161ies nodro\u0161in\u0101t uzticamus un redzamus rezult\u0101tus.<\/p>\n<p><strong><img decoding=\"async\" style=\"margin-right: 12px;\" src=\"https:\/\/www.ferberpainting.com\/wp-content\/uploads\/2026\/02\/Check.svg\" alt=\"\" width=\"18\" height=\"15\" \/>Efekt\u012bv\u0101kais pieejamais terakotas t\u012br\u012b\u0161anas \u0161\u0137\u012bdums.<\/strong> M\u016bsu sp\u0113c\u012bg\u0101 formula ir izstr\u0101d\u0101ta t\u0101, lai p\u0101rsp\u0113tu standarta m\u0101jsaimniec\u012bbas t\u012br\u012b\u0161anas l\u012bdzek\u013cus un visp\u0101r\u0113jos \u0101ra mazg\u0101\u0161anas l\u012bdzek\u013cus. T\u0101 iedarbojas uz dzi\u013ci iesak\u0146oju\u0161os net\u012brumiem, tum\u0161iem traipiem, a\u013c\u0123u p\u0113d\u0101m un pies\u0101r\u0146ojuma paliek\u0101m, kas parasti ietekm\u0113 terakotas virsmas. T\u0101 viet\u0101, lai nodro\u0161in\u0101tu tikai virspus\u0113ju t\u012br\u012b\u0161anu, t\u0101 darbojas porain\u0101s strukt\u016bras iek\u0161ien\u0113, likvid\u0113jot uzkr\u0101ju\u0161os pies\u0101r\u0146ojumu, nodro\u0161inot ilglaic\u012bg\u0101ku t\u012br\u012bbu un lab\u0101ku virsmas izskatu.<\/p>\n<p><strong><img decoding=\"async\" style=\"margin-right: 12px;\" src=\"https:\/\/www.ferberpainting.com\/wp-content\/uploads\/2026\/02\/Check.svg\" alt=\"\" width=\"18\" height=\"15\" \/>L\u0113t\u0101kais profesion\u0101l\u0101s klases terakotas t\u012br\u012b\u0161anas l\u012bdzeklis tirg\u016b.<\/strong> Kvalitat\u012bvai t\u012br\u012b\u0161anai j\u0101b\u016bt pieejamai. M\u0113s pied\u0101v\u0101jam viskonkur\u0113tsp\u0113j\u012bg\u0101ko cenu, nemazinot veiktsp\u0113ju un dro\u0161\u012bbu. Optimiz\u0113jot ra\u017eo\u0161anas un pieg\u0101des \u0137\u0113des, m\u0113s pied\u0101v\u0101jam augst\u0101k\u0101s kvalit\u0101tes terakotas t\u012br\u012b\u0161anas l\u012bdzekli par viszem\u0101ko cenu sal\u012bdzin\u0101jum\u0101 ar l\u012bdz\u012bgiem profesion\u0101liem produktiem, padarot to par ekonomisku risin\u0101jumu gan m\u0101ju \u012bpa\u0161niekiem, gan b\u016bvniekiem.<\/p>\n<p><strong><img decoding=\"async\" style=\"margin-right: 12px;\" src=\"https:\/\/www.ferberpainting.com\/wp-content\/uploads\/2026\/02\/Check.svg\" alt=\"\" width=\"18\" height=\"15\" \/>Garant\u0113ta pieg\u0101de 24 stundu laik\u0101 t\u016bl\u012bt\u0113jam rezult\u0101tam.<\/strong> Ja j\u016bsu gr\u012bd\u0101m, fl\u012bz\u0113m vai \u0101ra terakotas virsm\u0101m ir nepiecie\u0161ama uzman\u012bba, \u0101tra piek\u013cuve pareizajam produktam ir b\u016btiska. T\u0101p\u0113c m\u0113s pied\u0101v\u0101jam uzticamu pieg\u0101di 24 stundas diennakt\u012b. J\u016bsu pas\u016bt\u012bjums tiek pieg\u0101d\u0101ts \u0101tri, \u013caujot jums nekav\u0113joties s\u0101kt t\u012br\u012b\u0161anu un efekt\u012bvi pabeigt projektu.<\/p>\n<p><strong><img decoding=\"async\" style=\"margin-right: 12px;\" src=\"https:\/\/www.ferberpainting.com\/wp-content\/uploads\/2026\/02\/Check.svg\" alt=\"\" width=\"18\" height=\"15\" \/>Efekt\u012bvs p\u0101rkl\u0101jums 10 m\u00b2 uz litru prec\u012bzai pl\u0101no\u0161anai.<\/strong> Viens litrs m\u016bsu terakotas t\u012br\u012b\u0161anas l\u012bdzek\u013ca efekt\u012bvi att\u012bra l\u012bdz pat 10 kvadr\u0101tmetriem, atkar\u012bb\u0101 no virsmas porain\u012bbas un pies\u0101r\u0146ojuma pak\u0101pes. \u0160is skaidri noteiktais p\u0101rkl\u0101juma r\u0101d\u012bt\u0101js \u013cauj viegli nov\u0113rt\u0113t nepiecie\u0161amo daudzumu un efekt\u012bvi p\u0101rvald\u012bt bud\u017eetu, nodro\u0161inot vienm\u0113r\u012bgu t\u012br\u012b\u0161anas veiktsp\u0113ju vis\u0101 apstr\u0101d\u0101taj\u0101 plat\u012bb\u0101.<\/p>\n<p><strong><img decoding=\"async\" style=\"margin-right: 12px;\" src=\"https:\/\/www.ferberpainting.com\/wp-content\/uploads\/2026\/02\/Check.svg\" alt=\"\" width=\"18\" height=\"15\" \/>Dro\u0161s jut\u012bg\u0101m un porain\u0101m terakotas virsm\u0101m.<\/strong> Terakota ir dabiski poraina un var b\u016bt jut\u012bga pret agres\u012bv\u0101m \u0137\u012bmisk\u0101m viel\u0101m. M\u016bsu \u012bpa\u0161i sabalans\u0113t\u0101 formula r\u016bp\u012bgi not\u012bra, neizraisot kr\u0101sas mai\u0146u, eroziju vai virsmas boj\u0101jumus, ja to lieto atbilsto\u0161i nor\u0101d\u012bjumiem. T\u0101 saglab\u0101 materi\u0101la integrit\u0101ti, vienlaikus dro\u0161i likvid\u0113jot net\u012brumus un nos\u0113dumus.<\/p>\n<p><strong><img decoding=\"async\" style=\"margin-right: 12px;\" src=\"https:\/\/www.ferberpainting.com\/wp-content\/uploads\/2026\/02\/Check.svg\" alt=\"\" width=\"18\" height=\"15\" \/>Piem\u0113rots lieto\u0161anai iek\u0161telp\u0101s un \u0101rpus telp\u0101m.<\/strong> \u0160o univers\u0101lo t\u012br\u012b\u0161anas l\u012bdzekli var izmantot terakotas gr\u012bdas fl\u012bz\u0113m, sienas fl\u012bz\u0113m, teras\u0113m, balkoniem un dekorat\u012bvajiem elementiem. Tas piel\u0101gojas gan iek\u0161\u0113jiem, gan \u0101r\u0113jiem apst\u0101k\u013ciem, nodro\u0161inot nemain\u012bgu veiktsp\u0113ju neatkar\u012bgi no k\u0101j\u0101m, mitruma vai laikapst\u0101k\u013ciem.<\/p>\n<p><strong><img decoding=\"async\" style=\"margin-right: 12px;\" src=\"https:\/\/www.ferberpainting.com\/wp-content\/uploads\/2026\/02\/Check.svg\" alt=\"\" width=\"18\" height=\"15\" \/>Pal\u012bdz sagatavot virsmas bl\u012bv\u0113\u0161anai vai turpm\u0101kai apstr\u0101dei.<\/strong> No\u0146emot dzi\u013ci iesak\u0146oju\u0161os piemais\u012bjumus un atliekas, t\u012br\u012b\u0161anas l\u012bdzeklis sagatavo terakotas virsmas papildu apstr\u0101dei, piem\u0113ram, bl\u012bv\u0113\u0161anai vai \u016bdens atgr\u016bdo\u0161a l\u012bdzek\u013ca uzkl\u0101\u0161anai. Pareiza t\u012br\u012b\u0161ana uzlabo aizsardz\u012bbas l\u012bdzek\u013cu sa\u0137eri un efektivit\u0101ti, nodro\u0161inot lab\u0101kus ilgtermi\u0146a rezult\u0101tus.<\/p>\n<p><strong><img decoding=\"async\" style=\"margin-right: 12px;\" src=\"https:\/\/www.ferberpainting.com\/wp-content\/uploads\/2026\/02\/Check.svg\" alt=\"\" width=\"18\" height=\"15\" \/>Viegla lieto\u0161ana gan profesion\u0101\u013ciem, gan m\u0101ju \u012bpa\u0161niekiem.<\/strong> Terakotas t\u012br\u012b\u0161anas l\u012bdzekli, kas paredz\u0113ts \u0113rtai lieto\u0161anai, var lietot ar suku, mopu vai zemspiediena smidzin\u0101t\u0101ju. T\u0101 praktiskais sast\u0101vs samazina t\u012br\u012b\u0161anas intensit\u0101ti, vienlaikus nodro\u0161inot vienm\u0113r\u012bgu izkliedi un uzticamu t\u012br\u012b\u0161anu, t\u0101p\u0113c tas ir piem\u0113rots gan neliel\u0101m dz\u012bvojam\u0101m telp\u0101m, gan liel\u0101m komercplat\u012bb\u0101m.<\/p>\n<h2><strong>Instrukcijas<\/strong><\/h2>\n<ul>\n<li>Pirms produkta uzkl\u0101\u0161anas ar slotu vai putek\u013cu s\u016bc\u0113ju no terakotas virsmas not\u012briet putek\u013cus un gru\u017eus.<\/li>\n<li>R\u016bp\u012bgi sakratiet vai samaisiet terakotas t\u012br\u012b\u0161anas l\u012bdzekli, lai nodro\u0161in\u0101tu, ka akt\u012bv\u0101s sast\u0101vda\u013cas vienm\u0113r\u012bgi sadal\u0101s.<\/li>\n<li>At\u0161\u0137aidiet l\u012bdzekli atbilsto\u0161i net\u012brumu l\u012bmenim. Smagu traipu un dzi\u013cas t\u012br\u012b\u0161anas gad\u012bjum\u0101 izmantojiet neat\u0161\u0137aid\u012btu l\u012bdzekli. Vid\u0113ji stipru net\u012brumu gad\u012bjum\u0101 at\u0161\u0137aidiet l\u012bdzekli ar \u016bdeni, k\u0101 ieteikts uz iepakojuma.<\/li>\n<li>\u0160\u0137\u012bdumu vienm\u0113r\u012bgi uzkl\u0101jiet, izmantojot mopu, suku vai smidzin\u0101t\u0101ju, nodro\u0161inot piln\u012bgu virsmas p\u0101rkl\u0101jumu.<\/li>\n<li>Ieteicam\u0101 deva ir aptuveni 100 ml uz kvadr\u0101tmetru, jo viens litrs izt\u012bra l\u012bdz 10 m\u00b2. Nedaudz palieliniet devu \u013coti porain\u0101m vai stipri net\u012br\u0101m viet\u0101m.<\/li>\n<li>Atkar\u012bb\u0101 no net\u012brumu intensit\u0101tes \u013caujiet produktam iedarboties 5 l\u012bdz 15 min\u016btes. \u0160aj\u0101 laik\u0101 ne\u013caujiet virsmai piln\u012bb\u0101 no\u017e\u016bt.<\/li>\n<li>Notur\u012bgu traipu gad\u012bjum\u0101 maigi berz\u0113jiet ar m\u012bkstu vai vid\u0113ji cietu birsti, lai uzlabotu t\u012br\u012b\u0161anas efektivit\u0101ti.<\/li>\n<li>R\u016bp\u012bgi noskalojiet ar t\u012bru \u016bdeni, lai no\u0146emtu atbr\u012bvoju\u0161os net\u012brumus un produkta atliekas.<\/li>\n<li>Ja nepiecie\u0161ams, atk\u0101rtojiet procesu, ja ir stipri aptraip\u012btas vai nov\u0101rt\u0101 atst\u0101tas virsmas.<\/li>\n<li>Pirms aizsargapstr\u0101des, piem\u0113ram, ar herm\u0113ti\u0137i vai \u016bdens atgr\u016bdo\u0161o l\u012bdzekli, \u013caujiet virsmai piln\u012bb\u0101 no\u017e\u016bt.<\/li>\n<li>T\u016bl\u012bt p\u0113c lieto\u0161anas instrumentus not\u012briet ar \u016bdeni.<\/li>\n<li>Uzglab\u0101jiet produktu cie\u0161i nosl\u0113gtu v\u0113s\u0101, saus\u0101 viet\u0101, pasarg\u0101tu no sala un tie\u0161iem saules stariem. Uzglab\u0101t b\u0113rniem nepieejam\u0101 viet\u0101 un darb\u0101 ar produktu iev\u0113rot standarta dro\u0161\u012bbas pas\u0101kumus.<\/li>\n<\/ul>","protected":false},"excerpt":{"rendered":"<p>Restore the warm, natural beauty of your terracotta surfaces with deep and gentle cleaning power. Our terracotta cleaner is specially formulated to remove embedded dirt, stains, grease, and weather-related residues without damaging the delicate structure of terracotta. Over time, terracotta can lose its vibrant color due to dust buildup, organic growth, and environmental exposure. This [&hellip;]<\/p>\n","protected":false},"featured_media":35883,"comment_status":"open","ping_status":"closed","template":"","meta":{"_uag_custom_page_level_css":"","site-sidebar-layout":"default","site-content-layout":"","ast-site-content-layout":"default","site-content-style":"default","site-sidebar-style":"default","ast-global-header-display":"","ast-banner-title-visibility":"","ast-main-header-display":"","ast-hfb-above-header-display":"","ast-hfb-below-header-display":"","ast-hfb-mobile-header-display":"","site-post-title":"","ast-breadcrumbs-content":"","ast-featured-img":"","footer-sml-layout":"","ast-disable-related-posts":"","theme-transparent-header-meta":"default","adv-header-id-meta":"","stick-header-meta":"","header-above-stick-meta":"","header-main-stick-meta":"","header-below-stick-meta":"","astra-migrate-meta-layouts":"set","ast-page-background-enabled":"default","ast-page-background-meta":{"desktop":{"background-color":"var(--ast-global-color-4)","background-image":"","background-repeat":"repeat","background-position":"center center","background-size":"auto","background-attachment":"scroll","background-type":"","background-media":"","overlay-type":"","overlay-color":"","overlay-opacity":"","overlay-gradient":""},"tablet":{"background-color":"","background-image":"","background-repeat":"repeat","background-position":"center center","background-size":"auto","background-attachment":"scroll","background-type":"","background-media":"","overlay-type":"","overlay-color":"","overlay-opacity":"","overlay-gradient":""},"mobile":{"background-color":"","background-image":"","background-repeat":"repeat","background-position":"center center","background-size":"auto","background-attachment":"scroll","background-type":"","background-media":"","overlay-type":"","overlay-color":"","overlay-opacity":"","overlay-gradient":""}},"ast-content-background-meta":{"desktop":{"background-color":"var(--ast-global-color-5)","background-image":"","background-repeat":"repeat","background-position":"center center","background-size":"auto","background-attachment":"scroll","background-type":"","background-media":"","overlay-type":"","overlay-color":"","overlay-opacity":"","overlay-gradient":""},"tablet":{"background-color":"var(--ast-global-color-5)","background-image":"","background-repeat":"repeat","background-position":"center center","background-size":"auto","background-attachment":"scroll","background-type":"","background-media":"","overlay-type":"","overlay-color":"","overlay-opacity":"","overlay-gradient":""},"mobile":{"background-color":"var(--ast-global-color-5)","background-image":"","background-repeat":"repeat","background-position":"center center","background-size":"auto","background-attachment":"scroll","background-type":"","background-media":"","overlay-type":"","overlay-color":"","overlay-opacity":"","overlay-gradient":""}}},"product_brand":[],"product_cat":[175],"product_tag":[],"class_list":{"0":"post-25358","1":"product","2":"type-product","3":"status-publish","4":"has-post-thumbnail","6":"product_cat-cleaning-products","7":"desktop-align-left","8":"tablet-align-left","9":"mobile-align-left","11":"first","12":"instock","13":"sale","14":"taxable","15":"shipping-taxable","16":"purchasable","17":"product-type-variable","18":"has-default-attributes"},"spectra_custom_meta":{"_visibility":["visible"],"_shopify_product_id":["9106518737141"],"_s2w_shopify_domain":["ferberpainting.myshopify.com"],"_shopify_variant_id":["46626219458805"],"_sku":[""],"_manage_stock":["no"],"total_sales":["17"],"_tax_status":["taxable"],"_tax_class":[""],"_backorders":["no"],"_sold_individually":["no"],"_virtual":["no"],"_downloadable":["no"],"_download_limit":["-1"],"_download_expiry":["-1"],"_stock":[null],"_stock_status":["instock"],"_wc_average_rating":["5.00"],"_wc_review_count":["11"],"_product_attributes":["a:1:{s:6:\"volume\";a:6:{s:4:\"name\";s:6:\"Volume\";s:5:\"value\";s:20:\"5 liters | 25 liters\";s:8:\"position\";i:1;s:10:\"is_visible\";i:0;s:12:\"is_variation\";i:1;s:11:\"is_taxonomy\";i:0;}}"],"_product_version":["10.5.1"],"wpse_downloadable_file_names":[""],"wpse_downloadable_file_urls":[""],"_edit_last":["1"],"_default_attributes":["a:1:{s:6:\"volume\";s:8:\"5 liters\";}"],"_edit_lock":["1771241479:1"],"merchant-center-category":["7504"],"_price":["29.90","129.90"],"merchant-center-availability":["yes"],"_thumbnail_id":["35883"],"_wp_page_template":["default"],"_wp_old_date":["2025-05-26"],"_product_image_gallery":["35884"],"site-sidebar-layout":["default"],"ast-site-content-layout":["default"],"site-content-style":["default"],"site-sidebar-style":["default"],"theme-transparent-header-meta":["default"],"_wc_rating_count":["a:1:{i:5;i:11;}"],"astra-migrate-meta-layouts":["set"],"_uag_css_file_name":["uag-css-25358.css"],"_elementor_page_assets":["a:0:{}"],"_uag_page_assets":["a:9:{s:3:\"css\";s:7133:\".uag-blocks-common-selector{z-index:var(--z-index-desktop) !important}@media(max-width: 976px){.uag-blocks-common-selector{z-index:var(--z-index-tablet) !important}}@media(max-width: 767px){.uag-blocks-common-selector{z-index:var(--z-index-mobile) !important}}.wp-block-uagb-image{display:flex}.wp-block-uagb-image__figure{position:relative;display:flex;flex-direction:column;max-width:100%;height:auto;margin:0}.wp-block-uagb-image__figure img{height:auto;display:flex;max-width:100%;transition:box-shadow .2s ease}.wp-block-uagb-image__figure>a{display:inline-block}.wp-block-uagb-image__figure figcaption{text-align:center;margin-top:.5em;margin-bottom:1em}.wp-block-uagb-image .components-placeholder.block-editor-media-placeholder .components-placeholder__instructions{align-self:center}.wp-block-uagb-image--align-left{text-align:left}.wp-block-uagb-image--align-right{text-align:right}.wp-block-uagb-image--align-center{text-align:center}.wp-block-uagb-image--align-full .wp-block-uagb-image__figure{margin-left:calc(50% - 50vw);margin-right:calc(50% - 50vw);max-width:100vw;width:100vw;height:auto}.wp-block-uagb-image--align-full .wp-block-uagb-image__figure img{height:auto;width:100% !important}.wp-block-uagb-image--align-wide .wp-block-uagb-image__figure img{height:auto;width:100%}.wp-block-uagb-image--layout-overlay__color-wrapper{position:absolute;left:0;top:0;right:0;bottom:0;opacity:.2;background:rgba(0,0,0,.5);transition:opacity .35s ease-in-out}.wp-block-uagb-image--layout-overlay-link{position:absolute;left:0;right:0;bottom:0;top:0}.wp-block-uagb-image--layout-overlay .wp-block-uagb-image__figure:hover .wp-block-uagb-image--layout-overlay__color-wrapper{opacity:1}.wp-block-uagb-image--layout-overlay__inner{position:absolute;left:15px;right:15px;bottom:15px;top:15px;display:flex;align-items:center;justify-content:center;flex-direction:column;border-color:#fff;transition:.35s ease-in-out}.wp-block-uagb-image--layout-overlay__inner.top-left,.wp-block-uagb-image--layout-overlay__inner.top-center,.wp-block-uagb-image--layout-overlay__inner.top-right{justify-content:flex-start}.wp-block-uagb-image--layout-overlay__inner.bottom-left,.wp-block-uagb-image--layout-overlay__inner.bottom-center,.wp-block-uagb-image--layout-overlay__inner.bottom-right{justify-content:flex-end}.wp-block-uagb-image--layout-overlay__inner.top-left,.wp-block-uagb-image--layout-overlay__inner.center-left,.wp-block-uagb-image--layout-overlay__inner.bottom-left{align-items:flex-start}.wp-block-uagb-image--layout-overlay__inner.top-right,.wp-block-uagb-image--layout-overlay__inner.center-right,.wp-block-uagb-image--layout-overlay__inner.bottom-right{align-items:flex-end}.wp-block-uagb-image--layout-overlay__inner .uagb-image-heading{color:#fff;transition:transform .35s,opacity .35s ease-in-out;transform:translate3d(0, 24px, 0);margin:0;line-height:1em}.wp-block-uagb-image--layout-overlay__inner .uagb-image-separator{width:30%;border-top-width:2px;border-top-color:#fff;border-top-style:solid;margin-bottom:10px;opacity:0;transition:transform .4s,opacity .4s ease-in-out;transform:translate3d(0, 30px, 0)}.wp-block-uagb-image--layout-overlay__inner .uagb-image-caption{opacity:0;overflow:visible;color:#fff;transition:transform .45s,opacity .45s ease-in-out;transform:translate3d(0, 35px, 0)}.wp-block-uagb-image--layout-overlay__inner:hover .uagb-image-heading,.wp-block-uagb-image--layout-overlay__inner:hover .uagb-image-separator,.wp-block-uagb-image--layout-overlay__inner:hover .uagb-image-caption{opacity:1;transform:translate3d(0, 0, 0)}.wp-block-uagb-image--effect-zoomin .wp-block-uagb-image__figure img,.wp-block-uagb-image--effect-zoomin .wp-block-uagb-image__figure .wp-block-uagb-image--layout-overlay__color-wrapper{transform:scale(1);transition:transform .35s ease-in-out}.wp-block-uagb-image--effect-zoomin .wp-block-uagb-image__figure:hover img,.wp-block-uagb-image--effect-zoomin .wp-block-uagb-image__figure:hover .wp-block-uagb-image--layout-overlay__color-wrapper{transform:scale(1.05)}.wp-block-uagb-image--effect-slide .wp-block-uagb-image__figure img,.wp-block-uagb-image--effect-slide .wp-block-uagb-image__figure .wp-block-uagb-image--layout-overlay__color-wrapper{width:calc(100% + 40px) !important;max-width:none !important;transform:translate3d(-40px, 0, 0);transition:transform .35s ease-in-out}.wp-block-uagb-image--effect-slide .wp-block-uagb-image__figure:hover img,.wp-block-uagb-image--effect-slide .wp-block-uagb-image__figure:hover .wp-block-uagb-image--layout-overlay__color-wrapper{transform:translate3d(0, 0, 0)}.wp-block-uagb-image--effect-grayscale img{filter:grayscale(0%);transition:.35s ease-in-out}.wp-block-uagb-image--effect-grayscale:hover img{filter:grayscale(100%)}.wp-block-uagb-image--effect-blur img{filter:blur(0);transition:.35s ease-in-out}.wp-block-uagb-image--effect-blur:hover img{filter:blur(3px)}.uagb-block-e6f939b3.wp-block-uagb-image--layout-default figure img{box-shadow: 0px 0px 0 #00000070;}.uagb-block-e6f939b3.wp-block-uagb-image .wp-block-uagb-image__figure figcaption{font-style: normal;align-self: center;}.uagb-block-e6f939b3.wp-block-uagb-image--layout-overlay figure img{box-shadow: 0px 0px 0 #00000070;}.uagb-block-e6f939b3.wp-block-uagb-image--layout-overlay .wp-block-uagb-image--layout-overlay__color-wrapper{opacity: 0.2;}.uagb-block-e6f939b3.wp-block-uagb-image--layout-overlay .wp-block-uagb-image--layout-overlay__inner{left: 15px;right: 15px;top: 15px;bottom: 15px;}.uagb-block-e6f939b3.wp-block-uagb-image--layout-overlay .wp-block-uagb-image--layout-overlay__inner .uagb-image-heading{font-style: normal;color: #fff;opacity: 1;}.uagb-block-e6f939b3.wp-block-uagb-image--layout-overlay .wp-block-uagb-image--layout-overlay__inner .uagb-image-heading a{color: #fff;}.uagb-block-e6f939b3.wp-block-uagb-image--layout-overlay .wp-block-uagb-image--layout-overlay__inner .uagb-image-caption{opacity: 0;}.uagb-block-e6f939b3.wp-block-uagb-image--layout-overlay .wp-block-uagb-image__figure:hover .wp-block-uagb-image--layout-overlay__color-wrapper{opacity: 1;}.uagb-block-e6f939b3.wp-block-uagb-image .wp-block-uagb-image--layout-overlay__inner .uagb-image-separator{width: 30%;border-top-width: 2px;border-top-color: #fff;opacity: 0;}.uagb-block-e6f939b3.wp-block-uagb-image .wp-block-uagb-image__figure img{width: px;height: auto;}.uagb-block-e6f939b3.wp-block-uagb-image .wp-block-uagb-image__figure:hover .wp-block-uagb-image--layout-overlay__inner .uagb-image-caption{opacity: 1;}.uagb-block-e6f939b3.wp-block-uagb-image .wp-block-uagb-image__figure:hover .wp-block-uagb-image--layout-overlay__inner .uagb-image-separator{opacity: 1;}.uagb-block-e6f939b3.wp-block-uagb-image--layout-default figure:hover img{box-shadow: 0px 0px 0 #00000070;}.uagb-block-e6f939b3.wp-block-uagb-image--layout-overlay figure:hover img{box-shadow: 0px 0px 0 #00000070;}@media only screen and (max-width: 976px) {.uagb-block-e6f939b3.wp-block-uagb-image .wp-block-uagb-image__figure img{width: px;height: auto;}}@media only screen and (max-width: 767px) {.uagb-block-e6f939b3.wp-block-uagb-image .wp-block-uagb-image__figure img{width: px;height: auto;}}\";s:2:\"js\";s:0:\"\";s:18:\"current_block_list\";a:13:{i:0;s:11:\"core\/search\";i:1;s:10:\"core\/group\";i:2;s:12:\"core\/heading\";i:3;s:17:\"core\/latest-posts\";i:4;s:20:\"core\/latest-comments\";i:5;s:13:\"core\/archives\";i:6;s:15:\"core\/categories\";i:7;s:14:\"core\/paragraph\";i:8;s:10:\"uagb\/image\";i:9;s:11:\"core\/spacer\";i:10;s:30:\"woocommerce\/product-categories\";i:11;s:10:\"core\/image\";i:12;s:14:\"core\/shortcode\";}s:8:\"uag_flag\";b:1;s:11:\"uag_version\";s:10:\"1777221603\";s:6:\"gfonts\";a:0:{}s:10:\"gfonts_url\";s:0:\"\";s:12:\"gfonts_files\";a:0:{}s:14:\"uag_faq_layout\";b:0;}"]},"uagb_featured_image_src":{"full":["https:\/\/www.ferberpainting.com\/wp-content\/uploads\/2025\/05\/Terracotta-Cleaner-5L.png",2560,2560,false],"thumbnail":["https:\/\/www.ferberpainting.com\/wp-content\/uploads\/2025\/05\/Terracotta-Cleaner-5L-150x150.png",150,150,true],"medium":["https:\/\/www.ferberpainting.com\/wp-content\/uploads\/2025\/05\/Terracotta-Cleaner-5L-300x300.png",300,300,true],"medium_large":["https:\/\/www.ferberpainting.com\/wp-content\/uploads\/2025\/05\/Terracotta-Cleaner-5L-768x768.png",768,768,true],"large":["https:\/\/www.ferberpainting.com\/wp-content\/uploads\/2025\/05\/Terracotta-Cleaner-5L-1024x1024.png",1024,1024,true],"1536x1536":["https:\/\/www.ferberpainting.com\/wp-content\/uploads\/2025\/05\/Terracotta-Cleaner-5L-1536x1536.png",1536,1536,true],"2048x2048":["https:\/\/www.ferberpainting.com\/wp-content\/uploads\/2025\/05\/Terracotta-Cleaner-5L-2048x2048.png",2048,2048,true],"trp-custom-language-flag":["https:\/\/www.ferberpainting.com\/wp-content\/uploads\/2025\/05\/Terracotta-Cleaner-5L-12x12.png",12,12,true],"woocommerce_thumbnail":["https:\/\/www.ferberpainting.com\/wp-content\/uploads\/2025\/05\/Terracotta-Cleaner-5L-300x300.png",300,300,true],"woocommerce_single":["https:\/\/www.ferberpainting.com\/wp-content\/uploads\/2025\/05\/Terracotta-Cleaner-5L-600x600.png",600,600,true],"woocommerce_gallery_thumbnail":["https:\/\/www.ferberpainting.com\/wp-content\/uploads\/2025\/05\/Terracotta-Cleaner-5L-100x100.png",100,100,true]},"uagb_author_info":{"display_name":"admin","author_link":"https:\/\/www.ferberpainting.com\/lv\/author\/"},"uagb_comment_info":11,"uagb_excerpt":"Restore the warm, natural beauty of your terracotta surfaces with deep and gentle cleaning power. Our terracotta cleaner is specially formulated to remove embedded dirt, stains, grease, and weather-related residues without damaging the delicate structure of terracotta. Over time, terracotta can lose its vibrant color due to dust buildup, organic growth, and environmental exposure. This&hellip;","_links":{"self":[{"href":"https:\/\/www.ferberpainting.com\/lv\/wp-json\/wp\/v2\/product\/25358","targetHints":{"allow":["GET"]}}],"collection":[{"href":"https:\/\/www.ferberpainting.com\/lv\/wp-json\/wp\/v2\/product"}],"about":[{"href":"https:\/\/www.ferberpainting.com\/lv\/wp-json\/wp\/v2\/types\/product"}],"replies":[{"embeddable":true,"href":"https:\/\/www.ferberpainting.com\/lv\/wp-json\/wp\/v2\/comments?post=25358"}],"version-history":[{"count":4,"href":"https:\/\/www.ferberpainting.com\/lv\/wp-json\/wp\/v2\/product\/25358\/revisions"}],"predecessor-version":[{"id":167376,"href":"https:\/\/www.ferberpainting.com\/lv\/wp-json\/wp\/v2\/product\/25358\/revisions\/167376"}],"wp:featuredmedia":[{"embeddable":true,"href":"https:\/\/www.ferberpainting.com\/lv\/wp-json\/wp\/v2\/media\/35883"}],"wp:attachment":[{"href":"https:\/\/www.ferberpainting.com\/lv\/wp-json\/wp\/v2\/media?parent=25358"}],"wp:term":[{"taxonomy":"product_brand","embeddable":true,"href":"https:\/\/www.ferberpainting.com\/lv\/wp-json\/wp\/v2\/product_brand?post=25358"},{"taxonomy":"product_cat","embeddable":true,"href":"https:\/\/www.ferberpainting.com\/lv\/wp-json\/wp\/v2\/product_cat?post=25358"},{"taxonomy":"product_tag","embeddable":true,"href":"https:\/\/www.ferberpainting.com\/lv\/wp-json\/wp\/v2\/product_tag?post=25358"}],"curies":[{"name":"wp","href":"https:\/\/api.w.org\/{rel}","templated":true}]}}