{"id":25355,"date":"2025-05-26T10:31:09","date_gmt":"2025-05-26T08:31:09","guid":{"rendered":"https:\/\/www.ferberpainting.com\/products\/terrace-water-repellent\/"},"modified":"2026-02-16T12:31:27","modified_gmt":"2026-02-16T11:31:27","slug":"terrace-water-repellent","status":"publish","type":"product","link":"https:\/\/www.ferberpainting.com\/lv\/products\/terrace-water-repellent\/","title":{"rendered":"Terases hidroizol\u0101cijas l\u012bdzeklis"},"content":{"rendered":"<p><strong><img decoding=\"async\" style=\"margin-right: 12px;\" src=\"https:\/\/www.ferberpainting.com\/wp-content\/uploads\/2026\/02\/Check.svg\" alt=\"\" width=\"18\" height=\"15\" \/>Nodro\u0161ina ilgsto\u0161u \u016bdensnecaurlaid\u012bgu aizsardz\u012bbu j\u016bsu terases virsm\u0101m.<\/strong> M\u016bsu terases \u016bdens atgr\u016bdo\u0161ais l\u012bdzeklis ir \u012bpa\u0161i izstr\u0101d\u0101ts, lai aizsarg\u0101tu \u0101r\u0113j\u0101s miner\u0101lmateri\u0101lu virsmas pret \u016bdens iek\u013c\u016b\u0161anu, mitruma boj\u0101jumiem un laikapst\u0101k\u013cu izrais\u012btu boj\u0101\u0161anos. Uzlabot\u0101 formula dzi\u013ci iek\u013c\u016bst porainos materi\u0101los un veido neredzamu hidrofobu barjeru, kas atgr\u016b\u017e lietus \u016bdeni, vienlaikus \u013caujot virsmai elpot. Nov\u0113r\u0161ot \u016bdens uzs\u016bk\u0161anos, tas samazina plais\u0101\u0161anu, sala boj\u0101jumus, izskalojumus un strukt\u016bras v\u0101jin\u0101\u0161anos, saglab\u0101jot gan terases izskatu, gan ilgm\u016b\u017e\u012bbu gadiem ilgi.<\/p>\n<p><strong><img decoding=\"async\" style=\"margin-right: 12px;\" src=\"https:\/\/www.ferberpainting.com\/wp-content\/uploads\/2026\/02\/Check.svg\" alt=\"\" width=\"18\" height=\"15\" \/>M\u0113s pied\u0101v\u0101jam naudas atmaksas garantiju piln\u012bgai p\u0101rliec\u012bbai.<\/strong> J\u016bsu apmierin\u0101t\u012bba ir m\u016bsu priorit\u0101te, un m\u0113s piln\u012bb\u0101 atbalst\u0101m m\u016bsu terases \u016bdens atgr\u016bdo\u0161\u0101 l\u012bdzek\u013ca veiktsp\u0113ju. Ja neesat piln\u012bb\u0101 apmierin\u0101ts ar rezult\u0101tiem, m\u0113s atmaks\u0101sim naudu par pirkumu. \u0160\u012b naudas atmaksas garantija \u013cauj jums izm\u0113\u0123in\u0101t produktu bez riska, zinot, ka j\u016bsu ieguld\u012bjums ir aizsarg\u0101ts un atbalst\u012bts ar m\u016bsu ap\u0146em\u0161anos nodro\u0161in\u0101t kvalit\u0101ti.<\/p>\n<p><strong><img decoding=\"async\" style=\"margin-right: 12px;\" src=\"https:\/\/www.ferberpainting.com\/wp-content\/uploads\/2026\/02\/Check.svg\" alt=\"\" width=\"18\" height=\"15\" \/>Efekt\u012bv\u0101kais \u016bdens atgr\u016bdo\u0161s risin\u0101jums tirg\u016b.<\/strong> M\u016bsu profesion\u0101l\u0101s kvalit\u0101tes formula nodro\u0161ina izcilu hidrofobiju sal\u012bdzin\u0101jum\u0101 ar standarta bl\u012bv\u0113t\u0101jiem. T\u0101 dzi\u013ci ies\u016bcas akmen\u012b, beton\u0101 un bru\u0123a materi\u0101los, lai rad\u012btu notur\u012bgu iek\u0161\u0113jo aizsardz\u012bbu, nevis veidotu virspus\u0113ju pl\u0113vi, kas var nolob\u012bties vai saplais\u0101t. Rezult\u0101ts ir \u013coti efekt\u012bva, ilgsto\u0161a notur\u012bba pret \u016bdens iek\u013c\u016b\u0161anu, kas pal\u012bdz nov\u0113rst ilgtermi\u0146a mitruma rad\u012btos boj\u0101jumus un samazina uztur\u0113\u0161anas bie\u017eumu.<\/p>\n<p><strong><img decoding=\"async\" style=\"margin-right: 12px;\" src=\"https:\/\/www.ferberpainting.com\/wp-content\/uploads\/2026\/02\/Check.svg\" alt=\"\" width=\"18\" height=\"15\" \/>L\u0113t\u0101kais pieejamais profesion\u0101lais terases \u016bdens atgr\u016bdo\u0161ais l\u012bdzeklis.<\/strong> Augsta l\u012bme\u0146a aizsardz\u012bbai nav j\u0101b\u016bt d\u0101rgai. M\u0113s pied\u0101v\u0101jam viskonkur\u0113tsp\u0113j\u012bg\u0101k\u0101s cenas, neapdraudot veiktsp\u0113ju. Optimiz\u0113jot ra\u017eo\u0161anas un izplat\u012b\u0161anas procesus, m\u0113s nodro\u0161in\u0101m augst\u0101k\u0101s kvalit\u0101tes terases aizsardz\u012bbu par viszem\u0101ko cenu sal\u012bdzin\u0101jum\u0101 ar l\u012bdz\u012bgiem produktiem, sniedzot jums maksim\u0101lu v\u0113rt\u012bbu j\u016bsu ieguld\u012bjumam.<\/p>\n<p><strong><img decoding=\"async\" style=\"margin-right: 12px;\" src=\"https:\/\/www.ferberpainting.com\/wp-content\/uploads\/2026\/02\/Check.svg\" alt=\"\" width=\"18\" height=\"15\" \/>Garant\u0113ta pieg\u0101de 24 stundu laik\u0101 t\u016bl\u012bt\u0113jai aizsardz\u012bbai.<\/strong> Ja j\u016bsu terase ir pak\u013cauta sp\u0113c\u012bgam lietum vai sezon\u0101l\u0101m laikapst\u0101k\u013cu izmai\u0146\u0101m, ir svar\u012bgi r\u012bkoties \u0101tri. T\u0101p\u0113c m\u0113s pied\u0101v\u0101jam uzticamu pieg\u0101di 24 stundas diennakt\u012b, nodro\u0161inot, ka j\u016bsu terases \u016bdens atgr\u016bdo\u0161ais l\u012bdzeklis tiek pieg\u0101d\u0101ts \u0101tri un ir gatavs t\u016bl\u012bt\u0113jai lieto\u0161anai. \u0160\u012b \u0101tr\u0101 pieg\u0101de \u013cauj jums \u0101tri un efekt\u012bvi aizsarg\u0101t savas virsmas.<\/p>\n<p><strong><img decoding=\"async\" style=\"margin-right: 12px;\" src=\"https:\/\/www.ferberpainting.com\/wp-content\/uploads\/2026\/02\/Check.svg\" alt=\"\" width=\"18\" height=\"15\" \/>Efekt\u012bvs p\u0101rkl\u0101jums 10 m\u00b2 uz litru prec\u012bzai projekta pl\u0101no\u0161anai.<\/strong> Viens litrs m\u016bsu terases \u016bdens atgr\u016bdo\u0161\u0101 l\u012bdzek\u013ca apstr\u0101d\u0101 l\u012bdz 10 kvadr\u0101tmetriem, atkar\u012bb\u0101 no virsmas porain\u012bbas un absorbcijas pak\u0101pes. \u0160\u012b skaidr\u0101 p\u0101rkl\u0101juma norma \u013cauj viegli apr\u0113\u0137in\u0101t prec\u012bzu nepiecie\u0161amo daudzumu, nodro\u0161inot izmaksu kontroli un samazinot atkritumu daudzumu, vienlaikus nodro\u0161inot vienm\u0113r\u012bgu aizsardz\u012bbu vis\u0101 apstr\u0101d\u0101taj\u0101 plat\u012bb\u0101.<\/p>\n<p><strong><img decoding=\"async\" style=\"margin-right: 12px;\" src=\"https:\/\/www.ferberpainting.com\/wp-content\/uploads\/2026\/02\/Check.svg\" alt=\"\" width=\"18\" height=\"15\" \/>Neredzama apdare, kas saglab\u0101 j\u016bsu terases dabisko izskatu.<\/strong> Formula rada caursp\u012bd\u012bgu, pl\u0113vi neveidojo\u0161u barjeru, kas nemaina virsmas kr\u0101su, tekst\u016bru vai est\u0113tisko raksturu. J\u016bsu terase saglab\u0101 savu autentisko izskatu, vienlaikus g\u016bstot labumu no uzlabotas mitruma aizsardz\u012bbas, nov\u0113r\u0161ot sp\u012bduma vai m\u0101ksl\u012bgas apdares.<\/p>\n<p><strong><img decoding=\"async\" style=\"margin-right: 12px;\" src=\"https:\/\/www.ferberpainting.com\/wp-content\/uploads\/2026\/02\/Check.svg\" alt=\"\" width=\"18\" height=\"15\" \/>Samazina sala rad\u012btos boj\u0101jumus, plais\u0101\u0161anu un izskalojumus.<\/strong> Ierobe\u017eojot \u016bdens uzs\u016bk\u0161anos, produkts iev\u0113rojami samazina sasal\u0161anas un atku\u0161\u0146a ciklu risku, kas izraisa plaisas un virsmas degrad\u0101ciju. Tas ar\u012b pal\u012bdz nov\u0113rst mitruma migr\u0101cijas rad\u012bto balto s\u0101ls nogul\u0161\u0146u veido\u0161anos, laika gait\u0101 saglab\u0101jot t\u012br\u0101ku un pievilc\u012bg\u0101ku terases virsmu.<\/p>\n<p><strong><img decoding=\"async\" style=\"margin-right: 12px;\" src=\"https:\/\/www.ferberpainting.com\/wp-content\/uploads\/2026\/02\/Check.svg\" alt=\"\" width=\"18\" height=\"15\" \/>Piem\u0113rots da\u017e\u0101diem \u0101ra materi\u0101liem.<\/strong> \u0160o univers\u0101lo \u016bdens atgr\u016bdo\u0161o l\u012bdzekli var uzkl\u0101t uz betona, dab\u012bg\u0101 akmens, bru\u0123a pl\u0101ksn\u0113m, \u0137ie\u0123e\u013ciem un citiem miner\u0101lmateri\u0101liem. Tas piel\u0101gojas da\u017e\u0101d\u0101m tekst\u016br\u0101m un apdares materi\u0101liem, vienlaikus saglab\u0101jot strukt\u016bras integrit\u0101ti un nodro\u0161inot past\u0101v\u012bgu aizsardz\u012bbu.<\/p>\n<p><strong><img decoding=\"async\" style=\"margin-right: 12px;\" src=\"https:\/\/www.ferberpainting.com\/wp-content\/uploads\/2026\/02\/Check.svg\" alt=\"\" width=\"18\" height=\"15\" \/>Viegla lieto\u0161ana profesion\u0101\u013ciem un m\u0101jok\u013cu \u012bpa\u0161niekiem.<\/strong> Terases \u016bdensnecaurlaid\u012bgo l\u012bdzekli, kas paredz\u0113ts \u0113rtai lieto\u0161anai, var uzkl\u0101t ar otu, rull\u012bti vai zemspiediena smidzin\u0101t\u0101ju. Glud\u0101, viegli izklied\u0113jam\u0101 konsistence nodro\u0161ina vienm\u0113r\u012bgu iek\u013c\u016b\u0161anu un efekt\u012bvu p\u0101rkl\u0101jumu, t\u0101p\u0113c tas ir piem\u0113rots gan neliel\u0101m dz\u012bvojam\u0101m teras\u0113m, gan liel\u0101m komerci\u0101l\u0101m \u0101rtelp\u0101m.<\/p>\n<h2><strong>Instrukcijas<\/strong><\/h2>\n<ul>\n<li>Pirms uzkl\u0101\u0161anas p\u0101rliecinieties, ka terases virsma ir t\u012bra, sausa un bez putek\u013ciem, net\u012brumiem, s\u016bn\u0101m, a\u013c\u0123\u0113m, taukiem vai iepriek\u0161\u0113jiem p\u0101rkl\u0101jumiem.<\/li>\n<li>\u013baujiet svaigi not\u012br\u012bt\u0101m virsm\u0101m piln\u012bb\u0101 no\u017e\u016bt, jo mitrums var mazin\u0101t iespie\u0161anos un efektivit\u0101ti.<\/li>\n<li>Pirms lieto\u0161anas r\u016bp\u012bgi sakratiet vai samaisiet produktu, lai nodro\u0161in\u0101tu viendab\u012bgu sast\u0101vu.<\/li>\n<li>Izm\u0113\u0123iniet produktu uz neliela, neuzkr\u012bto\u0161a laukuma, lai p\u0101rliecin\u0101tos par sader\u012bbu un to, ka izskats paliek nemain\u012bgs.<\/li>\n<li>Ar otu, rull\u012bti vai zemspiediena smidzin\u0101t\u0101ju vienm\u0113r\u012bgi uzkl\u0101jiet \u016bdeni atgr\u016bdo\u0161o l\u012bdzekli, nodro\u0161inot vienm\u0113r\u012bgu virsmas pies\u0101tin\u0101\u0161anu, neradot pe\u013c\u0137es.<\/li>\n<li>Ieteicam\u0101 deva ir aptuveni 100 ml uz kvadr\u0101tmetru, jo viens litrs apstr\u0101d\u0101 l\u012bdz 10 m\u00b2. Stipri porain\u0101m virsm\u0101m var b\u016bt nepiecie\u0161ams nedaudz liel\u0101ks pat\u0113ri\u0146\u0161.<\/li>\n<li>Uzkl\u0101jiet vien\u0101 viendab\u012bg\u0101 k\u0101rt\u0101, lai nodro\u0161in\u0101tu standarta aizsardz\u012bbu. \u013boti porainiem materi\u0101liem var uzkl\u0101t otru k\u0101rtu slapj\u0161 uz slapja, kam\u0113r pirm\u0101 k\u0101rta v\u0113l uzs\u016bcas.<\/li>\n<li>Izvair\u012bties no lieto\u0161anas lietus, stipra v\u0113ja laik\u0101 vai ja 24 stundu laik\u0101 p\u0113c apstr\u0101des ir gaid\u0101ms lietus.<\/li>\n<li>\u013baujiet apstr\u0101d\u0101tajai virsmai no\u017e\u016bt vismaz 24 stundas, pirms t\u0101 tiek pak\u013cauta sp\u0113c\u012bgam lietum vai k\u0101j\u0101m.<\/li>\n<li>Instrumentus p\u0113c lieto\u0161anas nekav\u0113joties not\u012briet saska\u0146\u0101 ar produkta t\u012br\u012b\u0161anas ieteikumiem.<\/li>\n<li>Lai nodro\u0161in\u0101tu optim\u0101lu ilgtermi\u0146a aizsardz\u012bbu, periodiski p\u0101rbaudiet virsmu un atk\u0101rtoti uzkl\u0101jiet p\u0101rkl\u0101jumu, kad \u016bdens uz virsmas vairs neveidojas.<\/li>\n<li>Uzglab\u0101jiet produktu cie\u0161i nosl\u0113gtu v\u0113s\u0101, saus\u0101 viet\u0101, pasarg\u0101tu no sala un tie\u0161iem saules stariem. Uzglab\u0101t b\u0113rniem nepieejam\u0101 viet\u0101 un iev\u0113rot standarta dro\u0161\u012bbas pas\u0101kumus, str\u0101d\u0101jot ar produktu un to lietojot.<\/li>\n<\/ul>","protected":false},"excerpt":{"rendered":"<p>Provide long-lasting waterproof protection for your terrace surfaces. Our terrace water repellent is specially designed to protect outdoor mineral surfaces against water infiltration, moisture damage, and weather-related deterioration. The advanced formula penetrates deeply into porous materials and forms an invisible hydrophobic barrier that repels rainwater while allowing the surface to breathe. By preventing water absorption, [&hellip;]<\/p>\n","protected":false},"featured_media":27206,"comment_status":"open","ping_status":"closed","template":"","meta":{"_uag_custom_page_level_css":"","site-sidebar-layout":"default","site-content-layout":"","ast-site-content-layout":"default","site-content-style":"default","site-sidebar-style":"default","ast-global-header-display":"","ast-banner-title-visibility":"","ast-main-header-display":"","ast-hfb-above-header-display":"","ast-hfb-below-header-display":"","ast-hfb-mobile-header-display":"","site-post-title":"","ast-breadcrumbs-content":"","ast-featured-img":"","footer-sml-layout":"","ast-disable-related-posts":"","theme-transparent-header-meta":"default","adv-header-id-meta":"","stick-header-meta":"","header-above-stick-meta":"","header-main-stick-meta":"","header-below-stick-meta":"","astra-migrate-meta-layouts":"set","ast-page-background-enabled":"default","ast-page-background-meta":{"desktop":{"background-color":"var(--ast-global-color-4)","background-image":"","background-repeat":"repeat","background-position":"center center","background-size":"auto","background-attachment":"scroll","background-type":"","background-media":"","overlay-type":"","overlay-color":"","overlay-opacity":"","overlay-gradient":""},"tablet":{"background-color":"","background-image":"","background-repeat":"repeat","background-position":"center center","background-size":"auto","background-attachment":"scroll","background-type":"","background-media":"","overlay-type":"","overlay-color":"","overlay-opacity":"","overlay-gradient":""},"mobile":{"background-color":"","background-image":"","background-repeat":"repeat","background-position":"center center","background-size":"auto","background-attachment":"scroll","background-type":"","background-media":"","overlay-type":"","overlay-color":"","overlay-opacity":"","overlay-gradient":""}},"ast-content-background-meta":{"desktop":{"background-color":"var(--ast-global-color-5)","background-image":"","background-repeat":"repeat","background-position":"center center","background-size":"auto","background-attachment":"scroll","background-type":"","background-media":"","overlay-type":"","overlay-color":"","overlay-opacity":"","overlay-gradient":""},"tablet":{"background-color":"var(--ast-global-color-5)","background-image":"","background-repeat":"repeat","background-position":"center center","background-size":"auto","background-attachment":"scroll","background-type":"","background-media":"","overlay-type":"","overlay-color":"","overlay-opacity":"","overlay-gradient":""},"mobile":{"background-color":"var(--ast-global-color-5)","background-image":"","background-repeat":"repeat","background-position":"center center","background-size":"auto","background-attachment":"scroll","background-type":"","background-media":"","overlay-type":"","overlay-color":"","overlay-opacity":"","overlay-gradient":""}}},"product_brand":[],"product_cat":[191],"product_tag":[],"class_list":{"0":"post-25355","1":"product","2":"type-product","3":"status-publish","4":"has-post-thumbnail","6":"product_cat-water-repellent","7":"desktop-align-left","8":"tablet-align-left","9":"mobile-align-left","11":"first","12":"instock","13":"sale","14":"shipping-taxable","15":"purchasable","16":"product-type-variable","17":"has-default-attributes"},"spectra_custom_meta":{"_visibility":["visible"],"_shopify_product_id":["8051449168117"],"_s2w_shopify_domain":["ferberpainting.myshopify.com"],"_shopify_variant_id":["43849350676725"],"_sku":[""],"_manage_stock":["no"],"total_sales":["197"],"_tax_status":["taxable"],"_tax_class":[""],"_backorders":["no"],"_sold_individually":["no"],"_virtual":["no"],"_downloadable":["no"],"_download_limit":["-1"],"_download_expiry":["-1"],"_stock":[null],"_stock_status":["instock"],"_wc_average_rating":["5.00"],"_wc_review_count":["72"],"_product_attributes":["a:1:{s:6:\"volume\";a:6:{s:4:\"name\";s:6:\"Volume\";s:5:\"value\";s:20:\"5 liters | 25 liters\";s:8:\"position\";i:1;s:10:\"is_visible\";i:0;s:12:\"is_variation\";i:1;s:11:\"is_taxonomy\";i:0;}}"],"_product_version":["10.5.1"],"_thumbnail_id":["27206"],"_price":["29.90","129.90"],"_product_image_gallery":["27207"],"merchant-center-availability":["yes"],"merchant-center-category":["503744"],"merchant-center-id":["HT5L"],"wpse_downloadable_file_names":[""],"wpse_downloadable_file_urls":[""],"_edit_last":["1"],"_default_attributes":["a:1:{s:6:\"volume\";s:8:\"5 liters\";}"],"_wc_rating_count":["a:1:{i:5;i:72;}"],"_edit_lock":["1773040218:5317"],"_wp_page_template":["default"],"site-sidebar-layout":["default"],"ast-site-content-layout":["default"],"site-content-style":["default"],"site-sidebar-style":["default"],"theme-transparent-header-meta":["default"],"astra-migrate-meta-layouts":["set"],"_uag_css_file_name":["uag-css-25355.css"],"_elementor_page_assets":["a:0:{}"],"_uag_page_assets":["a:9:{s:3:\"css\";s:7133:\".uag-blocks-common-selector{z-index:var(--z-index-desktop) !important}@media(max-width: 976px){.uag-blocks-common-selector{z-index:var(--z-index-tablet) !important}}@media(max-width: 767px){.uag-blocks-common-selector{z-index:var(--z-index-mobile) !important}}.wp-block-uagb-image{display:flex}.wp-block-uagb-image__figure{position:relative;display:flex;flex-direction:column;max-width:100%;height:auto;margin:0}.wp-block-uagb-image__figure img{height:auto;display:flex;max-width:100%;transition:box-shadow .2s ease}.wp-block-uagb-image__figure>a{display:inline-block}.wp-block-uagb-image__figure figcaption{text-align:center;margin-top:.5em;margin-bottom:1em}.wp-block-uagb-image .components-placeholder.block-editor-media-placeholder .components-placeholder__instructions{align-self:center}.wp-block-uagb-image--align-left{text-align:left}.wp-block-uagb-image--align-right{text-align:right}.wp-block-uagb-image--align-center{text-align:center}.wp-block-uagb-image--align-full .wp-block-uagb-image__figure{margin-left:calc(50% - 50vw);margin-right:calc(50% - 50vw);max-width:100vw;width:100vw;height:auto}.wp-block-uagb-image--align-full .wp-block-uagb-image__figure img{height:auto;width:100% !important}.wp-block-uagb-image--align-wide .wp-block-uagb-image__figure img{height:auto;width:100%}.wp-block-uagb-image--layout-overlay__color-wrapper{position:absolute;left:0;top:0;right:0;bottom:0;opacity:.2;background:rgba(0,0,0,.5);transition:opacity .35s ease-in-out}.wp-block-uagb-image--layout-overlay-link{position:absolute;left:0;right:0;bottom:0;top:0}.wp-block-uagb-image--layout-overlay .wp-block-uagb-image__figure:hover .wp-block-uagb-image--layout-overlay__color-wrapper{opacity:1}.wp-block-uagb-image--layout-overlay__inner{position:absolute;left:15px;right:15px;bottom:15px;top:15px;display:flex;align-items:center;justify-content:center;flex-direction:column;border-color:#fff;transition:.35s ease-in-out}.wp-block-uagb-image--layout-overlay__inner.top-left,.wp-block-uagb-image--layout-overlay__inner.top-center,.wp-block-uagb-image--layout-overlay__inner.top-right{justify-content:flex-start}.wp-block-uagb-image--layout-overlay__inner.bottom-left,.wp-block-uagb-image--layout-overlay__inner.bottom-center,.wp-block-uagb-image--layout-overlay__inner.bottom-right{justify-content:flex-end}.wp-block-uagb-image--layout-overlay__inner.top-left,.wp-block-uagb-image--layout-overlay__inner.center-left,.wp-block-uagb-image--layout-overlay__inner.bottom-left{align-items:flex-start}.wp-block-uagb-image--layout-overlay__inner.top-right,.wp-block-uagb-image--layout-overlay__inner.center-right,.wp-block-uagb-image--layout-overlay__inner.bottom-right{align-items:flex-end}.wp-block-uagb-image--layout-overlay__inner .uagb-image-heading{color:#fff;transition:transform .35s,opacity .35s ease-in-out;transform:translate3d(0, 24px, 0);margin:0;line-height:1em}.wp-block-uagb-image--layout-overlay__inner .uagb-image-separator{width:30%;border-top-width:2px;border-top-color:#fff;border-top-style:solid;margin-bottom:10px;opacity:0;transition:transform .4s,opacity .4s ease-in-out;transform:translate3d(0, 30px, 0)}.wp-block-uagb-image--layout-overlay__inner .uagb-image-caption{opacity:0;overflow:visible;color:#fff;transition:transform .45s,opacity .45s ease-in-out;transform:translate3d(0, 35px, 0)}.wp-block-uagb-image--layout-overlay__inner:hover .uagb-image-heading,.wp-block-uagb-image--layout-overlay__inner:hover .uagb-image-separator,.wp-block-uagb-image--layout-overlay__inner:hover .uagb-image-caption{opacity:1;transform:translate3d(0, 0, 0)}.wp-block-uagb-image--effect-zoomin .wp-block-uagb-image__figure img,.wp-block-uagb-image--effect-zoomin .wp-block-uagb-image__figure .wp-block-uagb-image--layout-overlay__color-wrapper{transform:scale(1);transition:transform .35s ease-in-out}.wp-block-uagb-image--effect-zoomin .wp-block-uagb-image__figure:hover img,.wp-block-uagb-image--effect-zoomin .wp-block-uagb-image__figure:hover .wp-block-uagb-image--layout-overlay__color-wrapper{transform:scale(1.05)}.wp-block-uagb-image--effect-slide .wp-block-uagb-image__figure img,.wp-block-uagb-image--effect-slide .wp-block-uagb-image__figure .wp-block-uagb-image--layout-overlay__color-wrapper{width:calc(100% + 40px) !important;max-width:none !important;transform:translate3d(-40px, 0, 0);transition:transform .35s ease-in-out}.wp-block-uagb-image--effect-slide .wp-block-uagb-image__figure:hover img,.wp-block-uagb-image--effect-slide .wp-block-uagb-image__figure:hover .wp-block-uagb-image--layout-overlay__color-wrapper{transform:translate3d(0, 0, 0)}.wp-block-uagb-image--effect-grayscale img{filter:grayscale(0%);transition:.35s ease-in-out}.wp-block-uagb-image--effect-grayscale:hover img{filter:grayscale(100%)}.wp-block-uagb-image--effect-blur img{filter:blur(0);transition:.35s ease-in-out}.wp-block-uagb-image--effect-blur:hover img{filter:blur(3px)}.uagb-block-e6f939b3.wp-block-uagb-image--layout-default figure img{box-shadow: 0px 0px 0 #00000070;}.uagb-block-e6f939b3.wp-block-uagb-image .wp-block-uagb-image__figure figcaption{font-style: normal;align-self: center;}.uagb-block-e6f939b3.wp-block-uagb-image--layout-overlay figure img{box-shadow: 0px 0px 0 #00000070;}.uagb-block-e6f939b3.wp-block-uagb-image--layout-overlay .wp-block-uagb-image--layout-overlay__color-wrapper{opacity: 0.2;}.uagb-block-e6f939b3.wp-block-uagb-image--layout-overlay .wp-block-uagb-image--layout-overlay__inner{left: 15px;right: 15px;top: 15px;bottom: 15px;}.uagb-block-e6f939b3.wp-block-uagb-image--layout-overlay .wp-block-uagb-image--layout-overlay__inner .uagb-image-heading{font-style: normal;color: #fff;opacity: 1;}.uagb-block-e6f939b3.wp-block-uagb-image--layout-overlay .wp-block-uagb-image--layout-overlay__inner .uagb-image-heading a{color: #fff;}.uagb-block-e6f939b3.wp-block-uagb-image--layout-overlay .wp-block-uagb-image--layout-overlay__inner .uagb-image-caption{opacity: 0;}.uagb-block-e6f939b3.wp-block-uagb-image--layout-overlay .wp-block-uagb-image__figure:hover .wp-block-uagb-image--layout-overlay__color-wrapper{opacity: 1;}.uagb-block-e6f939b3.wp-block-uagb-image .wp-block-uagb-image--layout-overlay__inner .uagb-image-separator{width: 30%;border-top-width: 2px;border-top-color: #fff;opacity: 0;}.uagb-block-e6f939b3.wp-block-uagb-image .wp-block-uagb-image__figure img{width: px;height: auto;}.uagb-block-e6f939b3.wp-block-uagb-image .wp-block-uagb-image__figure:hover .wp-block-uagb-image--layout-overlay__inner .uagb-image-caption{opacity: 1;}.uagb-block-e6f939b3.wp-block-uagb-image .wp-block-uagb-image__figure:hover .wp-block-uagb-image--layout-overlay__inner .uagb-image-separator{opacity: 1;}.uagb-block-e6f939b3.wp-block-uagb-image--layout-default figure:hover img{box-shadow: 0px 0px 0 #00000070;}.uagb-block-e6f939b3.wp-block-uagb-image--layout-overlay figure:hover img{box-shadow: 0px 0px 0 #00000070;}@media only screen and (max-width: 976px) {.uagb-block-e6f939b3.wp-block-uagb-image .wp-block-uagb-image__figure img{width: px;height: auto;}}@media only screen and (max-width: 767px) {.uagb-block-e6f939b3.wp-block-uagb-image .wp-block-uagb-image__figure img{width: px;height: auto;}}\";s:2:\"js\";s:0:\"\";s:18:\"current_block_list\";a:13:{i:0;s:11:\"core\/search\";i:1;s:10:\"core\/group\";i:2;s:12:\"core\/heading\";i:3;s:17:\"core\/latest-posts\";i:4;s:20:\"core\/latest-comments\";i:5;s:13:\"core\/archives\";i:6;s:15:\"core\/categories\";i:7;s:14:\"core\/paragraph\";i:8;s:10:\"uagb\/image\";i:9;s:11:\"core\/spacer\";i:10;s:30:\"woocommerce\/product-categories\";i:11;s:10:\"core\/image\";i:12;s:14:\"core\/shortcode\";}s:8:\"uag_flag\";b:1;s:11:\"uag_version\";s:10:\"1777101271\";s:6:\"gfonts\";a:0:{}s:10:\"gfonts_url\";s:0:\"\";s:12:\"gfonts_files\";a:0:{}s:14:\"uag_faq_layout\";b:0;}"]},"uagb_featured_image_src":{"full":["https:\/\/www.ferberpainting.com\/wp-content\/uploads\/2025\/05\/Terrace_Water_Repellent_5L.jpg",2560,2560,false],"thumbnail":["https:\/\/www.ferberpainting.com\/wp-content\/uploads\/2025\/05\/Terrace_Water_Repellent_5L-150x150.jpg",150,150,true],"medium":["https:\/\/www.ferberpainting.com\/wp-content\/uploads\/2025\/05\/Terrace_Water_Repellent_5L-300x300.jpg",300,300,true],"medium_large":["https:\/\/www.ferberpainting.com\/wp-content\/uploads\/2025\/05\/Terrace_Water_Repellent_5L-768x768.jpg",768,768,true],"large":["https:\/\/www.ferberpainting.com\/wp-content\/uploads\/2025\/05\/Terrace_Water_Repellent_5L-1024x1024.jpg",1024,1024,true],"1536x1536":["https:\/\/www.ferberpainting.com\/wp-content\/uploads\/2025\/05\/Terrace_Water_Repellent_5L-1536x1536.jpg",1536,1536,true],"2048x2048":["https:\/\/www.ferberpainting.com\/wp-content\/uploads\/2025\/05\/Terrace_Water_Repellent_5L-2048x2048.jpg",2048,2048,true],"trp-custom-language-flag":["https:\/\/www.ferberpainting.com\/wp-content\/uploads\/2025\/05\/Terrace_Water_Repellent_5L-12x12.jpg",12,12,true],"woocommerce_thumbnail":["https:\/\/www.ferberpainting.com\/wp-content\/uploads\/2025\/05\/Terrace_Water_Repellent_5L-300x300.jpg",300,300,true],"woocommerce_single":["https:\/\/www.ferberpainting.com\/wp-content\/uploads\/2025\/05\/Terrace_Water_Repellent_5L-600x600.jpg",600,600,true],"woocommerce_gallery_thumbnail":["https:\/\/www.ferberpainting.com\/wp-content\/uploads\/2025\/05\/Terrace_Water_Repellent_5L-100x100.jpg",100,100,true]},"uagb_author_info":{"display_name":"admin","author_link":"https:\/\/www.ferberpainting.com\/lv\/author\/"},"uagb_comment_info":72,"uagb_excerpt":"Provide long-lasting waterproof protection for your terrace surfaces. Our terrace water repellent is specially designed to protect outdoor mineral surfaces against water infiltration, moisture damage, and weather-related deterioration. The advanced formula penetrates deeply into porous materials and forms an invisible hydrophobic barrier that repels rainwater while allowing the surface to breathe. By preventing water absorption,&hellip;","_links":{"self":[{"href":"https:\/\/www.ferberpainting.com\/lv\/wp-json\/wp\/v2\/product\/25355","targetHints":{"allow":["GET"]}}],"collection":[{"href":"https:\/\/www.ferberpainting.com\/lv\/wp-json\/wp\/v2\/product"}],"about":[{"href":"https:\/\/www.ferberpainting.com\/lv\/wp-json\/wp\/v2\/types\/product"}],"replies":[{"embeddable":true,"href":"https:\/\/www.ferberpainting.com\/lv\/wp-json\/wp\/v2\/comments?post=25355"}],"version-history":[{"count":2,"href":"https:\/\/www.ferberpainting.com\/lv\/wp-json\/wp\/v2\/product\/25355\/revisions"}],"predecessor-version":[{"id":167374,"href":"https:\/\/www.ferberpainting.com\/lv\/wp-json\/wp\/v2\/product\/25355\/revisions\/167374"}],"wp:featuredmedia":[{"embeddable":true,"href":"https:\/\/www.ferberpainting.com\/lv\/wp-json\/wp\/v2\/media\/27206"}],"wp:attachment":[{"href":"https:\/\/www.ferberpainting.com\/lv\/wp-json\/wp\/v2\/media?parent=25355"}],"wp:term":[{"taxonomy":"product_brand","embeddable":true,"href":"https:\/\/www.ferberpainting.com\/lv\/wp-json\/wp\/v2\/product_brand?post=25355"},{"taxonomy":"product_cat","embeddable":true,"href":"https:\/\/www.ferberpainting.com\/lv\/wp-json\/wp\/v2\/product_cat?post=25355"},{"taxonomy":"product_tag","embeddable":true,"href":"https:\/\/www.ferberpainting.com\/lv\/wp-json\/wp\/v2\/product_tag?post=25355"}],"curies":[{"name":"wp","href":"https:\/\/api.w.org\/{rel}","templated":true}]}}