{"id":25352,"date":"2025-05-26T10:31:08","date_gmt":"2025-05-26T08:31:08","guid":{"rendered":"https:\/\/www.ferberpainting.com\/products\/terrace-fungicide\/"},"modified":"2026-02-16T12:29:45","modified_gmt":"2026-02-16T11:29:45","slug":"terrace-fungicide","status":"publish","type":"product","link":"https:\/\/www.ferberpainting.com\/lv\/products\/terrace-fungicide\/","title":{"rendered":"Terases fungic\u012bds"},"content":{"rendered":"<p><strong><img decoding=\"async\" style=\"margin-right: 12px;\" src=\"https:\/\/www.ferberpainting.com\/wp-content\/uploads\/2026\/02\/Check.svg\" alt=\"\" width=\"18\" height=\"15\" \/>Nov\u0113r\u0161 s\u016bnu, a\u013c\u0123u un s\u0113n\u012b\u0161u aug\u0161anu pie sakn\u0113m, nodro\u0161inot ilgsto\u0161u aizsardz\u012bbu.<\/strong> M\u016bsu terases fungic\u012bds ir \u012bpa\u0161i izstr\u0101d\u0101ts, lai izn\u012bcin\u0101tu un nov\u0113rstu s\u016bnu, a\u013c\u0123u, pel\u0113juma un citu s\u0113n\u012b\u0161u organismu att\u012bst\u012bbu, kas plaukst uz \u0101ra virsm\u0101m. \u0160is sp\u0113c\u012bgais l\u012bdzeklis ne tikai balina vai mask\u0113 redzam\u0101s paz\u012bmes, bet iek\u013c\u016bst dzi\u013ci porainos materi\u0101los, lai izn\u012bcin\u0101tu sporas to ra\u0161an\u0101s viet\u0101. Tas efekt\u012bvi aptur atk\u0101rtotu aug\u0161anu un pal\u012bdz ilgsto\u0161i saglab\u0101t t\u012bru, vesel\u012bgu terases virsmu, pat mitr\u0101 vai \u0113nain\u0101 vid\u0113, kur biolo\u0123isk\u0101 aug\u0161ana ir izplat\u012bta.<\/p>\n<p><strong><img decoding=\"async\" style=\"margin-right: 12px;\" src=\"https:\/\/www.ferberpainting.com\/wp-content\/uploads\/2026\/02\/Check.svg\" alt=\"\" width=\"18\" height=\"15\" \/>M\u0113s pied\u0101v\u0101jam naudas atmaksas garantiju piln\u012bgam sirdsmieram.<\/strong> M\u0113s piln\u012bb\u0101 atbalst\u0101m m\u016bsu terases fungic\u012bdu efektivit\u0101ti. Ja j\u016bs neb\u016bsiet piln\u012bb\u0101 apmierin\u0101ts ar rezult\u0101tiem, m\u0113s atmaks\u0101sim naudu par pirkumu. \u0160\u012b naudas atmaksas garantija \u013cauj jums izm\u0113\u0123in\u0101t produktu bez riska un apliecina m\u016bsu ap\u0146em\u0161anos nodro\u0161in\u0101t kvalit\u0101ti, uzticam\u012bbu un klientu apmierin\u0101t\u012bbu.<\/p>\n<p><strong><img decoding=\"async\" style=\"margin-right: 12px;\" src=\"https:\/\/www.ferberpainting.com\/wp-content\/uploads\/2026\/02\/Check.svg\" alt=\"\" width=\"18\" height=\"15\" \/>Efekt\u012bv\u0101kais tirg\u016b pieejamais terases fungic\u012bds.<\/strong> M\u016bsu formula, kas izstr\u0101d\u0101ta, izmantojot uzlabotas akt\u012bv\u0101s sast\u0101vda\u013cas, nodro\u0161ina lab\u0101ku prets\u0113n\u012b\u0161u un a\u013c\u0123u apkaro\u0161anas efektivit\u0101ti sal\u012bdzin\u0101jum\u0101 ar parastajiem virsmu t\u012br\u012b\u0161anas l\u012bdzek\u013ciem. T\u0101 ne tikai likvid\u0113 redzamos za\u013cos un melnos traipus, bet ar\u012b izn\u012bcina mikroskopisk\u0101s sporas, kas izraisa atk\u0101rtotu aug\u0161anu. \u0160\u012b dzi\u013c\u0101 un pamat\u012bg\u0101 iedarb\u012bba nodro\u0161ina ilglaic\u012bg\u0101kus rezult\u0101tus un samazina uztur\u0113\u0161anas proced\u016bru bie\u017eumu, padarot to par visefekt\u012bv\u0101ko risin\u0101jumu \u0101ra tera\u0161u aizsardz\u012bbai.<\/p>\n<p><strong><img decoding=\"async\" style=\"margin-right: 12px;\" src=\"https:\/\/www.ferberpainting.com\/wp-content\/uploads\/2026\/02\/Check.svg\" alt=\"\" width=\"18\" height=\"15\" \/>Pieejamais l\u0113t\u0101kais profesion\u0101l\u0101s klases risin\u0101jums.<\/strong> M\u0113s apvienojam augstu veiktsp\u0113ju ar nep\u0101rsp\u0113jamu cenu. M\u016bsu tera\u0161u fungic\u012bds pied\u0101v\u0101 profesion\u0101li sp\u0113c\u012bgus rezult\u0101tus par zem\u0101ko cenu sal\u012bdzin\u0101jum\u0101 ar l\u012bdz\u012bgiem produktiem \u0161aj\u0101 kategorij\u0101. Racionaliz\u0113jot ra\u017eo\u0161anu un izplat\u012b\u0161anu, m\u0113s sp\u0113jam nodro\u0161in\u0101t izcilu kvalit\u0101ti par t\u0101du cenu, kas padara regul\u0101ru terases uztur\u0113\u0161anu pieejamu gan m\u0101ju \u012bpa\u0161niekiem, gan profesion\u0101\u013ciem.<\/p>\n<p><strong><img decoding=\"async\" style=\"margin-right: 12px;\" src=\"https:\/\/www.ferberpainting.com\/wp-content\/uploads\/2026\/02\/Check.svg\" alt=\"\" width=\"18\" height=\"15\" \/>Garant\u0113ta pieg\u0101de 24 stundu laik\u0101 \u0101trai r\u012bc\u012bbai.<\/strong> Ja s\u016bnas un a\u013c\u0123es s\u0101k izplat\u012bties, ir nepiecie\u0161ama t\u016bl\u012bt\u0113ja apstr\u0101de. T\u0101p\u0113c m\u0113s pied\u0101v\u0101jam uzticamu pieg\u0101di 24 stundas diennakt\u012b, nodro\u0161inot, ka j\u016bsu terases fungic\u012bds tiek nog\u0101d\u0101ts \u0101tri un ir gatavs t\u016bl\u012bt\u0113jai lieto\u0161anai. \u0100tra pieg\u0101de \u013cauj jums nekav\u0113joties aizsarg\u0101t savas virsmas un nov\u0113rst to turpm\u0101ku boj\u0101\u0161anos.<\/p>\n<p><strong><img decoding=\"async\" style=\"margin-right: 12px;\" src=\"https:\/\/www.ferberpainting.com\/wp-content\/uploads\/2026\/02\/Check.svg\" alt=\"\" width=\"18\" height=\"15\" \/>Efekt\u012bvs p\u0101rkl\u0101jums 20 m\u00b2 uz litru prec\u012bzai pl\u0101no\u0161anai.<\/strong> Viens litrs produkta apstr\u0101d\u0101 l\u012bdz 20 kvadr\u0101tmetriem, atkar\u012bb\u0101 no virsmas porain\u012bbas un pies\u0101r\u0146ojuma l\u012bme\u0146a. \u0160\u012b skaidr\u0101 un konsekvent\u0101 p\u0101rkl\u0101juma pak\u0101pe \u013cauj viegli apr\u0113\u0137in\u0101t projektam nepiecie\u0161amo daudzumu, nodro\u0161inot izmaksu kontroli un l\u012bdz minimumam samazinot atkritumu daudzumu, vienlaikus pan\u0101kot vienm\u0113r\u012bgus apstr\u0101des rezult\u0101tus.<\/p>\n<p><strong><img decoding=\"async\" style=\"margin-right: 12px;\" src=\"https:\/\/www.ferberpainting.com\/wp-content\/uploads\/2026\/02\/Check.svg\" alt=\"\" width=\"18\" height=\"15\" \/>Uzlabo dro\u0161\u012bbu, samazinot slidenas organisk\u0101s nogulsnes.<\/strong> S\u016bnas un a\u013c\u0123es rada b\u012bstamus, slidenus apst\u0101k\u013cus uz teras\u0113m, \u012bpa\u0161i mitr\u0101 laik\u0101. Izn\u012bd\u0113jot \u0161os organismus, m\u016bsu fungic\u012bds pal\u012bdz atjaunot virsmas sa\u0137eri un uzlabot visp\u0101r\u0113jo dro\u0161\u012bbu. Regul\u0101ra lieto\u0161ana veicina dro\u0161\u0101ku \u0101ra vidi \u0123imenes locek\u013ciem, viesiem un klientiem.<\/p>\n<p><strong><img decoding=\"async\" style=\"margin-right: 12px;\" src=\"https:\/\/www.ferberpainting.com\/wp-content\/uploads\/2026\/02\/Check.svg\" alt=\"\" width=\"18\" height=\"15\" \/>Piem\u0113rots da\u017e\u0101d\u0101m \u0101ra virsm\u0101m.<\/strong> \u0160o univers\u0101lo formulu var izmantot uz betona, dab\u012bg\u0101 akmens, bru\u0123a pl\u0101ksn\u0113m, \u0137ie\u0123e\u013ciem, fl\u012bz\u0113m un citiem miner\u0101lmateri\u0101liem. T\u0101 efekt\u012bvi piel\u0101gojas da\u017e\u0101d\u0101m tekst\u016br\u0101m un apdares materi\u0101liem, vienlaikus saglab\u0101jot apstr\u0101d\u0101t\u0101s virsmas struktur\u0101lo integrit\u0101ti un izskatu, ja to uzkl\u0101j saska\u0146\u0101 ar nor\u0101d\u012bjumiem.<\/p>\n<p><strong><img decoding=\"async\" style=\"margin-right: 12px;\" src=\"https:\/\/www.ferberpainting.com\/wp-content\/uploads\/2026\/02\/Check.svg\" alt=\"\" width=\"18\" height=\"15\" \/>Ilgsto\u0161a profilaktiska iedarb\u012bba pret ataug\u0161anu.<\/strong> Produkts ne tikai nov\u0113r\u0161 eso\u0161o pies\u0101r\u0146ojumu, bet ar\u012b atst\u0101j aizsarg\u0101jo\u0161u iedarb\u012bbu, kas pal\u012bdz aizkav\u0113t s\u0113n\u012b\u0161u aug\u0161anu. \u0160\u012b profilaktisk\u0101 darb\u012bba samazina uztur\u0113\u0161anas bie\u017eumu un ilg\u0101k saglab\u0101 terases t\u012br\u0101kas pat mitr\u0101s vai \u0113nain\u0101s viet\u0101s.<\/p>\n<p><strong><img decoding=\"async\" style=\"margin-right: 12px;\" src=\"https:\/\/www.ferberpainting.com\/wp-content\/uploads\/2026\/02\/Check.svg\" alt=\"\" width=\"18\" height=\"15\" \/>Viegla un efekt\u012bva lieto\u0161ana gan profesion\u0101\u013ciem, gan m\u0101jok\u013cu \u012bpa\u0161niekiem.<\/strong> Terases fungic\u012bdu ir vienk\u0101r\u0161i lietot, izmantojot parastus instrumentus, piem\u0113ram, lejkannu, smidzin\u0101t\u0101ju vai suku. T\u0101 lieto\u0161anai gatavais vai viegli at\u0161\u0137aid\u0101mais sast\u0101vs nodro\u0161ina vienm\u0113r\u012bgu izkliedi pa virsm\u0101m, ietaupot laiku un p\u016bles, vienlaikus nodro\u0161inot stabilus un uzticamus rezult\u0101tus.<\/p>\n<h2><strong>Instrukcijas<\/strong><\/h2>\n<ul>\n<li>Pirms apstr\u0101des no\u0146emiet no terases va\u013c\u0113jos gru\u017eus, piem\u0113ram, lapas, net\u012brumus un putek\u013cus, lai nodro\u0161in\u0101tu tie\u0161u produkta un pies\u0101r\u0146ot\u0101s virsmas kontaktu.<\/li>\n<li>Pirms lieto\u0161anas r\u016bp\u012bgi sakratiet vai samaisiet produktu, lai nodro\u0161in\u0101tu, ka akt\u012bv\u0101s sast\u0101vda\u013cas vienm\u0113r\u012bgi sadal\u0101s.<\/li>\n<li>Fungic\u012bdu vienm\u0113r\u012bgi uzkl\u0101jiet, izmantojot zemspiediena smidzin\u0101t\u0101ju, lejkannu vai suku, nodro\u0161inot piln\u012bgu skart\u0101s vietas p\u0101rkl\u0101jumu.<\/li>\n<li>Ieteicam\u0101 deva ir aptuveni 50 ml uz kvadr\u0101tmetru, jo viens litrs apstr\u0101d\u0101 l\u012bdz 20 m\u00b2. Nedaudz palieliniet devu \u013coti porain\u0101m vai stipri pies\u0101r\u0146ot\u0101m virsm\u0101m.<\/li>\n<li>Ja s\u016bnas, a\u013c\u0123es vai s\u0113n\u012btes aug sp\u0113c\u012bgi, izmantojiet neat\u0161\u0137aid\u012btu l\u012bdzekli. Viegla pies\u0101r\u0146ojuma gad\u012bjum\u0101 var at\u0161\u0137aid\u012bt ar \u016bdeni saska\u0146\u0101 ar mar\u0137\u0113juma ieteikumiem.<\/li>\n<li>\u013baujiet produktam iedarboties uz virsmu vair\u0101kas stundas. Redzami rezult\u0101ti var par\u0101d\u012bties pak\u0101peniski, biolo\u0123iskajai aug\u0161anai atmirstot un sadaloties.<\/li>\n<li>Neizskalojiet uzreiz p\u0113c lieto\u0161anas, ja vien tas nav \u012bpa\u0161i pras\u012bts. Daudzos gad\u012bjumos dabisk\u0101 laika apst\u0101k\u013cu iedarb\u012bba, piem\u0113ram, lietus, laika gait\u0101 pal\u012bdz\u0113s no\u0146emt atmiru\u0161\u0101s atliekas.<\/li>\n<li>Izvairieties no lieto\u0161anas lietus laik\u0101 vai tad, ja lietus ir gaid\u0101ms da\u017eu stundu laik\u0101 p\u0113c apstr\u0101des, lai nodro\u0161in\u0101tu pareizu absorbciju un efektivit\u0101ti.<\/li>\n<li>Smagas inv\u0101zijas gad\u012bjum\u0101 p\u0113c tam, kad pirm\u0101 apstr\u0101de ir piln\u012bb\u0101 iedarbojusies, var veikt otru apstr\u0101di.<\/li>\n<li>Lai nodro\u0161in\u0101tu dro\u0161\u012bbu un optim\u0101lus rezult\u0101tus, nepie\u013caujiet k\u0101j\u0101m p\u0101rvietoties pa apstr\u0101d\u0101to vietu, l\u012bdz virsma ir piln\u012bgi sausa.<\/li>\n<li>T\u016bl\u012bt p\u0113c lieto\u0161anas instrumentus not\u012briet ar \u016bdeni.<\/li>\n<li>Uzglab\u0101jiet produktu cie\u0161i nosl\u0113gtu v\u0113s\u0101, saus\u0101 viet\u0101, pasarg\u0101tu no sala un tie\u0161iem saules stariem. Uzglab\u0101t b\u0113rniem nepieejam\u0101 viet\u0101 un iev\u0113rot visus standarta dro\u0161\u012bbas pas\u0101kumus, str\u0101d\u0101jot ar produktu un to lietojot.<\/li>\n<\/ul>","protected":false},"excerpt":{"rendered":"<p>Eliminate moss, algae, and fungal growth at the root for long-lasting protection. Our terrace fungicide is specially formulated to destroy and prevent the development of moss, algae, mold, and other fungal organisms that thrive on outdoor surfaces. Rather than simply bleaching or masking the visible signs, this powerful treatment penetrates deep into porous materials to [&hellip;]<\/p>\n","protected":false},"featured_media":27203,"comment_status":"open","ping_status":"closed","template":"","meta":{"_uag_custom_page_level_css":"","site-sidebar-layout":"default","site-content-layout":"","ast-site-content-layout":"default","site-content-style":"default","site-sidebar-style":"default","ast-global-header-display":"","ast-banner-title-visibility":"","ast-main-header-display":"","ast-hfb-above-header-display":"","ast-hfb-below-header-display":"","ast-hfb-mobile-header-display":"","site-post-title":"","ast-breadcrumbs-content":"","ast-featured-img":"","footer-sml-layout":"","ast-disable-related-posts":"","theme-transparent-header-meta":"default","adv-header-id-meta":"","stick-header-meta":"","header-above-stick-meta":"","header-main-stick-meta":"","header-below-stick-meta":"","astra-migrate-meta-layouts":"set","ast-page-background-enabled":"default","ast-page-background-meta":{"desktop":{"background-color":"var(--ast-global-color-4)","background-image":"","background-repeat":"repeat","background-position":"center center","background-size":"auto","background-attachment":"scroll","background-type":"","background-media":"","overlay-type":"","overlay-color":"","overlay-opacity":"","overlay-gradient":""},"tablet":{"background-color":"","background-image":"","background-repeat":"repeat","background-position":"center center","background-size":"auto","background-attachment":"scroll","background-type":"","background-media":"","overlay-type":"","overlay-color":"","overlay-opacity":"","overlay-gradient":""},"mobile":{"background-color":"","background-image":"","background-repeat":"repeat","background-position":"center center","background-size":"auto","background-attachment":"scroll","background-type":"","background-media":"","overlay-type":"","overlay-color":"","overlay-opacity":"","overlay-gradient":""}},"ast-content-background-meta":{"desktop":{"background-color":"var(--ast-global-color-5)","background-image":"","background-repeat":"repeat","background-position":"center center","background-size":"auto","background-attachment":"scroll","background-type":"","background-media":"","overlay-type":"","overlay-color":"","overlay-opacity":"","overlay-gradient":""},"tablet":{"background-color":"var(--ast-global-color-5)","background-image":"","background-repeat":"repeat","background-position":"center center","background-size":"auto","background-attachment":"scroll","background-type":"","background-media":"","overlay-type":"","overlay-color":"","overlay-opacity":"","overlay-gradient":""},"mobile":{"background-color":"var(--ast-global-color-5)","background-image":"","background-repeat":"repeat","background-position":"center center","background-size":"auto","background-attachment":"scroll","background-type":"","background-media":"","overlay-type":"","overlay-color":"","overlay-opacity":"","overlay-gradient":""}}},"product_brand":[],"product_cat":[175],"product_tag":[],"class_list":{"0":"post-25352","1":"product","2":"type-product","3":"status-publish","4":"has-post-thumbnail","6":"product_cat-cleaning-products","7":"desktop-align-left","8":"tablet-align-left","9":"mobile-align-left","11":"first","12":"instock","13":"sale","14":"shipping-taxable","15":"purchasable","16":"product-type-variable","17":"has-default-attributes"},"spectra_custom_meta":{"_visibility":["visible"],"_shopify_product_id":["8051453264117"],"_s2w_shopify_domain":["ferberpainting.myshopify.com"],"_shopify_variant_id":["43849369059573"],"_sku":[""],"_manage_stock":["no"],"total_sales":["43"],"_tax_status":["taxable"],"_tax_class":[""],"_backorders":["no"],"_sold_individually":["no"],"_virtual":["no"],"_downloadable":["no"],"_download_limit":["-1"],"_download_expiry":["-1"],"_stock":[null],"_stock_status":["instock"],"_wc_average_rating":["4.99"],"_wc_review_count":["67"],"_product_attributes":["a:1:{s:6:\"volume\";a:6:{s:4:\"name\";s:6:\"Volume\";s:5:\"value\";s:20:\"5 liters | 25 liters\";s:8:\"position\";i:1;s:10:\"is_visible\";i:0;s:12:\"is_variation\";i:1;s:11:\"is_taxonomy\";i:0;}}"],"_product_version":["10.5.1"],"_thumbnail_id":["27203"],"_price":["29.90","129.90"],"_product_image_gallery":["27204"],"merchant-center-availability":["yes"],"merchant-center-category":["3103"],"merchant-center-id":["TF"],"wpse_downloadable_file_names":[""],"wpse_downloadable_file_urls":[""],"_edit_last":["1"],"_default_attributes":["a:1:{s:6:\"volume\";s:8:\"5 liters\";}"],"_wc_rating_count":["a:2:{i:4;i:1;i:5;i:66;}"],"_edit_lock":["1771241249:1"],"_wp_page_template":["default"],"site-sidebar-layout":["default"],"ast-site-content-layout":["default"],"site-content-style":["default"],"site-sidebar-style":["default"],"theme-transparent-header-meta":["default"],"astra-migrate-meta-layouts":["set"],"_uag_css_file_name":["uag-css-25352.css"],"_elementor_page_assets":["a:0:{}"],"_uag_page_assets":["a:9:{s:3:\"css\";s:7156:\".uag-blocks-common-selector{z-index:var(--z-index-desktop) !important}@media (max-width: 976px){.uag-blocks-common-selector{z-index:var(--z-index-tablet) !important}}@media (max-width: 767px){.uag-blocks-common-selector{z-index:var(--z-index-mobile) !important}}\n.wp-block-uagb-image{display:flex}.wp-block-uagb-image__figure{position:relative;display:flex;flex-direction:column;max-width:100%;height:auto;margin:0}.wp-block-uagb-image__figure img{height:auto;display:flex;max-width:100%;transition:box-shadow 0.2s ease}.wp-block-uagb-image__figure>a{display:inline-block}.wp-block-uagb-image__figure figcaption{text-align:center;margin-top:0.5em;margin-bottom:1em}.wp-block-uagb-image .components-placeholder.block-editor-media-placeholder .components-placeholder__instructions{align-self:center}.wp-block-uagb-image--align-left{text-align:left}.wp-block-uagb-image--align-right{text-align:right}.wp-block-uagb-image--align-center{text-align:center}.wp-block-uagb-image--align-full .wp-block-uagb-image__figure{margin-left:calc(50% - 50vw);margin-right:calc(50% - 50vw);max-width:100vw;width:100vw;height:auto}.wp-block-uagb-image--align-full .wp-block-uagb-image__figure img{height:auto;width:100% !important}.wp-block-uagb-image--align-wide .wp-block-uagb-image__figure img{height:auto;width:100%}.wp-block-uagb-image--layout-overlay__color-wrapper{position:absolute;left:0;top:0;right:0;bottom:0;opacity:0.2;background:rgba(0,0,0,0.5);transition:opacity 0.35s ease-in-out}.wp-block-uagb-image--layout-overlay-link{position:absolute;left:0;right:0;bottom:0;top:0}.wp-block-uagb-image--layout-overlay .wp-block-uagb-image__figure:hover .wp-block-uagb-image--layout-overlay__color-wrapper{opacity:1}.wp-block-uagb-image--layout-overlay__inner{position:absolute;left:15px;right:15px;bottom:15px;top:15px;display:flex;align-items:center;justify-content:center;flex-direction:column;border-color:#fff;transition:0.35s ease-in-out}.wp-block-uagb-image--layout-overlay__inner.top-left,.wp-block-uagb-image--layout-overlay__inner.top-center,.wp-block-uagb-image--layout-overlay__inner.top-right{justify-content:flex-start}.wp-block-uagb-image--layout-overlay__inner.bottom-left,.wp-block-uagb-image--layout-overlay__inner.bottom-center,.wp-block-uagb-image--layout-overlay__inner.bottom-right{justify-content:flex-end}.wp-block-uagb-image--layout-overlay__inner.top-left,.wp-block-uagb-image--layout-overlay__inner.center-left,.wp-block-uagb-image--layout-overlay__inner.bottom-left{align-items:flex-start}.wp-block-uagb-image--layout-overlay__inner.top-right,.wp-block-uagb-image--layout-overlay__inner.center-right,.wp-block-uagb-image--layout-overlay__inner.bottom-right{align-items:flex-end}.wp-block-uagb-image--layout-overlay__inner .uagb-image-heading{color:#fff;transition:transform 0.35s, opacity 0.35s ease-in-out;transform:translate3d(0, 24px, 0);margin:0;line-height:1em}.wp-block-uagb-image--layout-overlay__inner .uagb-image-separator{width:30%;border-top-width:2px;border-top-color:#fff;border-top-style:solid;margin-bottom:10px;opacity:0;transition:transform 0.4s, opacity 0.4s ease-in-out;transform:translate3d(0, 30px, 0)}.wp-block-uagb-image--layout-overlay__inner .uagb-image-caption{opacity:0;overflow:visible;color:#fff;transition:transform 0.45s, opacity 0.45s ease-in-out;transform:translate3d(0, 35px, 0)}.wp-block-uagb-image--layout-overlay__inner:hover .uagb-image-heading,.wp-block-uagb-image--layout-overlay__inner:hover .uagb-image-separator,.wp-block-uagb-image--layout-overlay__inner:hover .uagb-image-caption{opacity:1;transform:translate3d(0, 0, 0)}.wp-block-uagb-image--effect-zoomin .wp-block-uagb-image__figure img,.wp-block-uagb-image--effect-zoomin .wp-block-uagb-image__figure .wp-block-uagb-image--layout-overlay__color-wrapper{transform:scale(1);transition:transform 0.35s ease-in-out}.wp-block-uagb-image--effect-zoomin .wp-block-uagb-image__figure:hover img,.wp-block-uagb-image--effect-zoomin .wp-block-uagb-image__figure:hover .wp-block-uagb-image--layout-overlay__color-wrapper{transform:scale(1.05)}.wp-block-uagb-image--effect-slide .wp-block-uagb-image__figure img,.wp-block-uagb-image--effect-slide .wp-block-uagb-image__figure .wp-block-uagb-image--layout-overlay__color-wrapper{width:calc(100% + 40px) !important;max-width:none !important;transform:translate3d(-40px, 0, 0);transition:transform 0.35s ease-in-out}.wp-block-uagb-image--effect-slide .wp-block-uagb-image__figure:hover img,.wp-block-uagb-image--effect-slide .wp-block-uagb-image__figure:hover .wp-block-uagb-image--layout-overlay__color-wrapper{transform:translate3d(0, 0, 0)}.wp-block-uagb-image--effect-grayscale img{filter:grayscale(0%);transition:0.35s ease-in-out}.wp-block-uagb-image--effect-grayscale:hover img{filter:grayscale(100%)}.wp-block-uagb-image--effect-blur img{filter:blur(0);transition:0.35s ease-in-out}.wp-block-uagb-image--effect-blur:hover img{filter:blur(3px)}\n.uagb-block-e6f939b3.wp-block-uagb-image--layout-default figure img{box-shadow: 0px 0px 0 #00000070;}.uagb-block-e6f939b3.wp-block-uagb-image .wp-block-uagb-image__figure figcaption{font-style: normal;align-self: center;}.uagb-block-e6f939b3.wp-block-uagb-image--layout-overlay figure img{box-shadow: 0px 0px 0 #00000070;}.uagb-block-e6f939b3.wp-block-uagb-image--layout-overlay .wp-block-uagb-image--layout-overlay__color-wrapper{opacity: 0.2;}.uagb-block-e6f939b3.wp-block-uagb-image--layout-overlay .wp-block-uagb-image--layout-overlay__inner{left: 15px;right: 15px;top: 15px;bottom: 15px;}.uagb-block-e6f939b3.wp-block-uagb-image--layout-overlay .wp-block-uagb-image--layout-overlay__inner .uagb-image-heading{font-style: normal;color: #fff;opacity: 1;}.uagb-block-e6f939b3.wp-block-uagb-image--layout-overlay .wp-block-uagb-image--layout-overlay__inner .uagb-image-heading a{color: #fff;}.uagb-block-e6f939b3.wp-block-uagb-image--layout-overlay .wp-block-uagb-image--layout-overlay__inner .uagb-image-caption{opacity: 0;}.uagb-block-e6f939b3.wp-block-uagb-image--layout-overlay .wp-block-uagb-image__figure:hover .wp-block-uagb-image--layout-overlay__color-wrapper{opacity: 1;}.uagb-block-e6f939b3.wp-block-uagb-image .wp-block-uagb-image--layout-overlay__inner .uagb-image-separator{width: 30%;border-top-width: 2px;border-top-color: #fff;opacity: 0;}.uagb-block-e6f939b3.wp-block-uagb-image .wp-block-uagb-image__figure img{width: px;height: auto;}.uagb-block-e6f939b3.wp-block-uagb-image .wp-block-uagb-image__figure:hover .wp-block-uagb-image--layout-overlay__inner .uagb-image-caption{opacity: 1;}.uagb-block-e6f939b3.wp-block-uagb-image .wp-block-uagb-image__figure:hover .wp-block-uagb-image--layout-overlay__inner .uagb-image-separator{opacity: 1;}.uagb-block-e6f939b3.wp-block-uagb-image--layout-default figure:hover img{box-shadow: 0px 0px 0 #00000070;}.uagb-block-e6f939b3.wp-block-uagb-image--layout-overlay figure:hover img{box-shadow: 0px 0px 0 #00000070;}@media only screen and (max-width: 976px) {.uagb-block-e6f939b3.wp-block-uagb-image .wp-block-uagb-image__figure img{width: px;height: auto;}}@media only screen and (max-width: 767px) {.uagb-block-e6f939b3.wp-block-uagb-image .wp-block-uagb-image__figure img{width: px;height: auto;}}\";s:2:\"js\";s:0:\"\";s:18:\"current_block_list\";a:13:{i:0;s:11:\"core\/search\";i:1;s:10:\"core\/group\";i:2;s:12:\"core\/heading\";i:3;s:17:\"core\/latest-posts\";i:4;s:20:\"core\/latest-comments\";i:5;s:13:\"core\/archives\";i:6;s:15:\"core\/categories\";i:7;s:14:\"core\/paragraph\";i:8;s:10:\"uagb\/image\";i:9;s:11:\"core\/spacer\";i:10;s:30:\"woocommerce\/product-categories\";i:11;s:10:\"core\/image\";i:12;s:14:\"core\/shortcode\";}s:8:\"uag_flag\";b:1;s:11:\"uag_version\";s:10:\"1775578565\";s:6:\"gfonts\";a:0:{}s:10:\"gfonts_url\";s:0:\"\";s:12:\"gfonts_files\";a:0:{}s:14:\"uag_faq_layout\";b:0;}"]},"uagb_featured_image_src":{"full":["https:\/\/www.ferberpainting.com\/wp-content\/uploads\/2025\/05\/TerraceFungicide5L.jpg",2560,2560,false],"thumbnail":["https:\/\/www.ferberpainting.com\/wp-content\/uploads\/2025\/05\/TerraceFungicide5L-150x150.jpg",150,150,true],"medium":["https:\/\/www.ferberpainting.com\/wp-content\/uploads\/2025\/05\/TerraceFungicide5L-300x300.jpg",300,300,true],"medium_large":["https:\/\/www.ferberpainting.com\/wp-content\/uploads\/2025\/05\/TerraceFungicide5L-768x768.jpg",768,768,true],"large":["https:\/\/www.ferberpainting.com\/wp-content\/uploads\/2025\/05\/TerraceFungicide5L-1024x1024.jpg",1024,1024,true],"1536x1536":["https:\/\/www.ferberpainting.com\/wp-content\/uploads\/2025\/05\/TerraceFungicide5L-1536x1536.jpg",1536,1536,true],"2048x2048":["https:\/\/www.ferberpainting.com\/wp-content\/uploads\/2025\/05\/TerraceFungicide5L-2048x2048.jpg",2048,2048,true],"trp-custom-language-flag":["https:\/\/www.ferberpainting.com\/wp-content\/uploads\/2025\/05\/TerraceFungicide5L-12x12.jpg",12,12,true],"woocommerce_thumbnail":["https:\/\/www.ferberpainting.com\/wp-content\/uploads\/2025\/05\/TerraceFungicide5L-300x300.jpg",300,300,true],"woocommerce_single":["https:\/\/www.ferberpainting.com\/wp-content\/uploads\/2025\/05\/TerraceFungicide5L-600x600.jpg",600,600,true],"woocommerce_gallery_thumbnail":["https:\/\/www.ferberpainting.com\/wp-content\/uploads\/2025\/05\/TerraceFungicide5L-100x100.jpg",100,100,true]},"uagb_author_info":{"display_name":"admin","author_link":"https:\/\/www.ferberpainting.com\/lv\/author\/"},"uagb_comment_info":67,"uagb_excerpt":"Eliminate moss, algae, and fungal growth at the root for long-lasting protection. Our terrace fungicide is specially formulated to destroy and prevent the development of moss, algae, mold, and other fungal organisms that thrive on outdoor surfaces. Rather than simply bleaching or masking the visible signs, this powerful treatment penetrates deep into porous materials to&hellip;","_links":{"self":[{"href":"https:\/\/www.ferberpainting.com\/lv\/wp-json\/wp\/v2\/product\/25352","targetHints":{"allow":["GET"]}}],"collection":[{"href":"https:\/\/www.ferberpainting.com\/lv\/wp-json\/wp\/v2\/product"}],"about":[{"href":"https:\/\/www.ferberpainting.com\/lv\/wp-json\/wp\/v2\/types\/product"}],"replies":[{"embeddable":true,"href":"https:\/\/www.ferberpainting.com\/lv\/wp-json\/wp\/v2\/comments?post=25352"}],"version-history":[{"count":3,"href":"https:\/\/www.ferberpainting.com\/lv\/wp-json\/wp\/v2\/product\/25352\/revisions"}],"predecessor-version":[{"id":167373,"href":"https:\/\/www.ferberpainting.com\/lv\/wp-json\/wp\/v2\/product\/25352\/revisions\/167373"}],"wp:featuredmedia":[{"embeddable":true,"href":"https:\/\/www.ferberpainting.com\/lv\/wp-json\/wp\/v2\/media\/27203"}],"wp:attachment":[{"href":"https:\/\/www.ferberpainting.com\/lv\/wp-json\/wp\/v2\/media?parent=25352"}],"wp:term":[{"taxonomy":"product_brand","embeddable":true,"href":"https:\/\/www.ferberpainting.com\/lv\/wp-json\/wp\/v2\/product_brand?post=25352"},{"taxonomy":"product_cat","embeddable":true,"href":"https:\/\/www.ferberpainting.com\/lv\/wp-json\/wp\/v2\/product_cat?post=25352"},{"taxonomy":"product_tag","embeddable":true,"href":"https:\/\/www.ferberpainting.com\/lv\/wp-json\/wp\/v2\/product_tag?post=25352"}],"curies":[{"name":"wp","href":"https:\/\/api.w.org\/{rel}","templated":true}]}}