{"id":25342,"date":"2025-05-26T10:31:01","date_gmt":"2025-05-26T08:31:01","guid":{"rendered":"https:\/\/www.ferberpainting.com\/products\/sunflower-fertilizer\/"},"modified":"2026-02-16T12:17:27","modified_gmt":"2026-02-16T11:17:27","slug":"sunflower-fertilizer","status":"publish","type":"product","link":"https:\/\/www.ferberpainting.com\/lv\/products\/sunflower-fertilizer\/","title":{"rendered":"Saulespu\u0137u m\u0113slojums"},"content":{"rendered":"<p><strong><img decoding=\"async\" style=\"margin-right: 12px;\" src=\"https:\/\/www.ferberpainting.com\/wp-content\/uploads\/2026\/02\/Check.svg\" alt=\"\" width=\"18\" height=\"15\" \/>M\u0113slojums, kas \u012bpa\u0161i izstr\u0101d\u0101ts, lai maksim\u0101li veicin\u0101tu saulespu\u0137u aug\u0161anu un zied\u0113\u0161anu.<\/strong>\u00a0\u0160is m\u0113slojums ir \u012bpa\u0161i izstr\u0101d\u0101ts, lai apmierin\u0101tu saulespu\u0137u vajadz\u012bbas p\u0113c bar\u012bbas viel\u0101m, nodro\u0161inot perfektu bar\u012bbas vielu l\u012bdzsvaru, kas nodro\u0161ina sp\u0113c\u012bgu aug\u0161anu, bag\u0101t\u012bgu zied\u0113\u0161anu un lab\u0101ku iztur\u012bbu pret sare\u017e\u0123\u012btiem klimatiskajiem apst\u0101k\u013ciem. Pateicoties sl\u0101pekli, fosforu un k\u0101liju saturo\u0161ajam sast\u0101vam (NPK 15-15-15), tas pal\u012bdz uzlabot iesak\u0146o\u0161anos, stiprin\u0101t stubl\u0101ju un optimiz\u0113t saulespu\u0137u s\u0113klu ra\u017eo\u0161anu.<\/p>\n<p><strong><img decoding=\"async\" style=\"margin-right: 12px;\" src=\"https:\/\/www.ferberpainting.com\/wp-content\/uploads\/2026\/02\/Check.svg\" alt=\"\" width=\"18\" height=\"15\" \/>Naudas atmaksas garantija.<\/strong>\u00a0M\u0113s esam piln\u012bgi p\u0101rliecin\u0101ti par m\u016bsu saulespu\u0137u m\u0113slojuma efektivit\u0101ti, t\u0101p\u0113c pied\u0101v\u0101jam pilnu naudas atmaksu, ja j\u016bs neesat apmierin\u0101ts ar rezult\u0101tiem. Ja p\u0113c m\u0113slojuma lieto\u0161anas j\u016bs nepaman\u012bsiet uzlabojumus saulespu\u0137u aug\u0161an\u0101 vai zied\u0113\u0161an\u0101, j\u016bs varat piepras\u012bt atmaks\u0101t naudu bez nosac\u012bjumiem.<\/p>\n<p><strong><img decoding=\"async\" style=\"margin-right: 12px;\" src=\"https:\/\/www.ferberpainting.com\/wp-content\/uploads\/2026\/02\/Check.svg\" alt=\"\" width=\"18\" height=\"15\" \/>Univers\u0101ls m\u0113slojums da\u017e\u0101diem augsnes tipiem un st\u0101d\u012bjumiem.<\/strong>\u00a0\u0160is m\u0113slojums ir sader\u012bgs ar visu veidu augsn\u0113m, tostarp m\u0101lain\u0101m, smil\u0161ain\u0101m un smil\u0161m\u0101la augsn\u0113m, un ir vienl\u012bdz piem\u0113rots gan atkl\u0101t\u0101 lauk\u0101 audz\u0113t\u0101m kult\u016br\u0101m, gan st\u0101d\u012bjumiem podos vai uz paaugstin\u0101t\u0101m dob\u0113m. Tas ir ide\u0101li piem\u0113rots m\u0101jas d\u0101rzkopjiem, lauksaimniekiem amatieriem un profesion\u0101\u013ciem, kas v\u0113las uzlabot saulespu\u0137u kult\u016bru vesel\u012bbu un ra\u017eas kvalit\u0101ti.<\/p>\n<p><strong><img decoding=\"async\" style=\"margin-right: 12px;\" src=\"https:\/\/www.ferberpainting.com\/wp-content\/uploads\/2026\/02\/Check.svg\" alt=\"\" width=\"18\" height=\"15\" \/>Optim\u0101la ekonomisk\u0101 efektivit\u0101te, pateicoties koncentr\u0113tam sast\u0101vam.<\/strong>\u00a0\u0160is m\u0113slojums ar mazu lieto\u0161anas devu nodro\u0161ina efekt\u012bvu un ekonomisku m\u0113slo\u0161anu. T\u0101 koncentr\u0101cija \u013cauj to viegli at\u0161\u0137aid\u012bt ar 5 ml uz litru \u016bdens, kas nodro\u0161ina pla\u0161u p\u0101rkl\u0101jumu, neiz\u0161\u0137\u0113rd\u0113jot produktu. Ar vienu 5 litru tvertni var apstr\u0101d\u0101t lielas plat\u012bbas, t\u0101d\u0113j\u0101di ieguld\u012bjums ir \u013coti izdev\u012bgs.<\/p>\n<p><strong><img decoding=\"async\" style=\"margin-right: 12px;\" src=\"https:\/\/www.ferberpainting.com\/wp-content\/uploads\/2026\/02\/Check.svg\" alt=\"\" width=\"18\" height=\"15\" \/>Dro\u0161s un videi draudz\u012bgs produkts.<\/strong>\u00a0M\u016bsu m\u0113slojums ir izstr\u0101d\u0101ts bez b\u012bstam\u0101m viel\u0101m vai kait\u012bg\u0101m \u0137\u012bmisk\u0101m piedev\u0101m, t\u0101p\u0113c tas ir dro\u0161s augsnei, augiem un apk\u0101rt\u0113jiem dz\u012bvniekiem. Tas nepies\u0101r\u0146o grunts\u016bde\u0146us un pal\u012bdz saglab\u0101t augsnes mikroorganismu biolo\u0123isko daudzveid\u012bbu, t\u0101d\u0113j\u0101di nodro\u0161inot ekolo\u0123isko l\u012bdzsvaru.<\/p>\n<p><strong><img decoding=\"async\" style=\"margin-right: 12px;\" src=\"https:\/\/www.ferberpainting.com\/wp-content\/uploads\/2026\/02\/Check.svg\" alt=\"\" width=\"18\" height=\"15\" \/>Viegla lieto\u0161ana un \u0101tra piem\u0113ro\u0161ana.<\/strong>\u00a0\u0160is m\u0113slojums viegli at\u0161\u0137aid\u0101s \u016bden\u012b un tiek lietots tie\u0161i ar laist\u012b\u0161anu, nov\u0113r\u0161ot p\u0101rdoz\u0113\u0161anas vai augu apdeg\u0161anas risku. Pateicoties t\u0101 \u0101trajai uzs\u016bk\u0161anai, bar\u012bbas vielas augam k\u013c\u016bst pieejamas nekav\u0113joties, nodro\u0161inot redzamu efektu jau p\u0113c da\u017e\u0101m ned\u0113\u013c\u0101m.<\/p>\n<p><strong><img decoding=\"async\" style=\"margin-right: 12px;\" src=\"https:\/\/www.ferberpainting.com\/wp-content\/uploads\/2026\/02\/Check.svg\" alt=\"\" width=\"18\" height=\"15\" \/>Ilgsto\u0161a iedarb\u012bba optim\u0101lai saulespu\u0137u att\u012bst\u012bbai.<\/strong>\u00a0\u0160is m\u0113slojums ir veidots t\u0101, lai pak\u0101peniski atbr\u012bvotos bar\u012bbas vielas, un nodro\u0161ina nep\u0101rtrauktu m\u0113slo\u0161anu vair\u0101ku ned\u0113\u013cu garum\u0101, veicinot stubl\u0101ju aug\u0161anu, iztur\u012bbu pret slim\u012bb\u0101m un augstu s\u0113klu kvalit\u0101ti.<\/p>\n<p><strong><img decoding=\"async\" style=\"margin-right: 12px;\" src=\"https:\/\/www.ferberpainting.com\/wp-content\/uploads\/2026\/02\/Check.svg\" alt=\"\" width=\"18\" height=\"15\" \/>Redzami rezult\u0101ti \u0101tri p\u0113c pirm\u0101s lieto\u0161anas reizes.<\/strong>\u00a0Jau p\u0113c da\u017e\u0101m pirmaj\u0101m ned\u0113\u013c\u0101m j\u016bs paman\u012bsiet sp\u0113c\u012bg\u0101ku stubl\u0101ju un lapu att\u012bst\u012bbu, bl\u012bv\u0101ku lapotni un bag\u0101t\u012bg\u0101ku zied\u0113\u0161anu. \u0160is m\u0113slojums stimul\u0113 saulespu\u0137u vielmai\u0146u, t\u0101d\u0113j\u0101di veicinot strauju aug\u0161anu un lab\u0101ku s\u0113klu ra\u017eo\u0161anu.<\/p>\n<h2><strong>Lieto\u0161anas protokols<\/strong><\/h2>\n<p><strong>Ieteicam\u0101 deva <\/strong>:<\/p>\n<ul>\n<li>5 ml m\u0113slojuma uz 1 litru \u016bdens<\/li>\n<li>laist\u012b\u0161ana vai lapu apsmidzin\u0101\u0161ana, lai \u0101tr\u0101k uzs\u016bktu bar\u012bbas vielas.<\/li>\n<li>Lieto ik p\u0113c 15 dien\u0101m aug\u0161anas un zied\u0113\u0161anas laik\u0101.<\/li>\n<\/ul>\n<p><strong>Piem\u0113ro\u0161anas metode <\/strong>:<\/p>\n<ul>\n<li>At\u0161\u0137aidiet m\u0113slojumu \u016bden\u012b atbilsto\u0161i nor\u0101d\u012btajai devai.<\/li>\n<li>Laistiet tie\u0161i pie saulespu\u0137u pamatnes, uzmanoties, lai augsne neb\u016btu pies\u0101tin\u0101ta.<\/li>\n<li>Izsmidziniet uz lap\u0101m \u0101trai asimil\u0101cijai, \u012bpa\u0161i \u016bdens tr\u016bkuma periodos.<\/li>\n<\/ul>\n<p><strong>Lieto\u0161anas bie\u017eums <\/strong>:<\/p>\n<ul>\n<li><strong>Aug\u0161anas s\u0101kum\u0101 (mart\u0101-apr\u012bl\u012b) <\/strong>: Lai veicin\u0101tu labu sak\u0146u att\u012bst\u012bbu un \u0101tru jauno augu aug\u0161anu.<\/li>\n<li><strong>Zied\u0113\u0161anas laik\u0101 (maijs-augusts)<\/strong>: Lai stimul\u0113tu ziedu veido\u0161anos un veicin\u0101tu s\u0113klu ra\u017eo\u0161anu<\/li>\n<li><strong>Ruden\u012b (septembr\u012b-oktobr\u012b) <\/strong>: Lai pastiprin\u0101tu augu bar\u012bbas vielu rezerves pirms aug\u0161anas cikla beig\u0101m.<\/li>\n<\/ul>\n<p><strong>Lieto\u0161anas piesardz\u012bbas pas\u0101kumi <\/strong>:<\/p>\n<ul>\n<li>Nep\u0101rdoz\u0113jiet, jo sl\u0101pek\u013ca p\u0101rpalikums var pal\u0113nin\u0101t zied\u0113\u0161anu par labu lapotnei.<\/li>\n<li>Ieteicams lietot no r\u012bta vai dienas beig\u0101s, lai nov\u0113rstu p\u0101rm\u0113r\u012bgu \u016bdens iztvaiko\u0161anu.<\/li>\n<li>Lai saglab\u0101tu visas produkta \u012bpa\u0161\u012bbas, uzglab\u0101jiet v\u0113s\u0101 un saus\u0101 viet\u0101, prom no mitruma.<\/li>\n<\/ul>\n<p>\u0160is saulespu\u0137u m\u0113slojums ir ide\u0101ls risin\u0101jums ikvienam, kas v\u0113las ieg\u016bt sp\u0113c\u012bgus, labi iesak\u0146oju\u0161os augus, kas rada iespaid\u012bgus ziedus.<br \/>\nViegli lietojams, rentabls un videi draudz\u012bgs, tas nodro\u0161ina \u0101tru aug\u0161anu un bag\u0101t\u012bgu zied\u0113\u0161anu, lai saulespu\u0137es b\u016btu dz\u012bvas un vesel\u012bgas.<\/p>","protected":false},"excerpt":{"rendered":"<p>A fertilizer specially formulated to maximize sunflower growth and flowering.\u00a0This fertilizer has been specifically designed to meet the nutritional needs of sunflowers, by providing a perfect nutrient balance that ensures vigorous growth, abundant flowering and better resistance to difficult climatic conditions. Thanks to its nitrogen, phosphorus and potassium-rich formulation (NPK 15-15-15), it helps improve rooting, [&hellip;]<\/p>\n","protected":false},"featured_media":27197,"comment_status":"open","ping_status":"closed","template":"","meta":{"_uag_custom_page_level_css":"","site-sidebar-layout":"default","site-content-layout":"","ast-site-content-layout":"default","site-content-style":"default","site-sidebar-style":"default","ast-global-header-display":"","ast-banner-title-visibility":"","ast-main-header-display":"","ast-hfb-above-header-display":"","ast-hfb-below-header-display":"","ast-hfb-mobile-header-display":"","site-post-title":"","ast-breadcrumbs-content":"","ast-featured-img":"","footer-sml-layout":"","ast-disable-related-posts":"","theme-transparent-header-meta":"default","adv-header-id-meta":"","stick-header-meta":"","header-above-stick-meta":"","header-main-stick-meta":"","header-below-stick-meta":"","astra-migrate-meta-layouts":"set","ast-page-background-enabled":"default","ast-page-background-meta":{"desktop":{"background-color":"var(--ast-global-color-4)","background-image":"","background-repeat":"repeat","background-position":"center center","background-size":"auto","background-attachment":"scroll","background-type":"","background-media":"","overlay-type":"","overlay-color":"","overlay-opacity":"","overlay-gradient":""},"tablet":{"background-color":"","background-image":"","background-repeat":"repeat","background-position":"center center","background-size":"auto","background-attachment":"scroll","background-type":"","background-media":"","overlay-type":"","overlay-color":"","overlay-opacity":"","overlay-gradient":""},"mobile":{"background-color":"","background-image":"","background-repeat":"repeat","background-position":"center center","background-size":"auto","background-attachment":"scroll","background-type":"","background-media":"","overlay-type":"","overlay-color":"","overlay-opacity":"","overlay-gradient":""}},"ast-content-background-meta":{"desktop":{"background-color":"var(--ast-global-color-5)","background-image":"","background-repeat":"repeat","background-position":"center center","background-size":"auto","background-attachment":"scroll","background-type":"","background-media":"","overlay-type":"","overlay-color":"","overlay-opacity":"","overlay-gradient":""},"tablet":{"background-color":"var(--ast-global-color-5)","background-image":"","background-repeat":"repeat","background-position":"center center","background-size":"auto","background-attachment":"scroll","background-type":"","background-media":"","overlay-type":"","overlay-color":"","overlay-opacity":"","overlay-gradient":""},"mobile":{"background-color":"var(--ast-global-color-5)","background-image":"","background-repeat":"repeat","background-position":"center center","background-size":"auto","background-attachment":"scroll","background-type":"","background-media":"","overlay-type":"","overlay-color":"","overlay-opacity":"","overlay-gradient":""}}},"product_brand":[],"product_cat":[178],"product_tag":[],"class_list":{"0":"post-25342","1":"product","2":"type-product","3":"status-publish","4":"has-post-thumbnail","6":"product_cat-fertilizers","7":"desktop-align-left","8":"tablet-align-left","9":"mobile-align-left","11":"first","12":"instock","13":"sale","14":"taxable","15":"shipping-taxable","16":"purchasable","17":"product-type-variable","18":"has-default-attributes"},"spectra_custom_meta":{"_visibility":["visible"],"_shopify_product_id":["9073233297653"],"_s2w_shopify_domain":["ferberpainting.myshopify.com"],"_shopify_variant_id":["46524451193077"],"_sku":[""],"_manage_stock":["no"],"total_sales":["2"],"_tax_status":["taxable"],"_tax_class":[""],"_backorders":["no"],"_sold_individually":["no"],"_virtual":["no"],"_downloadable":["no"],"_download_limit":["-1"],"_download_expiry":["-1"],"_stock":[null],"_stock_status":["instock"],"_wc_average_rating":["4.75"],"_wc_review_count":["8"],"_product_attributes":["a:1:{s:6:\"volume\";a:6:{s:4:\"name\";s:6:\"Volume\";s:5:\"value\";s:20:\"5 liters | 25 liters\";s:8:\"position\";i:1;s:10:\"is_visible\";i:0;s:12:\"is_variation\";i:1;s:11:\"is_taxonomy\";i:0;}}"],"_product_version":["10.5.1"],"_thumbnail_id":["27197"],"_product_image_gallery":["27198"],"wpse_downloadable_file_names":[""],"wpse_downloadable_file_urls":[""],"_edit_last":["1"],"_default_attributes":["a:1:{s:6:\"volume\";s:8:\"5 liters\";}"],"_edit_lock":["1771240863:1"],"_price":["29.90","129.90"],"merchant-center-availability":["yes"],"merchant-center-category":["113"],"_wp_page_template":["default"],"site-sidebar-layout":["default"],"ast-site-content-layout":["default"],"site-content-style":["default"],"site-sidebar-style":["default"],"theme-transparent-header-meta":["default"],"_wc_rating_count":["a:2:{i:4;i:2;i:5;i:6;}"],"astra-migrate-meta-layouts":["set"],"_uag_css_file_name":["uag-css-25342.css"],"_elementor_page_assets":["a:0:{}"],"_uag_page_assets":["a:9:{s:3:\"css\";s:7133:\".uag-blocks-common-selector{z-index:var(--z-index-desktop) !important}@media(max-width: 976px){.uag-blocks-common-selector{z-index:var(--z-index-tablet) !important}}@media(max-width: 767px){.uag-blocks-common-selector{z-index:var(--z-index-mobile) !important}}.wp-block-uagb-image{display:flex}.wp-block-uagb-image__figure{position:relative;display:flex;flex-direction:column;max-width:100%;height:auto;margin:0}.wp-block-uagb-image__figure img{height:auto;display:flex;max-width:100%;transition:box-shadow .2s ease}.wp-block-uagb-image__figure>a{display:inline-block}.wp-block-uagb-image__figure figcaption{text-align:center;margin-top:.5em;margin-bottom:1em}.wp-block-uagb-image .components-placeholder.block-editor-media-placeholder .components-placeholder__instructions{align-self:center}.wp-block-uagb-image--align-left{text-align:left}.wp-block-uagb-image--align-right{text-align:right}.wp-block-uagb-image--align-center{text-align:center}.wp-block-uagb-image--align-full .wp-block-uagb-image__figure{margin-left:calc(50% - 50vw);margin-right:calc(50% - 50vw);max-width:100vw;width:100vw;height:auto}.wp-block-uagb-image--align-full .wp-block-uagb-image__figure img{height:auto;width:100% !important}.wp-block-uagb-image--align-wide .wp-block-uagb-image__figure img{height:auto;width:100%}.wp-block-uagb-image--layout-overlay__color-wrapper{position:absolute;left:0;top:0;right:0;bottom:0;opacity:.2;background:rgba(0,0,0,.5);transition:opacity .35s ease-in-out}.wp-block-uagb-image--layout-overlay-link{position:absolute;left:0;right:0;bottom:0;top:0}.wp-block-uagb-image--layout-overlay .wp-block-uagb-image__figure:hover .wp-block-uagb-image--layout-overlay__color-wrapper{opacity:1}.wp-block-uagb-image--layout-overlay__inner{position:absolute;left:15px;right:15px;bottom:15px;top:15px;display:flex;align-items:center;justify-content:center;flex-direction:column;border-color:#fff;transition:.35s ease-in-out}.wp-block-uagb-image--layout-overlay__inner.top-left,.wp-block-uagb-image--layout-overlay__inner.top-center,.wp-block-uagb-image--layout-overlay__inner.top-right{justify-content:flex-start}.wp-block-uagb-image--layout-overlay__inner.bottom-left,.wp-block-uagb-image--layout-overlay__inner.bottom-center,.wp-block-uagb-image--layout-overlay__inner.bottom-right{justify-content:flex-end}.wp-block-uagb-image--layout-overlay__inner.top-left,.wp-block-uagb-image--layout-overlay__inner.center-left,.wp-block-uagb-image--layout-overlay__inner.bottom-left{align-items:flex-start}.wp-block-uagb-image--layout-overlay__inner.top-right,.wp-block-uagb-image--layout-overlay__inner.center-right,.wp-block-uagb-image--layout-overlay__inner.bottom-right{align-items:flex-end}.wp-block-uagb-image--layout-overlay__inner .uagb-image-heading{color:#fff;transition:transform .35s,opacity .35s ease-in-out;transform:translate3d(0, 24px, 0);margin:0;line-height:1em}.wp-block-uagb-image--layout-overlay__inner .uagb-image-separator{width:30%;border-top-width:2px;border-top-color:#fff;border-top-style:solid;margin-bottom:10px;opacity:0;transition:transform .4s,opacity .4s ease-in-out;transform:translate3d(0, 30px, 0)}.wp-block-uagb-image--layout-overlay__inner .uagb-image-caption{opacity:0;overflow:visible;color:#fff;transition:transform .45s,opacity .45s ease-in-out;transform:translate3d(0, 35px, 0)}.wp-block-uagb-image--layout-overlay__inner:hover .uagb-image-heading,.wp-block-uagb-image--layout-overlay__inner:hover .uagb-image-separator,.wp-block-uagb-image--layout-overlay__inner:hover .uagb-image-caption{opacity:1;transform:translate3d(0, 0, 0)}.wp-block-uagb-image--effect-zoomin .wp-block-uagb-image__figure img,.wp-block-uagb-image--effect-zoomin .wp-block-uagb-image__figure .wp-block-uagb-image--layout-overlay__color-wrapper{transform:scale(1);transition:transform .35s ease-in-out}.wp-block-uagb-image--effect-zoomin .wp-block-uagb-image__figure:hover img,.wp-block-uagb-image--effect-zoomin .wp-block-uagb-image__figure:hover .wp-block-uagb-image--layout-overlay__color-wrapper{transform:scale(1.05)}.wp-block-uagb-image--effect-slide .wp-block-uagb-image__figure img,.wp-block-uagb-image--effect-slide .wp-block-uagb-image__figure .wp-block-uagb-image--layout-overlay__color-wrapper{width:calc(100% + 40px) !important;max-width:none !important;transform:translate3d(-40px, 0, 0);transition:transform .35s ease-in-out}.wp-block-uagb-image--effect-slide .wp-block-uagb-image__figure:hover img,.wp-block-uagb-image--effect-slide .wp-block-uagb-image__figure:hover .wp-block-uagb-image--layout-overlay__color-wrapper{transform:translate3d(0, 0, 0)}.wp-block-uagb-image--effect-grayscale img{filter:grayscale(0%);transition:.35s ease-in-out}.wp-block-uagb-image--effect-grayscale:hover img{filter:grayscale(100%)}.wp-block-uagb-image--effect-blur img{filter:blur(0);transition:.35s ease-in-out}.wp-block-uagb-image--effect-blur:hover img{filter:blur(3px)}.uagb-block-e6f939b3.wp-block-uagb-image--layout-default figure img{box-shadow: 0px 0px 0 #00000070;}.uagb-block-e6f939b3.wp-block-uagb-image .wp-block-uagb-image__figure figcaption{font-style: normal;align-self: center;}.uagb-block-e6f939b3.wp-block-uagb-image--layout-overlay figure img{box-shadow: 0px 0px 0 #00000070;}.uagb-block-e6f939b3.wp-block-uagb-image--layout-overlay .wp-block-uagb-image--layout-overlay__color-wrapper{opacity: 0.2;}.uagb-block-e6f939b3.wp-block-uagb-image--layout-overlay .wp-block-uagb-image--layout-overlay__inner{left: 15px;right: 15px;top: 15px;bottom: 15px;}.uagb-block-e6f939b3.wp-block-uagb-image--layout-overlay .wp-block-uagb-image--layout-overlay__inner .uagb-image-heading{font-style: normal;color: #fff;opacity: 1;}.uagb-block-e6f939b3.wp-block-uagb-image--layout-overlay .wp-block-uagb-image--layout-overlay__inner .uagb-image-heading a{color: #fff;}.uagb-block-e6f939b3.wp-block-uagb-image--layout-overlay .wp-block-uagb-image--layout-overlay__inner .uagb-image-caption{opacity: 0;}.uagb-block-e6f939b3.wp-block-uagb-image--layout-overlay .wp-block-uagb-image__figure:hover .wp-block-uagb-image--layout-overlay__color-wrapper{opacity: 1;}.uagb-block-e6f939b3.wp-block-uagb-image .wp-block-uagb-image--layout-overlay__inner .uagb-image-separator{width: 30%;border-top-width: 2px;border-top-color: #fff;opacity: 0;}.uagb-block-e6f939b3.wp-block-uagb-image .wp-block-uagb-image__figure img{width: px;height: auto;}.uagb-block-e6f939b3.wp-block-uagb-image .wp-block-uagb-image__figure:hover .wp-block-uagb-image--layout-overlay__inner .uagb-image-caption{opacity: 1;}.uagb-block-e6f939b3.wp-block-uagb-image .wp-block-uagb-image__figure:hover .wp-block-uagb-image--layout-overlay__inner .uagb-image-separator{opacity: 1;}.uagb-block-e6f939b3.wp-block-uagb-image--layout-default figure:hover img{box-shadow: 0px 0px 0 #00000070;}.uagb-block-e6f939b3.wp-block-uagb-image--layout-overlay figure:hover img{box-shadow: 0px 0px 0 #00000070;}@media only screen and (max-width: 976px) {.uagb-block-e6f939b3.wp-block-uagb-image .wp-block-uagb-image__figure img{width: px;height: auto;}}@media only screen and (max-width: 767px) {.uagb-block-e6f939b3.wp-block-uagb-image .wp-block-uagb-image__figure img{width: px;height: auto;}}\";s:2:\"js\";s:0:\"\";s:18:\"current_block_list\";a:13:{i:0;s:11:\"core\/search\";i:1;s:10:\"core\/group\";i:2;s:12:\"core\/heading\";i:3;s:17:\"core\/latest-posts\";i:4;s:20:\"core\/latest-comments\";i:5;s:13:\"core\/archives\";i:6;s:15:\"core\/categories\";i:7;s:14:\"core\/paragraph\";i:8;s:10:\"uagb\/image\";i:9;s:11:\"core\/spacer\";i:10;s:30:\"woocommerce\/product-categories\";i:11;s:10:\"core\/image\";i:12;s:14:\"core\/shortcode\";}s:8:\"uag_flag\";b:1;s:11:\"uag_version\";s:10:\"1777331471\";s:6:\"gfonts\";a:0:{}s:10:\"gfonts_url\";s:0:\"\";s:12:\"gfonts_files\";a:0:{}s:14:\"uag_faq_layout\";b:0;}"]},"uagb_featured_image_src":{"full":["https:\/\/www.ferberpainting.com\/wp-content\/uploads\/2025\/05\/SunflowerFertilizer5L.png",2560,2560,false],"thumbnail":["https:\/\/www.ferberpainting.com\/wp-content\/uploads\/2025\/05\/SunflowerFertilizer5L-150x150.png",150,150,true],"medium":["https:\/\/www.ferberpainting.com\/wp-content\/uploads\/2025\/05\/SunflowerFertilizer5L-300x300.png",300,300,true],"medium_large":["https:\/\/www.ferberpainting.com\/wp-content\/uploads\/2025\/05\/SunflowerFertilizer5L-768x768.png",768,768,true],"large":["https:\/\/www.ferberpainting.com\/wp-content\/uploads\/2025\/05\/SunflowerFertilizer5L-1024x1024.png",1024,1024,true],"1536x1536":["https:\/\/www.ferberpainting.com\/wp-content\/uploads\/2025\/05\/SunflowerFertilizer5L-1536x1536.png",1536,1536,true],"2048x2048":["https:\/\/www.ferberpainting.com\/wp-content\/uploads\/2025\/05\/SunflowerFertilizer5L-2048x2048.png",2048,2048,true],"trp-custom-language-flag":["https:\/\/www.ferberpainting.com\/wp-content\/uploads\/2025\/05\/SunflowerFertilizer5L-12x12.png",12,12,true],"woocommerce_thumbnail":["https:\/\/www.ferberpainting.com\/wp-content\/uploads\/2025\/05\/SunflowerFertilizer5L-300x300.png",300,300,true],"woocommerce_single":["https:\/\/www.ferberpainting.com\/wp-content\/uploads\/2025\/05\/SunflowerFertilizer5L-600x600.png",600,600,true],"woocommerce_gallery_thumbnail":["https:\/\/www.ferberpainting.com\/wp-content\/uploads\/2025\/05\/SunflowerFertilizer5L-100x100.png",100,100,true]},"uagb_author_info":{"display_name":"admin","author_link":"https:\/\/www.ferberpainting.com\/lv\/author\/"},"uagb_comment_info":8,"uagb_excerpt":"A fertilizer specially formulated to maximize sunflower growth and flowering.\u00a0This fertilizer has been specifically designed to meet the nutritional needs of sunflowers, by providing a perfect nutrient balance that ensures vigorous growth, abundant flowering and better resistance to difficult climatic conditions. Thanks to its nitrogen, phosphorus and potassium-rich formulation (NPK 15-15-15), it helps improve rooting,&hellip;","_links":{"self":[{"href":"https:\/\/www.ferberpainting.com\/lv\/wp-json\/wp\/v2\/product\/25342","targetHints":{"allow":["GET"]}}],"collection":[{"href":"https:\/\/www.ferberpainting.com\/lv\/wp-json\/wp\/v2\/product"}],"about":[{"href":"https:\/\/www.ferberpainting.com\/lv\/wp-json\/wp\/v2\/types\/product"}],"replies":[{"embeddable":true,"href":"https:\/\/www.ferberpainting.com\/lv\/wp-json\/wp\/v2\/comments?post=25342"}],"version-history":[{"count":3,"href":"https:\/\/www.ferberpainting.com\/lv\/wp-json\/wp\/v2\/product\/25342\/revisions"}],"predecessor-version":[{"id":167363,"href":"https:\/\/www.ferberpainting.com\/lv\/wp-json\/wp\/v2\/product\/25342\/revisions\/167363"}],"wp:featuredmedia":[{"embeddable":true,"href":"https:\/\/www.ferberpainting.com\/lv\/wp-json\/wp\/v2\/media\/27197"}],"wp:attachment":[{"href":"https:\/\/www.ferberpainting.com\/lv\/wp-json\/wp\/v2\/media?parent=25342"}],"wp:term":[{"taxonomy":"product_brand","embeddable":true,"href":"https:\/\/www.ferberpainting.com\/lv\/wp-json\/wp\/v2\/product_brand?post=25342"},{"taxonomy":"product_cat","embeddable":true,"href":"https:\/\/www.ferberpainting.com\/lv\/wp-json\/wp\/v2\/product_cat?post=25342"},{"taxonomy":"product_tag","embeddable":true,"href":"https:\/\/www.ferberpainting.com\/lv\/wp-json\/wp\/v2\/product_tag?post=25342"}],"curies":[{"name":"wp","href":"https:\/\/api.w.org\/{rel}","templated":true}]}}