{"id":25328,"date":"2025-05-26T10:30:52","date_gmt":"2025-05-26T08:30:52","guid":{"rendered":"https:\/\/www.ferberpainting.com\/products\/strawberry-fertilizer\/"},"modified":"2026-02-16T12:04:18","modified_gmt":"2026-02-16T11:04:18","slug":"strawberry-fertilizer","status":"publish","type":"product","link":"https:\/\/www.ferberpainting.com\/lv\/products\/strawberry-fertilizer\/","title":{"rendered":"Zeme\u0146u m\u0113slojums 25 kg"},"content":{"rendered":"<p><strong><img decoding=\"async\" style=\"margin-right: 12px;\" src=\"https:\/\/www.ferberpainting.com\/wp-content\/uploads\/2026\/02\/Check.svg\" alt=\"\" width=\"18\" height=\"15\" \/>Pilnv\u0113rt\u012bgs m\u0113slojums sp\u0113c\u012bgai aug\u0161anai un bag\u0101t\u012bgai zeme\u0146u ra\u017eo\u0161anai. <\/strong>\u0160is m\u0113slojums ir \u012bpa\u0161i izstr\u0101d\u0101ts, lai nodro\u0161in\u0101tu zeme\u0146u augus ar vis\u0101m nepiecie\u0161amaj\u0101m bar\u012bbas viel\u0101m vesel\u012bgai att\u012bst\u012bbai un saldo un arom\u0101tisko aug\u013cu ra\u017eo\u0161anai. Pateicoties sabalans\u0113tajam sast\u0101vam NPK 10-10-10, tas nodro\u0161ina lapu un stubl\u0101ju aug\u0161anai nepiecie\u0161amo sl\u0101pekli (N), fosforu (P), lai veicin\u0101tu sp\u0113c\u012bgu sak\u0146o\u0161anos un bag\u0101t\u012bgu zied\u0113\u0161anu, un k\u0101liju (K), lai stimul\u0113tu aug\u013cu veido\u0161anos un uzlabotu zeme\u0146u kvalit\u0101ti. Nodro\u0161inot regul\u0101ru un pilnv\u0113rt\u012bgu bar\u012bbas vielu pieg\u0101di, \u0161is m\u0113slojums garant\u0113 vesel\u012bgus zeme\u0146u augus un bag\u0101t\u012bgu ra\u017eu visas sezonas garum\u0101.<\/p>\n<p><strong><img decoding=\"async\" style=\"margin-right: 12px;\" src=\"https:\/\/www.ferberpainting.com\/wp-content\/uploads\/2026\/02\/Check.svg\" alt=\"\" width=\"18\" height=\"15\" \/>Naudas atmaksas garantija.<\/strong>\u00a0M\u0113s esam tik p\u0101rliecin\u0101ti par m\u016bsu zeme\u0146u m\u0113slojuma efektivit\u0101ti, ka pied\u0101v\u0101jam naudas atmaksas garantiju. Ja p\u0113c lieto\u0161anas saska\u0146\u0101 ar ieteikumiem j\u016bsu zeme\u0146u augi neuzlabos aug\u0161anu, zied\u0113\u0161anu vai aug\u013cu veido\u0161anos, m\u0113s apsol\u0101m piln\u012bb\u0101 atmaks\u0101t naudu par pirkumu. J\u016bs varat ieg\u0101d\u0101ties un izm\u0113\u0123in\u0101t \u0161o m\u0113slojumu ar piln\u012bgu p\u0101rliec\u012bbu.<\/p>\n<p><strong><img decoding=\"async\" style=\"margin-right: 12px;\" src=\"https:\/\/www.ferberpainting.com\/wp-content\/uploads\/2026\/02\/Check.svg\" alt=\"\" width=\"18\" height=\"15\" \/>Piem\u0113rots vis\u0101m zeme\u0146u \u0161\u0137irn\u0113m un da\u017e\u0101diem audz\u0113\u0161anas apst\u0101k\u013ciem.<\/strong>\u00a0\u0160is m\u0113slojums ir ide\u0101li piem\u0113rots vis\u0101m zeme\u0146u \u0161\u0137irn\u0113m - gan visaugl\u012bgaj\u0101m, gan neaugl\u012bgaj\u0101m, gan tradicion\u0101laj\u0101m, gan hibr\u012bdaj\u0101m \u0161\u0137irn\u0113m. Tas ir vienl\u012bdz piem\u0113rots zemen\u0113m, ko audz\u0113 atkl\u0101t\u0101 lauk\u0101, podos, siltumn\u012bc\u0101s, pied\u0101v\u0101jot univers\u0101lu risin\u0101jumu visiem augsnes tipiem. Tas iedarbojas uz visda\u017e\u0101d\u0101kaj\u0101m augsn\u0113m, tostarp smil\u0161ain\u0101m, m\u0101lain\u0101m, ar humusu bag\u0101t\u0101m vai zemen\u0113m rakstur\u012bg\u0101m augsn\u0113m.<\/p>\n<p><strong><img decoding=\"async\" style=\"margin-right: 12px;\" src=\"https:\/\/www.ferberpainting.com\/wp-content\/uploads\/2026\/02\/Check.svg\" alt=\"\" width=\"18\" height=\"15\" \/>Rentabla ra\u017ea un ilgsto\u0161a m\u0113slo\u0161ana.<\/strong>\u00a0Pateicoties m\u0113slo\u0161anas l\u012bdzek\u013ca sast\u0101vam, tas pak\u0101peniski atbr\u012bvo bar\u012bbas vielas augsn\u0113, nodro\u0161inot ilgsto\u0161u un efekt\u012bvu m\u0113slo\u0161anu. Ar vienu 25 kg maisu var m\u0113slot l\u012bdz 125 zeme\u0146u st\u0101diem, un ieteicamais m\u0113slojuma daudzums ir 200 g uz vienu zeme\u0146u st\u0101du. \u0160\u012b optimiz\u0113t\u0101 ra\u017ea nodro\u0161ina pilnv\u0113rt\u012bgu baro\u0161anu vair\u0101ku ned\u0113\u013cu garum\u0101 bez bie\u017eas papildin\u0101\u0161anas, samazinot d\u0101rznieka darba slodzi un vienlaikus nodro\u0161inot vienm\u0113r\u012bgu zeme\u0146u ra\u017eu.<\/p>\n<p><strong><img decoding=\"async\" style=\"margin-right: 12px;\" src=\"https:\/\/www.ferberpainting.com\/wp-content\/uploads\/2026\/02\/Check.svg\" alt=\"\" width=\"18\" height=\"15\" \/>Dro\u0161s un videi draudz\u012bgs m\u0113slojums.<\/strong>\u00a0\u0160is m\u0113slojums ir veidots bez kait\u012bg\u0101m \u0137imik\u0101lij\u0101m un nerada risku savva\u013cas dz\u012bvniekiem un apk\u0101rt\u0113jai florai. Tas iev\u0113ro augsnes dabisko l\u012bdzsvaru un veicina labv\u0113l\u012bgas mikrofloras att\u012bst\u012bbu, kas uzlabo bar\u012bbas vielu uzs\u016bk\u0161anos sakn\u0113s. Tas neapdraud m\u0101jdz\u012bvniekus vai b\u0113rnus, nodro\u0161inot dro\u0161u m\u0113slo\u0161anu j\u016bsu d\u0101rz\u0101 vai d\u0101rze\u0146u dob\u0113.<\/p>\n<p><strong><img decoding=\"async\" style=\"margin-right: 12px;\" src=\"https:\/\/www.ferberpainting.com\/wp-content\/uploads\/2026\/02\/Check.svg\" alt=\"\" width=\"18\" height=\"15\" \/>Viegli lietojams un m\u0113slojams bez piep\u016bles.<\/strong>\u00a0At\u0161\u0137ir\u012bb\u0101 no \u0161\u0137idrajiem m\u0113slo\u0161anas l\u012bdzek\u013ciem, kurus nepiecie\u0161ams at\u0161\u0137aid\u012bt un bie\u017ei lietot, \u0161is m\u0113slojums tiek lietots tie\u0161i augsn\u0113 bez iepriek\u0161\u0113jas sagatavo\u0161anas. Vienk\u0101r\u0161i izkl\u0101jiet to pie zeme\u0146u augu pamatnes un viegli iestr\u0101d\u0101jiet augsn\u0113, lai nodro\u0161in\u0101tu pak\u0101penisku bar\u012bbas vielu izdal\u012b\u0161anos. T\u0101 vienk\u0101r\u0161\u0101 un \u0101tr\u0101 lieto\u0161anas metode \u013cauj visiem d\u0101rzkopjiem, pat ies\u0101c\u0113jiem, bez piep\u016bles izaudz\u0113t vesel\u012bgus zeme\u0146u st\u0101dus.<\/p>\n<p><strong><img decoding=\"async\" style=\"margin-right: 12px;\" src=\"https:\/\/www.ferberpainting.com\/wp-content\/uploads\/2026\/02\/Check.svg\" alt=\"\" width=\"18\" height=\"15\" \/>Papla\u0161in\u0101ta darb\u012bba bag\u0101t\u012bgai un nep\u0101rtrauktai ra\u017eai.<\/strong>\u00a0Pateicoties ilgsto\u0161ai iedarb\u012bbai, \u0161is m\u0113slojums baros j\u016bsu zemenes vair\u0101ku ned\u0113\u013cu garum\u0101, stimul\u0113jot to aug\u0161anu un veicinot daudzu saldo un arom\u0101tisko aug\u013cu veido\u0161anos. Tas ar\u012b pal\u012bdz stiprin\u0101t zeme\u0146u augu iztur\u012bbu pret t\u0101d\u0101m izplat\u012bt\u0101m slim\u012bb\u0101m k\u0101 miltrasa, p\u016bkain\u0101 pel\u0113jums vai pel\u0113k\u0101 pel\u0113juma s\u0113n\u012bte, vienlaikus palielinot to notur\u012bbu pret klimata sv\u0101rst\u012bb\u0101m.<\/p>\n<p><strong><img decoding=\"async\" style=\"margin-right: 12px;\" src=\"https:\/\/www.ferberpainting.com\/wp-content\/uploads\/2026\/02\/Check.svg\" alt=\"\" width=\"18\" height=\"15\" \/>Redzami rezult\u0101ti jau pirmaj\u0101s ned\u0113\u013c\u0101s.<\/strong>\u00a0Jau no lieto\u0161anas br\u012b\u017ea \u0161is m\u0113slojums stimul\u0113 jaunu lapu veido\u0161anos, pastiprina zied\u0113\u0161anu un veicina daudzu ziedu un aug\u013cu par\u0101d\u012b\u0161anos. Jau p\u0113c da\u017e\u0101m ned\u0113\u013c\u0101m zemenes k\u013c\u016bst vesel\u012bg\u0101kas, ra\u017e\u012bg\u0101kas un ra\u017eo bag\u0101t\u012bg\u0101kus, sul\u012bg\u0101kus un sald\u0101kus aug\u013cus.<\/p>\n<h2><strong>Lieto\u0161anas protokols<\/strong><\/h2>\n<p><strong>Pieteik\u0161an\u0101s periods :<\/strong> Lietojiet tr\u012bs reizes gad\u0101 - sezonas s\u0101kum\u0101 (mart\u0101-apr\u012bl\u012b), lai veicin\u0101tu aug\u0161anu, zied\u0113\u0161anas s\u0101kum\u0101 (maij\u0101-j\u016bnij\u0101), lai stimul\u0113tu aug\u013cu veido\u0161anos, un p\u0113c ra\u017eas nov\u0101k\u0161anas (septembr\u012b), lai stiprin\u0101tu augus pirms ziemas.<\/p>\n<p><strong>Ieteicam\u0101 deva :<\/strong> Katram zeme\u0146u st\u0101dam izdaliet 200 g m\u0113slojuma, kas ir apm\u0113ram viena labi piepild\u012bta sauja, nedaudz piel\u0101gojot daudzumu atkar\u012bb\u0101 no augu lieluma un sp\u0113c\u012bguma.<\/p>\n<p><strong>Lieto\u0161anas metode:<\/strong><\/p>\n<ul>\n<li><strong>Augsnes izklied\u0113\u0161ana :<\/strong> Izkl\u0101jiet m\u0113slojumu apli ap katra zeme\u0146u auga pamatni, apm\u0113ram 10 l\u012bdz 15 cm no pamatnes, lai izvair\u012btos no tie\u0161a kontakta ar sakn\u0113m un veicin\u0101tu pak\u0101penisku uzs\u016bk\u0161anos.<\/li>\n<li><strong>Gaismas iek\u013cau\u0161ana :<\/strong> Ar gr\u0101bekli vai nagu viegli ieberiet m\u0113slojumu augsnes virsk\u0101rt\u0101 (2 l\u012bdz 5 cm dzi\u013cum\u0101), lai uzlabotu t\u0101 integr\u0101ciju un nov\u0113rstu t\u0101 izskalo\u0161anos, laistot augsni.<\/li>\n<\/ul>\n<p><strong>Laist\u012b\u0161ana p\u0113c lieto\u0161anas :<\/strong> P\u0113c izklied\u0113\u0161anas bag\u0101t\u012bgi aplaistiet, lai aktiviz\u0113tu bar\u012bbas vielu izdal\u012b\u0161anos un nodro\u0161in\u0101tu optim\u0101lu sak\u0146u uzs\u016bk\u0161anos.<\/p>\n<p><strong>Uztur\u0113\u0161ana un uzraudz\u012bba :<\/strong> Ra\u017eo\u0161anas laik\u0101 uzraugiet augsnes mitrumu un regul\u0101ri laistiet, lai optimiz\u0113tu m\u0113slojuma efektivit\u0101ti un izvair\u012btos no \u016bdens tr\u016bkuma, kas var\u0113tu ietekm\u0113t zeme\u0146u ra\u017eo\u0161anu.<\/p>\n<p><strong>Lieto\u0161anas piesardz\u012bbas pas\u0101kumi :<\/strong> Nep\u0101rm\u0113slojiet ar m\u0113slojumu, lai izvair\u012btos no sl\u0101pek\u013ca p\u0101rpalikuma, kas var izrais\u012bt p\u0101rm\u0113r\u012bgu lapu aug\u0161anu uz aug\u013cu ra\u017eas r\u0113\u0137ina. Nelietot uz sasalu\u0161as zemes vai \u0101rk\u0101rt\u0113ja sausuma laik\u0101 bez papildu laist\u012b\u0161anas.<\/p>\n<p><strong>Uzglab\u0101\u0161ana un konserv\u0113\u0161ana :<\/strong> Uzglab\u0101jiet m\u0113slojumu saus\u0101, v\u0113s\u0101 viet\u0101, prom no mitruma un saules gaismas. P\u0113c katras lieto\u0161anas reizes cie\u0161i aiztaisiet maisi\u0146u, lai saglab\u0101tu produkta kvalit\u0101ti un nov\u0113rstu boj\u0101\u0161anos.<\/p>\n<p>Ar \u0161o zeme\u0146u m\u0113slojumu nodro\u0161iniet augiem pilnv\u0113rt\u012bgu un to \u012bpa\u0161aj\u0101m vajadz\u012bb\u0101m ide\u0101li piel\u0101gotu bar\u012bbu, garant\u0113jot sp\u0113c\u012bgu aug\u0161anu, bag\u0101t\u012bgu zied\u0113\u0161anu un izcilu arom\u0101tisku zeme\u0146u ra\u017eu. Tas ir ide\u0101ls risin\u0101jums vesel\u012bgiem zeme\u0146u augiem un bag\u0101t\u012bgam d\u0101rzam visas sezonas garum\u0101.<\/p>","protected":false},"excerpt":{"rendered":"<p>A complete fertilizer for vigorous growth and abundant strawberry production. This fertilizer is specially formulated to provide strawberry plants with all the essential nutrients for healthy development and the production of sweet and flavorful fruits. Thanks to its balanced composition NPK 10-10-10, it provides nitrogen (N) necessary for the growth of foliage and stems, phosphorus [&hellip;]<\/p>\n","protected":false},"featured_media":27192,"comment_status":"open","ping_status":"closed","template":"","meta":{"_uag_custom_page_level_css":"","site-sidebar-layout":"default","site-content-layout":"","ast-site-content-layout":"default","site-content-style":"default","site-sidebar-style":"default","ast-global-header-display":"","ast-banner-title-visibility":"","ast-main-header-display":"","ast-hfb-above-header-display":"","ast-hfb-below-header-display":"","ast-hfb-mobile-header-display":"","site-post-title":"","ast-breadcrumbs-content":"","ast-featured-img":"","footer-sml-layout":"","ast-disable-related-posts":"","theme-transparent-header-meta":"default","adv-header-id-meta":"","stick-header-meta":"","header-above-stick-meta":"","header-main-stick-meta":"","header-below-stick-meta":"","astra-migrate-meta-layouts":"set","ast-page-background-enabled":"default","ast-page-background-meta":{"desktop":{"background-color":"var(--ast-global-color-4)","background-image":"","background-repeat":"repeat","background-position":"center center","background-size":"auto","background-attachment":"scroll","background-type":"","background-media":"","overlay-type":"","overlay-color":"","overlay-opacity":"","overlay-gradient":""},"tablet":{"background-color":"","background-image":"","background-repeat":"repeat","background-position":"center center","background-size":"auto","background-attachment":"scroll","background-type":"","background-media":"","overlay-type":"","overlay-color":"","overlay-opacity":"","overlay-gradient":""},"mobile":{"background-color":"","background-image":"","background-repeat":"repeat","background-position":"center center","background-size":"auto","background-attachment":"scroll","background-type":"","background-media":"","overlay-type":"","overlay-color":"","overlay-opacity":"","overlay-gradient":""}},"ast-content-background-meta":{"desktop":{"background-color":"var(--ast-global-color-5)","background-image":"","background-repeat":"repeat","background-position":"center center","background-size":"auto","background-attachment":"scroll","background-type":"","background-media":"","overlay-type":"","overlay-color":"","overlay-opacity":"","overlay-gradient":""},"tablet":{"background-color":"var(--ast-global-color-5)","background-image":"","background-repeat":"repeat","background-position":"center center","background-size":"auto","background-attachment":"scroll","background-type":"","background-media":"","overlay-type":"","overlay-color":"","overlay-opacity":"","overlay-gradient":""},"mobile":{"background-color":"var(--ast-global-color-5)","background-image":"","background-repeat":"repeat","background-position":"center center","background-size":"auto","background-attachment":"scroll","background-type":"","background-media":"","overlay-type":"","overlay-color":"","overlay-opacity":"","overlay-gradient":""}}},"product_brand":[],"product_cat":[178],"product_tag":[],"class_list":{"0":"post-25328","1":"product","2":"type-product","3":"status-publish","4":"has-post-thumbnail","6":"product_cat-fertilizers","7":"desktop-align-left","8":"tablet-align-left","9":"mobile-align-left","11":"first","12":"instock","13":"taxable","14":"shipping-taxable","15":"purchasable","16":"product-type-simple"},"spectra_custom_meta":{"_visibility":["visible"],"_shopify_product_id":["9066746446069"],"_s2w_shopify_domain":["ferberpainting.myshopify.com"],"_shopify_variant_id":["46504761852149"],"_sku":["FPSTRAWBERRYFERTILIZER25KG"],"_regular_price":["39.90"],"_price":["39.90"],"_sale_price":[""],"_weight":["18.5"],"_thumbnail_id":["27192"],"_global_unique_id":["5056773817265"],"total_sales":["3"],"_tax_status":["taxable"],"_tax_class":[""],"_manage_stock":["no"],"_backorders":["no"],"_sold_individually":["no"],"_virtual":["no"],"_downloadable":["no"],"_download_limit":["-1"],"_download_expiry":["-1"],"_stock":[null],"_stock_status":["instock"],"_wc_average_rating":["4.75"],"_wc_review_count":["4"],"_product_version":["10.5.1"],"_wc_rating_count":["a:2:{i:4;i:1;i:5;i:3;}"],"_edit_lock":["1771239758:1"],"_edit_last":["1"],"_wp_page_template":["default"],"site-sidebar-layout":["default"],"ast-site-content-layout":["default"],"site-content-style":["default"],"site-sidebar-style":["default"],"theme-transparent-header-meta":["default"],"astra-migrate-meta-layouts":["set"],"_uag_css_file_name":["uag-css-25328.css"],"_elementor_page_assets":["a:0:{}"],"_uag_page_assets":["a:9:{s:3:\"css\";s:6873:\".wp-block-uagb-image{display:flex}.wp-block-uagb-image__figure{position:relative;display:flex;flex-direction:column;max-width:100%;height:auto;margin:0}.wp-block-uagb-image__figure img{height:auto;display:flex;max-width:100%;transition:box-shadow .2s ease}.wp-block-uagb-image__figure>a{display:inline-block}.wp-block-uagb-image__figure figcaption{text-align:center;margin-top:.5em;margin-bottom:1em}.wp-block-uagb-image .components-placeholder.block-editor-media-placeholder .components-placeholder__instructions{align-self:center}.wp-block-uagb-image--align-left{text-align:left}.wp-block-uagb-image--align-right{text-align:right}.wp-block-uagb-image--align-center{text-align:center}.wp-block-uagb-image--align-full .wp-block-uagb-image__figure{margin-left:calc(50% - 50vw);margin-right:calc(50% - 50vw);max-width:100vw;width:100vw;height:auto}.wp-block-uagb-image--align-full .wp-block-uagb-image__figure img{height:auto;width:100% !important}.wp-block-uagb-image--align-wide .wp-block-uagb-image__figure img{height:auto;width:100%}.wp-block-uagb-image--layout-overlay__color-wrapper{position:absolute;left:0;top:0;right:0;bottom:0;opacity:.2;background:rgba(0,0,0,.5);transition:opacity .35s ease-in-out}.wp-block-uagb-image--layout-overlay-link{position:absolute;left:0;right:0;bottom:0;top:0}.wp-block-uagb-image--layout-overlay .wp-block-uagb-image__figure:hover .wp-block-uagb-image--layout-overlay__color-wrapper{opacity:1}.wp-block-uagb-image--layout-overlay__inner{position:absolute;left:15px;right:15px;bottom:15px;top:15px;display:flex;align-items:center;justify-content:center;flex-direction:column;border-color:#fff;transition:.35s ease-in-out}.wp-block-uagb-image--layout-overlay__inner.top-left,.wp-block-uagb-image--layout-overlay__inner.top-center,.wp-block-uagb-image--layout-overlay__inner.top-right{justify-content:flex-start}.wp-block-uagb-image--layout-overlay__inner.bottom-left,.wp-block-uagb-image--layout-overlay__inner.bottom-center,.wp-block-uagb-image--layout-overlay__inner.bottom-right{justify-content:flex-end}.wp-block-uagb-image--layout-overlay__inner.top-left,.wp-block-uagb-image--layout-overlay__inner.center-left,.wp-block-uagb-image--layout-overlay__inner.bottom-left{align-items:flex-start}.wp-block-uagb-image--layout-overlay__inner.top-right,.wp-block-uagb-image--layout-overlay__inner.center-right,.wp-block-uagb-image--layout-overlay__inner.bottom-right{align-items:flex-end}.wp-block-uagb-image--layout-overlay__inner .uagb-image-heading{color:#fff;transition:transform .35s,opacity .35s ease-in-out;transform:translate3d(0, 24px, 0);margin:0;line-height:1em}.wp-block-uagb-image--layout-overlay__inner .uagb-image-separator{width:30%;border-top-width:2px;border-top-color:#fff;border-top-style:solid;margin-bottom:10px;opacity:0;transition:transform .4s,opacity .4s ease-in-out;transform:translate3d(0, 30px, 0)}.wp-block-uagb-image--layout-overlay__inner .uagb-image-caption{opacity:0;overflow:visible;color:#fff;transition:transform .45s,opacity .45s ease-in-out;transform:translate3d(0, 35px, 0)}.wp-block-uagb-image--layout-overlay__inner:hover .uagb-image-heading,.wp-block-uagb-image--layout-overlay__inner:hover .uagb-image-separator,.wp-block-uagb-image--layout-overlay__inner:hover .uagb-image-caption{opacity:1;transform:translate3d(0, 0, 0)}.wp-block-uagb-image--effect-zoomin .wp-block-uagb-image__figure img,.wp-block-uagb-image--effect-zoomin .wp-block-uagb-image__figure .wp-block-uagb-image--layout-overlay__color-wrapper{transform:scale(1);transition:transform .35s ease-in-out}.wp-block-uagb-image--effect-zoomin .wp-block-uagb-image__figure:hover img,.wp-block-uagb-image--effect-zoomin .wp-block-uagb-image__figure:hover .wp-block-uagb-image--layout-overlay__color-wrapper{transform:scale(1.05)}.wp-block-uagb-image--effect-slide .wp-block-uagb-image__figure img,.wp-block-uagb-image--effect-slide .wp-block-uagb-image__figure .wp-block-uagb-image--layout-overlay__color-wrapper{width:calc(100% + 40px) !important;max-width:none !important;transform:translate3d(-40px, 0, 0);transition:transform .35s ease-in-out}.wp-block-uagb-image--effect-slide .wp-block-uagb-image__figure:hover img,.wp-block-uagb-image--effect-slide .wp-block-uagb-image__figure:hover .wp-block-uagb-image--layout-overlay__color-wrapper{transform:translate3d(0, 0, 0)}.wp-block-uagb-image--effect-grayscale img{filter:grayscale(0%);transition:.35s ease-in-out}.wp-block-uagb-image--effect-grayscale:hover img{filter:grayscale(100%)}.wp-block-uagb-image--effect-blur img{filter:blur(0);transition:.35s ease-in-out}.wp-block-uagb-image--effect-blur:hover img{filter:blur(3px)}.uagb-block-e6f939b3.wp-block-uagb-image--layout-default figure img{box-shadow: 0px 0px 0 #00000070;}.uagb-block-e6f939b3.wp-block-uagb-image .wp-block-uagb-image__figure figcaption{font-style: normal;align-self: center;}.uagb-block-e6f939b3.wp-block-uagb-image--layout-overlay figure img{box-shadow: 0px 0px 0 #00000070;}.uagb-block-e6f939b3.wp-block-uagb-image--layout-overlay .wp-block-uagb-image--layout-overlay__color-wrapper{opacity: 0.2;}.uagb-block-e6f939b3.wp-block-uagb-image--layout-overlay .wp-block-uagb-image--layout-overlay__inner{left: 15px;right: 15px;top: 15px;bottom: 15px;}.uagb-block-e6f939b3.wp-block-uagb-image--layout-overlay .wp-block-uagb-image--layout-overlay__inner .uagb-image-heading{font-style: normal;color: #fff;opacity: 1;}.uagb-block-e6f939b3.wp-block-uagb-image--layout-overlay .wp-block-uagb-image--layout-overlay__inner .uagb-image-heading a{color: #fff;}.uagb-block-e6f939b3.wp-block-uagb-image--layout-overlay .wp-block-uagb-image--layout-overlay__inner .uagb-image-caption{opacity: 0;}.uagb-block-e6f939b3.wp-block-uagb-image--layout-overlay .wp-block-uagb-image__figure:hover .wp-block-uagb-image--layout-overlay__color-wrapper{opacity: 1;}.uagb-block-e6f939b3.wp-block-uagb-image .wp-block-uagb-image--layout-overlay__inner .uagb-image-separator{width: 30%;border-top-width: 2px;border-top-color: #fff;opacity: 0;}.uagb-block-e6f939b3.wp-block-uagb-image .wp-block-uagb-image__figure img{width: px;height: auto;}.uagb-block-e6f939b3.wp-block-uagb-image .wp-block-uagb-image__figure:hover .wp-block-uagb-image--layout-overlay__inner .uagb-image-caption{opacity: 1;}.uagb-block-e6f939b3.wp-block-uagb-image .wp-block-uagb-image__figure:hover .wp-block-uagb-image--layout-overlay__inner .uagb-image-separator{opacity: 1;}.uagb-block-e6f939b3.wp-block-uagb-image--layout-default figure:hover img{box-shadow: 0px 0px 0 #00000070;}.uagb-block-e6f939b3.wp-block-uagb-image--layout-overlay figure:hover img{box-shadow: 0px 0px 0 #00000070;}@media only screen and (max-width: 976px) {.uagb-block-e6f939b3.wp-block-uagb-image .wp-block-uagb-image__figure img{width: px;height: auto;}}@media only screen and (max-width: 767px) {.uagb-block-e6f939b3.wp-block-uagb-image .wp-block-uagb-image__figure img{width: px;height: auto;}}\";s:2:\"js\";s:0:\"\";s:18:\"current_block_list\";a:13:{i:0;s:11:\"core\/search\";i:1;s:10:\"core\/group\";i:2;s:12:\"core\/heading\";i:3;s:17:\"core\/latest-posts\";i:4;s:20:\"core\/latest-comments\";i:5;s:13:\"core\/archives\";i:6;s:15:\"core\/categories\";i:7;s:14:\"core\/paragraph\";i:8;s:10:\"uagb\/image\";i:9;s:11:\"core\/spacer\";i:10;s:30:\"woocommerce\/product-categories\";i:11;s:10:\"core\/image\";i:12;s:14:\"core\/shortcode\";}s:8:\"uag_flag\";b:1;s:11:\"uag_version\";s:10:\"1777350130\";s:6:\"gfonts\";a:0:{}s:10:\"gfonts_url\";s:0:\"\";s:12:\"gfonts_files\";a:0:{}s:14:\"uag_faq_layout\";b:0;}"]},"uagb_featured_image_src":{"full":["https:\/\/www.ferberpainting.com\/wp-content\/uploads\/2025\/05\/StrawberryFertilizer25kg.png",2560,2560,false],"thumbnail":["https:\/\/www.ferberpainting.com\/wp-content\/uploads\/2025\/05\/StrawberryFertilizer25kg-150x150.png",150,150,true],"medium":["https:\/\/www.ferberpainting.com\/wp-content\/uploads\/2025\/05\/StrawberryFertilizer25kg-300x300.png",300,300,true],"medium_large":["https:\/\/www.ferberpainting.com\/wp-content\/uploads\/2025\/05\/StrawberryFertilizer25kg-768x768.png",768,768,true],"large":["https:\/\/www.ferberpainting.com\/wp-content\/uploads\/2025\/05\/StrawberryFertilizer25kg-1024x1024.png",1024,1024,true],"1536x1536":["https:\/\/www.ferberpainting.com\/wp-content\/uploads\/2025\/05\/StrawberryFertilizer25kg-1536x1536.png",1536,1536,true],"2048x2048":["https:\/\/www.ferberpainting.com\/wp-content\/uploads\/2025\/05\/StrawberryFertilizer25kg-2048x2048.png",2048,2048,true],"trp-custom-language-flag":["https:\/\/www.ferberpainting.com\/wp-content\/uploads\/2025\/05\/StrawberryFertilizer25kg-12x12.png",12,12,true],"woocommerce_thumbnail":["https:\/\/www.ferberpainting.com\/wp-content\/uploads\/2025\/05\/StrawberryFertilizer25kg-300x300.png",300,300,true],"woocommerce_single":["https:\/\/www.ferberpainting.com\/wp-content\/uploads\/2025\/05\/StrawberryFertilizer25kg-600x600.png",600,600,true],"woocommerce_gallery_thumbnail":["https:\/\/www.ferberpainting.com\/wp-content\/uploads\/2025\/05\/StrawberryFertilizer25kg-100x100.png",100,100,true]},"uagb_author_info":{"display_name":"admin","author_link":"https:\/\/www.ferberpainting.com\/lv\/author\/"},"uagb_comment_info":4,"uagb_excerpt":"A complete fertilizer for vigorous growth and abundant strawberry production. This fertilizer is specially formulated to provide strawberry plants with all the essential nutrients for healthy development and the production of sweet and flavorful fruits. Thanks to its balanced composition NPK 10-10-10, it provides nitrogen (N) necessary for the growth of foliage and stems, phosphorus&hellip;","_links":{"self":[{"href":"https:\/\/www.ferberpainting.com\/lv\/wp-json\/wp\/v2\/product\/25328","targetHints":{"allow":["GET"]}}],"collection":[{"href":"https:\/\/www.ferberpainting.com\/lv\/wp-json\/wp\/v2\/product"}],"about":[{"href":"https:\/\/www.ferberpainting.com\/lv\/wp-json\/wp\/v2\/types\/product"}],"replies":[{"embeddable":true,"href":"https:\/\/www.ferberpainting.com\/lv\/wp-json\/wp\/v2\/comments?post=25328"}],"version-history":[{"count":4,"href":"https:\/\/www.ferberpainting.com\/lv\/wp-json\/wp\/v2\/product\/25328\/revisions"}],"predecessor-version":[{"id":167348,"href":"https:\/\/www.ferberpainting.com\/lv\/wp-json\/wp\/v2\/product\/25328\/revisions\/167348"}],"wp:featuredmedia":[{"embeddable":true,"href":"https:\/\/www.ferberpainting.com\/lv\/wp-json\/wp\/v2\/media\/27192"}],"wp:attachment":[{"href":"https:\/\/www.ferberpainting.com\/lv\/wp-json\/wp\/v2\/media?parent=25328"}],"wp:term":[{"taxonomy":"product_brand","embeddable":true,"href":"https:\/\/www.ferberpainting.com\/lv\/wp-json\/wp\/v2\/product_brand?post=25328"},{"taxonomy":"product_cat","embeddable":true,"href":"https:\/\/www.ferberpainting.com\/lv\/wp-json\/wp\/v2\/product_cat?post=25328"},{"taxonomy":"product_tag","embeddable":true,"href":"https:\/\/www.ferberpainting.com\/lv\/wp-json\/wp\/v2\/product_tag?post=25328"}],"curies":[{"name":"wp","href":"https:\/\/api.w.org\/{rel}","templated":true}]}}