{"id":25324,"date":"2025-05-26T10:30:51","date_gmt":"2025-05-26T08:30:51","guid":{"rendered":"https:\/\/www.ferberpainting.com\/products\/stone-varnish\/"},"modified":"2026-02-16T12:02:16","modified_gmt":"2026-02-16T11:02:16","slug":"stone-varnish","status":"publish","type":"product","link":"https:\/\/www.ferberpainting.com\/lv\/products\/stone-varnish\/","title":{"rendered":"Akmens laka"},"content":{"rendered":"<p><strong><img decoding=\"async\" style=\"margin-right: 12px;\" src=\"https:\/\/www.ferberpainting.com\/wp-content\/uploads\/2026\/02\/Check.svg\" alt=\"\" width=\"18\" height=\"15\" \/>Ieg\u016bstiet iztur\u012bgu, sp\u012bd\u012bgu aizsargapda\u013cu vis\u0101m akmens virsm\u0101m.<\/strong> M\u016bsu akmens laka ir \u012bpa\u0161i izstr\u0101d\u0101ta dab\u012bg\u0101 un m\u0101ksl\u012bg\u0101 akmens bl\u012bv\u0113\u0161anai un uzlabo\u0161anai, radot elast\u012bgu aizsargsl\u0101ni, kas aizsarg\u0101 pret mitrumu, traipiem, net\u012brumiem un ikdienas nodilumu. T\u0101 ies\u016bcas virsm\u0101 un veido iztur\u012bgu, caursp\u012bd\u012bgu pl\u0113vi, kas pastiprina akmens dabisko skaistumu, vienlaikus nodro\u0161inot ilgtermi\u0146a aizsardz\u012bbu. Neatkar\u012bgi no t\u0101, vai to uzkl\u0101j uz gr\u012bd\u0101m, sien\u0101m, teras\u0113m vai dekorat\u012bviem akmens elementiem, tas nodro\u0161ina profesion\u0101las kvalit\u0101tes apdari, kas uzlabo gan izskatu, gan ilgm\u016b\u017e\u012bbu.<\/p>\n<p><strong><img decoding=\"async\" style=\"margin-right: 12px;\" src=\"https:\/\/www.ferberpainting.com\/wp-content\/uploads\/2026\/02\/Check.svg\" alt=\"\" width=\"18\" height=\"15\" \/>M\u0113s pied\u0101v\u0101jam naudas atmaksas garantiju, lai piln\u012bb\u0101 uztic\u0113tos j\u016bsu pirkumam.<\/strong> J\u016bsu apmierin\u0101t\u012bba ir m\u016bsu priorit\u0101te, un m\u0113s stingri atbalst\u0101m m\u016bsu akmens lakas kvalit\u0101ti. Ja k\u0101da iemesla d\u0113\u013c j\u016bs neb\u016bsiet piln\u012bb\u0101 apmierin\u0101ts ar rezult\u0101tu, m\u0113s atmaks\u0101sim naudu par pirkumu. \u0160\u012b garantija \u013cauj jums izm\u0113\u0123in\u0101t produktu bez riska, zinot, ka j\u016bs aizsarg\u0101 m\u016bsu ap\u0146em\u0161an\u0101s nodro\u0161in\u0101t izcil\u012bbu un r\u016bpes par klientiem.<\/p>\n<p><strong><img decoding=\"async\" style=\"margin-right: 12px;\" src=\"https:\/\/www.ferberpainting.com\/wp-content\/uploads\/2026\/02\/Check.svg\" alt=\"\" width=\"18\" height=\"15\" \/>Efekt\u012bv\u0101kais pieejamais akmens aizsardz\u012bbas risin\u0101jums.<\/strong> M\u016bsu uzlabot\u0101 formula ir izstr\u0101d\u0101ta t\u0101, lai p\u0101rsp\u0113tu parastos herm\u0113ti\u0137us un p\u0101rkl\u0101jumus. T\u0101 rada iztur\u012bgu, ilgnotur\u012bgu barjeru, kas ir notur\u012bga pret nodilumu, \u016bdens iek\u013c\u016b\u0161anu, e\u013c\u013cas iek\u013c\u016b\u0161anu un vides boj\u0101jumiem. At\u0161\u0137ir\u012bb\u0101 no pamata herm\u0113ti\u0137iem, kas \u0101tri nolietojas, \u0161\u012b laka cie\u0161i saist\u0101s ar akmens virsmu, nodro\u0161inot izcilu sa\u0137eri un ilgtermi\u0146a veiktsp\u0113ju. T\u0101 uzlabo struktur\u0101lo notur\u012bbu, vienlaikus nepiecie\u0161am\u012bbas gad\u012bjum\u0101 saglab\u0101jot elpojam\u012bbu, padarot to par visefekt\u012bv\u0101ko risin\u0101jumu visaptvero\u0161ai akmens aizsardz\u012bbai.<\/p>\n<p><strong><img decoding=\"async\" style=\"margin-right: 12px;\" src=\"https:\/\/www.ferberpainting.com\/wp-content\/uploads\/2026\/02\/Check.svg\" alt=\"\" width=\"18\" height=\"15\" \/>L\u0113t\u0101k\u0101 profesion\u0101l\u0101s klases akmens laka tirg\u016b.<\/strong> M\u0113s apvienojam augst\u0101k\u0101s klases veiktsp\u0113ju ar nep\u0101rsp\u0113jamu cenu. Pateicoties optimiz\u0113tiem ra\u017eo\u0161anas un izplat\u012b\u0161anas procesiem, m\u0113s varam pied\u0101v\u0101t augstas kvalit\u0101tes akmens lakas par zem\u0101ko cenu sal\u012bdzin\u0101jum\u0101 ar l\u012bdz\u012bgiem profesion\u0101liem produktiem. J\u016bs sa\u0146emat izcilu cenas un kvalit\u0101tes attiec\u012bbu, nezaud\u0113jot veiktsp\u0113ju, iztur\u012bbu vai vizu\u0101los rezult\u0101tus, t\u0101p\u0113c \u0161\u012b ir vispr\u0101t\u012bg\u0101k\u0101 invest\u012bcija gan dz\u012bvojamo, gan komerci\u0101lo projektu \u012bsteno\u0161anai.<\/p>\n<p><strong><img decoding=\"async\" style=\"margin-right: 12px;\" src=\"https:\/\/www.ferberpainting.com\/wp-content\/uploads\/2026\/02\/Check.svg\" alt=\"\" width=\"18\" height=\"15\" \/>Garant\u0113ta pieg\u0101de 24 stundu laik\u0101, lai j\u016bs var\u0113tu nekav\u0113joties s\u0101kt projektu.<\/strong> M\u0113s saprotam, ka renov\u0101cijas un aizsardz\u012bbas projektiem bie\u017ei vien ir saspringts grafiks. T\u0101p\u0113c m\u0113s pied\u0101v\u0101jam uzticamu pieg\u0101di 24 stundas diennakt\u012b, nodro\u0161inot, ka akmens laka tiek pieg\u0101d\u0101ta \u0101tri un dro\u0161i. Nek\u0101das kav\u0113\u0161an\u0101s, nek\u0101das gaid\u012b\u0161anas - tikai \u0101tra piek\u013cuve augstas veiktsp\u0113jas risin\u0101jumam, kas \u013cauj jums pabeigt darbus laik\u0101.<\/p>\n<p><strong><img decoding=\"async\" style=\"margin-right: 12px;\" src=\"https:\/\/www.ferberpainting.com\/wp-content\/uploads\/2026\/02\/Check.svg\" alt=\"\" width=\"18\" height=\"15\" \/>Efekt\u012bvs p\u0101rkl\u0101jums 10 m\u00b2 uz litru prec\u012bzai pl\u0101no\u0161anai un izmaksu kontrolei.<\/strong> Viens litrs m\u016bsu akmens lakas p\u0101rkl\u0101j l\u012bdz 10 kvadr\u0101tmetriem, atkar\u012bb\u0101 no virsmas porain\u012bbas un tekst\u016bras. \u0160is paredzamais p\u0101rkl\u0101juma r\u0101d\u012bt\u0101js \u013cauj viegli apr\u0113\u0137in\u0101t prec\u012bzu projektam nepiecie\u0161amo daudzumu, pal\u012bdzot jums p\u0101rvald\u012bt izmaksas un izvair\u012bties no atkritumiem. Formula vienm\u0113r\u012bgi un vienm\u0113r\u012bgi kl\u0101jas, nodro\u0161inot vienm\u0113r\u012bgu biezumu un vienm\u0113r\u012bgu aizsardz\u012bbu vis\u0101 apstr\u0101d\u0101jam\u0101s virsmas garum\u0101.<\/p>\n<p><strong><img decoding=\"async\" style=\"margin-right: 12px;\" src=\"https:\/\/www.ferberpainting.com\/wp-content\/uploads\/2026\/02\/Check.svg\" alt=\"\" width=\"18\" height=\"15\" \/>Uzlabo dabisko kr\u0101su un tekst\u016bru, nedzelt\u0113jot.<\/strong> M\u016bsu akmens laka padzi\u013cina akmens dabiskos to\u0146us un rakstus, izce\u013cot t\u0101 bag\u0101t\u012bbu un raksturu, vienlaikus saglab\u0101jot skaidr\u012bbu un caursp\u012bd\u012bgumu. Nedzelteno\u0161\u0101 formula laika gait\u0101 saglab\u0101 autentisku materi\u0101la izskatu, nov\u0113r\u0161ot kr\u0101sas mai\u0146u pat ilgsto\u0161\u0101 gaismas un vides apst\u0101k\u013cu iedarb\u012bb\u0101.<\/p>\n<p><strong><img decoding=\"async\" style=\"margin-right: 12px;\" src=\"https:\/\/www.ferberpainting.com\/wp-content\/uploads\/2026\/02\/Check.svg\" alt=\"\" width=\"18\" height=\"15\" \/>Nodro\u0161ina sp\u0113c\u012bgu iztur\u012bbu pret mitrumu un traipiem.<\/strong> Lakas izveidot\u0101 aizsargpl\u0113ve iev\u0113rojami samazina \u016bdens uzs\u016bk\u0161anos un pal\u012bdz nov\u0113rst traipus no e\u013c\u013c\u0101m, taukiem un sadz\u012bv\u0113 sastopam\u0101m viel\u0101m. T\u0101p\u0113c t\u0101 ir ide\u0101li piem\u0113rota virtuv\u0113m, vannas istab\u0101m, \u0101ra telp\u0101m un augstas satiksmes intensit\u0101tes zon\u0101m, kur akmens virsmas ir pak\u013cautas pras\u012bgiem apst\u0101k\u013ciem.<\/p>\n<p><strong><img decoding=\"async\" style=\"margin-right: 12px;\" src=\"https:\/\/www.ferberpainting.com\/wp-content\/uploads\/2026\/02\/Check.svg\" alt=\"\" width=\"18\" height=\"15\" \/>Piem\u0113rots da\u017e\u0101diem akmens veidiem un pielietojumiem.<\/strong> \u0160o univers\u0101lo laku var izmantot uz dab\u012bg\u0101 akmens, piem\u0113ram, gran\u012bta, \u0161\u012bfera, ka\u013c\u0137akmens, smil\u0161akmens un marmora, k\u0101 ar\u012b uz m\u0101ksl\u012bg\u0101 akmens un betona virsm\u0101m. T\u0101 ir piem\u0113rota lieto\u0161anai gan iek\u0161telp\u0101s, gan \u0101rpus t\u0101m, piel\u0101gojoties gr\u012bd\u0101m, sien\u0101m, fas\u0101d\u0113m, celi\u0146iem un dekorat\u012bviem elementiem, vienlaikus saglab\u0101jot nemain\u012bgu veiktsp\u0113ju.<\/p>\n<p><strong><img decoding=\"async\" style=\"margin-right: 12px;\" src=\"https:\/\/www.ferberpainting.com\/wp-content\/uploads\/2026\/02\/Check.svg\" alt=\"\" width=\"18\" height=\"15\" \/>Viegli lietojams gan profesion\u0101\u013ciem, gan pa\u0161darb\u012bbas meistariem.<\/strong> M\u016bsu akmens laku, kas paredz\u0113ta \u0113rtai lieto\u0161anai, var uzkl\u0101t ar otu, rull\u012bti vai smidzin\u0101t\u0101ju atkar\u012bb\u0101 no projekta lieluma un virsmas veida. Glud\u0101 konsistence nodro\u0161ina vieglu izklied\u0113\u0161anu un izl\u012bdzin\u0101\u0161anu, samazinot uzkl\u0101\u0161anas laiku, vienlaikus nodro\u0161inot vienm\u0113r\u012bgu, profesion\u0101lu apdari, kas uzlabo gan aizsardz\u012bbu, gan vizu\u0101lo pievilc\u012bbu.<\/p>\n<h2><strong>Instrukcijas<\/strong><\/h2>\n<ul>\n<li>Pirms uzkl\u0101\u0161anas p\u0101rliecinieties, ka akmens virsma ir t\u012bra, sausa un bez putek\u013ciem, taukiem, izskalojumiem, veciem p\u0101rkl\u0101jumiem vai va\u013c\u012bg\u0101m da\u013ci\u0146\u0101m. Ja nepiecie\u0161ams, r\u016bp\u012bgi not\u012briet un \u013caujiet virsmai piln\u012bb\u0101 no\u017e\u016bt.<\/li>\n<li>Pirms lieto\u0161anas akmens laku labi samaisiet, lai nodro\u0161in\u0101tu viendab\u012bgu konsistenci un optim\u0101lu iedarb\u012bbu.<\/li>\n<li>Izm\u0113\u0123iniet produktu uz neliela, neuzkr\u012bto\u0161a laukuma, lai p\u0101rliecin\u0101tos par sader\u012bbu un v\u0113lamo apdari.<\/li>\n<li>Laku vienm\u0113r\u012bgi uzkl\u0101jiet ar otu, rull\u012bti vai zemspiediena smidzin\u0101t\u0101ju. Lai izvair\u012btos no sv\u012btr\u0101m, burbu\u013ciem vai nevienm\u0113r\u012bga biezuma, produktu vienm\u0113r\u012bgi izkl\u0101jiet.<\/li>\n<li>Ieteicam\u0101 deva ir aptuveni 100 ml uz kvadr\u0101tmetru, jo viens litrs sedz l\u012bdz 10 m\u00b2. Stipri porain\u0101m virsm\u0101m var b\u016bt nepiecie\u0161ams nedaudz liel\u0101ks pat\u0113ri\u0146\u0161.<\/li>\n<li>Uzkl\u0101jiet pl\u0101nu, vienm\u0113r\u012bgu pirmo k\u0101rtu un \u013caujiet tai ies\u016bkties un no\u017e\u016bt atkar\u012bb\u0101 no apk\u0101rt\u0113j\u0101s temperat\u016bras un ventil\u0101cijas apst\u0101k\u013ciem, parasti 4 l\u012bdz 6 stundas.<\/li>\n<li>Lai nodro\u0161in\u0101tu lab\u0101ku aizsardz\u012bbu un iztur\u012bbu, p\u0113c pirm\u0101s k\u0101rtas piln\u012bgas iz\u017e\u016b\u0161anas uzkl\u0101jiet otru k\u0101rtu. Nelietojiet p\u0101r\u0101k biezus sl\u0101\u0146us, jo tas var ietekm\u0113t \u017e\u016b\u0161anas laiku un apdares kvalit\u0101ti.<\/li>\n<li>Uz \u0101r\u0113j\u0101m virsm\u0101m nelietot tie\u0161os saules staros, liel\u0101 karstum\u0101 vai tad, ja 24 stundu laik\u0101 gaid\u0101ms lietus.<\/li>\n<li>Pirms virsmas pak\u013cau\u0161anas intens\u012bvai satiksmei, mitrumam vai meh\u0101nisk\u0101m slodz\u0113m \u013caujiet p\u0113d\u0113jam p\u0101rkl\u0101jumam saciet\u0113t vismaz 24 stundas.<\/li>\n<li>Instrumentus p\u0113c lieto\u0161anas nekav\u0113joties not\u012briet ar atbilsto\u0161u \u0161\u0137\u012bdin\u0101t\u0101ju vai \u016bdeni atkar\u012bb\u0101 no uz iepakojuma nor\u0101d\u012bt\u0101 produkta sast\u0101va.<\/li>\n<li>Apstr\u0101d\u0101t\u0101s virsmas kopjiet ar maigiem, neagres\u012bviem t\u012br\u012b\u0161anas l\u012bdzek\u013ciem, lai saglab\u0101tu aizsargsl\u0101ni un pagarin\u0101tu lakas kalpo\u0161anas ilgumu.<\/li>\n<li>Uzglab\u0101jiet izstr\u0101d\u0101jumu cie\u0161i nosl\u0113gtu v\u0113s\u0101, saus\u0101 viet\u0101, prom no sala un tie\u0161iem siltuma avotiem. Uzglab\u0101t b\u0113rniem nepieejam\u0101 viet\u0101 un lieto\u0161anas laik\u0101 iev\u0113rot standarta dro\u0161\u012bbas pas\u0101kumus.<\/li>\n<\/ul>","protected":false},"excerpt":{"rendered":"<p>Achieve a durable, high-gloss protective finish for all your stone surfaces. Our stone varnish is specially formulated to seal and enhance natural and artificial stone, creating a resilient protective layer that shields against moisture, stains, dirt, and daily wear. It penetrates the surface and forms a strong, transparent film that intensifies the natural beauty of [&hellip;]<\/p>\n","protected":false},"featured_media":27189,"comment_status":"open","ping_status":"closed","template":"","meta":{"_uag_custom_page_level_css":"","site-sidebar-layout":"default","site-content-layout":"","ast-site-content-layout":"default","site-content-style":"default","site-sidebar-style":"default","ast-global-header-display":"","ast-banner-title-visibility":"","ast-main-header-display":"","ast-hfb-above-header-display":"","ast-hfb-below-header-display":"","ast-hfb-mobile-header-display":"","site-post-title":"","ast-breadcrumbs-content":"","ast-featured-img":"","footer-sml-layout":"","ast-disable-related-posts":"","theme-transparent-header-meta":"default","adv-header-id-meta":"","stick-header-meta":"","header-above-stick-meta":"","header-main-stick-meta":"","header-below-stick-meta":"","astra-migrate-meta-layouts":"set","ast-page-background-enabled":"default","ast-page-background-meta":{"desktop":{"background-color":"var(--ast-global-color-4)","background-image":"","background-repeat":"repeat","background-position":"center center","background-size":"auto","background-attachment":"scroll","background-type":"","background-media":"","overlay-type":"","overlay-color":"","overlay-opacity":"","overlay-gradient":""},"tablet":{"background-color":"","background-image":"","background-repeat":"repeat","background-position":"center center","background-size":"auto","background-attachment":"scroll","background-type":"","background-media":"","overlay-type":"","overlay-color":"","overlay-opacity":"","overlay-gradient":""},"mobile":{"background-color":"","background-image":"","background-repeat":"repeat","background-position":"center center","background-size":"auto","background-attachment":"scroll","background-type":"","background-media":"","overlay-type":"","overlay-color":"","overlay-opacity":"","overlay-gradient":""}},"ast-content-background-meta":{"desktop":{"background-color":"var(--ast-global-color-5)","background-image":"","background-repeat":"repeat","background-position":"center center","background-size":"auto","background-attachment":"scroll","background-type":"","background-media":"","overlay-type":"","overlay-color":"","overlay-opacity":"","overlay-gradient":""},"tablet":{"background-color":"var(--ast-global-color-5)","background-image":"","background-repeat":"repeat","background-position":"center center","background-size":"auto","background-attachment":"scroll","background-type":"","background-media":"","overlay-type":"","overlay-color":"","overlay-opacity":"","overlay-gradient":""},"mobile":{"background-color":"var(--ast-global-color-5)","background-image":"","background-repeat":"repeat","background-position":"center center","background-size":"auto","background-attachment":"scroll","background-type":"","background-media":"","overlay-type":"","overlay-color":"","overlay-opacity":"","overlay-gradient":""}}},"product_brand":[],"product_cat":[190],"product_tag":[],"class_list":{"0":"post-25324","1":"product","2":"type-product","3":"status-publish","4":"has-post-thumbnail","6":"product_cat-varnish","7":"desktop-align-left","8":"tablet-align-left","9":"mobile-align-left","11":"first","12":"instock","13":"sale","14":"shipping-taxable","15":"purchasable","16":"product-type-variable","17":"has-default-attributes"},"spectra_custom_meta":{"_visibility":["visible"],"_shopify_product_id":["1328686202950"],"_s2w_shopify_domain":["ferberpainting.myshopify.com"],"_shopify_variant_id":["12158517280838"],"_sku":[""],"_manage_stock":["no"],"total_sales":["124"],"_tax_status":["taxable"],"_tax_class":[""],"_backorders":["no"],"_sold_individually":["no"],"_virtual":["no"],"_downloadable":["no"],"_download_limit":["-1"],"_download_expiry":["-1"],"_stock":[null],"_stock_status":["instock"],"_wc_average_rating":["4.88"],"_wc_review_count":["69"],"_product_attributes":["a:1:{s:6:\"volume\";a:6:{s:4:\"name\";s:6:\"Volume\";s:5:\"value\";s:30:\"1 liter | 5 liters | 20 liters\";s:8:\"position\";i:1;s:10:\"is_visible\";i:0;s:12:\"is_variation\";i:1;s:11:\"is_taxonomy\";i:0;}}"],"_product_version":["10.5.1"],"_thumbnail_id":["27189"],"_price":["24.90","99.90","299.90"],"_product_image_gallery":["27190,27191"],"merchant-center-availability":["yes"],"merchant-center-category":["503738"],"merchant-center-id":["VS"],"wpse_downloadable_file_names":[""],"wpse_downloadable_file_urls":[""],"_edit_last":["1"],"_default_attributes":["a:1:{s:6:\"volume\";s:7:\"1 liter\";}"],"_wc_rating_count":["a:3:{i:3;i:3;i:4;i:2;i:5;i:64;}"],"_edit_lock":["1771239604:1"],"_wp_page_template":["default"],"site-sidebar-layout":["default"],"ast-site-content-layout":["default"],"site-content-style":["default"],"site-sidebar-style":["default"],"theme-transparent-header-meta":["default"],"astra-migrate-meta-layouts":["set"],"_uag_css_file_name":["uag-css-25324.css"],"_elementor_page_assets":["a:0:{}"],"_uag_page_assets":["a:9:{s:3:\"css\";s:6873:\".wp-block-uagb-image{display:flex}.wp-block-uagb-image__figure{position:relative;display:flex;flex-direction:column;max-width:100%;height:auto;margin:0}.wp-block-uagb-image__figure img{height:auto;display:flex;max-width:100%;transition:box-shadow .2s ease}.wp-block-uagb-image__figure>a{display:inline-block}.wp-block-uagb-image__figure figcaption{text-align:center;margin-top:.5em;margin-bottom:1em}.wp-block-uagb-image .components-placeholder.block-editor-media-placeholder .components-placeholder__instructions{align-self:center}.wp-block-uagb-image--align-left{text-align:left}.wp-block-uagb-image--align-right{text-align:right}.wp-block-uagb-image--align-center{text-align:center}.wp-block-uagb-image--align-full .wp-block-uagb-image__figure{margin-left:calc(50% - 50vw);margin-right:calc(50% - 50vw);max-width:100vw;width:100vw;height:auto}.wp-block-uagb-image--align-full .wp-block-uagb-image__figure img{height:auto;width:100% !important}.wp-block-uagb-image--align-wide .wp-block-uagb-image__figure img{height:auto;width:100%}.wp-block-uagb-image--layout-overlay__color-wrapper{position:absolute;left:0;top:0;right:0;bottom:0;opacity:.2;background:rgba(0,0,0,.5);transition:opacity .35s ease-in-out}.wp-block-uagb-image--layout-overlay-link{position:absolute;left:0;right:0;bottom:0;top:0}.wp-block-uagb-image--layout-overlay .wp-block-uagb-image__figure:hover .wp-block-uagb-image--layout-overlay__color-wrapper{opacity:1}.wp-block-uagb-image--layout-overlay__inner{position:absolute;left:15px;right:15px;bottom:15px;top:15px;display:flex;align-items:center;justify-content:center;flex-direction:column;border-color:#fff;transition:.35s ease-in-out}.wp-block-uagb-image--layout-overlay__inner.top-left,.wp-block-uagb-image--layout-overlay__inner.top-center,.wp-block-uagb-image--layout-overlay__inner.top-right{justify-content:flex-start}.wp-block-uagb-image--layout-overlay__inner.bottom-left,.wp-block-uagb-image--layout-overlay__inner.bottom-center,.wp-block-uagb-image--layout-overlay__inner.bottom-right{justify-content:flex-end}.wp-block-uagb-image--layout-overlay__inner.top-left,.wp-block-uagb-image--layout-overlay__inner.center-left,.wp-block-uagb-image--layout-overlay__inner.bottom-left{align-items:flex-start}.wp-block-uagb-image--layout-overlay__inner.top-right,.wp-block-uagb-image--layout-overlay__inner.center-right,.wp-block-uagb-image--layout-overlay__inner.bottom-right{align-items:flex-end}.wp-block-uagb-image--layout-overlay__inner .uagb-image-heading{color:#fff;transition:transform .35s,opacity .35s ease-in-out;transform:translate3d(0, 24px, 0);margin:0;line-height:1em}.wp-block-uagb-image--layout-overlay__inner .uagb-image-separator{width:30%;border-top-width:2px;border-top-color:#fff;border-top-style:solid;margin-bottom:10px;opacity:0;transition:transform .4s,opacity .4s ease-in-out;transform:translate3d(0, 30px, 0)}.wp-block-uagb-image--layout-overlay__inner .uagb-image-caption{opacity:0;overflow:visible;color:#fff;transition:transform .45s,opacity .45s ease-in-out;transform:translate3d(0, 35px, 0)}.wp-block-uagb-image--layout-overlay__inner:hover .uagb-image-heading,.wp-block-uagb-image--layout-overlay__inner:hover .uagb-image-separator,.wp-block-uagb-image--layout-overlay__inner:hover .uagb-image-caption{opacity:1;transform:translate3d(0, 0, 0)}.wp-block-uagb-image--effect-zoomin .wp-block-uagb-image__figure img,.wp-block-uagb-image--effect-zoomin .wp-block-uagb-image__figure .wp-block-uagb-image--layout-overlay__color-wrapper{transform:scale(1);transition:transform .35s ease-in-out}.wp-block-uagb-image--effect-zoomin .wp-block-uagb-image__figure:hover img,.wp-block-uagb-image--effect-zoomin .wp-block-uagb-image__figure:hover .wp-block-uagb-image--layout-overlay__color-wrapper{transform:scale(1.05)}.wp-block-uagb-image--effect-slide .wp-block-uagb-image__figure img,.wp-block-uagb-image--effect-slide .wp-block-uagb-image__figure .wp-block-uagb-image--layout-overlay__color-wrapper{width:calc(100% + 40px) !important;max-width:none !important;transform:translate3d(-40px, 0, 0);transition:transform .35s ease-in-out}.wp-block-uagb-image--effect-slide .wp-block-uagb-image__figure:hover img,.wp-block-uagb-image--effect-slide .wp-block-uagb-image__figure:hover .wp-block-uagb-image--layout-overlay__color-wrapper{transform:translate3d(0, 0, 0)}.wp-block-uagb-image--effect-grayscale img{filter:grayscale(0%);transition:.35s ease-in-out}.wp-block-uagb-image--effect-grayscale:hover img{filter:grayscale(100%)}.wp-block-uagb-image--effect-blur img{filter:blur(0);transition:.35s ease-in-out}.wp-block-uagb-image--effect-blur:hover img{filter:blur(3px)}.uagb-block-e6f939b3.wp-block-uagb-image--layout-default figure img{box-shadow: 0px 0px 0 #00000070;}.uagb-block-e6f939b3.wp-block-uagb-image .wp-block-uagb-image__figure figcaption{font-style: normal;align-self: center;}.uagb-block-e6f939b3.wp-block-uagb-image--layout-overlay figure img{box-shadow: 0px 0px 0 #00000070;}.uagb-block-e6f939b3.wp-block-uagb-image--layout-overlay .wp-block-uagb-image--layout-overlay__color-wrapper{opacity: 0.2;}.uagb-block-e6f939b3.wp-block-uagb-image--layout-overlay .wp-block-uagb-image--layout-overlay__inner{left: 15px;right: 15px;top: 15px;bottom: 15px;}.uagb-block-e6f939b3.wp-block-uagb-image--layout-overlay .wp-block-uagb-image--layout-overlay__inner .uagb-image-heading{font-style: normal;color: #fff;opacity: 1;}.uagb-block-e6f939b3.wp-block-uagb-image--layout-overlay .wp-block-uagb-image--layout-overlay__inner .uagb-image-heading a{color: #fff;}.uagb-block-e6f939b3.wp-block-uagb-image--layout-overlay .wp-block-uagb-image--layout-overlay__inner .uagb-image-caption{opacity: 0;}.uagb-block-e6f939b3.wp-block-uagb-image--layout-overlay .wp-block-uagb-image__figure:hover .wp-block-uagb-image--layout-overlay__color-wrapper{opacity: 1;}.uagb-block-e6f939b3.wp-block-uagb-image .wp-block-uagb-image--layout-overlay__inner .uagb-image-separator{width: 30%;border-top-width: 2px;border-top-color: #fff;opacity: 0;}.uagb-block-e6f939b3.wp-block-uagb-image .wp-block-uagb-image__figure img{width: px;height: auto;}.uagb-block-e6f939b3.wp-block-uagb-image .wp-block-uagb-image__figure:hover .wp-block-uagb-image--layout-overlay__inner .uagb-image-caption{opacity: 1;}.uagb-block-e6f939b3.wp-block-uagb-image .wp-block-uagb-image__figure:hover .wp-block-uagb-image--layout-overlay__inner .uagb-image-separator{opacity: 1;}.uagb-block-e6f939b3.wp-block-uagb-image--layout-default figure:hover img{box-shadow: 0px 0px 0 #00000070;}.uagb-block-e6f939b3.wp-block-uagb-image--layout-overlay figure:hover img{box-shadow: 0px 0px 0 #00000070;}@media only screen and (max-width: 976px) {.uagb-block-e6f939b3.wp-block-uagb-image .wp-block-uagb-image__figure img{width: px;height: auto;}}@media only screen and (max-width: 767px) {.uagb-block-e6f939b3.wp-block-uagb-image .wp-block-uagb-image__figure img{width: px;height: auto;}}\";s:2:\"js\";s:0:\"\";s:18:\"current_block_list\";a:13:{i:0;s:11:\"core\/search\";i:1;s:10:\"core\/group\";i:2;s:12:\"core\/heading\";i:3;s:17:\"core\/latest-posts\";i:4;s:20:\"core\/latest-comments\";i:5;s:13:\"core\/archives\";i:6;s:15:\"core\/categories\";i:7;s:14:\"core\/paragraph\";i:8;s:10:\"uagb\/image\";i:9;s:11:\"core\/spacer\";i:10;s:30:\"woocommerce\/product-categories\";i:11;s:10:\"core\/image\";i:12;s:14:\"core\/shortcode\";}s:8:\"uag_flag\";b:1;s:11:\"uag_version\";s:10:\"1777036786\";s:6:\"gfonts\";a:0:{}s:10:\"gfonts_url\";s:0:\"\";s:12:\"gfonts_files\";a:0:{}s:14:\"uag_faq_layout\";b:0;}"]},"uagb_featured_image_src":{"full":["https:\/\/www.ferberpainting.com\/wp-content\/uploads\/2025\/05\/1l.png",2560,2276,false],"thumbnail":["https:\/\/www.ferberpainting.com\/wp-content\/uploads\/2025\/05\/1l-150x150.png",150,150,true],"medium":["https:\/\/www.ferberpainting.com\/wp-content\/uploads\/2025\/05\/1l-300x267.png",300,267,true],"medium_large":["https:\/\/www.ferberpainting.com\/wp-content\/uploads\/2025\/05\/1l-768x683.png",768,683,true],"large":["https:\/\/www.ferberpainting.com\/wp-content\/uploads\/2025\/05\/1l-1024x910.png",1024,910,true],"1536x1536":["https:\/\/www.ferberpainting.com\/wp-content\/uploads\/2025\/05\/1l-1536x1366.png",1536,1366,true],"2048x2048":["https:\/\/www.ferberpainting.com\/wp-content\/uploads\/2025\/05\/1l-2048x1821.png",2048,1821,true],"trp-custom-language-flag":["https:\/\/www.ferberpainting.com\/wp-content\/uploads\/2025\/05\/1l-13x12.png",13,12,true],"woocommerce_thumbnail":["https:\/\/www.ferberpainting.com\/wp-content\/uploads\/2025\/05\/1l-300x300.png",300,300,true],"woocommerce_single":["https:\/\/www.ferberpainting.com\/wp-content\/uploads\/2025\/05\/1l-600x533.png",600,533,true],"woocommerce_gallery_thumbnail":["https:\/\/www.ferberpainting.com\/wp-content\/uploads\/2025\/05\/1l-100x100.png",100,100,true]},"uagb_author_info":{"display_name":"admin","author_link":"https:\/\/www.ferberpainting.com\/lv\/author\/"},"uagb_comment_info":69,"uagb_excerpt":"Achieve a durable, high-gloss protective finish for all your stone surfaces. Our stone varnish is specially formulated to seal and enhance natural and artificial stone, creating a resilient protective layer that shields against moisture, stains, dirt, and daily wear. It penetrates the surface and forms a strong, transparent film that intensifies the natural beauty of&hellip;","_links":{"self":[{"href":"https:\/\/www.ferberpainting.com\/lv\/wp-json\/wp\/v2\/product\/25324","targetHints":{"allow":["GET"]}}],"collection":[{"href":"https:\/\/www.ferberpainting.com\/lv\/wp-json\/wp\/v2\/product"}],"about":[{"href":"https:\/\/www.ferberpainting.com\/lv\/wp-json\/wp\/v2\/types\/product"}],"replies":[{"embeddable":true,"href":"https:\/\/www.ferberpainting.com\/lv\/wp-json\/wp\/v2\/comments?post=25324"}],"version-history":[{"count":2,"href":"https:\/\/www.ferberpainting.com\/lv\/wp-json\/wp\/v2\/product\/25324\/revisions"}],"predecessor-version":[{"id":167346,"href":"https:\/\/www.ferberpainting.com\/lv\/wp-json\/wp\/v2\/product\/25324\/revisions\/167346"}],"wp:featuredmedia":[{"embeddable":true,"href":"https:\/\/www.ferberpainting.com\/lv\/wp-json\/wp\/v2\/media\/27189"}],"wp:attachment":[{"href":"https:\/\/www.ferberpainting.com\/lv\/wp-json\/wp\/v2\/media?parent=25324"}],"wp:term":[{"taxonomy":"product_brand","embeddable":true,"href":"https:\/\/www.ferberpainting.com\/lv\/wp-json\/wp\/v2\/product_brand?post=25324"},{"taxonomy":"product_cat","embeddable":true,"href":"https:\/\/www.ferberpainting.com\/lv\/wp-json\/wp\/v2\/product_cat?post=25324"},{"taxonomy":"product_tag","embeddable":true,"href":"https:\/\/www.ferberpainting.com\/lv\/wp-json\/wp\/v2\/product_tag?post=25324"}],"curies":[{"name":"wp","href":"https:\/\/api.w.org\/{rel}","templated":true}]}}