{"id":25318,"date":"2025-06-30T20:57:56","date_gmt":"2025-06-30T18:57:56","guid":{"rendered":"https:\/\/www.ferberpainting.com\/?post_type=product&#038;p=25314"},"modified":"2026-02-16T10:53:26","modified_gmt":"2026-02-16T09:53:26","slug":"stainless-steel-cleaner","status":"publish","type":"product","link":"https:\/\/www.ferberpainting.com\/lv\/products\/stainless-steel-cleaner\/","title":{"rendered":"Ner\u016bs\u0113jo\u0161\u0101 t\u0113rauda t\u012br\u012b\u0161anas l\u012bdzeklis"},"content":{"rendered":"<p><strong><img decoding=\"async\" style=\"margin-right: 12px;\" src=\"https:\/\/www.ferberpainting.com\/wp-content\/uploads\/2026\/02\/Check.svg\" alt=\"\" width=\"18\" height=\"15\" \/>Optim\u0101la efektivit\u0101te.<\/strong>\u00a0\u0160is ner\u016bs\u0113jo\u0161\u0101 t\u0113rauda t\u012br\u012b\u0161anas l\u012bdzeklis uzreiz no\u0146em traipus, pirkstu nospiedumus, tauku paliekas un ka\u013c\u0137akmens nogulsnes, kas mat\u0113 ner\u016bs\u0113jo\u0161\u0101 t\u0113rauda virsmu. T\u0101 sp\u0113c\u012bg\u0101 formula iek\u013c\u016bst dzi\u013ci, lai atjaunotu met\u0101la s\u0101kotn\u0113jo sp\u012bdumu, atst\u0101jot t\u012bru, gludu un sp\u012bd\u012bgu virsmu bez skr\u0101p\u0113jumiem.<\/p>\n<p><strong><img decoding=\"async\" style=\"margin-right: 12px;\" src=\"https:\/\/www.ferberpainting.com\/wp-content\/uploads\/2026\/02\/Check.svg\" alt=\"\" width=\"18\" height=\"15\" \/>Naudas atmaksas garantija.<\/strong>\u00a0M\u0113s esam p\u0101rliecin\u0101ti par m\u016bsu produkta izcil\u012bbu un sp\u0113ju atjaunot j\u016bsu ner\u016bs\u0113jo\u0161o t\u0113raudu. Ja p\u0113c lieto\u0161anas neesat piln\u012bb\u0101 apmierin\u0101ts, jums ir ties\u012bbas sa\u0146emt pilnu kompens\u0101ciju. Izm\u0113\u0123iniet to piln\u012bgi mier\u012bgi un bez riska.<\/p>\n<p><strong><img decoding=\"async\" style=\"margin-right: 12px;\" src=\"https:\/\/www.ferberpainting.com\/wp-content\/uploads\/2026\/02\/Check.svg\" alt=\"\" width=\"18\" height=\"15\" \/>Izcila daudzpus\u012bba.<\/strong>\u00a0\u0160is t\u012br\u012b\u0161anas l\u012bdzeklis ir efekt\u012bvs ne tikai ner\u016bs\u0113jo\u0161\u0101 t\u0113rauda t\u012br\u012b\u0161anai! Tas ir piem\u0113rots ar\u012b cit\u0101m met\u0101la virsm\u0101m, piem\u0113ram, alum\u012bnijam, hromam, varam un misi\u0146am. Tas ir ide\u0101li piem\u0113rots profesion\u0101l\u0101m virtuv\u0113m, r\u016bpniecisk\u0101m iek\u0101rt\u0101m, sadz\u012bves tehnikai, marg\u0101m, izlietn\u0113m, tvaika nos\u016bc\u0113jiem, liftiem un ner\u016bs\u0113jo\u0161\u0101 t\u0113rauda virsm\u0101m slimn\u012bc\u0101s un laboratorij\u0101s.<\/p>\n<p><strong><img decoding=\"async\" style=\"margin-right: 12px;\" src=\"https:\/\/www.ferberpainting.com\/wp-content\/uploads\/2026\/02\/Check.svg\" alt=\"\" width=\"18\" height=\"15\" \/>Rentabla veiktsp\u0113ja.<\/strong>\u00a0Pateicoties 5 litru kannas form\u0101tam un \u013coti efekt\u012bvai formulai, \u0161is t\u012br\u012b\u0161anas l\u012bdzeklis nodro\u0161ina optim\u0101lu izn\u0101kumu. Pietiek ar nelielu daudzumu, lai nosegtu lielu plat\u012bbu, t\u0101d\u0113j\u0101di samazinot izmaksas uz vienu izt\u012br\u012btu kvadr\u0101tmetru. Vid\u0113ji ar vienu litru l\u012bdzek\u013ca var izt\u012br\u012bt l\u012bdz 100 m\u00b2 ner\u016bs\u0113jo\u0161\u0101 t\u0113rauda, nodro\u0161inot ilgsto\u0161u un ekonomisku lieto\u0161anu.<\/p>\n<p><strong><img decoding=\"async\" style=\"margin-right: 12px;\" src=\"https:\/\/www.ferberpainting.com\/wp-content\/uploads\/2026\/02\/Check.svg\" alt=\"\" width=\"18\" height=\"15\" \/>Dro\u0161a lieto\u0161ana.<\/strong>\u00a0\u0160is t\u012br\u012b\u0161anas l\u012bdzeklis ir izstr\u0101d\u0101ts t\u0101, lai b\u016btu efekt\u012bvs un vienlaikus dro\u0161s. T\u0101 sast\u0101v\u0101 nav asu \u0161\u0137\u012bdin\u0101t\u0101ju vai toksisku vielu, kas var\u0113tu boj\u0101t virsmas vai kairin\u0101t \u0101du un elpo\u0161anas sist\u0113mu. Tas ir dro\u0161s lieto\u0161anai iek\u0161telp\u0101s, tostarp virtuv\u0113s un p\u0101rtikas telp\u0101s, ja tiek iev\u0113roti lieto\u0161anas nor\u0101d\u012bjumi.<\/p>\n<p><strong><img decoding=\"async\" style=\"margin-right: 12px;\" src=\"https:\/\/www.ferberpainting.com\/wp-content\/uploads\/2026\/02\/Check.svg\" alt=\"\" width=\"18\" height=\"15\" \/>Lieto\u0161anas \u0113rtums.<\/strong>\u00a0\u0160is produkts ir gatavs lieto\u0161anai, un to nav nepiecie\u0161ams at\u0161\u0137aid\u012bt vai \u012bpa\u0161i sagatavot. Vienk\u0101r\u0161i uzkl\u0101jiet to tie\u0161i uz virsmas un noslaukiet ar m\u012bkstu dr\u0101nu vai neabraz\u012bvu s\u016bkli. T\u0101 \u0101tr\u0101 un efekt\u012bv\u0101 iedarb\u012bba nodro\u0161ina vieglu t\u012br\u012b\u0161anu bez intens\u012bvas t\u012br\u012b\u0161anas.<\/p>\n<p><strong><img decoding=\"async\" style=\"margin-right: 12px;\" src=\"https:\/\/www.ferberpainting.com\/wp-content\/uploads\/2026\/02\/Check.svg\" alt=\"\" width=\"18\" height=\"15\" \/>Ilgsto\u0161a iztur\u012bba.<\/strong>\u00a0\u0160is t\u012br\u012b\u0161anas l\u012bdzeklis efekt\u012bvi likvid\u0113 piemais\u012bjumus, vienlaikus saudz\u0113jot ner\u016bs\u0113jo\u0161\u0101 t\u0113rauda virsmu, un tas pagarina j\u016bsu apr\u012bkojuma un met\u0101la iek\u0101rtu kalpo\u0161anas laiku. Tas aizsarg\u0101 pret oksid\u0113\u0161anos, nov\u0113r\u0161 smagu traipu veido\u0161anos un saglab\u0101 svaigu met\u0101la izskatu, samazinot nepiecie\u0161am\u012bbu p\u0113c d\u0101rgas nomai\u0146as vai atjauno\u0161anas.<\/p>\n<p><strong><img decoding=\"async\" style=\"margin-right: 12px;\" src=\"https:\/\/www.ferberpainting.com\/wp-content\/uploads\/2026\/02\/Check.svg\" alt=\"\" width=\"18\" height=\"15\" \/>\u0100tra r\u012bc\u012bba.<\/strong>\u00a0Pateicoties \u012bpa\u0161i rea\u0123\u0113tsp\u0113j\u012bgajai formulai, \u0161is t\u012br\u012b\u0161anas l\u012bdzeklis iedarbojas uzreiz p\u0113c uzkl\u0101\u0161anas. Tikai da\u017eu sekun\u017eu laik\u0101 tas iz\u0161\u0137\u012bdina taukus, p\u0113das un atlikumus, neprasot ilgsto\u0161u kontaktu. Ide\u0101li piem\u0113rots \u0101trai un efekt\u012bvai t\u012br\u012b\u0161anai, pat vid\u0113s, kur nepiecie\u0161ama \u0101tra apkope.<\/p>\n<h2><strong>Lieto\u0161anas protokols<\/strong><\/h2>\n<ul>\n<li><strong>Sagatavo\u0161ana <\/strong>: Pirms uzkl\u0101\u0161anas p\u0101rliecinieties, ka uz ner\u016bs\u0113jo\u0161\u0101 t\u0113rauda virsmas nav putek\u013cu vai cietu atlikumu.<\/li>\n<li><strong>Pieteikums <\/strong>: Nelielu daudzumu t\u012br\u012b\u0161anas l\u012bdzek\u013ca uzlejiet uz t\u012bras, m\u012bkstas dr\u0101nas vai tie\u0161i uz virsmas.<\/li>\n<li><strong>T\u012br\u012b\u0161ana <\/strong>: Maigi berz\u0113jiet ar ap\u013cveida kust\u012bb\u0101m, lai no\u0146emtu visas z\u012bmes un net\u012brumus. Stipr\u0101kiem traipiem pirms noslauk\u0161anas \u013caujiet l\u012bdzeklim da\u017eus mirk\u013cus nost\u0101v\u0113ties.<\/li>\n<li><strong>Skalo\u0161ana <\/strong>: Virsmas, kas saskaras ar p\u0101rtiku vai ir jut\u012bgas, noskalojiet ar t\u012bru \u016bdeni, lai no\u0146emtu produkta p\u0101rpalikumu.<\/li>\n<li><strong>Pul\u0113\u0161ana <\/strong>: Noslaukiet ar sausu mikro\u0161\u0137iedras dr\u0101nu, lai ieg\u016btu nevainojamu apdari un optim\u0101lu sp\u012bdumu.<\/li>\n<li><strong>Lieto\u0161anas bie\u017eums <\/strong>: Lietojiet tik bie\u017ei, cik nepiecie\u0161ams, lai saglab\u0101tu ner\u016bs\u0113jo\u0161\u0101 t\u0113rauda virsmu sp\u012bdumu un t\u012br\u012bbu, jo \u012bpa\u0161i vid\u0113, kur regul\u0101ra apkope ir b\u016btiska.<\/li>\n<li><strong>Uzglab\u0101\u0161ana <\/strong>: P\u0113c katras lieto\u0161anas reizes turiet kanni\u0146u cie\u0161i aizv\u0113rtu un uzglab\u0101jiet v\u0113s\u0101, saus\u0101 viet\u0101, pasarg\u0101jot no gaismas un p\u0101rm\u0113r\u012bgas temperat\u016bras, lai saglab\u0101tu t\u0101s efektivit\u0101ti.<\/li>\n<\/ul>\n<p>Ar m\u016bsu ner\u016bs\u0113jo\u0161\u0101 t\u0113rauda t\u012br\u012b\u0161anas l\u012bdzekli \u0101tri un bez piep\u016bles atjaunosiet visu savu met\u0101la virsmu sp\u012bdumu un t\u012br\u012bbu.<\/p>","protected":false},"excerpt":{"rendered":"<p>Optimal efficiency.\u00a0This stainless steel cleaner instantly removes stains, fingerprints, grease residues, and limescale deposits that dull the surface of stainless steel. Its powerful formula penetrates deep to restore the original shine of the metal, leaving a clean, smooth, and glossy surface without any scratches. Money-back guarantee.\u00a0We are confident in the excellence of our product and [&hellip;]<\/p>\n","protected":false},"featured_media":35933,"comment_status":"open","ping_status":"closed","template":"","meta":{"_uag_custom_page_level_css":"","site-sidebar-layout":"default","site-content-layout":"","ast-site-content-layout":"default","site-content-style":"default","site-sidebar-style":"default","ast-global-header-display":"","ast-banner-title-visibility":"","ast-main-header-display":"","ast-hfb-above-header-display":"","ast-hfb-below-header-display":"","ast-hfb-mobile-header-display":"","site-post-title":"","ast-breadcrumbs-content":"","ast-featured-img":"","footer-sml-layout":"","ast-disable-related-posts":"","theme-transparent-header-meta":"default","adv-header-id-meta":"","stick-header-meta":"","header-above-stick-meta":"","header-main-stick-meta":"","header-below-stick-meta":"","astra-migrate-meta-layouts":"set","ast-page-background-enabled":"default","ast-page-background-meta":{"desktop":{"background-color":"var(--ast-global-color-4)","background-image":"","background-repeat":"repeat","background-position":"center center","background-size":"auto","background-attachment":"scroll","background-type":"","background-media":"","overlay-type":"","overlay-color":"","overlay-opacity":"","overlay-gradient":""},"tablet":{"background-color":"","background-image":"","background-repeat":"repeat","background-position":"center center","background-size":"auto","background-attachment":"scroll","background-type":"","background-media":"","overlay-type":"","overlay-color":"","overlay-opacity":"","overlay-gradient":""},"mobile":{"background-color":"","background-image":"","background-repeat":"repeat","background-position":"center center","background-size":"auto","background-attachment":"scroll","background-type":"","background-media":"","overlay-type":"","overlay-color":"","overlay-opacity":"","overlay-gradient":""}},"ast-content-background-meta":{"desktop":{"background-color":"var(--ast-global-color-5)","background-image":"","background-repeat":"repeat","background-position":"center center","background-size":"auto","background-attachment":"scroll","background-type":"","background-media":"","overlay-type":"","overlay-color":"","overlay-opacity":"","overlay-gradient":""},"tablet":{"background-color":"var(--ast-global-color-5)","background-image":"","background-repeat":"repeat","background-position":"center center","background-size":"auto","background-attachment":"scroll","background-type":"","background-media":"","overlay-type":"","overlay-color":"","overlay-opacity":"","overlay-gradient":""},"mobile":{"background-color":"var(--ast-global-color-5)","background-image":"","background-repeat":"repeat","background-position":"center center","background-size":"auto","background-attachment":"scroll","background-type":"","background-media":"","overlay-type":"","overlay-color":"","overlay-opacity":"","overlay-gradient":""}}},"product_brand":[],"product_cat":[175],"product_tag":[],"class_list":{"0":"post-25318","1":"product","2":"type-product","3":"status-publish","4":"has-post-thumbnail","6":"product_cat-cleaning-products","7":"desktop-align-left","8":"tablet-align-left","9":"mobile-align-left","11":"first","12":"instock","13":"sale","14":"taxable","15":"shipping-taxable","16":"purchasable","17":"product-type-variable","18":"has-default-attributes"},"spectra_custom_meta":{"_visibility":["visible"],"_shopify_product_id":["9101520273653"],"_s2w_shopify_domain":["ferberpainting.myshopify.com"],"_shopify_variant_id":["46612396867829"],"_sku":[""],"_manage_stock":["no"],"total_sales":["20"],"_tax_status":["taxable"],"_tax_class":[""],"_backorders":["no"],"_sold_individually":["no"],"_virtual":["no"],"_downloadable":["no"],"_download_limit":["-1"],"_download_expiry":["-1"],"_stock":[null],"_stock_status":["instock"],"_wc_average_rating":["5.00"],"_wc_review_count":["13"],"_product_attributes":["a:1:{s:6:\"volume\";a:6:{s:4:\"name\";s:6:\"Volume\";s:5:\"value\";s:20:\"5 liters | 25 liters\";s:8:\"position\";i:1;s:10:\"is_visible\";i:0;s:12:\"is_variation\";i:1;s:11:\"is_taxonomy\";i:0;}}"],"_product_version":["10.5.1"],"wpse_downloadable_file_names":[""],"wpse_downloadable_file_urls":[""],"_edit_last":["1"],"_default_attributes":["a:1:{s:6:\"volume\";s:8:\"5 liters\";}"],"_edit_lock":["1771239230:1"],"_price":["29.90","129.90"],"merchant-center-availability":["yes"],"merchant-center-category":["7426"],"_thumbnail_id":["35933"],"_wp_page_template":["default"],"_product_image_gallery":["35934"],"site-sidebar-layout":["default"],"ast-site-content-layout":["default"],"site-content-style":["default"],"site-sidebar-style":["default"],"theme-transparent-header-meta":["default"],"_wc_rating_count":["a:1:{i:5;i:13;}"],"astra-migrate-meta-layouts":["set"],"_uag_css_file_name":["uag-css-25318.css"],"_elementor_page_assets":["a:0:{}"],"_uag_page_assets":["a:9:{s:3:\"css\";s:7133:\".uag-blocks-common-selector{z-index:var(--z-index-desktop) !important}@media(max-width: 976px){.uag-blocks-common-selector{z-index:var(--z-index-tablet) !important}}@media(max-width: 767px){.uag-blocks-common-selector{z-index:var(--z-index-mobile) !important}}.wp-block-uagb-image{display:flex}.wp-block-uagb-image__figure{position:relative;display:flex;flex-direction:column;max-width:100%;height:auto;margin:0}.wp-block-uagb-image__figure img{height:auto;display:flex;max-width:100%;transition:box-shadow .2s ease}.wp-block-uagb-image__figure>a{display:inline-block}.wp-block-uagb-image__figure figcaption{text-align:center;margin-top:.5em;margin-bottom:1em}.wp-block-uagb-image .components-placeholder.block-editor-media-placeholder .components-placeholder__instructions{align-self:center}.wp-block-uagb-image--align-left{text-align:left}.wp-block-uagb-image--align-right{text-align:right}.wp-block-uagb-image--align-center{text-align:center}.wp-block-uagb-image--align-full .wp-block-uagb-image__figure{margin-left:calc(50% - 50vw);margin-right:calc(50% - 50vw);max-width:100vw;width:100vw;height:auto}.wp-block-uagb-image--align-full .wp-block-uagb-image__figure img{height:auto;width:100% !important}.wp-block-uagb-image--align-wide .wp-block-uagb-image__figure img{height:auto;width:100%}.wp-block-uagb-image--layout-overlay__color-wrapper{position:absolute;left:0;top:0;right:0;bottom:0;opacity:.2;background:rgba(0,0,0,.5);transition:opacity .35s ease-in-out}.wp-block-uagb-image--layout-overlay-link{position:absolute;left:0;right:0;bottom:0;top:0}.wp-block-uagb-image--layout-overlay .wp-block-uagb-image__figure:hover .wp-block-uagb-image--layout-overlay__color-wrapper{opacity:1}.wp-block-uagb-image--layout-overlay__inner{position:absolute;left:15px;right:15px;bottom:15px;top:15px;display:flex;align-items:center;justify-content:center;flex-direction:column;border-color:#fff;transition:.35s ease-in-out}.wp-block-uagb-image--layout-overlay__inner.top-left,.wp-block-uagb-image--layout-overlay__inner.top-center,.wp-block-uagb-image--layout-overlay__inner.top-right{justify-content:flex-start}.wp-block-uagb-image--layout-overlay__inner.bottom-left,.wp-block-uagb-image--layout-overlay__inner.bottom-center,.wp-block-uagb-image--layout-overlay__inner.bottom-right{justify-content:flex-end}.wp-block-uagb-image--layout-overlay__inner.top-left,.wp-block-uagb-image--layout-overlay__inner.center-left,.wp-block-uagb-image--layout-overlay__inner.bottom-left{align-items:flex-start}.wp-block-uagb-image--layout-overlay__inner.top-right,.wp-block-uagb-image--layout-overlay__inner.center-right,.wp-block-uagb-image--layout-overlay__inner.bottom-right{align-items:flex-end}.wp-block-uagb-image--layout-overlay__inner .uagb-image-heading{color:#fff;transition:transform .35s,opacity .35s ease-in-out;transform:translate3d(0, 24px, 0);margin:0;line-height:1em}.wp-block-uagb-image--layout-overlay__inner .uagb-image-separator{width:30%;border-top-width:2px;border-top-color:#fff;border-top-style:solid;margin-bottom:10px;opacity:0;transition:transform .4s,opacity .4s ease-in-out;transform:translate3d(0, 30px, 0)}.wp-block-uagb-image--layout-overlay__inner .uagb-image-caption{opacity:0;overflow:visible;color:#fff;transition:transform .45s,opacity .45s ease-in-out;transform:translate3d(0, 35px, 0)}.wp-block-uagb-image--layout-overlay__inner:hover .uagb-image-heading,.wp-block-uagb-image--layout-overlay__inner:hover .uagb-image-separator,.wp-block-uagb-image--layout-overlay__inner:hover .uagb-image-caption{opacity:1;transform:translate3d(0, 0, 0)}.wp-block-uagb-image--effect-zoomin .wp-block-uagb-image__figure img,.wp-block-uagb-image--effect-zoomin .wp-block-uagb-image__figure .wp-block-uagb-image--layout-overlay__color-wrapper{transform:scale(1);transition:transform .35s ease-in-out}.wp-block-uagb-image--effect-zoomin .wp-block-uagb-image__figure:hover img,.wp-block-uagb-image--effect-zoomin .wp-block-uagb-image__figure:hover .wp-block-uagb-image--layout-overlay__color-wrapper{transform:scale(1.05)}.wp-block-uagb-image--effect-slide .wp-block-uagb-image__figure img,.wp-block-uagb-image--effect-slide .wp-block-uagb-image__figure .wp-block-uagb-image--layout-overlay__color-wrapper{width:calc(100% + 40px) !important;max-width:none !important;transform:translate3d(-40px, 0, 0);transition:transform .35s ease-in-out}.wp-block-uagb-image--effect-slide .wp-block-uagb-image__figure:hover img,.wp-block-uagb-image--effect-slide .wp-block-uagb-image__figure:hover .wp-block-uagb-image--layout-overlay__color-wrapper{transform:translate3d(0, 0, 0)}.wp-block-uagb-image--effect-grayscale img{filter:grayscale(0%);transition:.35s ease-in-out}.wp-block-uagb-image--effect-grayscale:hover img{filter:grayscale(100%)}.wp-block-uagb-image--effect-blur img{filter:blur(0);transition:.35s ease-in-out}.wp-block-uagb-image--effect-blur:hover img{filter:blur(3px)}.uagb-block-e6f939b3.wp-block-uagb-image--layout-default figure img{box-shadow: 0px 0px 0 #00000070;}.uagb-block-e6f939b3.wp-block-uagb-image .wp-block-uagb-image__figure figcaption{font-style: normal;align-self: center;}.uagb-block-e6f939b3.wp-block-uagb-image--layout-overlay figure img{box-shadow: 0px 0px 0 #00000070;}.uagb-block-e6f939b3.wp-block-uagb-image--layout-overlay .wp-block-uagb-image--layout-overlay__color-wrapper{opacity: 0.2;}.uagb-block-e6f939b3.wp-block-uagb-image--layout-overlay .wp-block-uagb-image--layout-overlay__inner{left: 15px;right: 15px;top: 15px;bottom: 15px;}.uagb-block-e6f939b3.wp-block-uagb-image--layout-overlay .wp-block-uagb-image--layout-overlay__inner .uagb-image-heading{font-style: normal;color: #fff;opacity: 1;}.uagb-block-e6f939b3.wp-block-uagb-image--layout-overlay .wp-block-uagb-image--layout-overlay__inner .uagb-image-heading a{color: #fff;}.uagb-block-e6f939b3.wp-block-uagb-image--layout-overlay .wp-block-uagb-image--layout-overlay__inner .uagb-image-caption{opacity: 0;}.uagb-block-e6f939b3.wp-block-uagb-image--layout-overlay .wp-block-uagb-image__figure:hover .wp-block-uagb-image--layout-overlay__color-wrapper{opacity: 1;}.uagb-block-e6f939b3.wp-block-uagb-image .wp-block-uagb-image--layout-overlay__inner .uagb-image-separator{width: 30%;border-top-width: 2px;border-top-color: #fff;opacity: 0;}.uagb-block-e6f939b3.wp-block-uagb-image .wp-block-uagb-image__figure img{width: px;height: auto;}.uagb-block-e6f939b3.wp-block-uagb-image .wp-block-uagb-image__figure:hover .wp-block-uagb-image--layout-overlay__inner .uagb-image-caption{opacity: 1;}.uagb-block-e6f939b3.wp-block-uagb-image .wp-block-uagb-image__figure:hover .wp-block-uagb-image--layout-overlay__inner .uagb-image-separator{opacity: 1;}.uagb-block-e6f939b3.wp-block-uagb-image--layout-default figure:hover img{box-shadow: 0px 0px 0 #00000070;}.uagb-block-e6f939b3.wp-block-uagb-image--layout-overlay figure:hover img{box-shadow: 0px 0px 0 #00000070;}@media only screen and (max-width: 976px) {.uagb-block-e6f939b3.wp-block-uagb-image .wp-block-uagb-image__figure img{width: px;height: auto;}}@media only screen and (max-width: 767px) {.uagb-block-e6f939b3.wp-block-uagb-image .wp-block-uagb-image__figure img{width: px;height: auto;}}\";s:2:\"js\";s:0:\"\";s:18:\"current_block_list\";a:13:{i:0;s:11:\"core\/search\";i:1;s:10:\"core\/group\";i:2;s:12:\"core\/heading\";i:3;s:17:\"core\/latest-posts\";i:4;s:20:\"core\/latest-comments\";i:5;s:13:\"core\/archives\";i:6;s:15:\"core\/categories\";i:7;s:14:\"core\/paragraph\";i:8;s:10:\"uagb\/image\";i:9;s:11:\"core\/spacer\";i:10;s:30:\"woocommerce\/product-categories\";i:11;s:10:\"core\/image\";i:12;s:14:\"core\/shortcode\";}s:8:\"uag_flag\";b:1;s:11:\"uag_version\";s:10:\"1777221816\";s:6:\"gfonts\";a:0:{}s:10:\"gfonts_url\";s:0:\"\";s:12:\"gfonts_files\";a:0:{}s:14:\"uag_faq_layout\";b:0;}"]},"uagb_featured_image_src":{"full":["https:\/\/www.ferberpainting.com\/wp-content\/uploads\/2025\/06\/Stainless-Steel-Cleaner-5L-Mockup-.png",2560,2560,false],"thumbnail":["https:\/\/www.ferberpainting.com\/wp-content\/uploads\/2025\/06\/Stainless-Steel-Cleaner-5L-Mockup--150x150.png",150,150,true],"medium":["https:\/\/www.ferberpainting.com\/wp-content\/uploads\/2025\/06\/Stainless-Steel-Cleaner-5L-Mockup--300x300.png",300,300,true],"medium_large":["https:\/\/www.ferberpainting.com\/wp-content\/uploads\/2025\/06\/Stainless-Steel-Cleaner-5L-Mockup--768x768.png",768,768,true],"large":["https:\/\/www.ferberpainting.com\/wp-content\/uploads\/2025\/06\/Stainless-Steel-Cleaner-5L-Mockup--1024x1024.png",1024,1024,true],"1536x1536":["https:\/\/www.ferberpainting.com\/wp-content\/uploads\/2025\/06\/Stainless-Steel-Cleaner-5L-Mockup--1536x1536.png",1536,1536,true],"2048x2048":["https:\/\/www.ferberpainting.com\/wp-content\/uploads\/2025\/06\/Stainless-Steel-Cleaner-5L-Mockup--2048x2048.png",2048,2048,true],"trp-custom-language-flag":["https:\/\/www.ferberpainting.com\/wp-content\/uploads\/2025\/06\/Stainless-Steel-Cleaner-5L-Mockup--12x12.png",12,12,true],"woocommerce_thumbnail":["https:\/\/www.ferberpainting.com\/wp-content\/uploads\/2025\/06\/Stainless-Steel-Cleaner-5L-Mockup--300x300.png",300,300,true],"woocommerce_single":["https:\/\/www.ferberpainting.com\/wp-content\/uploads\/2025\/06\/Stainless-Steel-Cleaner-5L-Mockup--600x600.png",600,600,true],"woocommerce_gallery_thumbnail":["https:\/\/www.ferberpainting.com\/wp-content\/uploads\/2025\/06\/Stainless-Steel-Cleaner-5L-Mockup--100x100.png",100,100,true]},"uagb_author_info":{"display_name":"admin","author_link":"https:\/\/www.ferberpainting.com\/lv\/author\/"},"uagb_comment_info":13,"uagb_excerpt":"Optimal efficiency.\u00a0This stainless steel cleaner instantly removes stains, fingerprints, grease residues, and limescale deposits that dull the surface of stainless steel. Its powerful formula penetrates deep to restore the original shine of the metal, leaving a clean, smooth, and glossy surface without any scratches. Money-back guarantee.\u00a0We are confident in the excellence of our product and&hellip;","_links":{"self":[{"href":"https:\/\/www.ferberpainting.com\/lv\/wp-json\/wp\/v2\/product\/25318","targetHints":{"allow":["GET"]}}],"collection":[{"href":"https:\/\/www.ferberpainting.com\/lv\/wp-json\/wp\/v2\/product"}],"about":[{"href":"https:\/\/www.ferberpainting.com\/lv\/wp-json\/wp\/v2\/types\/product"}],"replies":[{"embeddable":true,"href":"https:\/\/www.ferberpainting.com\/lv\/wp-json\/wp\/v2\/comments?post=25318"}],"version-history":[{"count":4,"href":"https:\/\/www.ferberpainting.com\/lv\/wp-json\/wp\/v2\/product\/25318\/revisions"}],"predecessor-version":[{"id":167302,"href":"https:\/\/www.ferberpainting.com\/lv\/wp-json\/wp\/v2\/product\/25318\/revisions\/167302"}],"wp:featuredmedia":[{"embeddable":true,"href":"https:\/\/www.ferberpainting.com\/lv\/wp-json\/wp\/v2\/media\/35933"}],"wp:attachment":[{"href":"https:\/\/www.ferberpainting.com\/lv\/wp-json\/wp\/v2\/media?parent=25318"}],"wp:term":[{"taxonomy":"product_brand","embeddable":true,"href":"https:\/\/www.ferberpainting.com\/lv\/wp-json\/wp\/v2\/product_brand?post=25318"},{"taxonomy":"product_cat","embeddable":true,"href":"https:\/\/www.ferberpainting.com\/lv\/wp-json\/wp\/v2\/product_cat?post=25318"},{"taxonomy":"product_tag","embeddable":true,"href":"https:\/\/www.ferberpainting.com\/lv\/wp-json\/wp\/v2\/product_tag?post=25318"}],"curies":[{"name":"wp","href":"https:\/\/api.w.org\/{rel}","templated":true}]}}