{"id":25314,"date":"2025-06-30T20:52:26","date_gmt":"2025-06-30T18:52:26","guid":{"rendered":"https:\/\/www.ferberpainting.com\/?post_type=product&#038;p=25314"},"modified":"2026-02-16T10:51:53","modified_gmt":"2026-02-16T09:51:53","slug":"sofa-water-repellent","status":"publish","type":"product","link":"https:\/\/www.ferberpainting.com\/lv\/products\/sofa-water-repellent\/","title":{"rendered":"D\u012bv\u0101na impregn\u0113\u0161anas l\u012bdzeklis"},"content":{"rendered":"<p><strong><img decoding=\"async\" style=\"margin-right: 12px;\" src=\"https:\/\/www.ferberpainting.com\/wp-content\/uploads\/2026\/02\/Check.svg\" alt=\"\" width=\"18\" height=\"15\" \/>Efekt\u012bva aizsardz\u012bba pret mitrumu un traipiem.<\/strong>\u00a0\u0160is d\u012bv\u0101nu \u016bdensnecaurlaid\u012bgais p\u0101rkl\u0101js ir \u012bpa\u0161i izstr\u0101d\u0101ts, lai nodro\u0161in\u0101tu ilgsto\u0161u aizsardz\u012bbu pret mitrumu, traipiem un nopl\u016bd\u0113m uz j\u016bsu auduma vai \u0101das m\u0113bel\u0113m. Tas veido neredzamu barjeru, kas atgr\u016b\u017e \u0161\u0137idrumus un nov\u0113r\u0161 net\u012brumu nos\u0113\u0161anos, pal\u012bdzot ilg\u0101k saglab\u0101t d\u012bv\u0101na izskatu un tekst\u016bru. Neatkar\u012bgi no t\u0101, vai tie ir dz\u0113rienu, \u0113diena vai pat dub\u013cu \u0161\u013cakatas, \u0161is produkts blo\u0137\u0113 \u0161\u0137idrumu iek\u013c\u016b\u0161anu un atvieglo t\u012br\u012b\u0161anu.<\/p>\n<p><strong><img decoding=\"async\" style=\"margin-right: 12px;\" src=\"https:\/\/www.ferberpainting.com\/wp-content\/uploads\/2026\/02\/Check.svg\" alt=\"\" width=\"18\" height=\"15\" \/>Naudas atmaksas garantija.<\/strong>\u00a0M\u0113s esam p\u0101rliecin\u0101ti par m\u016bsu d\u012bv\u0101nu mitrin\u0101t\u0101ja efektivit\u0101ti, t\u0101p\u0113c pied\u0101v\u0101jam apmierin\u0101t\u012bbas garantiju. Ja p\u0113c lieto\u0161anas produkts neatbilst j\u016bsu gaid\u012btajam, varat piepras\u012bt pilnu naudas atmaksu. \u0160\u012b garantija \u013cauj jums dro\u0161i ieg\u0101d\u0101ties, zinot, ka jums nav ko zaud\u0113t. Ja j\u016bs nepaman\u012bsiet optim\u0101lu aizsardz\u012bbu, m\u0113s bez probl\u0113m\u0101m atmaks\u0101sim jums naudu.<\/p>\n<p><strong><img decoding=\"async\" style=\"margin-right: 12px;\" src=\"https:\/\/www.ferberpainting.com\/wp-content\/uploads\/2026\/02\/Check.svg\" alt=\"\" width=\"18\" height=\"15\" \/>Piem\u0113rots da\u017e\u0101diem materi\u0101liem.<\/strong>\u00a0\u0160is \u016bdensnecaurlaid\u012bgais p\u0101rkl\u0101jums ir ide\u0101li piem\u0113rots da\u017e\u0101diem materi\u0101liem. Tas ir efekt\u012bvs uz t\u0101diem audumiem k\u0101 kokvilna, lins, samts, k\u0101 ar\u012b uz \u0101das un mikro\u0161\u0137iedras virsm\u0101m. To var dro\u0161i lietot d\u012bv\u0101niem, kr\u0113sliem, spilveniem un cit\u0101m tekstila vai \u0101das m\u0113bel\u0113m. T\u0101 nemaina izskatu vai tekst\u016bru un saglab\u0101 maigu un pat\u012bkamu piesk\u0101rienu, nodro\u0161inot neredzamu un notur\u012bgu aizsardz\u012bbu.<\/p>\n<p><strong><img decoding=\"async\" style=\"margin-right: 12px;\" src=\"https:\/\/www.ferberpainting.com\/wp-content\/uploads\/2026\/02\/Check.svg\" alt=\"\" width=\"18\" height=\"15\" \/>Rentabilit\u0101te.<\/strong>\u00a0Pateicoties t\u0101 koncentr\u0113tajai formulai, \u0161is \u016bdensnecaurlaid\u012bgais l\u012bdzeklis nodro\u0161ina izcilu kvalit\u0101tes un p\u0101rkl\u0101juma attiec\u012bbu. Vid\u0113ji ar vienu litru var apstr\u0101d\u0101t aptuveni 25 l\u012bdz 30 m\u00b2 atkar\u012bb\u0101 no auduma biezuma un uzkl\u0101to k\u0101rtu skaita. T\u0101 efektivit\u0101te noz\u012bm\u0113, ka viena apstr\u0101de nodro\u0161ina ilgsto\u0161u aizsardz\u012bbu, t\u0101p\u0113c nav nepiecie\u0161ams bie\u017ei atk\u0101rtoti uzkl\u0101t, padarot to par ekonomisku risin\u0101jumu ilgtermi\u0146a m\u0113be\u013cu aizsardz\u012bbai.<\/p>\n<p><strong><img decoding=\"async\" style=\"margin-right: 12px;\" src=\"https:\/\/www.ferberpainting.com\/wp-content\/uploads\/2026\/02\/Check.svg\" alt=\"\" width=\"18\" height=\"15\" \/>Dro\u0161s un materi\u0101li draudz\u012bgs.<\/strong>\u00a0\u0160is d\u012bv\u0101na mitrin\u0101t\u0101js ir izgatavots no dro\u0161\u0101m sast\u0101vda\u013c\u0101m, kas ir saudz\u012bgas pret audumiem. T\u0101 sast\u0101v\u0101 nav agres\u012bvu \u0137imik\u0101liju, t\u0101p\u0113c to var dro\u0161i lietot m\u0101j\u0101s. Tas nemaina auduma vai \u0101das kr\u0101su vai tekst\u016bru. T\u0101 uzkl\u0101\u0161ana uz d\u012bv\u0101na nodro\u0161ina efekt\u012bvu aizsardz\u012bbu, neboj\u0101jot m\u0113beles un nepak\u013caujot j\u016bsu \u0123imeni toksisku vielu iedarb\u012bbai.<\/p>\n<p><strong><img decoding=\"async\" style=\"margin-right: 12px;\" src=\"https:\/\/www.ferberpainting.com\/wp-content\/uploads\/2026\/02\/Check.svg\" alt=\"\" width=\"18\" height=\"15\" \/>Lieto\u0161anas \u0113rtums.<\/strong>\u00a0D\u012bv\u0101na mitrin\u0101t\u0101ja uzkl\u0101\u0161ana ir \u013coti vienk\u0101r\u0161a. Tas ir gatavs lieto\u0161anai, un to nav nepiecie\u0161ams at\u0161\u0137aid\u012bt. Vienk\u0101r\u0161i uzsmidziniet pl\u0101nu, vienm\u0113r\u012bgu k\u0101rtu uz d\u012bv\u0101na virsmas un \u013caujiet tai no\u017e\u016bt. Nav nepiecie\u0161ama sare\u017e\u0123\u012bta sagatavo\u0161ana, sajauk\u0161ana vai gaid\u012b\u0161ana. \u0160is produkts ir izstr\u0101d\u0101ts t\u0101, lai ietaup\u012btu j\u016bsu laiku, vienlaikus nodro\u0161inot augstas kvalit\u0101tes aizsardz\u012bbu. J\u016bs varat izmantot smidzin\u0101t\u0101ju vai m\u012bkstu dr\u0101nu, lai vienm\u0113r\u012bgi uzkl\u0101tu l\u012bdzekli.<\/p>\n<p><strong><img decoding=\"async\" style=\"margin-right: 12px;\" src=\"https:\/\/www.ferberpainting.com\/wp-content\/uploads\/2026\/02\/Check.svg\" alt=\"\" width=\"18\" height=\"15\" \/>Iztur\u012bga aizsardz\u012bba.<\/strong>\u00a0P\u0113c uzkl\u0101\u0161anas \u016bdensnecaurlaid\u012bgais p\u0101rkl\u0101jums veido notur\u012bgu barjeru, kas saglab\u0101jas efekt\u012bva pat p\u0113c vair\u0101kk\u0101rt\u0113jas t\u012br\u012b\u0161anas. Neb\u016bs nepiecie\u0161ams bie\u017ei atk\u0101rtoti uzkl\u0101t \u0161o p\u0101rkl\u0101jumu. Tas aizsarg\u0101 j\u016bsu d\u012bv\u0101nus vair\u0101kus m\u0113ne\u0161us, ne\u013caujot nopl\u016bst \u0161\u0137idrumiem un ikdienas traipiem. J\u016bs var\u0113siet baud\u012bt savas m\u0113beles, neuztraucoties par mitruma vai ikdienas net\u012brumu rad\u012bto nodilumu. \u0160is l\u012bdzeklis pal\u012bdz saglab\u0101t j\u016bsu d\u012bv\u0101nus lielisk\u0101 st\u0101vokl\u012b ilg\u0101ku laiku.<\/p>\n<p><strong><img decoding=\"async\" style=\"margin-right: 12px;\" src=\"https:\/\/www.ferberpainting.com\/wp-content\/uploads\/2026\/02\/Check.svg\" alt=\"\" width=\"18\" height=\"15\" \/>\u0100tra darb\u012bba.<\/strong>\u00a0\u0160is d\u012bv\u0101na \u016bdensnecaurlaid\u012bgais p\u0101rkl\u0101jums istabas temperat\u016br\u0101 no\u017e\u016bst aptuveni 1 stundas laik\u0101 atkar\u012bb\u0101 no auduma. Tas \u013cauj jums \u0101tri baud\u012bt aizsardz\u012bbu bez stund\u0101m ilgas gaid\u012b\u0161anas. At\u0161\u0137ir\u012bb\u0101 no citiem apstr\u0101des l\u012bdzek\u013ciem, kam nepiecie\u0161ams ilgs \u017e\u016b\u0161anas laiks, \u0161is l\u012bdzeklis \u013cauj jums ats\u0101kt d\u012bv\u0101nu norm\u0101lu lieto\u0161anu uzreiz p\u0113c uzkl\u0101\u0161anas, zinot, ka j\u016bsu m\u0113beles tagad ir aizsarg\u0101tas.<\/p>\n<h2><strong>Lieto\u0161anas protokols<\/strong><\/h2>\n<ul>\n<li><strong>Virsmas sagatavo\u0161ana <\/strong>: Pirms \u016bdensnecaurlaid\u012bg\u0101 l\u012bdzek\u013ca uzkl\u0101\u0161anas p\u0101rliecinieties, ka d\u012bv\u0101ns vai m\u0113beles ir t\u012bras un sausas. Ja nepiecie\u0161ams, not\u012briet putek\u013cus un vieglus net\u012brumus ar putek\u013cu s\u016bc\u0113ju. Ja audums ir \u012bpa\u0161i net\u012brs, pirms l\u012bdzek\u013ca uzkl\u0101\u0161anas ieteicams to izmazg\u0101t vai noslauc\u012bt. Nelietojiet \u016bdensnecaurlaid\u012bgo l\u012bdzekli uz net\u012bras vai mitras virsmas.<\/li>\n<li><strong>Produkta pielietojums <\/strong>: Pirms lieto\u0161anas pudeli labi sakratiet. Uzsmidziniet pl\u0101nu, vienm\u0113r\u012bgu d\u012bv\u0101na \u016bdensnecaurlaid\u012bg\u0101 l\u012bdzek\u013ca k\u0101rtu pa visu d\u012bv\u0101na virsmu, nodro\u0161inot, ka ir p\u0101rkl\u0101ti visi laukumi. Liel\u0101m virsm\u0101m var izmantot smidzin\u0101t\u0101ju, bet maz\u0101k\u0101m vai gr\u016bti aizsniedzam\u0101m viet\u0101m var izmantot m\u012bkstu dr\u0101nu. P\u0101rliecinieties, ka audums nav p\u0101rs\u0101tin\u0101ts, bet uzkl\u0101jiet vieglu un efekt\u012bvu k\u0101rtu.<\/li>\n<li><strong>Vienm\u0113r\u012bgs p\u0101rkl\u0101jums <\/strong>: Ja izmantojat dr\u0101nu, maigi berz\u0113jiet l\u012bdzekli pa virsmu, lai nodro\u0161in\u0101tu vienm\u0113r\u012bgu izkliedi. Net\u012briet p\u0101r\u0101k sp\u0113c\u012bgi, lai nedeform\u0113tu auduma vai \u0101das \u0161\u0137iedras. M\u0113r\u0137is ir izveidot smalku, bet efekt\u012bvu aizsargsl\u0101ni.<\/li>\n<li><strong>\u017d\u0101v\u0113\u0161anas laiks <\/strong>: \u013baujiet d\u012bv\u0101nam vai m\u0113bel\u0113m aptuveni 1 stundu no\u017e\u016bt istabas temperat\u016br\u0101. Ir svar\u012bgi \u017e\u0101v\u0113\u0161anas laik\u0101 nelietot m\u0113beles, lai izvair\u012btos no izstr\u0101d\u0101juma izmain\u012b\u0161anas vai redzamu z\u012bmju atst\u0101\u0161anas. Nenovietojiet m\u0113beles tie\u0161a siltuma avota tuvum\u0101.<\/li>\n<li><strong>Atk\u0101rtota pieteik\u0161an\u0101s <\/strong>: Atkar\u012bb\u0101 no d\u012bv\u0101na lieto\u0161anas veida var b\u016bt ieteicams veikt otru uzkl\u0101\u0161anu, lai pastiprin\u0101tu aizsardz\u012bbu. Tas var b\u016bt \u012bpa\u0161i noder\u012bgi, ja d\u012bv\u0101ns bie\u017ei tiek pak\u013cauts \u0161\u013cakat\u0101m vai traipiem. Vienm\u0113r \u013caujiet pirmajai k\u0101rtai piln\u012bb\u0101 no\u017e\u016bt pirms otr\u0101s k\u0101rtas uzkl\u0101\u0161anas.<\/li>\n<li><strong>Apr\u016bpe p\u0113c lieto\u0161anas <\/strong>: P\u0113c uzkl\u0101\u0161anas d\u012bv\u0101nu var t\u012br\u012bt k\u0101 parasti, neno\u0146emot aizsardz\u012bbu. Tom\u0113r, lai saglab\u0101tu efektivit\u0101ti, izvairieties no p\u0101r\u0101k sp\u0113c\u012bgas virsmas t\u012br\u012b\u0161anas. J\u016bs varat atk\u0101rtoti uzkl\u0101t mitrin\u0101t\u0101ju ik p\u0113c 6 m\u0113ne\u0161iem vai bie\u017e\u0101k, ja nepiecie\u0161ams.<\/li>\n<\/ul>\n<p>M\u016bsu d\u012bv\u0101nu mitrin\u0101t\u0101js pied\u0101v\u0101 vienk\u0101r\u0161u, \u0101tru un efekt\u012bvu risin\u0101jumu, lai pasarg\u0101tu j\u016bsu m\u0113beles no \u0101r\u0113j\u0101s iedarb\u012bbas, nodro\u0161inot ilgsto\u0161u skaistumu un iztur\u012bbu. Pateicoties inovat\u012bvajai formulai un vieglai lieto\u0161anai, tas k\u013c\u016bs par j\u016bsu risin\u0101jumu d\u012bv\u0101nu un citu no auduma vai \u0101das izgatavotu priek\u0161metu kop\u0161anai.<\/p>","protected":false},"excerpt":{"rendered":"<p>Effective Protection Against Moisture and Stains.\u00a0This sofa waterproofer is specially designed to provide long-lasting protection against humidity, stains, and spills on your fabric or leather furniture. It forms an invisible barrier that repels liquids and prevents dirt from settling, helping to preserve the appearance and texture of your sofa for longer. Whether it&#8217;s beverage, food, [&hellip;]<\/p>\n","protected":false},"featured_media":35924,"comment_status":"open","ping_status":"closed","template":"","meta":{"_uag_custom_page_level_css":"","site-sidebar-layout":"default","site-content-layout":"","ast-site-content-layout":"default","site-content-style":"default","site-sidebar-style":"default","ast-global-header-display":"","ast-banner-title-visibility":"","ast-main-header-display":"","ast-hfb-above-header-display":"","ast-hfb-below-header-display":"","ast-hfb-mobile-header-display":"","site-post-title":"","ast-breadcrumbs-content":"","ast-featured-img":"","footer-sml-layout":"","ast-disable-related-posts":"","theme-transparent-header-meta":"default","adv-header-id-meta":"","stick-header-meta":"","header-above-stick-meta":"","header-main-stick-meta":"","header-below-stick-meta":"","astra-migrate-meta-layouts":"set","ast-page-background-enabled":"default","ast-page-background-meta":{"desktop":{"background-color":"var(--ast-global-color-4)","background-image":"","background-repeat":"repeat","background-position":"center center","background-size":"auto","background-attachment":"scroll","background-type":"","background-media":"","overlay-type":"","overlay-color":"","overlay-opacity":"","overlay-gradient":""},"tablet":{"background-color":"","background-image":"","background-repeat":"repeat","background-position":"center center","background-size":"auto","background-attachment":"scroll","background-type":"","background-media":"","overlay-type":"","overlay-color":"","overlay-opacity":"","overlay-gradient":""},"mobile":{"background-color":"","background-image":"","background-repeat":"repeat","background-position":"center center","background-size":"auto","background-attachment":"scroll","background-type":"","background-media":"","overlay-type":"","overlay-color":"","overlay-opacity":"","overlay-gradient":""}},"ast-content-background-meta":{"desktop":{"background-color":"var(--ast-global-color-5)","background-image":"","background-repeat":"repeat","background-position":"center center","background-size":"auto","background-attachment":"scroll","background-type":"","background-media":"","overlay-type":"","overlay-color":"","overlay-opacity":"","overlay-gradient":""},"tablet":{"background-color":"var(--ast-global-color-5)","background-image":"","background-repeat":"repeat","background-position":"center center","background-size":"auto","background-attachment":"scroll","background-type":"","background-media":"","overlay-type":"","overlay-color":"","overlay-opacity":"","overlay-gradient":""},"mobile":{"background-color":"var(--ast-global-color-5)","background-image":"","background-repeat":"repeat","background-position":"center center","background-size":"auto","background-attachment":"scroll","background-type":"","background-media":"","overlay-type":"","overlay-color":"","overlay-opacity":"","overlay-gradient":""}}},"product_brand":[],"product_cat":[191],"product_tag":[],"class_list":{"0":"post-25314","1":"product","2":"type-product","3":"status-publish","4":"has-post-thumbnail","6":"product_cat-water-repellent","7":"desktop-align-left","8":"tablet-align-left","9":"mobile-align-left","11":"first","12":"instock","13":"sale","14":"shipping-taxable","15":"purchasable","16":"product-type-variable","17":"has-default-attributes"},"spectra_custom_meta":{"_visibility":["visible"],"_shopify_product_id":["9106565857525"],"_s2w_shopify_domain":["ferberpainting.myshopify.com"],"_shopify_variant_id":["46626275492085"],"_sku":[""],"_manage_stock":["no"],"total_sales":["326"],"_tax_status":["taxable"],"_tax_class":[""],"_backorders":["no"],"_sold_individually":["no"],"_virtual":["no"],"_downloadable":["no"],"_download_limit":["-1"],"_download_expiry":["-1"],"_stock":[null],"_stock_status":["instock"],"_wc_average_rating":["5.00"],"_wc_review_count":["11"],"_product_attributes":["a:1:{s:6:\"volume\";a:6:{s:4:\"name\";s:6:\"Volume\";s:5:\"value\";s:20:\"5 liters | 25 liters\";s:8:\"position\";i:1;s:10:\"is_visible\";i:0;s:12:\"is_variation\";i:1;s:11:\"is_taxonomy\";i:0;}}"],"_product_version":["10.5.1"],"wpse_downloadable_file_names":[""],"wpse_downloadable_file_urls":[""],"_edit_last":["1"],"_default_attributes":["a:1:{s:6:\"volume\";s:8:\"5 liters\";}"],"_edit_lock":["1771235377:1"],"merchant-center-availability":["yes"],"merchant-center-category":["8043"],"_thumbnail_id":["35924"],"_wp_page_template":["default"],"_wp_old_date":["2025-05-26"],"_product_image_gallery":["35925"],"site-sidebar-layout":["default"],"ast-site-content-layout":["default"],"site-content-style":["default"],"site-sidebar-style":["default"],"theme-transparent-header-meta":["default"],"_wc_rating_count":["a:1:{i:5;i:11;}"],"_price":["29.90","129.90"],"astra-migrate-meta-layouts":["set"],"_uag_css_file_name":["uag-css-25314.css"],"_elementor_page_assets":["a:0:{}"],"_uag_page_assets":["a:9:{s:3:\"css\";s:6873:\".wp-block-uagb-image{display:flex}.wp-block-uagb-image__figure{position:relative;display:flex;flex-direction:column;max-width:100%;height:auto;margin:0}.wp-block-uagb-image__figure img{height:auto;display:flex;max-width:100%;transition:box-shadow .2s ease}.wp-block-uagb-image__figure>a{display:inline-block}.wp-block-uagb-image__figure figcaption{text-align:center;margin-top:.5em;margin-bottom:1em}.wp-block-uagb-image .components-placeholder.block-editor-media-placeholder .components-placeholder__instructions{align-self:center}.wp-block-uagb-image--align-left{text-align:left}.wp-block-uagb-image--align-right{text-align:right}.wp-block-uagb-image--align-center{text-align:center}.wp-block-uagb-image--align-full .wp-block-uagb-image__figure{margin-left:calc(50% - 50vw);margin-right:calc(50% - 50vw);max-width:100vw;width:100vw;height:auto}.wp-block-uagb-image--align-full .wp-block-uagb-image__figure img{height:auto;width:100% !important}.wp-block-uagb-image--align-wide .wp-block-uagb-image__figure img{height:auto;width:100%}.wp-block-uagb-image--layout-overlay__color-wrapper{position:absolute;left:0;top:0;right:0;bottom:0;opacity:.2;background:rgba(0,0,0,.5);transition:opacity .35s ease-in-out}.wp-block-uagb-image--layout-overlay-link{position:absolute;left:0;right:0;bottom:0;top:0}.wp-block-uagb-image--layout-overlay .wp-block-uagb-image__figure:hover .wp-block-uagb-image--layout-overlay__color-wrapper{opacity:1}.wp-block-uagb-image--layout-overlay__inner{position:absolute;left:15px;right:15px;bottom:15px;top:15px;display:flex;align-items:center;justify-content:center;flex-direction:column;border-color:#fff;transition:.35s ease-in-out}.wp-block-uagb-image--layout-overlay__inner.top-left,.wp-block-uagb-image--layout-overlay__inner.top-center,.wp-block-uagb-image--layout-overlay__inner.top-right{justify-content:flex-start}.wp-block-uagb-image--layout-overlay__inner.bottom-left,.wp-block-uagb-image--layout-overlay__inner.bottom-center,.wp-block-uagb-image--layout-overlay__inner.bottom-right{justify-content:flex-end}.wp-block-uagb-image--layout-overlay__inner.top-left,.wp-block-uagb-image--layout-overlay__inner.center-left,.wp-block-uagb-image--layout-overlay__inner.bottom-left{align-items:flex-start}.wp-block-uagb-image--layout-overlay__inner.top-right,.wp-block-uagb-image--layout-overlay__inner.center-right,.wp-block-uagb-image--layout-overlay__inner.bottom-right{align-items:flex-end}.wp-block-uagb-image--layout-overlay__inner .uagb-image-heading{color:#fff;transition:transform .35s,opacity .35s ease-in-out;transform:translate3d(0, 24px, 0);margin:0;line-height:1em}.wp-block-uagb-image--layout-overlay__inner .uagb-image-separator{width:30%;border-top-width:2px;border-top-color:#fff;border-top-style:solid;margin-bottom:10px;opacity:0;transition:transform .4s,opacity .4s ease-in-out;transform:translate3d(0, 30px, 0)}.wp-block-uagb-image--layout-overlay__inner .uagb-image-caption{opacity:0;overflow:visible;color:#fff;transition:transform .45s,opacity .45s ease-in-out;transform:translate3d(0, 35px, 0)}.wp-block-uagb-image--layout-overlay__inner:hover .uagb-image-heading,.wp-block-uagb-image--layout-overlay__inner:hover .uagb-image-separator,.wp-block-uagb-image--layout-overlay__inner:hover .uagb-image-caption{opacity:1;transform:translate3d(0, 0, 0)}.wp-block-uagb-image--effect-zoomin .wp-block-uagb-image__figure img,.wp-block-uagb-image--effect-zoomin .wp-block-uagb-image__figure .wp-block-uagb-image--layout-overlay__color-wrapper{transform:scale(1);transition:transform .35s ease-in-out}.wp-block-uagb-image--effect-zoomin .wp-block-uagb-image__figure:hover img,.wp-block-uagb-image--effect-zoomin .wp-block-uagb-image__figure:hover .wp-block-uagb-image--layout-overlay__color-wrapper{transform:scale(1.05)}.wp-block-uagb-image--effect-slide .wp-block-uagb-image__figure img,.wp-block-uagb-image--effect-slide .wp-block-uagb-image__figure .wp-block-uagb-image--layout-overlay__color-wrapper{width:calc(100% + 40px) !important;max-width:none !important;transform:translate3d(-40px, 0, 0);transition:transform .35s ease-in-out}.wp-block-uagb-image--effect-slide .wp-block-uagb-image__figure:hover img,.wp-block-uagb-image--effect-slide .wp-block-uagb-image__figure:hover .wp-block-uagb-image--layout-overlay__color-wrapper{transform:translate3d(0, 0, 0)}.wp-block-uagb-image--effect-grayscale img{filter:grayscale(0%);transition:.35s ease-in-out}.wp-block-uagb-image--effect-grayscale:hover img{filter:grayscale(100%)}.wp-block-uagb-image--effect-blur img{filter:blur(0);transition:.35s ease-in-out}.wp-block-uagb-image--effect-blur:hover img{filter:blur(3px)}.uagb-block-e6f939b3.wp-block-uagb-image--layout-default figure img{box-shadow: 0px 0px 0 #00000070;}.uagb-block-e6f939b3.wp-block-uagb-image .wp-block-uagb-image__figure figcaption{font-style: normal;align-self: center;}.uagb-block-e6f939b3.wp-block-uagb-image--layout-overlay figure img{box-shadow: 0px 0px 0 #00000070;}.uagb-block-e6f939b3.wp-block-uagb-image--layout-overlay .wp-block-uagb-image--layout-overlay__color-wrapper{opacity: 0.2;}.uagb-block-e6f939b3.wp-block-uagb-image--layout-overlay .wp-block-uagb-image--layout-overlay__inner{left: 15px;right: 15px;top: 15px;bottom: 15px;}.uagb-block-e6f939b3.wp-block-uagb-image--layout-overlay .wp-block-uagb-image--layout-overlay__inner .uagb-image-heading{font-style: normal;color: #fff;opacity: 1;}.uagb-block-e6f939b3.wp-block-uagb-image--layout-overlay .wp-block-uagb-image--layout-overlay__inner .uagb-image-heading a{color: #fff;}.uagb-block-e6f939b3.wp-block-uagb-image--layout-overlay .wp-block-uagb-image--layout-overlay__inner .uagb-image-caption{opacity: 0;}.uagb-block-e6f939b3.wp-block-uagb-image--layout-overlay .wp-block-uagb-image__figure:hover .wp-block-uagb-image--layout-overlay__color-wrapper{opacity: 1;}.uagb-block-e6f939b3.wp-block-uagb-image .wp-block-uagb-image--layout-overlay__inner .uagb-image-separator{width: 30%;border-top-width: 2px;border-top-color: #fff;opacity: 0;}.uagb-block-e6f939b3.wp-block-uagb-image .wp-block-uagb-image__figure img{width: px;height: auto;}.uagb-block-e6f939b3.wp-block-uagb-image .wp-block-uagb-image__figure:hover .wp-block-uagb-image--layout-overlay__inner .uagb-image-caption{opacity: 1;}.uagb-block-e6f939b3.wp-block-uagb-image .wp-block-uagb-image__figure:hover .wp-block-uagb-image--layout-overlay__inner .uagb-image-separator{opacity: 1;}.uagb-block-e6f939b3.wp-block-uagb-image--layout-default figure:hover img{box-shadow: 0px 0px 0 #00000070;}.uagb-block-e6f939b3.wp-block-uagb-image--layout-overlay figure:hover img{box-shadow: 0px 0px 0 #00000070;}@media only screen and (max-width: 976px) {.uagb-block-e6f939b3.wp-block-uagb-image .wp-block-uagb-image__figure img{width: px;height: auto;}}@media only screen and (max-width: 767px) {.uagb-block-e6f939b3.wp-block-uagb-image .wp-block-uagb-image__figure img{width: px;height: auto;}}\";s:2:\"js\";s:0:\"\";s:18:\"current_block_list\";a:13:{i:0;s:11:\"core\/search\";i:1;s:10:\"core\/group\";i:2;s:12:\"core\/heading\";i:3;s:17:\"core\/latest-posts\";i:4;s:20:\"core\/latest-comments\";i:5;s:13:\"core\/archives\";i:6;s:15:\"core\/categories\";i:7;s:14:\"core\/paragraph\";i:8;s:10:\"uagb\/image\";i:9;s:11:\"core\/spacer\";i:10;s:30:\"woocommerce\/product-categories\";i:11;s:10:\"core\/image\";i:12;s:14:\"core\/shortcode\";}s:8:\"uag_flag\";b:1;s:11:\"uag_version\";s:10:\"1777101280\";s:6:\"gfonts\";a:0:{}s:10:\"gfonts_url\";s:0:\"\";s:12:\"gfonts_files\";a:0:{}s:14:\"uag_faq_layout\";b:0;}"]},"uagb_featured_image_src":{"full":["https:\/\/www.ferberpainting.com\/wp-content\/uploads\/2025\/05\/Sofa-Water-Repellent-5L.png",2560,2560,false],"thumbnail":["https:\/\/www.ferberpainting.com\/wp-content\/uploads\/2025\/05\/Sofa-Water-Repellent-5L-150x150.png",150,150,true],"medium":["https:\/\/www.ferberpainting.com\/wp-content\/uploads\/2025\/05\/Sofa-Water-Repellent-5L-300x300.png",300,300,true],"medium_large":["https:\/\/www.ferberpainting.com\/wp-content\/uploads\/2025\/05\/Sofa-Water-Repellent-5L-768x768.png",768,768,true],"large":["https:\/\/www.ferberpainting.com\/wp-content\/uploads\/2025\/05\/Sofa-Water-Repellent-5L-1024x1024.png",1024,1024,true],"1536x1536":["https:\/\/www.ferberpainting.com\/wp-content\/uploads\/2025\/05\/Sofa-Water-Repellent-5L-1536x1536.png",1536,1536,true],"2048x2048":["https:\/\/www.ferberpainting.com\/wp-content\/uploads\/2025\/05\/Sofa-Water-Repellent-5L-2048x2048.png",2048,2048,true],"trp-custom-language-flag":["https:\/\/www.ferberpainting.com\/wp-content\/uploads\/2025\/05\/Sofa-Water-Repellent-5L-12x12.png",12,12,true],"woocommerce_thumbnail":["https:\/\/www.ferberpainting.com\/wp-content\/uploads\/2025\/05\/Sofa-Water-Repellent-5L-300x300.png",300,300,true],"woocommerce_single":["https:\/\/www.ferberpainting.com\/wp-content\/uploads\/2025\/05\/Sofa-Water-Repellent-5L-600x600.png",600,600,true],"woocommerce_gallery_thumbnail":["https:\/\/www.ferberpainting.com\/wp-content\/uploads\/2025\/05\/Sofa-Water-Repellent-5L-100x100.png",100,100,true]},"uagb_author_info":{"display_name":"admin","author_link":"https:\/\/www.ferberpainting.com\/lv\/author\/"},"uagb_comment_info":11,"uagb_excerpt":"Effective Protection Against Moisture and Stains.\u00a0This sofa waterproofer is specially designed to provide long-lasting protection against humidity, stains, and spills on your fabric or leather furniture. It forms an invisible barrier that repels liquids and prevents dirt from settling, helping to preserve the appearance and texture of your sofa for longer. Whether it&#8217;s beverage, food,&hellip;","_links":{"self":[{"href":"https:\/\/www.ferberpainting.com\/lv\/wp-json\/wp\/v2\/product\/25314","targetHints":{"allow":["GET"]}}],"collection":[{"href":"https:\/\/www.ferberpainting.com\/lv\/wp-json\/wp\/v2\/product"}],"about":[{"href":"https:\/\/www.ferberpainting.com\/lv\/wp-json\/wp\/v2\/types\/product"}],"replies":[{"embeddable":true,"href":"https:\/\/www.ferberpainting.com\/lv\/wp-json\/wp\/v2\/comments?post=25314"}],"version-history":[{"count":3,"href":"https:\/\/www.ferberpainting.com\/lv\/wp-json\/wp\/v2\/product\/25314\/revisions"}],"predecessor-version":[{"id":167300,"href":"https:\/\/www.ferberpainting.com\/lv\/wp-json\/wp\/v2\/product\/25314\/revisions\/167300"}],"wp:featuredmedia":[{"embeddable":true,"href":"https:\/\/www.ferberpainting.com\/lv\/wp-json\/wp\/v2\/media\/35924"}],"wp:attachment":[{"href":"https:\/\/www.ferberpainting.com\/lv\/wp-json\/wp\/v2\/media?parent=25314"}],"wp:term":[{"taxonomy":"product_brand","embeddable":true,"href":"https:\/\/www.ferberpainting.com\/lv\/wp-json\/wp\/v2\/product_brand?post=25314"},{"taxonomy":"product_cat","embeddable":true,"href":"https:\/\/www.ferberpainting.com\/lv\/wp-json\/wp\/v2\/product_cat?post=25314"},{"taxonomy":"product_tag","embeddable":true,"href":"https:\/\/www.ferberpainting.com\/lv\/wp-json\/wp\/v2\/product_tag?post=25314"}],"curies":[{"name":"wp","href":"https:\/\/api.w.org\/{rel}","templated":true}]}}