{"id":25302,"date":"2025-05-26T10:30:36","date_gmt":"2025-05-26T08:30:36","guid":{"rendered":"https:\/\/www.ferberpainting.com\/products\/sink-and-basin-unblocker\/"},"modified":"2026-02-16T10:47:07","modified_gmt":"2026-02-16T09:47:07","slug":"sink-and-basin-unblocker","status":"publish","type":"product","link":"https:\/\/www.ferberpainting.com\/lv\/products\/sink-and-basin-unblocker\/","title":{"rendered":"Izliet\u0146u un izliet\u0146u atblo\u0137\u0113t\u0101js"},"content":{"rendered":"<p><strong><img decoding=\"async\" style=\"margin-right: 12px;\" src=\"https:\/\/www.ferberpainting.com\/wp-content\/uploads\/2026\/02\/Check.svg\" alt=\"\" width=\"18\" height=\"15\" \/>\u0100tra un efekt\u012bva sadz\u012bves aizs\u0113r\u0113jumu nov\u0113r\u0161ana.<\/strong>\u00a0\u0160is izliet\u0146u un izliet\u0146u atblo\u0137\u0113\u0161anas l\u012bdzeklis ir \u012bpa\u0161i izstr\u0101d\u0101ts, lai \u0101tri iz\u0161\u0137\u012bdin\u0101tu aizs\u0113r\u0113jumus, ko rada \u0113diena atliekas, tauki, ziepes, mati un citi cauru\u013cu aizs\u0113r\u0113jumi. Tas iedarbojas dzi\u013ci, lai atjaunotu vienm\u0113r\u012bgu pl\u016bsmu un nov\u0113rstu sliktas smakas, ko izraisa organisko vielu uzkr\u0101\u0161an\u0101s notekcaurul\u0113s.<\/p>\n<p><strong><img decoding=\"async\" style=\"margin-right: 12px;\" src=\"https:\/\/www.ferberpainting.com\/wp-content\/uploads\/2026\/02\/Check.svg\" alt=\"\" width=\"18\" height=\"15\" \/>Naudas atmaksas garantija.<\/strong>\u00a0M\u0113s esam piln\u012bb\u0101 p\u0101rliecin\u0101ti par m\u016bsu izliet\u0146u un izliet\u0146u atblo\u0137\u0113\u0161anas l\u012bdzek\u013ca efektivit\u0101ti, t\u0101p\u0113c pied\u0101v\u0101jam naudas atmaksas garantiju. Ja p\u0113c lieto\u0161anas saska\u0146\u0101 ar ieteikumiem produkts neatrisina j\u016bsu probl\u0113mu, j\u016bs varat piepras\u012bt naudas atmaksu bez nosac\u012bjumiem, nodro\u0161inot dro\u0161u un bezriska pirkumu.<\/p>\n<p><strong><img decoding=\"async\" style=\"margin-right: 12px;\" src=\"https:\/\/www.ferberpainting.com\/wp-content\/uploads\/2026\/02\/Check.svg\" alt=\"\" width=\"18\" height=\"15\" \/>Sader\u012bgs ar da\u017e\u0101da veida caurul\u0113m un materi\u0101liem.<\/strong>\u00a0\u0160is atblo\u0137\u0113t\u0101js ir piem\u0113rots caurul\u0113m, kas izgatavotas no PVC, \u010duguna, vara, ner\u016bs\u0113jo\u0161\u0101 t\u0113rauda un betona, un to var izmantot liel\u0101kaj\u0101 da\u013c\u0101 moderno un tradicion\u0101lo instal\u0101ciju. Tas ir sader\u012bgs ar\u012b ar septiskaj\u0101m tvertn\u0113m, ja tiek lietots ieteiktaj\u0101s dev\u0101s, nodro\u0161inot optim\u0101lu efektivit\u0101ti, nekait\u0113jot kanaliz\u0101cijas sist\u0113mas biolo\u0123iskajam l\u012bdzsvaram.<\/p>\n<p><strong><img decoding=\"async\" style=\"margin-right: 12px;\" src=\"https:\/\/www.ferberpainting.com\/wp-content\/uploads\/2026\/02\/Check.svg\" alt=\"\" width=\"18\" height=\"15\" \/>Ekonomisk\u0101 efektivit\u0101te un optimiz\u0113ta doz\u0113\u0161ana.<\/strong>\u00a0Pateicoties t\u0101 koncentr\u0113tajai formulai, ar 1 litru l\u012bdzek\u013ca var izt\u012br\u012bt l\u012bdz pat 4 aizs\u0113r\u0113jumus, nodro\u0161inot efekt\u012bvu un ekonomisku risin\u0101jumu ilgsto\u0161ai cauru\u013cu uztur\u0113\u0161anai. \u0160\u012b optimiz\u0113t\u0101 efektivit\u0101te samazina vajadz\u012bbu p\u0113c liela produkta daudzuma, pagarinot t\u0101 lieto\u0161anas ilgumu un samazinot uztur\u0113\u0161anas izmaksas.<\/p>\n<p><strong><img decoding=\"async\" style=\"margin-right: 12px;\" src=\"https:\/\/www.ferberpainting.com\/wp-content\/uploads\/2026\/02\/Check.svg\" alt=\"\" width=\"18\" height=\"15\" \/>Dro\u0161s produkts, kas atbilst sanit\u0101ro iek\u0101rtu pras\u012bb\u0101m.<\/strong>\u00a0At\u0161\u0137ir\u012bb\u0101 no agres\u012bvajiem tradicion\u0101lajiem atblo\u0137\u0113t\u0101jiem \u0161is produkts neboj\u0101 caurules vai bl\u012bves, nov\u0113r\u0161ot korozijas vai cauru\u013cu boj\u0101\u0161an\u0101s risku. Tas nodro\u0161ina efekt\u012bvu, bet saudz\u012bgu cauru\u013cu t\u012br\u012b\u0161anu, neradot priek\u0161laic\u012bgu iek\u0101rtu nodilumu.<\/p>\n<p><strong><img decoding=\"async\" style=\"margin-right: 12px;\" src=\"https:\/\/www.ferberpainting.com\/wp-content\/uploads\/2026\/02\/Check.svg\" alt=\"\" width=\"18\" height=\"15\" \/>Vienk\u0101r\u0161a lieto\u0161ana un t\u016bl\u012bt\u0113ja efektivit\u0101te.<\/strong>\u00a0\u0160is atblo\u0137\u0113t\u0101js ir gatavs lieto\u0161anai, un tam nav nepiecie\u0161ama \u012bpa\u0161a sagatavo\u0161ana. Vienk\u0101r\u0161i ielejiet to tie\u0161i aizs\u0113r\u0113ju\u0161aj\u0101 izlietn\u0113 vai izlietn\u0113 un \u013caujiet tam da\u017eas min\u016btes nost\u0101v\u0113ties, pirms r\u016bp\u012bgi izskalojiet. T\u0101 \u012bpa\u0161i \u0101tr\u0101 iedarb\u012bba efekt\u012bvi iz\u0161\u0137\u012bdina aizs\u0113r\u0113jumus 15 l\u012bdz 30 min\u016b\u0161u laik\u0101, t\u0101d\u0113j\u0101di nov\u0113r\u0161ot nepiecie\u0161am\u012bbu izmantot meh\u0101niskas metodes, piem\u0113ram, plungeru vai kanaliz\u0101cijas \u010d\u016bsku.<\/p>\n<p><strong><img decoding=\"async\" style=\"margin-right: 12px;\" src=\"https:\/\/www.ferberpainting.com\/wp-content\/uploads\/2026\/02\/Check.svg\" alt=\"\" width=\"18\" height=\"15\" \/>Ilgsto\u0161a iedarb\u012bba un profilakse pret aizsprostojumiem n\u0101kotn\u0113.<\/strong>\u00a0\u0160is l\u012bdzeklis ne tikai nov\u0113r\u0161 eso\u0161os aizs\u0113r\u0113jumus, bet ar\u012b nov\u0113r\u0161 jaunu aizs\u0113r\u0113jumu veido\u0161anos, pak\u0101peniski iz\u0161\u0137\u012bdinot uzkr\u0101tos atlikumus. Regul\u0101ra lieto\u0161ana pal\u012bdz samazin\u0101t jaunu aizsprostojumu ra\u0161anos un nodro\u0161ina optim\u0101lu cauru\u013cu darb\u012bbu ilgtermi\u0146\u0101.<\/p>\n<p><strong><img decoding=\"async\" style=\"margin-right: 12px;\" src=\"https:\/\/www.ferberpainting.com\/wp-content\/uploads\/2026\/02\/Check.svg\" alt=\"\" width=\"18\" height=\"15\" \/>T\u016bl\u012bt\u0113ja r\u012bc\u012bba, lai \u0101tri atjaunotu komfortu.<\/strong>\u00a0Uzkl\u0101jot \u0161o atblo\u0137\u0113t\u0101ju, tas s\u0101k \u0161\u0137\u012bdin\u0101t nogulsnes, kas izraisa aizsprostojumus, nodro\u0161inot vienm\u0113r\u012bgu dren\u0101\u017eu bez \u016bdens stagn\u0101cijas. P\u0113c vienk\u0101r\u0161as noskalo\u0161anas izlietne vai izlietne tiek atgriezta norm\u0101lai lieto\u0161anai, bez nepat\u012bkam\u0101m smak\u0101m un st\u0101vo\u0161a \u016bdens.<\/p>\n<h2><strong>Lieto\u0161anas protokols<\/strong><\/h2>\n<ul>\n<li><strong>Cauru\u013cu sagatavo\u0161ana <\/strong>: Pirms lieto\u0161anas p\u0101rliecinieties, vai ir p\u0113c iesp\u0113jas maz\u0101k st\u0101vo\u0161a \u016bdens, lai maksim\u0101li palielin\u0101tu l\u012bdzek\u013ca efektivit\u0101ti. Ja nepiecie\u0161ams, ar rok\u0101m no\u0146emiet redzamos gru\u017eus, piem\u0113ram, matu \u0137epas vai taukus.<\/li>\n<li><strong>Ieteicam\u0101s devas <\/strong>: Lai nov\u0113rstu aizsprostojumu, ielejiet 250 ml l\u012bdzek\u013ca tie\u0161i aizs\u0113r\u0113ju\u0161aj\u0101 notekcaurul\u0113. Ar 1 litru var izt\u012br\u012bt l\u012bdz 4 aizsprostojumiem. Ja aizsprostojums ir nopietn\u0101ks, p\u0113c pirm\u0101s iejauk\u0161an\u0101s var b\u016bt nepiecie\u0161ams veikt otru uzkl\u0101\u0161anu.<\/li>\n<li><strong>Atblo\u0137\u0113t\u0101ja lieto\u0161ana <\/strong>: L\u0113n\u0101m ielejiet l\u012bdzekli notekcaurul\u0113, uzreiz p\u0113c tam nepielejot \u016bdeni, lai nodro\u0161in\u0101tu optim\u0101lu iedarb\u012bbu.<\/li>\n<li><strong>R\u012bc\u012bbas laiks <\/strong>: Atkar\u012bb\u0101 no aizsprostojuma smaguma \u013caujiet tam iedarboties 15 l\u012bdz 30 min\u016btes. Ja aizsprostojumi ir \u012bpa\u0161i notur\u012bgi, pirms skalo\u0161anas \u013caujiet tam nost\u0101v\u0113ties l\u012bdz pat 1 stundai.<\/li>\n<li><strong>Skalo\u0161ana un pl\u016bsmas verifik\u0101cija <\/strong>: P\u0113c gaid\u012b\u0161anas perioda r\u016bp\u012bgi noskalojiet ar karstu \u016bdeni, lai no\u0146emtu iz\u0161\u0137\u012bdu\u0161os atlikumus un nodro\u0161in\u0101tu optim\u0101lu pl\u016bsmu. Nepiecie\u0161am\u012bbas gad\u012bjum\u0101 atk\u0101rtojiet procesu, ja aizsprostojumi ir ilgsto\u0161i.<\/li>\n<li><strong>Profilaktisk\u0101 apkope <\/strong>: Lai nov\u0113rstu jaunus aizs\u0113r\u0113jumus, reizi m\u0113nes\u012b lietojiet nelielu daudzumu l\u012bdzek\u013ca, lai pak\u0101peniski iz\u0161\u0137\u012bdin\u0101tu nogulsnes un uztur\u0113tu pareizu cauru\u013cu darb\u012bbu.<\/li>\n<li><strong>Lieto\u0161anas piesardz\u012bbas pas\u0101kumi <\/strong>: Nejaukt kop\u0101 ar citiem \u0137\u012bmiskiem produktiem, jo \u012bpa\u0161i atblo\u0137\u0113t\u0101jiem, kas satur kaustisko sodu vai s\u0113rsk\u0101bi. Izvair\u012bties no saskares ar \u0101du un ac\u012bm. Nejau\u0161as saskares gad\u012bjum\u0101 nekav\u0113joties noskalot ar t\u012bru \u016bdeni un, ja nepiecie\u0161ams, mekl\u0113t medic\u012bnisku pal\u012bdz\u012bbu.<\/li>\n<li><strong>Uzglab\u0101\u0161ana un konserv\u0113\u0161ana <\/strong>: Uzglab\u0101t produktu saus\u0101 un m\u0113ren\u0101 viet\u0101, b\u0113rniem nepieejam\u0101 viet\u0101 un b\u0113rniem nepieejam\u0101 viet\u0101. P\u0113c lieto\u0161anas pudeli vienm\u0113r cie\u0161i aizveriet, lai nov\u0113rstu \u0161\u0137\u012bduma iztvaiko\u0161anu vai izmain\u012b\u0161anos.<\/li>\n<\/ul>\n<p>Ar \u0161o izliet\u0146u un izliet\u0146u atblo\u0137\u0113\u0161anas ier\u012bci varat \u0101tri un efekt\u012bvi nov\u0113rst aizs\u0113r\u0113jumus, vienlaikus nodro\u0161inot optim\u0101lu sanit\u0101ro iek\u0101rtu apkopi. Baudiet ilgsto\u0161u komfortu, nodro\u0161inot vienm\u0113r\u012bgu \u016bdens pl\u016bsmu un nov\u0113r\u0161ot aizs\u0113r\u0113\u0161anas probl\u0113mas.<\/p>","protected":false},"excerpt":{"rendered":"<p>Fast and effective removal of household clogs.\u00a0This sink and washbasin unblocker is specially formulated to quickly dissolve clogs caused by food residues, grease, soap, hair, and other impurities that obstruct pipes. It works deeply to restore a smooth flow and prevent bad odors caused by the accumulation of organic matter in the drains. Money-back guarantee.\u00a0We [&hellip;]<\/p>\n","protected":false},"featured_media":27180,"comment_status":"open","ping_status":"closed","template":"","meta":{"_uag_custom_page_level_css":"","site-sidebar-layout":"default","site-content-layout":"","ast-site-content-layout":"default","site-content-style":"default","site-sidebar-style":"default","ast-global-header-display":"","ast-banner-title-visibility":"","ast-main-header-display":"","ast-hfb-above-header-display":"","ast-hfb-below-header-display":"","ast-hfb-mobile-header-display":"","site-post-title":"","ast-breadcrumbs-content":"","ast-featured-img":"","footer-sml-layout":"","ast-disable-related-posts":"","theme-transparent-header-meta":"default","adv-header-id-meta":"","stick-header-meta":"","header-above-stick-meta":"","header-main-stick-meta":"","header-below-stick-meta":"","astra-migrate-meta-layouts":"set","ast-page-background-enabled":"default","ast-page-background-meta":{"desktop":{"background-color":"var(--ast-global-color-4)","background-image":"","background-repeat":"repeat","background-position":"center center","background-size":"auto","background-attachment":"scroll","background-type":"","background-media":"","overlay-type":"","overlay-color":"","overlay-opacity":"","overlay-gradient":""},"tablet":{"background-color":"","background-image":"","background-repeat":"repeat","background-position":"center center","background-size":"auto","background-attachment":"scroll","background-type":"","background-media":"","overlay-type":"","overlay-color":"","overlay-opacity":"","overlay-gradient":""},"mobile":{"background-color":"","background-image":"","background-repeat":"repeat","background-position":"center center","background-size":"auto","background-attachment":"scroll","background-type":"","background-media":"","overlay-type":"","overlay-color":"","overlay-opacity":"","overlay-gradient":""}},"ast-content-background-meta":{"desktop":{"background-color":"var(--ast-global-color-5)","background-image":"","background-repeat":"repeat","background-position":"center center","background-size":"auto","background-attachment":"scroll","background-type":"","background-media":"","overlay-type":"","overlay-color":"","overlay-opacity":"","overlay-gradient":""},"tablet":{"background-color":"var(--ast-global-color-5)","background-image":"","background-repeat":"repeat","background-position":"center center","background-size":"auto","background-attachment":"scroll","background-type":"","background-media":"","overlay-type":"","overlay-color":"","overlay-opacity":"","overlay-gradient":""},"mobile":{"background-color":"var(--ast-global-color-5)","background-image":"","background-repeat":"repeat","background-position":"center center","background-size":"auto","background-attachment":"scroll","background-type":"","background-media":"","overlay-type":"","overlay-color":"","overlay-opacity":"","overlay-gradient":""}}},"product_brand":[],"product_cat":[175],"product_tag":[],"class_list":{"0":"post-25302","1":"product","2":"type-product","3":"status-publish","4":"has-post-thumbnail","6":"product_cat-cleaning-products","7":"desktop-align-left","8":"tablet-align-left","9":"mobile-align-left","11":"first","12":"instock","13":"sale","14":"taxable","15":"shipping-taxable","16":"purchasable","17":"product-type-variable","18":"has-default-attributes"},"spectra_custom_meta":{"_visibility":["visible"],"_shopify_product_id":["9062247071989"],"_s2w_shopify_domain":["ferberpainting.myshopify.com"],"_shopify_variant_id":["46488605524213"],"_sku":[""],"_manage_stock":["no"],"total_sales":["3"],"_tax_status":["taxable"],"_tax_class":[""],"_backorders":["no"],"_sold_individually":["no"],"_virtual":["no"],"_downloadable":["no"],"_download_limit":["-1"],"_download_expiry":["-1"],"_stock":[null],"_stock_status":["instock"],"_wc_average_rating":["4.71"],"_wc_review_count":["7"],"_product_attributes":["a:1:{s:6:\"volume\";a:6:{s:4:\"name\";s:6:\"Volume\";s:5:\"value\";s:20:\"5 liters | 25 liters\";s:8:\"position\";i:1;s:10:\"is_visible\";i:0;s:12:\"is_variation\";i:1;s:11:\"is_taxonomy\";i:0;}}"],"_product_version":["10.5.1"],"_thumbnail_id":["27180"],"_product_image_gallery":["27181"],"wpse_downloadable_file_names":[""],"wpse_downloadable_file_urls":[""],"_edit_last":["1"],"_default_attributes":["a:1:{s:6:\"volume\";s:8:\"5 liters\";}"],"_edit_lock":["1771235089:1"],"_price":["29.90","129.90"],"merchant-center-availability":["yes"],"merchant-center-category":["1749"],"_wp_page_template":["default"],"site-sidebar-layout":["default"],"ast-site-content-layout":["default"],"site-content-style":["default"],"site-sidebar-style":["default"],"theme-transparent-header-meta":["default"],"_wc_rating_count":["a:2:{i:4;i:2;i:5;i:5;}"],"astra-migrate-meta-layouts":["set"],"_uag_css_file_name":["uag-css-25302.css"],"_elementor_page_assets":["a:0:{}"],"_uag_page_assets":["a:9:{s:3:\"css\";s:7133:\".uag-blocks-common-selector{z-index:var(--z-index-desktop) !important}@media(max-width: 976px){.uag-blocks-common-selector{z-index:var(--z-index-tablet) !important}}@media(max-width: 767px){.uag-blocks-common-selector{z-index:var(--z-index-mobile) !important}}.wp-block-uagb-image{display:flex}.wp-block-uagb-image__figure{position:relative;display:flex;flex-direction:column;max-width:100%;height:auto;margin:0}.wp-block-uagb-image__figure img{height:auto;display:flex;max-width:100%;transition:box-shadow .2s ease}.wp-block-uagb-image__figure>a{display:inline-block}.wp-block-uagb-image__figure figcaption{text-align:center;margin-top:.5em;margin-bottom:1em}.wp-block-uagb-image .components-placeholder.block-editor-media-placeholder .components-placeholder__instructions{align-self:center}.wp-block-uagb-image--align-left{text-align:left}.wp-block-uagb-image--align-right{text-align:right}.wp-block-uagb-image--align-center{text-align:center}.wp-block-uagb-image--align-full .wp-block-uagb-image__figure{margin-left:calc(50% - 50vw);margin-right:calc(50% - 50vw);max-width:100vw;width:100vw;height:auto}.wp-block-uagb-image--align-full .wp-block-uagb-image__figure img{height:auto;width:100% !important}.wp-block-uagb-image--align-wide .wp-block-uagb-image__figure img{height:auto;width:100%}.wp-block-uagb-image--layout-overlay__color-wrapper{position:absolute;left:0;top:0;right:0;bottom:0;opacity:.2;background:rgba(0,0,0,.5);transition:opacity .35s ease-in-out}.wp-block-uagb-image--layout-overlay-link{position:absolute;left:0;right:0;bottom:0;top:0}.wp-block-uagb-image--layout-overlay .wp-block-uagb-image__figure:hover .wp-block-uagb-image--layout-overlay__color-wrapper{opacity:1}.wp-block-uagb-image--layout-overlay__inner{position:absolute;left:15px;right:15px;bottom:15px;top:15px;display:flex;align-items:center;justify-content:center;flex-direction:column;border-color:#fff;transition:.35s ease-in-out}.wp-block-uagb-image--layout-overlay__inner.top-left,.wp-block-uagb-image--layout-overlay__inner.top-center,.wp-block-uagb-image--layout-overlay__inner.top-right{justify-content:flex-start}.wp-block-uagb-image--layout-overlay__inner.bottom-left,.wp-block-uagb-image--layout-overlay__inner.bottom-center,.wp-block-uagb-image--layout-overlay__inner.bottom-right{justify-content:flex-end}.wp-block-uagb-image--layout-overlay__inner.top-left,.wp-block-uagb-image--layout-overlay__inner.center-left,.wp-block-uagb-image--layout-overlay__inner.bottom-left{align-items:flex-start}.wp-block-uagb-image--layout-overlay__inner.top-right,.wp-block-uagb-image--layout-overlay__inner.center-right,.wp-block-uagb-image--layout-overlay__inner.bottom-right{align-items:flex-end}.wp-block-uagb-image--layout-overlay__inner .uagb-image-heading{color:#fff;transition:transform .35s,opacity .35s ease-in-out;transform:translate3d(0, 24px, 0);margin:0;line-height:1em}.wp-block-uagb-image--layout-overlay__inner .uagb-image-separator{width:30%;border-top-width:2px;border-top-color:#fff;border-top-style:solid;margin-bottom:10px;opacity:0;transition:transform .4s,opacity .4s ease-in-out;transform:translate3d(0, 30px, 0)}.wp-block-uagb-image--layout-overlay__inner .uagb-image-caption{opacity:0;overflow:visible;color:#fff;transition:transform .45s,opacity .45s ease-in-out;transform:translate3d(0, 35px, 0)}.wp-block-uagb-image--layout-overlay__inner:hover .uagb-image-heading,.wp-block-uagb-image--layout-overlay__inner:hover .uagb-image-separator,.wp-block-uagb-image--layout-overlay__inner:hover .uagb-image-caption{opacity:1;transform:translate3d(0, 0, 0)}.wp-block-uagb-image--effect-zoomin .wp-block-uagb-image__figure img,.wp-block-uagb-image--effect-zoomin .wp-block-uagb-image__figure .wp-block-uagb-image--layout-overlay__color-wrapper{transform:scale(1);transition:transform .35s ease-in-out}.wp-block-uagb-image--effect-zoomin .wp-block-uagb-image__figure:hover img,.wp-block-uagb-image--effect-zoomin .wp-block-uagb-image__figure:hover .wp-block-uagb-image--layout-overlay__color-wrapper{transform:scale(1.05)}.wp-block-uagb-image--effect-slide .wp-block-uagb-image__figure img,.wp-block-uagb-image--effect-slide .wp-block-uagb-image__figure .wp-block-uagb-image--layout-overlay__color-wrapper{width:calc(100% + 40px) !important;max-width:none !important;transform:translate3d(-40px, 0, 0);transition:transform .35s ease-in-out}.wp-block-uagb-image--effect-slide .wp-block-uagb-image__figure:hover img,.wp-block-uagb-image--effect-slide .wp-block-uagb-image__figure:hover .wp-block-uagb-image--layout-overlay__color-wrapper{transform:translate3d(0, 0, 0)}.wp-block-uagb-image--effect-grayscale img{filter:grayscale(0%);transition:.35s ease-in-out}.wp-block-uagb-image--effect-grayscale:hover img{filter:grayscale(100%)}.wp-block-uagb-image--effect-blur img{filter:blur(0);transition:.35s ease-in-out}.wp-block-uagb-image--effect-blur:hover img{filter:blur(3px)}.uagb-block-e6f939b3.wp-block-uagb-image--layout-default figure img{box-shadow: 0px 0px 0 #00000070;}.uagb-block-e6f939b3.wp-block-uagb-image .wp-block-uagb-image__figure figcaption{font-style: normal;align-self: center;}.uagb-block-e6f939b3.wp-block-uagb-image--layout-overlay figure img{box-shadow: 0px 0px 0 #00000070;}.uagb-block-e6f939b3.wp-block-uagb-image--layout-overlay .wp-block-uagb-image--layout-overlay__color-wrapper{opacity: 0.2;}.uagb-block-e6f939b3.wp-block-uagb-image--layout-overlay .wp-block-uagb-image--layout-overlay__inner{left: 15px;right: 15px;top: 15px;bottom: 15px;}.uagb-block-e6f939b3.wp-block-uagb-image--layout-overlay .wp-block-uagb-image--layout-overlay__inner .uagb-image-heading{font-style: normal;color: #fff;opacity: 1;}.uagb-block-e6f939b3.wp-block-uagb-image--layout-overlay .wp-block-uagb-image--layout-overlay__inner .uagb-image-heading a{color: #fff;}.uagb-block-e6f939b3.wp-block-uagb-image--layout-overlay .wp-block-uagb-image--layout-overlay__inner .uagb-image-caption{opacity: 0;}.uagb-block-e6f939b3.wp-block-uagb-image--layout-overlay .wp-block-uagb-image__figure:hover .wp-block-uagb-image--layout-overlay__color-wrapper{opacity: 1;}.uagb-block-e6f939b3.wp-block-uagb-image .wp-block-uagb-image--layout-overlay__inner .uagb-image-separator{width: 30%;border-top-width: 2px;border-top-color: #fff;opacity: 0;}.uagb-block-e6f939b3.wp-block-uagb-image .wp-block-uagb-image__figure img{width: px;height: auto;}.uagb-block-e6f939b3.wp-block-uagb-image .wp-block-uagb-image__figure:hover .wp-block-uagb-image--layout-overlay__inner .uagb-image-caption{opacity: 1;}.uagb-block-e6f939b3.wp-block-uagb-image .wp-block-uagb-image__figure:hover .wp-block-uagb-image--layout-overlay__inner .uagb-image-separator{opacity: 1;}.uagb-block-e6f939b3.wp-block-uagb-image--layout-default figure:hover img{box-shadow: 0px 0px 0 #00000070;}.uagb-block-e6f939b3.wp-block-uagb-image--layout-overlay figure:hover img{box-shadow: 0px 0px 0 #00000070;}@media only screen and (max-width: 976px) {.uagb-block-e6f939b3.wp-block-uagb-image .wp-block-uagb-image__figure img{width: px;height: auto;}}@media only screen and (max-width: 767px) {.uagb-block-e6f939b3.wp-block-uagb-image .wp-block-uagb-image__figure img{width: px;height: auto;}}\";s:2:\"js\";s:0:\"\";s:18:\"current_block_list\";a:13:{i:0;s:11:\"core\/search\";i:1;s:10:\"core\/group\";i:2;s:12:\"core\/heading\";i:3;s:17:\"core\/latest-posts\";i:4;s:20:\"core\/latest-comments\";i:5;s:13:\"core\/archives\";i:6;s:15:\"core\/categories\";i:7;s:14:\"core\/paragraph\";i:8;s:10:\"uagb\/image\";i:9;s:11:\"core\/spacer\";i:10;s:30:\"woocommerce\/product-categories\";i:11;s:10:\"core\/image\";i:12;s:14:\"core\/shortcode\";}s:8:\"uag_flag\";b:1;s:11:\"uag_version\";s:10:\"1777363564\";s:6:\"gfonts\";a:0:{}s:10:\"gfonts_url\";s:0:\"\";s:12:\"gfonts_files\";a:0:{}s:14:\"uag_faq_layout\";b:0;}"]},"uagb_featured_image_src":{"full":["https:\/\/www.ferberpainting.com\/wp-content\/uploads\/2025\/05\/SinkandBasinUnblocker5L.png",2560,2560,false],"thumbnail":["https:\/\/www.ferberpainting.com\/wp-content\/uploads\/2025\/05\/SinkandBasinUnblocker5L-150x150.png",150,150,true],"medium":["https:\/\/www.ferberpainting.com\/wp-content\/uploads\/2025\/05\/SinkandBasinUnblocker5L-300x300.png",300,300,true],"medium_large":["https:\/\/www.ferberpainting.com\/wp-content\/uploads\/2025\/05\/SinkandBasinUnblocker5L-768x768.png",768,768,true],"large":["https:\/\/www.ferberpainting.com\/wp-content\/uploads\/2025\/05\/SinkandBasinUnblocker5L-1024x1024.png",1024,1024,true],"1536x1536":["https:\/\/www.ferberpainting.com\/wp-content\/uploads\/2025\/05\/SinkandBasinUnblocker5L-1536x1536.png",1536,1536,true],"2048x2048":["https:\/\/www.ferberpainting.com\/wp-content\/uploads\/2025\/05\/SinkandBasinUnblocker5L-2048x2048.png",2048,2048,true],"trp-custom-language-flag":["https:\/\/www.ferberpainting.com\/wp-content\/uploads\/2025\/05\/SinkandBasinUnblocker5L-12x12.png",12,12,true],"woocommerce_thumbnail":["https:\/\/www.ferberpainting.com\/wp-content\/uploads\/2025\/05\/SinkandBasinUnblocker5L-300x300.png",300,300,true],"woocommerce_single":["https:\/\/www.ferberpainting.com\/wp-content\/uploads\/2025\/05\/SinkandBasinUnblocker5L-600x600.png",600,600,true],"woocommerce_gallery_thumbnail":["https:\/\/www.ferberpainting.com\/wp-content\/uploads\/2025\/05\/SinkandBasinUnblocker5L-100x100.png",100,100,true]},"uagb_author_info":{"display_name":"admin","author_link":"https:\/\/www.ferberpainting.com\/lv\/author\/"},"uagb_comment_info":7,"uagb_excerpt":"Fast and effective removal of household clogs.\u00a0This sink and washbasin unblocker is specially formulated to quickly dissolve clogs caused by food residues, grease, soap, hair, and other impurities that obstruct pipes. It works deeply to restore a smooth flow and prevent bad odors caused by the accumulation of organic matter in the drains. Money-back guarantee.\u00a0We&hellip;","_links":{"self":[{"href":"https:\/\/www.ferberpainting.com\/lv\/wp-json\/wp\/v2\/product\/25302","targetHints":{"allow":["GET"]}}],"collection":[{"href":"https:\/\/www.ferberpainting.com\/lv\/wp-json\/wp\/v2\/product"}],"about":[{"href":"https:\/\/www.ferberpainting.com\/lv\/wp-json\/wp\/v2\/types\/product"}],"replies":[{"embeddable":true,"href":"https:\/\/www.ferberpainting.com\/lv\/wp-json\/wp\/v2\/comments?post=25302"}],"version-history":[{"count":3,"href":"https:\/\/www.ferberpainting.com\/lv\/wp-json\/wp\/v2\/product\/25302\/revisions"}],"predecessor-version":[{"id":167291,"href":"https:\/\/www.ferberpainting.com\/lv\/wp-json\/wp\/v2\/product\/25302\/revisions\/167291"}],"wp:featuredmedia":[{"embeddable":true,"href":"https:\/\/www.ferberpainting.com\/lv\/wp-json\/wp\/v2\/media\/27180"}],"wp:attachment":[{"href":"https:\/\/www.ferberpainting.com\/lv\/wp-json\/wp\/v2\/media?parent=25302"}],"wp:term":[{"taxonomy":"product_brand","embeddable":true,"href":"https:\/\/www.ferberpainting.com\/lv\/wp-json\/wp\/v2\/product_brand?post=25302"},{"taxonomy":"product_cat","embeddable":true,"href":"https:\/\/www.ferberpainting.com\/lv\/wp-json\/wp\/v2\/product_cat?post=25302"},{"taxonomy":"product_tag","embeddable":true,"href":"https:\/\/www.ferberpainting.com\/lv\/wp-json\/wp\/v2\/product_tag?post=25302"}],"curies":[{"name":"wp","href":"https:\/\/api.w.org\/{rel}","templated":true}]}}