{"id":25296,"date":"2025-06-30T21:38:54","date_gmt":"2025-06-30T19:38:54","guid":{"rendered":"https:\/\/www.ferberpainting.com\/?post_type=product&#038;p=25296"},"modified":"2026-02-16T10:42:42","modified_gmt":"2026-02-16T09:42:42","slug":"shower-and-bathroom-water-repellent","status":"publish","type":"product","link":"https:\/\/www.ferberpainting.com\/lv\/products\/shower-and-bathroom-water-repellent\/","title":{"rendered":"\u016adeni atgr\u016bdo\u0161s l\u012bdzeklis du\u0161\u0101m un vannas istab\u0101m"},"content":{"rendered":"<p><strong><img decoding=\"async\" style=\"margin-right: 12px;\" src=\"https:\/\/www.ferberpainting.com\/wp-content\/uploads\/2026\/02\/Check.svg\" alt=\"\" width=\"18\" height=\"15\" \/>Ilgnotur\u012bga aizsardz\u012bba pret mitrumu.<\/strong>\u00a0Vannas istabas un du\u0161as \u016bdensnecaurlaid\u012bgais p\u0101rkl\u0101jums ir \u012bpa\u0161i izstr\u0101d\u0101ts, lai nodro\u0161in\u0101tu optim\u0101lu aizsardz\u012bbu pret mitrumu, pel\u0113jumu un \u016bdens \u0161\u013cakat\u0101m. T\u0101 uzkl\u0101\u0161ana uz virsm\u0101m rada neredzamu, bet \u013coti efekt\u012bvu barjeru, kas ne\u013cauj \u016bdenim iek\u013c\u016bt materi\u0101los, vienlaikus \u013caujot virsmai elpot. \u0160is produkts efekt\u012bvi aizsarg\u0101 sienas, gr\u012bdas un \u0161uves past\u0101v\u012bgi mitr\u0101 vid\u0113, piem\u0113ram, vannas istab\u0101s un du\u0161\u0101s.<\/p>\n<p><strong><img decoding=\"async\" style=\"margin-right: 12px;\" src=\"https:\/\/www.ferberpainting.com\/wp-content\/uploads\/2026\/02\/Check.svg\" alt=\"\" width=\"18\" height=\"15\" \/>Naudas atmaksas garantija.<\/strong>\u00a0M\u0113s esam p\u0101rliecin\u0101ti par m\u016bsu vannas istabas un du\u0161as \u016bdensnecaurlaid\u012bg\u0101 l\u012bdzek\u013ca efektivit\u0101ti. T\u0101p\u0113c m\u0113s pied\u0101v\u0101jam apmierin\u0101t\u012bbas vai naudas atmaksas garantiju. Ja k\u0101da iemesla d\u0113\u013c neesat piln\u012bb\u0101 apmierin\u0101ts ar produktu, varat piepras\u012bt pilnu naudas atmaksu. \u0160\u012b garantija \u013cauj jums mier\u012bgi izm\u0113\u0123in\u0101t m\u016bsu produktu un bez riska izmantot t\u0101 priek\u0161roc\u012bbas.<\/p>\n<p><strong><img decoding=\"async\" style=\"margin-right: 12px;\" src=\"https:\/\/www.ferberpainting.com\/wp-content\/uploads\/2026\/02\/Check.svg\" alt=\"\" width=\"18\" height=\"15\" \/>Daudzfunkcion\u0101ls.<\/strong>\u00a0\u0160is izstr\u0101d\u0101jums ir piem\u0113rots ne tikai klasisk\u0101m vannas istabas un du\u0161as virsm\u0101m, piem\u0113ram, fl\u012bz\u0113m, bet ar\u012b da\u017e\u0101diem materi\u0101liem, piem\u0113ram, betonam, cementam, akmenim, marmoram, \u0123ip\u0161am, kokam un citiem. \u0160\u012b daudzpus\u012bba \u013cauj apstr\u0101d\u0101t visda\u017e\u0101d\u0101k\u0101s virsmas vannas istab\u0101 un mitr\u0101s telp\u0101s. Neatkar\u012bgi no t\u0101, vai t\u0101 ir gr\u012bda vai \u0161uves, \u016bdensnecaurlaid\u012bgais l\u012bdzeklis nodro\u0161ina efekt\u012bvu aizsardz\u012bbu pret mitrumu un traipiem. Tas padara to par pilnv\u0113rt\u012bgu risin\u0101jumu j\u016bsu virsmu saglab\u0101\u0161anai.<\/p>\n<p><strong><img decoding=\"async\" style=\"margin-right: 12px;\" src=\"https:\/\/www.ferberpainting.com\/wp-content\/uploads\/2026\/02\/Check.svg\" alt=\"\" width=\"18\" height=\"15\" \/>Rentabilit\u0101te.<\/strong>\u00a0Vannas istabas un du\u0161as \u016bdensnecaurlaid\u012bgais p\u0101rkl\u0101jums ir \u013coti ekonomisks produkts. Vid\u0113ji ar 1 litru produkta var nosegt no 6 l\u012bdz 8 m\u00b2. Ar 5 litru iepakojumu var apstr\u0101d\u0101t aptuveni 30 l\u012bdz 40 m\u00b2 virsmas. \u0160\u0101ds augsts p\u0101rkl\u0101jums noz\u012bm\u0113, ka j\u016bs varat apstr\u0101d\u0101t lielu plat\u012bbu ar sal\u012bdzino\u0161i nelielu produkta daudzumu, padarot \u0161o \u016bdensnecaurlaid\u012bgo l\u012bdzekli par ekonomisku izv\u0113li visai m\u0101jai.<\/p>\n<p><strong><img decoding=\"async\" style=\"margin-right: 12px;\" src=\"https:\/\/www.ferberpainting.com\/wp-content\/uploads\/2026\/02\/Check.svg\" alt=\"\" width=\"18\" height=\"15\" \/>Dro\u0161a lieto\u0161ana.<\/strong>\u00a0Izgatavots no netoksisk\u0101m sast\u0101vda\u013c\u0101m, vannas istabas un du\u0161as \u016bdensnecaurlaid\u012bgais l\u012bdzeklis ir videi draudz\u012bgs un dro\u0161s j\u016bsu vesel\u012bbai. At\u0161\u0137ir\u012bb\u0101 no da\u017eiem stingr\u0101kiem aizsardz\u012bbas l\u012bdzek\u013ciem tas nesatur kod\u012bgus vai kairino\u0161us \u0161\u0137\u012bdin\u0101t\u0101jus. Tom\u0113r, lai nodro\u0161in\u0101tu komfortu un dro\u0161\u012bbu, lieto\u0161anas laik\u0101 vienm\u0113r ieteicams valk\u0101t cimdus un labi v\u0113din\u0101t telpu.<\/p>\n<p><strong><img decoding=\"async\" style=\"margin-right: 12px;\" src=\"https:\/\/www.ferberpainting.com\/wp-content\/uploads\/2026\/02\/Check.svg\" alt=\"\" width=\"18\" height=\"15\" \/>Lieto\u0161anas \u0113rtums.<\/strong>\u00a0Vannas istabas un du\u0161as \u016bdensnecaurlaid\u012bgo p\u0101rkl\u0101jumu ir \u013coti viegli uzkl\u0101t. Tas ir gatavs lieto\u0161anai, un to nav nepiecie\u0161ams at\u0161\u0137aid\u012bt. Vienk\u0101r\u0161i uzkl\u0101jiet produktu tie\u0161i uz t\u012bras, sausas virsmas, izmantojot smidzin\u0101t\u0101ju, otu vai rull\u012bti. Tas \u0101tri un vienm\u0113r\u012bgi ies\u016bcas, izveidojot aizsargsl\u0101ni, neatst\u0101jot redzamas p\u0113das vai atlikumus. Lai to lietotu, nav nepiecie\u0161amas \u012bpa\u0161as iema\u0146as, t\u0101p\u0113c tas ir ide\u0101li piem\u0113rots visu l\u012bme\u0146u m\u0101jra\u017eot\u0101jiem.<\/p>\n<p><strong><img decoding=\"async\" style=\"margin-right: 12px;\" src=\"https:\/\/www.ferberpainting.com\/wp-content\/uploads\/2026\/02\/Check.svg\" alt=\"\" width=\"18\" height=\"15\" \/>Iztur\u012bba.<\/strong>\u00a0\u0160is produkts garant\u0113 ilgsto\u0161u aizsardz\u012bbu. P\u0113c uzkl\u0101\u0161anas \u016bdensnecaurlaid\u012bgais l\u012bdzeklis veido neredzamu sl\u0101ni, kas pasarg\u0101 j\u016bsu virsmas no mitruma, \u016bdens \u0161\u013cakat\u0101m un pel\u0113juma. Tas var kalpot vair\u0101kus gadus atkar\u012bb\u0101 no mitruma l\u012bme\u0146a telp\u0101. Vannas istabas un du\u0161as \u016bdensnecaurlaid\u012bgais p\u0101rkl\u0101jums iztur skarbus mitruma apst\u0101k\u013cus un laika gait\u0101 saglab\u0101 savu efektivit\u0101ti, pal\u012bdzot jums izvair\u012bties no bie\u017eas atk\u0101rtotas uzkl\u0101\u0161anas.<\/p>\n<p><strong><img decoding=\"async\" style=\"margin-right: 12px;\" src=\"https:\/\/www.ferberpainting.com\/wp-content\/uploads\/2026\/02\/Check.svg\" alt=\"\" width=\"18\" height=\"15\" \/>\u0100tri \u017e\u016bsto\u0161s.<\/strong>\u00a0Vannas istabas un du\u0161as \u016bdensnecaurlaid\u012bgais p\u0101rkl\u0101jums \u0101tri no\u017e\u016bst. \u017d\u016b\u0161anas laiks l\u012bdz piesk\u0101rienam ir aptuveni 1 l\u012bdz 2 stundas, kas l\u012bdz minimumam samazina gaid\u012b\u0161anas laiku pirms telpas izmanto\u0161anas. Optim\u0101lai aizsardz\u012bbai ieteicams \u013caut produktam piln\u012bb\u0101 no\u017e\u016bt 24 stundas, pirms tas tiek pak\u013cauts mitruma iedarb\u012bbai. \u0160is \u0101trais \u017e\u016b\u0161anas laiks \u013cauj \u0101tr\u0101k izmantot aizsarg\u0101t\u0101s telpas, vienlaikus g\u016bstot labumu no ilgnotur\u012bgas aizsardz\u012bbas.<\/p>\n<h2><strong>Lieto\u0161anas protokols<\/strong><\/h2>\n<ul>\n<li><strong>Virsmas sagatavo\u0161ana <\/strong>: Pirms \u016bdensnecaurlaid\u012bg\u0101 l\u012bdzek\u013ca uzkl\u0101\u0161anas p\u0101rliecinieties, ka virsmas ir t\u012bras, sausas un uz t\u0101m nav net\u012brumu, tauku vai pel\u0113juma. Not\u012briet fl\u012bzes, \u0161uves un citas vietas, izmantojot piem\u0113rotu l\u012bdzekli, p\u0113c tam labi noskalojiet ar t\u012bru \u016bdeni. Pirms \u016bdensnecaurlaid\u012bg\u0101 l\u012bdzek\u013ca uzkl\u0101\u0161anas p\u0101rliecinieties, ka virsma ir piln\u012bgi sausa, lai nodro\u0161in\u0101tu pareizu sa\u0137eri.<\/li>\n<li><strong>Produkta pielietojums <\/strong>: Mitrin\u0101t\u0101js ir gatavs lieto\u0161anai. To var uzkl\u0101t ar smidzin\u0101t\u0101ju, otu vai rull\u012bti. Lai nodro\u0161in\u0101tu vienm\u0113r\u012bgu uzkl\u0101\u0161anu, izsmidziniet vai uzkl\u0101jiet uz virsm\u0101m pl\u0101nu, vienm\u0113r\u012bgu produkta k\u0101rtu, koncentr\u0113joties uz \u0161uv\u0113m un viet\u0101m, kas visvair\u0101k pak\u013cautas mitruma iedarb\u012bbai. \u013baujiet produktam ies\u016bkties materi\u0101los, nep\u0101rslogojot tos.<\/li>\n<li><strong>Izmantojam\u0101 summa <\/strong>: Vid\u0113ji 1 litrs \u016bdensnecaurlaid\u012bg\u0101 l\u012bdzek\u013ca sedz no 6 l\u012bdz 8 m\u00b2. Ar 5 litru iepakojumu var apstr\u0101d\u0101t aptuveni 30 l\u012bdz 40 m\u00b2 virsmas. Tas noz\u012bm\u0113, ka ar sal\u012bdzino\u0161i nelielu produkta daudzumu var apstr\u0101d\u0101t visu vannas istabu. \u012apa\u0161i porain\u0101m virsm\u0101m var uzkl\u0101t otru k\u0101rtu, lai pastiprin\u0101tu aizsardz\u012bbu.<\/li>\n<li><strong>\u017d\u0101v\u0113\u0161anas laiks <\/strong>: P\u0113c uzkl\u0101\u0161anas \u013caujiet produktam no\u017e\u016bt aptuveni 1 l\u012bdz 2 stundas. Tom\u0113r, lai pan\u0101ktu maksim\u0101lu efektivit\u0101ti un izvair\u012btos no saskares ar mitrumu, ieteicams \u013caut produktam piln\u012bb\u0101 no\u017e\u016bt 24 stundas. \u0160aj\u0101 laik\u0101 izvairieties no virsmas pak\u013cau\u0161anas mitruma iedarb\u012bbai, lai nodro\u0161in\u0101tu pareizu aizsargsl\u0101\u0146a sa\u0137eri.<\/li>\n<li><strong>Atk\u0101rtota pieteik\u0161an\u0101s <\/strong>: Atkar\u012bb\u0101 no lieto\u0161anas veida un mitruma l\u012bme\u0146a vannas istab\u0101 vai du\u0161\u0101, lai saglab\u0101tu aizsardz\u012bbu, \u016bdensnecaurlaid\u012bgo p\u0101rkl\u0101jumu var b\u016bt nepiecie\u0161ams atk\u0101rtoti uzkl\u0101t ik p\u0113c 2 l\u012bdz 5 gadiem. Lai to izdar\u012btu, not\u012briet virsmu un uzkl\u0101jiet jaunu \u016bdensnecaurlaid\u012bg\u0101 l\u012bdzek\u013ca k\u0101rtu, iev\u0113rojot tos pa\u0161us so\u013cus k\u0101 s\u0101kotn\u0113j\u0101 uzkl\u0101\u0161anas reiz\u0113.<\/li>\n<li><strong>Uztur\u0113\u0161ana <\/strong>: P\u0113c tam, kad ir uzkl\u0101ts \u016bdensnecaurlaid\u012bgais p\u0101rkl\u0101jums, apstr\u0101d\u0101to virsmu uztur\u0113\u0161ana k\u013c\u016bst daudz vienk\u0101r\u0161\u0101ka. Vienk\u0101r\u0161i not\u012briet t\u0101s, izmantojot mitru dr\u0101nu vai s\u016bkli, izvairoties no abraz\u012bviem l\u012bdzek\u013ciem, kas var\u0113tu saboj\u0101t aizsardz\u012bbu. Lai saglab\u0101tu impregn\u0113t\u0101ja efektivit\u0101ti, uz apstr\u0101d\u0101taj\u0101m virsm\u0101m nelietojiet augstspiediena t\u012br\u012b\u0161anas l\u012bdzek\u013cus.<\/li>\n<\/ul>","protected":false},"excerpt":{"rendered":"<p>Long-lasting protection against humidity.\u00a0The bathroom and shower waterproofer is specially formulated to provide optimal protection against humidity, mold, and water splashes. Its application creates an invisible yet highly effective barrier on surfaces, preventing water from penetrating the materials while allowing the surface to breathe. This product effectively protects your walls, floors, and joints in constantly [&hellip;]<\/p>\n","protected":false},"featured_media":35973,"comment_status":"open","ping_status":"closed","template":"","meta":{"_uag_custom_page_level_css":"","site-sidebar-layout":"default","site-content-layout":"","ast-site-content-layout":"default","site-content-style":"default","site-sidebar-style":"default","ast-global-header-display":"","ast-banner-title-visibility":"","ast-main-header-display":"","ast-hfb-above-header-display":"","ast-hfb-below-header-display":"","ast-hfb-mobile-header-display":"","site-post-title":"","ast-breadcrumbs-content":"","ast-featured-img":"","footer-sml-layout":"","ast-disable-related-posts":"","theme-transparent-header-meta":"default","adv-header-id-meta":"","stick-header-meta":"","header-above-stick-meta":"","header-main-stick-meta":"","header-below-stick-meta":"","astra-migrate-meta-layouts":"set","ast-page-background-enabled":"default","ast-page-background-meta":{"desktop":{"background-color":"var(--ast-global-color-4)","background-image":"","background-repeat":"repeat","background-position":"center center","background-size":"auto","background-attachment":"scroll","background-type":"","background-media":"","overlay-type":"","overlay-color":"","overlay-opacity":"","overlay-gradient":""},"tablet":{"background-color":"","background-image":"","background-repeat":"repeat","background-position":"center center","background-size":"auto","background-attachment":"scroll","background-type":"","background-media":"","overlay-type":"","overlay-color":"","overlay-opacity":"","overlay-gradient":""},"mobile":{"background-color":"","background-image":"","background-repeat":"repeat","background-position":"center center","background-size":"auto","background-attachment":"scroll","background-type":"","background-media":"","overlay-type":"","overlay-color":"","overlay-opacity":"","overlay-gradient":""}},"ast-content-background-meta":{"desktop":{"background-color":"var(--ast-global-color-5)","background-image":"","background-repeat":"repeat","background-position":"center center","background-size":"auto","background-attachment":"scroll","background-type":"","background-media":"","overlay-type":"","overlay-color":"","overlay-opacity":"","overlay-gradient":""},"tablet":{"background-color":"var(--ast-global-color-5)","background-image":"","background-repeat":"repeat","background-position":"center center","background-size":"auto","background-attachment":"scroll","background-type":"","background-media":"","overlay-type":"","overlay-color":"","overlay-opacity":"","overlay-gradient":""},"mobile":{"background-color":"var(--ast-global-color-5)","background-image":"","background-repeat":"repeat","background-position":"center center","background-size":"auto","background-attachment":"scroll","background-type":"","background-media":"","overlay-type":"","overlay-color":"","overlay-opacity":"","overlay-gradient":""}}},"product_brand":[],"product_cat":[191],"product_tag":[],"class_list":{"0":"post-25296","1":"product","2":"type-product","3":"status-publish","4":"has-post-thumbnail","6":"product_cat-water-repellent","7":"desktop-align-left","8":"tablet-align-left","9":"mobile-align-left","11":"first","12":"instock","13":"sale","14":"shipping-taxable","15":"purchasable","16":"product-type-variable","17":"has-default-attributes"},"spectra_custom_meta":{"_visibility":["visible"],"_shopify_product_id":["9106653118709"],"_s2w_shopify_domain":["ferberpainting.myshopify.com"],"_shopify_variant_id":["46626393686261"],"_sku":[""],"_manage_stock":["no"],"total_sales":["341"],"_tax_status":["taxable"],"_tax_class":[""],"_backorders":["no"],"_sold_individually":["no"],"_virtual":["no"],"_downloadable":["no"],"_download_limit":["-1"],"_download_expiry":["-1"],"_stock":[null],"_stock_status":["instock"],"_wc_average_rating":["5.00"],"_wc_review_count":["11"],"_product_attributes":["a:1:{s:6:\"volume\";a:6:{s:4:\"name\";s:6:\"Volume\";s:5:\"value\";s:20:\"5 liters | 25 liters\";s:8:\"position\";i:1;s:10:\"is_visible\";i:0;s:12:\"is_variation\";i:1;s:11:\"is_taxonomy\";i:0;}}"],"_product_version":["10.5.1"],"wpse_downloadable_file_names":[""],"wpse_downloadable_file_urls":[""],"_edit_last":["1"],"_default_attributes":["a:1:{s:6:\"volume\";s:8:\"5 liters\";}"],"_edit_lock":["1773469220:7131"],"_price":["29.90","129.90"],"merchant-center-availability":["yes"],"merchant-center-category":["503744"],"_thumbnail_id":["35973"],"_wp_page_template":["default"],"_wp_old_date":["2025-05-26"],"_product_image_gallery":["35974"],"site-sidebar-layout":["default"],"ast-site-content-layout":["default"],"site-content-style":["default"],"site-sidebar-style":["default"],"theme-transparent-header-meta":["default"],"_wc_rating_count":["a:1:{i:5;i:11;}"],"astra-migrate-meta-layouts":["set"],"_uag_css_file_name":["uag-css-25296.css"],"_elementor_page_assets":["a:0:{}"],"_uag_page_assets":["a:9:{s:3:\"css\";s:7133:\".uag-blocks-common-selector{z-index:var(--z-index-desktop) !important}@media(max-width: 976px){.uag-blocks-common-selector{z-index:var(--z-index-tablet) !important}}@media(max-width: 767px){.uag-blocks-common-selector{z-index:var(--z-index-mobile) !important}}.wp-block-uagb-image{display:flex}.wp-block-uagb-image__figure{position:relative;display:flex;flex-direction:column;max-width:100%;height:auto;margin:0}.wp-block-uagb-image__figure img{height:auto;display:flex;max-width:100%;transition:box-shadow .2s ease}.wp-block-uagb-image__figure>a{display:inline-block}.wp-block-uagb-image__figure figcaption{text-align:center;margin-top:.5em;margin-bottom:1em}.wp-block-uagb-image .components-placeholder.block-editor-media-placeholder .components-placeholder__instructions{align-self:center}.wp-block-uagb-image--align-left{text-align:left}.wp-block-uagb-image--align-right{text-align:right}.wp-block-uagb-image--align-center{text-align:center}.wp-block-uagb-image--align-full .wp-block-uagb-image__figure{margin-left:calc(50% - 50vw);margin-right:calc(50% - 50vw);max-width:100vw;width:100vw;height:auto}.wp-block-uagb-image--align-full .wp-block-uagb-image__figure img{height:auto;width:100% !important}.wp-block-uagb-image--align-wide .wp-block-uagb-image__figure img{height:auto;width:100%}.wp-block-uagb-image--layout-overlay__color-wrapper{position:absolute;left:0;top:0;right:0;bottom:0;opacity:.2;background:rgba(0,0,0,.5);transition:opacity .35s ease-in-out}.wp-block-uagb-image--layout-overlay-link{position:absolute;left:0;right:0;bottom:0;top:0}.wp-block-uagb-image--layout-overlay .wp-block-uagb-image__figure:hover .wp-block-uagb-image--layout-overlay__color-wrapper{opacity:1}.wp-block-uagb-image--layout-overlay__inner{position:absolute;left:15px;right:15px;bottom:15px;top:15px;display:flex;align-items:center;justify-content:center;flex-direction:column;border-color:#fff;transition:.35s ease-in-out}.wp-block-uagb-image--layout-overlay__inner.top-left,.wp-block-uagb-image--layout-overlay__inner.top-center,.wp-block-uagb-image--layout-overlay__inner.top-right{justify-content:flex-start}.wp-block-uagb-image--layout-overlay__inner.bottom-left,.wp-block-uagb-image--layout-overlay__inner.bottom-center,.wp-block-uagb-image--layout-overlay__inner.bottom-right{justify-content:flex-end}.wp-block-uagb-image--layout-overlay__inner.top-left,.wp-block-uagb-image--layout-overlay__inner.center-left,.wp-block-uagb-image--layout-overlay__inner.bottom-left{align-items:flex-start}.wp-block-uagb-image--layout-overlay__inner.top-right,.wp-block-uagb-image--layout-overlay__inner.center-right,.wp-block-uagb-image--layout-overlay__inner.bottom-right{align-items:flex-end}.wp-block-uagb-image--layout-overlay__inner .uagb-image-heading{color:#fff;transition:transform .35s,opacity .35s ease-in-out;transform:translate3d(0, 24px, 0);margin:0;line-height:1em}.wp-block-uagb-image--layout-overlay__inner .uagb-image-separator{width:30%;border-top-width:2px;border-top-color:#fff;border-top-style:solid;margin-bottom:10px;opacity:0;transition:transform .4s,opacity .4s ease-in-out;transform:translate3d(0, 30px, 0)}.wp-block-uagb-image--layout-overlay__inner .uagb-image-caption{opacity:0;overflow:visible;color:#fff;transition:transform .45s,opacity .45s ease-in-out;transform:translate3d(0, 35px, 0)}.wp-block-uagb-image--layout-overlay__inner:hover .uagb-image-heading,.wp-block-uagb-image--layout-overlay__inner:hover .uagb-image-separator,.wp-block-uagb-image--layout-overlay__inner:hover .uagb-image-caption{opacity:1;transform:translate3d(0, 0, 0)}.wp-block-uagb-image--effect-zoomin .wp-block-uagb-image__figure img,.wp-block-uagb-image--effect-zoomin .wp-block-uagb-image__figure .wp-block-uagb-image--layout-overlay__color-wrapper{transform:scale(1);transition:transform .35s ease-in-out}.wp-block-uagb-image--effect-zoomin .wp-block-uagb-image__figure:hover img,.wp-block-uagb-image--effect-zoomin .wp-block-uagb-image__figure:hover .wp-block-uagb-image--layout-overlay__color-wrapper{transform:scale(1.05)}.wp-block-uagb-image--effect-slide .wp-block-uagb-image__figure img,.wp-block-uagb-image--effect-slide .wp-block-uagb-image__figure .wp-block-uagb-image--layout-overlay__color-wrapper{width:calc(100% + 40px) !important;max-width:none !important;transform:translate3d(-40px, 0, 0);transition:transform .35s ease-in-out}.wp-block-uagb-image--effect-slide .wp-block-uagb-image__figure:hover img,.wp-block-uagb-image--effect-slide .wp-block-uagb-image__figure:hover .wp-block-uagb-image--layout-overlay__color-wrapper{transform:translate3d(0, 0, 0)}.wp-block-uagb-image--effect-grayscale img{filter:grayscale(0%);transition:.35s ease-in-out}.wp-block-uagb-image--effect-grayscale:hover img{filter:grayscale(100%)}.wp-block-uagb-image--effect-blur img{filter:blur(0);transition:.35s ease-in-out}.wp-block-uagb-image--effect-blur:hover img{filter:blur(3px)}.uagb-block-e6f939b3.wp-block-uagb-image--layout-default figure img{box-shadow: 0px 0px 0 #00000070;}.uagb-block-e6f939b3.wp-block-uagb-image .wp-block-uagb-image__figure figcaption{font-style: normal;align-self: center;}.uagb-block-e6f939b3.wp-block-uagb-image--layout-overlay figure img{box-shadow: 0px 0px 0 #00000070;}.uagb-block-e6f939b3.wp-block-uagb-image--layout-overlay .wp-block-uagb-image--layout-overlay__color-wrapper{opacity: 0.2;}.uagb-block-e6f939b3.wp-block-uagb-image--layout-overlay .wp-block-uagb-image--layout-overlay__inner{left: 15px;right: 15px;top: 15px;bottom: 15px;}.uagb-block-e6f939b3.wp-block-uagb-image--layout-overlay .wp-block-uagb-image--layout-overlay__inner .uagb-image-heading{font-style: normal;color: #fff;opacity: 1;}.uagb-block-e6f939b3.wp-block-uagb-image--layout-overlay .wp-block-uagb-image--layout-overlay__inner .uagb-image-heading a{color: #fff;}.uagb-block-e6f939b3.wp-block-uagb-image--layout-overlay .wp-block-uagb-image--layout-overlay__inner .uagb-image-caption{opacity: 0;}.uagb-block-e6f939b3.wp-block-uagb-image--layout-overlay .wp-block-uagb-image__figure:hover .wp-block-uagb-image--layout-overlay__color-wrapper{opacity: 1;}.uagb-block-e6f939b3.wp-block-uagb-image .wp-block-uagb-image--layout-overlay__inner .uagb-image-separator{width: 30%;border-top-width: 2px;border-top-color: #fff;opacity: 0;}.uagb-block-e6f939b3.wp-block-uagb-image .wp-block-uagb-image__figure img{width: px;height: auto;}.uagb-block-e6f939b3.wp-block-uagb-image .wp-block-uagb-image__figure:hover .wp-block-uagb-image--layout-overlay__inner .uagb-image-caption{opacity: 1;}.uagb-block-e6f939b3.wp-block-uagb-image .wp-block-uagb-image__figure:hover .wp-block-uagb-image--layout-overlay__inner .uagb-image-separator{opacity: 1;}.uagb-block-e6f939b3.wp-block-uagb-image--layout-default figure:hover img{box-shadow: 0px 0px 0 #00000070;}.uagb-block-e6f939b3.wp-block-uagb-image--layout-overlay figure:hover img{box-shadow: 0px 0px 0 #00000070;}@media only screen and (max-width: 976px) {.uagb-block-e6f939b3.wp-block-uagb-image .wp-block-uagb-image__figure img{width: px;height: auto;}}@media only screen and (max-width: 767px) {.uagb-block-e6f939b3.wp-block-uagb-image .wp-block-uagb-image__figure img{width: px;height: auto;}}\";s:2:\"js\";s:0:\"\";s:18:\"current_block_list\";a:13:{i:0;s:11:\"core\/search\";i:1;s:10:\"core\/group\";i:2;s:12:\"core\/heading\";i:3;s:17:\"core\/latest-posts\";i:4;s:20:\"core\/latest-comments\";i:5;s:13:\"core\/archives\";i:6;s:15:\"core\/categories\";i:7;s:14:\"core\/paragraph\";i:8;s:10:\"uagb\/image\";i:9;s:11:\"core\/spacer\";i:10;s:30:\"woocommerce\/product-categories\";i:11;s:10:\"core\/image\";i:12;s:14:\"core\/shortcode\";}s:8:\"uag_flag\";b:1;s:11:\"uag_version\";s:10:\"1777069890\";s:6:\"gfonts\";a:0:{}s:10:\"gfonts_url\";s:0:\"\";s:12:\"gfonts_files\";a:0:{}s:14:\"uag_faq_layout\";b:0;}"]},"uagb_featured_image_src":{"full":["https:\/\/www.ferberpainting.com\/wp-content\/uploads\/2025\/05\/Shower-and-Bathroom-Water-Repellent-5L-.png",2560,2560,false],"thumbnail":["https:\/\/www.ferberpainting.com\/wp-content\/uploads\/2025\/05\/Shower-and-Bathroom-Water-Repellent-5L--150x150.png",150,150,true],"medium":["https:\/\/www.ferberpainting.com\/wp-content\/uploads\/2025\/05\/Shower-and-Bathroom-Water-Repellent-5L--300x300.png",300,300,true],"medium_large":["https:\/\/www.ferberpainting.com\/wp-content\/uploads\/2025\/05\/Shower-and-Bathroom-Water-Repellent-5L--768x768.png",768,768,true],"large":["https:\/\/www.ferberpainting.com\/wp-content\/uploads\/2025\/05\/Shower-and-Bathroom-Water-Repellent-5L--1024x1024.png",1024,1024,true],"1536x1536":["https:\/\/www.ferberpainting.com\/wp-content\/uploads\/2025\/05\/Shower-and-Bathroom-Water-Repellent-5L--1536x1536.png",1536,1536,true],"2048x2048":["https:\/\/www.ferberpainting.com\/wp-content\/uploads\/2025\/05\/Shower-and-Bathroom-Water-Repellent-5L--2048x2048.png",2048,2048,true],"trp-custom-language-flag":["https:\/\/www.ferberpainting.com\/wp-content\/uploads\/2025\/05\/Shower-and-Bathroom-Water-Repellent-5L--12x12.png",12,12,true],"woocommerce_thumbnail":["https:\/\/www.ferberpainting.com\/wp-content\/uploads\/2025\/05\/Shower-and-Bathroom-Water-Repellent-5L--300x300.png",300,300,true],"woocommerce_single":["https:\/\/www.ferberpainting.com\/wp-content\/uploads\/2025\/05\/Shower-and-Bathroom-Water-Repellent-5L--600x600.png",600,600,true],"woocommerce_gallery_thumbnail":["https:\/\/www.ferberpainting.com\/wp-content\/uploads\/2025\/05\/Shower-and-Bathroom-Water-Repellent-5L--100x100.png",100,100,true]},"uagb_author_info":{"display_name":"admin","author_link":"https:\/\/www.ferberpainting.com\/lv\/author\/"},"uagb_comment_info":11,"uagb_excerpt":"Long-lasting protection against humidity.\u00a0The bathroom and shower waterproofer is specially formulated to provide optimal protection against humidity, mold, and water splashes. Its application creates an invisible yet highly effective barrier on surfaces, preventing water from penetrating the materials while allowing the surface to breathe. This product effectively protects your walls, floors, and joints in constantly&hellip;","_links":{"self":[{"href":"https:\/\/www.ferberpainting.com\/lv\/wp-json\/wp\/v2\/product\/25296","targetHints":{"allow":["GET"]}}],"collection":[{"href":"https:\/\/www.ferberpainting.com\/lv\/wp-json\/wp\/v2\/product"}],"about":[{"href":"https:\/\/www.ferberpainting.com\/lv\/wp-json\/wp\/v2\/types\/product"}],"replies":[{"embeddable":true,"href":"https:\/\/www.ferberpainting.com\/lv\/wp-json\/wp\/v2\/comments?post=25296"}],"version-history":[{"count":4,"href":"https:\/\/www.ferberpainting.com\/lv\/wp-json\/wp\/v2\/product\/25296\/revisions"}],"predecessor-version":[{"id":167282,"href":"https:\/\/www.ferberpainting.com\/lv\/wp-json\/wp\/v2\/product\/25296\/revisions\/167282"}],"wp:featuredmedia":[{"embeddable":true,"href":"https:\/\/www.ferberpainting.com\/lv\/wp-json\/wp\/v2\/media\/35973"}],"wp:attachment":[{"href":"https:\/\/www.ferberpainting.com\/lv\/wp-json\/wp\/v2\/media?parent=25296"}],"wp:term":[{"taxonomy":"product_brand","embeddable":true,"href":"https:\/\/www.ferberpainting.com\/lv\/wp-json\/wp\/v2\/product_brand?post=25296"},{"taxonomy":"product_cat","embeddable":true,"href":"https:\/\/www.ferberpainting.com\/lv\/wp-json\/wp\/v2\/product_cat?post=25296"},{"taxonomy":"product_tag","embeddable":true,"href":"https:\/\/www.ferberpainting.com\/lv\/wp-json\/wp\/v2\/product_tag?post=25296"}],"curies":[{"name":"wp","href":"https:\/\/api.w.org\/{rel}","templated":true}]}}