{"id":25287,"date":"2025-06-18T09:29:11","date_gmt":"2025-06-18T07:29:11","guid":{"rendered":"https:\/\/www.ferberpainting.com\/?post_type=product&#038;p=25287"},"modified":"2026-02-16T10:32:28","modified_gmt":"2026-02-16T09:32:28","slug":"shoe-water-repellent","status":"publish","type":"product","link":"https:\/\/www.ferberpainting.com\/lv\/products\/shoe-water-repellent\/","title":{"rendered":"Apavu impregn\u0101cija"},"content":{"rendered":"<p><strong><img decoding=\"async\" style=\"margin-right: 12px;\" src=\"https:\/\/www.ferberpainting.com\/wp-content\/uploads\/2026\/02\/Check.svg\" alt=\"\" width=\"18\" height=\"15\" \/>Efekt\u012bva aizsardz\u012bba pret mitrumu un traipiem.<\/strong>\u00a0\u0160is apavu mitrin\u0101t\u0101js ir ide\u0101ls risin\u0101jums, lai aizsarg\u0101tu j\u016bsu apavus no laikapst\u0101k\u013ciem, mitruma, dub\u013ciem un traipiem. Neatkar\u012bgi no t\u0101, vai j\u016bsu apavi ir izgatavoti no \u0101das, audekla, zam\u0161\u0101das vai nubuka, \u0161is produkts veido neredzamu barjeru, kas nov\u0113r\u0161 \u016bdens iek\u013c\u016b\u0161anu, vienlaikus \u013caujot materi\u0101lam elpot. Tas saglab\u0101 k\u0101jas sausas pat lietus laik\u0101 un nov\u0113r\u0161 \u016bdens traipus un traipus, kas var\u0113tu main\u012bt apavu izskatu. J\u016bsu apavi saglab\u0101 jaunu, aizsarg\u0101tu izskatu un ir gatavi st\u0101ties pret\u012b jebk\u0101diem laikapst\u0101k\u013ciem.<\/p>\n<p><strong><img decoding=\"async\" style=\"margin-right: 12px;\" src=\"https:\/\/www.ferberpainting.com\/wp-content\/uploads\/2026\/02\/Check.svg\" alt=\"\" width=\"18\" height=\"15\" \/>Naudas atmaksas garantija.<\/strong>\u00a0M\u0113s esam p\u0101rliecin\u0101ti par m\u016bsu produkta efektivit\u0101ti, t\u0101p\u0113c pied\u0101v\u0101jam apmierin\u0101t\u012bbas vai naudas atmaksas garantiju. Ja k\u0101da iemesla d\u0113\u013c neesat piln\u012bb\u0101 apmierin\u0101ts ar m\u016bsu apavu mitrin\u0101t\u0101ja rezult\u0101tiem, varat piepras\u012bt pilnu naudas atmaksu. \u0160\u012b garantija \u013cauj jums mier\u012bgi pirkt, zinot, ka varat sa\u0146emt atpaka\u013c naudu, ja produkts neatbilst j\u016bsu gaid\u012btajam.<\/p>\n<p><strong><img decoding=\"async\" style=\"margin-right: 12px;\" src=\"https:\/\/www.ferberpainting.com\/wp-content\/uploads\/2026\/02\/Check.svg\" alt=\"\" width=\"18\" height=\"15\" \/>Univers\u0101ls da\u017e\u0101diem materi\u0101liem.<\/strong>\u00a0\u0160is apavu \u016bdensnecaurlaid\u012bgais l\u012bdzeklis ir \u013coti univers\u0101ls un piem\u0113rots visda\u017e\u0101d\u0101kajiem materi\u0101liem. Tas ir ide\u0101li piem\u0113rots \u0101dai, audeklam, zam\u0161\u0101das, nubuka un sint\u0113tiskiem materi\u0101liem. To var izmantot ar\u012b som\u0101m, m\u0113te\u013ciem, cimdiem un citiem no \u0161iem materi\u0101liem izgatavotiem piederumiem. Neatkar\u012bgi no t\u0101, vai j\u016bsu apavi ir sportiskas, elegantas vai ikdieni\u0161\u0137as audekla \u010d\u012bbas, \u0161is izstr\u0101d\u0101jums nodro\u0161ina uzticamu un iztur\u012bgu aizsardz\u012bbu pret mitrumu un traipiem.<\/p>\n<p><strong><img decoding=\"async\" style=\"margin-right: 12px;\" src=\"https:\/\/www.ferberpainting.com\/wp-content\/uploads\/2026\/02\/Check.svg\" alt=\"\" width=\"18\" height=\"15\" \/>Rentabilit\u0101te.<\/strong>\u00a0\u0160is produkts ir \u013coti ekonomisks. Ar 5 litru tvertni var apstr\u0101d\u0101t lielu skaitu apavu. Vid\u0113ji ar vienu litru \u016bdensnecaurlaid\u012bg\u0101 l\u012bdzek\u013ca var apstr\u0101d\u0101t l\u012bdz 50 apavu p\u0101riem atkar\u012bb\u0101 no izmantot\u0101 daudzuma un materi\u0101la veida. \u0160\u012b liel\u0101 izn\u0101kuma d\u0113\u013c apavu mitrin\u0101t\u0101js ir rentabls un ilgtermi\u0146a risin\u0101jums, kas nodro\u0161ina ilgsto\u0161u aizsardz\u012bbu bez bie\u017eas atk\u0101rtotas lieto\u0161anas.<\/p>\n<p><strong><img decoding=\"async\" style=\"margin-right: 12px;\" src=\"https:\/\/www.ferberpainting.com\/wp-content\/uploads\/2026\/02\/Check.svg\" alt=\"\" width=\"18\" height=\"15\" \/>Dro\u0161s un materi\u0101li draudz\u012bgs.<\/strong>\u00a0\u0160is apavu mitrin\u0101t\u0101js ir izstr\u0101d\u0101ts t\u0101, lai b\u016btu dro\u0161s gan jums, gan j\u016bsu apaviem. Tas ir izgatavots no saudz\u012bg\u0101m sast\u0101vda\u013c\u0101m, kas nemaina materi\u0101la kr\u0101su vai tekst\u016bru un neboj\u0101 virsmu. Tas nesatur ar\u012b kait\u012bgas \u0137imik\u0101lijas, t\u0101p\u0113c ir dro\u0161s lieto\u0161anai m\u0101j\u0101s. J\u016bs varat dro\u0161i lietot \u0161o l\u012bdzekli, zinot, ka tas nekait\u0113s ne j\u016bsu vesel\u012bbai, ne apaviem.<\/p>\n<p><strong><img decoding=\"async\" style=\"margin-right: 12px;\" src=\"https:\/\/www.ferberpainting.com\/wp-content\/uploads\/2026\/02\/Check.svg\" alt=\"\" width=\"18\" height=\"15\" \/>Viegli lietojams.<\/strong>\u00a0Apavu mitrin\u0101t\u0101ja uzkl\u0101\u0161ana ir vienk\u0101r\u0161a un \u0101tra. Tas ir gatavs lieto\u0161anai, to nav nepiecie\u0161ams at\u0161\u0137aid\u012bt vai sare\u017e\u0123\u012bti sagatavot. Vienk\u0101r\u0161i vienm\u0113r\u012bgi izsmidziniet l\u012bdzekli uz apavu virsmas, p\u0101rliecinoties, ka tas p\u0101rkl\u0101j visas vietas, kas pak\u013cautas mitruma iedarb\u012bbai. \u016adensnecaurlaid\u012bgais l\u012bdzeklis viegli kl\u0101jas un \u0101tri ies\u016bcas materi\u0101l\u0101, veidojot neredzamu aizsardz\u012bbu. P\u0113c da\u017eiem vienk\u0101r\u0161iem so\u013ciem j\u016bsu apavi ir gatavi st\u0101ties pret\u012b lietum vai sniegam.<\/p>\n<p><strong><img decoding=\"async\" style=\"margin-right: 12px;\" src=\"https:\/\/www.ferberpainting.com\/wp-content\/uploads\/2026\/02\/Check.svg\" alt=\"\" width=\"18\" height=\"15\" \/>Iztur\u012bga aizsardz\u012bba.<\/strong>\u00a0Apavu mitrin\u0101t\u0101js nodro\u0161ina ilgsto\u0161u aizsardz\u012bbu. P\u0113c uzkl\u0101\u0161anas tas veido notur\u012bgu barjeru, kas atgr\u016b\u017e \u016bdeni un traipus pat p\u0113c vair\u0101kk\u0101rt\u0113jas t\u012br\u012b\u0161anas. Jums neb\u016bs nepiecie\u0161ams atk\u0101rtoti uzkl\u0101t p\u0113c katras mazg\u0101\u0161anas vai pastaigas liet\u016b. Aizsardz\u012bba saglab\u0101jas vair\u0101kus m\u0113ne\u0161us, pal\u012bdzot saglab\u0101t apavus nevainojam\u0101 st\u0101vokl\u012b, neuztraucoties par mitrumu vai net\u012brumiem. \u0160is produkts ir iztur\u012bgs risin\u0101jums apavu aizsardz\u012bbai.<\/p>\n<p><strong><img decoding=\"async\" style=\"margin-right: 12px;\" src=\"https:\/\/www.ferberpainting.com\/wp-content\/uploads\/2026\/02\/Check.svg\" alt=\"\" width=\"18\" height=\"15\" \/>\u0100tra darb\u012bba.<\/strong>\u00a0\u0160is produkts darbojas \u0101tri. P\u0113c uzkl\u0101\u0161anas istabas temperat\u016br\u0101 tas no\u017e\u016bst aptuveni 1 l\u012bdz 2 stund\u0101s atkar\u012bb\u0101 no laika apst\u0101k\u013ciem un materi\u0101la veida. Tas noz\u012bm\u0113, ka j\u016bs varat \u0101tri atkal valk\u0101t apavus, negaidot vair\u0101kas stundas. P\u0113c iz\u017e\u016b\u0161anas aizsardz\u012bba darbojas nekav\u0113joties. Nav j\u0101gaida vair\u0101kas stundas, l\u012bdz l\u012bdzeklis iedarbosies - p\u0113c neilga \u017e\u016b\u0161anas laika j\u016bsu apavi ir piln\u012bb\u0101 aizsarg\u0101ti.<\/p>\n<h2><strong>Lieto\u0161anas protokols<\/strong><\/h2>\n<ul>\n<li><strong>Virsmas sagatavo\u0161ana <\/strong>: Pirms apavu mitrin\u0101t\u0101ja uzkl\u0101\u0161anas p\u0101rliecinieties, ka apavi ir t\u012bri un sausi. Ar m\u012bkstu dr\u0101nu vai birst\u012bti not\u012briet visus net\u012brumus vai putek\u013cus. Ja apavi ir \u013coti net\u012bri, ieteicams tos not\u012br\u012bt pirms produkta uzkl\u0101\u0161anas. Uzkl\u0101\u0161ana uz t\u012bras virsmas nodro\u0161ina lab\u0101ku sa\u0137eri un efekt\u012bv\u0101ku aizsardz\u012bbu.<\/li>\n<li><strong>Produkta pielietojums <\/strong>: Pirms lieto\u0161anas pudeli labi sakratiet. Uzkl\u0101jiet l\u012bdzekli apm\u0113ram 20 cm att\u0101lum\u0101 no apavu virsmas. Izsmidziniet vienm\u0113r\u012bgu, vieglu l\u012bdzek\u013ca k\u0101rtu pa visu apavu virsmu, koncentr\u0113joties uz mitruma \u012bpa\u0161i pak\u013caut\u0101m viet\u0101m, piem\u0113ram, \u0161uv\u0113m un zol\u0113m. Izvairieties no materi\u0101lu p\u0101rs\u0101tin\u0101\u0161anas - uzkl\u0101jiet pl\u0101nu un vienm\u0113r\u012bgu k\u0101rtu. Ja uzkl\u0101jiet uz zam\u0161\u0101das vai nubuka, izvairieties no auduma p\u0101rmitrin\u0101\u0161anas, lai izvair\u012btos no redzam\u0101m p\u0113d\u0101m.<\/li>\n<li><strong>Vienm\u0113r\u012bgs p\u0101rkl\u0101jums <\/strong>: Ja nepiecie\u0161ams, izmantojiet t\u012bru, m\u012bkstu dr\u0101nu, lai izl\u012bdzin\u0101tu l\u012bdzekli, jo \u012bpa\u0161i viet\u0101s, kuras nesasniedz izsmidzin\u0101t\u0101js. Tas pal\u012bdz pan\u0101kt vienm\u0113r\u012bgu p\u0101rkl\u0101jumu un efekt\u012bvu aizsardz\u012bbu vis\u0101 apavu plat\u012bb\u0101.<\/li>\n<li><strong>\u017d\u0101v\u0113\u0161anas laiks <\/strong>: \u013baujiet apaviem no\u017e\u016bt aptuveni 1 l\u012bdz 2 stundas istabas temperat\u016br\u0101 un apk\u0101rt\u0113j\u0101 mitrum\u0101. \u017d\u0101v\u0113\u0161anas laik\u0101 apavus nevalk\u0101jiet, lai nepasliktin\u0101tu aizsardz\u012bbu. Ja iesp\u0113jams, novietojiet apavus labi v\u0113din\u0101m\u0101 telp\u0101.<\/li>\n<li><strong>Atk\u0101rtota pieteik\u0161an\u0101s <\/strong>: Atkar\u012bb\u0101 no lieto\u0161anas veida var uzkl\u0101t otru k\u0101rtu, lai pastiprin\u0101tu aizsardz\u012bbu, \u012bpa\u0161i, ja apavi bie\u017ei tiek pak\u013cauti mitriem vai net\u012briem apst\u0101k\u013ciem. Pirms uzkl\u0101jiet otro k\u0101rtu, p\u0101rliecinieties, ka pirm\u0101 k\u0101rta ir piln\u012bgi sausa.<\/li>\n<li><strong>P\u0113capr\u016bpes apr\u016bpe <\/strong>: P\u0113c uzkl\u0101\u0161anas apavus var t\u012br\u012bt norm\u0101li, neno\u0146emot aizsardz\u012bbu. Tom\u0113r izvairieties no p\u0101r\u0101k sp\u0113c\u012bgas apstr\u0101d\u0101to vietu t\u012br\u012b\u0161anas. Vajadz\u012bbas gad\u012bjum\u0101, lai saglab\u0101tu efektivit\u0101ti, \u016bdensnecaurlaid\u012bgo l\u012bdzekli atk\u0101rtoti uzkl\u0101jiet ik p\u0113c 6 m\u0113ne\u0161iem vai bie\u017e\u0101k atkar\u012bb\u0101 no lieto\u0161anas intensit\u0101tes.<\/li>\n<\/ul>\n<p>Apavu mitrin\u0101t\u0101js ir vienk\u0101r\u0161s, \u0101trs un ekonomisks l\u012bdzeklis, kas pagarina apavu kalpo\u0161anas laiku, vienlaikus saglab\u0101jot to izskatu. Pateicoties t\u0101 vieglajai lieto\u0161anai un ilgnotur\u012bgajai formulai, tas k\u013c\u016bst par neat\u0146emamu sabiedroto ikvienam apavu \u012bpa\u0161niekam neatkar\u012bgi no t\u0101, vai tie ir izgatavoti no \u0101das, zam\u0161\u0101das, audekla vai sint\u0113tiskiem materi\u0101liem. Ne\u013caujiet, lai mitrums un traipi saboj\u0101 j\u016bsu apavus, pasarg\u0101jiet tos ar m\u016bsu sp\u0113c\u012bgo un neredzamo hidroizol\u0101cijas risin\u0101jumu.<\/p>","protected":false},"excerpt":{"rendered":"<p>Effective Protection Against Moisture and Stains.\u00a0This shoe waterproofer is the ideal solution to protect your shoes from the elements, humidity, mud, and stains. Whether your shoes are made of leather, canvas, suede, or nubuck, this product forms an invisible barrier that prevents water from penetrating while allowing the material to breathe. It keeps your feet [&hellip;]<\/p>\n","protected":false},"featured_media":30017,"comment_status":"open","ping_status":"closed","template":"","meta":{"_uag_custom_page_level_css":"","site-sidebar-layout":"default","site-content-layout":"","ast-site-content-layout":"default","site-content-style":"default","site-sidebar-style":"default","ast-global-header-display":"","ast-banner-title-visibility":"","ast-main-header-display":"","ast-hfb-above-header-display":"","ast-hfb-below-header-display":"","ast-hfb-mobile-header-display":"","site-post-title":"","ast-breadcrumbs-content":"","ast-featured-img":"","footer-sml-layout":"","ast-disable-related-posts":"","theme-transparent-header-meta":"default","adv-header-id-meta":"","stick-header-meta":"","header-above-stick-meta":"","header-main-stick-meta":"","header-below-stick-meta":"","astra-migrate-meta-layouts":"set","ast-page-background-enabled":"default","ast-page-background-meta":{"desktop":{"background-color":"var(--ast-global-color-4)","background-image":"","background-repeat":"repeat","background-position":"center center","background-size":"auto","background-attachment":"scroll","background-type":"","background-media":"","overlay-type":"","overlay-color":"","overlay-opacity":"","overlay-gradient":""},"tablet":{"background-color":"","background-image":"","background-repeat":"repeat","background-position":"center center","background-size":"auto","background-attachment":"scroll","background-type":"","background-media":"","overlay-type":"","overlay-color":"","overlay-opacity":"","overlay-gradient":""},"mobile":{"background-color":"","background-image":"","background-repeat":"repeat","background-position":"center center","background-size":"auto","background-attachment":"scroll","background-type":"","background-media":"","overlay-type":"","overlay-color":"","overlay-opacity":"","overlay-gradient":""}},"ast-content-background-meta":{"desktop":{"background-color":"var(--ast-global-color-5)","background-image":"","background-repeat":"repeat","background-position":"center center","background-size":"auto","background-attachment":"scroll","background-type":"","background-media":"","overlay-type":"","overlay-color":"","overlay-opacity":"","overlay-gradient":""},"tablet":{"background-color":"var(--ast-global-color-5)","background-image":"","background-repeat":"repeat","background-position":"center center","background-size":"auto","background-attachment":"scroll","background-type":"","background-media":"","overlay-type":"","overlay-color":"","overlay-opacity":"","overlay-gradient":""},"mobile":{"background-color":"var(--ast-global-color-5)","background-image":"","background-repeat":"repeat","background-position":"center center","background-size":"auto","background-attachment":"scroll","background-type":"","background-media":"","overlay-type":"","overlay-color":"","overlay-opacity":"","overlay-gradient":""}}},"product_brand":[],"product_cat":[191],"product_tag":[],"class_list":{"0":"post-25287","1":"product","2":"type-product","3":"status-publish","4":"has-post-thumbnail","6":"product_cat-water-repellent","7":"desktop-align-left","8":"tablet-align-left","9":"mobile-align-left","11":"first","12":"instock","13":"sale","14":"taxable","15":"shipping-taxable","16":"purchasable","17":"product-type-variable","18":"has-default-attributes"},"spectra_custom_meta":{"_visibility":["visible"],"_shopify_product_id":["9106574082293"],"_s2w_shopify_domain":["ferberpainting.myshopify.com"],"_shopify_variant_id":["46626284634357"],"_sku":[""],"_manage_stock":["no"],"total_sales":["33"],"_tax_status":["taxable"],"_tax_class":[""],"_backorders":["no"],"_sold_individually":["no"],"_virtual":["no"],"_downloadable":["no"],"_download_limit":["-1"],"_download_expiry":["-1"],"_stock":[null],"_stock_status":["instock"],"_wc_average_rating":["5.00"],"_wc_review_count":["10"],"_product_attributes":["a:1:{s:6:\"volume\";a:6:{s:4:\"name\";s:6:\"Volume\";s:5:\"value\";s:20:\"5 liters | 25 liters\";s:8:\"position\";i:1;s:10:\"is_visible\";i:0;s:12:\"is_variation\";i:1;s:11:\"is_taxonomy\";i:0;}}"],"_product_version":["10.5.1"],"wpse_downloadable_file_names":[""],"wpse_downloadable_file_urls":[""],"_edit_last":["1"],"_default_attributes":["a:1:{s:6:\"volume\";s:8:\"5 liters\";}"],"_edit_lock":["1771234208:1"],"_thumbnail_id":["30017"],"_wp_page_template":["default"],"_wp_old_date":["2025-05-26"],"_product_image_gallery":["30018"],"site-sidebar-layout":["default"],"ast-site-content-layout":["default"],"site-content-style":["default"],"site-sidebar-style":["default"],"theme-transparent-header-meta":["default"],"merchant-center-availability":["yes"],"merchant-center-category":["5604"],"_price":["29.90","129.90"],"_wc_rating_count":["a:1:{i:5;i:10;}"],"astra-migrate-meta-layouts":["set"],"_uag_css_file_name":["uag-css-25287.css"],"_elementor_page_assets":["a:0:{}"],"_uag_page_assets":["a:9:{s:3:\"css\";s:6873:\".wp-block-uagb-image{display:flex}.wp-block-uagb-image__figure{position:relative;display:flex;flex-direction:column;max-width:100%;height:auto;margin:0}.wp-block-uagb-image__figure img{height:auto;display:flex;max-width:100%;transition:box-shadow .2s ease}.wp-block-uagb-image__figure>a{display:inline-block}.wp-block-uagb-image__figure figcaption{text-align:center;margin-top:.5em;margin-bottom:1em}.wp-block-uagb-image .components-placeholder.block-editor-media-placeholder .components-placeholder__instructions{align-self:center}.wp-block-uagb-image--align-left{text-align:left}.wp-block-uagb-image--align-right{text-align:right}.wp-block-uagb-image--align-center{text-align:center}.wp-block-uagb-image--align-full .wp-block-uagb-image__figure{margin-left:calc(50% - 50vw);margin-right:calc(50% - 50vw);max-width:100vw;width:100vw;height:auto}.wp-block-uagb-image--align-full .wp-block-uagb-image__figure img{height:auto;width:100% !important}.wp-block-uagb-image--align-wide .wp-block-uagb-image__figure img{height:auto;width:100%}.wp-block-uagb-image--layout-overlay__color-wrapper{position:absolute;left:0;top:0;right:0;bottom:0;opacity:.2;background:rgba(0,0,0,.5);transition:opacity .35s ease-in-out}.wp-block-uagb-image--layout-overlay-link{position:absolute;left:0;right:0;bottom:0;top:0}.wp-block-uagb-image--layout-overlay .wp-block-uagb-image__figure:hover .wp-block-uagb-image--layout-overlay__color-wrapper{opacity:1}.wp-block-uagb-image--layout-overlay__inner{position:absolute;left:15px;right:15px;bottom:15px;top:15px;display:flex;align-items:center;justify-content:center;flex-direction:column;border-color:#fff;transition:.35s ease-in-out}.wp-block-uagb-image--layout-overlay__inner.top-left,.wp-block-uagb-image--layout-overlay__inner.top-center,.wp-block-uagb-image--layout-overlay__inner.top-right{justify-content:flex-start}.wp-block-uagb-image--layout-overlay__inner.bottom-left,.wp-block-uagb-image--layout-overlay__inner.bottom-center,.wp-block-uagb-image--layout-overlay__inner.bottom-right{justify-content:flex-end}.wp-block-uagb-image--layout-overlay__inner.top-left,.wp-block-uagb-image--layout-overlay__inner.center-left,.wp-block-uagb-image--layout-overlay__inner.bottom-left{align-items:flex-start}.wp-block-uagb-image--layout-overlay__inner.top-right,.wp-block-uagb-image--layout-overlay__inner.center-right,.wp-block-uagb-image--layout-overlay__inner.bottom-right{align-items:flex-end}.wp-block-uagb-image--layout-overlay__inner .uagb-image-heading{color:#fff;transition:transform .35s,opacity .35s ease-in-out;transform:translate3d(0, 24px, 0);margin:0;line-height:1em}.wp-block-uagb-image--layout-overlay__inner .uagb-image-separator{width:30%;border-top-width:2px;border-top-color:#fff;border-top-style:solid;margin-bottom:10px;opacity:0;transition:transform .4s,opacity .4s ease-in-out;transform:translate3d(0, 30px, 0)}.wp-block-uagb-image--layout-overlay__inner .uagb-image-caption{opacity:0;overflow:visible;color:#fff;transition:transform .45s,opacity .45s ease-in-out;transform:translate3d(0, 35px, 0)}.wp-block-uagb-image--layout-overlay__inner:hover .uagb-image-heading,.wp-block-uagb-image--layout-overlay__inner:hover .uagb-image-separator,.wp-block-uagb-image--layout-overlay__inner:hover .uagb-image-caption{opacity:1;transform:translate3d(0, 0, 0)}.wp-block-uagb-image--effect-zoomin .wp-block-uagb-image__figure img,.wp-block-uagb-image--effect-zoomin .wp-block-uagb-image__figure .wp-block-uagb-image--layout-overlay__color-wrapper{transform:scale(1);transition:transform .35s ease-in-out}.wp-block-uagb-image--effect-zoomin .wp-block-uagb-image__figure:hover img,.wp-block-uagb-image--effect-zoomin .wp-block-uagb-image__figure:hover .wp-block-uagb-image--layout-overlay__color-wrapper{transform:scale(1.05)}.wp-block-uagb-image--effect-slide .wp-block-uagb-image__figure img,.wp-block-uagb-image--effect-slide .wp-block-uagb-image__figure .wp-block-uagb-image--layout-overlay__color-wrapper{width:calc(100% + 40px) !important;max-width:none !important;transform:translate3d(-40px, 0, 0);transition:transform .35s ease-in-out}.wp-block-uagb-image--effect-slide .wp-block-uagb-image__figure:hover img,.wp-block-uagb-image--effect-slide .wp-block-uagb-image__figure:hover .wp-block-uagb-image--layout-overlay__color-wrapper{transform:translate3d(0, 0, 0)}.wp-block-uagb-image--effect-grayscale img{filter:grayscale(0%);transition:.35s ease-in-out}.wp-block-uagb-image--effect-grayscale:hover img{filter:grayscale(100%)}.wp-block-uagb-image--effect-blur img{filter:blur(0);transition:.35s ease-in-out}.wp-block-uagb-image--effect-blur:hover img{filter:blur(3px)}.uagb-block-e6f939b3.wp-block-uagb-image--layout-default figure img{box-shadow: 0px 0px 0 #00000070;}.uagb-block-e6f939b3.wp-block-uagb-image .wp-block-uagb-image__figure figcaption{font-style: normal;align-self: center;}.uagb-block-e6f939b3.wp-block-uagb-image--layout-overlay figure img{box-shadow: 0px 0px 0 #00000070;}.uagb-block-e6f939b3.wp-block-uagb-image--layout-overlay .wp-block-uagb-image--layout-overlay__color-wrapper{opacity: 0.2;}.uagb-block-e6f939b3.wp-block-uagb-image--layout-overlay .wp-block-uagb-image--layout-overlay__inner{left: 15px;right: 15px;top: 15px;bottom: 15px;}.uagb-block-e6f939b3.wp-block-uagb-image--layout-overlay .wp-block-uagb-image--layout-overlay__inner .uagb-image-heading{font-style: normal;color: #fff;opacity: 1;}.uagb-block-e6f939b3.wp-block-uagb-image--layout-overlay .wp-block-uagb-image--layout-overlay__inner .uagb-image-heading a{color: #fff;}.uagb-block-e6f939b3.wp-block-uagb-image--layout-overlay .wp-block-uagb-image--layout-overlay__inner .uagb-image-caption{opacity: 0;}.uagb-block-e6f939b3.wp-block-uagb-image--layout-overlay .wp-block-uagb-image__figure:hover .wp-block-uagb-image--layout-overlay__color-wrapper{opacity: 1;}.uagb-block-e6f939b3.wp-block-uagb-image .wp-block-uagb-image--layout-overlay__inner .uagb-image-separator{width: 30%;border-top-width: 2px;border-top-color: #fff;opacity: 0;}.uagb-block-e6f939b3.wp-block-uagb-image .wp-block-uagb-image__figure img{width: px;height: auto;}.uagb-block-e6f939b3.wp-block-uagb-image .wp-block-uagb-image__figure:hover .wp-block-uagb-image--layout-overlay__inner .uagb-image-caption{opacity: 1;}.uagb-block-e6f939b3.wp-block-uagb-image .wp-block-uagb-image__figure:hover .wp-block-uagb-image--layout-overlay__inner .uagb-image-separator{opacity: 1;}.uagb-block-e6f939b3.wp-block-uagb-image--layout-default figure:hover img{box-shadow: 0px 0px 0 #00000070;}.uagb-block-e6f939b3.wp-block-uagb-image--layout-overlay figure:hover img{box-shadow: 0px 0px 0 #00000070;}@media only screen and (max-width: 976px) {.uagb-block-e6f939b3.wp-block-uagb-image .wp-block-uagb-image__figure img{width: px;height: auto;}}@media only screen and (max-width: 767px) {.uagb-block-e6f939b3.wp-block-uagb-image .wp-block-uagb-image__figure img{width: px;height: auto;}}\";s:2:\"js\";s:0:\"\";s:18:\"current_block_list\";a:13:{i:0;s:11:\"core\/search\";i:1;s:10:\"core\/group\";i:2;s:12:\"core\/heading\";i:3;s:17:\"core\/latest-posts\";i:4;s:20:\"core\/latest-comments\";i:5;s:13:\"core\/archives\";i:6;s:15:\"core\/categories\";i:7;s:14:\"core\/paragraph\";i:8;s:10:\"uagb\/image\";i:9;s:11:\"core\/spacer\";i:10;s:30:\"woocommerce\/product-categories\";i:11;s:10:\"core\/image\";i:12;s:14:\"core\/shortcode\";}s:8:\"uag_flag\";b:1;s:11:\"uag_version\";s:10:\"1777264271\";s:6:\"gfonts\";a:0:{}s:10:\"gfonts_url\";s:0:\"\";s:12:\"gfonts_files\";a:0:{}s:14:\"uag_faq_layout\";b:0;}"]},"uagb_featured_image_src":{"full":["https:\/\/www.ferberpainting.com\/wp-content\/uploads\/2025\/05\/Shoe-Water-Repellent-5L.png",2560,2560,false],"thumbnail":["https:\/\/www.ferberpainting.com\/wp-content\/uploads\/2025\/05\/Shoe-Water-Repellent-5L-150x150.png",150,150,true],"medium":["https:\/\/www.ferberpainting.com\/wp-content\/uploads\/2025\/05\/Shoe-Water-Repellent-5L-300x300.png",300,300,true],"medium_large":["https:\/\/www.ferberpainting.com\/wp-content\/uploads\/2025\/05\/Shoe-Water-Repellent-5L-768x768.png",768,768,true],"large":["https:\/\/www.ferberpainting.com\/wp-content\/uploads\/2025\/05\/Shoe-Water-Repellent-5L-1024x1024.png",1024,1024,true],"1536x1536":["https:\/\/www.ferberpainting.com\/wp-content\/uploads\/2025\/05\/Shoe-Water-Repellent-5L-1536x1536.png",1536,1536,true],"2048x2048":["https:\/\/www.ferberpainting.com\/wp-content\/uploads\/2025\/05\/Shoe-Water-Repellent-5L-2048x2048.png",2048,2048,true],"trp-custom-language-flag":["https:\/\/www.ferberpainting.com\/wp-content\/uploads\/2025\/05\/Shoe-Water-Repellent-5L-12x12.png",12,12,true],"woocommerce_thumbnail":["https:\/\/www.ferberpainting.com\/wp-content\/uploads\/2025\/05\/Shoe-Water-Repellent-5L-300x300.png",300,300,true],"woocommerce_single":["https:\/\/www.ferberpainting.com\/wp-content\/uploads\/2025\/05\/Shoe-Water-Repellent-5L-600x600.png",600,600,true],"woocommerce_gallery_thumbnail":["https:\/\/www.ferberpainting.com\/wp-content\/uploads\/2025\/05\/Shoe-Water-Repellent-5L-100x100.png",100,100,true]},"uagb_author_info":{"display_name":"admin","author_link":"https:\/\/www.ferberpainting.com\/lv\/author\/"},"uagb_comment_info":10,"uagb_excerpt":"Effective Protection Against Moisture and Stains.\u00a0This shoe waterproofer is the ideal solution to protect your shoes from the elements, humidity, mud, and stains. Whether your shoes are made of leather, canvas, suede, or nubuck, this product forms an invisible barrier that prevents water from penetrating while allowing the material to breathe. It keeps your feet&hellip;","_links":{"self":[{"href":"https:\/\/www.ferberpainting.com\/lv\/wp-json\/wp\/v2\/product\/25287","targetHints":{"allow":["GET"]}}],"collection":[{"href":"https:\/\/www.ferberpainting.com\/lv\/wp-json\/wp\/v2\/product"}],"about":[{"href":"https:\/\/www.ferberpainting.com\/lv\/wp-json\/wp\/v2\/types\/product"}],"replies":[{"embeddable":true,"href":"https:\/\/www.ferberpainting.com\/lv\/wp-json\/wp\/v2\/comments?post=25287"}],"version-history":[{"count":4,"href":"https:\/\/www.ferberpainting.com\/lv\/wp-json\/wp\/v2\/product\/25287\/revisions"}],"predecessor-version":[{"id":167269,"href":"https:\/\/www.ferberpainting.com\/lv\/wp-json\/wp\/v2\/product\/25287\/revisions\/167269"}],"wp:featuredmedia":[{"embeddable":true,"href":"https:\/\/www.ferberpainting.com\/lv\/wp-json\/wp\/v2\/media\/30017"}],"wp:attachment":[{"href":"https:\/\/www.ferberpainting.com\/lv\/wp-json\/wp\/v2\/media?parent=25287"}],"wp:term":[{"taxonomy":"product_brand","embeddable":true,"href":"https:\/\/www.ferberpainting.com\/lv\/wp-json\/wp\/v2\/product_brand?post=25287"},{"taxonomy":"product_cat","embeddable":true,"href":"https:\/\/www.ferberpainting.com\/lv\/wp-json\/wp\/v2\/product_cat?post=25287"},{"taxonomy":"product_tag","embeddable":true,"href":"https:\/\/www.ferberpainting.com\/lv\/wp-json\/wp\/v2\/product_tag?post=25287"}],"curies":[{"name":"wp","href":"https:\/\/api.w.org\/{rel}","templated":true}]}}