{"id":25284,"date":"2025-05-26T10:30:27","date_gmt":"2025-05-26T08:30:27","guid":{"rendered":"https:\/\/www.ferberpainting.com\/products\/septic-tank-unblocker\/"},"modified":"2026-02-16T10:30:50","modified_gmt":"2026-02-16T09:30:50","slug":"septic-tank-unblocker","status":"publish","type":"product","link":"https:\/\/www.ferberpainting.com\/lv\/products\/septic-tank-unblocker\/","title":{"rendered":"Septi\u0137a aizdamb\u0113juma no\u0146em\u0161anas l\u012bdzeklis"},"content":{"rendered":"<p><strong><img decoding=\"async\" style=\"margin-right: 12px;\" src=\"https:\/\/www.ferberpainting.com\/wp-content\/uploads\/2026\/02\/Check.svg\" alt=\"\" width=\"18\" height=\"15\" \/>\u0100tra un efekt\u012bva aizs\u0113r\u0113jumu un aizs\u0113r\u0113jumu nov\u0113r\u0161ana.<\/strong>\u00a0\u0160is septisko tvert\u0146u atblo\u0137\u0113t\u0101js ir \u012bpa\u0161i izstr\u0101d\u0101ts, lai efekt\u012bvi \u0161\u0137\u012bdin\u0101tu aizsprostojumus, kas pal\u0113nina vai blo\u0137\u0113 notek\u016bde\u0146u pl\u016bsmu. Tas dzi\u013ci ies\u016bcas organiskajos nogulsn\u0113s, taukos, tualetes pap\u012br\u0101 un citos uzkr\u0101tajos atlikumos, nodro\u0161inot optim\u0101lu tvertnes darb\u012bbu. T\u0101 sp\u0113c\u012bg\u0101 iedarb\u012bba \u0101tri atjauno \u0161\u0137idruma cirkul\u0101ciju un nov\u0113r\u0161 ne\u0113rt\u012bbas, kas saist\u012btas ar aizsprostojumiem, piem\u0113ram, nepat\u012bkamas smakas un st\u0101vo\u0161a \u016bdens uzkr\u0101\u0161anos.<\/p>\n<p><strong><img decoding=\"async\" style=\"margin-right: 12px;\" src=\"https:\/\/www.ferberpainting.com\/wp-content\/uploads\/2026\/02\/Check.svg\" alt=\"\" width=\"18\" height=\"15\" \/>Naudas atmaksas garantija.<\/strong>\u00a0M\u0113s esam piln\u012bb\u0101 p\u0101rliecin\u0101ti par m\u016bsu septisko tvert\u0146u atblo\u0137\u0113\u0161anas l\u012bdzek\u013ca efektivit\u0101ti, t\u0101p\u0113c pied\u0101v\u0101jam naudas atmaksas garantiju. Ja p\u0113c pareizas lieto\u0161anas saska\u0146\u0101 ar ieteikumiem probl\u0113ma saglab\u0101jas, jums ir iesp\u0113ja piepras\u012bt naudas atmaksu bez nosac\u012bjumiem, nodro\u0161inot dro\u0161u un bezriska pirkumu.<\/p>\n<p><strong><img decoding=\"async\" style=\"margin-right: 12px;\" src=\"https:\/\/www.ferberpainting.com\/wp-content\/uploads\/2026\/02\/Check.svg\" alt=\"\" width=\"18\" height=\"15\" \/>Sader\u012bgs ar da\u017e\u0101da veida tvertn\u0113m un materi\u0101liem.<\/strong>\u00a0\u0160is atblo\u0137\u0113t\u0101js ir piem\u0113rots septiskaj\u0101m tvertn\u0113m, kas izgatavotas no betona, plastmasas, cementa un kompoz\u012btmateri\u0101liem, k\u0101 ar\u012b kanaliz\u0101cijas sist\u0113m\u0101m ar tauku uztv\u0113r\u0113jiem un caurul\u0113m, kas izgatavotas no PVC, \u010duguna, vara un ner\u016bs\u0113jo\u0161\u0101 t\u0113rauda. Tas ir efekt\u012bvs gan individu\u0101l\u0101s iek\u0101rt\u0101s, gan kolekt\u012bvos vai da\u013c\u0113ji kolekt\u012bvos kanaliz\u0101cijas t\u012bklos.<\/p>\n<p><strong><img decoding=\"async\" style=\"margin-right: 12px;\" src=\"https:\/\/www.ferberpainting.com\/wp-content\/uploads\/2026\/02\/Check.svg\" alt=\"\" width=\"18\" height=\"15\" \/>Ekonomiska efektivit\u0101te un optimiz\u0113ta doz\u0113\u0161ana.<\/strong>\u00a0Pateicoties t\u0101 koncentr\u0113tajai formulai, ar 1 litru produkta var apstr\u0101d\u0101t l\u012bdz pat 4 aizs\u0113r\u0113jumus, nodro\u0161inot ekonomisku un efekt\u012bvu risin\u0101jumu j\u016bsu septisk\u0101s sist\u0113mas atblo\u0137\u0113\u0161anai un uztur\u0113\u0161anai. T\u0101 m\u0113r\u0137tiec\u012bg\u0101 iedarb\u012bba samazina l\u012bdzek\u013ca daudzumu, kas nepiecie\u0161ams vienam lieto\u0161anas reiz\u0113m, optimiz\u0113jot efektivit\u0101ti un samazinot uztur\u0113\u0161anas izmaksas.<\/p>\n<p><strong><img decoding=\"async\" style=\"margin-right: 12px;\" src=\"https:\/\/www.ferberpainting.com\/wp-content\/uploads\/2026\/02\/Check.svg\" alt=\"\" width=\"18\" height=\"15\" \/>Dro\u0161s un septiskaj\u0101m viel\u0101m draudz\u012bgs produkts.<\/strong>\u00a0At\u0161\u0137ir\u012bb\u0101 no kod\u012bgiem atblo\u0137\u0113t\u0101jiem, kas var saboj\u0101t caurules un izjaukt septisko tvert\u0146u l\u012bdzsvaru, \u0161is produkts darbojas, neboj\u0101jot virsmas un neboj\u0101jot tvertn\u0113 eso\u0161o bakt\u0113riju ekosist\u0113mu. Tas nodro\u0161ina saudz\u012bgu sanit\u0101ro att\u012br\u012b\u0161anu, vienlaikus saglab\u0101jot organisko vielu dabisku sadal\u012b\u0161anos, t\u0101d\u0113j\u0101di veicinot optim\u0101lu un ilgsto\u0161u j\u016bsu dren\u0101\u017eas sist\u0113mas uztur\u0113\u0161anu.<\/p>\n<p><strong><img decoding=\"async\" style=\"margin-right: 12px;\" src=\"https:\/\/www.ferberpainting.com\/wp-content\/uploads\/2026\/02\/Check.svg\" alt=\"\" width=\"18\" height=\"15\" \/>Viegla lieto\u0161ana un t\u016bl\u012bt\u0113ja efektivit\u0101te.<\/strong>\u00a0\u0160is atblo\u0137\u0113t\u0101js ir gatavs lieto\u0161anai, un tam nav nepiecie\u0161ama sare\u017e\u0123\u012bta sagatavo\u0161ana. Vienk\u0101r\u0161i ielejiet to tie\u0161i tualet\u0113 vai septiskaj\u0101 tvertn\u0113 un pirms skalo\u0161anas \u013caujiet tam da\u017eas stundas nost\u0101v\u0113ties. T\u0101 \u012bpa\u0161i \u0101tr\u0101 iedarb\u012bba iz\u0161\u0137\u012bdina aizs\u0113r\u0113jumus tikai 15 l\u012bdz 30 min\u016b\u0161u laik\u0101, samazinot aizsprostojumu rad\u012bt\u0101s ne\u0113rt\u012bbas un veicinot pareizu sist\u0113mas darb\u012bbu.<\/p>\n<p><strong><img decoding=\"async\" style=\"margin-right: 12px;\" src=\"https:\/\/www.ferberpainting.com\/wp-content\/uploads\/2026\/02\/Check.svg\" alt=\"\" width=\"18\" height=\"15\" \/>Ilgtermi\u0146a notur\u012bba un turpm\u0101ku blo\u0137\u0113jumu nov\u0113r\u0161ana.<\/strong>\u00a0\u0160is l\u012bdzeklis ne tikai efekt\u012bvi atbr\u012bvo tvertni no aizs\u0113r\u0113jumiem, bet ar\u012b nov\u0113r\u0161 jaunu aizs\u0113r\u0113jumu veido\u0161anos, pak\u0101peniski iz\u0161\u0137\u012bdinot uzkr\u0101tos nos\u0113dumus. Regul\u0101ra lieto\u0161ana pal\u012bdz samazin\u0101t aizs\u0113r\u0113\u0161anas risku un nodro\u0161ina cauru\u013cu un septisk\u0101s tvertnes optim\u0101lu darb\u012bbu ilgtermi\u0146\u0101, nov\u0113r\u0161ot nepiecie\u0161am\u012bbu bie\u017ei veikt s\u016bkn\u0113\u0161anas oper\u0101cijas.<\/p>\n<p><strong><img decoding=\"async\" style=\"margin-right: 12px;\" src=\"https:\/\/www.ferberpainting.com\/wp-content\/uploads\/2026\/02\/Check.svg\" alt=\"\" width=\"18\" height=\"15\" \/>\u0100tra darb\u012bba t\u016bl\u012bt\u0113jam komfortam.<\/strong>\u00a0P\u0113c lieto\u0161anas \u0161is atblo\u0137\u0113t\u0101js s\u0101k no\u0101rd\u012bt blo\u0137\u0113jo\u0161os materi\u0101lus un sa\u0161\u0137idrin\u0101t st\u0101vo\u0161o \u016bdeni. P\u0113c vienk\u0101r\u0161as skalo\u0161anas pl\u016bsma tiek atjaunota, un tvertne ats\u0101k norm\u0101lu darb\u012bbu, nodro\u0161inot vienm\u0113r\u012bgu un netrauc\u0113tu lieto\u0161anu.<\/p>\n<h2><strong>Lieto\u0161anas protokols<\/strong><\/h2>\n<ul>\n<li><strong>Uzst\u0101d\u012b\u0161anas sagatavo\u0161ana<\/strong> : Pirms lieto\u0161anas p\u0101rliecinieties, ka st\u0101vo\u0161s \u016bdens nav sasniedzis kritisko l\u012bmeni. Ja nepiecie\u0161ams, manu\u0101li izt\u012briet septisko tvertni, lai uzlabotu produkta efektivit\u0101ti.<\/li>\n<li><strong>Ieteicam\u0101 deva :<\/strong> Lai nov\u0113rstu aizs\u0113r\u0113jumu, ielejiet 250 ml produkta tie\u0161i septiskaj\u0101 tvertn\u0113 vai tualet\u0113. Ar 1 litru var izt\u012br\u012bt l\u012bdz 4 aizs\u0113r\u0113jumus. Ja aizsprostojums ir nopietns, p\u0113c da\u017e\u0101m stund\u0101m var veikt atk\u0101rtotu uzkl\u0101\u0161anu.<\/li>\n<li><strong>Atblo\u0137\u0113t\u0101ja lieto\u0161ana :<\/strong> L\u0113n\u0101m ielejiet l\u012bdzekli septiskaj\u0101 tvertn\u0113 vai savienotaj\u0101s caurul\u0113s, izvairoties to sajaukt ar citiem \u0137\u012bmiskiem produktiem.<\/li>\n<li><strong>Darb\u012bbas laiks :<\/strong> \u013baujiet tam nost\u0101v\u0113ties 15 l\u012bdz 30 min\u016btes, ja ir standarta aizs\u0113r\u0113jums. Ja aizsprostojums ir nopietns, pirms skalo\u0161anas \u013caujiet tam iedarboties l\u012bdz pat 1 stundai.<\/li>\n<li><strong>Skalo\u0161ana un pl\u016bsmas p\u0101rbaude :<\/strong> P\u0113c atp\u016btas perioda beig\u0101m bag\u0101t\u012bgi izskalojiet ar \u016bdeni, lai no\u0146emtu iz\u0161\u0137\u012bdu\u0161os atlikumus, un p\u0101rbaudiet, vai pl\u016bsma ir normaliz\u0113jusies.<\/li>\n<li><strong>Profilaktisk\u0101 apkope :<\/strong> Lai nov\u0113rstu jaunu aizs\u0113r\u0113jumu veido\u0161anos, ieteicams reizi m\u0113nes\u012b lietot nelielu daudzumu l\u012bdzek\u013ca, kas pak\u0101peniski iz\u0161\u0137\u012bdina nogulsnes un uztur septisk\u0101s tvertnes pareizu darb\u012bbu.<\/li>\n<li><strong>Lieto\u0161anas piesardz\u012bbas pas\u0101kumi :<\/strong> Nesajaukt ar cit\u0101m agres\u012bv\u0101m \u0137\u012bmisk\u0101m viel\u0101m (piem\u0113ram, balin\u0101t\u0101ju vai sp\u0113c\u012bg\u0101m sk\u0101b\u0113m). Izvair\u012bties no saskares ar \u0101du un ac\u012bm. Nejau\u0161as saskares gad\u012bjum\u0101 nekav\u0113joties noskalot ar t\u012bru \u016bdeni un vajadz\u012bbas gad\u012bjum\u0101 konsult\u0113ties ar \u0101rstu.<\/li>\n<li><strong>Uzglab\u0101\u0161ana un konserv\u0113\u0161ana :<\/strong> Uzglab\u0101t produktu saus\u0101 un m\u0113ren\u0101 viet\u0101, b\u0113rniem nepieejam\u0101 viet\u0101 un b\u0113rniem nepieejam\u0101 viet\u0101. P\u0113c lieto\u0161anas pudeli vienm\u0113r cie\u0161i aizveriet, lai nov\u0113rstu \u0161\u0137\u012bduma iztvaiko\u0161anu vai izmain\u012b\u0161anos.<\/li>\n<\/ul>\n<p>Izmantojot \u0161o septisko tvert\u0146u atblo\u0137\u0113\u0161anas ier\u012bci, varat efekt\u012bvi uztur\u0113t savu iek\u0101rtu, vienlaikus nodro\u0161inot vienm\u0113r\u012bgu dren\u0101\u017eu, \u0101tru darb\u012bbu un ilgtermi\u0146a aizs\u0113r\u0113jumu un aizs\u0113r\u0113jumu nov\u0113r\u0161anu. Nodro\u0161iniet savu kanaliz\u0101cijas sist\u0113mu ar efekt\u012bvu un ekonomisku risin\u0101jumu, vienlaikus saglab\u0101jot t\u0101s dabisko l\u012bdzsvaru un ilgm\u016b\u017e\u012bbu.<\/p>","protected":false},"excerpt":{"rendered":"<p>Rapid and Effective Removal of Clogs and Blockages.\u00a0This septic tank unblocker is specially formulated to efficiently dissolve clogs that slow down or block the flow of wastewater. It deeply penetrates organic deposits, grease, toilet paper, and other accumulated residues, ensuring optimal function of the tank. Its powerful action quickly restores liquid circulation and prevents inconveniences [&hellip;]<\/p>\n","protected":false},"featured_media":27166,"comment_status":"open","ping_status":"closed","template":"","meta":{"_uag_custom_page_level_css":"","site-sidebar-layout":"default","site-content-layout":"","ast-site-content-layout":"default","site-content-style":"default","site-sidebar-style":"default","ast-global-header-display":"","ast-banner-title-visibility":"","ast-main-header-display":"","ast-hfb-above-header-display":"","ast-hfb-below-header-display":"","ast-hfb-mobile-header-display":"","site-post-title":"","ast-breadcrumbs-content":"","ast-featured-img":"","footer-sml-layout":"","ast-disable-related-posts":"","theme-transparent-header-meta":"default","adv-header-id-meta":"","stick-header-meta":"","header-above-stick-meta":"","header-main-stick-meta":"","header-below-stick-meta":"","astra-migrate-meta-layouts":"set","ast-page-background-enabled":"default","ast-page-background-meta":{"desktop":{"background-color":"var(--ast-global-color-4)","background-image":"","background-repeat":"repeat","background-position":"center center","background-size":"auto","background-attachment":"scroll","background-type":"","background-media":"","overlay-type":"","overlay-color":"","overlay-opacity":"","overlay-gradient":""},"tablet":{"background-color":"","background-image":"","background-repeat":"repeat","background-position":"center center","background-size":"auto","background-attachment":"scroll","background-type":"","background-media":"","overlay-type":"","overlay-color":"","overlay-opacity":"","overlay-gradient":""},"mobile":{"background-color":"","background-image":"","background-repeat":"repeat","background-position":"center center","background-size":"auto","background-attachment":"scroll","background-type":"","background-media":"","overlay-type":"","overlay-color":"","overlay-opacity":"","overlay-gradient":""}},"ast-content-background-meta":{"desktop":{"background-color":"var(--ast-global-color-5)","background-image":"","background-repeat":"repeat","background-position":"center center","background-size":"auto","background-attachment":"scroll","background-type":"","background-media":"","overlay-type":"","overlay-color":"","overlay-opacity":"","overlay-gradient":""},"tablet":{"background-color":"var(--ast-global-color-5)","background-image":"","background-repeat":"repeat","background-position":"center center","background-size":"auto","background-attachment":"scroll","background-type":"","background-media":"","overlay-type":"","overlay-color":"","overlay-opacity":"","overlay-gradient":""},"mobile":{"background-color":"var(--ast-global-color-5)","background-image":"","background-repeat":"repeat","background-position":"center center","background-size":"auto","background-attachment":"scroll","background-type":"","background-media":"","overlay-type":"","overlay-color":"","overlay-opacity":"","overlay-gradient":""}}},"product_brand":[],"product_cat":[175],"product_tag":[],"class_list":{"0":"post-25284","1":"product","2":"type-product","3":"status-publish","4":"has-post-thumbnail","6":"product_cat-cleaning-products","7":"desktop-align-left","8":"tablet-align-left","9":"mobile-align-left","11":"first","12":"instock","13":"sale","14":"taxable","15":"shipping-taxable","16":"purchasable","17":"product-type-variable","18":"has-default-attributes"},"spectra_custom_meta":{"_visibility":["visible"],"_shopify_product_id":["9062234652917"],"_s2w_shopify_domain":["ferberpainting.myshopify.com"],"_shopify_variant_id":["46488098504949"],"_sku":[""],"_manage_stock":["no"],"total_sales":["306"],"_tax_status":["taxable"],"_tax_class":[""],"_backorders":["no"],"_sold_individually":["no"],"_virtual":["no"],"_downloadable":["no"],"_download_limit":["-1"],"_download_expiry":["-1"],"_stock":[null],"_stock_status":["instock"],"_wc_average_rating":["4.67"],"_wc_review_count":["6"],"_product_attributes":["a:1:{s:6:\"volume\";a:6:{s:4:\"name\";s:6:\"Volume\";s:5:\"value\";s:20:\"5 liters | 25 liters\";s:8:\"position\";i:1;s:10:\"is_visible\";i:0;s:12:\"is_variation\";i:1;s:11:\"is_taxonomy\";i:0;}}"],"_product_version":["10.5.1"],"_thumbnail_id":["27166"],"_product_image_gallery":["27167"],"wpse_downloadable_file_names":[""],"wpse_downloadable_file_urls":[""],"_edit_last":["1"],"_default_attributes":["a:1:{s:6:\"volume\";s:8:\"5 liters\";}"],"_edit_lock":["1771234112:1"],"_price":["29.90","129.90"],"merchant-center-availability":["yes"],"merchant-center-category":["1749"],"_wp_page_template":["default"],"site-sidebar-layout":["default"],"ast-site-content-layout":["default"],"site-content-style":["default"],"site-sidebar-style":["default"],"theme-transparent-header-meta":["default"],"_wc_rating_count":["a:2:{i:4;i:2;i:5;i:4;}"],"astra-migrate-meta-layouts":["set"],"_uag_css_file_name":["uag-css-25284.css"],"_elementor_page_assets":["a:0:{}"],"_uag_page_assets":["a:9:{s:3:\"css\";s:7133:\".uag-blocks-common-selector{z-index:var(--z-index-desktop) !important}@media(max-width: 976px){.uag-blocks-common-selector{z-index:var(--z-index-tablet) !important}}@media(max-width: 767px){.uag-blocks-common-selector{z-index:var(--z-index-mobile) !important}}.wp-block-uagb-image{display:flex}.wp-block-uagb-image__figure{position:relative;display:flex;flex-direction:column;max-width:100%;height:auto;margin:0}.wp-block-uagb-image__figure img{height:auto;display:flex;max-width:100%;transition:box-shadow .2s ease}.wp-block-uagb-image__figure>a{display:inline-block}.wp-block-uagb-image__figure figcaption{text-align:center;margin-top:.5em;margin-bottom:1em}.wp-block-uagb-image .components-placeholder.block-editor-media-placeholder .components-placeholder__instructions{align-self:center}.wp-block-uagb-image--align-left{text-align:left}.wp-block-uagb-image--align-right{text-align:right}.wp-block-uagb-image--align-center{text-align:center}.wp-block-uagb-image--align-full .wp-block-uagb-image__figure{margin-left:calc(50% - 50vw);margin-right:calc(50% - 50vw);max-width:100vw;width:100vw;height:auto}.wp-block-uagb-image--align-full .wp-block-uagb-image__figure img{height:auto;width:100% !important}.wp-block-uagb-image--align-wide .wp-block-uagb-image__figure img{height:auto;width:100%}.wp-block-uagb-image--layout-overlay__color-wrapper{position:absolute;left:0;top:0;right:0;bottom:0;opacity:.2;background:rgba(0,0,0,.5);transition:opacity .35s ease-in-out}.wp-block-uagb-image--layout-overlay-link{position:absolute;left:0;right:0;bottom:0;top:0}.wp-block-uagb-image--layout-overlay .wp-block-uagb-image__figure:hover .wp-block-uagb-image--layout-overlay__color-wrapper{opacity:1}.wp-block-uagb-image--layout-overlay__inner{position:absolute;left:15px;right:15px;bottom:15px;top:15px;display:flex;align-items:center;justify-content:center;flex-direction:column;border-color:#fff;transition:.35s ease-in-out}.wp-block-uagb-image--layout-overlay__inner.top-left,.wp-block-uagb-image--layout-overlay__inner.top-center,.wp-block-uagb-image--layout-overlay__inner.top-right{justify-content:flex-start}.wp-block-uagb-image--layout-overlay__inner.bottom-left,.wp-block-uagb-image--layout-overlay__inner.bottom-center,.wp-block-uagb-image--layout-overlay__inner.bottom-right{justify-content:flex-end}.wp-block-uagb-image--layout-overlay__inner.top-left,.wp-block-uagb-image--layout-overlay__inner.center-left,.wp-block-uagb-image--layout-overlay__inner.bottom-left{align-items:flex-start}.wp-block-uagb-image--layout-overlay__inner.top-right,.wp-block-uagb-image--layout-overlay__inner.center-right,.wp-block-uagb-image--layout-overlay__inner.bottom-right{align-items:flex-end}.wp-block-uagb-image--layout-overlay__inner .uagb-image-heading{color:#fff;transition:transform .35s,opacity .35s ease-in-out;transform:translate3d(0, 24px, 0);margin:0;line-height:1em}.wp-block-uagb-image--layout-overlay__inner .uagb-image-separator{width:30%;border-top-width:2px;border-top-color:#fff;border-top-style:solid;margin-bottom:10px;opacity:0;transition:transform .4s,opacity .4s ease-in-out;transform:translate3d(0, 30px, 0)}.wp-block-uagb-image--layout-overlay__inner .uagb-image-caption{opacity:0;overflow:visible;color:#fff;transition:transform .45s,opacity .45s ease-in-out;transform:translate3d(0, 35px, 0)}.wp-block-uagb-image--layout-overlay__inner:hover .uagb-image-heading,.wp-block-uagb-image--layout-overlay__inner:hover .uagb-image-separator,.wp-block-uagb-image--layout-overlay__inner:hover .uagb-image-caption{opacity:1;transform:translate3d(0, 0, 0)}.wp-block-uagb-image--effect-zoomin .wp-block-uagb-image__figure img,.wp-block-uagb-image--effect-zoomin .wp-block-uagb-image__figure .wp-block-uagb-image--layout-overlay__color-wrapper{transform:scale(1);transition:transform .35s ease-in-out}.wp-block-uagb-image--effect-zoomin .wp-block-uagb-image__figure:hover img,.wp-block-uagb-image--effect-zoomin .wp-block-uagb-image__figure:hover .wp-block-uagb-image--layout-overlay__color-wrapper{transform:scale(1.05)}.wp-block-uagb-image--effect-slide .wp-block-uagb-image__figure img,.wp-block-uagb-image--effect-slide .wp-block-uagb-image__figure .wp-block-uagb-image--layout-overlay__color-wrapper{width:calc(100% + 40px) !important;max-width:none !important;transform:translate3d(-40px, 0, 0);transition:transform .35s ease-in-out}.wp-block-uagb-image--effect-slide .wp-block-uagb-image__figure:hover img,.wp-block-uagb-image--effect-slide .wp-block-uagb-image__figure:hover .wp-block-uagb-image--layout-overlay__color-wrapper{transform:translate3d(0, 0, 0)}.wp-block-uagb-image--effect-grayscale img{filter:grayscale(0%);transition:.35s ease-in-out}.wp-block-uagb-image--effect-grayscale:hover img{filter:grayscale(100%)}.wp-block-uagb-image--effect-blur img{filter:blur(0);transition:.35s ease-in-out}.wp-block-uagb-image--effect-blur:hover img{filter:blur(3px)}.uagb-block-e6f939b3.wp-block-uagb-image--layout-default figure img{box-shadow: 0px 0px 0 #00000070;}.uagb-block-e6f939b3.wp-block-uagb-image .wp-block-uagb-image__figure figcaption{font-style: normal;align-self: center;}.uagb-block-e6f939b3.wp-block-uagb-image--layout-overlay figure img{box-shadow: 0px 0px 0 #00000070;}.uagb-block-e6f939b3.wp-block-uagb-image--layout-overlay .wp-block-uagb-image--layout-overlay__color-wrapper{opacity: 0.2;}.uagb-block-e6f939b3.wp-block-uagb-image--layout-overlay .wp-block-uagb-image--layout-overlay__inner{left: 15px;right: 15px;top: 15px;bottom: 15px;}.uagb-block-e6f939b3.wp-block-uagb-image--layout-overlay .wp-block-uagb-image--layout-overlay__inner .uagb-image-heading{font-style: normal;color: #fff;opacity: 1;}.uagb-block-e6f939b3.wp-block-uagb-image--layout-overlay .wp-block-uagb-image--layout-overlay__inner .uagb-image-heading a{color: #fff;}.uagb-block-e6f939b3.wp-block-uagb-image--layout-overlay .wp-block-uagb-image--layout-overlay__inner .uagb-image-caption{opacity: 0;}.uagb-block-e6f939b3.wp-block-uagb-image--layout-overlay .wp-block-uagb-image__figure:hover .wp-block-uagb-image--layout-overlay__color-wrapper{opacity: 1;}.uagb-block-e6f939b3.wp-block-uagb-image .wp-block-uagb-image--layout-overlay__inner .uagb-image-separator{width: 30%;border-top-width: 2px;border-top-color: #fff;opacity: 0;}.uagb-block-e6f939b3.wp-block-uagb-image .wp-block-uagb-image__figure img{width: px;height: auto;}.uagb-block-e6f939b3.wp-block-uagb-image .wp-block-uagb-image__figure:hover .wp-block-uagb-image--layout-overlay__inner .uagb-image-caption{opacity: 1;}.uagb-block-e6f939b3.wp-block-uagb-image .wp-block-uagb-image__figure:hover .wp-block-uagb-image--layout-overlay__inner .uagb-image-separator{opacity: 1;}.uagb-block-e6f939b3.wp-block-uagb-image--layout-default figure:hover img{box-shadow: 0px 0px 0 #00000070;}.uagb-block-e6f939b3.wp-block-uagb-image--layout-overlay figure:hover img{box-shadow: 0px 0px 0 #00000070;}@media only screen and (max-width: 976px) {.uagb-block-e6f939b3.wp-block-uagb-image .wp-block-uagb-image__figure img{width: px;height: auto;}}@media only screen and (max-width: 767px) {.uagb-block-e6f939b3.wp-block-uagb-image .wp-block-uagb-image__figure img{width: px;height: auto;}}\";s:2:\"js\";s:0:\"\";s:18:\"current_block_list\";a:13:{i:0;s:11:\"core\/search\";i:1;s:10:\"core\/group\";i:2;s:12:\"core\/heading\";i:3;s:17:\"core\/latest-posts\";i:4;s:20:\"core\/latest-comments\";i:5;s:13:\"core\/archives\";i:6;s:15:\"core\/categories\";i:7;s:14:\"core\/paragraph\";i:8;s:10:\"uagb\/image\";i:9;s:11:\"core\/spacer\";i:10;s:30:\"woocommerce\/product-categories\";i:11;s:10:\"core\/image\";i:12;s:14:\"core\/shortcode\";}s:8:\"uag_flag\";b:1;s:11:\"uag_version\";s:10:\"1777343283\";s:6:\"gfonts\";a:0:{}s:10:\"gfonts_url\";s:0:\"\";s:12:\"gfonts_files\";a:0:{}s:14:\"uag_faq_layout\";b:0;}"]},"uagb_featured_image_src":{"full":["https:\/\/www.ferberpainting.com\/wp-content\/uploads\/2025\/05\/SepticTankUnblocker5L.png",2560,2560,false],"thumbnail":["https:\/\/www.ferberpainting.com\/wp-content\/uploads\/2025\/05\/SepticTankUnblocker5L-150x150.png",150,150,true],"medium":["https:\/\/www.ferberpainting.com\/wp-content\/uploads\/2025\/05\/SepticTankUnblocker5L-300x300.png",300,300,true],"medium_large":["https:\/\/www.ferberpainting.com\/wp-content\/uploads\/2025\/05\/SepticTankUnblocker5L-768x768.png",768,768,true],"large":["https:\/\/www.ferberpainting.com\/wp-content\/uploads\/2025\/05\/SepticTankUnblocker5L-1024x1024.png",1024,1024,true],"1536x1536":["https:\/\/www.ferberpainting.com\/wp-content\/uploads\/2025\/05\/SepticTankUnblocker5L-1536x1536.png",1536,1536,true],"2048x2048":["https:\/\/www.ferberpainting.com\/wp-content\/uploads\/2025\/05\/SepticTankUnblocker5L-2048x2048.png",2048,2048,true],"trp-custom-language-flag":["https:\/\/www.ferberpainting.com\/wp-content\/uploads\/2025\/05\/SepticTankUnblocker5L-12x12.png",12,12,true],"woocommerce_thumbnail":["https:\/\/www.ferberpainting.com\/wp-content\/uploads\/2025\/05\/SepticTankUnblocker5L-300x300.png",300,300,true],"woocommerce_single":["https:\/\/www.ferberpainting.com\/wp-content\/uploads\/2025\/05\/SepticTankUnblocker5L-600x600.png",600,600,true],"woocommerce_gallery_thumbnail":["https:\/\/www.ferberpainting.com\/wp-content\/uploads\/2025\/05\/SepticTankUnblocker5L-100x100.png",100,100,true]},"uagb_author_info":{"display_name":"admin","author_link":"https:\/\/www.ferberpainting.com\/lv\/author\/"},"uagb_comment_info":6,"uagb_excerpt":"Rapid and Effective Removal of Clogs and Blockages.\u00a0This septic tank unblocker is specially formulated to efficiently dissolve clogs that slow down or block the flow of wastewater. It deeply penetrates organic deposits, grease, toilet paper, and other accumulated residues, ensuring optimal function of the tank. Its powerful action quickly restores liquid circulation and prevents inconveniences&hellip;","_links":{"self":[{"href":"https:\/\/www.ferberpainting.com\/lv\/wp-json\/wp\/v2\/product\/25284","targetHints":{"allow":["GET"]}}],"collection":[{"href":"https:\/\/www.ferberpainting.com\/lv\/wp-json\/wp\/v2\/product"}],"about":[{"href":"https:\/\/www.ferberpainting.com\/lv\/wp-json\/wp\/v2\/types\/product"}],"replies":[{"embeddable":true,"href":"https:\/\/www.ferberpainting.com\/lv\/wp-json\/wp\/v2\/comments?post=25284"}],"version-history":[{"count":4,"href":"https:\/\/www.ferberpainting.com\/lv\/wp-json\/wp\/v2\/product\/25284\/revisions"}],"predecessor-version":[{"id":167266,"href":"https:\/\/www.ferberpainting.com\/lv\/wp-json\/wp\/v2\/product\/25284\/revisions\/167266"}],"wp:featuredmedia":[{"embeddable":true,"href":"https:\/\/www.ferberpainting.com\/lv\/wp-json\/wp\/v2\/media\/27166"}],"wp:attachment":[{"href":"https:\/\/www.ferberpainting.com\/lv\/wp-json\/wp\/v2\/media?parent=25284"}],"wp:term":[{"taxonomy":"product_brand","embeddable":true,"href":"https:\/\/www.ferberpainting.com\/lv\/wp-json\/wp\/v2\/product_brand?post=25284"},{"taxonomy":"product_cat","embeddable":true,"href":"https:\/\/www.ferberpainting.com\/lv\/wp-json\/wp\/v2\/product_cat?post=25284"},{"taxonomy":"product_tag","embeddable":true,"href":"https:\/\/www.ferberpainting.com\/lv\/wp-json\/wp\/v2\/product_tag?post=25284"}],"curies":[{"name":"wp","href":"https:\/\/api.w.org\/{rel}","templated":true}]}}