{"id":25283,"date":"2025-05-26T10:30:26","date_gmt":"2025-05-26T08:30:26","guid":{"rendered":"https:\/\/www.ferberpainting.com\/products\/septic-tank-treatment\/"},"modified":"2026-02-16T10:28:42","modified_gmt":"2026-02-16T09:28:42","slug":"septic-tank-treatment","status":"publish","type":"product","link":"https:\/\/www.ferberpainting.com\/lv\/products\/septic-tank-treatment\/","title":{"rendered":"L\u012bdzeklis septiskajai tvertnei"},"content":{"rendered":"<p><strong><img decoding=\"async\" style=\"margin-right: 12px;\" src=\"https:\/\/www.ferberpainting.com\/wp-content\/uploads\/2026\/02\/Check.svg\" alt=\"\" width=\"18\" height=\"15\" \/>Efekt\u012bva un ilgsto\u0161a septisko tvert\u0146u apkope.<\/strong>\u00a0\u0160\u012b septisko tvert\u0146u apstr\u0101de ir \u012bpa\u0161i izstr\u0101d\u0101ta, lai optimiz\u0113tu individu\u0101lo sanit\u0101ro sist\u0113mu pareizu darb\u012bbu. Tas nov\u0113r\u0161 p\u0101rm\u0113r\u012bgu d\u016b\u0146u uzkr\u0101\u0161anos, samazina aizsprostojumu risku un l\u012bdz minimumam samazina nepat\u012bkamu smaku, vienlaikus veicinot efekt\u012bvai notek\u016bde\u0146u att\u012br\u012b\u0161anai nepiecie\u0161amo biolo\u0123isko l\u012bdzsvaru. Pateicoties sp\u0113c\u012bgajam sast\u0101vam, tas nodro\u0161ina nep\u0101rtrauktu iedarb\u012bbu, kas pal\u012bdz pagarin\u0101t septi\u0137a kalpo\u0161anas laiku un samazina s\u016bkn\u0113\u0161anas bie\u017eumu.<\/p>\n<p><strong><img decoding=\"async\" style=\"margin-right: 12px;\" src=\"https:\/\/www.ferberpainting.com\/wp-content\/uploads\/2026\/02\/Check.svg\" alt=\"\" width=\"18\" height=\"15\" \/>Garant\u0113ta apmierin\u0101t\u012bba vai naudas atmaksa.<\/strong>\u00a0M\u0113s esam piln\u012bb\u0101 p\u0101rliecin\u0101ti par m\u016bsu septisko tvert\u0146u apstr\u0101des efektivit\u0101ti. T\u0101p\u0113c m\u0113s pied\u0101v\u0101jam apmierin\u0101t\u012bbas garantiju vai naudas atmaksu. Ja p\u0113c pareizas lieto\u0161anas saska\u0146\u0101 ar ieteikumiem produkts neatbilst j\u016bsu gaid\u012btajam, jums ir iesp\u0113ja piepras\u012bt naudas atmaksu bez nosac\u012bjumiem, nodro\u0161inot dro\u0161u un bezriska pirkumu.<\/p>\n<p><strong><img decoding=\"async\" style=\"margin-right: 12px;\" src=\"https:\/\/www.ferberpainting.com\/wp-content\/uploads\/2026\/02\/Check.svg\" alt=\"\" width=\"18\" height=\"15\" \/>Piem\u0113rots visu veidu tvertn\u0113m un materi\u0101liem.<\/strong>\u00a0\u0160\u012b apstr\u0101de ir sader\u012bga ar septiskaj\u0101m tvertn\u0113m, kas izgatavotas no betona, plastmasas, cementa un kompoz\u012btmateri\u0101liem, k\u0101 ar\u012b ar tradicion\u0101laj\u0101m un videi draudz\u012bg\u0101m kanaliz\u0101cijas sist\u0113m\u0101m. Tas efekt\u012bvi darbojas viscaur \u016bdens septiskaj\u0101s tvertn\u0113s un tauku uztv\u0113r\u0113jos, piel\u0101gojoties vis\u0101m nekoplekt\u012bvo sanit\u0101ro sist\u0113mu konfigur\u0101cij\u0101m, neatkar\u012bgi no t\u0101, vai tas paredz\u0113ts priv\u0101tm\u0101j\u0101m, viesu namiem vai profesion\u0101l\u0101m iek\u0101rt\u0101m.<\/p>\n<p><strong><img decoding=\"async\" style=\"margin-right: 12px;\" src=\"https:\/\/www.ferberpainting.com\/wp-content\/uploads\/2026\/02\/Check.svg\" alt=\"\" width=\"18\" height=\"15\" \/>Rentabla un optimiz\u0113ta doz\u0113\u0161ana.<\/strong>\u00a0Pateicoties t\u0101 koncentr\u0113tajai formulai, viena pudele nodro\u0161ina efekt\u012bvu apstr\u0101di 1 gada garum\u0101, t\u0101d\u0113j\u0101di \u013caujot izvair\u012bties no bie\u017eas pirk\u0161anas un nodro\u0161inot ekonomiski izdev\u012bgu septisko tvert\u0146u uztur\u0113\u0161anas risin\u0101jumu. T\u0101 pak\u0101penisk\u0101 iedarb\u012bba nodro\u0161ina nep\u0101rtrauktu organisko vielu sadal\u012b\u0161anos un samazina nepiecie\u0161am\u012bbu p\u0113c d\u0101rgiem un ne\u0113rtiem izs\u016bkn\u0113jumiem.<\/p>\n<p><strong><img decoding=\"async\" style=\"margin-right: 12px;\" src=\"https:\/\/www.ferberpainting.com\/wp-content\/uploads\/2026\/02\/Check.svg\" alt=\"\" width=\"18\" height=\"15\" \/>Dro\u0161s un videi draudz\u012bgs produkts.<\/strong>\u00a0\u0160\u012b septisko tvert\u0146u apstr\u0101de ir izstr\u0101d\u0101ta bez as\u0101m \u0137\u012bmisk\u0101m viel\u0101m un ir dro\u0161a videi. Tas saglab\u0101 dabisko tvertnes l\u012bdzsvaru, darbojoties biolo\u0123iski, lai ierobe\u017eotu d\u016b\u0146u uzkr\u0101\u0161anos un nov\u0113rstu cauru\u013cu aizs\u0113r\u0113\u0161anu. Tas nerada risku apk\u0101rt\u0113jai florai un faunai, veicinot videi draudz\u012bg\u0101ku un ilgtsp\u0113j\u012bg\u0101ku sanit\u0101riju.<\/p>\n<p><strong><img decoding=\"async\" style=\"margin-right: 12px;\" src=\"https:\/\/www.ferberpainting.com\/wp-content\/uploads\/2026\/02\/Check.svg\" alt=\"\" width=\"18\" height=\"15\" \/>Viegli lietojams un bez piep\u016bles lietojams.<\/strong>\u00a0\u0160is produkts ir gatavs lieto\u0161anai, un tam nav nepiecie\u0161ama sare\u017e\u0123\u012bta apstr\u0101de vai speci\u0101ls apr\u012bkojums. Vienk\u0101r\u0161i ielejiet to tie\u0161i tualet\u0113 vai tuv\u0101kaj\u0101 \u016bdens notekcaurul\u0113, lai nodro\u0161in\u0101tu vienm\u0113r\u012bgu izkliedi vis\u0101 tvertn\u0113. T\u0101 vienk\u0101r\u0161\u0101 lieto\u0161ana \u013cauj ikvienam efekt\u012bvi uztur\u0113t sist\u0113mu, neprasot specializ\u0113tas zin\u0101\u0161anas.<\/p>\n<p><strong><img decoding=\"async\" style=\"margin-right: 12px;\" src=\"https:\/\/www.ferberpainting.com\/wp-content\/uploads\/2026\/02\/Check.svg\" alt=\"\" width=\"18\" height=\"15\" \/>Iztur\u012bba un darb\u012bbas trauc\u0113jumu nov\u0113r\u0161ana.<\/strong>\u00a0Uzturot vesel\u012bgu biolo\u0123isko l\u012bdzsvaru tvertn\u0113, \u0161\u012b apstr\u0101de pagarina t\u0101s kalpo\u0161anas laiku, nov\u0113r\u0161 aizs\u0113r\u0113\u0161anas probl\u0113mas un samazina d\u0101rgu iejauk\u0161anos. T\u0101 nov\u0113r\u0161 cietu nogul\u0161\u0146u veido\u0161anos, t\u0101d\u0113j\u0101di samazinot aizsprostojumu un cauru\u013cu nosprostojumu risku, nodro\u0161inot optim\u0101lu sanit\u0101ro t\u012br\u012bbu visa gada garum\u0101.<\/p>\n<p><strong><img decoding=\"async\" style=\"margin-right: 12px;\" src=\"https:\/\/www.ferberpainting.com\/wp-content\/uploads\/2026\/02\/Check.svg\" alt=\"\" width=\"18\" height=\"15\" \/>\u0100tra iedarb\u012bba un redzami rezult\u0101ti da\u017eu dienu laik\u0101.<\/strong>\u00a0P\u0113c lieto\u0161anas \u0161\u012b apstr\u0101de nekav\u0113joties iedarbojas uz organiskajiem atkritumiem un s\u0101k atjaunot tvertnes l\u012bdzsvaru. Jau p\u0113c da\u017e\u0101m dien\u0101m samazin\u0101s nepat\u012bkamas smakas, uzlabojas d\u016b\u0146u sa\u0161\u0137idrin\u0101\u0161an\u0101s un tiek atjaunota pareiza notek\u016bde\u0146u pl\u016bsma, nodro\u0161inot optim\u0101lu sist\u0113mas darb\u012bbu.<\/p>\n<h2>Lieto\u0161anas protokols<\/h2>\n<ul>\n<li><strong>Ieteicam\u0101 deva <\/strong>: Viena pudele att\u012bra septisko tvertni uz 1 gadu. Ieteicams iepild\u012bt regul\u0101ru devu katru m\u0113nesi, lai uztur\u0113tu \u0101rst\u0113\u0161anas efektivit\u0101ti.<\/li>\n<li><strong>Produkta pielietojums <\/strong>: Ieteicamo daudzumu ielejiet tie\u0161i tualet\u0113 vai izlietn\u0113, p\u0113c tam izskalojiet vai palaidiet \u016bdeni, lai nodro\u0161in\u0101tu pareizu izplat\u012b\u0161anos sanit\u0101raj\u0101 sist\u0113m\u0101.<\/li>\n<li><strong>Uztur\u0113\u0161anas bie\u017eums <\/strong>: Lietojiet produktu reizi m\u0113nes\u012b, lai nodro\u0161in\u0101tu nep\u0101rtrauktu apkopi un nov\u0113rstu d\u016b\u0146u uzkr\u0101\u0161anos. Regul\u0101ra apkope pal\u012bdz optimiz\u0113t tvertnes efektivit\u0101ti un samazina vajadz\u012bbu p\u0113c apkopes iejauk\u0161an\u0101s.<\/li>\n<li><strong>Paredzam\u0101 ietekme <\/strong>: P\u0113c da\u017e\u0101m dien\u0101m organisko vielu sa\u0161\u0137idrin\u0101\u0161an\u0101s uzlabojas, samazin\u0101s nepat\u012bkamas smakas un optimiz\u0113jas kop\u0113j\u0101 septisk\u0101s tvertnes darb\u012bba.<\/li>\n<li><strong>Lieto\u0161anas piesardz\u012bbas pas\u0101kumi <\/strong>: Nelietojiet \u0161o produktu vienlaikus ar asu \u0137\u012bmisku t\u012br\u012b\u0161anas l\u012bdzekli (piem\u0113ram, balin\u0101t\u0101ju vai sk\u0101bi), lai nesamazin\u0101tu t\u0101 efektivit\u0101ti.<\/li>\n<li><strong>Uzglab\u0101\u0161ana un konserv\u0113\u0161ana <\/strong>: Lai nodro\u0161in\u0101tu produkta stabilit\u0101ti un efektivit\u0101ti, uzglab\u0101jiet to saus\u0101 un m\u0113ren\u0101 viet\u0101, prom no saules gaismas un sala.<\/li>\n<\/ul>\n<p>Ar \u0161o septisko tvert\u0146u apstr\u0101di j\u016bsu sist\u0113mas uztur\u0113\u0161ana ir bez piep\u016bles, nodro\u0161inot optim\u0101lu veiktsp\u0113ju, vienlaikus aizsarg\u0101jot vidi un samazinot uztur\u0113\u0161anas un izs\u016bkn\u0113\u0161anas izmaksas.<\/p>","protected":false},"excerpt":{"rendered":"<p>Effective and long-lasting septic tank maintenance.\u00a0This septic tank treatment is specially designed to optimize the proper functioning of individual sanitation systems. It prevents excessive sludge accumulation, reduces the risk of blockages, and minimizes bad odors while promoting the biological balance necessary for effective wastewater treatment. Thanks to its powerful formulation, it ensures continuous action that [&hellip;]<\/p>\n","protected":false},"featured_media":27165,"comment_status":"open","ping_status":"closed","template":"","meta":{"_uag_custom_page_level_css":"","site-sidebar-layout":"default","site-content-layout":"","ast-site-content-layout":"default","site-content-style":"default","site-sidebar-style":"default","ast-global-header-display":"","ast-banner-title-visibility":"","ast-main-header-display":"","ast-hfb-above-header-display":"","ast-hfb-below-header-display":"","ast-hfb-mobile-header-display":"","site-post-title":"","ast-breadcrumbs-content":"","ast-featured-img":"","footer-sml-layout":"","ast-disable-related-posts":"","theme-transparent-header-meta":"default","adv-header-id-meta":"","stick-header-meta":"","header-above-stick-meta":"","header-main-stick-meta":"","header-below-stick-meta":"","astra-migrate-meta-layouts":"set","ast-page-background-enabled":"default","ast-page-background-meta":{"desktop":{"background-color":"var(--ast-global-color-4)","background-image":"","background-repeat":"repeat","background-position":"center center","background-size":"auto","background-attachment":"scroll","background-type":"","background-media":"","overlay-type":"","overlay-color":"","overlay-opacity":"","overlay-gradient":""},"tablet":{"background-color":"","background-image":"","background-repeat":"repeat","background-position":"center center","background-size":"auto","background-attachment":"scroll","background-type":"","background-media":"","overlay-type":"","overlay-color":"","overlay-opacity":"","overlay-gradient":""},"mobile":{"background-color":"","background-image":"","background-repeat":"repeat","background-position":"center center","background-size":"auto","background-attachment":"scroll","background-type":"","background-media":"","overlay-type":"","overlay-color":"","overlay-opacity":"","overlay-gradient":""}},"ast-content-background-meta":{"desktop":{"background-color":"var(--ast-global-color-5)","background-image":"","background-repeat":"repeat","background-position":"center center","background-size":"auto","background-attachment":"scroll","background-type":"","background-media":"","overlay-type":"","overlay-color":"","overlay-opacity":"","overlay-gradient":""},"tablet":{"background-color":"var(--ast-global-color-5)","background-image":"","background-repeat":"repeat","background-position":"center center","background-size":"auto","background-attachment":"scroll","background-type":"","background-media":"","overlay-type":"","overlay-color":"","overlay-opacity":"","overlay-gradient":""},"mobile":{"background-color":"var(--ast-global-color-5)","background-image":"","background-repeat":"repeat","background-position":"center center","background-size":"auto","background-attachment":"scroll","background-type":"","background-media":"","overlay-type":"","overlay-color":"","overlay-opacity":"","overlay-gradient":""}}},"product_brand":[],"product_cat":[175],"product_tag":[],"class_list":{"0":"post-25283","1":"product","2":"type-product","3":"status-publish","4":"has-post-thumbnail","6":"product_cat-cleaning-products","7":"desktop-align-left","8":"tablet-align-left","9":"mobile-align-left","11":"first","12":"instock","13":"taxable","14":"shipping-taxable","15":"purchasable","16":"product-type-simple"},"spectra_custom_meta":{"_visibility":["visible"],"_shopify_product_id":["9061152882933"],"_s2w_shopify_domain":["ferberpainting.myshopify.com"],"_shopify_variant_id":["46484680802549"],"_sku":["FPSEPTICTANKTREATMENT250ML"],"_regular_price":["29.90"],"_price":["29.90"],"_sale_price":[""],"_weight":["0.45"],"_thumbnail_id":["27165"],"_global_unique_id":["5056773818408"],"total_sales":["14"],"_tax_status":["taxable"],"_tax_class":[""],"_manage_stock":["no"],"_backorders":["no"],"_sold_individually":["no"],"_virtual":["no"],"_downloadable":["no"],"_download_limit":["-1"],"_download_expiry":["-1"],"_stock":[null],"_stock_status":["instock"],"_wc_average_rating":["4.71"],"_wc_review_count":["7"],"_product_version":["10.5.1"],"_edit_lock":["1776895678:9328"],"merchant-center-availability":["yes"],"merchant-center-category":["7470"],"_edit_last":["1"],"_wp_page_template":["default"],"site-sidebar-layout":["default"],"ast-site-content-layout":["default"],"site-content-style":["default"],"site-sidebar-style":["default"],"theme-transparent-header-meta":["default"],"_wc_rating_count":["a:2:{i:4;i:2;i:5;i:5;}"],"astra-migrate-meta-layouts":["set"],"_uag_css_file_name":["uag-css-25283.css"],"_elementor_page_assets":["a:0:{}"],"_uag_page_assets":["a:9:{s:3:\"css\";s:7133:\".uag-blocks-common-selector{z-index:var(--z-index-desktop) !important}@media(max-width: 976px){.uag-blocks-common-selector{z-index:var(--z-index-tablet) !important}}@media(max-width: 767px){.uag-blocks-common-selector{z-index:var(--z-index-mobile) !important}}.wp-block-uagb-image{display:flex}.wp-block-uagb-image__figure{position:relative;display:flex;flex-direction:column;max-width:100%;height:auto;margin:0}.wp-block-uagb-image__figure img{height:auto;display:flex;max-width:100%;transition:box-shadow .2s ease}.wp-block-uagb-image__figure>a{display:inline-block}.wp-block-uagb-image__figure figcaption{text-align:center;margin-top:.5em;margin-bottom:1em}.wp-block-uagb-image .components-placeholder.block-editor-media-placeholder .components-placeholder__instructions{align-self:center}.wp-block-uagb-image--align-left{text-align:left}.wp-block-uagb-image--align-right{text-align:right}.wp-block-uagb-image--align-center{text-align:center}.wp-block-uagb-image--align-full .wp-block-uagb-image__figure{margin-left:calc(50% - 50vw);margin-right:calc(50% - 50vw);max-width:100vw;width:100vw;height:auto}.wp-block-uagb-image--align-full .wp-block-uagb-image__figure img{height:auto;width:100% !important}.wp-block-uagb-image--align-wide .wp-block-uagb-image__figure img{height:auto;width:100%}.wp-block-uagb-image--layout-overlay__color-wrapper{position:absolute;left:0;top:0;right:0;bottom:0;opacity:.2;background:rgba(0,0,0,.5);transition:opacity .35s ease-in-out}.wp-block-uagb-image--layout-overlay-link{position:absolute;left:0;right:0;bottom:0;top:0}.wp-block-uagb-image--layout-overlay .wp-block-uagb-image__figure:hover .wp-block-uagb-image--layout-overlay__color-wrapper{opacity:1}.wp-block-uagb-image--layout-overlay__inner{position:absolute;left:15px;right:15px;bottom:15px;top:15px;display:flex;align-items:center;justify-content:center;flex-direction:column;border-color:#fff;transition:.35s ease-in-out}.wp-block-uagb-image--layout-overlay__inner.top-left,.wp-block-uagb-image--layout-overlay__inner.top-center,.wp-block-uagb-image--layout-overlay__inner.top-right{justify-content:flex-start}.wp-block-uagb-image--layout-overlay__inner.bottom-left,.wp-block-uagb-image--layout-overlay__inner.bottom-center,.wp-block-uagb-image--layout-overlay__inner.bottom-right{justify-content:flex-end}.wp-block-uagb-image--layout-overlay__inner.top-left,.wp-block-uagb-image--layout-overlay__inner.center-left,.wp-block-uagb-image--layout-overlay__inner.bottom-left{align-items:flex-start}.wp-block-uagb-image--layout-overlay__inner.top-right,.wp-block-uagb-image--layout-overlay__inner.center-right,.wp-block-uagb-image--layout-overlay__inner.bottom-right{align-items:flex-end}.wp-block-uagb-image--layout-overlay__inner .uagb-image-heading{color:#fff;transition:transform .35s,opacity .35s ease-in-out;transform:translate3d(0, 24px, 0);margin:0;line-height:1em}.wp-block-uagb-image--layout-overlay__inner .uagb-image-separator{width:30%;border-top-width:2px;border-top-color:#fff;border-top-style:solid;margin-bottom:10px;opacity:0;transition:transform .4s,opacity .4s ease-in-out;transform:translate3d(0, 30px, 0)}.wp-block-uagb-image--layout-overlay__inner .uagb-image-caption{opacity:0;overflow:visible;color:#fff;transition:transform .45s,opacity .45s ease-in-out;transform:translate3d(0, 35px, 0)}.wp-block-uagb-image--layout-overlay__inner:hover .uagb-image-heading,.wp-block-uagb-image--layout-overlay__inner:hover .uagb-image-separator,.wp-block-uagb-image--layout-overlay__inner:hover .uagb-image-caption{opacity:1;transform:translate3d(0, 0, 0)}.wp-block-uagb-image--effect-zoomin .wp-block-uagb-image__figure img,.wp-block-uagb-image--effect-zoomin .wp-block-uagb-image__figure .wp-block-uagb-image--layout-overlay__color-wrapper{transform:scale(1);transition:transform .35s ease-in-out}.wp-block-uagb-image--effect-zoomin .wp-block-uagb-image__figure:hover img,.wp-block-uagb-image--effect-zoomin .wp-block-uagb-image__figure:hover .wp-block-uagb-image--layout-overlay__color-wrapper{transform:scale(1.05)}.wp-block-uagb-image--effect-slide .wp-block-uagb-image__figure img,.wp-block-uagb-image--effect-slide .wp-block-uagb-image__figure .wp-block-uagb-image--layout-overlay__color-wrapper{width:calc(100% + 40px) !important;max-width:none !important;transform:translate3d(-40px, 0, 0);transition:transform .35s ease-in-out}.wp-block-uagb-image--effect-slide .wp-block-uagb-image__figure:hover img,.wp-block-uagb-image--effect-slide .wp-block-uagb-image__figure:hover .wp-block-uagb-image--layout-overlay__color-wrapper{transform:translate3d(0, 0, 0)}.wp-block-uagb-image--effect-grayscale img{filter:grayscale(0%);transition:.35s ease-in-out}.wp-block-uagb-image--effect-grayscale:hover img{filter:grayscale(100%)}.wp-block-uagb-image--effect-blur img{filter:blur(0);transition:.35s ease-in-out}.wp-block-uagb-image--effect-blur:hover img{filter:blur(3px)}.uagb-block-e6f939b3.wp-block-uagb-image--layout-default figure img{box-shadow: 0px 0px 0 #00000070;}.uagb-block-e6f939b3.wp-block-uagb-image .wp-block-uagb-image__figure figcaption{font-style: normal;align-self: center;}.uagb-block-e6f939b3.wp-block-uagb-image--layout-overlay figure img{box-shadow: 0px 0px 0 #00000070;}.uagb-block-e6f939b3.wp-block-uagb-image--layout-overlay .wp-block-uagb-image--layout-overlay__color-wrapper{opacity: 0.2;}.uagb-block-e6f939b3.wp-block-uagb-image--layout-overlay .wp-block-uagb-image--layout-overlay__inner{left: 15px;right: 15px;top: 15px;bottom: 15px;}.uagb-block-e6f939b3.wp-block-uagb-image--layout-overlay .wp-block-uagb-image--layout-overlay__inner .uagb-image-heading{font-style: normal;color: #fff;opacity: 1;}.uagb-block-e6f939b3.wp-block-uagb-image--layout-overlay .wp-block-uagb-image--layout-overlay__inner .uagb-image-heading a{color: #fff;}.uagb-block-e6f939b3.wp-block-uagb-image--layout-overlay .wp-block-uagb-image--layout-overlay__inner .uagb-image-caption{opacity: 0;}.uagb-block-e6f939b3.wp-block-uagb-image--layout-overlay .wp-block-uagb-image__figure:hover .wp-block-uagb-image--layout-overlay__color-wrapper{opacity: 1;}.uagb-block-e6f939b3.wp-block-uagb-image .wp-block-uagb-image--layout-overlay__inner .uagb-image-separator{width: 30%;border-top-width: 2px;border-top-color: #fff;opacity: 0;}.uagb-block-e6f939b3.wp-block-uagb-image .wp-block-uagb-image__figure img{width: px;height: auto;}.uagb-block-e6f939b3.wp-block-uagb-image .wp-block-uagb-image__figure:hover .wp-block-uagb-image--layout-overlay__inner .uagb-image-caption{opacity: 1;}.uagb-block-e6f939b3.wp-block-uagb-image .wp-block-uagb-image__figure:hover .wp-block-uagb-image--layout-overlay__inner .uagb-image-separator{opacity: 1;}.uagb-block-e6f939b3.wp-block-uagb-image--layout-default figure:hover img{box-shadow: 0px 0px 0 #00000070;}.uagb-block-e6f939b3.wp-block-uagb-image--layout-overlay figure:hover img{box-shadow: 0px 0px 0 #00000070;}@media only screen and (max-width: 976px) {.uagb-block-e6f939b3.wp-block-uagb-image .wp-block-uagb-image__figure img{width: px;height: auto;}}@media only screen and (max-width: 767px) {.uagb-block-e6f939b3.wp-block-uagb-image .wp-block-uagb-image__figure img{width: px;height: auto;}}\";s:2:\"js\";s:0:\"\";s:18:\"current_block_list\";a:13:{i:0;s:11:\"core\/search\";i:1;s:10:\"core\/group\";i:2;s:12:\"core\/heading\";i:3;s:17:\"core\/latest-posts\";i:4;s:20:\"core\/latest-comments\";i:5;s:13:\"core\/archives\";i:6;s:15:\"core\/categories\";i:7;s:14:\"core\/paragraph\";i:8;s:10:\"uagb\/image\";i:9;s:11:\"core\/spacer\";i:10;s:30:\"woocommerce\/product-categories\";i:11;s:10:\"core\/image\";i:12;s:14:\"core\/shortcode\";}s:8:\"uag_flag\";b:1;s:11:\"uag_version\";s:10:\"1777370633\";s:6:\"gfonts\";a:0:{}s:10:\"gfonts_url\";s:0:\"\";s:12:\"gfonts_files\";a:0:{}s:14:\"uag_faq_layout\";b:0;}"]},"uagb_featured_image_src":{"full":["https:\/\/www.ferberpainting.com\/wp-content\/uploads\/2025\/05\/SepticTankTreatment.png",2560,2560,false],"thumbnail":["https:\/\/www.ferberpainting.com\/wp-content\/uploads\/2025\/05\/SepticTankTreatment-150x150.png",150,150,true],"medium":["https:\/\/www.ferberpainting.com\/wp-content\/uploads\/2025\/05\/SepticTankTreatment-300x300.png",300,300,true],"medium_large":["https:\/\/www.ferberpainting.com\/wp-content\/uploads\/2025\/05\/SepticTankTreatment-768x768.png",768,768,true],"large":["https:\/\/www.ferberpainting.com\/wp-content\/uploads\/2025\/05\/SepticTankTreatment-1024x1024.png",1024,1024,true],"1536x1536":["https:\/\/www.ferberpainting.com\/wp-content\/uploads\/2025\/05\/SepticTankTreatment-1536x1536.png",1536,1536,true],"2048x2048":["https:\/\/www.ferberpainting.com\/wp-content\/uploads\/2025\/05\/SepticTankTreatment-2048x2048.png",2048,2048,true],"trp-custom-language-flag":["https:\/\/www.ferberpainting.com\/wp-content\/uploads\/2025\/05\/SepticTankTreatment-12x12.png",12,12,true],"woocommerce_thumbnail":["https:\/\/www.ferberpainting.com\/wp-content\/uploads\/2025\/05\/SepticTankTreatment-300x300.png",300,300,true],"woocommerce_single":["https:\/\/www.ferberpainting.com\/wp-content\/uploads\/2025\/05\/SepticTankTreatment-600x600.png",600,600,true],"woocommerce_gallery_thumbnail":["https:\/\/www.ferberpainting.com\/wp-content\/uploads\/2025\/05\/SepticTankTreatment-100x100.png",100,100,true]},"uagb_author_info":{"display_name":"admin","author_link":"https:\/\/www.ferberpainting.com\/lv\/author\/"},"uagb_comment_info":7,"uagb_excerpt":"Effective and long-lasting septic tank maintenance.\u00a0This septic tank treatment is specially designed to optimize the proper functioning of individual sanitation systems. It prevents excessive sludge accumulation, reduces the risk of blockages, and minimizes bad odors while promoting the biological balance necessary for effective wastewater treatment. Thanks to its powerful formulation, it ensures continuous action that&hellip;","_links":{"self":[{"href":"https:\/\/www.ferberpainting.com\/lv\/wp-json\/wp\/v2\/product\/25283","targetHints":{"allow":["GET"]}}],"collection":[{"href":"https:\/\/www.ferberpainting.com\/lv\/wp-json\/wp\/v2\/product"}],"about":[{"href":"https:\/\/www.ferberpainting.com\/lv\/wp-json\/wp\/v2\/types\/product"}],"replies":[{"embeddable":true,"href":"https:\/\/www.ferberpainting.com\/lv\/wp-json\/wp\/v2\/comments?post=25283"}],"version-history":[{"count":3,"href":"https:\/\/www.ferberpainting.com\/lv\/wp-json\/wp\/v2\/product\/25283\/revisions"}],"predecessor-version":[{"id":167263,"href":"https:\/\/www.ferberpainting.com\/lv\/wp-json\/wp\/v2\/product\/25283\/revisions\/167263"}],"wp:featuredmedia":[{"embeddable":true,"href":"https:\/\/www.ferberpainting.com\/lv\/wp-json\/wp\/v2\/media\/27165"}],"wp:attachment":[{"href":"https:\/\/www.ferberpainting.com\/lv\/wp-json\/wp\/v2\/media?parent=25283"}],"wp:term":[{"taxonomy":"product_brand","embeddable":true,"href":"https:\/\/www.ferberpainting.com\/lv\/wp-json\/wp\/v2\/product_brand?post=25283"},{"taxonomy":"product_cat","embeddable":true,"href":"https:\/\/www.ferberpainting.com\/lv\/wp-json\/wp\/v2\/product_cat?post=25283"},{"taxonomy":"product_tag","embeddable":true,"href":"https:\/\/www.ferberpainting.com\/lv\/wp-json\/wp\/v2\/product_tag?post=25283"}],"curies":[{"name":"wp","href":"https:\/\/api.w.org\/{rel}","templated":true}]}}