{"id":25272,"date":"2025-05-26T10:30:17","date_gmt":"2025-05-26T08:30:17","guid":{"rendered":"https:\/\/www.ferberpainting.com\/products\/rooting-fertilizer\/"},"modified":"2026-02-16T09:02:15","modified_gmt":"2026-02-16T08:02:15","slug":"rooting-fertilizer","status":"publish","type":"product","link":"https:\/\/www.ferberpainting.com\/lv\/products\/rooting-fertilizer\/","title":{"rendered":"Iesak\u0146o\u0161an\u0101s m\u0113slojums"},"content":{"rendered":"<p><strong><img decoding=\"async\" style=\"margin-right: 12px;\" src=\"https:\/\/www.ferberpainting.com\/wp-content\/uploads\/2026\/02\/Check.svg\" alt=\"\" width=\"18\" height=\"15\" \/>M\u0113slojums, kas \u012bpa\u0161i izstr\u0101d\u0101ts, lai stimul\u0113tu sak\u0146o\u0161anos un griezumu aug\u0161anu. <\/strong>\u0160is grie\u0161anas m\u0113slojums ir izstr\u0101d\u0101ts, lai nodro\u0161in\u0101tu jaunos augus ar nepiecie\u0161amaj\u0101m bar\u012bbas viel\u0101m l\u012bdzsvarotai un harmoniskai att\u012bst\u012bbai. Pateicoties sabalans\u0113tajam NPK 15-15-15 sast\u0101vam, tas nodro\u0161ina optim\u0101lu sl\u0101pek\u013ca (N) daudzumu, lai veicin\u0101tu jaunu lapu aug\u0161anu, fosfora (P) daudzumu, lai atbalst\u012btu sak\u0146u att\u012bst\u012bbu, un k\u0101lija (K) daudzumu, lai uzlabotu iztur\u012bbu pret slim\u012bb\u0101m un vides stresu. Tas nodro\u0161ina pa\u0101trin\u0101tu sak\u0146o\u0161anos, sp\u0113c\u012bgu aug\u0161anu un optim\u0101lu spraude\u0146u atjauno\u0161anos.<\/p>\n<p><strong><img decoding=\"async\" style=\"margin-right: 12px;\" src=\"https:\/\/www.ferberpainting.com\/wp-content\/uploads\/2026\/02\/Check.svg\" alt=\"\" width=\"18\" height=\"15\" \/>Naudas atmaksas garantija.<\/strong>\u00a0M\u0113s esam p\u0101rliecin\u0101ti par m\u016bsu grie\u0161anas m\u0113slojuma efektivit\u0101ti, t\u0101p\u0113c pied\u0101v\u0101jam naudas atmaksas garantiju. Ja p\u0113c ieteikt\u0101s lieto\u0161anas metodes j\u016bsu spraude\u0146i neuzr\u0101d\u012bs redzamus aug\u0161anas vai sak\u0146o\u0161an\u0101s uzlabojumus, m\u0113s ap\u0146emamies jums piln\u012bb\u0101 atmaks\u0101t naudu, lai j\u016bs b\u016btu mier\u012bgs.<\/p>\n<p><strong><img decoding=\"async\" style=\"margin-right: 12px;\" src=\"https:\/\/www.ferberpainting.com\/wp-content\/uploads\/2026\/02\/Check.svg\" alt=\"\" width=\"18\" height=\"15\" \/>Piem\u0113rots visiem augiem un da\u017e\u0101du veidu spraude\u0146iem.<\/strong>\u00a0\u0160is m\u0113slojums ir piem\u0113rots dekorat\u012bvo, aug\u013caugu, d\u0101rze\u0146u un daudzgad\u012bgo augu spraude\u0146iem, gan kokainiem, gan da\u013c\u0113ji kokainiem, gan z\u0101lainiem. Tas iedarbojas uz da\u017e\u0101diem substr\u0101tiem, \u012bpa\u0161i k\u016bdras, perl\u012bta, smilts un augsnes mais\u012bjumiem, nodro\u0161inot katram kult\u016braugu veidam piem\u0113rotu m\u0113slo\u0161anu. Tas ir ide\u0101li piem\u0113rots ar\u012b pot\u0113\u0161anai podos, atkl\u0101t\u0101 zem\u0113 vai siltumn\u012bc\u0101s, nodro\u0161inot lielu daudzpus\u012bbu.<\/p>\n<p><strong><img decoding=\"async\" style=\"margin-right: 12px;\" src=\"https:\/\/www.ferberpainting.com\/wp-content\/uploads\/2026\/02\/Check.svg\" alt=\"\" width=\"18\" height=\"15\" \/>Rentabla ra\u017ea un ilgsto\u0161a m\u0113slo\u0161ana.<\/strong>\u00a0Pateicoties t\u0101 koncentr\u0113tajai \u0161\u0137idruma formulai, 5 litru kann\u0101 var pagatavot l\u012bdz pat 1000 litriem m\u0113slo\u0161anas \u0161\u0137\u012bduma, nodro\u0161inot ilgsto\u0161u un ekonomisku m\u0113slo\u0161anu. Ar 5 ml devu uz litru \u016bdens tas nodro\u0161ina \u0101tru bar\u012bbas vielu asimil\u0101ciju un optim\u0101lu izmanto\u0161anu, vienlaikus samazinot atkritumu daudzumu.<\/p>\n<p><strong><img decoding=\"async\" style=\"margin-right: 12px;\" src=\"https:\/\/www.ferberpainting.com\/wp-content\/uploads\/2026\/02\/Check.svg\" alt=\"\" width=\"18\" height=\"15\" \/>Dro\u0161s m\u0113slojums, kas nerada risku, lietojot jauniem augiem. <\/strong>\u0160is m\u0113slojums ir izgatavots bez agres\u012bv\u0101m \u0137imik\u0101lij\u0101m, tas saudz\u0113 jauno sak\u0146u maigumu un nesatur videi toksiskas piedevas. Tas ir dro\u0161s ar\u012b m\u0101jdz\u012bvniekiem un d\u0101rza dz\u012bvniekiem, nodro\u0161inot saudz\u012bgu, pak\u0101penisku m\u0113slo\u0161anu, nov\u0113r\u0161ot stresu spraude\u0146iem un veicinot to att\u012bst\u012bbu.<\/p>\n<p><strong><img decoding=\"async\" style=\"margin-right: 12px;\" src=\"https:\/\/www.ferberpainting.com\/wp-content\/uploads\/2026\/02\/Check.svg\" alt=\"\" width=\"18\" height=\"15\" \/>Viegli uzkl\u0101jams, lai bez piep\u016bles iesak\u0146otos.<\/strong>\u00a0\u0160is \u0161\u0137idrais m\u0113slojums tiek at\u0161\u0137aid\u012bts tie\u0161i laist\u012b\u0161anas \u016bden\u012b, nodro\u0161inot vienm\u0113r\u012bgu un efekt\u012bvu m\u0113slo\u0161anu. To var lietot, tie\u0161i laistot substr\u0101tu vai m\u0113rc\u0113jot spraude\u0146us pirms st\u0101d\u012b\u0161anas, nodro\u0161inot optim\u0101lu att\u012bst\u012bbai nepiecie\u0161amo bar\u012bbas vielu uzs\u016bk\u0161anos.<\/p>\n<p><strong><img decoding=\"async\" style=\"margin-right: 12px;\" src=\"https:\/\/www.ferberpainting.com\/wp-content\/uploads\/2026\/02\/Check.svg\" alt=\"\" width=\"18\" height=\"15\" \/>Ilgsto\u0161a r\u012bc\u012bba \u0101trai un sp\u0113c\u012bgai izaugsmei.<\/strong>\u00a0Pateicoties l\u0113nai bar\u012bbas vielu izdal\u012b\u0161anai, \u0161is m\u0113slojums past\u0101v\u012bgi baro spraude\u0146us, stimul\u0113jot sak\u0146u un agr\u012bno dzinumu aug\u0161anu. Tas ar\u012b pal\u012bdz palielin\u0101t iztur\u012bbu pret slim\u012bb\u0101m un vides stresu, nodro\u0161inot optim\u0101lu sekm\u012bgu spraude\u0146u aug\u0161anu un sp\u0113c\u012bgu aug\u0161anu jau no pirmajiem att\u012bst\u012bbas posmiem.<\/p>\n<p><strong><img decoding=\"async\" style=\"margin-right: 12px;\" src=\"https:\/\/www.ferberpainting.com\/wp-content\/uploads\/2026\/02\/Check.svg\" alt=\"\" width=\"18\" height=\"15\" \/>Redzami rezult\u0101ti jau pirmaj\u0101s ned\u0113\u013c\u0101s.<\/strong>\u00a0Jau ar pirmajiem m\u0113slo\u0161anas reiz\u0113m \u0161is m\u0113slojums pa\u0101trina pirmo sak\u0146u veido\u0161anos, uzlabo stubl\u0101ja iztur\u012bbu un stimul\u0113 jaunu lapu veido\u0161anos. Pirm\u0101s pan\u0101kumu paz\u012bmes ir \u0101tri paman\u0101mas.<\/p>\n<h2>Lieto\u0161anas protokols<\/h2>\n<p><strong>M\u0113slojuma at\u0161\u0137aid\u012b\u0161ana :<\/strong> Uz 1 litru \u016bdens samaisiet 5 ml m\u0113slojuma. Pirms katras lieto\u0161anas reizes \u0161\u0137\u012bdumu labi sakratiet, lai nodro\u0161in\u0101tu vienm\u0113r\u012bgu bar\u012bbas vielu sadal\u012bjumu.<\/p>\n<p><strong>Lieto\u0161anas metode:<\/strong><\/p>\n<ul>\n<li><strong>M\u0113rc\u0113jot spraude\u0146us :<\/strong> Pirms st\u0101d\u012b\u0161anas iegremd\u0113jiet spraude\u0146u pamatni at\u0161\u0137aid\u012bt\u0101 \u0161\u0137\u012bdum\u0101 uz 15 l\u012bdz 30 min\u016bt\u0113m, lai stimul\u0113tu sak\u0146u veido\u0161anos.<\/li>\n<li><strong>Laistot p\u0113c st\u0101d\u012b\u0161anas :<\/strong> At\u0161\u0137aid\u012bto \u0161\u0137\u012bdumu izlejiet tie\u0161i uz substr\u0101ta ap spraude\u0146iem, p\u0101rliecinoties, ka tas ir vienm\u0113r\u012bgi samitrin\u0101ts, nep\u0101rlaistot, lai nov\u0113rstu sak\u0146u puvi.<\/li>\n<\/ul>\n<p><strong>Lieto\u0161anas bie\u017eums :<\/strong>\u00a0M\u0113slojumu lietojiet reizi div\u0101s ned\u0113\u013c\u0101s akt\u012bv\u0101s aug\u0161anas period\u0101 (pavasar\u012b-vasar\u0101) un reizi m\u0113nes\u012b miera period\u0101 (ruden\u012b-ziem\u0101), lai uztur\u0113tu labu sak\u0146u un ve\u0123etat\u012bvo att\u012bst\u012bbu.<\/p>\n<p><strong>Papildu laist\u012b\u0161ana :<\/strong>\u00a0P\u0113c m\u0113slojuma lieto\u0161anas pirms atk\u0101rtotas laist\u012b\u0161anas pagaidiet 48 stundas, lai optimiz\u0113tu bar\u012bbas vielu uzs\u016bk\u0161anos jaunaj\u0101s sakn\u0113s.<\/p>\n<p><strong>Lieto\u0161anas piesardz\u012bbas pas\u0101kumi :<\/strong> Nep\u0101rm\u0113slojiet ar m\u0113slojumu, lai izvair\u012btos no stresa jaunajiem augiem un miner\u0101ls\u0101\u013cu uzkr\u0101\u0161an\u0101s substr\u0101t\u0101. Lai nodro\u0161in\u0101tu optim\u0101lu uzs\u016bk\u0161anos, m\u0113slojumu uzkl\u0101jiet tikai uz nedaudz mitras augsnes.<\/p>\n<p><strong>Uzglab\u0101\u0161ana un konserv\u0113\u0161ana :<\/strong> Uzglab\u0101jiet m\u0113slojumu saus\u0101, v\u0113s\u0101 viet\u0101, pasarg\u0101jot no gaismas un mitruma. P\u0113c katras lieto\u0161anas reizes tvertni atk\u0101rtoti aiztaisiet, lai saglab\u0101tu produkta efektivit\u0101ti un nov\u0113rstu iztvaiko\u0161anu.<\/p>\n<p>Ar \u0161o grieztu m\u0113slojumu nodro\u0161iniet saviem jaunajiem augiem pilnv\u0113rt\u012bgu un to \u012bpa\u0161aj\u0101m vajadz\u012bb\u0101m ide\u0101li piel\u0101gotu bar\u012bbu, veicinot \u0101tru iesak\u0146o\u0161anos, sp\u0113c\u012bgu aug\u0161anu un optim\u0101lu griezumu sekm\u012bgumu. Tas ir ide\u0101ls risin\u0101jums, lai j\u016bsu spraude\u0146i b\u016btu veseli, nodro\u0161inot \u0101tru atjauno\u0161anos un harmonisku att\u012bst\u012bbu vis\u0101 to aug\u0161anas laik\u0101.<\/p>","protected":false},"excerpt":{"rendered":"<p>A fertilizer specially designed to stimulate rooting and cutting growth. This cutting fertilizer is formulated to provide young plants with the essential nutrients for balanced and harmonious development. Thanks to its balanced NPK 15-15-15 composition, it ensures an optimal supply of nitrogen (N) to promote new leaf growth, phosphorus (P) to support root development, and [&hellip;]<\/p>\n","protected":false},"featured_media":27155,"comment_status":"open","ping_status":"closed","template":"","meta":{"_uag_custom_page_level_css":"","site-sidebar-layout":"default","site-content-layout":"","ast-site-content-layout":"default","site-content-style":"default","site-sidebar-style":"default","ast-global-header-display":"","ast-banner-title-visibility":"","ast-main-header-display":"","ast-hfb-above-header-display":"","ast-hfb-below-header-display":"","ast-hfb-mobile-header-display":"","site-post-title":"","ast-breadcrumbs-content":"","ast-featured-img":"","footer-sml-layout":"","ast-disable-related-posts":"","theme-transparent-header-meta":"default","adv-header-id-meta":"","stick-header-meta":"","header-above-stick-meta":"","header-main-stick-meta":"","header-below-stick-meta":"","astra-migrate-meta-layouts":"set","ast-page-background-enabled":"default","ast-page-background-meta":{"desktop":{"background-color":"var(--ast-global-color-4)","background-image":"","background-repeat":"repeat","background-position":"center center","background-size":"auto","background-attachment":"scroll","background-type":"","background-media":"","overlay-type":"","overlay-color":"","overlay-opacity":"","overlay-gradient":""},"tablet":{"background-color":"","background-image":"","background-repeat":"repeat","background-position":"center center","background-size":"auto","background-attachment":"scroll","background-type":"","background-media":"","overlay-type":"","overlay-color":"","overlay-opacity":"","overlay-gradient":""},"mobile":{"background-color":"","background-image":"","background-repeat":"repeat","background-position":"center center","background-size":"auto","background-attachment":"scroll","background-type":"","background-media":"","overlay-type":"","overlay-color":"","overlay-opacity":"","overlay-gradient":""}},"ast-content-background-meta":{"desktop":{"background-color":"var(--ast-global-color-5)","background-image":"","background-repeat":"repeat","background-position":"center center","background-size":"auto","background-attachment":"scroll","background-type":"","background-media":"","overlay-type":"","overlay-color":"","overlay-opacity":"","overlay-gradient":""},"tablet":{"background-color":"var(--ast-global-color-5)","background-image":"","background-repeat":"repeat","background-position":"center center","background-size":"auto","background-attachment":"scroll","background-type":"","background-media":"","overlay-type":"","overlay-color":"","overlay-opacity":"","overlay-gradient":""},"mobile":{"background-color":"var(--ast-global-color-5)","background-image":"","background-repeat":"repeat","background-position":"center center","background-size":"auto","background-attachment":"scroll","background-type":"","background-media":"","overlay-type":"","overlay-color":"","overlay-opacity":"","overlay-gradient":""}}},"product_brand":[],"product_cat":[178],"product_tag":[],"class_list":{"0":"post-25272","1":"product","2":"type-product","3":"status-publish","4":"has-post-thumbnail","6":"product_cat-fertilizers","7":"desktop-align-left","8":"tablet-align-left","9":"mobile-align-left","11":"first","12":"instock","13":"sale","14":"taxable","15":"shipping-taxable","16":"purchasable","17":"product-type-variable","18":"has-default-attributes"},"spectra_custom_meta":{"_visibility":["visible"],"_shopify_product_id":["9066141352181"],"_s2w_shopify_domain":["ferberpainting.myshopify.com"],"_shopify_variant_id":["46502074712309"],"_sku":[""],"_manage_stock":["no"],"total_sales":["14"],"_tax_status":["taxable"],"_tax_class":[""],"_backorders":["no"],"_sold_individually":["no"],"_virtual":["no"],"_downloadable":["no"],"_download_limit":["-1"],"_download_expiry":["-1"],"_stock":[null],"_stock_status":["instock"],"_wc_average_rating":["5.00"],"_wc_review_count":["6"],"_product_attributes":["a:1:{s:6:\"volume\";a:6:{s:4:\"name\";s:6:\"Volume\";s:5:\"value\";s:20:\"5 liters | 25 liters\";s:8:\"position\";i:1;s:10:\"is_visible\";i:0;s:12:\"is_variation\";i:1;s:11:\"is_taxonomy\";i:0;}}"],"_product_version":["10.5.1"],"_thumbnail_id":["27155"],"_product_image_gallery":["27157"],"wpse_downloadable_file_names":[""],"wpse_downloadable_file_urls":[""],"_edit_last":["1"],"_default_attributes":["a:1:{s:6:\"volume\";s:8:\"5 liters\";}"],"_wc_rating_count":["a:1:{i:5;i:6;}"],"_edit_lock":["1771228911:1"],"_price":["29.90","129.90"],"merchant-center-availability":["yes"],"merchant-center-category":["113"],"_wp_page_template":["default"],"site-sidebar-layout":["default"],"ast-site-content-layout":["default"],"site-content-style":["default"],"site-sidebar-style":["default"],"theme-transparent-header-meta":["default"],"astra-migrate-meta-layouts":["set"],"_uag_css_file_name":["uag-css-25272.css"],"_elementor_page_assets":["a:0:{}"],"_uag_page_assets":["a:9:{s:3:\"css\";s:7133:\".uag-blocks-common-selector{z-index:var(--z-index-desktop) !important}@media(max-width: 976px){.uag-blocks-common-selector{z-index:var(--z-index-tablet) !important}}@media(max-width: 767px){.uag-blocks-common-selector{z-index:var(--z-index-mobile) !important}}.wp-block-uagb-image{display:flex}.wp-block-uagb-image__figure{position:relative;display:flex;flex-direction:column;max-width:100%;height:auto;margin:0}.wp-block-uagb-image__figure img{height:auto;display:flex;max-width:100%;transition:box-shadow .2s ease}.wp-block-uagb-image__figure>a{display:inline-block}.wp-block-uagb-image__figure figcaption{text-align:center;margin-top:.5em;margin-bottom:1em}.wp-block-uagb-image .components-placeholder.block-editor-media-placeholder .components-placeholder__instructions{align-self:center}.wp-block-uagb-image--align-left{text-align:left}.wp-block-uagb-image--align-right{text-align:right}.wp-block-uagb-image--align-center{text-align:center}.wp-block-uagb-image--align-full .wp-block-uagb-image__figure{margin-left:calc(50% - 50vw);margin-right:calc(50% - 50vw);max-width:100vw;width:100vw;height:auto}.wp-block-uagb-image--align-full .wp-block-uagb-image__figure img{height:auto;width:100% !important}.wp-block-uagb-image--align-wide .wp-block-uagb-image__figure img{height:auto;width:100%}.wp-block-uagb-image--layout-overlay__color-wrapper{position:absolute;left:0;top:0;right:0;bottom:0;opacity:.2;background:rgba(0,0,0,.5);transition:opacity .35s ease-in-out}.wp-block-uagb-image--layout-overlay-link{position:absolute;left:0;right:0;bottom:0;top:0}.wp-block-uagb-image--layout-overlay .wp-block-uagb-image__figure:hover .wp-block-uagb-image--layout-overlay__color-wrapper{opacity:1}.wp-block-uagb-image--layout-overlay__inner{position:absolute;left:15px;right:15px;bottom:15px;top:15px;display:flex;align-items:center;justify-content:center;flex-direction:column;border-color:#fff;transition:.35s ease-in-out}.wp-block-uagb-image--layout-overlay__inner.top-left,.wp-block-uagb-image--layout-overlay__inner.top-center,.wp-block-uagb-image--layout-overlay__inner.top-right{justify-content:flex-start}.wp-block-uagb-image--layout-overlay__inner.bottom-left,.wp-block-uagb-image--layout-overlay__inner.bottom-center,.wp-block-uagb-image--layout-overlay__inner.bottom-right{justify-content:flex-end}.wp-block-uagb-image--layout-overlay__inner.top-left,.wp-block-uagb-image--layout-overlay__inner.center-left,.wp-block-uagb-image--layout-overlay__inner.bottom-left{align-items:flex-start}.wp-block-uagb-image--layout-overlay__inner.top-right,.wp-block-uagb-image--layout-overlay__inner.center-right,.wp-block-uagb-image--layout-overlay__inner.bottom-right{align-items:flex-end}.wp-block-uagb-image--layout-overlay__inner .uagb-image-heading{color:#fff;transition:transform .35s,opacity .35s ease-in-out;transform:translate3d(0, 24px, 0);margin:0;line-height:1em}.wp-block-uagb-image--layout-overlay__inner .uagb-image-separator{width:30%;border-top-width:2px;border-top-color:#fff;border-top-style:solid;margin-bottom:10px;opacity:0;transition:transform .4s,opacity .4s ease-in-out;transform:translate3d(0, 30px, 0)}.wp-block-uagb-image--layout-overlay__inner .uagb-image-caption{opacity:0;overflow:visible;color:#fff;transition:transform .45s,opacity .45s ease-in-out;transform:translate3d(0, 35px, 0)}.wp-block-uagb-image--layout-overlay__inner:hover .uagb-image-heading,.wp-block-uagb-image--layout-overlay__inner:hover .uagb-image-separator,.wp-block-uagb-image--layout-overlay__inner:hover .uagb-image-caption{opacity:1;transform:translate3d(0, 0, 0)}.wp-block-uagb-image--effect-zoomin .wp-block-uagb-image__figure img,.wp-block-uagb-image--effect-zoomin .wp-block-uagb-image__figure .wp-block-uagb-image--layout-overlay__color-wrapper{transform:scale(1);transition:transform .35s ease-in-out}.wp-block-uagb-image--effect-zoomin .wp-block-uagb-image__figure:hover img,.wp-block-uagb-image--effect-zoomin .wp-block-uagb-image__figure:hover .wp-block-uagb-image--layout-overlay__color-wrapper{transform:scale(1.05)}.wp-block-uagb-image--effect-slide .wp-block-uagb-image__figure img,.wp-block-uagb-image--effect-slide .wp-block-uagb-image__figure .wp-block-uagb-image--layout-overlay__color-wrapper{width:calc(100% + 40px) !important;max-width:none !important;transform:translate3d(-40px, 0, 0);transition:transform .35s ease-in-out}.wp-block-uagb-image--effect-slide .wp-block-uagb-image__figure:hover img,.wp-block-uagb-image--effect-slide .wp-block-uagb-image__figure:hover .wp-block-uagb-image--layout-overlay__color-wrapper{transform:translate3d(0, 0, 0)}.wp-block-uagb-image--effect-grayscale img{filter:grayscale(0%);transition:.35s ease-in-out}.wp-block-uagb-image--effect-grayscale:hover img{filter:grayscale(100%)}.wp-block-uagb-image--effect-blur img{filter:blur(0);transition:.35s ease-in-out}.wp-block-uagb-image--effect-blur:hover img{filter:blur(3px)}.uagb-block-e6f939b3.wp-block-uagb-image--layout-default figure img{box-shadow: 0px 0px 0 #00000070;}.uagb-block-e6f939b3.wp-block-uagb-image .wp-block-uagb-image__figure figcaption{font-style: normal;align-self: center;}.uagb-block-e6f939b3.wp-block-uagb-image--layout-overlay figure img{box-shadow: 0px 0px 0 #00000070;}.uagb-block-e6f939b3.wp-block-uagb-image--layout-overlay .wp-block-uagb-image--layout-overlay__color-wrapper{opacity: 0.2;}.uagb-block-e6f939b3.wp-block-uagb-image--layout-overlay .wp-block-uagb-image--layout-overlay__inner{left: 15px;right: 15px;top: 15px;bottom: 15px;}.uagb-block-e6f939b3.wp-block-uagb-image--layout-overlay .wp-block-uagb-image--layout-overlay__inner .uagb-image-heading{font-style: normal;color: #fff;opacity: 1;}.uagb-block-e6f939b3.wp-block-uagb-image--layout-overlay .wp-block-uagb-image--layout-overlay__inner .uagb-image-heading a{color: #fff;}.uagb-block-e6f939b3.wp-block-uagb-image--layout-overlay .wp-block-uagb-image--layout-overlay__inner .uagb-image-caption{opacity: 0;}.uagb-block-e6f939b3.wp-block-uagb-image--layout-overlay .wp-block-uagb-image__figure:hover .wp-block-uagb-image--layout-overlay__color-wrapper{opacity: 1;}.uagb-block-e6f939b3.wp-block-uagb-image .wp-block-uagb-image--layout-overlay__inner .uagb-image-separator{width: 30%;border-top-width: 2px;border-top-color: #fff;opacity: 0;}.uagb-block-e6f939b3.wp-block-uagb-image .wp-block-uagb-image__figure img{width: px;height: auto;}.uagb-block-e6f939b3.wp-block-uagb-image .wp-block-uagb-image__figure:hover .wp-block-uagb-image--layout-overlay__inner .uagb-image-caption{opacity: 1;}.uagb-block-e6f939b3.wp-block-uagb-image .wp-block-uagb-image__figure:hover .wp-block-uagb-image--layout-overlay__inner .uagb-image-separator{opacity: 1;}.uagb-block-e6f939b3.wp-block-uagb-image--layout-default figure:hover img{box-shadow: 0px 0px 0 #00000070;}.uagb-block-e6f939b3.wp-block-uagb-image--layout-overlay figure:hover img{box-shadow: 0px 0px 0 #00000070;}@media only screen and (max-width: 976px) {.uagb-block-e6f939b3.wp-block-uagb-image .wp-block-uagb-image__figure img{width: px;height: auto;}}@media only screen and (max-width: 767px) {.uagb-block-e6f939b3.wp-block-uagb-image .wp-block-uagb-image__figure img{width: px;height: auto;}}\";s:2:\"js\";s:0:\"\";s:18:\"current_block_list\";a:13:{i:0;s:11:\"core\/search\";i:1;s:10:\"core\/group\";i:2;s:12:\"core\/heading\";i:3;s:17:\"core\/latest-posts\";i:4;s:20:\"core\/latest-comments\";i:5;s:13:\"core\/archives\";i:6;s:15:\"core\/categories\";i:7;s:14:\"core\/paragraph\";i:8;s:10:\"uagb\/image\";i:9;s:11:\"core\/spacer\";i:10;s:30:\"woocommerce\/product-categories\";i:11;s:10:\"core\/image\";i:12;s:14:\"core\/shortcode\";}s:8:\"uag_flag\";b:1;s:11:\"uag_version\";s:10:\"1777316624\";s:6:\"gfonts\";a:0:{}s:10:\"gfonts_url\";s:0:\"\";s:12:\"gfonts_files\";a:0:{}s:14:\"uag_faq_layout\";b:0;}"]},"uagb_featured_image_src":{"full":["https:\/\/www.ferberpainting.com\/wp-content\/uploads\/2025\/05\/RootingFertilizer5L.png",2560,2560,false],"thumbnail":["https:\/\/www.ferberpainting.com\/wp-content\/uploads\/2025\/05\/RootingFertilizer5L-150x150.png",150,150,true],"medium":["https:\/\/www.ferberpainting.com\/wp-content\/uploads\/2025\/05\/RootingFertilizer5L-300x300.png",300,300,true],"medium_large":["https:\/\/www.ferberpainting.com\/wp-content\/uploads\/2025\/05\/RootingFertilizer5L-768x768.png",768,768,true],"large":["https:\/\/www.ferberpainting.com\/wp-content\/uploads\/2025\/05\/RootingFertilizer5L-1024x1024.png",1024,1024,true],"1536x1536":["https:\/\/www.ferberpainting.com\/wp-content\/uploads\/2025\/05\/RootingFertilizer5L-1536x1536.png",1536,1536,true],"2048x2048":["https:\/\/www.ferberpainting.com\/wp-content\/uploads\/2025\/05\/RootingFertilizer5L-2048x2048.png",2048,2048,true],"trp-custom-language-flag":["https:\/\/www.ferberpainting.com\/wp-content\/uploads\/2025\/05\/RootingFertilizer5L-12x12.png",12,12,true],"woocommerce_thumbnail":["https:\/\/www.ferberpainting.com\/wp-content\/uploads\/2025\/05\/RootingFertilizer5L-300x300.png",300,300,true],"woocommerce_single":["https:\/\/www.ferberpainting.com\/wp-content\/uploads\/2025\/05\/RootingFertilizer5L-600x600.png",600,600,true],"woocommerce_gallery_thumbnail":["https:\/\/www.ferberpainting.com\/wp-content\/uploads\/2025\/05\/RootingFertilizer5L-100x100.png",100,100,true]},"uagb_author_info":{"display_name":"admin","author_link":"https:\/\/www.ferberpainting.com\/lv\/author\/"},"uagb_comment_info":6,"uagb_excerpt":"A fertilizer specially designed to stimulate rooting and cutting growth. This cutting fertilizer is formulated to provide young plants with the essential nutrients for balanced and harmonious development. Thanks to its balanced NPK 15-15-15 composition, it ensures an optimal supply of nitrogen (N) to promote new leaf growth, phosphorus (P) to support root development, and&hellip;","_links":{"self":[{"href":"https:\/\/www.ferberpainting.com\/lv\/wp-json\/wp\/v2\/product\/25272","targetHints":{"allow":["GET"]}}],"collection":[{"href":"https:\/\/www.ferberpainting.com\/lv\/wp-json\/wp\/v2\/product"}],"about":[{"href":"https:\/\/www.ferberpainting.com\/lv\/wp-json\/wp\/v2\/types\/product"}],"replies":[{"embeddable":true,"href":"https:\/\/www.ferberpainting.com\/lv\/wp-json\/wp\/v2\/comments?post=25272"}],"version-history":[{"count":4,"href":"https:\/\/www.ferberpainting.com\/lv\/wp-json\/wp\/v2\/product\/25272\/revisions"}],"predecessor-version":[{"id":167171,"href":"https:\/\/www.ferberpainting.com\/lv\/wp-json\/wp\/v2\/product\/25272\/revisions\/167171"}],"wp:featuredmedia":[{"embeddable":true,"href":"https:\/\/www.ferberpainting.com\/lv\/wp-json\/wp\/v2\/media\/27155"}],"wp:attachment":[{"href":"https:\/\/www.ferberpainting.com\/lv\/wp-json\/wp\/v2\/media?parent=25272"}],"wp:term":[{"taxonomy":"product_brand","embeddable":true,"href":"https:\/\/www.ferberpainting.com\/lv\/wp-json\/wp\/v2\/product_brand?post=25272"},{"taxonomy":"product_cat","embeddable":true,"href":"https:\/\/www.ferberpainting.com\/lv\/wp-json\/wp\/v2\/product_cat?post=25272"},{"taxonomy":"product_tag","embeddable":true,"href":"https:\/\/www.ferberpainting.com\/lv\/wp-json\/wp\/v2\/product_tag?post=25272"}],"curies":[{"name":"wp","href":"https:\/\/api.w.org\/{rel}","templated":true}]}}