{"id":25242,"date":"2025-05-26T10:29:58","date_gmt":"2025-05-26T08:29:58","guid":{"rendered":"https:\/\/www.ferberpainting.com\/products\/roof-paint-salmon-red\/"},"modified":"2026-02-16T08:24:26","modified_gmt":"2026-02-16T07:24:26","slug":"roof-paint-salmon-red","status":"publish","type":"product","link":"https:\/\/www.ferberpainting.com\/lv\/products\/roof-paint-salmon-red\/","title":{"rendered":"Jumta kr\u0101sa \u2013 la\u0161roz\u0101"},"content":{"rendered":"<p><strong><img decoding=\"async\" style=\"margin-right: 12px;\" src=\"https:\/\/www.ferberpainting.com\/wp-content\/uploads\/2026\/02\/Check.svg\" alt=\"\" width=\"18\" height=\"15\" \/>Profesion\u0101la jumta atjauno\u0161ana ar ilgnotur\u012bgu kr\u0101su aizsardz\u012bbu.<\/strong> M\u016bsu jumta kr\u0101sa ir \u012bpa\u0161i izstr\u0101d\u0101ta, lai atjaunotu, aizsarg\u0101tu un uzlabotu jumta seguma virsmas ar iztur\u012bgu un laikapst\u0101k\u013ciem notur\u012bgu p\u0101rkl\u0101jumu. T\u0101 atdz\u012bvina izbal\u0113ju\u0161os daksti\u0146us un paildzina jumta kalpo\u0161anas laiku, vienlaikus pie\u0161\u0137irot tam t\u012bru un svaigu izskatu.<\/p>\n<p><strong><img decoding=\"async\" style=\"margin-right: 12px;\" src=\"https:\/\/www.ferberpainting.com\/wp-content\/uploads\/2026\/02\/Check.svg\" alt=\"\" width=\"18\" height=\"15\" \/>Visefekt\u012bv\u0101k\u0101 jumta kr\u0101sa tirg\u016b.<\/strong> Pateicoties uzlabotajai augstas adh\u0113zijas formulai, m\u016bsu jumta kr\u0101sa cie\u0161i saist\u0101s ar da\u017e\u0101diem jumta seguma materi\u0101liem, nodro\u0161inot izcilu p\u0101rkl\u0101jumu, UV iztur\u012bbu un ilgtermi\u0146a iztur\u012bbu pret skarbiem laikapst\u0101k\u013ciem.<\/p>\n<p><strong><img decoding=\"async\" style=\"margin-right: 12px;\" src=\"https:\/\/www.ferberpainting.com\/wp-content\/uploads\/2026\/02\/Check.svg\" alt=\"\" width=\"18\" height=\"15\" \/>Nep\u0101rsp\u0113jama cena.<\/strong> M\u0113s pied\u0101v\u0101jam profesion\u0101las kvalit\u0101tes jumta kr\u0101su par viskonkur\u0113tsp\u0113j\u012bg\u0101ko cenu. J\u016bs g\u016bsiet labumu no augst\u0101k\u0101s kvalit\u0101tes un ilg\u0101kas jumta aizsardz\u012bbas, nemaks\u0101jot p\u0101rm\u0113r\u012bgas renov\u0101cijas izmaksas.<\/p>\n<p><strong><img decoding=\"async\" style=\"margin-right: 12px;\" src=\"https:\/\/www.ferberpainting.com\/wp-content\/uploads\/2026\/02\/Check.svg\" alt=\"\" width=\"18\" height=\"15\" \/>Naudas atmaksas garantija piln\u012bgam sirdsmieram.<\/strong> M\u0113s garant\u0113jam m\u016bsu jumta kr\u0101sas kvalit\u0101ti un veiktsp\u0113ju. Ja neesat piln\u012bb\u0101 apmierin\u0101ts ar rezult\u0101tu, m\u0113s pied\u0101v\u0101jam naudas atmaksas garantiju. Vienk\u0101r\u0161i sazinieties ar mums, un m\u0113s atmaks\u0101sim naudu par pirkumu.<\/p>\n<p><strong><img decoding=\"async\" style=\"margin-right: 12px;\" src=\"https:\/\/www.ferberpainting.com\/wp-content\/uploads\/2026\/02\/Check.svg\" alt=\"\" width=\"18\" height=\"15\" \/>\u0100tra pieg\u0101de 24 stundu laik\u0101 efekt\u012bvai renov\u0101cijai.<\/strong> M\u0113s vienm\u0113r nodro\u0161in\u0101m pieg\u0101di 24 stundu laik\u0101, lai j\u016bs var\u0113tu nekav\u0113joties s\u0101kt jumta uzlabo\u0161anas projektu. Uzticama pieg\u0101de nodro\u0161ina, ka j\u016bsu darba grafiks tiek iev\u0113rots.<\/p>\n<p><strong><img decoding=\"async\" style=\"margin-right: 12px;\" src=\"https:\/\/www.ferberpainting.com\/wp-content\/uploads\/2026\/02\/Check.svg\" alt=\"\" width=\"18\" height=\"15\" \/>Lielisks p\u0101rkl\u0101jums - 10 m\u00b2 uz litru.<\/strong> Viens litrs jumta kr\u0101sas sedz aptuveni 10 kvadr\u0101tmetrus atkar\u012bb\u0101 no virsmas porain\u012bbas un tekst\u016bras. \u0160is optimiz\u0113tais p\u0101rkl\u0101jums nodro\u0161ina efekt\u012bvu lieto\u0161anu un prec\u012bzu apr\u0113\u0137inu j\u016bsu projektam.<\/p>\n<p><strong><img decoding=\"async\" style=\"margin-right: 12px;\" src=\"https:\/\/www.ferberpainting.com\/wp-content\/uploads\/2026\/02\/Check.svg\" alt=\"\" width=\"18\" height=\"15\" \/>Pieejams pla\u0161s kr\u0101su kl\u0101sts.<\/strong> M\u016bsu jumta kr\u0101sa ir pieejama pla\u0161\u0101 kr\u0101su kl\u0101st\u0101 tie\u0161i m\u016bsu tie\u0161saistes veikal\u0101. Neatkar\u012bgi no t\u0101, vai dodat priek\u0161roku klasiskajiem sarkanajiem daksti\u0146iem, \u0161\u012bfera pel\u0113kajiem, modernajiem antrac\u012bta, za\u013cajiem vai piel\u0101gotiem dekorat\u012bvajiem to\u0146iem, j\u016bs varat izv\u0113l\u0113ties ide\u0101li piem\u0113rotu toni savam m\u0101joklim.<\/p>\n<p><strong><img decoding=\"async\" style=\"margin-right: 12px;\" src=\"https:\/\/www.ferberpainting.com\/wp-content\/uploads\/2026\/02\/Check.svg\" alt=\"\" width=\"18\" height=\"15\" \/>Augsta iztur\u012bba pret UV stariem un laikapst\u0101k\u013ciem.<\/strong> Kr\u0101sa veido aizsargbarjeru pret saules gaismu, lietu, salu un temperat\u016bras sv\u0101rst\u012bb\u0101m, saglab\u0101jot kr\u0101sas intensit\u0101ti un nov\u0113r\u0161ot priek\u0161laic\u012bgu noveco\u0161anos.<\/p>\n<p><strong><img decoding=\"async\" style=\"margin-right: 12px;\" src=\"https:\/\/www.ferberpainting.com\/wp-content\/uploads\/2026\/02\/Check.svg\" alt=\"\" width=\"18\" height=\"15\" \/>\u016adensnecaurlaid\u012bga un aizsarg\u0101jo\u0161a apdare.<\/strong> P\u0113c iz\u017e\u016b\u0161anas p\u0101rkl\u0101jums samazina \u016bdens uzs\u016bk\u0161anos un pal\u012bdz nov\u0113rst s\u016bnu un a\u013c\u0123u veido\u0161anos, t\u0101d\u0113j\u0101di uzlabojot jumta iztur\u012bbu.<\/p>\n<p><strong><img decoding=\"async\" style=\"margin-right: 12px;\" src=\"https:\/\/www.ferberpainting.com\/wp-content\/uploads\/2026\/02\/Check.svg\" alt=\"\" width=\"18\" height=\"15\" \/>Piem\u0113rots vair\u0101kiem jumta seguma materi\u0101liem.<\/strong> M\u016bsu jumta kr\u0101sa efekt\u012bvi kl\u0101jas uz betona daksti\u0146iem, m\u0101la daksti\u0146iem, \u0161\u0137iedru cementa loksn\u0113m un sader\u012bgiem jumta seguma substr\u0101tiem.<\/p>\n<p><strong>Instrukcijas<\/strong><\/p>\n<ul>\n<li>Pirms uzkl\u0101\u0161anas r\u016bp\u012bgi p\u0101rbaudiet jumtu. Salabojiet boj\u0101tos vai sal\u016bzu\u0161os daksti\u0146us un nodro\u0161iniet konstrukcijas stabilit\u0101ti.<\/li>\n<li>R\u016bp\u012bgi not\u012briet jumta virsmu, lai no\u0146emtu s\u016bnas, a\u013c\u0123es, net\u012brumus, putek\u013cus un va\u013c\u0113jas da\u013ci\u0146as. Optim\u0101lai sagatavo\u0161anai pirms tam var izmantot jumta t\u012br\u012b\u0161anas l\u012bdzekli.<\/li>\n<li>Pirms kr\u0101so\u0161anas \u013caujiet virsmai piln\u012bb\u0101 no\u017e\u016bt.<\/li>\n<li>Pirms lieto\u0161anas kr\u0101su r\u016bp\u012bgi samaisiet, lai nodro\u0161in\u0101tu viendab\u012bgu kr\u0101su un tekst\u016bru.<\/li>\n<li>Uzkl\u0101jiet piem\u0113rotos laikapst\u0101k\u013cos, ide\u0101l\u0101 gad\u012bjum\u0101 no 10\u00b0C l\u012bdz 30\u00b0C. Lieto\u0161anas laik\u0101 izvairieties no lietus, stipra v\u0113ja vai intens\u012bvas tie\u0161as saules gaismas.<\/li>\n<li>Atkar\u012bb\u0101 no jumta lieluma un pieejam\u012bbas izmantojiet rull\u012bti, otu vai bezgaisa smidzin\u0101\u0161anas sist\u0113mu.<\/li>\n<li>Iev\u0113rojiet ieteicamo p\u0101rkl\u0101juma normu 10 m\u00b2 uz litru. Tas atbilst aptuveni 100 ml uz kvadr\u0101tmetru.<\/li>\n<li>Kr\u0101su vienm\u0113r\u012bgi uzkl\u0101jiet vienm\u0113r\u012bg\u0101 sl\u0101n\u012b. Izvairieties no p\u0101rm\u0113r\u012bga biezuma, lai nodro\u0161in\u0101tu pareizu \u017e\u016b\u0161anu un sa\u0137eri.<\/li>\n<li>Optim\u0101lai notur\u012bbai un kr\u0101sas intensit\u0101tei uzkl\u0101jiet divus p\u0101rkl\u0101jumus. Pirms otr\u0101s k\u0101rtas uzkl\u0101\u0161anas \u013caujiet pirmajai k\u0101rtai piln\u012bb\u0101 no\u017e\u016bt.<\/li>\n<li>\u017d\u0101v\u0113\u0161anas laiks var at\u0161\u0137irties atkar\u012bb\u0101 no temperat\u016bras un mitruma. P\u0101rliecinieties, ka virsma ir piln\u012bgi sausa pirms sp\u0113c\u012bga lietus iedarb\u012bbas.<\/li>\n<li>Izvairieties staig\u0101t pa tikko nokr\u0101sot\u0101m viet\u0101m, l\u012bdz t\u0101s ir piln\u012bgi sausas.<\/li>\n<li>Instrumentus p\u0113c lieto\u0161anas nekav\u0113joties not\u012briet saska\u0146\u0101 ar produkta ieteikumiem.<\/li>\n<li>Uzglab\u0101t trauku cie\u0161i nosl\u0113gtu v\u0113s\u0101, saus\u0101 viet\u0101, prom no tie\u0161iem saules stariem un ekstrem\u0101l\u0101m temperat\u016br\u0101m.<\/li>\n<li>Pirms pirkuma pabeig\u0161anas izv\u0113lieties v\u0113lamo kr\u0101su tie\u0161i m\u016bsu tie\u0161saistes veikal\u0101.<\/li>\n<\/ul>\n<p>Iev\u0113rojot ieteicamo p\u0101rkl\u0101jumu 10 m\u00b2 uz litru un vienm\u0113r\u012bgi uzkl\u0101jot kr\u0101su uz pareizi sagatavotas virsmas, m\u016bsu jumta kr\u0101sa nodro\u0161in\u0101s j\u016bsu jumta seguma sist\u0113mai notur\u012bgu aizsardz\u012bbu, uzlabotu est\u0113tiku un ilglaic\u012bgu veiktsp\u0113ju.<\/p>","protected":false},"excerpt":{"rendered":"<p>Professional roof renewal with long-lasting color protection. Our roof paint is specially formulated to restore, protect, and enhance roofing surfaces with a durable and weather-resistant coating. It revitalizes faded tiles and extends the lifespan of your roof while giving it a clean, refreshed appearance. The most effective roof paint on the market. Thanks to its [&hellip;]<\/p>\n","protected":false},"featured_media":27122,"comment_status":"open","ping_status":"closed","template":"","meta":{"_uag_custom_page_level_css":"","site-sidebar-layout":"default","site-content-layout":"","ast-site-content-layout":"default","site-content-style":"default","site-sidebar-style":"default","ast-global-header-display":"","ast-banner-title-visibility":"","ast-main-header-display":"","ast-hfb-above-header-display":"","ast-hfb-below-header-display":"","ast-hfb-mobile-header-display":"","site-post-title":"","ast-breadcrumbs-content":"","ast-featured-img":"","footer-sml-layout":"","ast-disable-related-posts":"","theme-transparent-header-meta":"default","adv-header-id-meta":"","stick-header-meta":"","header-above-stick-meta":"","header-main-stick-meta":"","header-below-stick-meta":"","astra-migrate-meta-layouts":"set","ast-page-background-enabled":"default","ast-page-background-meta":{"desktop":{"background-color":"var(--ast-global-color-4)","background-image":"","background-repeat":"repeat","background-position":"center center","background-size":"auto","background-attachment":"scroll","background-type":"","background-media":"","overlay-type":"","overlay-color":"","overlay-opacity":"","overlay-gradient":""},"tablet":{"background-color":"","background-image":"","background-repeat":"repeat","background-position":"center center","background-size":"auto","background-attachment":"scroll","background-type":"","background-media":"","overlay-type":"","overlay-color":"","overlay-opacity":"","overlay-gradient":""},"mobile":{"background-color":"","background-image":"","background-repeat":"repeat","background-position":"center center","background-size":"auto","background-attachment":"scroll","background-type":"","background-media":"","overlay-type":"","overlay-color":"","overlay-opacity":"","overlay-gradient":""}},"ast-content-background-meta":{"desktop":{"background-color":"var(--ast-global-color-5)","background-image":"","background-repeat":"repeat","background-position":"center center","background-size":"auto","background-attachment":"scroll","background-type":"","background-media":"","overlay-type":"","overlay-color":"","overlay-opacity":"","overlay-gradient":""},"tablet":{"background-color":"var(--ast-global-color-5)","background-image":"","background-repeat":"repeat","background-position":"center center","background-size":"auto","background-attachment":"scroll","background-type":"","background-media":"","overlay-type":"","overlay-color":"","overlay-opacity":"","overlay-gradient":""},"mobile":{"background-color":"var(--ast-global-color-5)","background-image":"","background-repeat":"repeat","background-position":"center center","background-size":"auto","background-attachment":"scroll","background-type":"","background-media":"","overlay-type":"","overlay-color":"","overlay-opacity":"","overlay-gradient":""}}},"product_brand":[],"product_cat":[186],"product_tag":[],"class_list":{"0":"post-25242","1":"product","2":"type-product","3":"status-publish","4":"has-post-thumbnail","6":"product_cat-roof-paint","7":"desktop-align-left","8":"tablet-align-left","9":"mobile-align-left","11":"first","12":"instock","13":"sale","14":"shipping-taxable","15":"purchasable","16":"product-type-variable","17":"has-default-attributes"},"spectra_custom_meta":{"_visibility":["visible"],"_shopify_product_id":["8317750837493"],"_s2w_shopify_domain":["ferberpainting.myshopify.com"],"_shopify_variant_id":["44772279714037"],"_sku":[""],"_manage_stock":["no"],"total_sales":["0"],"_tax_status":["taxable"],"_tax_class":[""],"_backorders":["no"],"_sold_individually":["no"],"_virtual":["no"],"_downloadable":["no"],"_download_limit":["-1"],"_download_expiry":["-1"],"_stock":[null],"_stock_status":["instock"],"_wc_average_rating":["5.00"],"_wc_review_count":["13"],"_product_attributes":["a:1:{s:6:\"volume\";a:6:{s:4:\"name\";s:6:\"Volume\";s:5:\"value\";s:30:\"1 liter | 5 liters | 20 liters\";s:8:\"position\";i:1;s:10:\"is_visible\";i:0;s:12:\"is_variation\";i:1;s:11:\"is_taxonomy\";i:0;}}"],"_product_version":["10.5.1"],"_thumbnail_id":["27122"],"_price":["19.90","79.90","299.90"],"_product_image_gallery":["27123,27124"],"merchant-center-availability":["yes"],"merchant-center-category":["1361"],"merchant-center-id":["PTRS1L"],"wpse_downloadable_file_names":[""],"wpse_downloadable_file_urls":[""],"_edit_last":["1"],"_default_attributes":["a:1:{s:6:\"volume\";s:7:\"1 liter\";}"],"_wc_rating_count":["a:1:{i:5;i:13;}"],"_edit_lock":["1771226545:1"],"_wp_page_template":["default"],"site-sidebar-layout":["default"],"ast-site-content-layout":["default"],"site-content-style":["default"],"site-sidebar-style":["default"],"theme-transparent-header-meta":["default"],"astra-migrate-meta-layouts":["set"],"_uag_css_file_name":["uag-css-25242.css"],"_elementor_page_assets":["a:0:{}"],"_uag_page_assets":["a:9:{s:3:\"css\";s:6873:\".wp-block-uagb-image{display:flex}.wp-block-uagb-image__figure{position:relative;display:flex;flex-direction:column;max-width:100%;height:auto;margin:0}.wp-block-uagb-image__figure img{height:auto;display:flex;max-width:100%;transition:box-shadow .2s ease}.wp-block-uagb-image__figure>a{display:inline-block}.wp-block-uagb-image__figure figcaption{text-align:center;margin-top:.5em;margin-bottom:1em}.wp-block-uagb-image .components-placeholder.block-editor-media-placeholder .components-placeholder__instructions{align-self:center}.wp-block-uagb-image--align-left{text-align:left}.wp-block-uagb-image--align-right{text-align:right}.wp-block-uagb-image--align-center{text-align:center}.wp-block-uagb-image--align-full .wp-block-uagb-image__figure{margin-left:calc(50% - 50vw);margin-right:calc(50% - 50vw);max-width:100vw;width:100vw;height:auto}.wp-block-uagb-image--align-full .wp-block-uagb-image__figure img{height:auto;width:100% !important}.wp-block-uagb-image--align-wide .wp-block-uagb-image__figure img{height:auto;width:100%}.wp-block-uagb-image--layout-overlay__color-wrapper{position:absolute;left:0;top:0;right:0;bottom:0;opacity:.2;background:rgba(0,0,0,.5);transition:opacity .35s ease-in-out}.wp-block-uagb-image--layout-overlay-link{position:absolute;left:0;right:0;bottom:0;top:0}.wp-block-uagb-image--layout-overlay .wp-block-uagb-image__figure:hover .wp-block-uagb-image--layout-overlay__color-wrapper{opacity:1}.wp-block-uagb-image--layout-overlay__inner{position:absolute;left:15px;right:15px;bottom:15px;top:15px;display:flex;align-items:center;justify-content:center;flex-direction:column;border-color:#fff;transition:.35s ease-in-out}.wp-block-uagb-image--layout-overlay__inner.top-left,.wp-block-uagb-image--layout-overlay__inner.top-center,.wp-block-uagb-image--layout-overlay__inner.top-right{justify-content:flex-start}.wp-block-uagb-image--layout-overlay__inner.bottom-left,.wp-block-uagb-image--layout-overlay__inner.bottom-center,.wp-block-uagb-image--layout-overlay__inner.bottom-right{justify-content:flex-end}.wp-block-uagb-image--layout-overlay__inner.top-left,.wp-block-uagb-image--layout-overlay__inner.center-left,.wp-block-uagb-image--layout-overlay__inner.bottom-left{align-items:flex-start}.wp-block-uagb-image--layout-overlay__inner.top-right,.wp-block-uagb-image--layout-overlay__inner.center-right,.wp-block-uagb-image--layout-overlay__inner.bottom-right{align-items:flex-end}.wp-block-uagb-image--layout-overlay__inner .uagb-image-heading{color:#fff;transition:transform .35s,opacity .35s ease-in-out;transform:translate3d(0, 24px, 0);margin:0;line-height:1em}.wp-block-uagb-image--layout-overlay__inner .uagb-image-separator{width:30%;border-top-width:2px;border-top-color:#fff;border-top-style:solid;margin-bottom:10px;opacity:0;transition:transform .4s,opacity .4s ease-in-out;transform:translate3d(0, 30px, 0)}.wp-block-uagb-image--layout-overlay__inner .uagb-image-caption{opacity:0;overflow:visible;color:#fff;transition:transform .45s,opacity .45s ease-in-out;transform:translate3d(0, 35px, 0)}.wp-block-uagb-image--layout-overlay__inner:hover .uagb-image-heading,.wp-block-uagb-image--layout-overlay__inner:hover .uagb-image-separator,.wp-block-uagb-image--layout-overlay__inner:hover .uagb-image-caption{opacity:1;transform:translate3d(0, 0, 0)}.wp-block-uagb-image--effect-zoomin .wp-block-uagb-image__figure img,.wp-block-uagb-image--effect-zoomin .wp-block-uagb-image__figure .wp-block-uagb-image--layout-overlay__color-wrapper{transform:scale(1);transition:transform .35s ease-in-out}.wp-block-uagb-image--effect-zoomin .wp-block-uagb-image__figure:hover img,.wp-block-uagb-image--effect-zoomin .wp-block-uagb-image__figure:hover .wp-block-uagb-image--layout-overlay__color-wrapper{transform:scale(1.05)}.wp-block-uagb-image--effect-slide .wp-block-uagb-image__figure img,.wp-block-uagb-image--effect-slide .wp-block-uagb-image__figure .wp-block-uagb-image--layout-overlay__color-wrapper{width:calc(100% + 40px) !important;max-width:none !important;transform:translate3d(-40px, 0, 0);transition:transform .35s ease-in-out}.wp-block-uagb-image--effect-slide .wp-block-uagb-image__figure:hover img,.wp-block-uagb-image--effect-slide .wp-block-uagb-image__figure:hover .wp-block-uagb-image--layout-overlay__color-wrapper{transform:translate3d(0, 0, 0)}.wp-block-uagb-image--effect-grayscale img{filter:grayscale(0%);transition:.35s ease-in-out}.wp-block-uagb-image--effect-grayscale:hover img{filter:grayscale(100%)}.wp-block-uagb-image--effect-blur img{filter:blur(0);transition:.35s ease-in-out}.wp-block-uagb-image--effect-blur:hover img{filter:blur(3px)}.uagb-block-e6f939b3.wp-block-uagb-image--layout-default figure img{box-shadow: 0px 0px 0 #00000070;}.uagb-block-e6f939b3.wp-block-uagb-image .wp-block-uagb-image__figure figcaption{font-style: normal;align-self: center;}.uagb-block-e6f939b3.wp-block-uagb-image--layout-overlay figure img{box-shadow: 0px 0px 0 #00000070;}.uagb-block-e6f939b3.wp-block-uagb-image--layout-overlay .wp-block-uagb-image--layout-overlay__color-wrapper{opacity: 0.2;}.uagb-block-e6f939b3.wp-block-uagb-image--layout-overlay .wp-block-uagb-image--layout-overlay__inner{left: 15px;right: 15px;top: 15px;bottom: 15px;}.uagb-block-e6f939b3.wp-block-uagb-image--layout-overlay .wp-block-uagb-image--layout-overlay__inner .uagb-image-heading{font-style: normal;color: #fff;opacity: 1;}.uagb-block-e6f939b3.wp-block-uagb-image--layout-overlay .wp-block-uagb-image--layout-overlay__inner .uagb-image-heading a{color: #fff;}.uagb-block-e6f939b3.wp-block-uagb-image--layout-overlay .wp-block-uagb-image--layout-overlay__inner .uagb-image-caption{opacity: 0;}.uagb-block-e6f939b3.wp-block-uagb-image--layout-overlay .wp-block-uagb-image__figure:hover .wp-block-uagb-image--layout-overlay__color-wrapper{opacity: 1;}.uagb-block-e6f939b3.wp-block-uagb-image .wp-block-uagb-image--layout-overlay__inner .uagb-image-separator{width: 30%;border-top-width: 2px;border-top-color: #fff;opacity: 0;}.uagb-block-e6f939b3.wp-block-uagb-image .wp-block-uagb-image__figure img{width: px;height: auto;}.uagb-block-e6f939b3.wp-block-uagb-image .wp-block-uagb-image__figure:hover .wp-block-uagb-image--layout-overlay__inner .uagb-image-caption{opacity: 1;}.uagb-block-e6f939b3.wp-block-uagb-image .wp-block-uagb-image__figure:hover .wp-block-uagb-image--layout-overlay__inner .uagb-image-separator{opacity: 1;}.uagb-block-e6f939b3.wp-block-uagb-image--layout-default figure:hover img{box-shadow: 0px 0px 0 #00000070;}.uagb-block-e6f939b3.wp-block-uagb-image--layout-overlay figure:hover img{box-shadow: 0px 0px 0 #00000070;}@media only screen and (max-width: 976px) {.uagb-block-e6f939b3.wp-block-uagb-image .wp-block-uagb-image__figure img{width: px;height: auto;}}@media only screen and (max-width: 767px) {.uagb-block-e6f939b3.wp-block-uagb-image .wp-block-uagb-image__figure img{width: px;height: auto;}}\";s:2:\"js\";s:0:\"\";s:18:\"current_block_list\";a:13:{i:0;s:11:\"core\/search\";i:1;s:10:\"core\/group\";i:2;s:12:\"core\/heading\";i:3;s:17:\"core\/latest-posts\";i:4;s:20:\"core\/latest-comments\";i:5;s:13:\"core\/archives\";i:6;s:15:\"core\/categories\";i:7;s:14:\"core\/paragraph\";i:8;s:10:\"uagb\/image\";i:9;s:11:\"core\/spacer\";i:10;s:30:\"woocommerce\/product-categories\";i:11;s:10:\"core\/image\";i:12;s:14:\"core\/shortcode\";}s:8:\"uag_flag\";b:1;s:11:\"uag_version\";s:10:\"1777131145\";s:6:\"gfonts\";a:0:{}s:10:\"gfonts_url\";s:0:\"\";s:12:\"gfonts_files\";a:0:{}s:14:\"uag_faq_layout\";b:0;}"]},"uagb_featured_image_src":{"full":["https:\/\/www.ferberpainting.com\/wp-content\/uploads\/2025\/05\/RoofPaintSalmonred1l.png",2560,2276,false],"thumbnail":["https:\/\/www.ferberpainting.com\/wp-content\/uploads\/2025\/05\/RoofPaintSalmonred1l-150x150.png",150,150,true],"medium":["https:\/\/www.ferberpainting.com\/wp-content\/uploads\/2025\/05\/RoofPaintSalmonred1l-300x267.png",300,267,true],"medium_large":["https:\/\/www.ferberpainting.com\/wp-content\/uploads\/2025\/05\/RoofPaintSalmonred1l-768x683.png",768,683,true],"large":["https:\/\/www.ferberpainting.com\/wp-content\/uploads\/2025\/05\/RoofPaintSalmonred1l-1024x910.png",1024,910,true],"1536x1536":["https:\/\/www.ferberpainting.com\/wp-content\/uploads\/2025\/05\/RoofPaintSalmonred1l-1536x1366.png",1536,1366,true],"2048x2048":["https:\/\/www.ferberpainting.com\/wp-content\/uploads\/2025\/05\/RoofPaintSalmonred1l-2048x1821.png",2048,1821,true],"trp-custom-language-flag":["https:\/\/www.ferberpainting.com\/wp-content\/uploads\/2025\/05\/RoofPaintSalmonred1l-13x12.png",13,12,true],"woocommerce_thumbnail":["https:\/\/www.ferberpainting.com\/wp-content\/uploads\/2025\/05\/RoofPaintSalmonred1l-300x300.png",300,300,true],"woocommerce_single":["https:\/\/www.ferberpainting.com\/wp-content\/uploads\/2025\/05\/RoofPaintSalmonred1l-600x533.png",600,533,true],"woocommerce_gallery_thumbnail":["https:\/\/www.ferberpainting.com\/wp-content\/uploads\/2025\/05\/RoofPaintSalmonred1l-100x100.png",100,100,true]},"uagb_author_info":{"display_name":"admin","author_link":"https:\/\/www.ferberpainting.com\/lv\/author\/"},"uagb_comment_info":13,"uagb_excerpt":"Professional roof renewal with long-lasting color protection. Our roof paint is specially formulated to restore, protect, and enhance roofing surfaces with a durable and weather-resistant coating. It revitalizes faded tiles and extends the lifespan of your roof while giving it a clean, refreshed appearance. The most effective roof paint on the market. Thanks to its&hellip;","_links":{"self":[{"href":"https:\/\/www.ferberpainting.com\/lv\/wp-json\/wp\/v2\/product\/25242","targetHints":{"allow":["GET"]}}],"collection":[{"href":"https:\/\/www.ferberpainting.com\/lv\/wp-json\/wp\/v2\/product"}],"about":[{"href":"https:\/\/www.ferberpainting.com\/lv\/wp-json\/wp\/v2\/types\/product"}],"replies":[{"embeddable":true,"href":"https:\/\/www.ferberpainting.com\/lv\/wp-json\/wp\/v2\/comments?post=25242"}],"version-history":[{"count":2,"href":"https:\/\/www.ferberpainting.com\/lv\/wp-json\/wp\/v2\/product\/25242\/revisions"}],"predecessor-version":[{"id":167130,"href":"https:\/\/www.ferberpainting.com\/lv\/wp-json\/wp\/v2\/product\/25242\/revisions\/167130"}],"wp:featuredmedia":[{"embeddable":true,"href":"https:\/\/www.ferberpainting.com\/lv\/wp-json\/wp\/v2\/media\/27122"}],"wp:attachment":[{"href":"https:\/\/www.ferberpainting.com\/lv\/wp-json\/wp\/v2\/media?parent=25242"}],"wp:term":[{"taxonomy":"product_brand","embeddable":true,"href":"https:\/\/www.ferberpainting.com\/lv\/wp-json\/wp\/v2\/product_brand?post=25242"},{"taxonomy":"product_cat","embeddable":true,"href":"https:\/\/www.ferberpainting.com\/lv\/wp-json\/wp\/v2\/product_cat?post=25242"},{"taxonomy":"product_tag","embeddable":true,"href":"https:\/\/www.ferberpainting.com\/lv\/wp-json\/wp\/v2\/product_tag?post=25242"}],"curies":[{"name":"wp","href":"https:\/\/api.w.org\/{rel}","templated":true}]}}