{"id":25057,"date":"2025-05-26T10:29:03","date_gmt":"2025-05-26T08:29:03","guid":{"rendered":"https:\/\/www.ferberpainting.com\/products\/roof-defoamer\/"},"modified":"2026-02-16T08:18:54","modified_gmt":"2026-02-16T07:18:54","slug":"roof-defoamer","status":"publish","type":"product","link":"https:\/\/www.ferberpainting.com\/lv\/products\/roof-defoamer\/","title":{"rendered":"Jumta s\u016bnu t\u012br\u012bt\u0101js"},"content":{"rendered":"<p><strong><img decoding=\"async\" style=\"margin-right: 12px;\" src=\"https:\/\/www.ferberpainting.com\/wp-content\/uploads\/2026\/02\/Check.svg\" alt=\"\" width=\"18\" height=\"15\" \/>Sp\u0113c\u012bga pretputu iedarb\u012bba dzi\u013ca jumta t\u012br\u012b\u0161ana.<\/strong> M\u016bsu jumtu atputek\u013cot\u0101js ir \u012bpa\u0161i izstr\u0101d\u0101ts, lai nov\u0113rstu putu veido\u0161anos jumtu t\u012br\u012b\u0161anas laik\u0101, nodro\u0161inot vienm\u0113r\u012bgu, kontrol\u0113tu un efekt\u012bvu jumta virsmu apstr\u0101di. Tas uzlabo t\u012br\u012b\u0161anas veiktsp\u0113ju, neitraliz\u0113jot mazg\u0101\u0161anas l\u012bdzek\u013cu, organisko atlieku vai iepriek\u0161\u0113jo t\u012br\u012b\u0161anas l\u012bdzek\u013cu rad\u012bt\u0101s p\u0101rm\u0113r\u012bg\u0101s putas.<\/p>\n<p><strong><img decoding=\"async\" style=\"margin-right: 12px;\" src=\"https:\/\/www.ferberpainting.com\/wp-content\/uploads\/2026\/02\/Check.svg\" alt=\"\" width=\"18\" height=\"15\" \/>Efekt\u012bv\u0101kais jumtu atputek\u013co\u0161anas l\u012bdzeklis tirg\u016b.<\/strong> Izstr\u0101d\u0101ts ar modernu putu kontroles tehnolo\u0123iju, \u0161is produkts \u0101tri sadala virsmas putas, \u013caujot t\u012br\u012b\u0161anas \u0161\u0137\u012bdumiem netrauc\u0113ti iedarboties tie\u0161i uz s\u016bn\u0101m, a\u013c\u0123\u0113m un net\u012brumiem. Tas uzlabo iek\u013c\u016b\u0161anu un palielina kop\u0113jo t\u012br\u012b\u0161anas efektivit\u0101ti.<\/p>\n<p><strong><img decoding=\"async\" style=\"margin-right: 12px;\" src=\"https:\/\/www.ferberpainting.com\/wp-content\/uploads\/2026\/02\/Check.svg\" alt=\"\" width=\"18\" height=\"15\" \/>Nep\u0101rsp\u0113jama cena.<\/strong> M\u0113s pied\u0101v\u0101jam profesion\u0101las klases jumtu atputek\u013co\u0161anas veiktsp\u0113ju par viskonkur\u0113tsp\u0113j\u012bg\u0101ko cenu. Neatkar\u012bgi no t\u0101, vai tas ir paredz\u0113ts b\u016bvuz\u0146\u0113m\u0113jiem vai m\u0101ju \u012bpa\u0161niekiem, j\u016bs sa\u0146emsiet izcilu efektivit\u0101ti bez p\u0101rm\u0113r\u012bg\u0101m izmaks\u0101m.<\/p>\n<p><strong><img decoding=\"async\" style=\"margin-right: 12px;\" src=\"https:\/\/www.ferberpainting.com\/wp-content\/uploads\/2026\/02\/Check.svg\" alt=\"\" width=\"18\" height=\"15\" \/>Naudas atmaksas garantija piln\u012bgai p\u0101rliec\u012bbai.<\/strong> M\u0113s atbalst\u0101m m\u016bsu jumtu atputek\u013co\u0161anas l\u012bdzek\u013ca veiktsp\u0113ju. Ja neesat piln\u012bb\u0101 apmierin\u0101ts ar rezult\u0101tiem, m\u0113s pied\u0101v\u0101jam naudas atmaksas garantiju. Vienk\u0101r\u0161i sazinieties ar mums, un m\u0113s atmaks\u0101sim naudu par pirkumu.<\/p>\n<p><strong><img decoding=\"async\" style=\"margin-right: 12px;\" src=\"https:\/\/www.ferberpainting.com\/wp-content\/uploads\/2026\/02\/Check.svg\" alt=\"\" width=\"18\" height=\"15\" \/>\u0100tra pieg\u0101de 24 stundas diennakt\u012b, lai nodro\u0161in\u0101tu nep\u0101rtrauktu apkopi.<\/strong> M\u0113s vienm\u0113r nodro\u0161in\u0101m pieg\u0101di 24 stundas diennakt\u012b, lai j\u016bs var\u0113tu nekav\u0113joties pabeigt jumta t\u012br\u012b\u0161anas vai apstr\u0101des projektus.<\/p>\n<p><strong><img decoding=\"async\" style=\"margin-right: 12px;\" src=\"https:\/\/www.ferberpainting.com\/wp-content\/uploads\/2026\/02\/Check.svg\" alt=\"\" width=\"18\" height=\"15\" \/>Lielisks p\u0101rkl\u0101jums - l\u012bdz 10 m\u00b2 uz litru.<\/strong> Viens litrs jumta atputek\u013cot\u0101ja atkar\u012bb\u0101 no putu veido\u0161an\u0101s l\u012bme\u0146a un t\u012br\u012b\u0161anas intensit\u0101tes apstr\u0101d\u0101 l\u012bdz 10 kvadr\u0101tmetriem virsmas plat\u012bbas. \u0160is optimiz\u0113tais p\u0101rkl\u0101jums nodro\u0161ina efekt\u012bvu lieto\u0161anu un izmaksu kontroli.<\/p>\n<p><strong><img decoding=\"async\" style=\"margin-right: 12px;\" src=\"https:\/\/www.ferberpainting.com\/wp-content\/uploads\/2026\/02\/Check.svg\" alt=\"\" width=\"18\" height=\"15\" \/>Uzlabo jumta t\u012br\u012b\u0161anas veiktsp\u0113ju.<\/strong> Nov\u0113r\u0161ot putas, kas blo\u0137\u0113 redzam\u012bbu un samazina produkta kontaktu, atputek\u013cot\u0101js \u013cauj t\u012br\u012b\u0161anas l\u012bdzek\u013ciem saglab\u0101t tie\u0161u kontaktu ar s\u016bn\u0101m un gru\u017eiem, t\u0101d\u0113j\u0101di uzlabojot kop\u0113jos rezult\u0101tus.<\/p>\n<p><strong><img decoding=\"async\" style=\"margin-right: 12px;\" src=\"https:\/\/www.ferberpainting.com\/wp-content\/uploads\/2026\/02\/Check.svg\" alt=\"\" width=\"18\" height=\"15\" \/>Sader\u012bgs ar liel\u0101ko da\u013cu jumtu t\u012br\u012b\u0161anas \u0161\u0137\u012bdumu.<\/strong> M\u016bsu atputek\u013cot\u0101js efekt\u012bvi darbojas l\u012bdztekus parastajiem jumtu t\u012br\u012b\u0161anas l\u012bdzek\u013ciem un apstr\u0101des l\u012bdzek\u013ciem, uzlabojot to efektivit\u0101ti, netrauc\u0113jot to akt\u012bvaj\u0101m sast\u0101vda\u013c\u0101m.<\/p>\n<p><strong><img decoding=\"async\" style=\"margin-right: 12px;\" src=\"https:\/\/www.ferberpainting.com\/wp-content\/uploads\/2026\/02\/Check.svg\" alt=\"\" width=\"18\" height=\"15\" \/>Piem\u0113rots da\u017e\u0101diem jumta seguma materi\u0101liem.<\/strong> To var izmantot uz m\u0101la daksti\u0146iem, betona daksti\u0146iem, \u0161\u012bfera, \u0161\u0137iedru cementa un cit\u0101m sader\u012bg\u0101m jumta virsm\u0101m t\u012br\u012b\u0161anas laik\u0101.<\/p>\n<p><strong><img decoding=\"async\" style=\"margin-right: 12px;\" src=\"https:\/\/www.ferberpainting.com\/wp-content\/uploads\/2026\/02\/Check.svg\" alt=\"\" width=\"18\" height=\"15\" \/>Viegla un kontrol\u0113ta lieto\u0161ana.<\/strong> \u0160\u0137idruma form\u0101ts nodro\u0161ina prec\u012bzu doz\u0113\u0161anu un vienm\u0113r\u012bgu izkliedi, t\u0101p\u0113c tas ir piem\u0113rots gan profesion\u0101liem darbuz\u0146\u0113m\u0113jiem, gan pieredz\u0113ju\u0161iem pa\u0161darbniekiem.<\/p>\n<h2><strong>Instrukcijas<\/strong><\/h2>\n<ul>\n<li>P\u0101rbaudiet jumtu un identific\u0113jiet vietas, kur t\u012br\u012b\u0161anas laik\u0101 p\u0101rm\u0113r\u012bgi uzkr\u0101jas putas.<\/li>\n<li>Nodro\u0161iniet dro\u0161us darba apst\u0101k\u013cus un lietojiet atbilsto\u0161us aizsardz\u012bbas l\u012bdzek\u013cus, tostarp cimdus, acu aizsardz\u012bbu un nesl\u012bdo\u0161us apavus.<\/li>\n<li>Pirms lieto\u0161anas r\u016bp\u012bgi sakratiet trauku, lai nodro\u0161in\u0101tu vienm\u0113r\u012bgu akt\u012bvo sast\u0101vda\u013cu izkliedi.<\/li>\n<li>Uzkl\u0101jiet atputek\u013cot\u0101ju tie\u0161i uz putu skartaj\u0101m viet\u0101m, izmantojot smidzin\u0101t\u0101ju, lejkannu vai suku.<\/li>\n<li>Iev\u0113rojiet ieteicamo seguma likmi: 1 litrs not\u012bra l\u012bdz 10 m\u00b2. Tas atbilst aptuveni 100 ml uz kvadr\u0101tmetru. Ja putas uzkr\u0101jas liel\u0101 daudzum\u0101, var b\u016bt nepiecie\u0161ams nedaudz liel\u0101ks pat\u0113ri\u0146\u0161.<\/li>\n<li>Vienm\u0113r vienm\u0113r\u012bgi izklied\u0113jiet l\u012bdzekli pa virsmu, uz kuras ir putas, nodro\u0161inot piln\u012bgu kontaktu.<\/li>\n<li>\u013baujiet atputek\u013cot\u0101jam iedarboties nekav\u0113joties. Put\u0101m j\u0101s\u0101k strauji sadal\u012bties, uzlabojot redzam\u012bbu un \u013caujot t\u012br\u012b\u0161anas l\u012bdzek\u013ciem efekt\u012bvi darboties.<\/li>\n<li>Turpiniet jumta t\u012br\u012b\u0161anas procesu, kad putas ir izklied\u0113ju\u0161\u0101s.<\/li>\n<li>Ja atsevi\u0161\u0137\u0101s viet\u0101s saglab\u0101jas putas, veiciet papildu lok\u0101lu apstr\u0101di, nep\u0101rsniedzot ieteicamo kop\u0113jo p\u0101rkl\u0101juma normu.<\/li>\n<li>Izvairieties no lieto\u0161anas lietus vai stipra v\u0113ja laik\u0101, lai nodro\u0161in\u0101tu pareizu darb\u012bbu.<\/li>\n<li>Nelietojiet uz saus\u0101m virsm\u0101m, ja nav putu, jo produkts ir \u012bpa\u0161i paredz\u0113ts putu neitraliz\u0113\u0161anai.<\/li>\n<li>P\u0113c t\u012br\u012b\u0161anas procesa pabeig\u0161anas \u013caujiet jumtam dabiski no\u017e\u016bt.<\/li>\n<li>P\u0113c lieto\u0161anas r\u016bp\u012bgi not\u012briet lieto\u0161anas r\u012bkus.<\/li>\n<li>Uzglab\u0101t trauku cie\u0161i nosl\u0113gtu v\u0113s\u0101, saus\u0101 viet\u0101, prom no tie\u0161iem saules stariem un ekstrem\u0101l\u0101m temperat\u016br\u0101m.<\/li>\n<li>Uzglab\u0101t b\u0113rniem nepieejam\u0101 viet\u0101 un izvair\u012bties no tie\u0161as saskares ar \u0101du un ac\u012bm.<\/li>\n<\/ul>\n<p>M\u016bsu jumtu atputek\u013co\u0161anas l\u012bdzeklis nodro\u0161ina uzlabotu t\u012br\u012b\u0161anas efektivit\u0101ti, lab\u0101ku produkta veiktsp\u0113ju un dro\u0161\u0101ku, kontrol\u0113t\u0101ku jumtu uztur\u0113\u0161anu, iev\u0113rojot ieteicamo p\u0101rkl\u0101jumu l\u012bdz 10 m\u00b2 uz litru un lietojot produktu tikai tur, kur putu veido\u0161an\u0101s trauc\u0113 t\u012br\u012b\u0161anai.<\/p>","protected":false},"excerpt":{"rendered":"<p>Powerful anti-foam action for deep roof cleaning. Our roof defoamer is specially formulated to eliminate foam buildup during roof cleaning operations, ensuring smooth, controlled, and efficient treatment of roofing surfaces. It enhances cleaning performance by neutralizing excessive foam caused by detergents, organic residues, or previous cleaning agents. The most effective roof defoamer on the market. [&hellip;]<\/p>\n","protected":false},"featured_media":26916,"comment_status":"open","ping_status":"closed","template":"","meta":{"_uag_custom_page_level_css":"","site-sidebar-layout":"default","site-content-layout":"","ast-site-content-layout":"default","site-content-style":"default","site-sidebar-style":"default","ast-global-header-display":"","ast-banner-title-visibility":"","ast-main-header-display":"","ast-hfb-above-header-display":"","ast-hfb-below-header-display":"","ast-hfb-mobile-header-display":"","site-post-title":"","ast-breadcrumbs-content":"","ast-featured-img":"","footer-sml-layout":"","ast-disable-related-posts":"","theme-transparent-header-meta":"default","adv-header-id-meta":"","stick-header-meta":"","header-above-stick-meta":"","header-main-stick-meta":"","header-below-stick-meta":"","astra-migrate-meta-layouts":"set","ast-page-background-enabled":"default","ast-page-background-meta":{"desktop":{"background-color":"var(--ast-global-color-4)","background-image":"","background-repeat":"repeat","background-position":"center center","background-size":"auto","background-attachment":"scroll","background-type":"","background-media":"","overlay-type":"","overlay-color":"","overlay-opacity":"","overlay-gradient":""},"tablet":{"background-color":"","background-image":"","background-repeat":"repeat","background-position":"center center","background-size":"auto","background-attachment":"scroll","background-type":"","background-media":"","overlay-type":"","overlay-color":"","overlay-opacity":"","overlay-gradient":""},"mobile":{"background-color":"","background-image":"","background-repeat":"repeat","background-position":"center center","background-size":"auto","background-attachment":"scroll","background-type":"","background-media":"","overlay-type":"","overlay-color":"","overlay-opacity":"","overlay-gradient":""}},"ast-content-background-meta":{"desktop":{"background-color":"var(--ast-global-color-5)","background-image":"","background-repeat":"repeat","background-position":"center center","background-size":"auto","background-attachment":"scroll","background-type":"","background-media":"","overlay-type":"","overlay-color":"","overlay-opacity":"","overlay-gradient":""},"tablet":{"background-color":"var(--ast-global-color-5)","background-image":"","background-repeat":"repeat","background-position":"center center","background-size":"auto","background-attachment":"scroll","background-type":"","background-media":"","overlay-type":"","overlay-color":"","overlay-opacity":"","overlay-gradient":""},"mobile":{"background-color":"var(--ast-global-color-5)","background-image":"","background-repeat":"repeat","background-position":"center center","background-size":"auto","background-attachment":"scroll","background-type":"","background-media":"","overlay-type":"","overlay-color":"","overlay-opacity":"","overlay-gradient":""}}},"product_brand":[],"product_cat":[175,187],"product_tag":[],"class_list":{"0":"post-25057","1":"product","2":"type-product","3":"status-publish","4":"has-post-thumbnail","6":"product_cat-cleaning-products","7":"product_cat-roofing","8":"desktop-align-left","9":"tablet-align-left","10":"mobile-align-left","12":"first","13":"instock","14":"sale","15":"shipping-taxable","16":"purchasable","17":"product-type-variable","18":"has-default-attributes"},"spectra_custom_meta":{"_visibility":["visible"],"_shopify_product_id":["8051366068469"],"_s2w_shopify_domain":["ferberpainting.myshopify.com"],"_shopify_variant_id":["43849071231221"],"_manage_stock":["no"],"total_sales":["23"],"_tax_status":["taxable"],"_tax_class":[""],"_backorders":["no"],"_sold_individually":["no"],"_virtual":["no"],"_downloadable":["no"],"_download_limit":["-1"],"_download_expiry":["-1"],"_stock":[null],"_stock_status":["instock"],"_wc_average_rating":["4.97"],"_wc_review_count":["70"],"_product_attributes":["a:1:{s:6:\"volume\";a:6:{s:4:\"name\";s:6:\"Volume\";s:5:\"value\";s:20:\"5 liters | 25 liters\";s:8:\"position\";i:1;s:10:\"is_visible\";i:0;s:12:\"is_variation\";i:1;s:11:\"is_taxonomy\";i:0;}}"],"_product_version":["10.5.1"],"_thumbnail_id":["26916"],"_product_image_gallery":["26917"],"_edit_lock":["1771226196:1"],"_default_attributes":["a:1:{s:6:\"volume\";s:8:\"5 liters\";}"],"merchant-center-availability":["yes"],"merchant-center-category":["123"],"merchant-center-id":["AMT5L"],"_edit_last":["1"],"_wp_page_template":["default"],"site-sidebar-layout":["default"],"ast-site-content-layout":["default"],"site-content-style":["default"],"site-sidebar-style":["default"],"theme-transparent-header-meta":["default"],"_price":["29.90","129.90"],"_wc_rating_count":["a:2:{i:4;i:2;i:5;i:68;}"],"astra-migrate-meta-layouts":["set"],"_uag_css_file_name":["uag-css-25057.css"],"_elementor_page_assets":["a:0:{}"],"_uag_page_assets":["a:9:{s:3:\"css\";s:7133:\".uag-blocks-common-selector{z-index:var(--z-index-desktop) !important}@media(max-width: 976px){.uag-blocks-common-selector{z-index:var(--z-index-tablet) !important}}@media(max-width: 767px){.uag-blocks-common-selector{z-index:var(--z-index-mobile) !important}}.wp-block-uagb-image{display:flex}.wp-block-uagb-image__figure{position:relative;display:flex;flex-direction:column;max-width:100%;height:auto;margin:0}.wp-block-uagb-image__figure img{height:auto;display:flex;max-width:100%;transition:box-shadow .2s ease}.wp-block-uagb-image__figure>a{display:inline-block}.wp-block-uagb-image__figure figcaption{text-align:center;margin-top:.5em;margin-bottom:1em}.wp-block-uagb-image .components-placeholder.block-editor-media-placeholder .components-placeholder__instructions{align-self:center}.wp-block-uagb-image--align-left{text-align:left}.wp-block-uagb-image--align-right{text-align:right}.wp-block-uagb-image--align-center{text-align:center}.wp-block-uagb-image--align-full .wp-block-uagb-image__figure{margin-left:calc(50% - 50vw);margin-right:calc(50% - 50vw);max-width:100vw;width:100vw;height:auto}.wp-block-uagb-image--align-full .wp-block-uagb-image__figure img{height:auto;width:100% !important}.wp-block-uagb-image--align-wide .wp-block-uagb-image__figure img{height:auto;width:100%}.wp-block-uagb-image--layout-overlay__color-wrapper{position:absolute;left:0;top:0;right:0;bottom:0;opacity:.2;background:rgba(0,0,0,.5);transition:opacity .35s ease-in-out}.wp-block-uagb-image--layout-overlay-link{position:absolute;left:0;right:0;bottom:0;top:0}.wp-block-uagb-image--layout-overlay .wp-block-uagb-image__figure:hover .wp-block-uagb-image--layout-overlay__color-wrapper{opacity:1}.wp-block-uagb-image--layout-overlay__inner{position:absolute;left:15px;right:15px;bottom:15px;top:15px;display:flex;align-items:center;justify-content:center;flex-direction:column;border-color:#fff;transition:.35s ease-in-out}.wp-block-uagb-image--layout-overlay__inner.top-left,.wp-block-uagb-image--layout-overlay__inner.top-center,.wp-block-uagb-image--layout-overlay__inner.top-right{justify-content:flex-start}.wp-block-uagb-image--layout-overlay__inner.bottom-left,.wp-block-uagb-image--layout-overlay__inner.bottom-center,.wp-block-uagb-image--layout-overlay__inner.bottom-right{justify-content:flex-end}.wp-block-uagb-image--layout-overlay__inner.top-left,.wp-block-uagb-image--layout-overlay__inner.center-left,.wp-block-uagb-image--layout-overlay__inner.bottom-left{align-items:flex-start}.wp-block-uagb-image--layout-overlay__inner.top-right,.wp-block-uagb-image--layout-overlay__inner.center-right,.wp-block-uagb-image--layout-overlay__inner.bottom-right{align-items:flex-end}.wp-block-uagb-image--layout-overlay__inner .uagb-image-heading{color:#fff;transition:transform .35s,opacity .35s ease-in-out;transform:translate3d(0, 24px, 0);margin:0;line-height:1em}.wp-block-uagb-image--layout-overlay__inner .uagb-image-separator{width:30%;border-top-width:2px;border-top-color:#fff;border-top-style:solid;margin-bottom:10px;opacity:0;transition:transform .4s,opacity .4s ease-in-out;transform:translate3d(0, 30px, 0)}.wp-block-uagb-image--layout-overlay__inner .uagb-image-caption{opacity:0;overflow:visible;color:#fff;transition:transform .45s,opacity .45s ease-in-out;transform:translate3d(0, 35px, 0)}.wp-block-uagb-image--layout-overlay__inner:hover .uagb-image-heading,.wp-block-uagb-image--layout-overlay__inner:hover .uagb-image-separator,.wp-block-uagb-image--layout-overlay__inner:hover .uagb-image-caption{opacity:1;transform:translate3d(0, 0, 0)}.wp-block-uagb-image--effect-zoomin .wp-block-uagb-image__figure img,.wp-block-uagb-image--effect-zoomin .wp-block-uagb-image__figure .wp-block-uagb-image--layout-overlay__color-wrapper{transform:scale(1);transition:transform .35s ease-in-out}.wp-block-uagb-image--effect-zoomin .wp-block-uagb-image__figure:hover img,.wp-block-uagb-image--effect-zoomin .wp-block-uagb-image__figure:hover .wp-block-uagb-image--layout-overlay__color-wrapper{transform:scale(1.05)}.wp-block-uagb-image--effect-slide .wp-block-uagb-image__figure img,.wp-block-uagb-image--effect-slide .wp-block-uagb-image__figure .wp-block-uagb-image--layout-overlay__color-wrapper{width:calc(100% + 40px) !important;max-width:none !important;transform:translate3d(-40px, 0, 0);transition:transform .35s ease-in-out}.wp-block-uagb-image--effect-slide .wp-block-uagb-image__figure:hover img,.wp-block-uagb-image--effect-slide .wp-block-uagb-image__figure:hover .wp-block-uagb-image--layout-overlay__color-wrapper{transform:translate3d(0, 0, 0)}.wp-block-uagb-image--effect-grayscale img{filter:grayscale(0%);transition:.35s ease-in-out}.wp-block-uagb-image--effect-grayscale:hover img{filter:grayscale(100%)}.wp-block-uagb-image--effect-blur img{filter:blur(0);transition:.35s ease-in-out}.wp-block-uagb-image--effect-blur:hover img{filter:blur(3px)}.uagb-block-e6f939b3.wp-block-uagb-image--layout-default figure img{box-shadow: 0px 0px 0 #00000070;}.uagb-block-e6f939b3.wp-block-uagb-image .wp-block-uagb-image__figure figcaption{font-style: normal;align-self: center;}.uagb-block-e6f939b3.wp-block-uagb-image--layout-overlay figure img{box-shadow: 0px 0px 0 #00000070;}.uagb-block-e6f939b3.wp-block-uagb-image--layout-overlay .wp-block-uagb-image--layout-overlay__color-wrapper{opacity: 0.2;}.uagb-block-e6f939b3.wp-block-uagb-image--layout-overlay .wp-block-uagb-image--layout-overlay__inner{left: 15px;right: 15px;top: 15px;bottom: 15px;}.uagb-block-e6f939b3.wp-block-uagb-image--layout-overlay .wp-block-uagb-image--layout-overlay__inner .uagb-image-heading{font-style: normal;color: #fff;opacity: 1;}.uagb-block-e6f939b3.wp-block-uagb-image--layout-overlay .wp-block-uagb-image--layout-overlay__inner .uagb-image-heading a{color: #fff;}.uagb-block-e6f939b3.wp-block-uagb-image--layout-overlay .wp-block-uagb-image--layout-overlay__inner .uagb-image-caption{opacity: 0;}.uagb-block-e6f939b3.wp-block-uagb-image--layout-overlay .wp-block-uagb-image__figure:hover .wp-block-uagb-image--layout-overlay__color-wrapper{opacity: 1;}.uagb-block-e6f939b3.wp-block-uagb-image .wp-block-uagb-image--layout-overlay__inner .uagb-image-separator{width: 30%;border-top-width: 2px;border-top-color: #fff;opacity: 0;}.uagb-block-e6f939b3.wp-block-uagb-image .wp-block-uagb-image__figure img{width: px;height: auto;}.uagb-block-e6f939b3.wp-block-uagb-image .wp-block-uagb-image__figure:hover .wp-block-uagb-image--layout-overlay__inner .uagb-image-caption{opacity: 1;}.uagb-block-e6f939b3.wp-block-uagb-image .wp-block-uagb-image__figure:hover .wp-block-uagb-image--layout-overlay__inner .uagb-image-separator{opacity: 1;}.uagb-block-e6f939b3.wp-block-uagb-image--layout-default figure:hover img{box-shadow: 0px 0px 0 #00000070;}.uagb-block-e6f939b3.wp-block-uagb-image--layout-overlay figure:hover img{box-shadow: 0px 0px 0 #00000070;}@media only screen and (max-width: 976px) {.uagb-block-e6f939b3.wp-block-uagb-image .wp-block-uagb-image__figure img{width: px;height: auto;}}@media only screen and (max-width: 767px) {.uagb-block-e6f939b3.wp-block-uagb-image .wp-block-uagb-image__figure img{width: px;height: auto;}}\";s:2:\"js\";s:0:\"\";s:18:\"current_block_list\";a:13:{i:0;s:11:\"core\/search\";i:1;s:10:\"core\/group\";i:2;s:12:\"core\/heading\";i:3;s:17:\"core\/latest-posts\";i:4;s:20:\"core\/latest-comments\";i:5;s:13:\"core\/archives\";i:6;s:15:\"core\/categories\";i:7;s:14:\"core\/paragraph\";i:8;s:10:\"uagb\/image\";i:9;s:11:\"core\/spacer\";i:10;s:30:\"woocommerce\/product-categories\";i:11;s:10:\"core\/image\";i:12;s:14:\"core\/shortcode\";}s:8:\"uag_flag\";b:1;s:11:\"uag_version\";s:10:\"1777037318\";s:6:\"gfonts\";a:0:{}s:10:\"gfonts_url\";s:0:\"\";s:12:\"gfonts_files\";a:0:{}s:14:\"uag_faq_layout\";b:0;}"]},"uagb_featured_image_src":{"full":["https:\/\/www.ferberpainting.com\/wp-content\/uploads\/2025\/05\/Roof_Defoamer_5L.jpg",2560,2560,false],"thumbnail":["https:\/\/www.ferberpainting.com\/wp-content\/uploads\/2025\/05\/Roof_Defoamer_5L-150x150.jpg",150,150,true],"medium":["https:\/\/www.ferberpainting.com\/wp-content\/uploads\/2025\/05\/Roof_Defoamer_5L-300x300.jpg",300,300,true],"medium_large":["https:\/\/www.ferberpainting.com\/wp-content\/uploads\/2025\/05\/Roof_Defoamer_5L-768x768.jpg",768,768,true],"large":["https:\/\/www.ferberpainting.com\/wp-content\/uploads\/2025\/05\/Roof_Defoamer_5L-1024x1024.jpg",1024,1024,true],"1536x1536":["https:\/\/www.ferberpainting.com\/wp-content\/uploads\/2025\/05\/Roof_Defoamer_5L-1536x1536.jpg",1536,1536,true],"2048x2048":["https:\/\/www.ferberpainting.com\/wp-content\/uploads\/2025\/05\/Roof_Defoamer_5L-2048x2048.jpg",2048,2048,true],"trp-custom-language-flag":["https:\/\/www.ferberpainting.com\/wp-content\/uploads\/2025\/05\/Roof_Defoamer_5L-12x12.jpg",12,12,true],"woocommerce_thumbnail":["https:\/\/www.ferberpainting.com\/wp-content\/uploads\/2025\/05\/Roof_Defoamer_5L-300x300.jpg",300,300,true],"woocommerce_single":["https:\/\/www.ferberpainting.com\/wp-content\/uploads\/2025\/05\/Roof_Defoamer_5L-600x600.jpg",600,600,true],"woocommerce_gallery_thumbnail":["https:\/\/www.ferberpainting.com\/wp-content\/uploads\/2025\/05\/Roof_Defoamer_5L-100x100.jpg",100,100,true]},"uagb_author_info":{"display_name":"admin","author_link":"https:\/\/www.ferberpainting.com\/lv\/author\/"},"uagb_comment_info":70,"uagb_excerpt":"Powerful anti-foam action for deep roof cleaning. Our roof defoamer is specially formulated to eliminate foam buildup during roof cleaning operations, ensuring smooth, controlled, and efficient treatment of roofing surfaces. It enhances cleaning performance by neutralizing excessive foam caused by detergents, organic residues, or previous cleaning agents. The most effective roof defoamer on the market.&hellip;","_links":{"self":[{"href":"https:\/\/www.ferberpainting.com\/lv\/wp-json\/wp\/v2\/product\/25057","targetHints":{"allow":["GET"]}}],"collection":[{"href":"https:\/\/www.ferberpainting.com\/lv\/wp-json\/wp\/v2\/product"}],"about":[{"href":"https:\/\/www.ferberpainting.com\/lv\/wp-json\/wp\/v2\/types\/product"}],"replies":[{"embeddable":true,"href":"https:\/\/www.ferberpainting.com\/lv\/wp-json\/wp\/v2\/comments?post=25057"}],"version-history":[{"count":3,"href":"https:\/\/www.ferberpainting.com\/lv\/wp-json\/wp\/v2\/product\/25057\/revisions"}],"predecessor-version":[{"id":167101,"href":"https:\/\/www.ferberpainting.com\/lv\/wp-json\/wp\/v2\/product\/25057\/revisions\/167101"}],"wp:featuredmedia":[{"embeddable":true,"href":"https:\/\/www.ferberpainting.com\/lv\/wp-json\/wp\/v2\/media\/26916"}],"wp:attachment":[{"href":"https:\/\/www.ferberpainting.com\/lv\/wp-json\/wp\/v2\/media?parent=25057"}],"wp:term":[{"taxonomy":"product_brand","embeddable":true,"href":"https:\/\/www.ferberpainting.com\/lv\/wp-json\/wp\/v2\/product_brand?post=25057"},{"taxonomy":"product_cat","embeddable":true,"href":"https:\/\/www.ferberpainting.com\/lv\/wp-json\/wp\/v2\/product_cat?post=25057"},{"taxonomy":"product_tag","embeddable":true,"href":"https:\/\/www.ferberpainting.com\/lv\/wp-json\/wp\/v2\/product_tag?post=25057"}],"curies":[{"name":"wp","href":"https:\/\/api.w.org\/{rel}","templated":true}]}}