{"id":25048,"date":"2025-05-26T10:28:55","date_gmt":"2025-05-26T08:28:55","guid":{"rendered":"https:\/\/www.ferberpainting.com\/products\/road-paint-yellow\/"},"modified":"2026-02-16T08:09:43","modified_gmt":"2026-02-16T07:09:43","slug":"road-paint-yellow","status":"publish","type":"product","link":"https:\/\/www.ferberpainting.com\/lv\/products\/road-paint-yellow\/","title":{"rendered":"Ce\u013cu mar\u0137\u0113\u0161anas kr\u0101sa \u2013 dzeltena"},"content":{"rendered":"<p><strong><img decoding=\"async\" style=\"margin-right: 12px;\" src=\"https:\/\/www.ferberpainting.com\/wp-content\/uploads\/2026\/02\/Check.svg\" alt=\"\" width=\"18\" height=\"15\" \/>Profesion\u0101la ce\u013cu mar\u0137\u0113\u0161anas kr\u0101sa labi redzamiem rezult\u0101tiem.<\/strong> M\u016bsu ce\u013cu kr\u0101sas ir \u012bpa\u0161i izstr\u0101d\u0101tas, lai nodro\u0161in\u0101tu asu, iztur\u012bgu un labi redzamu mar\u0137\u0113jumu uz asfalta, betona un cit\u0101m satiksmes virsm\u0101m. T\u0101 ir paredz\u0113ta gan sabiedriskajam, gan priv\u0101tajam lietojumam un nodro\u0161ina skaidru orient\u0101ciju transportl\u012bdzek\u013ciem un g\u0101j\u0113jiem jebkur\u0101 vid\u0113.<\/p>\n<p><strong><img decoding=\"async\" style=\"margin-right: 12px;\" src=\"https:\/\/www.ferberpainting.com\/wp-content\/uploads\/2026\/02\/Check.svg\" alt=\"\" width=\"18\" height=\"15\" \/>Efekt\u012bv\u0101k\u0101 ce\u013ca kr\u0101sa tirg\u016b.<\/strong> Pateicoties uzlabotajam sast\u0101vam, \u0161\u012b kr\u0101sa nodro\u0161ina izcilu sa\u0137eri, \u0101tru \u017e\u016b\u0161anu un ilgsto\u0161u kr\u0101su notur\u012bbu. T\u0101 iztur satiksmes nodilumu, laikapst\u0101k\u013cu ietekmi un vides ietekmi, saglab\u0101jot labu redzam\u012bbu laika gait\u0101.<\/p>\n<p><strong><img decoding=\"async\" style=\"margin-right: 12px;\" src=\"https:\/\/www.ferberpainting.com\/wp-content\/uploads\/2026\/02\/Check.svg\" alt=\"\" width=\"18\" height=\"15\" \/>Nep\u0101rsp\u0113jama cena.<\/strong> M\u0113s pied\u0101v\u0101jam profesion\u0101las kvalit\u0101tes ce\u013cu mar\u0137\u0113\u0161anas veiktsp\u0113ju par viskonkur\u0113tsp\u0113j\u012bg\u0101ko pieejamo cenu. Neatkar\u012bgi no t\u0101, vai tas paredz\u0113ts pa\u0161vald\u012bb\u0101m, darbuz\u0146\u0113m\u0113jiem vai priv\u0101t\u012bpa\u0161umu \u012bpa\u0161niekiem, j\u016bs g\u016bsiet labumu no augst\u0101k\u0101s kvalit\u0101tes par vislab\u0101ko cenu.<\/p>\n<p><strong><img decoding=\"async\" style=\"margin-right: 12px;\" src=\"https:\/\/www.ferberpainting.com\/wp-content\/uploads\/2026\/02\/Check.svg\" alt=\"\" width=\"18\" height=\"15\" \/>Naudas atmaksas garantija piln\u012bgai p\u0101rliec\u012bbai.<\/strong> M\u0113s esam p\u0101rliecin\u0101ti par m\u016bsu ce\u013cu kr\u0101sas iztur\u012bbu un redzam\u012bbu. Ja neesat apmierin\u0101ts ar rezult\u0101tu, m\u0113s pied\u0101v\u0101jam naudas atmaksas garantiju. Vienk\u0101r\u0161i sazinieties ar mums, un m\u0113s atmaks\u0101sim naudu par pirkumu.<\/p>\n<p><strong><img decoding=\"async\" style=\"margin-right: 12px;\" src=\"https:\/\/www.ferberpainting.com\/wp-content\/uploads\/2026\/02\/Check.svg\" alt=\"\" width=\"18\" height=\"15\" \/>\u0100tra pieg\u0101de 24 stundu laik\u0101 steidzamiem mar\u0137\u0113\u0161anas projektiem.<\/strong> M\u0113s vienm\u0113r nodro\u0161in\u0101m pieg\u0101di 24 stundu laik\u0101, lai j\u016bs var\u0113tu nekav\u0113joties pabeigt mar\u0137\u0113\u0161anas darbus. Uzticama pieg\u0101de nodro\u0161ina, ka j\u016bsu apkopes un dro\u0161\u012bbas projekti tiek veikti saska\u0146\u0101 ar grafiku.<\/p>\n<p><strong><img decoding=\"async\" style=\"margin-right: 12px;\" src=\"https:\/\/www.ferberpainting.com\/wp-content\/uploads\/2026\/02\/Check.svg\" alt=\"\" width=\"18\" height=\"15\" \/>Lielisks p\u0101rkl\u0101jums - 2 m\u00b2 uz litru.<\/strong> Viens litrs kr\u0101sas sedz aptuveni 2 kvadr\u0101tmetrus, kas atbilst aptuveni 20 line\u0101riem metriem 10 cm plat\u0101m l\u012bnij\u0101m. \u0160is optimiz\u0113tais p\u0101rkl\u0101jums \u013cauj prec\u012bzi apr\u0113\u0137in\u0101t daudzumus un veikt izmaksu zi\u0146\u0101 efekt\u012bvu uzkl\u0101\u0161anu.<\/p>\n<p><strong><img decoding=\"async\" style=\"margin-right: 12px;\" src=\"https:\/\/www.ferberpainting.com\/wp-content\/uploads\/2026\/02\/Check.svg\" alt=\"\" width=\"18\" height=\"15\" \/>Pieejamas vair\u0101kas augstas redzam\u012bbas kr\u0101sas.<\/strong> M\u016bsu ce\u013cu kr\u0101sa ir pieejama dzelten\u0101, za\u013c\u0101, balt\u0101 un zil\u0101 kr\u0101s\u0101 tie\u0161i m\u016bsu tie\u0161saistes veikal\u0101. \u0160\u012bs kr\u0101su opcijas \u013cauj jums iev\u0113rot dro\u0161\u012bbas noteikumus, izveidot noteiktas zonas un piel\u0101got mar\u0137\u0113jumu atbilsto\u0161i konkr\u0113t\u0101m vajadz\u012bb\u0101m.<\/p>\n<p><strong><img decoding=\"async\" style=\"margin-right: 12px;\" src=\"https:\/\/www.ferberpainting.com\/wp-content\/uploads\/2026\/02\/Check.svg\" alt=\"\" width=\"18\" height=\"15\" \/>Augsta iztur\u012bba pret satiksmi un laikapst\u0101k\u013ciem.<\/strong> P\u0113c iz\u017e\u016b\u0161anas kr\u0101sa veido iztur\u012bgu pl\u0113vi, kas ir notur\u012bga pret transportl\u012bdzek\u013cu, k\u0101j\u0101mg\u0101j\u0113ju, lietus, UV starojuma un temperat\u016bras sv\u0101rst\u012bbu rad\u012bto nodilumu.<\/p>\n<p><strong><img decoding=\"async\" style=\"margin-right: 12px;\" src=\"https:\/\/www.ferberpainting.com\/wp-content\/uploads\/2026\/02\/Check.svg\" alt=\"\" width=\"18\" height=\"15\" \/>\u0100tra \u017e\u016b\u0161ana, lai minim\u0101li trauc\u0113tu darbu.<\/strong> \u0100tri \u017e\u016bsto\u0161\u0101 formula \u013cauj \u0101tri atv\u0113rt virsmas satiksmei, samazinot d\u012bkst\u0101vi un ne\u0113rt\u012bbas lieto\u0161anas laik\u0101.<\/p>\n<p><strong><img decoding=\"async\" style=\"margin-right: 12px;\" src=\"https:\/\/www.ferberpainting.com\/wp-content\/uploads\/2026\/02\/Check.svg\" alt=\"\" width=\"18\" height=\"15\" \/>Piem\u0113rots da\u017e\u0101diem lietojumiem.<\/strong> Ide\u0101li piem\u0113rots autost\u0101vviet\u0101m, noliktav\u0101m, r\u016bpniecisk\u0101m gr\u012bd\u0101m, sporta laukumiem, ce\u013ciem, g\u0101j\u0113ju p\u0101rej\u0101m, veloceli\u0146iem un dro\u0161\u012bbas zon\u0101m.<\/p>\n<p><strong>Instrukcijas<\/strong><\/p>\n<ul>\n<li>Pirms uzkl\u0101\u0161anas p\u0101rliecinieties, ka virsma ir t\u012bra, sausa un bez putek\u013ciem, taukiem, e\u013c\u013c\u0101m, neglud\u0101m da\u013ci\u0146\u0101m vai vecas kr\u0101sas lob\u012b\u0161an\u0101s.<\/li>\n<li>Ja uzkl\u0101j uz jauna asfalta vai betona, pirms kr\u0101so\u0161anas \u013caujiet virsmai piln\u012bb\u0101 saciet\u0113t, lai nodro\u0161in\u0101tu pareizu sa\u0137eri.<\/li>\n<li>Pirms lieto\u0161anas kr\u0101su r\u016bp\u012bgi samaisiet, lai nodro\u0161in\u0101tu vienm\u0113r\u012bgu kr\u0101su un konsistenci.<\/li>\n<li>Lai sasniegtu lab\u0101kos rezult\u0101tus, uzkl\u0101jiet, ja temperat\u016bra ir no 10\u00b0C l\u012bdz 30\u00b0C. Izvairieties no lieto\u0161anas lietus vai augsta mitruma laik\u0101.<\/li>\n<li>Atkar\u012bb\u0101 no projekta m\u0113roga izmantojiet rull\u012bti, otu vai profesion\u0101lu l\u012bniju mar\u0137\u0113\u0161anas iek\u0101rtu.<\/li>\n<li>Iev\u0113rojiet ieteicamo seguma likmi: 1 litrs sedz aptuveni 2 m\u00b2.<\/li>\n<li>10 cm platas l\u012bnijas mar\u0137\u0113\u0161anai no 1 litra ieg\u016bst aptuveni 20 line\u0101rus l\u012bnijas metrus (apr\u0113\u0137in\u0101ts k\u0101 2 m\u00b2 dal\u012bts ar 0,1 m platumu).<\/li>\n<li>Kr\u0101su vienm\u0113r\u012bgi uzkl\u0101jiet vienm\u0113r\u012bg\u0101 sl\u0101n\u012b. Izvairieties no p\u0101r\u0101k liela biezuma, jo tas var paildzin\u0101t \u017e\u016b\u0161anas laiku un samazin\u0101t notur\u012bbu.<\/li>\n<li>Lai nodro\u0161in\u0101tu maksim\u0101lu iztur\u012bbu viet\u0101s ar lielu satiksmes intensit\u0101ti, p\u0113c pirm\u0101s k\u0101rtas piln\u012bgas iz\u017e\u016b\u0161anas var uzkl\u0101t otru k\u0101rtu.<\/li>\n<li>\u013baujiet kr\u0101sai no\u017e\u016bt atbilsto\u0161i vides apst\u0101k\u013ciem. \u017d\u016b\u0161anas laiks var at\u0161\u0137irties atkar\u012bb\u0101 no temperat\u016bras, mitruma un virsmas tipa.<\/li>\n<li>Ierobe\u017eojiet satiksmi, l\u012bdz kr\u0101sa ir piln\u012bb\u0101 iz\u017euvusi, lai nov\u0113rstu mar\u0137\u0113juma boj\u0101jumus vai p\u0101rne\u0161anu.<\/li>\n<li>Instrumentus p\u0113c lieto\u0161anas nekav\u0113joties not\u012briet saska\u0146\u0101 ar produkta ieteikumiem.<\/li>\n<li>Uzglab\u0101t trauku cie\u0161i nosl\u0113gtu v\u0113s\u0101, saus\u0101 viet\u0101, prom no tie\u0161iem saules stariem un ekstrem\u0101l\u0101m temperat\u016br\u0101m.<\/li>\n<li>Pirms ieg\u0101des izv\u0113lieties v\u0113lamo kr\u0101su (dzeltenu, za\u013cu, baltu vai zilu) tie\u0161i m\u016bsu tie\u0161saistes veikal\u0101, lai t\u0101 atbilstu j\u016bsu mar\u0137\u0113juma pras\u012bb\u0101m.<\/li>\n<li>Vienm\u0113r iev\u0113rojiet viet\u0113jos noteikumus par ce\u013cu mar\u0137\u0113\u0161anas standartiem, kr\u0101su kodiem un l\u012bniju izm\u0113riem.<\/li>\n<\/ul>\n<p>Iev\u0113rojot ieteicamo p\u0101rkl\u0101jumu 2 m\u00b2 uz litru jeb aptuveni 20 line\u0101ro metru 10 cm plat\u0101m l\u012bnij\u0101m, j\u016bs nodro\u0161in\u0101siet efekt\u012bvu produkta lieto\u0161anu, prec\u012bzus mar\u0137\u0113\u0161anas rezult\u0101tus un ilgsto\u0161u darb\u012bbu uz visu veidu satiksmes virsm\u0101m.<\/p>","protected":false},"excerpt":{"rendered":"<p>Professional road marking paint for high-visibility results. Our road paint is specially formulated to deliver sharp, durable, and highly visible markings on asphalt, concrete, and other traffic surfaces. Designed for both public and private applications, it ensures clear guidance for vehicles and pedestrians in all environments. The most effective road paint on the market. Thanks [&hellip;]<\/p>\n","protected":false},"featured_media":26908,"comment_status":"open","ping_status":"closed","template":"","meta":{"_uag_custom_page_level_css":"","site-sidebar-layout":"default","site-content-layout":"","ast-site-content-layout":"default","site-content-style":"default","site-sidebar-style":"default","ast-global-header-display":"","ast-banner-title-visibility":"","ast-main-header-display":"","ast-hfb-above-header-display":"","ast-hfb-below-header-display":"","ast-hfb-mobile-header-display":"","site-post-title":"","ast-breadcrumbs-content":"","ast-featured-img":"","footer-sml-layout":"","ast-disable-related-posts":"","theme-transparent-header-meta":"default","adv-header-id-meta":"","stick-header-meta":"","header-above-stick-meta":"","header-main-stick-meta":"","header-below-stick-meta":"","astra-migrate-meta-layouts":"set","ast-page-background-enabled":"default","ast-page-background-meta":{"desktop":{"background-color":"var(--ast-global-color-4)","background-image":"","background-repeat":"repeat","background-position":"center center","background-size":"auto","background-attachment":"scroll","background-type":"","background-media":"","overlay-type":"","overlay-color":"","overlay-opacity":"","overlay-gradient":""},"tablet":{"background-color":"","background-image":"","background-repeat":"repeat","background-position":"center center","background-size":"auto","background-attachment":"scroll","background-type":"","background-media":"","overlay-type":"","overlay-color":"","overlay-opacity":"","overlay-gradient":""},"mobile":{"background-color":"","background-image":"","background-repeat":"repeat","background-position":"center center","background-size":"auto","background-attachment":"scroll","background-type":"","background-media":"","overlay-type":"","overlay-color":"","overlay-opacity":"","overlay-gradient":""}},"ast-content-background-meta":{"desktop":{"background-color":"var(--ast-global-color-5)","background-image":"","background-repeat":"repeat","background-position":"center center","background-size":"auto","background-attachment":"scroll","background-type":"","background-media":"","overlay-type":"","overlay-color":"","overlay-opacity":"","overlay-gradient":""},"tablet":{"background-color":"var(--ast-global-color-5)","background-image":"","background-repeat":"repeat","background-position":"center center","background-size":"auto","background-attachment":"scroll","background-type":"","background-media":"","overlay-type":"","overlay-color":"","overlay-opacity":"","overlay-gradient":""},"mobile":{"background-color":"var(--ast-global-color-5)","background-image":"","background-repeat":"repeat","background-position":"center center","background-size":"auto","background-attachment":"scroll","background-type":"","background-media":"","overlay-type":"","overlay-color":"","overlay-opacity":"","overlay-gradient":""}}},"product_brand":[],"product_cat":[185],"product_tag":[],"class_list":{"0":"post-25048","1":"product","2":"type-product","3":"status-publish","4":"has-post-thumbnail","6":"product_cat-road-paint","7":"desktop-align-left","8":"tablet-align-left","9":"mobile-align-left","11":"first","12":"instock","13":"sale","14":"shipping-taxable","15":"purchasable","16":"product-type-variable","17":"has-default-attributes"},"spectra_custom_meta":{"_visibility":["visible"],"_shopify_product_id":["8317969137909"],"_s2w_shopify_domain":["ferberpainting.myshopify.com"],"_shopify_variant_id":["44773944230133"],"_sku":[""],"_manage_stock":["no"],"total_sales":["56"],"_tax_status":["taxable"],"_tax_class":[""],"_backorders":["no"],"_sold_individually":["no"],"_virtual":["no"],"_downloadable":["no"],"_download_limit":["-1"],"_download_expiry":["-1"],"_stock":[null],"_stock_status":["instock"],"_wc_average_rating":["5.00"],"_wc_review_count":["18"],"_product_attributes":["a:1:{s:6:\"volume\";a:6:{s:4:\"name\";s:6:\"Volume\";s:5:\"value\";s:20:\"5 liters | 20 liters\";s:8:\"position\";i:1;s:10:\"is_visible\";i:0;s:12:\"is_variation\";i:1;s:11:\"is_taxonomy\";i:0;}}"],"_product_version":["10.5.1"],"_thumbnail_id":["26908"],"_price":["49.90","149.90"],"_product_image_gallery":["26909"],"merchant-center-availability":["yes"],"merchant-center-category":["1361"],"merchant-center-id":["RP1"],"wpse_downloadable_file_names":[""],"wpse_downloadable_file_urls":[""],"_edit_last":["1"],"_default_attributes":["a:1:{s:6:\"volume\";s:8:\"5 liters\";}"],"_wc_rating_count":["a:1:{i:5;i:18;}"],"_edit_lock":["1771225660:1"],"_wp_page_template":["default"],"site-sidebar-layout":["default"],"ast-site-content-layout":["default"],"site-content-style":["default"],"site-sidebar-style":["default"],"theme-transparent-header-meta":["default"],"astra-migrate-meta-layouts":["set"],"_uag_css_file_name":["uag-css-25048.css"],"_elementor_page_assets":["a:0:{}"],"_uag_page_assets":["a:9:{s:3:\"css\";s:6873:\".wp-block-uagb-image{display:flex}.wp-block-uagb-image__figure{position:relative;display:flex;flex-direction:column;max-width:100%;height:auto;margin:0}.wp-block-uagb-image__figure img{height:auto;display:flex;max-width:100%;transition:box-shadow .2s ease}.wp-block-uagb-image__figure>a{display:inline-block}.wp-block-uagb-image__figure figcaption{text-align:center;margin-top:.5em;margin-bottom:1em}.wp-block-uagb-image .components-placeholder.block-editor-media-placeholder .components-placeholder__instructions{align-self:center}.wp-block-uagb-image--align-left{text-align:left}.wp-block-uagb-image--align-right{text-align:right}.wp-block-uagb-image--align-center{text-align:center}.wp-block-uagb-image--align-full .wp-block-uagb-image__figure{margin-left:calc(50% - 50vw);margin-right:calc(50% - 50vw);max-width:100vw;width:100vw;height:auto}.wp-block-uagb-image--align-full .wp-block-uagb-image__figure img{height:auto;width:100% !important}.wp-block-uagb-image--align-wide .wp-block-uagb-image__figure img{height:auto;width:100%}.wp-block-uagb-image--layout-overlay__color-wrapper{position:absolute;left:0;top:0;right:0;bottom:0;opacity:.2;background:rgba(0,0,0,.5);transition:opacity .35s ease-in-out}.wp-block-uagb-image--layout-overlay-link{position:absolute;left:0;right:0;bottom:0;top:0}.wp-block-uagb-image--layout-overlay .wp-block-uagb-image__figure:hover .wp-block-uagb-image--layout-overlay__color-wrapper{opacity:1}.wp-block-uagb-image--layout-overlay__inner{position:absolute;left:15px;right:15px;bottom:15px;top:15px;display:flex;align-items:center;justify-content:center;flex-direction:column;border-color:#fff;transition:.35s ease-in-out}.wp-block-uagb-image--layout-overlay__inner.top-left,.wp-block-uagb-image--layout-overlay__inner.top-center,.wp-block-uagb-image--layout-overlay__inner.top-right{justify-content:flex-start}.wp-block-uagb-image--layout-overlay__inner.bottom-left,.wp-block-uagb-image--layout-overlay__inner.bottom-center,.wp-block-uagb-image--layout-overlay__inner.bottom-right{justify-content:flex-end}.wp-block-uagb-image--layout-overlay__inner.top-left,.wp-block-uagb-image--layout-overlay__inner.center-left,.wp-block-uagb-image--layout-overlay__inner.bottom-left{align-items:flex-start}.wp-block-uagb-image--layout-overlay__inner.top-right,.wp-block-uagb-image--layout-overlay__inner.center-right,.wp-block-uagb-image--layout-overlay__inner.bottom-right{align-items:flex-end}.wp-block-uagb-image--layout-overlay__inner .uagb-image-heading{color:#fff;transition:transform .35s,opacity .35s ease-in-out;transform:translate3d(0, 24px, 0);margin:0;line-height:1em}.wp-block-uagb-image--layout-overlay__inner .uagb-image-separator{width:30%;border-top-width:2px;border-top-color:#fff;border-top-style:solid;margin-bottom:10px;opacity:0;transition:transform .4s,opacity .4s ease-in-out;transform:translate3d(0, 30px, 0)}.wp-block-uagb-image--layout-overlay__inner .uagb-image-caption{opacity:0;overflow:visible;color:#fff;transition:transform .45s,opacity .45s ease-in-out;transform:translate3d(0, 35px, 0)}.wp-block-uagb-image--layout-overlay__inner:hover .uagb-image-heading,.wp-block-uagb-image--layout-overlay__inner:hover .uagb-image-separator,.wp-block-uagb-image--layout-overlay__inner:hover .uagb-image-caption{opacity:1;transform:translate3d(0, 0, 0)}.wp-block-uagb-image--effect-zoomin .wp-block-uagb-image__figure img,.wp-block-uagb-image--effect-zoomin .wp-block-uagb-image__figure .wp-block-uagb-image--layout-overlay__color-wrapper{transform:scale(1);transition:transform .35s ease-in-out}.wp-block-uagb-image--effect-zoomin .wp-block-uagb-image__figure:hover img,.wp-block-uagb-image--effect-zoomin .wp-block-uagb-image__figure:hover .wp-block-uagb-image--layout-overlay__color-wrapper{transform:scale(1.05)}.wp-block-uagb-image--effect-slide .wp-block-uagb-image__figure img,.wp-block-uagb-image--effect-slide .wp-block-uagb-image__figure .wp-block-uagb-image--layout-overlay__color-wrapper{width:calc(100% + 40px) !important;max-width:none !important;transform:translate3d(-40px, 0, 0);transition:transform .35s ease-in-out}.wp-block-uagb-image--effect-slide .wp-block-uagb-image__figure:hover img,.wp-block-uagb-image--effect-slide .wp-block-uagb-image__figure:hover .wp-block-uagb-image--layout-overlay__color-wrapper{transform:translate3d(0, 0, 0)}.wp-block-uagb-image--effect-grayscale img{filter:grayscale(0%);transition:.35s ease-in-out}.wp-block-uagb-image--effect-grayscale:hover img{filter:grayscale(100%)}.wp-block-uagb-image--effect-blur img{filter:blur(0);transition:.35s ease-in-out}.wp-block-uagb-image--effect-blur:hover img{filter:blur(3px)}.uagb-block-e6f939b3.wp-block-uagb-image--layout-default figure img{box-shadow: 0px 0px 0 #00000070;}.uagb-block-e6f939b3.wp-block-uagb-image .wp-block-uagb-image__figure figcaption{font-style: normal;align-self: center;}.uagb-block-e6f939b3.wp-block-uagb-image--layout-overlay figure img{box-shadow: 0px 0px 0 #00000070;}.uagb-block-e6f939b3.wp-block-uagb-image--layout-overlay .wp-block-uagb-image--layout-overlay__color-wrapper{opacity: 0.2;}.uagb-block-e6f939b3.wp-block-uagb-image--layout-overlay .wp-block-uagb-image--layout-overlay__inner{left: 15px;right: 15px;top: 15px;bottom: 15px;}.uagb-block-e6f939b3.wp-block-uagb-image--layout-overlay .wp-block-uagb-image--layout-overlay__inner .uagb-image-heading{font-style: normal;color: #fff;opacity: 1;}.uagb-block-e6f939b3.wp-block-uagb-image--layout-overlay .wp-block-uagb-image--layout-overlay__inner .uagb-image-heading a{color: #fff;}.uagb-block-e6f939b3.wp-block-uagb-image--layout-overlay .wp-block-uagb-image--layout-overlay__inner .uagb-image-caption{opacity: 0;}.uagb-block-e6f939b3.wp-block-uagb-image--layout-overlay .wp-block-uagb-image__figure:hover .wp-block-uagb-image--layout-overlay__color-wrapper{opacity: 1;}.uagb-block-e6f939b3.wp-block-uagb-image .wp-block-uagb-image--layout-overlay__inner .uagb-image-separator{width: 30%;border-top-width: 2px;border-top-color: #fff;opacity: 0;}.uagb-block-e6f939b3.wp-block-uagb-image .wp-block-uagb-image__figure img{width: px;height: auto;}.uagb-block-e6f939b3.wp-block-uagb-image .wp-block-uagb-image__figure:hover .wp-block-uagb-image--layout-overlay__inner .uagb-image-caption{opacity: 1;}.uagb-block-e6f939b3.wp-block-uagb-image .wp-block-uagb-image__figure:hover .wp-block-uagb-image--layout-overlay__inner .uagb-image-separator{opacity: 1;}.uagb-block-e6f939b3.wp-block-uagb-image--layout-default figure:hover img{box-shadow: 0px 0px 0 #00000070;}.uagb-block-e6f939b3.wp-block-uagb-image--layout-overlay figure:hover img{box-shadow: 0px 0px 0 #00000070;}@media only screen and (max-width: 976px) {.uagb-block-e6f939b3.wp-block-uagb-image .wp-block-uagb-image__figure img{width: px;height: auto;}}@media only screen and (max-width: 767px) {.uagb-block-e6f939b3.wp-block-uagb-image .wp-block-uagb-image__figure img{width: px;height: auto;}}\";s:2:\"js\";s:0:\"\";s:18:\"current_block_list\";a:13:{i:0;s:11:\"core\/search\";i:1;s:10:\"core\/group\";i:2;s:12:\"core\/heading\";i:3;s:17:\"core\/latest-posts\";i:4;s:20:\"core\/latest-comments\";i:5;s:13:\"core\/archives\";i:6;s:15:\"core\/categories\";i:7;s:14:\"core\/paragraph\";i:8;s:10:\"uagb\/image\";i:9;s:11:\"core\/spacer\";i:10;s:30:\"woocommerce\/product-categories\";i:11;s:10:\"core\/image\";i:12;s:14:\"core\/shortcode\";}s:8:\"uag_flag\";b:1;s:11:\"uag_version\";s:10:\"1777095725\";s:6:\"gfonts\";a:0:{}s:10:\"gfonts_url\";s:0:\"\";s:12:\"gfonts_files\";a:0:{}s:14:\"uag_faq_layout\";b:0;}"]},"uagb_featured_image_src":{"full":["https:\/\/www.ferberpainting.com\/wp-content\/uploads\/2025\/05\/5L_bbc4375d-9b4f-4d5f-a1c8-d5f488eb3ad1.png",2560,2560,false],"thumbnail":["https:\/\/www.ferberpainting.com\/wp-content\/uploads\/2025\/05\/5L_bbc4375d-9b4f-4d5f-a1c8-d5f488eb3ad1-150x150.png",150,150,true],"medium":["https:\/\/www.ferberpainting.com\/wp-content\/uploads\/2025\/05\/5L_bbc4375d-9b4f-4d5f-a1c8-d5f488eb3ad1-300x300.png",300,300,true],"medium_large":["https:\/\/www.ferberpainting.com\/wp-content\/uploads\/2025\/05\/5L_bbc4375d-9b4f-4d5f-a1c8-d5f488eb3ad1-768x768.png",768,768,true],"large":["https:\/\/www.ferberpainting.com\/wp-content\/uploads\/2025\/05\/5L_bbc4375d-9b4f-4d5f-a1c8-d5f488eb3ad1-1024x1024.png",1024,1024,true],"1536x1536":["https:\/\/www.ferberpainting.com\/wp-content\/uploads\/2025\/05\/5L_bbc4375d-9b4f-4d5f-a1c8-d5f488eb3ad1-1536x1536.png",1536,1536,true],"2048x2048":["https:\/\/www.ferberpainting.com\/wp-content\/uploads\/2025\/05\/5L_bbc4375d-9b4f-4d5f-a1c8-d5f488eb3ad1-2048x2048.png",2048,2048,true],"trp-custom-language-flag":["https:\/\/www.ferberpainting.com\/wp-content\/uploads\/2025\/05\/5L_bbc4375d-9b4f-4d5f-a1c8-d5f488eb3ad1-12x12.png",12,12,true],"woocommerce_thumbnail":["https:\/\/www.ferberpainting.com\/wp-content\/uploads\/2025\/05\/5L_bbc4375d-9b4f-4d5f-a1c8-d5f488eb3ad1-300x300.png",300,300,true],"woocommerce_single":["https:\/\/www.ferberpainting.com\/wp-content\/uploads\/2025\/05\/5L_bbc4375d-9b4f-4d5f-a1c8-d5f488eb3ad1-600x600.png",600,600,true],"woocommerce_gallery_thumbnail":["https:\/\/www.ferberpainting.com\/wp-content\/uploads\/2025\/05\/5L_bbc4375d-9b4f-4d5f-a1c8-d5f488eb3ad1-100x100.png",100,100,true]},"uagb_author_info":{"display_name":"admin","author_link":"https:\/\/www.ferberpainting.com\/lv\/author\/"},"uagb_comment_info":18,"uagb_excerpt":"Professional road marking paint for high-visibility results. Our road paint is specially formulated to deliver sharp, durable, and highly visible markings on asphalt, concrete, and other traffic surfaces. Designed for both public and private applications, it ensures clear guidance for vehicles and pedestrians in all environments. The most effective road paint on the market. Thanks&hellip;","_links":{"self":[{"href":"https:\/\/www.ferberpainting.com\/lv\/wp-json\/wp\/v2\/product\/25048","targetHints":{"allow":["GET"]}}],"collection":[{"href":"https:\/\/www.ferberpainting.com\/lv\/wp-json\/wp\/v2\/product"}],"about":[{"href":"https:\/\/www.ferberpainting.com\/lv\/wp-json\/wp\/v2\/types\/product"}],"replies":[{"embeddable":true,"href":"https:\/\/www.ferberpainting.com\/lv\/wp-json\/wp\/v2\/comments?post=25048"}],"version-history":[{"count":2,"href":"https:\/\/www.ferberpainting.com\/lv\/wp-json\/wp\/v2\/product\/25048\/revisions"}],"predecessor-version":[{"id":167089,"href":"https:\/\/www.ferberpainting.com\/lv\/wp-json\/wp\/v2\/product\/25048\/revisions\/167089"}],"wp:featuredmedia":[{"embeddable":true,"href":"https:\/\/www.ferberpainting.com\/lv\/wp-json\/wp\/v2\/media\/26908"}],"wp:attachment":[{"href":"https:\/\/www.ferberpainting.com\/lv\/wp-json\/wp\/v2\/media?parent=25048"}],"wp:term":[{"taxonomy":"product_brand","embeddable":true,"href":"https:\/\/www.ferberpainting.com\/lv\/wp-json\/wp\/v2\/product_brand?post=25048"},{"taxonomy":"product_cat","embeddable":true,"href":"https:\/\/www.ferberpainting.com\/lv\/wp-json\/wp\/v2\/product_cat?post=25048"},{"taxonomy":"product_tag","embeddable":true,"href":"https:\/\/www.ferberpainting.com\/lv\/wp-json\/wp\/v2\/product_tag?post=25048"}],"curies":[{"name":"wp","href":"https:\/\/api.w.org\/{rel}","templated":true}]}}