{"id":25020,"date":"2025-05-26T10:28:43","date_gmt":"2025-05-26T08:28:43","guid":{"rendered":"https:\/\/www.ferberpainting.com\/products\/release-oil\/"},"modified":"2026-02-16T07:56:34","modified_gmt":"2026-02-16T06:56:34","slug":"release-oil","status":"publish","type":"product","link":"https:\/\/www.ferberpainting.com\/lv\/products\/release-oil\/","title":{"rendered":"Veid\u0146u e\u013c\u013ca"},"content":{"rendered":"<p><strong><img decoding=\"async\" style=\"margin-right: 12px;\" src=\"https:\/\/www.ferberpainting.com\/wp-content\/uploads\/2026\/02\/Check.svg\" alt=\"\" width=\"18\" height=\"15\" \/>Profesion\u0101la atdal\u012b\u0161anas veiktsp\u0113ja nevainojamiem betona rezult\u0101tiem.<\/strong> M\u016bsu no\u0146emam\u0101 e\u013c\u013ca ir \u012bpa\u0161i izstr\u0101d\u0101ta, lai nodro\u0161in\u0101tu t\u012bru un vieglu betona un veid\u0146u virsmu atdal\u012b\u0161anu. T\u0101 nov\u0113r\u0161 lip\u0161anu, samazina virsmas defektus un garant\u0113 gludu, augstas kvalit\u0101tes betona apdari gan b\u016bvniec\u012bbas profesion\u0101\u013ciem, gan individu\u0101lajiem b\u016bvniekiem.<\/p>\n<p><strong><img decoding=\"async\" style=\"margin-right: 12px;\" src=\"https:\/\/www.ferberpainting.com\/wp-content\/uploads\/2026\/02\/Check.svg\" alt=\"\" width=\"18\" height=\"15\" \/>Visefekt\u012bv\u0101k\u0101 atbr\u012bvo\u0161anas e\u013c\u013ca tirg\u016b.<\/strong> M\u016bsu formula, kas izstr\u0101d\u0101ta, izmantojot modernu sa\u0137eres nov\u0113r\u0161anas tehnolo\u0123iju, uz veid\u0146u virsmas izveido vienm\u0113r\u012bgu aizsargpl\u0113vi. \u0160\u012b pl\u0113ve nov\u0113r\u0161 betona sa\u0137eri ar koka, met\u0101la vai plastmasas veidn\u0113m, nodro\u0161inot perfektu demol\u0113\u0161anu bez virsmas pl\u012bsumiem vai boj\u0101jumiem.<\/p>\n<p><strong><img decoding=\"async\" style=\"margin-right: 12px;\" src=\"https:\/\/www.ferberpainting.com\/wp-content\/uploads\/2026\/02\/Check.svg\" alt=\"\" width=\"18\" height=\"15\" \/>Nep\u0101rsp\u0113jama cena.<\/strong> M\u0113s pied\u0101v\u0101jam augst\u0101k\u0101s kvalit\u0101tes e\u013c\u013cu par viskonkur\u0113tsp\u0113j\u012bg\u0101ko cenu. J\u016bs g\u016bsiet labumu no profesion\u0101las veiktsp\u0113jas, vienlaikus saglab\u0101jot piln\u012bgu kontroli p\u0101r projekta izmaks\u0101m, neatkar\u012bgi no t\u0101, vai runa ir par neliela apjoma darbiem vai lieliem b\u016bvlaukumiem.<\/p>\n<p><strong><img decoding=\"async\" style=\"margin-right: 12px;\" src=\"https:\/\/www.ferberpainting.com\/wp-content\/uploads\/2026\/02\/Check.svg\" alt=\"\" width=\"18\" height=\"15\" \/>Naudas atmaksas garantija piln\u012bgai p\u0101rliec\u012bbai.<\/strong> M\u0113s atbalst\u0101m m\u016bsu e\u013c\u013cas atbr\u012bvo\u0161anas e\u013c\u013cas kvalit\u0101ti un efektivit\u0101ti. Ja neesat piln\u012bb\u0101 apmierin\u0101ts ar t\u0101s darb\u012bbu, m\u0113s pied\u0101v\u0101jam naudas atmaksas garantiju. Vienk\u0101r\u0161i sazinieties ar mums, un m\u0113s atmaks\u0101sim naudu par pirkumu.<\/p>\n<p><strong><img decoding=\"async\" style=\"margin-right: 12px;\" src=\"https:\/\/www.ferberpainting.com\/wp-content\/uploads\/2026\/02\/Check.svg\" alt=\"\" width=\"18\" height=\"15\" \/>\u0100tra pieg\u0101de 24 stundas diennakt\u012b steidzam\u0101m b\u016bvniec\u012bbas vajadz\u012bb\u0101m.<\/strong> M\u0113s vienm\u0113r nodro\u0161in\u0101m pieg\u0101di 24 stundas diennakt\u012b, lai j\u016bs var\u0113tu nep\u0101rtraukti turpin\u0101t darbu. Uzticama un \u0101tra pieg\u0101de nodro\u0161ina, ka j\u016bsu b\u016bvniec\u012bbas grafiks tiek iev\u0113rots.<\/p>\n<p><strong><img decoding=\"async\" style=\"margin-right: 12px;\" src=\"https:\/\/www.ferberpainting.com\/wp-content\/uploads\/2026\/02\/Check.svg\" alt=\"\" width=\"18\" height=\"15\" \/>Lielisks p\u0101rkl\u0101jums - aptuveni 10 m\u00b2 uz litru.<\/strong> Atkar\u012bb\u0101 no materi\u0101la veida un uzkl\u0101\u0161anas metodes viens litrs e\u013c\u013co\u0161anas e\u013c\u013cas apstr\u0101d\u0101 aptuveni 10 kvadr\u0101tmetrus veid\u0146u virsmas. \u0160is optimiz\u0113tais p\u0101rkl\u0101jums nodro\u0161ina ekonomisku izmanto\u0161anu, vienlaikus sniedzot nemain\u012bgus rezult\u0101tus.<\/p>\n<p><strong><img decoding=\"async\" style=\"margin-right: 12px;\" src=\"https:\/\/www.ferberpainting.com\/wp-content\/uploads\/2026\/02\/Check.svg\" alt=\"\" width=\"18\" height=\"15\" \/>Nov\u0113r\u0161 virsmas defektus un traipus.<\/strong> Izveidojot pl\u0101nu un vienm\u0113r\u012bgu barjeru, e\u013c\u013ca samazina gaisa burbu\u013cu, virsmas pl\u012bsumu un sa\u0137eres z\u012bmju ra\u0161an\u0101s risku. T\u0101 veicina t\u012bru un viendab\u012bgu betona apdari, kam nepiecie\u0161ama minim\u0101la p\u0113capstr\u0101de.<\/p>\n<p><strong><img decoding=\"async\" style=\"margin-right: 12px;\" src=\"https:\/\/www.ferberpainting.com\/wp-content\/uploads\/2026\/02\/Check.svg\" alt=\"\" width=\"18\" height=\"15\" \/>Piem\u0113rots vair\u0101kiem veid\u0146u materi\u0101liem.<\/strong> M\u016bsu no\u0146emam\u0101 e\u013c\u013ca ir sader\u012bga ar koka, sapl\u0101k\u0161\u0146a, met\u0101la, plastmasas un kompoz\u012btu veid\u0146u sist\u0113m\u0101m. T\u0101 piel\u0101gojas gan vertik\u0101l\u0101m, gan horizont\u0101l\u0101m virsm\u0101m bez p\u0101rm\u0113r\u012bgas pil\u0113\u0161anas.<\/p>\n<p><strong><img decoding=\"async\" style=\"margin-right: 12px;\" src=\"https:\/\/www.ferberpainting.com\/wp-content\/uploads\/2026\/02\/Check.svg\" alt=\"\" width=\"18\" height=\"15\" \/>Uzlabo veid\u0146u ilgm\u016b\u017e\u012bbu.<\/strong> Samazinot tie\u0161o kontaktu starp betona un veid\u0146u virsm\u0101m, e\u013c\u013ca aizsarg\u0101 veid\u0146us no priek\u0161laic\u012bga nolietojuma, pagarinot to kalpo\u0161anas laiku un samazinot nomai\u0146as izmaksas.<\/p>\n<p><strong><img decoding=\"async\" style=\"margin-right: 12px;\" src=\"https:\/\/www.ferberpainting.com\/wp-content\/uploads\/2026\/02\/Check.svg\" alt=\"\" width=\"18\" height=\"15\" \/>Viegla un efekt\u012bva lieto\u0161ana.<\/strong> Produktu var uzkl\u0101t ar otu, rull\u012bti vai izsmidzin\u0101\u0161anas sist\u0113mu, nodro\u0161inot vienm\u0113r\u012bgu izkliedi un kontrol\u0113tu pat\u0113ri\u0146u gan maziem, gan lieliem projektiem.<\/p>\n<h2><strong>Instrukcijas<\/strong><\/h2>\n<ul>\n<li>Pirms no\u0146emam\u0101s e\u013c\u013cas uzkl\u0101\u0161anas p\u0101rliecinieties, ka veid\u0146u virsma ir t\u012bra, sausa un uz t\u0101s nav putek\u013cu, veca betona atlieku vai gru\u017eu.<\/li>\n<li>Pirms lieto\u0161anas r\u016bp\u012bgi sakratiet vai samaisiet trauku, lai nodro\u0161in\u0101tu viendab\u012bgu konsistenci.<\/li>\n<li>Ar otu, rull\u012bti vai zemspiediena smidzin\u0101t\u0101ju uzkl\u0101jiet pl\u0101nu un vienm\u0113r\u012bgu no\u0146emam\u0101s e\u013c\u013cas k\u0101rtu pa visu veid\u0146u virsmu.<\/li>\n<li>Iev\u0113rojiet ieteicamo devu: aptuveni 1 litrs produkta sedz 10 m\u00b2 veid\u0146u virsmas. Tas atbilst aptuveni 100 ml uz kvadr\u0101tmetru. Izvairieties no p\u0101rm\u0113r\u012bgas lieto\u0161anas, jo p\u0101rm\u0113r\u012bga lieto\u0161ana var ietekm\u0113t betona virsmas kvalit\u0101ti.<\/li>\n<li>Vienm\u0113r vienm\u0113r\u012bgi izkl\u0101jiet e\u013c\u013cu, neatst\u0101jot biezas pe\u013c\u0137es vai sv\u012btras. M\u0113r\u0137is ir izveidot nep\u0101rtrauktu pl\u0101nu pl\u0113vi, nevis biezu p\u0101rkl\u0101jumu.<\/li>\n<li>Lai nodro\u0161in\u0101tu piln\u012bgu p\u0101rkl\u0101jumu, \u012bpa\u0161u uzman\u012bbu piev\u0113rsiet st\u016briem, \u0161uv\u0113m un detaliz\u0113t\u0101m veid\u0146u da\u013c\u0101m.<\/li>\n<li>Pirms betona ielej\u0161anas \u013caujiet \u012bslaic\u012bgi uzs\u016bkties. E\u013c\u013cai j\u0101paliek pl\u0101nas k\u0101rti\u0146as veid\u0101 un t\u0101 nedr\u012bkst pil\u0113t no vertik\u0101l\u0101m virsm\u0101m.<\/li>\n<li>Nelietot uz slapj\u0101m veid\u0146u virsm\u0101m. P\u0101rm\u0113r\u012bgs mitrums var samazin\u0101t efektivit\u0101ti un apdraud\u0113t demol\u0113\u0161anas kvalit\u0101ti.<\/li>\n<li>Izvairieties no saskares ar armat\u016bras stie\u0146iem vai viet\u0101m, kur nepiecie\u0161ama sa\u0137ere starp betonu un citiem konstrukcijas elementiem.<\/li>\n<li>P\u0113c tam, kad ir vienm\u0113r\u012bgi uzkl\u0101ta e\u013c\u013co\u0161anas e\u013c\u013ca, betonu ielejiet saska\u0146\u0101 ar standarta b\u016bvniec\u012bbas proced\u016br\u0101m.<\/li>\n<li>P\u0113c tam, kad betons ir pien\u0101c\u012bgi saciet\u0113jis, r\u016bp\u012bgi no\u0146emiet veid\u0146us. Apstr\u0101d\u0101taj\u0101m virsm\u0101m j\u0101atdal\u0101s t\u012bri un viegli.<\/li>\n<li>Ja veid\u0146us izmantojat atk\u0101rtoti, pirms n\u0101kam\u0101s lieto\u0161anas reizes atk\u0101rtoti uzkl\u0101jiet e\u013c\u013cu, not\u012briet atliku\u0161os betona fragmentus.<\/li>\n<li>Nep\u0101rsniedziet ieteicamo p\u0101rkl\u0101juma normu 10 m\u00b2 uz litru, jo p\u0101rm\u0113r\u012bgs e\u013c\u013cas daudzums var izrais\u012bt virsmas kr\u0101sas mai\u0146u vai samazin\u0101t sa\u0137eri turpm\u0101kajos apdares procesos.<\/li>\n<li>Uzglab\u0101t produktu cie\u0161i nosl\u0113gt\u0101 trauk\u0101 v\u0113s\u0101, saus\u0101 viet\u0101, prom no tie\u0161iem saules stariem un p\u0101rm\u0113r\u012bgas temperat\u016bras.<\/li>\n<li>Lieto\u0161anas laik\u0101 valk\u0101jiet atbilsto\u0161us aizsargcimdus un izvairieties no ilgsto\u0161as saskares ar \u0101du.<\/li>\n<li>P\u0113c lieto\u0161anas not\u012briet uzkl\u0101\u0161anas instrumentus saska\u0146\u0101 ar produkta ieteikumiem, lai saglab\u0101tu apr\u012bkojuma veiktsp\u0113ju.<\/li>\n<\/ul>\n<p>Iev\u0113rojot ieteicamo lieto\u0161anas devu - aptuveni 1 litrs uz 10 m\u00b2 - un uzkl\u0101jot vienm\u0113r\u012bgu pl\u0101nu k\u0101rti\u0146u, j\u016bs nodro\u0161in\u0101siet optim\u0101lu demol\u0113\u0161anas veiktsp\u0113ju, augstas kvalit\u0101tes betona virsmu un ilg\u0101ku j\u016bsu veid\u0146u sist\u0113mu iztur\u012bbu.<\/p>","protected":false},"excerpt":{"rendered":"<p>Professional release performance for flawless concrete results. Our release oil is specially formulated to ensure clean and easy separation between concrete and formwork surfaces. It prevents sticking, reduces surface defects, and guarantees smooth, high-quality concrete finishes for both construction professionals and individual builders. The most effective release oil on the market. Engineered with advanced anti-adhesion [&hellip;]<\/p>\n","protected":false},"featured_media":26885,"comment_status":"open","ping_status":"closed","template":"","meta":{"_uag_custom_page_level_css":"","site-sidebar-layout":"default","site-content-layout":"","ast-site-content-layout":"default","site-content-style":"default","site-sidebar-style":"default","ast-global-header-display":"","ast-banner-title-visibility":"","ast-main-header-display":"","ast-hfb-above-header-display":"","ast-hfb-below-header-display":"","ast-hfb-mobile-header-display":"","site-post-title":"","ast-breadcrumbs-content":"","ast-featured-img":"","footer-sml-layout":"","ast-disable-related-posts":"","theme-transparent-header-meta":"default","adv-header-id-meta":"","stick-header-meta":"","header-above-stick-meta":"","header-main-stick-meta":"","header-below-stick-meta":"","astra-migrate-meta-layouts":"set","ast-page-background-enabled":"default","ast-page-background-meta":{"desktop":{"background-color":"var(--ast-global-color-4)","background-image":"","background-repeat":"repeat","background-position":"center center","background-size":"auto","background-attachment":"scroll","background-type":"","background-media":"","overlay-type":"","overlay-color":"","overlay-opacity":"","overlay-gradient":""},"tablet":{"background-color":"","background-image":"","background-repeat":"repeat","background-position":"center center","background-size":"auto","background-attachment":"scroll","background-type":"","background-media":"","overlay-type":"","overlay-color":"","overlay-opacity":"","overlay-gradient":""},"mobile":{"background-color":"","background-image":"","background-repeat":"repeat","background-position":"center center","background-size":"auto","background-attachment":"scroll","background-type":"","background-media":"","overlay-type":"","overlay-color":"","overlay-opacity":"","overlay-gradient":""}},"ast-content-background-meta":{"desktop":{"background-color":"var(--ast-global-color-5)","background-image":"","background-repeat":"repeat","background-position":"center center","background-size":"auto","background-attachment":"scroll","background-type":"","background-media":"","overlay-type":"","overlay-color":"","overlay-opacity":"","overlay-gradient":""},"tablet":{"background-color":"var(--ast-global-color-5)","background-image":"","background-repeat":"repeat","background-position":"center center","background-size":"auto","background-attachment":"scroll","background-type":"","background-media":"","overlay-type":"","overlay-color":"","overlay-opacity":"","overlay-gradient":""},"mobile":{"background-color":"var(--ast-global-color-5)","background-image":"","background-repeat":"repeat","background-position":"center center","background-size":"auto","background-attachment":"scroll","background-type":"","background-media":"","overlay-type":"","overlay-color":"","overlay-opacity":"","overlay-gradient":""}}},"product_brand":[],"product_cat":[176],"product_tag":[],"class_list":{"0":"post-25020","1":"product","2":"type-product","3":"status-publish","4":"has-post-thumbnail","6":"product_cat-concrete-treatment","7":"desktop-align-left","8":"tablet-align-left","9":"mobile-align-left","11":"first","12":"instock","13":"sale","14":"shipping-taxable","15":"purchasable","16":"product-type-variable","17":"has-default-attributes"},"spectra_custom_meta":{"_visibility":["visible"],"_shopify_product_id":["8051456737525"],"_s2w_shopify_domain":["ferberpainting.myshopify.com"],"_shopify_variant_id":["43849383739637"],"_sku":[""],"_manage_stock":["no"],"total_sales":["39"],"_tax_status":["taxable"],"_tax_class":[""],"_backorders":["no"],"_sold_individually":["no"],"_virtual":["no"],"_downloadable":["no"],"_download_limit":["-1"],"_download_expiry":["-1"],"_stock":[null],"_stock_status":["instock"],"_wc_average_rating":["4.96"],"_wc_review_count":["71"],"_product_attributes":["a:1:{s:6:\"volume\";a:6:{s:4:\"name\";s:6:\"Volume\";s:5:\"value\";s:20:\"5 liters | 25 liters\";s:8:\"position\";i:1;s:10:\"is_visible\";i:0;s:12:\"is_variation\";i:1;s:11:\"is_taxonomy\";i:0;}}"],"_product_version":["10.5.1"],"_thumbnail_id":["26885"],"_price":["29.90","129.90"],"_product_image_gallery":["26886"],"merchant-center-availability":["yes"],"merchant-center-category":["115"],"merchant-center-id":["HDD5L"],"wpse_downloadable_file_names":[""],"wpse_downloadable_file_urls":[""],"_edit_last":["1"],"_default_attributes":["a:1:{s:6:\"volume\";s:8:\"5 liters\";}"],"_wc_rating_count":["a:2:{i:4;i:3;i:5;i:68;}"],"_edit_lock":["1771224865:1"],"_wp_page_template":["default"],"site-sidebar-layout":["default"],"ast-site-content-layout":["default"],"site-content-style":["default"],"site-sidebar-style":["default"],"theme-transparent-header-meta":["default"],"astra-migrate-meta-layouts":["set"],"_uag_css_file_name":["uag-css-25020.css"],"_elementor_page_assets":["a:0:{}"]},"uagb_featured_image_src":{"full":["https:\/\/www.ferberpainting.com\/wp-content\/uploads\/2025\/05\/Release_Oil_5L.jpg",2560,2560,false],"thumbnail":["https:\/\/www.ferberpainting.com\/wp-content\/uploads\/2025\/05\/Release_Oil_5L-150x150.jpg",150,150,true],"medium":["https:\/\/www.ferberpainting.com\/wp-content\/uploads\/2025\/05\/Release_Oil_5L-300x300.jpg",300,300,true],"medium_large":["https:\/\/www.ferberpainting.com\/wp-content\/uploads\/2025\/05\/Release_Oil_5L-768x768.jpg",768,768,true],"large":["https:\/\/www.ferberpainting.com\/wp-content\/uploads\/2025\/05\/Release_Oil_5L-1024x1024.jpg",1024,1024,true],"1536x1536":["https:\/\/www.ferberpainting.com\/wp-content\/uploads\/2025\/05\/Release_Oil_5L-1536x1536.jpg",1536,1536,true],"2048x2048":["https:\/\/www.ferberpainting.com\/wp-content\/uploads\/2025\/05\/Release_Oil_5L-2048x2048.jpg",2048,2048,true],"trp-custom-language-flag":["https:\/\/www.ferberpainting.com\/wp-content\/uploads\/2025\/05\/Release_Oil_5L-12x12.jpg",12,12,true],"woocommerce_thumbnail":["https:\/\/www.ferberpainting.com\/wp-content\/uploads\/2025\/05\/Release_Oil_5L-300x300.jpg",300,300,true],"woocommerce_single":["https:\/\/www.ferberpainting.com\/wp-content\/uploads\/2025\/05\/Release_Oil_5L-600x600.jpg",600,600,true],"woocommerce_gallery_thumbnail":["https:\/\/www.ferberpainting.com\/wp-content\/uploads\/2025\/05\/Release_Oil_5L-100x100.jpg",100,100,true]},"uagb_author_info":{"display_name":"admin","author_link":"https:\/\/www.ferberpainting.com\/lv\/author\/"},"uagb_comment_info":71,"uagb_excerpt":"Professional release performance for flawless concrete results. Our release oil is specially formulated to ensure clean and easy separation between concrete and formwork surfaces. It prevents sticking, reduces surface defects, and guarantees smooth, high-quality concrete finishes for both construction professionals and individual builders. The most effective release oil on the market. Engineered with advanced anti-adhesion&hellip;","_links":{"self":[{"href":"https:\/\/www.ferberpainting.com\/lv\/wp-json\/wp\/v2\/product\/25020","targetHints":{"allow":["GET"]}}],"collection":[{"href":"https:\/\/www.ferberpainting.com\/lv\/wp-json\/wp\/v2\/product"}],"about":[{"href":"https:\/\/www.ferberpainting.com\/lv\/wp-json\/wp\/v2\/types\/product"}],"replies":[{"embeddable":true,"href":"https:\/\/www.ferberpainting.com\/lv\/wp-json\/wp\/v2\/comments?post=25020"}],"version-history":[{"count":3,"href":"https:\/\/www.ferberpainting.com\/lv\/wp-json\/wp\/v2\/product\/25020\/revisions"}],"predecessor-version":[{"id":167073,"href":"https:\/\/www.ferberpainting.com\/lv\/wp-json\/wp\/v2\/product\/25020\/revisions\/167073"}],"wp:featuredmedia":[{"embeddable":true,"href":"https:\/\/www.ferberpainting.com\/lv\/wp-json\/wp\/v2\/media\/26885"}],"wp:attachment":[{"href":"https:\/\/www.ferberpainting.com\/lv\/wp-json\/wp\/v2\/media?parent=25020"}],"wp:term":[{"taxonomy":"product_brand","embeddable":true,"href":"https:\/\/www.ferberpainting.com\/lv\/wp-json\/wp\/v2\/product_brand?post=25020"},{"taxonomy":"product_cat","embeddable":true,"href":"https:\/\/www.ferberpainting.com\/lv\/wp-json\/wp\/v2\/product_cat?post=25020"},{"taxonomy":"product_tag","embeddable":true,"href":"https:\/\/www.ferberpainting.com\/lv\/wp-json\/wp\/v2\/product_tag?post=25020"}],"curies":[{"name":"wp","href":"https:\/\/api.w.org\/{rel}","templated":true}]}}