{"id":24964,"date":"2025-05-26T10:28:13","date_gmt":"2025-05-26T08:28:13","guid":{"rendered":"https:\/\/www.ferberpainting.com\/products\/radiator-paint-pine-green\/"},"modified":"2026-02-16T07:51:12","modified_gmt":"2026-02-16T06:51:12","slug":"radiator-paint-pine-green","status":"publish","type":"product","link":"https:\/\/www.ferberpainting.com\/lv\/products\/radiator-paint-pine-green\/","title":{"rendered":"Radiatora kr\u0101sa Prie\u017eu za\u013c\u0161"},"content":{"rendered":"<p><strong><img decoding=\"async\" style=\"margin-right: 12px;\" src=\"https:\/\/www.ferberpainting.com\/wp-content\/uploads\/2026\/02\/Check.svg\" alt=\"\" width=\"18\" height=\"15\" \/>Atjaunojiet un aizsarg\u0101jiet radiatorus ar karstumiztur\u012bgu profesion\u0101lu p\u0101rkl\u0101jumu.<\/strong> M\u016bsu radiatoru kr\u0101sa ir \u012bpa\u0161i izstr\u0101d\u0101ta, lai iztur\u0113tu augstas darba temperat\u016bras, vienlaikus nodro\u0161inot gludu, iztur\u012bgu un pievilc\u012bgu apdari. T\u0101 atdz\u012bvina vecus, dzeltenus vai saplais\u0101ju\u0161us radiatorus, atjaunojot to t\u012bro izskatu un uzlabojot kop\u0113jo j\u016bsu iek\u0161telpu izskatu. Izstr\u0101d\u0101ts t\u0101, lai nodro\u0161in\u0101tu nemain\u012bgu veiktsp\u0113ju karstuma iedarb\u012bbas apst\u0101k\u013cos, tas nodro\u0161ina radiatoru funkcionalit\u0101ti un vizu\u0101lo pievilc\u012bbu.<\/p>\n<p><strong><img decoding=\"async\" style=\"margin-right: 12px;\" src=\"https:\/\/www.ferberpainting.com\/wp-content\/uploads\/2026\/02\/Check.svg\" alt=\"\" width=\"18\" height=\"15\" \/>Efekt\u012bv\u0101k\u0101 radiatoru kr\u0101sa tirg\u016b.<\/strong> Izstr\u0101d\u0101ta ar moderniem karstumiztur\u012bgiem sve\u0137iem un augstas kvalit\u0101tes pigmentiem, \u0161\u012b kr\u0101sa saglab\u0101 kr\u0101sas stabilit\u0101ti un strukt\u016bras integrit\u0101ti pat nep\u0101rtrauktos kars\u0113\u0161anas ciklos. T\u0101 ir iztur\u012bga pret plais\u0101\u0161anu, lob\u012b\u0161anos un kr\u0101sas mai\u0146u, ko izraisa temperat\u016bras sv\u0101rst\u012bbas, un p\u0101rsp\u0113j parast\u0101s iek\u0161telpu kr\u0101sas, kas nav paredz\u0113tas karst\u0101m virsm\u0101m.<\/p>\n<p><strong><img decoding=\"async\" style=\"margin-right: 12px;\" src=\"https:\/\/www.ferberpainting.com\/wp-content\/uploads\/2026\/02\/Check.svg\" alt=\"\" width=\"18\" height=\"15\" \/>Naudas atmaksas garantija piln\u012bgam sirdsmieram.<\/strong> M\u0113s piln\u012bb\u0101 nodro\u0161in\u0101m m\u016bsu radiatoru kr\u0101su kvalit\u0101ti un veiktsp\u0113ju. Ja neesat piln\u012bb\u0101 apmierin\u0101ts ar rezult\u0101tu, m\u0113s atmaks\u0101sim naudu par pirkumu. M\u016bsu naudas atmaksas garantija nodro\u0161ina, ka j\u016bsu ieguld\u012bjums ir piln\u012bgi bez riska, un atspogu\u013co m\u016bsu ap\u0146em\u0161anos nodro\u0161in\u0101t profesion\u0101las kvalit\u0101tes uzticam\u012bbu.<\/p>\n<p><strong><img decoding=\"async\" style=\"margin-right: 12px;\" src=\"https:\/\/www.ferberpainting.com\/wp-content\/uploads\/2026\/02\/Check.svg\" alt=\"\" width=\"18\" height=\"15\" \/>L\u0113t\u0101k\u0101 pieejam\u0101 augstas veiktsp\u0113jas radiatoru kr\u0101sa.<\/strong> Specializ\u0113ti karstumiztur\u012bgi p\u0101rkl\u0101jumi bie\u017ei vien ir par augst\u0101ku cenu. M\u016bsu radiatoru kr\u0101sa apvieno profesion\u0101lu iztur\u012bbu un konkur\u0113tsp\u0113j\u012bg\u0101ko cenu tirg\u016b, pied\u0101v\u0101jot izcilu v\u0113rt\u012bbu, nemazinot kvalit\u0101ti.<\/p>\n<p><strong><img decoding=\"async\" style=\"margin-right: 12px;\" src=\"https:\/\/www.ferberpainting.com\/wp-content\/uploads\/2026\/02\/Check.svg\" alt=\"\" width=\"18\" height=\"15\" \/>\u0100tra pieg\u0101de 24 stundu laik\u0101 steidzamiem remontdarbiem.<\/strong> M\u0101jok\u013ca uzlabo\u0161anas projektiem bie\u017ei vien ir stingri noteikti termi\u0146i. T\u0101p\u0113c m\u0113s pied\u0101v\u0101jam uzticamu pieg\u0101di 24 stundas diennakt\u012b, nodro\u0161inot, ka kr\u0101sa tiek pieg\u0101d\u0101ta \u0101tri, lai j\u016bs bez kav\u0113\u0161an\u0101s var\u0113tu pabeigt radiatoru atjauno\u0161anu.<\/p>\n<p><strong><img decoding=\"async\" style=\"margin-right: 12px;\" src=\"https:\/\/www.ferberpainting.com\/wp-content\/uploads\/2026\/02\/Check.svg\" alt=\"\" width=\"18\" height=\"15\" \/>L\u012bdz 10 m\u00b2 p\u0101rkl\u0101jums uz litru efekt\u012bvai uzkl\u0101\u0161anai.<\/strong> Viens litrs radiatoru kr\u0101sas apstr\u0101d\u0101 l\u012bdz pat 10 kvadr\u0101tmetriem, \u013caujot prec\u012bzi pl\u0101not projektu un ekonomiski izmantot. \u0160\u0101ds p\u0101rkl\u0101jums nodro\u0161ina vienm\u0113r\u012bgu un viendab\u012bgu p\u0101rkl\u0101jumu, vienlaikus samazinot produkta zudumus.<\/p>\n<p><strong><img decoding=\"async\" style=\"margin-right: 12px;\" src=\"https:\/\/www.ferberpainting.com\/wp-content\/uploads\/2026\/02\/Check.svg\" alt=\"\" width=\"18\" height=\"15\" \/>Lieliska iztur\u012bba pret augst\u0101m temperat\u016br\u0101m un termisko cikliskumu.<\/strong> Radiatori norm\u0101las darb\u012bbas laik\u0101 atk\u0101rtoti silda un atdziest. M\u016bsu kr\u0101sas sast\u0101vs ir veidots t\u0101, lai iztur\u0113tu termisko slodzi, nov\u0113r\u0161ot plais\u0101\u0161anu vai lob\u012b\u0161anos laika gait\u0101. T\u0101 saglab\u0101 stabilu apdari pat p\u0113c ilgsto\u0161as paaugstin\u0101tas temperat\u016bras iedarb\u012bbas.<\/p>\n<p><strong><img decoding=\"async\" style=\"margin-right: 12px;\" src=\"https:\/\/www.ferberpainting.com\/wp-content\/uploads\/2026\/02\/Check.svg\" alt=\"\" width=\"18\" height=\"15\" \/>Gluda un viendab\u012bga apdare, kas uzlabo interjera est\u0113tiku.<\/strong> Kr\u0101sa nodro\u0161ina lieliskas izl\u012bdzino\u0161\u0101s \u012bpa\u0161\u012bbas, samazinot otas un rull\u012b\u0161a nospiedumus. T\u0101 rada izsmalcin\u0101tu un profesion\u0101lu izskatu, kas papildina gan modernu, gan tradicion\u0101lu interjeru.<\/p>\n<p><strong><img decoding=\"async\" style=\"margin-right: 12px;\" src=\"https:\/\/www.ferberpainting.com\/wp-content\/uploads\/2026\/02\/Check.svg\" alt=\"\" width=\"18\" height=\"15\" \/>Sp\u0113c\u012bga sa\u0137ere ar met\u0101la radiatoru virsm\u0101m.<\/strong> \u0160\u012b kr\u0101sa ir \u012bpa\u0161i izstr\u0101d\u0101ta met\u0101la pamatn\u0113m, un t\u0101 efekt\u012bvi piegu\u013c t\u0113rauda, \u010duguna un alum\u012bnija radiatoriem. Pareizi uzkl\u0101ta, t\u0101 veido notur\u012bgu p\u0101rkl\u0101jumu, kas cie\u0161i saist\u0101s ar pareizi sagatavot\u0101m virsm\u0101m.<\/p>\n<p><strong><img decoding=\"async\" style=\"margin-right: 12px;\" src=\"https:\/\/www.ferberpainting.com\/wp-content\/uploads\/2026\/02\/Check.svg\" alt=\"\" width=\"18\" height=\"15\" \/>Ilgsto\u0161a aizsardz\u012bba pret koroziju.<\/strong> Papildus est\u0113tiskajiem uzlabojumiem kr\u0101sa pal\u012bdz aizsarg\u0101t met\u0101la virsmas no oksid\u0113\u0161an\u0101s un nelielas korozijas, t\u0101d\u0113j\u0101di pagarinot radiatora kalpo\u0161anas laiku un samazinot nepiecie\u0161am\u012bbu veikt remontu vai nomai\u0146u n\u0101kotn\u0113.<\/p>\n<h2><strong>Instrukcijas<\/strong><\/h2>\n<ul>\n<li>Pirms lieto\u0161anas uzs\u0101k\u0161anas p\u0101rliecinieties, ka radiators ir piln\u012bb\u0101 izsl\u0113gts un atdzisis.<\/li>\n<li>R\u016bp\u012bgi not\u012briet virsmu, lai no\u0146emtu putek\u013cus, taukus, r\u016bsu vai veco nolob\u012bju\u0161os kr\u0101su. Ja nepiecie\u0161ams, izmantojiet smil\u0161pap\u012bru vai stiep\u013cu suku, lai nov\u0113rstu r\u016bsu.<\/li>\n<li>Noslaukiet radiatoru ar t\u012bru dr\u0101nu, lai no\u0146emtu sl\u012bp\u0113\u0161anas atlikumus, un \u013caujiet tam piln\u012bb\u0101 no\u017e\u016bt.<\/li>\n<li>Ja ir va\u013c\u0113js met\u0101ls, pirms radiatora kr\u0101sas lieto\u0161anas uzkl\u0101jiet piem\u0113rotu met\u0101la gruntskr\u0101su, lai nodro\u0161in\u0101tu optim\u0101lu sa\u0137eri un aizsardz\u012bbu pret koroziju.<\/li>\n<li>Pirms lieto\u0161anas r\u016bp\u012bgi samaisiet radiatoru kr\u0101su, lai nodro\u0161in\u0101tu vienm\u0113r\u012bgu kr\u0101su un konsistenci.<\/li>\n<li>Uzkl\u0101jiet vienm\u0113r\u012bgi, izmantojot met\u0101la virsm\u0101m piem\u0113rotu otu, nelielu rull\u012bti vai smidzin\u0101\u0161anas sist\u0113mu.<\/li>\n<li>Iev\u0113rojiet ieteicamo p\u0101rkl\u0101juma normu l\u012bdz 10 m\u00b2 uz litru. Tas atbilst aptuveni 100 ml uz kvadr\u0101tmetru atkar\u012bb\u0101 no virsmas st\u0101vok\u013ca un tekst\u016bras.<\/li>\n<li>Pirmo k\u0101rtu uzkl\u0101jiet pl\u0101n\u0101 un vienm\u0113r\u012bg\u0101 k\u0101rt\u0101, izvairoties no p\u0101rm\u0113r\u012bgas uzkr\u0101\u0161an\u0101s vai pil\u0113\u0161anas starp radiatora rib\u0101m.<\/li>\n<li>\u013baujiet pirmajai k\u0101rtai piln\u012bb\u0101 no\u017e\u016bt atkar\u012bb\u0101 no apk\u0101rt\u0113j\u0101s temperat\u016bras un ventil\u0101cijas apst\u0101k\u013ciem.<\/li>\n<li>Ja nepiecie\u0161ams, uzkl\u0101jiet otru k\u0101rtu, lai pan\u0101ktu optim\u0101lu p\u0101rkl\u0101jumu un notur\u012bbu.<\/li>\n<li>Pirms radiatora atk\u0101rtotas iesl\u0113g\u0161anas \u013caujiet kr\u0101sai piln\u012bb\u0101 saciet\u0113t. Pirm\u0101 sild\u012b\u0161anas cikla laik\u0101 pak\u0101peniski atjaunojiet karstuma padevi, lai p\u0101rkl\u0101jums var\u0113tu piel\u0101goties temperat\u016bras izmai\u0146\u0101m.<\/li>\n<li>Nodro\u0161iniet pareizu ventil\u0101ciju lieto\u0161anas laik\u0101 un p\u0113c t\u0101s.<\/li>\n<li>Instrumentus p\u0113c lieto\u0161anas nekav\u0113joties not\u012briet ar piem\u0113rotiem t\u012br\u012b\u0161anas l\u012bdzek\u013ciem un uzglab\u0101jiet trauku cie\u0161i nosl\u0113gtu v\u0113s\u0101, saus\u0101 viet\u0101, prom no tie\u0161iem saules stariem un sala.<\/li>\n<\/ul>","protected":false},"excerpt":{"rendered":"<p>Restore and protect radiators with a heat-resistant professional finish. Our radiator paint is specially formulated to withstand high operating temperatures while delivering a smooth, durable, and attractive finish. It revitalizes old, yellowed, or chipped radiators, restoring their clean appearance and enhancing the overall look of your interior space. Designed for consistent performance under heat exposure, [&hellip;]<\/p>\n","protected":false},"featured_media":26827,"comment_status":"open","ping_status":"closed","template":"","meta":{"_uag_custom_page_level_css":"","site-sidebar-layout":"default","site-content-layout":"","ast-site-content-layout":"default","site-content-style":"default","site-sidebar-style":"default","ast-global-header-display":"","ast-banner-title-visibility":"","ast-main-header-display":"","ast-hfb-above-header-display":"","ast-hfb-below-header-display":"","ast-hfb-mobile-header-display":"","site-post-title":"","ast-breadcrumbs-content":"","ast-featured-img":"","footer-sml-layout":"","ast-disable-related-posts":"","theme-transparent-header-meta":"default","adv-header-id-meta":"","stick-header-meta":"","header-above-stick-meta":"","header-main-stick-meta":"","header-below-stick-meta":"","astra-migrate-meta-layouts":"set","ast-page-background-enabled":"default","ast-page-background-meta":{"desktop":{"background-color":"var(--ast-global-color-4)","background-image":"","background-repeat":"repeat","background-position":"center center","background-size":"auto","background-attachment":"scroll","background-type":"","background-media":"","overlay-type":"","overlay-color":"","overlay-opacity":"","overlay-gradient":""},"tablet":{"background-color":"","background-image":"","background-repeat":"repeat","background-position":"center center","background-size":"auto","background-attachment":"scroll","background-type":"","background-media":"","overlay-type":"","overlay-color":"","overlay-opacity":"","overlay-gradient":""},"mobile":{"background-color":"","background-image":"","background-repeat":"repeat","background-position":"center center","background-size":"auto","background-attachment":"scroll","background-type":"","background-media":"","overlay-type":"","overlay-color":"","overlay-opacity":"","overlay-gradient":""}},"ast-content-background-meta":{"desktop":{"background-color":"var(--ast-global-color-5)","background-image":"","background-repeat":"repeat","background-position":"center center","background-size":"auto","background-attachment":"scroll","background-type":"","background-media":"","overlay-type":"","overlay-color":"","overlay-opacity":"","overlay-gradient":""},"tablet":{"background-color":"var(--ast-global-color-5)","background-image":"","background-repeat":"repeat","background-position":"center center","background-size":"auto","background-attachment":"scroll","background-type":"","background-media":"","overlay-type":"","overlay-color":"","overlay-opacity":"","overlay-gradient":""},"mobile":{"background-color":"var(--ast-global-color-5)","background-image":"","background-repeat":"repeat","background-position":"center center","background-size":"auto","background-attachment":"scroll","background-type":"","background-media":"","overlay-type":"","overlay-color":"","overlay-opacity":"","overlay-gradient":""}}},"product_brand":[],"product_cat":[184],"product_tag":[],"class_list":{"0":"post-24964","1":"product","2":"type-product","3":"status-publish","4":"has-post-thumbnail","6":"product_cat-radiator-paint","7":"desktop-align-left","8":"tablet-align-left","9":"mobile-align-left","11":"first","12":"instock","13":"sale","14":"shipping-taxable","15":"purchasable","16":"product-type-variable"},"spectra_custom_meta":{"_visibility":["visible"],"_shopify_product_id":["8317268951285"],"_s2w_shopify_domain":["ferberpainting.myshopify.com"],"_shopify_variant_id":["44768228442357"],"_sku":[""],"_manage_stock":["no"],"total_sales":["7"],"_tax_status":["taxable"],"_tax_class":[""],"_backorders":["no"],"_sold_individually":["no"],"_virtual":["no"],"_downloadable":["no"],"_download_limit":["-1"],"_download_expiry":["-1"],"_stock":[null],"_stock_status":["instock"],"_wc_average_rating":["5.00"],"_wc_review_count":["10"],"_product_attributes":["a:1:{s:6:\"volume\";a:6:{s:4:\"name\";s:6:\"Volume\";s:5:\"value\";s:30:\"1 liter | 5 liters | 20 liters\";s:8:\"position\";i:1;s:10:\"is_visible\";i:0;s:12:\"is_variation\";i:1;s:11:\"is_taxonomy\";i:0;}}"],"_product_version":["10.5.1"],"_thumbnail_id":["26827"],"_price":["19.90","79.90","299.90"],"_product_image_gallery":["26828,26830"],"merchant-center-availability":["yes"],"merchant-center-category":["1361"],"merchant-center-id":["PRVP1L2"],"wpse_downloadable_file_names":[""],"wpse_downloadable_file_urls":[""],"_edit_last":["1"],"_wc_rating_count":["a:1:{i:5;i:10;}"],"_edit_lock":["1771224563:1"],"_wp_page_template":["default"],"site-sidebar-layout":["default"],"ast-site-content-layout":["default"],"site-content-style":["default"],"site-sidebar-style":["default"],"theme-transparent-header-meta":["default"],"astra-migrate-meta-layouts":["set"],"_uag_css_file_name":["uag-css-24964.css"],"_elementor_page_assets":["a:0:{}"],"_uag_page_assets":["a:9:{s:3:\"css\";s:7133:\".uag-blocks-common-selector{z-index:var(--z-index-desktop) !important}@media(max-width: 976px){.uag-blocks-common-selector{z-index:var(--z-index-tablet) !important}}@media(max-width: 767px){.uag-blocks-common-selector{z-index:var(--z-index-mobile) !important}}.wp-block-uagb-image{display:flex}.wp-block-uagb-image__figure{position:relative;display:flex;flex-direction:column;max-width:100%;height:auto;margin:0}.wp-block-uagb-image__figure img{height:auto;display:flex;max-width:100%;transition:box-shadow .2s ease}.wp-block-uagb-image__figure>a{display:inline-block}.wp-block-uagb-image__figure figcaption{text-align:center;margin-top:.5em;margin-bottom:1em}.wp-block-uagb-image .components-placeholder.block-editor-media-placeholder .components-placeholder__instructions{align-self:center}.wp-block-uagb-image--align-left{text-align:left}.wp-block-uagb-image--align-right{text-align:right}.wp-block-uagb-image--align-center{text-align:center}.wp-block-uagb-image--align-full .wp-block-uagb-image__figure{margin-left:calc(50% - 50vw);margin-right:calc(50% - 50vw);max-width:100vw;width:100vw;height:auto}.wp-block-uagb-image--align-full .wp-block-uagb-image__figure img{height:auto;width:100% !important}.wp-block-uagb-image--align-wide .wp-block-uagb-image__figure img{height:auto;width:100%}.wp-block-uagb-image--layout-overlay__color-wrapper{position:absolute;left:0;top:0;right:0;bottom:0;opacity:.2;background:rgba(0,0,0,.5);transition:opacity .35s ease-in-out}.wp-block-uagb-image--layout-overlay-link{position:absolute;left:0;right:0;bottom:0;top:0}.wp-block-uagb-image--layout-overlay .wp-block-uagb-image__figure:hover .wp-block-uagb-image--layout-overlay__color-wrapper{opacity:1}.wp-block-uagb-image--layout-overlay__inner{position:absolute;left:15px;right:15px;bottom:15px;top:15px;display:flex;align-items:center;justify-content:center;flex-direction:column;border-color:#fff;transition:.35s ease-in-out}.wp-block-uagb-image--layout-overlay__inner.top-left,.wp-block-uagb-image--layout-overlay__inner.top-center,.wp-block-uagb-image--layout-overlay__inner.top-right{justify-content:flex-start}.wp-block-uagb-image--layout-overlay__inner.bottom-left,.wp-block-uagb-image--layout-overlay__inner.bottom-center,.wp-block-uagb-image--layout-overlay__inner.bottom-right{justify-content:flex-end}.wp-block-uagb-image--layout-overlay__inner.top-left,.wp-block-uagb-image--layout-overlay__inner.center-left,.wp-block-uagb-image--layout-overlay__inner.bottom-left{align-items:flex-start}.wp-block-uagb-image--layout-overlay__inner.top-right,.wp-block-uagb-image--layout-overlay__inner.center-right,.wp-block-uagb-image--layout-overlay__inner.bottom-right{align-items:flex-end}.wp-block-uagb-image--layout-overlay__inner .uagb-image-heading{color:#fff;transition:transform .35s,opacity .35s ease-in-out;transform:translate3d(0, 24px, 0);margin:0;line-height:1em}.wp-block-uagb-image--layout-overlay__inner .uagb-image-separator{width:30%;border-top-width:2px;border-top-color:#fff;border-top-style:solid;margin-bottom:10px;opacity:0;transition:transform .4s,opacity .4s ease-in-out;transform:translate3d(0, 30px, 0)}.wp-block-uagb-image--layout-overlay__inner .uagb-image-caption{opacity:0;overflow:visible;color:#fff;transition:transform .45s,opacity .45s ease-in-out;transform:translate3d(0, 35px, 0)}.wp-block-uagb-image--layout-overlay__inner:hover .uagb-image-heading,.wp-block-uagb-image--layout-overlay__inner:hover .uagb-image-separator,.wp-block-uagb-image--layout-overlay__inner:hover .uagb-image-caption{opacity:1;transform:translate3d(0, 0, 0)}.wp-block-uagb-image--effect-zoomin .wp-block-uagb-image__figure img,.wp-block-uagb-image--effect-zoomin .wp-block-uagb-image__figure .wp-block-uagb-image--layout-overlay__color-wrapper{transform:scale(1);transition:transform .35s ease-in-out}.wp-block-uagb-image--effect-zoomin .wp-block-uagb-image__figure:hover img,.wp-block-uagb-image--effect-zoomin .wp-block-uagb-image__figure:hover .wp-block-uagb-image--layout-overlay__color-wrapper{transform:scale(1.05)}.wp-block-uagb-image--effect-slide .wp-block-uagb-image__figure img,.wp-block-uagb-image--effect-slide .wp-block-uagb-image__figure .wp-block-uagb-image--layout-overlay__color-wrapper{width:calc(100% + 40px) !important;max-width:none !important;transform:translate3d(-40px, 0, 0);transition:transform .35s ease-in-out}.wp-block-uagb-image--effect-slide .wp-block-uagb-image__figure:hover img,.wp-block-uagb-image--effect-slide .wp-block-uagb-image__figure:hover .wp-block-uagb-image--layout-overlay__color-wrapper{transform:translate3d(0, 0, 0)}.wp-block-uagb-image--effect-grayscale img{filter:grayscale(0%);transition:.35s ease-in-out}.wp-block-uagb-image--effect-grayscale:hover img{filter:grayscale(100%)}.wp-block-uagb-image--effect-blur img{filter:blur(0);transition:.35s ease-in-out}.wp-block-uagb-image--effect-blur:hover img{filter:blur(3px)}.uagb-block-e6f939b3.wp-block-uagb-image--layout-default figure img{box-shadow: 0px 0px 0 #00000070;}.uagb-block-e6f939b3.wp-block-uagb-image .wp-block-uagb-image__figure figcaption{font-style: normal;align-self: center;}.uagb-block-e6f939b3.wp-block-uagb-image--layout-overlay figure img{box-shadow: 0px 0px 0 #00000070;}.uagb-block-e6f939b3.wp-block-uagb-image--layout-overlay .wp-block-uagb-image--layout-overlay__color-wrapper{opacity: 0.2;}.uagb-block-e6f939b3.wp-block-uagb-image--layout-overlay .wp-block-uagb-image--layout-overlay__inner{left: 15px;right: 15px;top: 15px;bottom: 15px;}.uagb-block-e6f939b3.wp-block-uagb-image--layout-overlay .wp-block-uagb-image--layout-overlay__inner .uagb-image-heading{font-style: normal;color: #fff;opacity: 1;}.uagb-block-e6f939b3.wp-block-uagb-image--layout-overlay .wp-block-uagb-image--layout-overlay__inner .uagb-image-heading a{color: #fff;}.uagb-block-e6f939b3.wp-block-uagb-image--layout-overlay .wp-block-uagb-image--layout-overlay__inner .uagb-image-caption{opacity: 0;}.uagb-block-e6f939b3.wp-block-uagb-image--layout-overlay .wp-block-uagb-image__figure:hover .wp-block-uagb-image--layout-overlay__color-wrapper{opacity: 1;}.uagb-block-e6f939b3.wp-block-uagb-image .wp-block-uagb-image--layout-overlay__inner .uagb-image-separator{width: 30%;border-top-width: 2px;border-top-color: #fff;opacity: 0;}.uagb-block-e6f939b3.wp-block-uagb-image .wp-block-uagb-image__figure img{width: px;height: auto;}.uagb-block-e6f939b3.wp-block-uagb-image .wp-block-uagb-image__figure:hover .wp-block-uagb-image--layout-overlay__inner .uagb-image-caption{opacity: 1;}.uagb-block-e6f939b3.wp-block-uagb-image .wp-block-uagb-image__figure:hover .wp-block-uagb-image--layout-overlay__inner .uagb-image-separator{opacity: 1;}.uagb-block-e6f939b3.wp-block-uagb-image--layout-default figure:hover img{box-shadow: 0px 0px 0 #00000070;}.uagb-block-e6f939b3.wp-block-uagb-image--layout-overlay figure:hover img{box-shadow: 0px 0px 0 #00000070;}@media only screen and (max-width: 976px) {.uagb-block-e6f939b3.wp-block-uagb-image .wp-block-uagb-image__figure img{width: px;height: auto;}}@media only screen and (max-width: 767px) {.uagb-block-e6f939b3.wp-block-uagb-image .wp-block-uagb-image__figure img{width: px;height: auto;}}\";s:2:\"js\";s:0:\"\";s:18:\"current_block_list\";a:13:{i:0;s:11:\"core\/search\";i:1;s:10:\"core\/group\";i:2;s:12:\"core\/heading\";i:3;s:17:\"core\/latest-posts\";i:4;s:20:\"core\/latest-comments\";i:5;s:13:\"core\/archives\";i:6;s:15:\"core\/categories\";i:7;s:14:\"core\/paragraph\";i:8;s:10:\"uagb\/image\";i:9;s:11:\"core\/spacer\";i:10;s:30:\"woocommerce\/product-categories\";i:11;s:10:\"core\/image\";i:12;s:14:\"core\/shortcode\";}s:8:\"uag_flag\";b:1;s:11:\"uag_version\";s:10:\"1777114592\";s:6:\"gfonts\";a:0:{}s:10:\"gfonts_url\";s:0:\"\";s:12:\"gfonts_files\";a:0:{}s:14:\"uag_faq_layout\";b:0;}"]},"uagb_featured_image_src":{"full":["https:\/\/www.ferberpainting.com\/wp-content\/uploads\/2025\/05\/RadiatorPaintPinegreen1l.png",2560,2276,false],"thumbnail":["https:\/\/www.ferberpainting.com\/wp-content\/uploads\/2025\/05\/RadiatorPaintPinegreen1l-150x150.png",150,150,true],"medium":["https:\/\/www.ferberpainting.com\/wp-content\/uploads\/2025\/05\/RadiatorPaintPinegreen1l-300x267.png",300,267,true],"medium_large":["https:\/\/www.ferberpainting.com\/wp-content\/uploads\/2025\/05\/RadiatorPaintPinegreen1l-768x683.png",768,683,true],"large":["https:\/\/www.ferberpainting.com\/wp-content\/uploads\/2025\/05\/RadiatorPaintPinegreen1l-1024x910.png",1024,910,true],"1536x1536":["https:\/\/www.ferberpainting.com\/wp-content\/uploads\/2025\/05\/RadiatorPaintPinegreen1l-1536x1366.png",1536,1366,true],"2048x2048":["https:\/\/www.ferberpainting.com\/wp-content\/uploads\/2025\/05\/RadiatorPaintPinegreen1l-2048x1821.png",2048,1821,true],"trp-custom-language-flag":["https:\/\/www.ferberpainting.com\/wp-content\/uploads\/2025\/05\/RadiatorPaintPinegreen1l-13x12.png",13,12,true],"woocommerce_thumbnail":["https:\/\/www.ferberpainting.com\/wp-content\/uploads\/2025\/05\/RadiatorPaintPinegreen1l-300x300.png",300,300,true],"woocommerce_single":["https:\/\/www.ferberpainting.com\/wp-content\/uploads\/2025\/05\/RadiatorPaintPinegreen1l-600x533.png",600,533,true],"woocommerce_gallery_thumbnail":["https:\/\/www.ferberpainting.com\/wp-content\/uploads\/2025\/05\/RadiatorPaintPinegreen1l-100x100.png",100,100,true]},"uagb_author_info":{"display_name":"admin","author_link":"https:\/\/www.ferberpainting.com\/lv\/author\/"},"uagb_comment_info":10,"uagb_excerpt":"Restore and protect radiators with a heat-resistant professional finish. Our radiator paint is specially formulated to withstand high operating temperatures while delivering a smooth, durable, and attractive finish. It revitalizes old, yellowed, or chipped radiators, restoring their clean appearance and enhancing the overall look of your interior space. Designed for consistent performance under heat exposure,&hellip;","_links":{"self":[{"href":"https:\/\/www.ferberpainting.com\/lv\/wp-json\/wp\/v2\/product\/24964","targetHints":{"allow":["GET"]}}],"collection":[{"href":"https:\/\/www.ferberpainting.com\/lv\/wp-json\/wp\/v2\/product"}],"about":[{"href":"https:\/\/www.ferberpainting.com\/lv\/wp-json\/wp\/v2\/types\/product"}],"replies":[{"embeddable":true,"href":"https:\/\/www.ferberpainting.com\/lv\/wp-json\/wp\/v2\/comments?post=24964"}],"version-history":[{"count":4,"href":"https:\/\/www.ferberpainting.com\/lv\/wp-json\/wp\/v2\/product\/24964\/revisions"}],"predecessor-version":[{"id":167052,"href":"https:\/\/www.ferberpainting.com\/lv\/wp-json\/wp\/v2\/product\/24964\/revisions\/167052"}],"wp:featuredmedia":[{"embeddable":true,"href":"https:\/\/www.ferberpainting.com\/lv\/wp-json\/wp\/v2\/media\/26827"}],"wp:attachment":[{"href":"https:\/\/www.ferberpainting.com\/lv\/wp-json\/wp\/v2\/media?parent=24964"}],"wp:term":[{"taxonomy":"product_brand","embeddable":true,"href":"https:\/\/www.ferberpainting.com\/lv\/wp-json\/wp\/v2\/product_brand?post=24964"},{"taxonomy":"product_cat","embeddable":true,"href":"https:\/\/www.ferberpainting.com\/lv\/wp-json\/wp\/v2\/product_cat?post=24964"},{"taxonomy":"product_tag","embeddable":true,"href":"https:\/\/www.ferberpainting.com\/lv\/wp-json\/wp\/v2\/product_tag?post=24964"}],"curies":[{"name":"wp","href":"https:\/\/api.w.org\/{rel}","templated":true}]}}