{"id":24808,"date":"2025-05-26T10:27:27","date_gmt":"2025-05-26T08:27:27","guid":{"rendered":"https:\/\/www.ferberpainting.com\/products\/professional-fertilizers\/"},"modified":"2026-02-16T07:43:10","modified_gmt":"2026-02-16T06:43:10","slug":"professional-fertilizers","status":"publish","type":"product","link":"https:\/\/www.ferberpainting.com\/lv\/products\/professional-fertilizers\/","title":{"rendered":"Profesion\u0101lais m\u0113slojums z\u0101l\u0101jiem"},"content":{"rendered":"<p><strong><img decoding=\"async\" style=\"margin-right: 12px;\" src=\"https:\/\/www.ferberpainting.com\/wp-content\/uploads\/2026\/02\/Check.svg\" alt=\"\" width=\"18\" height=\"15\" \/>L\u012bdzsvarota NPK 10-10-10 formula pilnv\u0113rt\u012bgai z\u0101liena baro\u0161anai.<\/strong> M\u016bsu z\u0101liena m\u0113slojums ar NPK attiec\u012bbu 10-10-10 nodro\u0161ina perfekti sabalans\u0113tu uzturvielu vesel\u012bgas z\u0101les aug\u0161anai. Ar vien\u0101d\u0101m sl\u0101pek\u013ca, fosfora un k\u0101lija proporcij\u0101m tas nodro\u0161ina visaptvero\u0161u baro\u0161anu, kas stiprina saknes, uzlabo lapu att\u012bst\u012bbu un kop\u0113jo z\u0101liena elast\u012bbu.<\/p>\n<p><strong><img decoding=\"async\" style=\"margin-right: 12px;\" src=\"https:\/\/www.ferberpainting.com\/wp-content\/uploads\/2026\/02\/Check.svg\" alt=\"\" width=\"18\" height=\"15\" \/>Visefekt\u012bv\u0101kais univers\u0101lais z\u0101liena m\u0113slojums tirg\u016b.<\/strong> \u0160is m\u0113slojums ir izstr\u0101d\u0101ts, lai nodro\u0161in\u0101tu konsekventus un redzamus rezult\u0101tus, un veicina bl\u012bvu, za\u013cu un sp\u0113c\u012bgu z\u0101lienu. L\u012bdzsvarot\u0101 formula nodro\u0161ina, ka z\u0101liens sa\u0146em visus svar\u012bg\u0101kos makroelementus, kas nepiecie\u0161ami stabilai aug\u0161anai un ilgtermi\u0146a vesel\u012bbai visas sezonas garum\u0101.<\/p>\n<p><strong><img decoding=\"async\" style=\"margin-right: 12px;\" src=\"https:\/\/www.ferberpainting.com\/wp-content\/uploads\/2026\/02\/Check.svg\" alt=\"\" width=\"18\" height=\"15\" \/>Nep\u0101rsp\u0113jama cena.<\/strong> M\u0113s pied\u0101v\u0101jam profesion\u0101lu m\u0113slo\u0161anas l\u012bdzek\u013cu kvalit\u0101ti par viskonkur\u0113tsp\u0113j\u012bg\u0101ko cenu. 25 kg maiss nodro\u0161ina lielisku p\u0101rkl\u0101jumu un v\u0113rt\u012bbu, t\u0101p\u0113c tas ir ide\u0101li piem\u0113rots gan priv\u0101tajiem d\u0101rziem, gan liel\u0101k\u0101m apst\u0101d\u012bjumu plat\u012bb\u0101m, nep\u0101rsniedzot j\u016bsu bud\u017eetu.<\/p>\n<p><strong><img decoding=\"async\" style=\"margin-right: 12px;\" src=\"https:\/\/www.ferberpainting.com\/wp-content\/uploads\/2026\/02\/Check.svg\" alt=\"\" width=\"18\" height=\"15\" \/>Naudas atmaksas garantija piln\u012bgai p\u0101rliec\u012bbai.<\/strong> M\u0113s atbalst\u0101m m\u016bsu z\u0101liena m\u0113slojuma veiktsp\u0113ju. Ja neesat piln\u012bb\u0101 apmierin\u0101ts ar rezult\u0101tiem, m\u0113s pied\u0101v\u0101jam naudas atmaksas garantiju. Vienk\u0101r\u0161i sazinieties ar mums, un m\u0113s atmaks\u0101sim naudu par pirkumu.<\/p>\n<p><strong><img decoding=\"async\" style=\"margin-right: 12px;\" src=\"https:\/\/www.ferberpainting.com\/wp-content\/uploads\/2026\/02\/Check.svg\" alt=\"\" width=\"18\" height=\"15\" \/>\u0100tra pieg\u0101de 24 stundu laik\u0101 t\u016bl\u012bt\u0113jai z\u0101liena kop\u0161anai.<\/strong> M\u0113s vienm\u0113r nodro\u0161in\u0101m pieg\u0101di 24 stundas diennakt\u012b, lai j\u016bs var\u0113tu nekav\u0113joties s\u0101kt z\u0101liena baro\u0161anu. Uzticama pieg\u0101de pal\u012bdz saglab\u0101t optim\u0101lu m\u0113slo\u0161anas laiku.<\/p>\n<p><strong><img decoding=\"async\" style=\"margin-right: 12px;\" src=\"https:\/\/www.ferberpainting.com\/wp-content\/uploads\/2026\/02\/Check.svg\" alt=\"\" width=\"18\" height=\"15\" \/>25 kg profesion\u0101lais izm\u0113rs papla\u0161in\u0101tam p\u0101rkl\u0101jumam.<\/strong> 25 kg maiss ir piem\u0113rots vid\u0113ji lieliem un lieliem z\u0101lieniem un nodro\u0161ina lielisku segumu atkar\u012bb\u0101 no lieto\u0161anas daudzuma. Tas nodro\u0161ina vienm\u0113r\u012bgu baro\u0161anu pla\u0161\u0101s plat\u012bb\u0101s ar maz\u0101ku pirkumu skaitu.<\/p>\n<p><strong><img decoding=\"async\" style=\"margin-right: 12px;\" src=\"https:\/\/www.ferberpainting.com\/wp-content\/uploads\/2026\/02\/Check.svg\" alt=\"\" width=\"18\" height=\"15\" \/>Veicina sp\u0113c\u012bgu sak\u0146u att\u012bst\u012bbu.<\/strong> Fosfora komponents (10%) veicina dzi\u013cu un vesel\u012bgu sak\u0146u sist\u0113mu, uzlabojot bar\u012bbas vielu uzs\u016bk\u0161anos un iztur\u012bbu pret sausumu.<\/p>\n<p><strong><img decoding=\"async\" style=\"margin-right: 12px;\" src=\"https:\/\/www.ferberpainting.com\/wp-content\/uploads\/2026\/02\/Check.svg\" alt=\"\" width=\"18\" height=\"15\" \/>Veicina sul\u012bgu za\u013co aug\u0161anu.<\/strong> Sl\u0101pek\u013ca saturs (10%) stimul\u0113 hlorofila veido\u0161anos un lapu aug\u0161anu, k\u0101 rezult\u0101t\u0101 veidojas ko\u0161i za\u013ca kr\u0101sa un bl\u012bvs vel\u0113na segums.<\/p>\n<p><strong><img decoding=\"async\" style=\"margin-right: 12px;\" src=\"https:\/\/www.ferberpainting.com\/wp-content\/uploads\/2026\/02\/Check.svg\" alt=\"\" width=\"18\" height=\"15\" \/>uzlabo iztur\u012bbu pret stresu un slim\u012bb\u0101m.<\/strong> K\u0101lija saturs (10%) stiprina \u0161\u016bnu strukt\u016bru un uzlabo z\u0101liena iztur\u012bbu pret karstumu, aukstumu, k\u0101j\u0101m un izplat\u012bt\u0101m z\u0101liena slim\u012bb\u0101m.<\/p>\n<p><strong><img decoding=\"async\" style=\"margin-right: 12px;\" src=\"https:\/\/www.ferberpainting.com\/wp-content\/uploads\/2026\/02\/Check.svg\" alt=\"\" width=\"18\" height=\"15\" \/>Piem\u0113rots visiem z\u0101liena tipiem.<\/strong> \u0160o sabalans\u0113to NPK m\u0113slojumu var izmantot liel\u0101kajai da\u013cai z\u0101l\u0101ju \u0161\u0137ir\u0146u, tostarp dekorat\u012bvajiem z\u0101lieniem, rota\u013cu laukumiem un visp\u0101r\u0113j\u0101s lieto\u0161anas z\u0101l\u0101jiem.<\/p>\n<h2><strong>Instrukcijas<\/strong><\/h2>\n<ul>\n<li>P\u013caujiet z\u0101lienu 1 l\u012bdz 2 dienas pirms m\u0113slo\u0161anas, lai nodro\u0161in\u0101tu lab\u0101ku saskari ar augsni un vienm\u0113r\u012bgu m\u0113slojuma izkliedi.<\/li>\n<li>Pirms izklied\u0113\u0161anas no\u0146emiet no virsmas nop\u013cauto z\u0101li, lapas un gru\u017eus.<\/li>\n<li>M\u0113slojumu lietojiet akt\u012bv\u0101s aug\u0161anas laik\u0101, parasti pavasar\u012b un agr\u0101 ruden\u012b, kad z\u0101le var efekt\u012bvi uz\u0146emt bar\u012bbas vielas.<\/li>\n<li>Ieteicam\u0101s devas: parastai kop\u0161anai lietot aptuveni 30 l\u012bdz 40 gramus uz kvadr\u0101tmetru. Z\u0101lieniem, kuriem nepiecie\u0161ama sp\u0113c\u012bg\u0101ka atjauno\u0161an\u0101s, var lietot l\u012bdz 50 gramiem uz kvadr\u0101tmetru.<\/li>\n<li>25 kg mais\u0101 var ievietot aptuveni:\n<ul>\n<li>830 m\u00b2 ar 30 g uz m\u00b2.<\/li>\n<li>625 m\u00b2 ar 40 g uz m\u00b2.<\/li>\n<li>500 m\u00b2 ar 50 g uz m\u00b2.<\/li>\n<\/ul>\n<\/li>\n<li>Lietojiet izklied\u0113t\u0101ju, lai vienm\u0113r\u012bgi uzkl\u0101tu uz liel\u0101m plat\u012bb\u0101m. Maz\u0101ku z\u0101lienu gad\u012bjum\u0101 izklied\u0113jiet ar rok\u0101m, valk\u0101jot cimdus, nodro\u0161inot vienm\u0113r\u012bgu p\u0101rkl\u0101jumu.<\/li>\n<li>M\u0113slojumu izklied\u0113jiet vienm\u0113r\u012bgi, veicot divus perpendikul\u0101rus pieg\u0101jienus, lai izvair\u012btos no nevienm\u0113r\u012bgas baro\u0161anas vai sv\u012btru veido\u0161an\u0101s.<\/li>\n<li>Lai nov\u0113rstu bar\u012bbas vielu nopl\u016bdi, j\u0101izvair\u0101s no lieto\u0161anas \u013coti karst\u0101 laik\u0101 vai pirms sp\u0113c\u012bg\u0101m lietusg\u0101z\u0113m.<\/li>\n<li>P\u0113c smidzin\u0101\u0161anas pamat\u012bgi aplaistiet z\u0101lienu, lai aktiviz\u0113tu bar\u012bbas vielu izdal\u012b\u0161anos un pal\u012bdz\u0113tu granul\u0101m iz\u0161\u0137\u012bst augsn\u0113.<\/li>\n<li>Ne\u013caujiet m\u0101jdz\u012bvniekiem vai b\u0113rniem atrasties apstr\u0101d\u0101taj\u0101 plat\u012bb\u0101, kam\u0113r m\u0113slojums nav ap\u016bde\u0146ots un z\u0101liens nav iz\u017euvis.<\/li>\n<li>Lai sasniegtu lab\u0101kos rezult\u0101tus, ve\u0123et\u0101cijas sezonas laik\u0101, atkar\u012bb\u0101 no z\u0101liena st\u0101vok\u013ca un augsnes augl\u012bbas, lieto atk\u0101rtoti ik p\u0113c 8 l\u012bdz 10 ned\u0113\u013c\u0101m.<\/li>\n<li>Izvairieties no p\u0101rm\u0113r\u012bgas m\u0113slo\u0161anas, jo p\u0101rm\u0113r\u012bgs m\u0113slojuma daudzums var izrais\u012bt z\u0101liena apdeg\u0161anu vai p\u0101rm\u0113r\u012bgu aug\u0161anu, kas prasa bie\u017e\u0101ku p\u013cau\u0161anu.<\/li>\n<li>Uzglab\u0101jiet maisi\u0146u v\u0113s\u0101 un saus\u0101 viet\u0101, lai taj\u0101 neb\u016btu mitruma. Lai saglab\u0101tu produkta kvalit\u0101ti, turiet iepakojumu cie\u0161i aizv\u0113rtu.<\/li>\n<li>P\u0113c darba ar l\u012bdzekli nomazg\u0101jiet rokas un p\u0113c lieto\u0161anas r\u016bp\u012bgi not\u012briet izklied\u0113\u0161anas apr\u012bkojumu.<\/li>\n<\/ul>\n<p>M\u016bsu 25 kg NPK 10-10-10 z\u0101liena m\u0113slojums NPK 10-10-10, iev\u0113rojot ieteikto lieto\u0161anas devu un sezon\u0101lo grafiku, pal\u012bdz\u0113s jums izveidot bl\u012bvu, za\u013cu un iztur\u012bgu z\u0101lienu ar sabalans\u0113tu baro\u0161anu un ilgsto\u0161u dz\u012bvotsp\u0113ju.<\/p>","protected":false},"excerpt":{"rendered":"<p>Balanced NPK 10-10-10 formula for complete lawn nutrition. Our lawn fertilizer with an NPK ratio of 10-10-10 provides perfectly balanced nutrition to support healthy grass growth. With equal proportions of nitrogen, phosphorus, and potassium, it delivers comprehensive feeding that strengthens roots, enhances leaf development, and improves overall lawn resilience. The most effective all-purpose lawn fertilizer [&hellip;]<\/p>\n","protected":false},"featured_media":26655,"comment_status":"open","ping_status":"closed","template":"","meta":{"_uag_custom_page_level_css":"","site-sidebar-layout":"default","site-content-layout":"","ast-site-content-layout":"default","site-content-style":"default","site-sidebar-style":"default","ast-global-header-display":"","ast-banner-title-visibility":"","ast-main-header-display":"","ast-hfb-above-header-display":"","ast-hfb-below-header-display":"","ast-hfb-mobile-header-display":"","site-post-title":"","ast-breadcrumbs-content":"","ast-featured-img":"","footer-sml-layout":"","ast-disable-related-posts":"","theme-transparent-header-meta":"default","adv-header-id-meta":"","stick-header-meta":"","header-above-stick-meta":"","header-main-stick-meta":"","header-below-stick-meta":"","astra-migrate-meta-layouts":"set","ast-page-background-enabled":"default","ast-page-background-meta":{"desktop":{"background-color":"var(--ast-global-color-4)","background-image":"","background-repeat":"repeat","background-position":"center center","background-size":"auto","background-attachment":"scroll","background-type":"","background-media":"","overlay-type":"","overlay-color":"","overlay-opacity":"","overlay-gradient":""},"tablet":{"background-color":"","background-image":"","background-repeat":"repeat","background-position":"center center","background-size":"auto","background-attachment":"scroll","background-type":"","background-media":"","overlay-type":"","overlay-color":"","overlay-opacity":"","overlay-gradient":""},"mobile":{"background-color":"","background-image":"","background-repeat":"repeat","background-position":"center center","background-size":"auto","background-attachment":"scroll","background-type":"","background-media":"","overlay-type":"","overlay-color":"","overlay-opacity":"","overlay-gradient":""}},"ast-content-background-meta":{"desktop":{"background-color":"var(--ast-global-color-5)","background-image":"","background-repeat":"repeat","background-position":"center center","background-size":"auto","background-attachment":"scroll","background-type":"","background-media":"","overlay-type":"","overlay-color":"","overlay-opacity":"","overlay-gradient":""},"tablet":{"background-color":"var(--ast-global-color-5)","background-image":"","background-repeat":"repeat","background-position":"center center","background-size":"auto","background-attachment":"scroll","background-type":"","background-media":"","overlay-type":"","overlay-color":"","overlay-opacity":"","overlay-gradient":""},"mobile":{"background-color":"var(--ast-global-color-5)","background-image":"","background-repeat":"repeat","background-position":"center center","background-size":"auto","background-attachment":"scroll","background-type":"","background-media":"","overlay-type":"","overlay-color":"","overlay-opacity":"","overlay-gradient":""}}},"product_brand":[],"product_cat":[178],"product_tag":[],"class_list":{"0":"post-24808","1":"product","2":"type-product","3":"status-publish","4":"has-post-thumbnail","6":"product_cat-fertilizers","7":"desktop-align-left","8":"tablet-align-left","9":"mobile-align-left","11":"first","12":"instock","13":"shipping-taxable","14":"purchasable","15":"product-type-simple"},"spectra_custom_meta":{"_visibility":["visible"],"_shopify_product_id":["7972828086517"],"_s2w_shopify_domain":["ferberpainting.myshopify.com"],"_shopify_variant_id":["43552314360053"],"_sku":["FPPROFESSIONALLAWNFERTILIZER"],"_regular_price":["39.90"],"_price":["39.90"],"_sale_price":[""],"_weight":["18.5"],"_thumbnail_id":["26655"],"_global_unique_id":["5056773807334"],"total_sales":["66"],"_tax_status":["taxable"],"_tax_class":[""],"_manage_stock":["no"],"_backorders":["no"],"_sold_individually":["no"],"_virtual":["no"],"_downloadable":["no"],"_download_limit":["-1"],"_download_expiry":["-1"],"_stock":[null],"_stock_status":["instock"],"_wc_average_rating":["4.92"],"_wc_review_count":["64"],"_product_version":["10.5.1"],"merchant-center-availability":["yes"],"merchant-center-category":["113"],"merchant-center-id":["PLF"],"wpse_downloadable_file_names":[""],"wpse_downloadable_file_urls":[""],"_edit_last":["1"],"_wc_rating_count":["a:3:{i:3;i:1;i:4;i:3;i:5;i:60;}"],"_edit_lock":["1771224212:1"],"_wp_page_template":["default"],"site-sidebar-layout":["default"],"ast-site-content-layout":["default"],"site-content-style":["default"],"site-sidebar-style":["default"],"theme-transparent-header-meta":["default"],"astra-migrate-meta-layouts":["set"],"_uag_css_file_name":["uag-css-24808.css"],"_elementor_page_assets":["a:0:{}"],"_uag_page_assets":["a:9:{s:3:\"css\";s:7133:\".uag-blocks-common-selector{z-index:var(--z-index-desktop) !important}@media(max-width: 976px){.uag-blocks-common-selector{z-index:var(--z-index-tablet) !important}}@media(max-width: 767px){.uag-blocks-common-selector{z-index:var(--z-index-mobile) !important}}.wp-block-uagb-image{display:flex}.wp-block-uagb-image__figure{position:relative;display:flex;flex-direction:column;max-width:100%;height:auto;margin:0}.wp-block-uagb-image__figure img{height:auto;display:flex;max-width:100%;transition:box-shadow .2s ease}.wp-block-uagb-image__figure>a{display:inline-block}.wp-block-uagb-image__figure figcaption{text-align:center;margin-top:.5em;margin-bottom:1em}.wp-block-uagb-image .components-placeholder.block-editor-media-placeholder .components-placeholder__instructions{align-self:center}.wp-block-uagb-image--align-left{text-align:left}.wp-block-uagb-image--align-right{text-align:right}.wp-block-uagb-image--align-center{text-align:center}.wp-block-uagb-image--align-full .wp-block-uagb-image__figure{margin-left:calc(50% - 50vw);margin-right:calc(50% - 50vw);max-width:100vw;width:100vw;height:auto}.wp-block-uagb-image--align-full .wp-block-uagb-image__figure img{height:auto;width:100% !important}.wp-block-uagb-image--align-wide .wp-block-uagb-image__figure img{height:auto;width:100%}.wp-block-uagb-image--layout-overlay__color-wrapper{position:absolute;left:0;top:0;right:0;bottom:0;opacity:.2;background:rgba(0,0,0,.5);transition:opacity .35s ease-in-out}.wp-block-uagb-image--layout-overlay-link{position:absolute;left:0;right:0;bottom:0;top:0}.wp-block-uagb-image--layout-overlay .wp-block-uagb-image__figure:hover .wp-block-uagb-image--layout-overlay__color-wrapper{opacity:1}.wp-block-uagb-image--layout-overlay__inner{position:absolute;left:15px;right:15px;bottom:15px;top:15px;display:flex;align-items:center;justify-content:center;flex-direction:column;border-color:#fff;transition:.35s ease-in-out}.wp-block-uagb-image--layout-overlay__inner.top-left,.wp-block-uagb-image--layout-overlay__inner.top-center,.wp-block-uagb-image--layout-overlay__inner.top-right{justify-content:flex-start}.wp-block-uagb-image--layout-overlay__inner.bottom-left,.wp-block-uagb-image--layout-overlay__inner.bottom-center,.wp-block-uagb-image--layout-overlay__inner.bottom-right{justify-content:flex-end}.wp-block-uagb-image--layout-overlay__inner.top-left,.wp-block-uagb-image--layout-overlay__inner.center-left,.wp-block-uagb-image--layout-overlay__inner.bottom-left{align-items:flex-start}.wp-block-uagb-image--layout-overlay__inner.top-right,.wp-block-uagb-image--layout-overlay__inner.center-right,.wp-block-uagb-image--layout-overlay__inner.bottom-right{align-items:flex-end}.wp-block-uagb-image--layout-overlay__inner .uagb-image-heading{color:#fff;transition:transform .35s,opacity .35s ease-in-out;transform:translate3d(0, 24px, 0);margin:0;line-height:1em}.wp-block-uagb-image--layout-overlay__inner .uagb-image-separator{width:30%;border-top-width:2px;border-top-color:#fff;border-top-style:solid;margin-bottom:10px;opacity:0;transition:transform .4s,opacity .4s ease-in-out;transform:translate3d(0, 30px, 0)}.wp-block-uagb-image--layout-overlay__inner .uagb-image-caption{opacity:0;overflow:visible;color:#fff;transition:transform .45s,opacity .45s ease-in-out;transform:translate3d(0, 35px, 0)}.wp-block-uagb-image--layout-overlay__inner:hover .uagb-image-heading,.wp-block-uagb-image--layout-overlay__inner:hover .uagb-image-separator,.wp-block-uagb-image--layout-overlay__inner:hover .uagb-image-caption{opacity:1;transform:translate3d(0, 0, 0)}.wp-block-uagb-image--effect-zoomin .wp-block-uagb-image__figure img,.wp-block-uagb-image--effect-zoomin .wp-block-uagb-image__figure .wp-block-uagb-image--layout-overlay__color-wrapper{transform:scale(1);transition:transform .35s ease-in-out}.wp-block-uagb-image--effect-zoomin .wp-block-uagb-image__figure:hover img,.wp-block-uagb-image--effect-zoomin .wp-block-uagb-image__figure:hover .wp-block-uagb-image--layout-overlay__color-wrapper{transform:scale(1.05)}.wp-block-uagb-image--effect-slide .wp-block-uagb-image__figure img,.wp-block-uagb-image--effect-slide .wp-block-uagb-image__figure .wp-block-uagb-image--layout-overlay__color-wrapper{width:calc(100% + 40px) !important;max-width:none !important;transform:translate3d(-40px, 0, 0);transition:transform .35s ease-in-out}.wp-block-uagb-image--effect-slide .wp-block-uagb-image__figure:hover img,.wp-block-uagb-image--effect-slide .wp-block-uagb-image__figure:hover .wp-block-uagb-image--layout-overlay__color-wrapper{transform:translate3d(0, 0, 0)}.wp-block-uagb-image--effect-grayscale img{filter:grayscale(0%);transition:.35s ease-in-out}.wp-block-uagb-image--effect-grayscale:hover img{filter:grayscale(100%)}.wp-block-uagb-image--effect-blur img{filter:blur(0);transition:.35s ease-in-out}.wp-block-uagb-image--effect-blur:hover img{filter:blur(3px)}.uagb-block-e6f939b3.wp-block-uagb-image--layout-default figure img{box-shadow: 0px 0px 0 #00000070;}.uagb-block-e6f939b3.wp-block-uagb-image .wp-block-uagb-image__figure figcaption{font-style: normal;align-self: center;}.uagb-block-e6f939b3.wp-block-uagb-image--layout-overlay figure img{box-shadow: 0px 0px 0 #00000070;}.uagb-block-e6f939b3.wp-block-uagb-image--layout-overlay .wp-block-uagb-image--layout-overlay__color-wrapper{opacity: 0.2;}.uagb-block-e6f939b3.wp-block-uagb-image--layout-overlay .wp-block-uagb-image--layout-overlay__inner{left: 15px;right: 15px;top: 15px;bottom: 15px;}.uagb-block-e6f939b3.wp-block-uagb-image--layout-overlay .wp-block-uagb-image--layout-overlay__inner .uagb-image-heading{font-style: normal;color: #fff;opacity: 1;}.uagb-block-e6f939b3.wp-block-uagb-image--layout-overlay .wp-block-uagb-image--layout-overlay__inner .uagb-image-heading a{color: #fff;}.uagb-block-e6f939b3.wp-block-uagb-image--layout-overlay .wp-block-uagb-image--layout-overlay__inner .uagb-image-caption{opacity: 0;}.uagb-block-e6f939b3.wp-block-uagb-image--layout-overlay .wp-block-uagb-image__figure:hover .wp-block-uagb-image--layout-overlay__color-wrapper{opacity: 1;}.uagb-block-e6f939b3.wp-block-uagb-image .wp-block-uagb-image--layout-overlay__inner .uagb-image-separator{width: 30%;border-top-width: 2px;border-top-color: #fff;opacity: 0;}.uagb-block-e6f939b3.wp-block-uagb-image .wp-block-uagb-image__figure img{width: px;height: auto;}.uagb-block-e6f939b3.wp-block-uagb-image .wp-block-uagb-image__figure:hover .wp-block-uagb-image--layout-overlay__inner .uagb-image-caption{opacity: 1;}.uagb-block-e6f939b3.wp-block-uagb-image .wp-block-uagb-image__figure:hover .wp-block-uagb-image--layout-overlay__inner .uagb-image-separator{opacity: 1;}.uagb-block-e6f939b3.wp-block-uagb-image--layout-default figure:hover img{box-shadow: 0px 0px 0 #00000070;}.uagb-block-e6f939b3.wp-block-uagb-image--layout-overlay figure:hover img{box-shadow: 0px 0px 0 #00000070;}@media only screen and (max-width: 976px) {.uagb-block-e6f939b3.wp-block-uagb-image .wp-block-uagb-image__figure img{width: px;height: auto;}}@media only screen and (max-width: 767px) {.uagb-block-e6f939b3.wp-block-uagb-image .wp-block-uagb-image__figure img{width: px;height: auto;}}\";s:2:\"js\";s:0:\"\";s:18:\"current_block_list\";a:13:{i:0;s:11:\"core\/search\";i:1;s:10:\"core\/group\";i:2;s:12:\"core\/heading\";i:3;s:17:\"core\/latest-posts\";i:4;s:20:\"core\/latest-comments\";i:5;s:13:\"core\/archives\";i:6;s:15:\"core\/categories\";i:7;s:14:\"core\/paragraph\";i:8;s:10:\"uagb\/image\";i:9;s:11:\"core\/spacer\";i:10;s:30:\"woocommerce\/product-categories\";i:11;s:10:\"core\/image\";i:12;s:14:\"core\/shortcode\";}s:8:\"uag_flag\";b:1;s:11:\"uag_version\";s:10:\"1777069933\";s:6:\"gfonts\";a:0:{}s:10:\"gfonts_url\";s:0:\"\";s:12:\"gfonts_files\";a:0:{}s:14:\"uag_faq_layout\";b:0;}"]},"uagb_featured_image_src":{"full":["https:\/\/www.ferberpainting.com\/wp-content\/uploads\/2025\/05\/Mockup_Gazon_25Kg_from_51912-tif_COMPRESS.png",2000,2000,false],"thumbnail":["https:\/\/www.ferberpainting.com\/wp-content\/uploads\/2025\/05\/Mockup_Gazon_25Kg_from_51912-tif_COMPRESS-150x150.png",150,150,true],"medium":["https:\/\/www.ferberpainting.com\/wp-content\/uploads\/2025\/05\/Mockup_Gazon_25Kg_from_51912-tif_COMPRESS-300x300.png",300,300,true],"medium_large":["https:\/\/www.ferberpainting.com\/wp-content\/uploads\/2025\/05\/Mockup_Gazon_25Kg_from_51912-tif_COMPRESS-768x768.png",768,768,true],"large":["https:\/\/www.ferberpainting.com\/wp-content\/uploads\/2025\/05\/Mockup_Gazon_25Kg_from_51912-tif_COMPRESS-1024x1024.png",1024,1024,true],"1536x1536":["https:\/\/www.ferberpainting.com\/wp-content\/uploads\/2025\/05\/Mockup_Gazon_25Kg_from_51912-tif_COMPRESS-1536x1536.png",1536,1536,true],"2048x2048":["https:\/\/www.ferberpainting.com\/wp-content\/uploads\/2025\/05\/Mockup_Gazon_25Kg_from_51912-tif_COMPRESS.png",2000,2000,false],"trp-custom-language-flag":["https:\/\/www.ferberpainting.com\/wp-content\/uploads\/2025\/05\/Mockup_Gazon_25Kg_from_51912-tif_COMPRESS-12x12.png",12,12,true],"woocommerce_thumbnail":["https:\/\/www.ferberpainting.com\/wp-content\/uploads\/2025\/05\/Mockup_Gazon_25Kg_from_51912-tif_COMPRESS-300x300.png",300,300,true],"woocommerce_single":["https:\/\/www.ferberpainting.com\/wp-content\/uploads\/2025\/05\/Mockup_Gazon_25Kg_from_51912-tif_COMPRESS-600x600.png",600,600,true],"woocommerce_gallery_thumbnail":["https:\/\/www.ferberpainting.com\/wp-content\/uploads\/2025\/05\/Mockup_Gazon_25Kg_from_51912-tif_COMPRESS-100x100.png",100,100,true]},"uagb_author_info":{"display_name":"admin","author_link":"https:\/\/www.ferberpainting.com\/lv\/author\/"},"uagb_comment_info":64,"uagb_excerpt":"Balanced NPK 10-10-10 formula for complete lawn nutrition. Our lawn fertilizer with an NPK ratio of 10-10-10 provides perfectly balanced nutrition to support healthy grass growth. With equal proportions of nitrogen, phosphorus, and potassium, it delivers comprehensive feeding that strengthens roots, enhances leaf development, and improves overall lawn resilience. The most effective all-purpose lawn fertilizer&hellip;","_links":{"self":[{"href":"https:\/\/www.ferberpainting.com\/lv\/wp-json\/wp\/v2\/product\/24808","targetHints":{"allow":["GET"]}}],"collection":[{"href":"https:\/\/www.ferberpainting.com\/lv\/wp-json\/wp\/v2\/product"}],"about":[{"href":"https:\/\/www.ferberpainting.com\/lv\/wp-json\/wp\/v2\/types\/product"}],"replies":[{"embeddable":true,"href":"https:\/\/www.ferberpainting.com\/lv\/wp-json\/wp\/v2\/comments?post=24808"}],"version-history":[{"count":2,"href":"https:\/\/www.ferberpainting.com\/lv\/wp-json\/wp\/v2\/product\/24808\/revisions"}],"predecessor-version":[{"id":167008,"href":"https:\/\/www.ferberpainting.com\/lv\/wp-json\/wp\/v2\/product\/24808\/revisions\/167008"}],"wp:featuredmedia":[{"embeddable":true,"href":"https:\/\/www.ferberpainting.com\/lv\/wp-json\/wp\/v2\/media\/26655"}],"wp:attachment":[{"href":"https:\/\/www.ferberpainting.com\/lv\/wp-json\/wp\/v2\/media?parent=24808"}],"wp:term":[{"taxonomy":"product_brand","embeddable":true,"href":"https:\/\/www.ferberpainting.com\/lv\/wp-json\/wp\/v2\/product_brand?post=24808"},{"taxonomy":"product_cat","embeddable":true,"href":"https:\/\/www.ferberpainting.com\/lv\/wp-json\/wp\/v2\/product_cat?post=24808"},{"taxonomy":"product_tag","embeddable":true,"href":"https:\/\/www.ferberpainting.com\/lv\/wp-json\/wp\/v2\/product_tag?post=24808"}],"curies":[{"name":"wp","href":"https:\/\/api.w.org\/{rel}","templated":true}]}}