{"id":24796,"date":"2025-05-26T10:27:17","date_gmt":"2025-05-26T08:27:17","guid":{"rendered":"https:\/\/www.ferberpainting.com\/products\/potato-fertilizer\/"},"modified":"2026-02-16T07:33:17","modified_gmt":"2026-02-16T06:33:17","slug":"potato-fertilizer","status":"publish","type":"product","link":"https:\/\/www.ferberpainting.com\/lv\/products\/potato-fertilizer\/","title":{"rendered":"Kartupe\u013cu m\u0113slojums 25 kg"},"content":{"rendered":"<p><strong><img decoding=\"async\" style=\"margin-right: 12px;\" src=\"https:\/\/www.ferberpainting.com\/wp-content\/uploads\/2026\/02\/Check.svg\" alt=\"\" width=\"18\" height=\"15\" \/>M\u0113slojums, kas paredz\u0113ts kartupe\u013cu aug\u0161anas un ra\u017eo\u0161anas optimiz\u0113\u0161anai.<\/strong>\u00a0\u0160is m\u0113slojums ir \u012bpa\u0161i izstr\u0101d\u0101ts, lai nodro\u0161in\u0101tu kartupe\u013cu augus ar to att\u012bst\u012bbai nepiecie\u0161amaj\u0101m bar\u012bbas viel\u0101m. Ide\u0101li sabalans\u0113ts sl\u0101pek\u013ca (N), fosfora (P) un k\u0101lija (K) saturs ar NPK attiec\u012bbu 10-10-10 nodro\u0161ina sp\u0113c\u012bgu lapu aug\u0161anu, optim\u0101lu sak\u0146u veido\u0161anos un bag\u0101t\u012bgu labi veidotu bumbu\u013cu ra\u017eo\u0161anu. Pateicoties pilnv\u0113rt\u012bgai iedarb\u012bbai, tas stimul\u0113 jaunu sak\u0146u veido\u0161anos, stiprina augu iztur\u012bbu pret slim\u012bb\u0101m un uzlabo nov\u0101kto kartupe\u013cu lielumu.<\/p>\n<p><strong><img decoding=\"async\" style=\"margin-right: 12px;\" src=\"https:\/\/www.ferberpainting.com\/wp-content\/uploads\/2026\/02\/Check.svg\" alt=\"\" width=\"18\" height=\"15\" \/>Naudas atmaksas garantija.<\/strong>\u00a0M\u0113s esam piln\u012bgi p\u0101rliecin\u0101ti par m\u016bsu m\u0113slo\u0161anas l\u012bdzek\u013cu efektivit\u0101ti, t\u0101p\u0113c pied\u0101v\u0101jam naudas atmaksas garantiju. Ja p\u0113c m\u0113slojuma lieto\u0161anas optim\u0101los apst\u0101k\u013cos j\u016bs nepaman\u012bsiet iev\u0113rojamu kartupe\u013cu augu aug\u0161anas un ra\u017eas uzlabojumu, m\u0113s bez diskusij\u0101m atmaks\u0101sim jums naudu.<\/p>\n<p><strong><img decoding=\"async\" style=\"margin-right: 12px;\" src=\"https:\/\/www.ferberpainting.com\/wp-content\/uploads\/2026\/02\/Check.svg\" alt=\"\" width=\"18\" height=\"15\" \/>M\u0113slojums, kas piem\u0113rots visiem augsnes tipiem un kartupe\u013cu \u0161\u0137irn\u0113m.<\/strong>\u00a0Neatkar\u012bgi no t\u0101, vai audz\u0113jat kartupe\u013cus \u0101r\u0101, d\u0101rza dob\u0113, siltumn\u012bc\u0101 vai \u0101rpus augsnes, \u0161is m\u0113slojums ir piem\u0113rots visiem audz\u0113\u0161anas apst\u0101k\u013ciem. Tas ir efekt\u012bvs visos augsnes tipos - m\u0101lain\u0101s, smil\u0161ain\u0101s, smil\u0161ain\u0101s, smil\u0161m\u0101la vai ka\u013c\u0137ain\u0101s augsn\u0113s. Turkl\u0101t tas ir piem\u0113rots vis\u0101m kartupe\u013cu \u0161\u0137irn\u0113m - gan agraj\u0101m, gan uzglab\u0101\u0161anai, gan \u012bpa\u0161iem kulin\u0101rijas m\u0113r\u0137iem (tvaic\u0113\u0161anai, cep\u0161anai, biezputrai).<\/p>\n<p><strong><img decoding=\"async\" style=\"margin-right: 12px;\" src=\"https:\/\/www.ferberpainting.com\/wp-content\/uploads\/2026\/02\/Check.svg\" alt=\"\" width=\"18\" height=\"15\" \/>Ekonomiska un efekt\u012bva m\u0113slo\u0161ana.<\/strong>\u00a0\u0160is m\u0113slojums nodro\u0161ina lielisku ra\u017e\u012bbu, jo tas l\u0113ni iek\u013c\u016bst augsn\u0113, t\u0101d\u0113j\u0101di nodro\u0161inot ilgsto\u0161u m\u0113slo\u0161anu bez nepiecie\u0161am\u012bbas to bie\u017ei lietot. Ar 25 kg maisu var apberzt lielas lauksaimniec\u012bbas vai d\u0101rza plat\u012bbas. Tas neprasa at\u0161\u0137aid\u012b\u0161anu, kas ietaupa laiku un \u016bdeni, vienlaikus nodro\u0161inot pak\u0101penisku un nep\u0101rtrauktu uzs\u016bk\u0161anos augiem.<\/p>\n<p><strong><img decoding=\"async\" style=\"margin-right: 12px;\" src=\"https:\/\/www.ferberpainting.com\/wp-content\/uploads\/2026\/02\/Check.svg\" alt=\"\" width=\"18\" height=\"15\" \/>Videi draudz\u012bgs un dro\u0161s augu m\u0113slojums.<\/strong>\u00a0\u0160is m\u0113slojums ir veidots bez agres\u012bviem \u0137\u012bmiskiem produktiem, t\u0101p\u0113c tas nerada risku kartupe\u013cu augu sakn\u0113m. Tas veicina vesel\u012bgu, l\u012bdzsvarotu augsni, atjaunojot optim\u0101lai augl\u012bbai nepiecie\u0161amo mikrobu dz\u012bvi. Tas nepies\u0101r\u0146o grunts\u016bde\u0146us, augsni, nodro\u0161inot atbild\u012bgu un videi draudz\u012bgu saimnieko\u0161anu.<\/p>\n<p><strong><img decoding=\"async\" style=\"margin-right: 12px;\" src=\"https:\/\/www.ferberpainting.com\/wp-content\/uploads\/2026\/02\/Check.svg\" alt=\"\" width=\"18\" height=\"15\" \/>Vienk\u0101r\u0161a un \u0101tra lieto\u0161ana garant\u0113tiem rezult\u0101tiem.<\/strong>\u00a0At\u0161\u0137ir\u012bb\u0101 no \u0161\u0137idrajiem m\u0113slo\u0161anas l\u012bdzek\u013ciem, kam nepiecie\u0161amas prec\u012bzas devas un \u016bdens sajauk\u0161ana, \u0161is m\u0113slojums tiek lietots tie\u0161i augsn\u0113. Nav nepiecie\u0161ams \u012bpa\u0161s apr\u012bkojums, vienk\u0101r\u0161i izkaisiet m\u0113slojumu ap augiem un viegli iestr\u0101d\u0101jiet to augsn\u0113. T\u0101 lieto\u0161ana ir pieejama ikvienam, neatkar\u012bgi no t\u0101, vai esat d\u0101rznieks hobijs vai profesion\u0101lis.<\/p>\n<p><strong><img decoding=\"async\" style=\"margin-right: 12px;\" src=\"https:\/\/www.ferberpainting.com\/wp-content\/uploads\/2026\/02\/Check.svg\" alt=\"\" width=\"18\" height=\"15\" \/>Ilgtsp\u0113j\u012bga r\u012bc\u012bba, lai ieg\u016btu bag\u0101t\u012bgu ra\u017eu un kvalitat\u012bvus bumbu\u013cus.<\/strong>\u00a0Pateicoties l\u0113nai un viendab\u012bgai izdal\u012b\u0161anai, \u0161is m\u0113slojums nodro\u0161ina pak\u0101penisku bar\u012bbas vielu pieg\u0101di, \u013caujot kartupe\u013cu augus barot vis\u0101 to aug\u0161anas cikl\u0101. Tas veicina labi kalibr\u0113tu bumbu\u013cu veido\u0161anos ar cieti bag\u0101tu cietes saturu un stingru m\u012bkstumu, kas uzlabo nov\u0101kto kartupe\u013cu uzglab\u0101\u0161anu un gar\u0161as kvalit\u0101ti.<\/p>\n<p><strong><img decoding=\"async\" style=\"margin-right: 12px;\" src=\"https:\/\/www.ferberpainting.com\/wp-content\/uploads\/2026\/02\/Check.svg\" alt=\"\" width=\"18\" height=\"15\" \/>\u0100tri un efekt\u012bvi rezult\u0101ti, kas redzami da\u017eu ned\u0113\u013cu laik\u0101.<\/strong>\u00a0Pirmaj\u0101s ned\u0113\u013c\u0101s p\u0113c lieto\u0161anas j\u016bs nov\u0113rosiet sp\u0113c\u012bg\u0101ku lapu aug\u0161anu, labi veidojo\u0161us bumbu\u013cus un sp\u0113c\u012bgus, iztur\u012bgus stubl\u0101jus. Bumbu\u013ci augs \u0101tri un vienm\u0113r\u012bgi, k\u0101 rezult\u0101t\u0101 iev\u0113rojami palielin\u0101sies ra\u017ea, produkcija b\u016bs kvalitat\u012bv\u0101ka un ra\u017ea b\u016bs apmierin\u0101t\u0101ka.<\/p>\n<h2><strong>Lieto\u0161anas protokols<\/strong><\/h2>\n<p><strong>Ieteicam\u0101 deva :<\/strong><\/p>\n<ul>\n<li><strong>Pirms st\u0101d\u012b\u0161anas <\/strong>: izkl\u0101jiet 200 g m\u0113slojuma uz kvadr\u0101tmetru un iestr\u0101d\u0101jiet to augsn\u0113, izmantojot gr\u0101bekli vai nagu.<\/li>\n<li><strong>Veicot ka\u013c\u0137o\u0161anu (p\u0113c augu par\u0101d\u012b\u0161an\u0101s) <\/strong>: virsmu apberiet ar 100 g m\u0113slojuma uz kvadr\u0101tmetru un viegli aplaistiet, lai aktiviz\u0113tu bar\u012bbas vielu uzs\u016bk\u0161anos.<\/li>\n<li><strong>kult\u016braugu aug\u0161anas laik\u0101 (p\u0113c izv\u0113les, lai ieg\u016btu lab\u0101ku ra\u017eu). <\/strong>: atk\u0101rtot m\u0113slo\u0161anu p\u0113c augu zied\u0113\u0161anas, pievienojot 100 g m\u0113slojuma uz kvadr\u0101tmetru.<\/li>\n<\/ul>\n<p><strong>Lieto\u0161anas bie\u017eums :<\/strong><\/p>\n<ul>\n<li>Viens uzkl\u0101jums augsnes sagatavo\u0161anas laik\u0101 nodro\u0161ina labu s\u0101kotn\u0113jo baro\u0161anu.<\/li>\n<li>Papildu ieguld\u012bjums rievo\u0161anas laik\u0101 optimiz\u0113 aug\u0161anu un bumbu\u013cu veido\u0161anos.<\/li>\n<li>P\u0113d\u0113j\u0101 apstr\u0101de aug\u0161anas laik\u0101 pal\u012bdz uzlabot kartupe\u013cu lielumu un ra\u017eu.<\/li>\n<\/ul>\n<p><strong>Pieteik\u0161an\u0101s metode:<\/strong><\/p>\n<ul>\n<li>M\u0113slojumu izklied\u0113jiet tie\u0161i uz augsnes, ap augiem vai st\u0101d\u012bjuma vag\u0101s.<\/li>\n<li>Viegli iestr\u0101d\u0101jiet to augsn\u0113 ar gr\u0101bekli vai nagu, lai veicin\u0101tu augsnes uzs\u016bk\u0161anos.<\/li>\n<li>P\u0113c m\u0113slo\u0161anas, \u012bpa\u0161i, ja augsne ir sausa, aplaistiet, lai veicin\u0101tu bar\u012bbas vielu izdal\u012b\u0161anos.<\/li>\n<\/ul>\n<p><strong>Lieto\u0161anas piesardz\u012bbas pas\u0101kumi :<\/strong><\/p>\n<ul>\n<li>Nep\u0101rdoz\u0113jiet, lai izvair\u012btos no sl\u0101pek\u013ca p\u0101rpalikuma, kas var\u0113tu izrais\u012bt p\u0101r\u0101k sul\u012bgu lapotni uz bumbu\u013cu r\u0113\u0137ina.<\/li>\n<li>Nelietot uz sasalu\u0161as vai p\u0101rmitras augsnes, jo tas samazina m\u0113slojuma efektivit\u0101ti.<\/li>\n<li>Lai maisi\u0146\u0161 b\u016btu piln\u012bb\u0101 efekt\u012bvs, uzglab\u0101jiet to saus\u0101 viet\u0101, pasarg\u0101jot no mitruma.<\/li>\n<\/ul>\n<p>Ar \u0161o kartupe\u013cu m\u0113slojumu j\u016bs nodro\u0161in\u0101siet vesel\u012bgu aug\u0161anu, bag\u0101t\u012bgu ra\u017eu un augstas kvalit\u0101tes bumbu\u013cus. Pateicoties pak\u0101peniskai bar\u012bbas vielu atbr\u012bvo\u0161anai un vieglai lieto\u0161anai, tas ir ide\u0101ls risin\u0101jums, lai palielin\u0101tu produkcijas apjomu, vienlaikus saglab\u0101jot augsnes dabisko augl\u012bbu.<\/p>","protected":false},"excerpt":{"rendered":"<p>A fertilizer designed to optimize the growth and production of potatoes.\u00a0This fertilizer is specifically formulated to provide potato plants with the essential nutrients for their development. With a perfect balance of nitrogen (N), phosphorus (P), and potassium (K), with an NPK ratio of 10-10-10, it ensures vigorous leaf growth, optimal rooting, and abundant production of [&hellip;]<\/p>\n","protected":false},"featured_media":26641,"comment_status":"open","ping_status":"closed","template":"","meta":{"_uag_custom_page_level_css":"","site-sidebar-layout":"default","site-content-layout":"","ast-site-content-layout":"default","site-content-style":"default","site-sidebar-style":"default","ast-global-header-display":"","ast-banner-title-visibility":"","ast-main-header-display":"","ast-hfb-above-header-display":"","ast-hfb-below-header-display":"","ast-hfb-mobile-header-display":"","site-post-title":"","ast-breadcrumbs-content":"","ast-featured-img":"","footer-sml-layout":"","ast-disable-related-posts":"","theme-transparent-header-meta":"default","adv-header-id-meta":"","stick-header-meta":"","header-above-stick-meta":"","header-main-stick-meta":"","header-below-stick-meta":"","astra-migrate-meta-layouts":"set","ast-page-background-enabled":"default","ast-page-background-meta":{"desktop":{"background-color":"var(--ast-global-color-4)","background-image":"","background-repeat":"repeat","background-position":"center center","background-size":"auto","background-attachment":"scroll","background-type":"","background-media":"","overlay-type":"","overlay-color":"","overlay-opacity":"","overlay-gradient":""},"tablet":{"background-color":"","background-image":"","background-repeat":"repeat","background-position":"center center","background-size":"auto","background-attachment":"scroll","background-type":"","background-media":"","overlay-type":"","overlay-color":"","overlay-opacity":"","overlay-gradient":""},"mobile":{"background-color":"","background-image":"","background-repeat":"repeat","background-position":"center center","background-size":"auto","background-attachment":"scroll","background-type":"","background-media":"","overlay-type":"","overlay-color":"","overlay-opacity":"","overlay-gradient":""}},"ast-content-background-meta":{"desktop":{"background-color":"var(--ast-global-color-5)","background-image":"","background-repeat":"repeat","background-position":"center center","background-size":"auto","background-attachment":"scroll","background-type":"","background-media":"","overlay-type":"","overlay-color":"","overlay-opacity":"","overlay-gradient":""},"tablet":{"background-color":"var(--ast-global-color-5)","background-image":"","background-repeat":"repeat","background-position":"center center","background-size":"auto","background-attachment":"scroll","background-type":"","background-media":"","overlay-type":"","overlay-color":"","overlay-opacity":"","overlay-gradient":""},"mobile":{"background-color":"var(--ast-global-color-5)","background-image":"","background-repeat":"repeat","background-position":"center center","background-size":"auto","background-attachment":"scroll","background-type":"","background-media":"","overlay-type":"","overlay-color":"","overlay-opacity":"","overlay-gradient":""}}},"product_brand":[],"product_cat":[178],"product_tag":[],"class_list":{"0":"post-24796","1":"product","2":"type-product","3":"status-publish","4":"has-post-thumbnail","6":"product_cat-fertilizers","7":"desktop-align-left","8":"tablet-align-left","9":"mobile-align-left","11":"first","12":"instock","13":"taxable","14":"shipping-taxable","15":"purchasable","16":"product-type-simple"},"spectra_custom_meta":{"_visibility":["visible"],"_shopify_product_id":["9072137601269"],"_s2w_shopify_domain":["ferberpainting.myshopify.com"],"_shopify_variant_id":["46519520461045"],"_sku":["FPPOTATOFERTILIZER25"],"_regular_price":["39.00"],"_price":["39.00"],"_sale_price":[""],"_weight":["18.7"],"_thumbnail_id":["26641"],"_global_unique_id":["5056773817814"],"total_sales":["14"],"_tax_status":["taxable"],"_tax_class":[""],"_manage_stock":["no"],"_backorders":["no"],"_sold_individually":["no"],"_virtual":["no"],"_downloadable":["no"],"_download_limit":["-1"],"_download_expiry":["-1"],"_stock":[null],"_stock_status":["instock"],"_wc_average_rating":["5.00"],"_wc_review_count":["33"],"_product_version":["10.5.1"],"_wc_rating_count":["a:1:{i:5;i:33;}"],"_edit_lock":["1771223968:1"],"merchant-center-availability":["yes"],"merchant-center-category":["113"],"_edit_last":["1"],"_wp_page_template":["default"],"site-sidebar-layout":["default"],"ast-site-content-layout":["default"],"site-content-style":["default"],"site-sidebar-style":["default"],"theme-transparent-header-meta":["default"],"astra-migrate-meta-layouts":["set"],"_uag_css_file_name":["uag-css-24796.css"],"_elementor_page_assets":["a:0:{}"],"_uag_page_assets":["a:9:{s:3:\"css\";s:7133:\".uag-blocks-common-selector{z-index:var(--z-index-desktop) !important}@media(max-width: 976px){.uag-blocks-common-selector{z-index:var(--z-index-tablet) !important}}@media(max-width: 767px){.uag-blocks-common-selector{z-index:var(--z-index-mobile) !important}}.wp-block-uagb-image{display:flex}.wp-block-uagb-image__figure{position:relative;display:flex;flex-direction:column;max-width:100%;height:auto;margin:0}.wp-block-uagb-image__figure img{height:auto;display:flex;max-width:100%;transition:box-shadow .2s ease}.wp-block-uagb-image__figure>a{display:inline-block}.wp-block-uagb-image__figure figcaption{text-align:center;margin-top:.5em;margin-bottom:1em}.wp-block-uagb-image .components-placeholder.block-editor-media-placeholder .components-placeholder__instructions{align-self:center}.wp-block-uagb-image--align-left{text-align:left}.wp-block-uagb-image--align-right{text-align:right}.wp-block-uagb-image--align-center{text-align:center}.wp-block-uagb-image--align-full .wp-block-uagb-image__figure{margin-left:calc(50% - 50vw);margin-right:calc(50% - 50vw);max-width:100vw;width:100vw;height:auto}.wp-block-uagb-image--align-full .wp-block-uagb-image__figure img{height:auto;width:100% !important}.wp-block-uagb-image--align-wide .wp-block-uagb-image__figure img{height:auto;width:100%}.wp-block-uagb-image--layout-overlay__color-wrapper{position:absolute;left:0;top:0;right:0;bottom:0;opacity:.2;background:rgba(0,0,0,.5);transition:opacity .35s ease-in-out}.wp-block-uagb-image--layout-overlay-link{position:absolute;left:0;right:0;bottom:0;top:0}.wp-block-uagb-image--layout-overlay .wp-block-uagb-image__figure:hover .wp-block-uagb-image--layout-overlay__color-wrapper{opacity:1}.wp-block-uagb-image--layout-overlay__inner{position:absolute;left:15px;right:15px;bottom:15px;top:15px;display:flex;align-items:center;justify-content:center;flex-direction:column;border-color:#fff;transition:.35s ease-in-out}.wp-block-uagb-image--layout-overlay__inner.top-left,.wp-block-uagb-image--layout-overlay__inner.top-center,.wp-block-uagb-image--layout-overlay__inner.top-right{justify-content:flex-start}.wp-block-uagb-image--layout-overlay__inner.bottom-left,.wp-block-uagb-image--layout-overlay__inner.bottom-center,.wp-block-uagb-image--layout-overlay__inner.bottom-right{justify-content:flex-end}.wp-block-uagb-image--layout-overlay__inner.top-left,.wp-block-uagb-image--layout-overlay__inner.center-left,.wp-block-uagb-image--layout-overlay__inner.bottom-left{align-items:flex-start}.wp-block-uagb-image--layout-overlay__inner.top-right,.wp-block-uagb-image--layout-overlay__inner.center-right,.wp-block-uagb-image--layout-overlay__inner.bottom-right{align-items:flex-end}.wp-block-uagb-image--layout-overlay__inner .uagb-image-heading{color:#fff;transition:transform .35s,opacity .35s ease-in-out;transform:translate3d(0, 24px, 0);margin:0;line-height:1em}.wp-block-uagb-image--layout-overlay__inner .uagb-image-separator{width:30%;border-top-width:2px;border-top-color:#fff;border-top-style:solid;margin-bottom:10px;opacity:0;transition:transform .4s,opacity .4s ease-in-out;transform:translate3d(0, 30px, 0)}.wp-block-uagb-image--layout-overlay__inner .uagb-image-caption{opacity:0;overflow:visible;color:#fff;transition:transform .45s,opacity .45s ease-in-out;transform:translate3d(0, 35px, 0)}.wp-block-uagb-image--layout-overlay__inner:hover .uagb-image-heading,.wp-block-uagb-image--layout-overlay__inner:hover .uagb-image-separator,.wp-block-uagb-image--layout-overlay__inner:hover .uagb-image-caption{opacity:1;transform:translate3d(0, 0, 0)}.wp-block-uagb-image--effect-zoomin .wp-block-uagb-image__figure img,.wp-block-uagb-image--effect-zoomin .wp-block-uagb-image__figure .wp-block-uagb-image--layout-overlay__color-wrapper{transform:scale(1);transition:transform .35s ease-in-out}.wp-block-uagb-image--effect-zoomin .wp-block-uagb-image__figure:hover img,.wp-block-uagb-image--effect-zoomin .wp-block-uagb-image__figure:hover .wp-block-uagb-image--layout-overlay__color-wrapper{transform:scale(1.05)}.wp-block-uagb-image--effect-slide .wp-block-uagb-image__figure img,.wp-block-uagb-image--effect-slide .wp-block-uagb-image__figure .wp-block-uagb-image--layout-overlay__color-wrapper{width:calc(100% + 40px) !important;max-width:none !important;transform:translate3d(-40px, 0, 0);transition:transform .35s ease-in-out}.wp-block-uagb-image--effect-slide .wp-block-uagb-image__figure:hover img,.wp-block-uagb-image--effect-slide .wp-block-uagb-image__figure:hover .wp-block-uagb-image--layout-overlay__color-wrapper{transform:translate3d(0, 0, 0)}.wp-block-uagb-image--effect-grayscale img{filter:grayscale(0%);transition:.35s ease-in-out}.wp-block-uagb-image--effect-grayscale:hover img{filter:grayscale(100%)}.wp-block-uagb-image--effect-blur img{filter:blur(0);transition:.35s ease-in-out}.wp-block-uagb-image--effect-blur:hover img{filter:blur(3px)}.uagb-block-e6f939b3.wp-block-uagb-image--layout-default figure img{box-shadow: 0px 0px 0 #00000070;}.uagb-block-e6f939b3.wp-block-uagb-image .wp-block-uagb-image__figure figcaption{font-style: normal;align-self: center;}.uagb-block-e6f939b3.wp-block-uagb-image--layout-overlay figure img{box-shadow: 0px 0px 0 #00000070;}.uagb-block-e6f939b3.wp-block-uagb-image--layout-overlay .wp-block-uagb-image--layout-overlay__color-wrapper{opacity: 0.2;}.uagb-block-e6f939b3.wp-block-uagb-image--layout-overlay .wp-block-uagb-image--layout-overlay__inner{left: 15px;right: 15px;top: 15px;bottom: 15px;}.uagb-block-e6f939b3.wp-block-uagb-image--layout-overlay .wp-block-uagb-image--layout-overlay__inner .uagb-image-heading{font-style: normal;color: #fff;opacity: 1;}.uagb-block-e6f939b3.wp-block-uagb-image--layout-overlay .wp-block-uagb-image--layout-overlay__inner .uagb-image-heading a{color: #fff;}.uagb-block-e6f939b3.wp-block-uagb-image--layout-overlay .wp-block-uagb-image--layout-overlay__inner .uagb-image-caption{opacity: 0;}.uagb-block-e6f939b3.wp-block-uagb-image--layout-overlay .wp-block-uagb-image__figure:hover .wp-block-uagb-image--layout-overlay__color-wrapper{opacity: 1;}.uagb-block-e6f939b3.wp-block-uagb-image .wp-block-uagb-image--layout-overlay__inner .uagb-image-separator{width: 30%;border-top-width: 2px;border-top-color: #fff;opacity: 0;}.uagb-block-e6f939b3.wp-block-uagb-image .wp-block-uagb-image__figure img{width: px;height: auto;}.uagb-block-e6f939b3.wp-block-uagb-image .wp-block-uagb-image__figure:hover .wp-block-uagb-image--layout-overlay__inner .uagb-image-caption{opacity: 1;}.uagb-block-e6f939b3.wp-block-uagb-image .wp-block-uagb-image__figure:hover .wp-block-uagb-image--layout-overlay__inner .uagb-image-separator{opacity: 1;}.uagb-block-e6f939b3.wp-block-uagb-image--layout-default figure:hover img{box-shadow: 0px 0px 0 #00000070;}.uagb-block-e6f939b3.wp-block-uagb-image--layout-overlay figure:hover img{box-shadow: 0px 0px 0 #00000070;}@media only screen and (max-width: 976px) {.uagb-block-e6f939b3.wp-block-uagb-image .wp-block-uagb-image__figure img{width: px;height: auto;}}@media only screen and (max-width: 767px) {.uagb-block-e6f939b3.wp-block-uagb-image .wp-block-uagb-image__figure img{width: px;height: auto;}}\";s:2:\"js\";s:0:\"\";s:18:\"current_block_list\";a:13:{i:0;s:11:\"core\/search\";i:1;s:10:\"core\/group\";i:2;s:12:\"core\/heading\";i:3;s:17:\"core\/latest-posts\";i:4;s:20:\"core\/latest-comments\";i:5;s:13:\"core\/archives\";i:6;s:15:\"core\/categories\";i:7;s:14:\"core\/paragraph\";i:8;s:10:\"uagb\/image\";i:9;s:11:\"core\/spacer\";i:10;s:30:\"woocommerce\/product-categories\";i:11;s:10:\"core\/image\";i:12;s:14:\"core\/shortcode\";}s:8:\"uag_flag\";b:1;s:11:\"uag_version\";s:10:\"1777318772\";s:6:\"gfonts\";a:0:{}s:10:\"gfonts_url\";s:0:\"\";s:12:\"gfonts_files\";a:0:{}s:14:\"uag_faq_layout\";b:0;}"]},"uagb_featured_image_src":{"full":["https:\/\/www.ferberpainting.com\/wp-content\/uploads\/2025\/05\/PotatoFertilizer.png",2560,2560,false],"thumbnail":["https:\/\/www.ferberpainting.com\/wp-content\/uploads\/2025\/05\/PotatoFertilizer-150x150.png",150,150,true],"medium":["https:\/\/www.ferberpainting.com\/wp-content\/uploads\/2025\/05\/PotatoFertilizer-300x300.png",300,300,true],"medium_large":["https:\/\/www.ferberpainting.com\/wp-content\/uploads\/2025\/05\/PotatoFertilizer-768x768.png",768,768,true],"large":["https:\/\/www.ferberpainting.com\/wp-content\/uploads\/2025\/05\/PotatoFertilizer-1024x1024.png",1024,1024,true],"1536x1536":["https:\/\/www.ferberpainting.com\/wp-content\/uploads\/2025\/05\/PotatoFertilizer-1536x1536.png",1536,1536,true],"2048x2048":["https:\/\/www.ferberpainting.com\/wp-content\/uploads\/2025\/05\/PotatoFertilizer-2048x2048.png",2048,2048,true],"trp-custom-language-flag":["https:\/\/www.ferberpainting.com\/wp-content\/uploads\/2025\/05\/PotatoFertilizer-12x12.png",12,12,true],"woocommerce_thumbnail":["https:\/\/www.ferberpainting.com\/wp-content\/uploads\/2025\/05\/PotatoFertilizer-300x300.png",300,300,true],"woocommerce_single":["https:\/\/www.ferberpainting.com\/wp-content\/uploads\/2025\/05\/PotatoFertilizer-600x600.png",600,600,true],"woocommerce_gallery_thumbnail":["https:\/\/www.ferberpainting.com\/wp-content\/uploads\/2025\/05\/PotatoFertilizer-100x100.png",100,100,true]},"uagb_author_info":{"display_name":"admin","author_link":"https:\/\/www.ferberpainting.com\/lv\/author\/"},"uagb_comment_info":33,"uagb_excerpt":"A fertilizer designed to optimize the growth and production of potatoes.\u00a0This fertilizer is specifically formulated to provide potato plants with the essential nutrients for their development. With a perfect balance of nitrogen (N), phosphorus (P), and potassium (K), with an NPK ratio of 10-10-10, it ensures vigorous leaf growth, optimal rooting, and abundant production of&hellip;","_links":{"self":[{"href":"https:\/\/www.ferberpainting.com\/lv\/wp-json\/wp\/v2\/product\/24796","targetHints":{"allow":["GET"]}}],"collection":[{"href":"https:\/\/www.ferberpainting.com\/lv\/wp-json\/wp\/v2\/product"}],"about":[{"href":"https:\/\/www.ferberpainting.com\/lv\/wp-json\/wp\/v2\/types\/product"}],"replies":[{"embeddable":true,"href":"https:\/\/www.ferberpainting.com\/lv\/wp-json\/wp\/v2\/comments?post=24796"}],"version-history":[{"count":4,"href":"https:\/\/www.ferberpainting.com\/lv\/wp-json\/wp\/v2\/product\/24796\/revisions"}],"predecessor-version":[{"id":166994,"href":"https:\/\/www.ferberpainting.com\/lv\/wp-json\/wp\/v2\/product\/24796\/revisions\/166994"}],"wp:featuredmedia":[{"embeddable":true,"href":"https:\/\/www.ferberpainting.com\/lv\/wp-json\/wp\/v2\/media\/26641"}],"wp:attachment":[{"href":"https:\/\/www.ferberpainting.com\/lv\/wp-json\/wp\/v2\/media?parent=24796"}],"wp:term":[{"taxonomy":"product_brand","embeddable":true,"href":"https:\/\/www.ferberpainting.com\/lv\/wp-json\/wp\/v2\/product_brand?post=24796"},{"taxonomy":"product_cat","embeddable":true,"href":"https:\/\/www.ferberpainting.com\/lv\/wp-json\/wp\/v2\/product_cat?post=24796"},{"taxonomy":"product_tag","embeddable":true,"href":"https:\/\/www.ferberpainting.com\/lv\/wp-json\/wp\/v2\/product_tag?post=24796"}],"curies":[{"name":"wp","href":"https:\/\/api.w.org\/{rel}","templated":true}]}}