{"id":24778,"date":"2025-05-26T10:27:07","date_gmt":"2025-05-26T08:27:07","guid":{"rendered":"https:\/\/www.ferberpainting.com\/products\/plaster-hardener\/"},"modified":"2026-02-16T07:09:16","modified_gmt":"2026-02-16T06:09:16","slug":"plaster-hardener","status":"publish","type":"product","link":"https:\/\/www.ferberpainting.com\/lv\/products\/plaster-hardener\/","title":{"rendered":"\u0122ip\u0161a cietin\u0101t\u0101js"},"content":{"rendered":"<p><strong><img decoding=\"async\" style=\"margin-right: 12px;\" src=\"https:\/\/www.ferberpainting.com\/wp-content\/uploads\/2026\/02\/Check.svg\" alt=\"\" width=\"18\" height=\"15\" \/>\u0122ip\u0161a stiprin\u0101\u0161ana un pastiprin\u0101\u0161ana.<\/strong>\u00a0\u0160is apmetuma cietin\u0101t\u0101js ir \u012bpa\u0161i izstr\u0101d\u0101ts, lai uzlabotu apmetuma virsmu stipr\u012bbu un iztur\u012bbu. Tas iek\u013c\u016bst dzi\u013ci materi\u0101la strukt\u016br\u0101, samazinot t\u0101 porain\u012bbu un iev\u0113rojami palielinot ciet\u012bbu. Ide\u0101li piem\u0113rots skulpt\u016br\u0101m, veidn\u0113m, p\u0101rkl\u0101jumiem un vis\u0101m \u0123ip\u0161a virsm\u0101m, kur\u0101m nepiecie\u0161ams ilgsto\u0161s stiprin\u0101jums.<\/p>\n<p><strong><img decoding=\"async\" style=\"margin-right: 12px;\" src=\"https:\/\/www.ferberpainting.com\/wp-content\/uploads\/2026\/02\/Check.svg\" alt=\"\" width=\"18\" height=\"15\" \/>Naudas atmaksas garantija.<\/strong>\u00a0M\u0113s esam piln\u012bgi p\u0101rliecin\u0101ti par m\u016bsu \u0123ip\u0161a cietin\u0101t\u0101ja efektivit\u0101ti. T\u0101p\u0113c m\u0113s pied\u0101v\u0101jam naudas atmaksas garantiju. Ja p\u0113c lieto\u0161anas saska\u0146\u0101 ar ieteikumiem produkts piln\u012bb\u0101 neatbild\u012bs j\u016bsu gaid\u012btajam, varat piepras\u012bt atmaks\u0101t naudu bez nosac\u012bjumiem, t\u0101d\u0113j\u0101di nodro\u0161inot pirkumu bez riska.<\/p>\n<p><strong><img decoding=\"async\" style=\"margin-right: 12px;\" src=\"https:\/\/www.ferberpainting.com\/wp-content\/uploads\/2026\/02\/Check.svg\" alt=\"\" width=\"18\" height=\"15\" \/>Sader\u012bgs ar da\u017e\u0101d\u0101m miner\u0101lu virsm\u0101m.<\/strong>\u00a0\u0160is cietin\u0101t\u0101js nav paredz\u0113ts tikai apmetumam; tas ir efekt\u012bvs ar\u012b uz ka\u013c\u0137a b\u0101zes veidotiem p\u0101rkl\u0101jumiem, apmetuma, porain\u0101 betona un da\u017e\u0101m javas virsm\u0101m. Tas ir piem\u0113rots gan renov\u0101cijas darbiem, gan m\u0101kslinieciskiem vai arhitektoniskiem darbiem, nodro\u0161inot daudzpus\u012bgu risin\u0101jumu da\u017e\u0101du miner\u0101lu pamatu nostiprin\u0101\u0161anai un stabiliz\u0113\u0161anai.<\/p>\n<p><strong><img decoding=\"async\" style=\"margin-right: 12px;\" src=\"https:\/\/www.ferberpainting.com\/wp-content\/uploads\/2026\/02\/Check.svg\" alt=\"\" width=\"18\" height=\"15\" \/>Optimiz\u0113ts ekonomiskais segums.<\/strong>\u00a0Pateicoties t\u0101 koncentr\u0113tajai formulai, ar 1 litru produkta var apstr\u0101d\u0101t no 3 l\u012bdz 5 m\u00b2, atkar\u012bb\u0101 no virsmas porain\u012bbas un biezuma. To var uzkl\u0101t vien\u0101 vai vair\u0101kos sl\u0101\u0146os, lai p\u0113c vajadz\u012bbas piel\u0101gotu cietin\u0101\u0161anas efektu, nodro\u0161inot rentablu un efekt\u012bvu lieto\u0161anu.<\/p>\n<p><strong><img decoding=\"async\" style=\"margin-right: 12px;\" src=\"https:\/\/www.ferberpainting.com\/wp-content\/uploads\/2026\/02\/Check.svg\" alt=\"\" width=\"18\" height=\"15\" \/>Dro\u0161s un netoksisks produkts.<\/strong>\u00a0\u0160is cietin\u0101t\u0101js ir veidots bez kait\u012bgiem \u0161\u0137\u012bdin\u0101t\u0101jiem un neizdala toksiskus izgarojumus. Tas ir dro\u0161s lietot\u0101jiem un apk\u0101rt\u0113jai videi, un to var lietot bez \u012bpa\u0161iem aizsardz\u012bbas l\u012bdzek\u013ciem. To var lietot gan telp\u0101s, gan \u0101rpus telp\u0101m, neradot risku gaisa kvalit\u0101tei vai blakus eso\u0161aj\u0101m virsm\u0101m.<\/p>\n<p><strong><img decoding=\"async\" style=\"margin-right: 12px;\" src=\"https:\/\/www.ferberpainting.com\/wp-content\/uploads\/2026\/02\/Check.svg\" alt=\"\" width=\"18\" height=\"15\" \/>Viegla lieto\u0161ana un \u0101tra ievie\u0161ana.<\/strong>\u00a0\u0160is produkts ir gatavs lieto\u0161anai, un tas nav iepriek\u0161 j\u0101sajauc. To var uzkl\u0101t vienk\u0101r\u0161i ar otu, rull\u012bti vai smidzin\u0101t\u0101ju, \u0101tri iek\u013c\u016bstot apmetum\u0101, lai nostiprin\u0101tu t\u0101 strukt\u016bru, nemainot izskatu. T\u0101 vienm\u0113r\u012bg\u0101 un vienm\u0113r\u012bg\u0101 uzkl\u0101\u0161ana padara to piem\u0113rotu gan profesion\u0101\u013ciem, gan pa\u0161darbniekiem.<\/p>\n<p><strong><img decoding=\"async\" style=\"margin-right: 12px;\" src=\"https:\/\/www.ferberpainting.com\/wp-content\/uploads\/2026\/02\/Check.svg\" alt=\"\" width=\"18\" height=\"15\" \/>Uzlabota \u0123ip\u0161a iztur\u012bba un iztur\u012bba.<\/strong>\u00a0P\u0113c uzkl\u0101\u0161anas un iz\u017e\u016b\u0161anas \u0161is cietin\u0101t\u0101js nodro\u0161ina ilgsto\u0161u aizsardz\u012bbu pret nodilumu, plais\u0101m un meh\u0101niskiem triecieniem. Tas iev\u0113rojami uzlabo apmetuma notur\u012bbu pret apstr\u0101di un \u0101r\u0113jo agresiju, nodro\u0161inot, ka apstr\u0101d\u0101t\u0101s virsmas gadiem ilgi saglab\u0101 savu integrit\u0101ti un nav nepiecie\u0161ama bie\u017ea apkope.<\/p>\n<p><strong><img decoding=\"async\" style=\"margin-right: 12px;\" src=\"https:\/\/www.ferberpainting.com\/wp-content\/uploads\/2026\/02\/Check.svg\" alt=\"\" width=\"18\" height=\"15\" \/>\u0100tra \u017e\u0101v\u0113\u0161ana nodro\u0161ina iev\u0113rojamu laika ietaup\u012bjumu.<\/strong>\u00a0\u0160is cietin\u0101t\u0101js ir izstr\u0101d\u0101ts t\u0101, lai \u0101tri ies\u016bktos apmetum\u0101 un no\u017e\u016btu da\u017eu stundu laik\u0101 atkar\u012bb\u0101 no virsmas uzs\u016bk\u0161an\u0101s pak\u0101pes. Tas pal\u012bdz pa\u0101trin\u0101t apdares laiku, padarot apmetumu iztur\u012bg\u0101ku, nepal\u0113ninot projekta gaitu. T\u0101 \u0101tr\u0101 efektivit\u0101te ir ide\u0101li piem\u0113rota b\u016bvlaukumos, kur laiks ir galvenais faktors.<\/p>\n<h2><strong>Lieto\u0161anas protokols<\/strong><\/h2>\n<ul>\n<li><strong>Virsmas sagatavo\u0161ana <\/strong>: Pirms uzkl\u0101\u0161anas p\u0101rliecinieties, ka apmetuma virsma ir t\u012bra, sausa un bez putek\u013ciem. Ja ir kr\u0101sas paliekas vai net\u012brumi, not\u012briet \u0161o vietu, lai nodro\u0161in\u0101tu lab\u0101ku produkta iek\u013c\u016b\u0161anu.<\/li>\n<li><strong>Ieteicam\u0101s devas <\/strong>: Atkar\u012bb\u0101 no apmetuma porain\u012bbas un nepiecie\u0161am\u0101 saciet\u0113\u0161anas pak\u0101pes uzkl\u0101t 0,2-0,5 l uz m\u00b2. Vieglai pastiprin\u0101\u0161anai var pietikt ar vienu k\u0101rtu, bet otra k\u0101rta v\u0113l vair\u0101k nostiprin\u0101s strukt\u016bru.<\/li>\n<li><strong>Cietin\u0101t\u0101ja lieto\u0161ana <\/strong>: Uzkl\u0101jiet l\u012bdzekli ar otu, rull\u012bti vai smidzin\u0101t\u0101ju, nodro\u0161inot vienm\u0113r\u012bgu p\u0101rkl\u0101jumu uz visas virsmas. Str\u0101d\u0101t pa da\u013c\u0101m, lai izvair\u012btos no priek\u0161laic\u012bgas iz\u017e\u016b\u0161anas, pirms produkts ir pien\u0101c\u012bgi ies\u016bcies.<\/li>\n<li><strong>Absorbcijas laiks <\/strong>: \u013baujiet produktam ies\u016bkties apmetum\u0101 10 l\u012bdz 30 min\u016btes. Ja uzkl\u0101j uz \u013coti porainas virsmas, p\u0113c pirm\u0101s k\u0101rtas uzs\u016bk\u0161an\u0101s var uzkl\u0101t otru k\u0101rtu.<\/li>\n<li><strong>Piln\u012bga \u017e\u0101v\u0113\u0161ana <\/strong>: Pirms apdares (kr\u0101sas, p\u0101rkl\u0101juma vai lakas) uzkl\u0101\u0161anas \u013caujiet tai no\u017e\u016bt 12 l\u012bdz 24 stundas. Izvairieties no p\u0101rm\u0113r\u012bgas saskares vai sl\u012bp\u0113\u0161anas, pirms produkts ir piln\u012bb\u0101 saciet\u0113jis.<\/li>\n<li><strong>Uztur\u0113\u0161ana un apdare <\/strong>: Kad apmetums ir saciet\u0113jis, to p\u0113c vajadz\u012bbas var sl\u012bp\u0113t, kr\u0101sot vai p\u0101rkl\u0101t ar p\u0101rkl\u0101jumu. \u0160is cietin\u0101t\u0101js ar\u012b uzlabo kr\u0101su un laku adh\u0113ziju, nodro\u0161inot optim\u0101lu un notur\u012bgu apdari.<\/li>\n<li><strong>Instrumentu t\u012br\u012b\u0161ana <\/strong>: P\u0113c uzkl\u0101\u0161anas nekav\u0113joties not\u012briet instrumentus ar t\u012bru \u016bdeni, lai nov\u0113rstu produkta saciet\u0113\u0161anu un pagarin\u0101tu izmantoto iek\u0101rtu kalpo\u0161anas laiku.<\/li>\n<\/ul>","protected":false},"excerpt":{"rendered":"<p>Plaster Strengthening and Reinforcement.\u00a0This plaster hardener is specifically designed to improve the strength and durability of plaster surfaces. It penetrates deep into the material\u2019s structure, reducing its porosity and significantly increasing its hardness. Ideal for sculptures, moldings, coatings, and all plaster surfaces requiring long-lasting reinforcement. Money-back Guarantee.\u00a0We have complete confidence in the effectiveness of our [&hellip;]<\/p>\n","protected":false},"featured_media":26631,"comment_status":"open","ping_status":"closed","template":"","meta":{"_uag_custom_page_level_css":"","site-sidebar-layout":"default","site-content-layout":"","ast-site-content-layout":"default","site-content-style":"default","site-sidebar-style":"default","ast-global-header-display":"","ast-banner-title-visibility":"","ast-main-header-display":"","ast-hfb-above-header-display":"","ast-hfb-below-header-display":"","ast-hfb-mobile-header-display":"","site-post-title":"","ast-breadcrumbs-content":"","ast-featured-img":"","footer-sml-layout":"","ast-disable-related-posts":"","theme-transparent-header-meta":"default","adv-header-id-meta":"","stick-header-meta":"","header-above-stick-meta":"","header-main-stick-meta":"","header-below-stick-meta":"","astra-migrate-meta-layouts":"set","ast-page-background-enabled":"default","ast-page-background-meta":{"desktop":{"background-color":"var(--ast-global-color-4)","background-image":"","background-repeat":"repeat","background-position":"center center","background-size":"auto","background-attachment":"scroll","background-type":"","background-media":"","overlay-type":"","overlay-color":"","overlay-opacity":"","overlay-gradient":""},"tablet":{"background-color":"","background-image":"","background-repeat":"repeat","background-position":"center center","background-size":"auto","background-attachment":"scroll","background-type":"","background-media":"","overlay-type":"","overlay-color":"","overlay-opacity":"","overlay-gradient":""},"mobile":{"background-color":"","background-image":"","background-repeat":"repeat","background-position":"center center","background-size":"auto","background-attachment":"scroll","background-type":"","background-media":"","overlay-type":"","overlay-color":"","overlay-opacity":"","overlay-gradient":""}},"ast-content-background-meta":{"desktop":{"background-color":"var(--ast-global-color-5)","background-image":"","background-repeat":"repeat","background-position":"center center","background-size":"auto","background-attachment":"scroll","background-type":"","background-media":"","overlay-type":"","overlay-color":"","overlay-opacity":"","overlay-gradient":""},"tablet":{"background-color":"var(--ast-global-color-5)","background-image":"","background-repeat":"repeat","background-position":"center center","background-size":"auto","background-attachment":"scroll","background-type":"","background-media":"","overlay-type":"","overlay-color":"","overlay-opacity":"","overlay-gradient":""},"mobile":{"background-color":"var(--ast-global-color-5)","background-image":"","background-repeat":"repeat","background-position":"center center","background-size":"auto","background-attachment":"scroll","background-type":"","background-media":"","overlay-type":"","overlay-color":"","overlay-opacity":"","overlay-gradient":""}}},"product_brand":[],"product_cat":[176],"product_tag":[],"class_list":{"0":"post-24778","1":"product","2":"type-product","3":"status-publish","4":"has-post-thumbnail","6":"product_cat-concrete-treatment","7":"desktop-align-left","8":"tablet-align-left","9":"mobile-align-left","11":"first","12":"instock","13":"sale","14":"shipping-taxable","15":"purchasable","16":"product-type-variable","17":"has-default-attributes"},"spectra_custom_meta":{"_visibility":["visible"],"_shopify_product_id":["9059468214517"],"_s2w_shopify_domain":["ferberpainting.myshopify.com"],"_shopify_variant_id":["46481205952757"],"_sku":[""],"_manage_stock":["no"],"total_sales":["22"],"_tax_status":["taxable"],"_tax_class":[""],"_backorders":["no"],"_sold_individually":["no"],"_virtual":["no"],"_downloadable":["no"],"_download_limit":["-1"],"_download_expiry":["-1"],"_stock":[null],"_stock_status":["instock"],"_wc_average_rating":["4.50"],"_wc_review_count":["6"],"_product_attributes":["a:1:{s:6:\"volume\";a:6:{s:4:\"name\";s:6:\"Volume\";s:5:\"value\";s:20:\"5 liters | 25 liters\";s:8:\"position\";i:1;s:10:\"is_visible\";i:0;s:12:\"is_variation\";i:1;s:11:\"is_taxonomy\";i:0;}}"],"_product_version":["10.5.1"],"_thumbnail_id":["26631"],"_product_image_gallery":["26632"],"wpse_downloadable_file_names":[""],"wpse_downloadable_file_urls":[""],"_edit_last":["1"],"_default_attributes":["a:1:{s:6:\"volume\";s:8:\"5 liters\";}"],"_edit_lock":["1771222019:1"],"_price":["29.90","129.90"],"merchant-center-availability":["yes"],"merchant-center-category":["2277"],"_wp_page_template":["default"],"site-sidebar-layout":["default"],"ast-site-content-layout":["default"],"site-content-style":["default"],"site-sidebar-style":["default"],"theme-transparent-header-meta":["default"],"_wc_rating_count":["a:2:{i:4;i:3;i:5;i:3;}"],"astra-migrate-meta-layouts":["set"],"_uag_css_file_name":["uag-css-24778.css"],"_elementor_page_assets":["a:0:{}"],"_uag_page_assets":["a:9:{s:3:\"css\";s:7133:\".uag-blocks-common-selector{z-index:var(--z-index-desktop) !important}@media(max-width: 976px){.uag-blocks-common-selector{z-index:var(--z-index-tablet) !important}}@media(max-width: 767px){.uag-blocks-common-selector{z-index:var(--z-index-mobile) !important}}.wp-block-uagb-image{display:flex}.wp-block-uagb-image__figure{position:relative;display:flex;flex-direction:column;max-width:100%;height:auto;margin:0}.wp-block-uagb-image__figure img{height:auto;display:flex;max-width:100%;transition:box-shadow .2s ease}.wp-block-uagb-image__figure>a{display:inline-block}.wp-block-uagb-image__figure figcaption{text-align:center;margin-top:.5em;margin-bottom:1em}.wp-block-uagb-image .components-placeholder.block-editor-media-placeholder .components-placeholder__instructions{align-self:center}.wp-block-uagb-image--align-left{text-align:left}.wp-block-uagb-image--align-right{text-align:right}.wp-block-uagb-image--align-center{text-align:center}.wp-block-uagb-image--align-full .wp-block-uagb-image__figure{margin-left:calc(50% - 50vw);margin-right:calc(50% - 50vw);max-width:100vw;width:100vw;height:auto}.wp-block-uagb-image--align-full .wp-block-uagb-image__figure img{height:auto;width:100% !important}.wp-block-uagb-image--align-wide .wp-block-uagb-image__figure img{height:auto;width:100%}.wp-block-uagb-image--layout-overlay__color-wrapper{position:absolute;left:0;top:0;right:0;bottom:0;opacity:.2;background:rgba(0,0,0,.5);transition:opacity .35s ease-in-out}.wp-block-uagb-image--layout-overlay-link{position:absolute;left:0;right:0;bottom:0;top:0}.wp-block-uagb-image--layout-overlay .wp-block-uagb-image__figure:hover .wp-block-uagb-image--layout-overlay__color-wrapper{opacity:1}.wp-block-uagb-image--layout-overlay__inner{position:absolute;left:15px;right:15px;bottom:15px;top:15px;display:flex;align-items:center;justify-content:center;flex-direction:column;border-color:#fff;transition:.35s ease-in-out}.wp-block-uagb-image--layout-overlay__inner.top-left,.wp-block-uagb-image--layout-overlay__inner.top-center,.wp-block-uagb-image--layout-overlay__inner.top-right{justify-content:flex-start}.wp-block-uagb-image--layout-overlay__inner.bottom-left,.wp-block-uagb-image--layout-overlay__inner.bottom-center,.wp-block-uagb-image--layout-overlay__inner.bottom-right{justify-content:flex-end}.wp-block-uagb-image--layout-overlay__inner.top-left,.wp-block-uagb-image--layout-overlay__inner.center-left,.wp-block-uagb-image--layout-overlay__inner.bottom-left{align-items:flex-start}.wp-block-uagb-image--layout-overlay__inner.top-right,.wp-block-uagb-image--layout-overlay__inner.center-right,.wp-block-uagb-image--layout-overlay__inner.bottom-right{align-items:flex-end}.wp-block-uagb-image--layout-overlay__inner .uagb-image-heading{color:#fff;transition:transform .35s,opacity .35s ease-in-out;transform:translate3d(0, 24px, 0);margin:0;line-height:1em}.wp-block-uagb-image--layout-overlay__inner .uagb-image-separator{width:30%;border-top-width:2px;border-top-color:#fff;border-top-style:solid;margin-bottom:10px;opacity:0;transition:transform .4s,opacity .4s ease-in-out;transform:translate3d(0, 30px, 0)}.wp-block-uagb-image--layout-overlay__inner .uagb-image-caption{opacity:0;overflow:visible;color:#fff;transition:transform .45s,opacity .45s ease-in-out;transform:translate3d(0, 35px, 0)}.wp-block-uagb-image--layout-overlay__inner:hover .uagb-image-heading,.wp-block-uagb-image--layout-overlay__inner:hover .uagb-image-separator,.wp-block-uagb-image--layout-overlay__inner:hover .uagb-image-caption{opacity:1;transform:translate3d(0, 0, 0)}.wp-block-uagb-image--effect-zoomin .wp-block-uagb-image__figure img,.wp-block-uagb-image--effect-zoomin .wp-block-uagb-image__figure .wp-block-uagb-image--layout-overlay__color-wrapper{transform:scale(1);transition:transform .35s ease-in-out}.wp-block-uagb-image--effect-zoomin .wp-block-uagb-image__figure:hover img,.wp-block-uagb-image--effect-zoomin .wp-block-uagb-image__figure:hover .wp-block-uagb-image--layout-overlay__color-wrapper{transform:scale(1.05)}.wp-block-uagb-image--effect-slide .wp-block-uagb-image__figure img,.wp-block-uagb-image--effect-slide .wp-block-uagb-image__figure .wp-block-uagb-image--layout-overlay__color-wrapper{width:calc(100% + 40px) !important;max-width:none !important;transform:translate3d(-40px, 0, 0);transition:transform .35s ease-in-out}.wp-block-uagb-image--effect-slide .wp-block-uagb-image__figure:hover img,.wp-block-uagb-image--effect-slide .wp-block-uagb-image__figure:hover .wp-block-uagb-image--layout-overlay__color-wrapper{transform:translate3d(0, 0, 0)}.wp-block-uagb-image--effect-grayscale img{filter:grayscale(0%);transition:.35s ease-in-out}.wp-block-uagb-image--effect-grayscale:hover img{filter:grayscale(100%)}.wp-block-uagb-image--effect-blur img{filter:blur(0);transition:.35s ease-in-out}.wp-block-uagb-image--effect-blur:hover img{filter:blur(3px)}.uagb-block-e6f939b3.wp-block-uagb-image--layout-default figure img{box-shadow: 0px 0px 0 #00000070;}.uagb-block-e6f939b3.wp-block-uagb-image .wp-block-uagb-image__figure figcaption{font-style: normal;align-self: center;}.uagb-block-e6f939b3.wp-block-uagb-image--layout-overlay figure img{box-shadow: 0px 0px 0 #00000070;}.uagb-block-e6f939b3.wp-block-uagb-image--layout-overlay .wp-block-uagb-image--layout-overlay__color-wrapper{opacity: 0.2;}.uagb-block-e6f939b3.wp-block-uagb-image--layout-overlay .wp-block-uagb-image--layout-overlay__inner{left: 15px;right: 15px;top: 15px;bottom: 15px;}.uagb-block-e6f939b3.wp-block-uagb-image--layout-overlay .wp-block-uagb-image--layout-overlay__inner .uagb-image-heading{font-style: normal;color: #fff;opacity: 1;}.uagb-block-e6f939b3.wp-block-uagb-image--layout-overlay .wp-block-uagb-image--layout-overlay__inner .uagb-image-heading a{color: #fff;}.uagb-block-e6f939b3.wp-block-uagb-image--layout-overlay .wp-block-uagb-image--layout-overlay__inner .uagb-image-caption{opacity: 0;}.uagb-block-e6f939b3.wp-block-uagb-image--layout-overlay .wp-block-uagb-image__figure:hover .wp-block-uagb-image--layout-overlay__color-wrapper{opacity: 1;}.uagb-block-e6f939b3.wp-block-uagb-image .wp-block-uagb-image--layout-overlay__inner .uagb-image-separator{width: 30%;border-top-width: 2px;border-top-color: #fff;opacity: 0;}.uagb-block-e6f939b3.wp-block-uagb-image .wp-block-uagb-image__figure img{width: px;height: auto;}.uagb-block-e6f939b3.wp-block-uagb-image .wp-block-uagb-image__figure:hover .wp-block-uagb-image--layout-overlay__inner .uagb-image-caption{opacity: 1;}.uagb-block-e6f939b3.wp-block-uagb-image .wp-block-uagb-image__figure:hover .wp-block-uagb-image--layout-overlay__inner .uagb-image-separator{opacity: 1;}.uagb-block-e6f939b3.wp-block-uagb-image--layout-default figure:hover img{box-shadow: 0px 0px 0 #00000070;}.uagb-block-e6f939b3.wp-block-uagb-image--layout-overlay figure:hover img{box-shadow: 0px 0px 0 #00000070;}@media only screen and (max-width: 976px) {.uagb-block-e6f939b3.wp-block-uagb-image .wp-block-uagb-image__figure img{width: px;height: auto;}}@media only screen and (max-width: 767px) {.uagb-block-e6f939b3.wp-block-uagb-image .wp-block-uagb-image__figure img{width: px;height: auto;}}\";s:2:\"js\";s:0:\"\";s:18:\"current_block_list\";a:13:{i:0;s:11:\"core\/search\";i:1;s:10:\"core\/group\";i:2;s:12:\"core\/heading\";i:3;s:17:\"core\/latest-posts\";i:4;s:20:\"core\/latest-comments\";i:5;s:13:\"core\/archives\";i:6;s:15:\"core\/categories\";i:7;s:14:\"core\/paragraph\";i:8;s:10:\"uagb\/image\";i:9;s:11:\"core\/spacer\";i:10;s:30:\"woocommerce\/product-categories\";i:11;s:10:\"core\/image\";i:12;s:14:\"core\/shortcode\";}s:8:\"uag_flag\";b:1;s:11:\"uag_version\";s:10:\"1777102985\";s:6:\"gfonts\";a:0:{}s:10:\"gfonts_url\";s:0:\"\";s:12:\"gfonts_files\";a:0:{}s:14:\"uag_faq_layout\";b:0;}"]},"uagb_featured_image_src":{"full":["https:\/\/www.ferberpainting.com\/wp-content\/uploads\/2025\/05\/PlasterHardener5L.png",2560,2560,false],"thumbnail":["https:\/\/www.ferberpainting.com\/wp-content\/uploads\/2025\/05\/PlasterHardener5L-150x150.png",150,150,true],"medium":["https:\/\/www.ferberpainting.com\/wp-content\/uploads\/2025\/05\/PlasterHardener5L-300x300.png",300,300,true],"medium_large":["https:\/\/www.ferberpainting.com\/wp-content\/uploads\/2025\/05\/PlasterHardener5L-768x768.png",768,768,true],"large":["https:\/\/www.ferberpainting.com\/wp-content\/uploads\/2025\/05\/PlasterHardener5L-1024x1024.png",1024,1024,true],"1536x1536":["https:\/\/www.ferberpainting.com\/wp-content\/uploads\/2025\/05\/PlasterHardener5L-1536x1536.png",1536,1536,true],"2048x2048":["https:\/\/www.ferberpainting.com\/wp-content\/uploads\/2025\/05\/PlasterHardener5L-2048x2048.png",2048,2048,true],"trp-custom-language-flag":["https:\/\/www.ferberpainting.com\/wp-content\/uploads\/2025\/05\/PlasterHardener5L-12x12.png",12,12,true],"woocommerce_thumbnail":["https:\/\/www.ferberpainting.com\/wp-content\/uploads\/2025\/05\/PlasterHardener5L-300x300.png",300,300,true],"woocommerce_single":["https:\/\/www.ferberpainting.com\/wp-content\/uploads\/2025\/05\/PlasterHardener5L-600x600.png",600,600,true],"woocommerce_gallery_thumbnail":["https:\/\/www.ferberpainting.com\/wp-content\/uploads\/2025\/05\/PlasterHardener5L-100x100.png",100,100,true]},"uagb_author_info":{"display_name":"admin","author_link":"https:\/\/www.ferberpainting.com\/lv\/author\/"},"uagb_comment_info":6,"uagb_excerpt":"Plaster Strengthening and Reinforcement.\u00a0This plaster hardener is specifically designed to improve the strength and durability of plaster surfaces. It penetrates deep into the material\u2019s structure, reducing its porosity and significantly increasing its hardness. Ideal for sculptures, moldings, coatings, and all plaster surfaces requiring long-lasting reinforcement. Money-back Guarantee.\u00a0We have complete confidence in the effectiveness of our&hellip;","_links":{"self":[{"href":"https:\/\/www.ferberpainting.com\/lv\/wp-json\/wp\/v2\/product\/24778","targetHints":{"allow":["GET"]}}],"collection":[{"href":"https:\/\/www.ferberpainting.com\/lv\/wp-json\/wp\/v2\/product"}],"about":[{"href":"https:\/\/www.ferberpainting.com\/lv\/wp-json\/wp\/v2\/types\/product"}],"replies":[{"embeddable":true,"href":"https:\/\/www.ferberpainting.com\/lv\/wp-json\/wp\/v2\/comments?post=24778"}],"version-history":[{"count":4,"href":"https:\/\/www.ferberpainting.com\/lv\/wp-json\/wp\/v2\/product\/24778\/revisions"}],"predecessor-version":[{"id":166972,"href":"https:\/\/www.ferberpainting.com\/lv\/wp-json\/wp\/v2\/product\/24778\/revisions\/166972"}],"wp:featuredmedia":[{"embeddable":true,"href":"https:\/\/www.ferberpainting.com\/lv\/wp-json\/wp\/v2\/media\/26631"}],"wp:attachment":[{"href":"https:\/\/www.ferberpainting.com\/lv\/wp-json\/wp\/v2\/media?parent=24778"}],"wp:term":[{"taxonomy":"product_brand","embeddable":true,"href":"https:\/\/www.ferberpainting.com\/lv\/wp-json\/wp\/v2\/product_brand?post=24778"},{"taxonomy":"product_cat","embeddable":true,"href":"https:\/\/www.ferberpainting.com\/lv\/wp-json\/wp\/v2\/product_cat?post=24778"},{"taxonomy":"product_tag","embeddable":true,"href":"https:\/\/www.ferberpainting.com\/lv\/wp-json\/wp\/v2\/product_tag?post=24778"}],"curies":[{"name":"wp","href":"https:\/\/api.w.org\/{rel}","templated":true}]}}