{"id":24771,"date":"2025-05-26T10:27:04","date_gmt":"2025-05-26T08:27:04","guid":{"rendered":"https:\/\/www.ferberpainting.com\/products\/photinia-fertilizer\/"},"modified":"2026-02-16T07:05:22","modified_gmt":"2026-02-16T06:05:22","slug":"photinia-fertilizer","status":"publish","type":"product","link":"https:\/\/www.ferberpainting.com\/lv\/products\/photinia-fertilizer\/","title":{"rendered":"Phot\u012bnijas m\u0113slojums"},"content":{"rendered":"<p><strong><img decoding=\"async\" style=\"margin-right: 12px;\" src=\"https:\/\/www.ferberpainting.com\/wp-content\/uploads\/2026\/02\/Check.svg\" alt=\"\" width=\"18\" height=\"15\" \/>L\u012bdzsvarots m\u0113slojums dz\u012bv\u012bg\u0101m un iztur\u012bg\u0101m fot\u012bnij\u0101m.<\/strong>\u00a0Fot\u012bnija ir augsti v\u0113rt\u0113jams kr\u016bms, jo t\u0101s lapotne ir notur\u012bga un kr\u0101saina, p\u0101rmai\u0146us za\u013ca un ko\u0161i sarkana. Lai nodro\u0161in\u0101tu \u0101tru aug\u0161anu, optim\u0101lu bl\u012bvumu un intens\u012bvu kr\u0101sain\u012bbu, ir svar\u012bgi nodro\u0161in\u0101t to ar nepiecie\u0161amaj\u0101m bar\u012bbas viel\u0101m. \u0160is NPK 15-15-15 m\u0113slojums nodro\u0161ina perfektu sl\u0101pek\u013ca (N) l\u012bdzsvaru, lai veicin\u0101tu lapotnes aug\u0161anu, fosfora (P) - sak\u0146u att\u012bst\u012bbu, un k\u0101lija (K) - lai stiprin\u0101tu iztur\u012bbu pret slim\u012bb\u0101m un klimatiskajiem apst\u0101k\u013ciem. Pateicoties \u0161im piln\u012bgajam m\u0113slo\u0161anai, j\u016bsu fot\u012bnija att\u012bst\u012bs bl\u012bvu lapotni, struktur\u0113tu aug\u0101ju un vienm\u0113r\u012bgu aug\u0161anu visa gada garum\u0101.<\/p>\n<p><strong><img decoding=\"async\" style=\"margin-right: 12px;\" src=\"https:\/\/www.ferberpainting.com\/wp-content\/uploads\/2026\/02\/Check.svg\" alt=\"\" width=\"18\" height=\"15\" \/>Naudas atmaksas garantija.<\/strong>\u00a0T\u0101 k\u0101 m\u0113s esam p\u0101rliecin\u0101ti par m\u016bsu fotinijas m\u0113slojuma efektivit\u0101ti, m\u0113s pied\u0101v\u0101jam naudas atmaksas garantiju. Ja, neraugoties uz pareizu lieto\u0161anu saska\u0146\u0101 ar ieteikumiem, j\u016bs nepaman\u012bsiet b\u016btisku aug\u0161anas un vitalit\u0101tes uzlabojumu, m\u0113s ap\u0146emamies jums piln\u012bb\u0101 atmaks\u0101t naudu.<\/p>\n<p><strong><img decoding=\"async\" style=\"margin-right: 12px;\" src=\"https:\/\/www.ferberpainting.com\/wp-content\/uploads\/2026\/02\/Check.svg\" alt=\"\" width=\"18\" height=\"15\" \/>Piem\u0113rots visiem augsnes tipiem un vid\u0113m.<\/strong>\u00a0\u0160is m\u0113slojums ir piem\u0113rots visiem augsnes tipiem - smil\u0161ain\u0101m, m\u0101lain\u0101m, ka\u013c\u0137ain\u0101m vai humusviel\u0101m bag\u0101t\u0101m augsn\u0113m. Tas ir efekt\u012bvs gan atkl\u0101t\u0101 zem\u0113 st\u0101d\u012bt\u0101m fot\u012bnij\u0101m, gan ar\u012b podos audz\u0113t\u0101m fot\u012bnij\u0101m. Pateicoties \u016bden\u012b \u0161\u0137\u012bsto\u0161ajam sast\u0101vam, tas nodro\u0161ina \u0101tru sak\u0146u uzs\u016bk\u0161anos, t\u0101d\u0113j\u0101di nodro\u0161inot past\u0101v\u012bgu un efekt\u012bvu nepiecie\u0161amo bar\u012bbas vielu pieg\u0101di.<\/p>\n<p><strong><img decoding=\"async\" style=\"margin-right: 12px;\" src=\"https:\/\/www.ferberpainting.com\/wp-content\/uploads\/2026\/02\/Check.svg\" alt=\"\" width=\"18\" height=\"15\" \/>Lieliska ekonomisk\u0101 atdeve un ilgsto\u0161a darb\u012bba.<\/strong>\u00a0\u0160is m\u0113slojums tiek pieg\u0101d\u0101ts \u0161\u0137idr\u0101 \u0161\u0137\u012bdum\u0101, kas nodro\u0161ina optim\u0101lu un viendab\u012bgu bar\u012bbas vielu dif\u016bziju. Ar devu 5 ml uz litru \u016bdens 5 litru kann\u0101 var pagatavot l\u012bdz pat 1000 litriem bar\u012bbas \u0161\u0137\u012bduma, kas atbilst vair\u0101kiem m\u0113ne\u0161iem regul\u0101ras kop\u0161anas. T\u0101 pak\u0101peniska izdal\u012b\u0161an\u0101s nodro\u0161ina nep\u0101rtrauktu m\u0113slo\u0161anu bez p\u0101rm\u0113r\u012bb\u0101m, garant\u0113jot harmonisku kr\u016bmu att\u012bst\u012bbu.<\/p>\n<p><strong><img decoding=\"async\" style=\"margin-right: 12px;\" src=\"https:\/\/www.ferberpainting.com\/wp-content\/uploads\/2026\/02\/Check.svg\" alt=\"\" width=\"18\" height=\"15\" \/>Netoksisks un videi draudz\u012bgs m\u0113slojums.<\/strong>\u00a0\u0160is m\u0113slojums nesatur kait\u012bgas \u0137imik\u0101lijas un ir piln\u012bgi nekait\u012bgs augsnei, st\u0101d\u012bjumiem un apk\u0101rt\u0113jiem savva\u013cas dz\u012bvniekiem. Tas nerada risku m\u0101jdz\u012bvniekiem vai apputeksn\u0113t\u0101jiem kukai\u0146iem, t\u0101p\u0113c tas ir dro\u0161a izv\u0113le vesel\u012bgam d\u0101rzam, kur\u0101 tiek iev\u0113rota biolo\u0123isk\u0101 daudzveid\u012bba.<\/p>\n<p><strong><img decoding=\"async\" style=\"margin-right: 12px;\" src=\"https:\/\/www.ferberpainting.com\/wp-content\/uploads\/2026\/02\/Check.svg\" alt=\"\" width=\"18\" height=\"15\" \/>Viegla lieto\u0161ana un viegla m\u0113slo\u0161ana.<\/strong>\u00a0At\u0161\u0137ir\u012bb\u0101 no cietajiem m\u0113slo\u0161anas l\u012bdzek\u013ciem, kas j\u0101nogulda augsn\u0113, \u0161o \u0161\u0137idro m\u0113slojumu ir viegli lietot. Vienk\u0101r\u0161i sajauciet to ar laist\u012b\u0161anas \u016bdeni un izlejiet tie\u0161i pie fotinijas pamatnes. T\u0101 \u0101tra un efekt\u012bva lieto\u0161ana ir ide\u0101li piem\u0113rota gan ies\u0101c\u0113jiem d\u0101rzkopjiem, gan entuziastiem, kas r\u016bp\u0113jas par optim\u0101lu kr\u016bmu kop\u0161anu.<\/p>\n<p><strong><img decoding=\"async\" style=\"margin-right: 12px;\" src=\"https:\/\/www.ferberpainting.com\/wp-content\/uploads\/2026\/02\/Check.svg\" alt=\"\" width=\"18\" height=\"15\" \/>\u0100tra iedarb\u012bba redzamiem rezult\u0101tiem jau p\u0113c da\u017e\u0101m ned\u0113\u013c\u0101m.<\/strong>\u00a0Jau pirmaj\u0101s ned\u0113\u013c\u0101s p\u0113c lieto\u0161anas j\u016bs nov\u0113rosiet sp\u0113c\u012bg\u0101ku aug\u0161anu, bl\u012bv\u0101ku lapotni un dz\u012bv\u012bg\u0101ku kr\u0101su. Pateicoties \u0101tri uzs\u016bco\u0161ajam sast\u0101vam, \u0161is m\u0113slojums stimul\u0113 jaunu dzinumu veido\u0161anos un nov\u0113r\u0161 dzelt\u0113\u0161anu vai pal\u0113nin\u0101tu aug\u0161anu, ko izraisa bar\u012bbas vielu tr\u016bkums.<\/p>\n<p><strong><img decoding=\"async\" style=\"margin-right: 12px;\" src=\"https:\/\/www.ferberpainting.com\/wp-content\/uploads\/2026\/02\/Check.svg\" alt=\"\" width=\"18\" height=\"15\" \/>Ilgsto\u0161a m\u0113slo\u0161ana starojo\u0161ai lapotnei visa gada garum\u0101.<\/strong>\u00a0Pateicoties t\u0101 ilgsto\u0161ajai iedarb\u012bbai, \u0161is m\u0113slojums nodro\u0161ina konsekventu un l\u012bdzsvarotu aug\u0161anu, nov\u0113r\u0161ot stagn\u0101cijas f\u0101zes. Tas uzlabo fotinijas iztur\u012bbu pret t\u0101d\u0101m izplat\u012bt\u0101m slim\u012bb\u0101m k\u0101 miltrasa un lapu plankumain\u012bba, k\u0101 ar\u012b aizsarg\u0101 kr\u016bmu no ekstrem\u0101liem klimatiskajiem apst\u0101k\u013ciem (sausuma, sala u. c.).<\/p>\n<h2><strong>Lieto\u0161anas protokols<\/strong><\/h2>\n<p><strong>Ieteicam\u0101 deva <\/strong>:<\/p>\n<ul>\n<li><strong>Fot\u012bnija podos\u00a0<\/strong>: At\u0161\u0137aidiet 5 ml m\u0113slojuma 1 litr\u0101 \u016bdens un aplaistiet ap auga pamatni.<\/li>\n<li><strong>Zem\u0113 iest\u0101d\u012btas fotinijas <\/strong>: Uzkl\u0101jiet 5 ml at\u0161\u0137aid\u012bta m\u0113slojuma 1 litr\u0101 \u016bdens vienam kr\u016bmam tie\u0161i uz mitras augsnes.<\/li>\n<li><strong>Jauni augi vai nesen p\u0101rst\u0101d\u012btas fotinijas <\/strong>: Samaziniet koncentr\u0101ciju l\u012bdz 2,5 ml uz litru \u016bdens, lai izvair\u012btos no bar\u012bbas vielu p\u0101rpalikuma.<\/li>\n<\/ul>\n<p><strong>Piem\u0113ro\u0161anas metode <\/strong>:<\/p>\n<ul>\n<li><strong>Ar laist\u012b\u0161anu <\/strong>: Uzlejiet bar\u012bbas \u0161\u0137\u012bdumu pie fotinijas pamatnes, p\u0101rliecinoties, ka augsne ir k\u0101rt\u012bgi sam\u0113rc\u0113ta, bet nav p\u0101rmitrin\u0101ta.<\/li>\n<li><strong>Ar lapotnes smidzin\u0101\u0161anu<\/strong> (k\u0101 papildin\u0101jums) : At\u0161\u0137aidiet 1 ml m\u0113slojuma uz litru \u016bdens un izsmidziniet uz lapotnes, lai \u0101tr\u0101k uzs\u016bktu bar\u012bbas vielas.<\/li>\n<\/ul>\n<p><strong>Piem\u0113ro\u0161anas bie\u017eums <\/strong>:<\/p>\n<ul>\n<li><strong>Akt\u012bv\u0101s aug\u0161anas laik\u0101 (pavasar\u012b-vasar\u0101) <\/strong>: M\u0113slojumu lietojiet ik p\u0113c div\u0101m ned\u0113\u013c\u0101m, lai stimul\u0113tu aug\u0161anu un uzlabotu lapas kr\u0101su.<\/li>\n<li><strong>Miega period\u0101 (rudens-ziemas period\u0101) <\/strong>: Lai saglab\u0101tu vitalit\u0101ti bez p\u0101rm\u0113r\u012bgas stimul\u0101cijas, samaziniet lieto\u0161anas bie\u017eumu l\u012bdz vienai reizei m\u0113nes\u012b.<\/li>\n<\/ul>\n<p><strong>Lieto\u0161anas piesardz\u012bbas pas\u0101kumi <\/strong>:<\/p>\n<ul>\n<li>Nep\u0101rm\u0113slojiet m\u0113slojumu, lai izvair\u012btos no p\u0101rm\u0113r\u012bgas bar\u012bbas vielu uzkr\u0101\u0161an\u0101s augsn\u0113.<\/li>\n<li>Vienm\u0113r m\u0113slojiet mitru augsni, lai atvieglotu bar\u012bbas vielu uzs\u016bk\u0161anos.<br \/>\nIzvairieties no lieto\u0161anas piln\u0101 saul\u0113, lai nov\u0113rstu strauju bar\u012bbas vielu iztvaiko\u0161anu.<\/li>\n<\/ul>\n<p><strong>Uzglab\u0101\u0161ana un konserv\u0113\u0161ana<\/strong> :<\/p>\n<ul>\n<li>Uzglab\u0101jiet m\u0113slojumu v\u0113s\u0101, saus\u0101 viet\u0101, prom no tie\u0161as gaismas un mitruma.<\/li>\n<li>P\u0113c katras lieto\u0161anas reizes cie\u0161i aizveriet trauku, lai saglab\u0101tu produkta kvalit\u0101ti.<\/li>\n<\/ul>\n<p>Pateicoties \u0161im fotinijas m\u0113slojumam, j\u016bsu dz\u012bv\u017eogs vai dobe visu gadu var\u0113s priec\u0113t ar ener\u0123isku, kr\u0101sainu un piln\u012bgi vesel\u012bgu lapotni. Neatkar\u012bgi no t\u0101, vai j\u016bsu fot\u012bnija ir iest\u0101d\u012bta podos, zem\u0113 vai k\u0101 dz\u012bv\u017eogs, \u0161is viegli lietojamais un \u013coti efekt\u012bvais barojo\u0161ais \u0161\u0137\u012bdums nodro\u0161ina vieglu m\u0113slo\u0161anu, lai sasniegtu optim\u0101lus rezult\u0101tus.<\/p>","protected":false},"excerpt":{"rendered":"<p>A balanced fertilizer for vibrant and resilient photinia.\u00a0Photinia is a highly valued shrub for its persistent and colorful foliage, alternating between green and bright red. To ensure rapid growth, optimal density, and intense coloration, it is essential to provide it with the necessary nutrients. This NPK 15-15-15 fertilizer provides a perfect balance of nitrogen (N) [&hellip;]<\/p>\n","protected":false},"featured_media":26627,"comment_status":"open","ping_status":"closed","template":"","meta":{"_uag_custom_page_level_css":"","site-sidebar-layout":"default","site-content-layout":"","ast-site-content-layout":"default","site-content-style":"default","site-sidebar-style":"default","ast-global-header-display":"","ast-banner-title-visibility":"","ast-main-header-display":"","ast-hfb-above-header-display":"","ast-hfb-below-header-display":"","ast-hfb-mobile-header-display":"","site-post-title":"","ast-breadcrumbs-content":"","ast-featured-img":"","footer-sml-layout":"","ast-disable-related-posts":"","theme-transparent-header-meta":"default","adv-header-id-meta":"","stick-header-meta":"","header-above-stick-meta":"","header-main-stick-meta":"","header-below-stick-meta":"","astra-migrate-meta-layouts":"set","ast-page-background-enabled":"default","ast-page-background-meta":{"desktop":{"background-color":"var(--ast-global-color-4)","background-image":"","background-repeat":"repeat","background-position":"center center","background-size":"auto","background-attachment":"scroll","background-type":"","background-media":"","overlay-type":"","overlay-color":"","overlay-opacity":"","overlay-gradient":""},"tablet":{"background-color":"","background-image":"","background-repeat":"repeat","background-position":"center center","background-size":"auto","background-attachment":"scroll","background-type":"","background-media":"","overlay-type":"","overlay-color":"","overlay-opacity":"","overlay-gradient":""},"mobile":{"background-color":"","background-image":"","background-repeat":"repeat","background-position":"center center","background-size":"auto","background-attachment":"scroll","background-type":"","background-media":"","overlay-type":"","overlay-color":"","overlay-opacity":"","overlay-gradient":""}},"ast-content-background-meta":{"desktop":{"background-color":"var(--ast-global-color-5)","background-image":"","background-repeat":"repeat","background-position":"center center","background-size":"auto","background-attachment":"scroll","background-type":"","background-media":"","overlay-type":"","overlay-color":"","overlay-opacity":"","overlay-gradient":""},"tablet":{"background-color":"var(--ast-global-color-5)","background-image":"","background-repeat":"repeat","background-position":"center center","background-size":"auto","background-attachment":"scroll","background-type":"","background-media":"","overlay-type":"","overlay-color":"","overlay-opacity":"","overlay-gradient":""},"mobile":{"background-color":"var(--ast-global-color-5)","background-image":"","background-repeat":"repeat","background-position":"center center","background-size":"auto","background-attachment":"scroll","background-type":"","background-media":"","overlay-type":"","overlay-color":"","overlay-opacity":"","overlay-gradient":""}}},"product_brand":[],"product_cat":[178],"product_tag":[],"class_list":{"0":"post-24771","1":"product","2":"type-product","3":"status-publish","4":"has-post-thumbnail","6":"product_cat-fertilizers","7":"desktop-align-left","8":"tablet-align-left","9":"mobile-align-left","11":"first","12":"instock","13":"sale","14":"taxable","15":"shipping-taxable","16":"purchasable","17":"product-type-variable","18":"has-default-attributes"},"spectra_custom_meta":{"_visibility":["visible"],"_shopify_product_id":["9068037964021"],"_s2w_shopify_domain":["ferberpainting.myshopify.com"],"_shopify_variant_id":["46509904167157"],"_sku":[""],"_manage_stock":["no"],"total_sales":["133"],"_tax_status":["taxable"],"_tax_class":[""],"_backorders":["no"],"_sold_individually":["no"],"_virtual":["no"],"_downloadable":["no"],"_download_limit":["-1"],"_download_expiry":["-1"],"_stock":[null],"_stock_status":["instock"],"_wc_average_rating":["4.63"],"_wc_review_count":["8"],"_product_attributes":["a:1:{s:6:\"volume\";a:6:{s:4:\"name\";s:6:\"Volume\";s:5:\"value\";s:20:\"5 liters | 25 liters\";s:8:\"position\";i:1;s:10:\"is_visible\";i:0;s:12:\"is_variation\";i:1;s:11:\"is_taxonomy\";i:0;}}"],"_product_version":["10.5.1"],"_thumbnail_id":["26627"],"_product_image_gallery":["26628"],"wpse_downloadable_file_names":[""],"wpse_downloadable_file_urls":[""],"_edit_last":["1"],"_default_attributes":["a:1:{s:6:\"volume\";s:8:\"5 liters\";}"],"_edit_lock":["1771221783:1"],"_price":["29.90","129.90"],"merchant-center-availability":["yes"],"merchant-center-category":["113"],"_wp_page_template":["default"],"site-sidebar-layout":["default"],"ast-site-content-layout":["default"],"site-content-style":["default"],"site-sidebar-style":["default"],"theme-transparent-header-meta":["default"],"_wc_rating_count":["a:2:{i:4;i:3;i:5;i:5;}"],"astra-migrate-meta-layouts":["set"],"_uag_css_file_name":["uag-css-24771.css"],"_elementor_page_assets":["a:0:{}"],"_uag_page_assets":["a:9:{s:3:\"css\";s:7133:\".uag-blocks-common-selector{z-index:var(--z-index-desktop) !important}@media(max-width: 976px){.uag-blocks-common-selector{z-index:var(--z-index-tablet) !important}}@media(max-width: 767px){.uag-blocks-common-selector{z-index:var(--z-index-mobile) !important}}.wp-block-uagb-image{display:flex}.wp-block-uagb-image__figure{position:relative;display:flex;flex-direction:column;max-width:100%;height:auto;margin:0}.wp-block-uagb-image__figure img{height:auto;display:flex;max-width:100%;transition:box-shadow .2s ease}.wp-block-uagb-image__figure>a{display:inline-block}.wp-block-uagb-image__figure figcaption{text-align:center;margin-top:.5em;margin-bottom:1em}.wp-block-uagb-image .components-placeholder.block-editor-media-placeholder .components-placeholder__instructions{align-self:center}.wp-block-uagb-image--align-left{text-align:left}.wp-block-uagb-image--align-right{text-align:right}.wp-block-uagb-image--align-center{text-align:center}.wp-block-uagb-image--align-full .wp-block-uagb-image__figure{margin-left:calc(50% - 50vw);margin-right:calc(50% - 50vw);max-width:100vw;width:100vw;height:auto}.wp-block-uagb-image--align-full .wp-block-uagb-image__figure img{height:auto;width:100% !important}.wp-block-uagb-image--align-wide .wp-block-uagb-image__figure img{height:auto;width:100%}.wp-block-uagb-image--layout-overlay__color-wrapper{position:absolute;left:0;top:0;right:0;bottom:0;opacity:.2;background:rgba(0,0,0,.5);transition:opacity .35s ease-in-out}.wp-block-uagb-image--layout-overlay-link{position:absolute;left:0;right:0;bottom:0;top:0}.wp-block-uagb-image--layout-overlay .wp-block-uagb-image__figure:hover .wp-block-uagb-image--layout-overlay__color-wrapper{opacity:1}.wp-block-uagb-image--layout-overlay__inner{position:absolute;left:15px;right:15px;bottom:15px;top:15px;display:flex;align-items:center;justify-content:center;flex-direction:column;border-color:#fff;transition:.35s ease-in-out}.wp-block-uagb-image--layout-overlay__inner.top-left,.wp-block-uagb-image--layout-overlay__inner.top-center,.wp-block-uagb-image--layout-overlay__inner.top-right{justify-content:flex-start}.wp-block-uagb-image--layout-overlay__inner.bottom-left,.wp-block-uagb-image--layout-overlay__inner.bottom-center,.wp-block-uagb-image--layout-overlay__inner.bottom-right{justify-content:flex-end}.wp-block-uagb-image--layout-overlay__inner.top-left,.wp-block-uagb-image--layout-overlay__inner.center-left,.wp-block-uagb-image--layout-overlay__inner.bottom-left{align-items:flex-start}.wp-block-uagb-image--layout-overlay__inner.top-right,.wp-block-uagb-image--layout-overlay__inner.center-right,.wp-block-uagb-image--layout-overlay__inner.bottom-right{align-items:flex-end}.wp-block-uagb-image--layout-overlay__inner .uagb-image-heading{color:#fff;transition:transform .35s,opacity .35s ease-in-out;transform:translate3d(0, 24px, 0);margin:0;line-height:1em}.wp-block-uagb-image--layout-overlay__inner .uagb-image-separator{width:30%;border-top-width:2px;border-top-color:#fff;border-top-style:solid;margin-bottom:10px;opacity:0;transition:transform .4s,opacity .4s ease-in-out;transform:translate3d(0, 30px, 0)}.wp-block-uagb-image--layout-overlay__inner .uagb-image-caption{opacity:0;overflow:visible;color:#fff;transition:transform .45s,opacity .45s ease-in-out;transform:translate3d(0, 35px, 0)}.wp-block-uagb-image--layout-overlay__inner:hover .uagb-image-heading,.wp-block-uagb-image--layout-overlay__inner:hover .uagb-image-separator,.wp-block-uagb-image--layout-overlay__inner:hover .uagb-image-caption{opacity:1;transform:translate3d(0, 0, 0)}.wp-block-uagb-image--effect-zoomin .wp-block-uagb-image__figure img,.wp-block-uagb-image--effect-zoomin .wp-block-uagb-image__figure .wp-block-uagb-image--layout-overlay__color-wrapper{transform:scale(1);transition:transform .35s ease-in-out}.wp-block-uagb-image--effect-zoomin .wp-block-uagb-image__figure:hover img,.wp-block-uagb-image--effect-zoomin .wp-block-uagb-image__figure:hover .wp-block-uagb-image--layout-overlay__color-wrapper{transform:scale(1.05)}.wp-block-uagb-image--effect-slide .wp-block-uagb-image__figure img,.wp-block-uagb-image--effect-slide .wp-block-uagb-image__figure .wp-block-uagb-image--layout-overlay__color-wrapper{width:calc(100% + 40px) !important;max-width:none !important;transform:translate3d(-40px, 0, 0);transition:transform .35s ease-in-out}.wp-block-uagb-image--effect-slide .wp-block-uagb-image__figure:hover img,.wp-block-uagb-image--effect-slide .wp-block-uagb-image__figure:hover .wp-block-uagb-image--layout-overlay__color-wrapper{transform:translate3d(0, 0, 0)}.wp-block-uagb-image--effect-grayscale img{filter:grayscale(0%);transition:.35s ease-in-out}.wp-block-uagb-image--effect-grayscale:hover img{filter:grayscale(100%)}.wp-block-uagb-image--effect-blur img{filter:blur(0);transition:.35s ease-in-out}.wp-block-uagb-image--effect-blur:hover img{filter:blur(3px)}.uagb-block-e6f939b3.wp-block-uagb-image--layout-default figure img{box-shadow: 0px 0px 0 #00000070;}.uagb-block-e6f939b3.wp-block-uagb-image .wp-block-uagb-image__figure figcaption{font-style: normal;align-self: center;}.uagb-block-e6f939b3.wp-block-uagb-image--layout-overlay figure img{box-shadow: 0px 0px 0 #00000070;}.uagb-block-e6f939b3.wp-block-uagb-image--layout-overlay .wp-block-uagb-image--layout-overlay__color-wrapper{opacity: 0.2;}.uagb-block-e6f939b3.wp-block-uagb-image--layout-overlay .wp-block-uagb-image--layout-overlay__inner{left: 15px;right: 15px;top: 15px;bottom: 15px;}.uagb-block-e6f939b3.wp-block-uagb-image--layout-overlay .wp-block-uagb-image--layout-overlay__inner .uagb-image-heading{font-style: normal;color: #fff;opacity: 1;}.uagb-block-e6f939b3.wp-block-uagb-image--layout-overlay .wp-block-uagb-image--layout-overlay__inner .uagb-image-heading a{color: #fff;}.uagb-block-e6f939b3.wp-block-uagb-image--layout-overlay .wp-block-uagb-image--layout-overlay__inner .uagb-image-caption{opacity: 0;}.uagb-block-e6f939b3.wp-block-uagb-image--layout-overlay .wp-block-uagb-image__figure:hover .wp-block-uagb-image--layout-overlay__color-wrapper{opacity: 1;}.uagb-block-e6f939b3.wp-block-uagb-image .wp-block-uagb-image--layout-overlay__inner .uagb-image-separator{width: 30%;border-top-width: 2px;border-top-color: #fff;opacity: 0;}.uagb-block-e6f939b3.wp-block-uagb-image .wp-block-uagb-image__figure img{width: px;height: auto;}.uagb-block-e6f939b3.wp-block-uagb-image .wp-block-uagb-image__figure:hover .wp-block-uagb-image--layout-overlay__inner .uagb-image-caption{opacity: 1;}.uagb-block-e6f939b3.wp-block-uagb-image .wp-block-uagb-image__figure:hover .wp-block-uagb-image--layout-overlay__inner .uagb-image-separator{opacity: 1;}.uagb-block-e6f939b3.wp-block-uagb-image--layout-default figure:hover img{box-shadow: 0px 0px 0 #00000070;}.uagb-block-e6f939b3.wp-block-uagb-image--layout-overlay figure:hover img{box-shadow: 0px 0px 0 #00000070;}@media only screen and (max-width: 976px) {.uagb-block-e6f939b3.wp-block-uagb-image .wp-block-uagb-image__figure img{width: px;height: auto;}}@media only screen and (max-width: 767px) {.uagb-block-e6f939b3.wp-block-uagb-image .wp-block-uagb-image__figure img{width: px;height: auto;}}\";s:2:\"js\";s:0:\"\";s:18:\"current_block_list\";a:13:{i:0;s:11:\"core\/search\";i:1;s:10:\"core\/group\";i:2;s:12:\"core\/heading\";i:3;s:17:\"core\/latest-posts\";i:4;s:20:\"core\/latest-comments\";i:5;s:13:\"core\/archives\";i:6;s:15:\"core\/categories\";i:7;s:14:\"core\/paragraph\";i:8;s:10:\"uagb\/image\";i:9;s:11:\"core\/spacer\";i:10;s:30:\"woocommerce\/product-categories\";i:11;s:10:\"core\/image\";i:12;s:14:\"core\/shortcode\";}s:8:\"uag_flag\";b:1;s:11:\"uag_version\";s:10:\"1777198564\";s:6:\"gfonts\";a:0:{}s:10:\"gfonts_url\";s:0:\"\";s:12:\"gfonts_files\";a:0:{}s:14:\"uag_faq_layout\";b:0;}"]},"uagb_featured_image_src":{"full":["https:\/\/www.ferberpainting.com\/wp-content\/uploads\/2025\/05\/PhotiniaFertilizer5L.png",2560,2560,false],"thumbnail":["https:\/\/www.ferberpainting.com\/wp-content\/uploads\/2025\/05\/PhotiniaFertilizer5L-150x150.png",150,150,true],"medium":["https:\/\/www.ferberpainting.com\/wp-content\/uploads\/2025\/05\/PhotiniaFertilizer5L-300x300.png",300,300,true],"medium_large":["https:\/\/www.ferberpainting.com\/wp-content\/uploads\/2025\/05\/PhotiniaFertilizer5L-768x768.png",768,768,true],"large":["https:\/\/www.ferberpainting.com\/wp-content\/uploads\/2025\/05\/PhotiniaFertilizer5L-1024x1024.png",1024,1024,true],"1536x1536":["https:\/\/www.ferberpainting.com\/wp-content\/uploads\/2025\/05\/PhotiniaFertilizer5L-1536x1536.png",1536,1536,true],"2048x2048":["https:\/\/www.ferberpainting.com\/wp-content\/uploads\/2025\/05\/PhotiniaFertilizer5L-2048x2048.png",2048,2048,true],"trp-custom-language-flag":["https:\/\/www.ferberpainting.com\/wp-content\/uploads\/2025\/05\/PhotiniaFertilizer5L-12x12.png",12,12,true],"woocommerce_thumbnail":["https:\/\/www.ferberpainting.com\/wp-content\/uploads\/2025\/05\/PhotiniaFertilizer5L-300x300.png",300,300,true],"woocommerce_single":["https:\/\/www.ferberpainting.com\/wp-content\/uploads\/2025\/05\/PhotiniaFertilizer5L-600x600.png",600,600,true],"woocommerce_gallery_thumbnail":["https:\/\/www.ferberpainting.com\/wp-content\/uploads\/2025\/05\/PhotiniaFertilizer5L-100x100.png",100,100,true]},"uagb_author_info":{"display_name":"admin","author_link":"https:\/\/www.ferberpainting.com\/lv\/author\/"},"uagb_comment_info":8,"uagb_excerpt":"A balanced fertilizer for vibrant and resilient photinia.\u00a0Photinia is a highly valued shrub for its persistent and colorful foliage, alternating between green and bright red. To ensure rapid growth, optimal density, and intense coloration, it is essential to provide it with the necessary nutrients. This NPK 15-15-15 fertilizer provides a perfect balance of nitrogen (N)&hellip;","_links":{"self":[{"href":"https:\/\/www.ferberpainting.com\/lv\/wp-json\/wp\/v2\/product\/24771","targetHints":{"allow":["GET"]}}],"collection":[{"href":"https:\/\/www.ferberpainting.com\/lv\/wp-json\/wp\/v2\/product"}],"about":[{"href":"https:\/\/www.ferberpainting.com\/lv\/wp-json\/wp\/v2\/types\/product"}],"replies":[{"embeddable":true,"href":"https:\/\/www.ferberpainting.com\/lv\/wp-json\/wp\/v2\/comments?post=24771"}],"version-history":[{"count":4,"href":"https:\/\/www.ferberpainting.com\/lv\/wp-json\/wp\/v2\/product\/24771\/revisions"}],"predecessor-version":[{"id":166967,"href":"https:\/\/www.ferberpainting.com\/lv\/wp-json\/wp\/v2\/product\/24771\/revisions\/166967"}],"wp:featuredmedia":[{"embeddable":true,"href":"https:\/\/www.ferberpainting.com\/lv\/wp-json\/wp\/v2\/media\/26627"}],"wp:attachment":[{"href":"https:\/\/www.ferberpainting.com\/lv\/wp-json\/wp\/v2\/media?parent=24771"}],"wp:term":[{"taxonomy":"product_brand","embeddable":true,"href":"https:\/\/www.ferberpainting.com\/lv\/wp-json\/wp\/v2\/product_brand?post=24771"},{"taxonomy":"product_cat","embeddable":true,"href":"https:\/\/www.ferberpainting.com\/lv\/wp-json\/wp\/v2\/product_cat?post=24771"},{"taxonomy":"product_tag","embeddable":true,"href":"https:\/\/www.ferberpainting.com\/lv\/wp-json\/wp\/v2\/product_tag?post=24771"}],"curies":[{"name":"wp","href":"https:\/\/api.w.org\/{rel}","templated":true}]}}