{"id":24768,"date":"2025-05-26T10:27:03","date_gmt":"2025-05-26T08:27:03","guid":{"rendered":"https:\/\/www.ferberpainting.com\/products\/pepper-and-chili-fertilizer\/"},"modified":"2026-02-15T23:51:46","modified_gmt":"2026-02-15T22:51:46","slug":"pepper-and-chili-fertilizer","status":"publish","type":"product","link":"https:\/\/www.ferberpainting.com\/lv\/products\/pepper-and-chili-fertilizer\/","title":{"rendered":"Piparu un \u010dili m\u0113slojums"},"content":{"rendered":"<p><strong><img decoding=\"async\" style=\"margin-right: 12px;\" src=\"https:\/\/www.ferberpainting.com\/wp-content\/uploads\/2026\/02\/Check.svg\" alt=\"\" width=\"18\" height=\"15\" \/>M\u0113slojums, kas \u012bpa\u0161i paredz\u0113ts vesel\u012bgu un arom\u0101tisku \u010dili piparu audz\u0113\u0161anai.<\/strong>\u00a0\u0160is m\u0113slojums ir izstr\u0101d\u0101ts, lai apmierin\u0101tu piparu augu \u012bpa\u0161\u0101s vajadz\u012bbas, veicinot sp\u0113c\u012bgu aug\u0161anu, bag\u0101t\u012bgu zied\u0113\u0161anu un pikantu un gar\u0161\u012bgu aug\u013cu ra\u017eo\u0161anu. Pateicoties ide\u0101lam sl\u0101pek\u013ca (N), fosfora (P) un k\u0101lija (K) l\u012bdzsvaram ar NPK 15-15-15, tas stimul\u0113 sak\u0146u att\u012bst\u012bbu, zied\u0113\u0161anu un aug\u013cu veido\u0161anos, nodro\u0161inot bag\u0101t\u012bgu un kvalitat\u012bvu ra\u017eu.<\/p>\n<p><strong><img decoding=\"async\" style=\"margin-right: 12px;\" src=\"https:\/\/www.ferberpainting.com\/wp-content\/uploads\/2026\/02\/Check.svg\" alt=\"\" width=\"18\" height=\"15\" \/>Naudas atmaksas garantija.<\/strong>\u00a0M\u0113s esam p\u0101rliecin\u0101ti par m\u016bsu \u010dili piparu m\u0113slojuma efektivit\u0101ti un pied\u0101v\u0101jam pilnu naudas atmaksu neapmierin\u0101t\u012bbas gad\u012bjum\u0101. Ja p\u0113c lieto\u0161anas saska\u0146\u0101 ar ieteikumiem j\u016bs nepaman\u012bsiet iev\u0113rojamu uzlabojumu sav\u0101s kult\u016br\u0101s, j\u016bs varat piepras\u012bt atmaks\u0101t naudu bez pamatojuma.<\/p>\n<p><strong><img decoding=\"async\" style=\"margin-right: 12px;\" src=\"https:\/\/www.ferberpainting.com\/wp-content\/uploads\/2026\/02\/Check.svg\" alt=\"\" width=\"18\" height=\"15\" \/>Piem\u0113rots vis\u0101m piparu \u0161\u0137irn\u0113m un audz\u0113\u0161anas metod\u0113m.<\/strong>\u00a0\u0160is m\u0113slojums ir piem\u0113rots visu veidu pipariem, gan maigajiem, gan asajiem, piem\u0113ram, kaj\u0113nas pipariem, jalape\u00f1o, habanero vai Espelette pipariem. Tas ir ide\u0101li piem\u0113rots audz\u0113\u0161anai atkl\u0101t\u0101 lauk\u0101, siltumn\u012bc\u0101s, podos uz balkona vai pat hidroponik\u0101. T\u0101 sabalans\u0113t\u0101 formula padara to par daudzpus\u012bgu m\u0113slojumu, kas piem\u0113rots ar\u012b citiem dzimtas augiem, piem\u0113ram, tom\u0101tiem, bakla\u017e\u0101niem un paprikai.<\/p>\n<p><strong><img decoding=\"async\" style=\"margin-right: 12px;\" src=\"https:\/\/www.ferberpainting.com\/wp-content\/uploads\/2026\/02\/Check.svg\" alt=\"\" width=\"18\" height=\"15\" \/>Lielisks ekonomiskais ienes\u012bgums.<\/strong>\u00a0Pateicoties optim\u0101lai koncentr\u0101cijai, \u0161is m\u0113slojums nodro\u0161ina mazu devu lielam m\u0113slo\u0161anas \u0161\u0137\u012bduma daudzumam. At\u0161\u0137aid\u012bjums 5 ml uz litru \u016bdens \u013cauj efekt\u012bvi m\u0113slot vair\u0101kus augus tikai ar vienu 5 litru pudeli, optimiz\u0113jot m\u0113slojuma izmaksas un vienlaikus nodro\u0161inot maksim\u0101lu rezult\u0101tu.<\/p>\n<p><strong><img decoding=\"async\" style=\"margin-right: 12px;\" src=\"https:\/\/www.ferberpainting.com\/wp-content\/uploads\/2026\/02\/Check.svg\" alt=\"\" width=\"18\" height=\"15\" \/>Dro\u0161s m\u0113slojums kult\u016braugiem un videi.<\/strong>\u00a0\u0160is m\u0113slojums ir izgatavots bez augiem un augsnei kait\u012bg\u0101m viel\u0101m, t\u0101p\u0113c ilgtermi\u0146\u0101 saglab\u0101 kult\u016braugu biolo\u0123isko l\u012bdzsvaru un uzlabo augsnes strukt\u016bru. Tas saudz\u0113 gan vidi, gan cilv\u0113ku vesel\u012bbu, nodro\u0161inot dro\u0161u un dabisku ra\u017eu bez toksicit\u0101tes riska pat\u0113ri\u0146am.<\/p>\n<p><strong><img decoding=\"async\" style=\"margin-right: 12px;\" src=\"https:\/\/www.ferberpainting.com\/wp-content\/uploads\/2026\/02\/Check.svg\" alt=\"\" width=\"18\" height=\"15\" \/>Vienk\u0101r\u0161a lieto\u0161ana visiem d\u0101rzkopjiem.<\/strong>\u00a0\u0160is m\u0113slojums ir paredz\u0113ts gan ies\u0101c\u0113jiem, gan profesion\u0101\u013ciem, un to var viegli lietot, at\u0161\u0137aidot tie\u0161i \u016bden\u012b un izsmidzinot vai izsmidzinot. Tam nav nepiecie\u0161ama sare\u017e\u0123\u012bta sagatavo\u0161ana, t\u0101d\u0113j\u0101di ietaupot laiku un izvairoties no doz\u0113\u0161anas k\u013c\u016bd\u0101m.<\/p>\n<p><strong><img decoding=\"async\" style=\"margin-right: 12px;\" src=\"https:\/\/www.ferberpainting.com\/wp-content\/uploads\/2026\/02\/Check.svg\" alt=\"\" width=\"18\" height=\"15\" \/>Ilgsto\u0161a iedarb\u012bba vesel\u012bgiem \u010dili augiem.<\/strong>\u00a0Pateicoties pak\u0101peniskai bar\u012bbas vielu izdal\u012b\u0161anai, \u0161is m\u0113slojums nodro\u0161ina sabalans\u0113tu baro\u0161anu vair\u0101ku ned\u0113\u013cu garum\u0101. Tas veicina sp\u0113c\u012bgu sak\u0146u sist\u0113mu, iztur\u012bbu pret slim\u012bb\u0101m un ilgsto\u0161u zied\u0113\u0161anu, nodro\u0161inot bag\u0101t\u012bgu un ilgsto\u0161u ra\u017eu visas sezonas garum\u0101.<\/p>\n<p><strong><img decoding=\"async\" style=\"margin-right: 12px;\" src=\"https:\/\/www.ferberpainting.com\/wp-content\/uploads\/2026\/02\/Check.svg\" alt=\"\" width=\"18\" height=\"15\" \/>Redzami rezult\u0101ti jau p\u0113c da\u017e\u0101m ned\u0113\u013c\u0101m.<\/strong>\u00a0Jau pirmaj\u0101s ned\u0113\u013c\u0101s p\u0113c lieto\u0161anas j\u016bs nov\u0113rosiet pa\u0101trin\u0101tu augu aug\u0161anu, bl\u012bv\u0101ku un za\u013c\u0101ku lapotni, k\u0101 ar\u012b stabil\u0101ku zied\u0113\u0161anu un aug\u013cu veido\u0161anos. \u0160is m\u0113slojums stimul\u0113 ar\u012b m\u012bkst\u0101ku, kr\u0101sain\u0101ku un arom\u0101tisk\u0101ku aug\u013cu veido\u0161anos, t\u0101d\u0113j\u0101di nodro\u0161inot bag\u0101t\u012bgu un kvalitat\u012bvu ra\u017eu.<\/p>\n<h2><strong>Lieto\u0161anas instrukcijas<\/strong><\/h2>\n<p><strong>Ieteicam\u0101 deva <\/strong>:<\/p>\n<ul>\n<li><strong>Atkl\u0101t\u0101 teritorij\u0101 <\/strong>: At\u0161\u0137aidiet 5 ml m\u0113slojuma uz litru \u016bdens un laistiet tie\u0161i pie augu pamatnes ik p\u0113c 2 ned\u0113\u013c\u0101m.<\/li>\n<li><strong>Podos <\/strong>: Lietojiet 5 ml uz litru \u016bdens un laistiet ik p\u0113c 2 ned\u0113\u013c\u0101m, uzmanoties, lai substr\u0101ts netiktu p\u0101rmitrin\u0101ts.<\/li>\n<li><strong>Hidroponik\u0101 <\/strong>: Pievienojiet 5 ml uz litru \u016bdens barojo\u0161aj\u0101 \u0161\u0137\u012bdum\u0101, ik ned\u0113\u013cu to atjaunojot.<\/li>\n<\/ul>\n<p><strong>Lieto\u0161anas bie\u017eums <\/strong>:<\/p>\n<ul>\n<li><strong>Izaugsmes posms <\/strong>: Lietojiet ik p\u0113c 2 ned\u0113\u013c\u0101m, lai veicin\u0101tu sp\u0113c\u012bgu stubl\u0101ju un lapu att\u012bst\u012bbu.<\/li>\n<li><strong>Zied\u0113\u0161ana un aug\u013cu veido\u0161an\u0101s <\/strong>: Lietojiet ik p\u0113c 2 ned\u0113\u013c\u0101m, vajadz\u012bbas gad\u012bjum\u0101 nedaudz palielinot bie\u017eumu, lai veicin\u0101tu ziedu un aug\u013cu veido\u0161anos.<\/li>\n<li><strong>Ra\u017eas nov\u0101k\u0161anas periods <\/strong>: Lai saglab\u0101tu aug\u013cu kvalit\u0101ti, nep\u0101rauglojot tos ar p\u0101rlieku m\u0113slojumu, samaziniet lieto\u0161anas bie\u017eumu l\u012bdz vienai reizei m\u0113nes\u012b.<\/li>\n<\/ul>\n<p><strong>Piem\u0113ro\u0161anas metode <\/strong>:<\/p>\n<ul>\n<li><strong>Ar sak\u0146u laist\u012b\u0161anu <\/strong>: At\u0161\u0137aidiet un uzkl\u0101jiet tie\u0161i uz sak\u0146u zonas, lai nodro\u0161in\u0101tu optim\u0101lu uzs\u016bk\u0161anos.<\/li>\n<li><strong>Ar lapotnes smidzin\u0101\u0161anu <\/strong>: Izsmidziniet at\u0161\u0137aid\u012btu \u0161\u0137\u012bdumu (5 ml\/l) uz lapotnes aug\u0161anas stadij\u0101, izvairoties no liela karstuma vai tie\u0161iem saules stariem lieto\u0161anas laik\u0101.<\/li>\n<\/ul>\n<p><strong>Lieto\u0161anas piesardz\u012bbas pas\u0101kumi <\/strong>:<\/p>\n<ul>\n<li>Nep\u0101rdoz\u0113jiet, jo sl\u0101pek\u013ca p\u0101rpalikums var veicin\u0101t lapu aug\u0161anu uz aug\u013cu ra\u017eas r\u0113\u0137ina.<\/li>\n<li>Izvairieties no uzkl\u0101\u0161anas tie\u0161os saules staros, uzkl\u0101jiet no r\u012bta vai vakar\u0101.<\/li>\n<li>Uzglab\u0101t v\u0113s\u0101, saus\u0101 viet\u0101, prom no tie\u0161iem saules stariem.<\/li>\n<\/ul>\n<p>Ar \u0161o \u010dili piparu m\u0113slojumu nodro\u0161in\u0101siet strauju aug\u0161anu, bag\u0101t\u012bgu zied\u0113\u0161anu un arom\u0101tiskus aug\u013cus visas sezonas garum\u0101. Perfekts bar\u012bbas vielu l\u012bdzsvars garant\u0113 bag\u0101t\u012bgu ra\u017eu neatkar\u012bgi no t\u0101, vai tas tiek audz\u0113ts zem\u0113, podos vai siltumn\u012bc\u0101.<\/p>","protected":false},"excerpt":{"rendered":"<p>A fertilizer specially designed for healthy and flavorful chili peppers.\u00a0This fertilizer is formulated to meet the specific needs of pepper plants, promoting vigorous growth, abundant flowering, and the production of spicy and tasty fruits. Thanks to its perfect balance of nitrogen (N), phosphorus (P), and potassium (K) with a 15-15-15 NPK, it stimulates root development, [&hellip;]<\/p>\n","protected":false},"featured_media":26624,"comment_status":"open","ping_status":"closed","template":"","meta":{"_uag_custom_page_level_css":"","site-sidebar-layout":"default","site-content-layout":"","ast-site-content-layout":"default","site-content-style":"default","site-sidebar-style":"default","ast-global-header-display":"","ast-banner-title-visibility":"","ast-main-header-display":"","ast-hfb-above-header-display":"","ast-hfb-below-header-display":"","ast-hfb-mobile-header-display":"","site-post-title":"","ast-breadcrumbs-content":"","ast-featured-img":"","footer-sml-layout":"","ast-disable-related-posts":"","theme-transparent-header-meta":"default","adv-header-id-meta":"","stick-header-meta":"","header-above-stick-meta":"","header-main-stick-meta":"","header-below-stick-meta":"","astra-migrate-meta-layouts":"set","ast-page-background-enabled":"default","ast-page-background-meta":{"desktop":{"background-color":"var(--ast-global-color-4)","background-image":"","background-repeat":"repeat","background-position":"center center","background-size":"auto","background-attachment":"scroll","background-type":"","background-media":"","overlay-type":"","overlay-color":"","overlay-opacity":"","overlay-gradient":""},"tablet":{"background-color":"","background-image":"","background-repeat":"repeat","background-position":"center center","background-size":"auto","background-attachment":"scroll","background-type":"","background-media":"","overlay-type":"","overlay-color":"","overlay-opacity":"","overlay-gradient":""},"mobile":{"background-color":"","background-image":"","background-repeat":"repeat","background-position":"center center","background-size":"auto","background-attachment":"scroll","background-type":"","background-media":"","overlay-type":"","overlay-color":"","overlay-opacity":"","overlay-gradient":""}},"ast-content-background-meta":{"desktop":{"background-color":"var(--ast-global-color-5)","background-image":"","background-repeat":"repeat","background-position":"center center","background-size":"auto","background-attachment":"scroll","background-type":"","background-media":"","overlay-type":"","overlay-color":"","overlay-opacity":"","overlay-gradient":""},"tablet":{"background-color":"var(--ast-global-color-5)","background-image":"","background-repeat":"repeat","background-position":"center center","background-size":"auto","background-attachment":"scroll","background-type":"","background-media":"","overlay-type":"","overlay-color":"","overlay-opacity":"","overlay-gradient":""},"mobile":{"background-color":"var(--ast-global-color-5)","background-image":"","background-repeat":"repeat","background-position":"center center","background-size":"auto","background-attachment":"scroll","background-type":"","background-media":"","overlay-type":"","overlay-color":"","overlay-opacity":"","overlay-gradient":""}}},"product_brand":[],"product_cat":[178],"product_tag":[],"class_list":{"0":"post-24768","1":"product","2":"type-product","3":"status-publish","4":"has-post-thumbnail","6":"product_cat-fertilizers","7":"desktop-align-left","8":"tablet-align-left","9":"mobile-align-left","11":"first","12":"instock","13":"sale","14":"taxable","15":"shipping-taxable","16":"purchasable","17":"product-type-variable","18":"has-default-attributes"},"spectra_custom_meta":{"_visibility":["visible"],"_shopify_product_id":["9097088991477"],"_s2w_shopify_domain":["ferberpainting.myshopify.com"],"_shopify_variant_id":["46597724733685"],"_sku":[""],"_manage_stock":["no"],"total_sales":["15"],"_tax_status":["taxable"],"_tax_class":[""],"_backorders":["no"],"_sold_individually":["no"],"_virtual":["no"],"_downloadable":["no"],"_download_limit":["-1"],"_download_expiry":["-1"],"_stock":[null],"_stock_status":["instock"],"_wc_average_rating":["4.75"],"_wc_review_count":["8"],"_product_attributes":["a:1:{s:6:\"volume\";a:6:{s:4:\"name\";s:6:\"Volume\";s:5:\"value\";s:20:\"5 liters | 25 liters\";s:8:\"position\";i:1;s:10:\"is_visible\";i:0;s:12:\"is_variation\";i:1;s:11:\"is_taxonomy\";i:0;}}"],"_product_version":["10.5.1"],"_thumbnail_id":["26624"],"_product_image_gallery":["26626"],"wpse_downloadable_file_names":[""],"wpse_downloadable_file_urls":[""],"_edit_last":["1"],"_default_attributes":["a:1:{s:6:\"volume\";s:8:\"5 liters\";}"],"_edit_lock":["1771221531:1"],"_price":["29.90","129.90"],"merchant-center-availability":["yes"],"merchant-center-category":["113"],"_wp_page_template":["default"],"site-sidebar-layout":["default"],"ast-site-content-layout":["default"],"site-content-style":["default"],"site-sidebar-style":["default"],"theme-transparent-header-meta":["default"],"_wc_rating_count":["a:2:{i:4;i:2;i:5;i:6;}"],"astra-migrate-meta-layouts":["set"],"_uag_css_file_name":["uag-css-24768.css"],"_elementor_page_assets":["a:0:{}"],"_uag_page_assets":["a:9:{s:3:\"css\";s:7133:\".uag-blocks-common-selector{z-index:var(--z-index-desktop) !important}@media(max-width: 976px){.uag-blocks-common-selector{z-index:var(--z-index-tablet) !important}}@media(max-width: 767px){.uag-blocks-common-selector{z-index:var(--z-index-mobile) !important}}.wp-block-uagb-image{display:flex}.wp-block-uagb-image__figure{position:relative;display:flex;flex-direction:column;max-width:100%;height:auto;margin:0}.wp-block-uagb-image__figure img{height:auto;display:flex;max-width:100%;transition:box-shadow .2s ease}.wp-block-uagb-image__figure>a{display:inline-block}.wp-block-uagb-image__figure figcaption{text-align:center;margin-top:.5em;margin-bottom:1em}.wp-block-uagb-image .components-placeholder.block-editor-media-placeholder .components-placeholder__instructions{align-self:center}.wp-block-uagb-image--align-left{text-align:left}.wp-block-uagb-image--align-right{text-align:right}.wp-block-uagb-image--align-center{text-align:center}.wp-block-uagb-image--align-full .wp-block-uagb-image__figure{margin-left:calc(50% - 50vw);margin-right:calc(50% - 50vw);max-width:100vw;width:100vw;height:auto}.wp-block-uagb-image--align-full .wp-block-uagb-image__figure img{height:auto;width:100% !important}.wp-block-uagb-image--align-wide .wp-block-uagb-image__figure img{height:auto;width:100%}.wp-block-uagb-image--layout-overlay__color-wrapper{position:absolute;left:0;top:0;right:0;bottom:0;opacity:.2;background:rgba(0,0,0,.5);transition:opacity .35s ease-in-out}.wp-block-uagb-image--layout-overlay-link{position:absolute;left:0;right:0;bottom:0;top:0}.wp-block-uagb-image--layout-overlay .wp-block-uagb-image__figure:hover .wp-block-uagb-image--layout-overlay__color-wrapper{opacity:1}.wp-block-uagb-image--layout-overlay__inner{position:absolute;left:15px;right:15px;bottom:15px;top:15px;display:flex;align-items:center;justify-content:center;flex-direction:column;border-color:#fff;transition:.35s ease-in-out}.wp-block-uagb-image--layout-overlay__inner.top-left,.wp-block-uagb-image--layout-overlay__inner.top-center,.wp-block-uagb-image--layout-overlay__inner.top-right{justify-content:flex-start}.wp-block-uagb-image--layout-overlay__inner.bottom-left,.wp-block-uagb-image--layout-overlay__inner.bottom-center,.wp-block-uagb-image--layout-overlay__inner.bottom-right{justify-content:flex-end}.wp-block-uagb-image--layout-overlay__inner.top-left,.wp-block-uagb-image--layout-overlay__inner.center-left,.wp-block-uagb-image--layout-overlay__inner.bottom-left{align-items:flex-start}.wp-block-uagb-image--layout-overlay__inner.top-right,.wp-block-uagb-image--layout-overlay__inner.center-right,.wp-block-uagb-image--layout-overlay__inner.bottom-right{align-items:flex-end}.wp-block-uagb-image--layout-overlay__inner .uagb-image-heading{color:#fff;transition:transform .35s,opacity .35s ease-in-out;transform:translate3d(0, 24px, 0);margin:0;line-height:1em}.wp-block-uagb-image--layout-overlay__inner .uagb-image-separator{width:30%;border-top-width:2px;border-top-color:#fff;border-top-style:solid;margin-bottom:10px;opacity:0;transition:transform .4s,opacity .4s ease-in-out;transform:translate3d(0, 30px, 0)}.wp-block-uagb-image--layout-overlay__inner .uagb-image-caption{opacity:0;overflow:visible;color:#fff;transition:transform .45s,opacity .45s ease-in-out;transform:translate3d(0, 35px, 0)}.wp-block-uagb-image--layout-overlay__inner:hover .uagb-image-heading,.wp-block-uagb-image--layout-overlay__inner:hover .uagb-image-separator,.wp-block-uagb-image--layout-overlay__inner:hover .uagb-image-caption{opacity:1;transform:translate3d(0, 0, 0)}.wp-block-uagb-image--effect-zoomin .wp-block-uagb-image__figure img,.wp-block-uagb-image--effect-zoomin .wp-block-uagb-image__figure .wp-block-uagb-image--layout-overlay__color-wrapper{transform:scale(1);transition:transform .35s ease-in-out}.wp-block-uagb-image--effect-zoomin .wp-block-uagb-image__figure:hover img,.wp-block-uagb-image--effect-zoomin .wp-block-uagb-image__figure:hover .wp-block-uagb-image--layout-overlay__color-wrapper{transform:scale(1.05)}.wp-block-uagb-image--effect-slide .wp-block-uagb-image__figure img,.wp-block-uagb-image--effect-slide .wp-block-uagb-image__figure .wp-block-uagb-image--layout-overlay__color-wrapper{width:calc(100% + 40px) !important;max-width:none !important;transform:translate3d(-40px, 0, 0);transition:transform .35s ease-in-out}.wp-block-uagb-image--effect-slide .wp-block-uagb-image__figure:hover img,.wp-block-uagb-image--effect-slide .wp-block-uagb-image__figure:hover .wp-block-uagb-image--layout-overlay__color-wrapper{transform:translate3d(0, 0, 0)}.wp-block-uagb-image--effect-grayscale img{filter:grayscale(0%);transition:.35s ease-in-out}.wp-block-uagb-image--effect-grayscale:hover img{filter:grayscale(100%)}.wp-block-uagb-image--effect-blur img{filter:blur(0);transition:.35s ease-in-out}.wp-block-uagb-image--effect-blur:hover img{filter:blur(3px)}.uagb-block-e6f939b3.wp-block-uagb-image--layout-default figure img{box-shadow: 0px 0px 0 #00000070;}.uagb-block-e6f939b3.wp-block-uagb-image .wp-block-uagb-image__figure figcaption{font-style: normal;align-self: center;}.uagb-block-e6f939b3.wp-block-uagb-image--layout-overlay figure img{box-shadow: 0px 0px 0 #00000070;}.uagb-block-e6f939b3.wp-block-uagb-image--layout-overlay .wp-block-uagb-image--layout-overlay__color-wrapper{opacity: 0.2;}.uagb-block-e6f939b3.wp-block-uagb-image--layout-overlay .wp-block-uagb-image--layout-overlay__inner{left: 15px;right: 15px;top: 15px;bottom: 15px;}.uagb-block-e6f939b3.wp-block-uagb-image--layout-overlay .wp-block-uagb-image--layout-overlay__inner .uagb-image-heading{font-style: normal;color: #fff;opacity: 1;}.uagb-block-e6f939b3.wp-block-uagb-image--layout-overlay .wp-block-uagb-image--layout-overlay__inner .uagb-image-heading a{color: #fff;}.uagb-block-e6f939b3.wp-block-uagb-image--layout-overlay .wp-block-uagb-image--layout-overlay__inner .uagb-image-caption{opacity: 0;}.uagb-block-e6f939b3.wp-block-uagb-image--layout-overlay .wp-block-uagb-image__figure:hover .wp-block-uagb-image--layout-overlay__color-wrapper{opacity: 1;}.uagb-block-e6f939b3.wp-block-uagb-image .wp-block-uagb-image--layout-overlay__inner .uagb-image-separator{width: 30%;border-top-width: 2px;border-top-color: #fff;opacity: 0;}.uagb-block-e6f939b3.wp-block-uagb-image .wp-block-uagb-image__figure img{width: px;height: auto;}.uagb-block-e6f939b3.wp-block-uagb-image .wp-block-uagb-image__figure:hover .wp-block-uagb-image--layout-overlay__inner .uagb-image-caption{opacity: 1;}.uagb-block-e6f939b3.wp-block-uagb-image .wp-block-uagb-image__figure:hover .wp-block-uagb-image--layout-overlay__inner .uagb-image-separator{opacity: 1;}.uagb-block-e6f939b3.wp-block-uagb-image--layout-default figure:hover img{box-shadow: 0px 0px 0 #00000070;}.uagb-block-e6f939b3.wp-block-uagb-image--layout-overlay figure:hover img{box-shadow: 0px 0px 0 #00000070;}@media only screen and (max-width: 976px) {.uagb-block-e6f939b3.wp-block-uagb-image .wp-block-uagb-image__figure img{width: px;height: auto;}}@media only screen and (max-width: 767px) {.uagb-block-e6f939b3.wp-block-uagb-image .wp-block-uagb-image__figure img{width: px;height: auto;}}\";s:2:\"js\";s:0:\"\";s:18:\"current_block_list\";a:13:{i:0;s:11:\"core\/search\";i:1;s:10:\"core\/group\";i:2;s:12:\"core\/heading\";i:3;s:17:\"core\/latest-posts\";i:4;s:20:\"core\/latest-comments\";i:5;s:13:\"core\/archives\";i:6;s:15:\"core\/categories\";i:7;s:14:\"core\/paragraph\";i:8;s:10:\"uagb\/image\";i:9;s:11:\"core\/spacer\";i:10;s:30:\"woocommerce\/product-categories\";i:11;s:10:\"core\/image\";i:12;s:14:\"core\/shortcode\";}s:8:\"uag_flag\";b:1;s:11:\"uag_version\";s:10:\"1777310200\";s:6:\"gfonts\";a:0:{}s:10:\"gfonts_url\";s:0:\"\";s:12:\"gfonts_files\";a:0:{}s:14:\"uag_faq_layout\";b:0;}"]},"uagb_featured_image_src":{"full":["https:\/\/www.ferberpainting.com\/wp-content\/uploads\/2025\/05\/PepperandChiliFertilizer5L.png",2560,2560,false],"thumbnail":["https:\/\/www.ferberpainting.com\/wp-content\/uploads\/2025\/05\/PepperandChiliFertilizer5L-150x150.png",150,150,true],"medium":["https:\/\/www.ferberpainting.com\/wp-content\/uploads\/2025\/05\/PepperandChiliFertilizer5L-300x300.png",300,300,true],"medium_large":["https:\/\/www.ferberpainting.com\/wp-content\/uploads\/2025\/05\/PepperandChiliFertilizer5L-768x768.png",768,768,true],"large":["https:\/\/www.ferberpainting.com\/wp-content\/uploads\/2025\/05\/PepperandChiliFertilizer5L-1024x1024.png",1024,1024,true],"1536x1536":["https:\/\/www.ferberpainting.com\/wp-content\/uploads\/2025\/05\/PepperandChiliFertilizer5L-1536x1536.png",1536,1536,true],"2048x2048":["https:\/\/www.ferberpainting.com\/wp-content\/uploads\/2025\/05\/PepperandChiliFertilizer5L-2048x2048.png",2048,2048,true],"trp-custom-language-flag":["https:\/\/www.ferberpainting.com\/wp-content\/uploads\/2025\/05\/PepperandChiliFertilizer5L-12x12.png",12,12,true],"woocommerce_thumbnail":["https:\/\/www.ferberpainting.com\/wp-content\/uploads\/2025\/05\/PepperandChiliFertilizer5L-300x300.png",300,300,true],"woocommerce_single":["https:\/\/www.ferberpainting.com\/wp-content\/uploads\/2025\/05\/PepperandChiliFertilizer5L-600x600.png",600,600,true],"woocommerce_gallery_thumbnail":["https:\/\/www.ferberpainting.com\/wp-content\/uploads\/2025\/05\/PepperandChiliFertilizer5L-100x100.png",100,100,true]},"uagb_author_info":{"display_name":"admin","author_link":"https:\/\/www.ferberpainting.com\/lv\/author\/"},"uagb_comment_info":8,"uagb_excerpt":"A fertilizer specially designed for healthy and flavorful chili peppers.\u00a0This fertilizer is formulated to meet the specific needs of pepper plants, promoting vigorous growth, abundant flowering, and the production of spicy and tasty fruits. Thanks to its perfect balance of nitrogen (N), phosphorus (P), and potassium (K) with a 15-15-15 NPK, it stimulates root development,&hellip;","_links":{"self":[{"href":"https:\/\/www.ferberpainting.com\/lv\/wp-json\/wp\/v2\/product\/24768","targetHints":{"allow":["GET"]}}],"collection":[{"href":"https:\/\/www.ferberpainting.com\/lv\/wp-json\/wp\/v2\/product"}],"about":[{"href":"https:\/\/www.ferberpainting.com\/lv\/wp-json\/wp\/v2\/types\/product"}],"replies":[{"embeddable":true,"href":"https:\/\/www.ferberpainting.com\/lv\/wp-json\/wp\/v2\/comments?post=24768"}],"version-history":[{"count":4,"href":"https:\/\/www.ferberpainting.com\/lv\/wp-json\/wp\/v2\/product\/24768\/revisions"}],"predecessor-version":[{"id":166712,"href":"https:\/\/www.ferberpainting.com\/lv\/wp-json\/wp\/v2\/product\/24768\/revisions\/166712"}],"wp:featuredmedia":[{"embeddable":true,"href":"https:\/\/www.ferberpainting.com\/lv\/wp-json\/wp\/v2\/media\/26624"}],"wp:attachment":[{"href":"https:\/\/www.ferberpainting.com\/lv\/wp-json\/wp\/v2\/media?parent=24768"}],"wp:term":[{"taxonomy":"product_brand","embeddable":true,"href":"https:\/\/www.ferberpainting.com\/lv\/wp-json\/wp\/v2\/product_brand?post=24768"},{"taxonomy":"product_cat","embeddable":true,"href":"https:\/\/www.ferberpainting.com\/lv\/wp-json\/wp\/v2\/product_cat?post=24768"},{"taxonomy":"product_tag","embeddable":true,"href":"https:\/\/www.ferberpainting.com\/lv\/wp-json\/wp\/v2\/product_tag?post=24768"}],"curies":[{"name":"wp","href":"https:\/\/api.w.org\/{rel}","templated":true}]}}