{"id":24765,"date":"2025-05-26T10:27:02","date_gmt":"2025-05-26T08:27:02","guid":{"rendered":"https:\/\/www.ferberpainting.com\/products\/peace-lily-and-spathiphyllum-fertilizer\/"},"modified":"2026-02-15T23:47:35","modified_gmt":"2026-02-15T22:47:35","slug":"peace-lily-and-spathiphyllum-fertilizer","status":"publish","type":"product","link":"https:\/\/www.ferberpainting.com\/lv\/products\/peace-lily-and-spathiphyllum-fertilizer\/","title":{"rendered":"Miera liliju un Spathiphyllum m\u0113slojums"},"content":{"rendered":"<p><strong><img decoding=\"async\" style=\"margin-right: 12px;\" src=\"https:\/\/www.ferberpainting.com\/wp-content\/uploads\/2026\/02\/Check.svg\" alt=\"\" width=\"18\" height=\"15\" \/>Sp\u0113c\u012bgs m\u0113slojums optim\u0101lai aug\u0161anai un bag\u0101t\u012bgai zied\u0113\u0161anai.<\/strong>\u00a0\u0160is m\u0113slojums ir \u012bpa\u0161i izstr\u0101d\u0101ts spathiphyllum, kas paz\u012bstams ar\u012b k\u0101 miera lilija, un nodro\u0161ina j\u016bsu augu ar vis\u0101m nepiecie\u0161amaj\u0101m bar\u012bbas viel\u0101m harmoniskai att\u012bst\u012bbai. Pateicoties sabalans\u0113tam sl\u0101pek\u013ca, fosfora un k\u0101lija saturam (NPK 15-15-15), tas stimul\u0113 lapu aug\u0161anu, veicina regul\u0101ru un intens\u012bvu zied\u0113\u0161anu, vienlaikus stiprinot iztur\u012bbu pret slim\u012bb\u0101m un vides stresu.<\/p>\n<p><strong><img decoding=\"async\" style=\"margin-right: 12px;\" src=\"https:\/\/www.ferberpainting.com\/wp-content\/uploads\/2026\/02\/Check.svg\" alt=\"\" width=\"18\" height=\"15\" \/>Naudas atmaksas garantija. <\/strong>M\u0113s esam p\u0101rliecin\u0101ti par m\u016bsu m\u0113slojuma efektivit\u0101ti un pied\u0101v\u0101jam naudas atmaksas garantiju. Ja p\u0113c pareizas lieto\u0161anas j\u016bs nepaman\u012bsiet nek\u0101du labv\u0113l\u012bgu ietekmi uz j\u016bsu spathiphyllum aug\u0161anu un zied\u0113\u0161anu, m\u0113s ap\u0146emamies jums piln\u012bb\u0101 atmaks\u0101t naudu.<\/p>\n<p><strong><img decoding=\"async\" style=\"margin-right: 12px;\" src=\"https:\/\/www.ferberpainting.com\/wp-content\/uploads\/2026\/02\/Check.svg\" alt=\"\" width=\"18\" height=\"15\" \/>Sader\u012bgs ar visiem audz\u0113\u0161anas apst\u0101k\u013ciem.<\/strong>\u00a0\u0160is m\u0113slojums ir piem\u0113rots vis\u0101m spathiphyllum \u0161\u0137irn\u0113m, neatkar\u012bgi no t\u0101, vai t\u0101s audz\u0113 podos, telp\u0101s vai siltumn\u012bc\u0101s. Tas ir piem\u0113rots ar\u012b da\u017e\u0101diem substr\u0101tiem, \u012bpa\u0161i mais\u012bjumiem uz k\u016bdras, podi\u0146u augsnes vai perl\u012bta b\u0101zes. Tas optimiz\u0113 bar\u012bbas vielu uzs\u016bk\u0161anos, piel\u0101gojot augsnes pH, t\u0101d\u0113j\u0101di nodro\u0161inot l\u012bdzsvarotu un ilgsto\u0161u aug\u0161anu.<\/p>\n<p><strong><img decoding=\"async\" style=\"margin-right: 12px;\" src=\"https:\/\/www.ferberpainting.com\/wp-content\/uploads\/2026\/02\/Check.svg\" alt=\"\" width=\"18\" height=\"15\" \/>Rentabla ra\u017ea ar ilgsto\u0161u iedarb\u012bbu.<\/strong>\u00a0Izstr\u0101d\u0101ts k\u0101 \u012bpa\u0161i koncentr\u0113ts produkts, \u0161is m\u0113slojums nodro\u0161ina efekt\u012bvu at\u0161\u0137aid\u012b\u0161anu, t\u0101d\u0113j\u0101di nodro\u0161inot ilgsto\u0161u lieto\u0161anu. No 5 litru trauka var pagatavot l\u012bdz pat 1000 litriem m\u0113slo\u0161anas \u0161\u0137\u012bduma, kas sedz lielu audz\u0113\u0161anas plat\u012bbu un garant\u0113 optim\u0101lu baro\u0161anu vair\u0101ku m\u0113ne\u0161u garum\u0101.<\/p>\n<p><strong><img decoding=\"async\" style=\"margin-right: 12px;\" src=\"https:\/\/www.ferberpainting.com\/wp-content\/uploads\/2026\/02\/Check.svg\" alt=\"\" width=\"18\" height=\"15\" \/>Videi draudz\u012bgs un augiem dro\u0161s m\u0113slojums.<\/strong>\u00a0M\u016bsu produkts ir izstr\u0101d\u0101ts bez sp\u0113c\u012bg\u0101m \u0137\u012bmisk\u0101m piedev\u0101m, t\u0101p\u0113c tas ir dro\u0161s sakn\u0113m un ekosist\u0113mai. Tas nededzina lapas, nerada toksiskus nogulsnes un nepies\u0101r\u0146o grunts\u016bde\u0146us. T\u0101p\u0113c tas ir ide\u0101li piem\u0113rots videi draudz\u012bgai audz\u0113\u0161anai.<\/p>\n<p><strong><img decoding=\"async\" style=\"margin-right: 12px;\" src=\"https:\/\/www.ferberpainting.com\/wp-content\/uploads\/2026\/02\/Check.svg\" alt=\"\" width=\"18\" height=\"15\" \/>Viegli lietojama lietojumprogramma visiem d\u0101rzkopjiem.<\/strong>\u00a0\u0160o m\u0113slojumu ir \u013coti viegli lietot, jo t\u0101 sast\u0101vs ir \u0161\u0137idrs un \u0161\u0137\u012bsto\u0161s. Tas \u0101tri iz\u0161\u0137\u012bst \u016bden\u012b un tiek lietots tie\u0161i pie auga pamatnes. Nav nepiecie\u0161amas \u012bpa\u0161as iema\u0146as, t\u0101p\u0113c tas ir ide\u0101li piem\u0113rots gan ies\u0101c\u0113jiem, gan d\u0101rzkop\u012bbas ekspertiem.<\/p>\n<p><strong><img decoding=\"async\" style=\"margin-right: 12px;\" src=\"https:\/\/www.ferberpainting.com\/wp-content\/uploads\/2026\/02\/Check.svg\" alt=\"\" width=\"18\" height=\"15\" \/>Pagarin\u0101ta darb\u012bba ilgsto\u0161ai un sp\u0113c\u012bgai zied\u0113\u0161anai.<\/strong>\u00a0Pateicoties pak\u0101peniskai izdal\u012b\u0161anai, \u0161is m\u0113slojums nodro\u0161ina past\u0101v\u012bgu bar\u012bbas vielu padevi spatif\u012blij\u0101m, t\u0101d\u0113j\u0101di nov\u0113r\u0161ot bar\u012bbas vielu tr\u016bkumu. Tas stiprina stubl\u0101jus un lapotni, nodro\u0161inot sp\u0113c\u012bg\u0101ku augu, kas ir iztur\u012bg\u0101ks pret \u0101r\u0113jo agresiju.<\/p>\n<p><strong><img decoding=\"async\" style=\"margin-right: 12px;\" src=\"https:\/\/www.ferberpainting.com\/wp-content\/uploads\/2026\/02\/Check.svg\" alt=\"\" width=\"18\" height=\"15\" \/>Redzami rezult\u0101ti uzreiz.<\/strong>\u00a0Jau p\u0113c pirmajiem lieto\u0161anas reiz\u0113m j\u016bs nov\u0113rosiet iev\u0113rojamu lapu kr\u0101sas uzlabo\u0161anos, sp\u0113c\u012bg\u0101ku aug\u0161anu un ziedu skaita palielin\u0101\u0161anos. Tad j\u016bsu spatifiks uzzied\u0113s satrieco\u0161i balti ziedi, piln\u012bb\u0101 atkl\u0101jot t\u0101 k\u0101 kr\u0101\u0161\u0146a dekorat\u012bva auga potenci\u0101lu.<\/p>\n<h2><strong>Lieto\u0161anas protokols<\/strong><\/h2>\n<p><strong>Ieteicam\u0101 deva <\/strong>:<\/p>\n<ul>\n<li><strong>Ve\u0123et\u0101cijas period\u0101 (pavasar\u012b-vasar\u0101) <\/strong>: at\u0161\u0137aidiet 5 ml m\u0113slojuma uz litru \u016bdens un laistiet reizi div\u0101s ned\u0113\u013c\u0101s.<\/li>\n<li><strong>Zied\u0113\u0161anas laik\u0101 <\/strong>: lietot reizi ned\u0113\u013c\u0101, lai veicin\u0101tu ziedu veido\u0161anos.<\/li>\n<li><strong>Rudens-ziemas laik\u0101<\/strong>: laistiet augu reizi m\u0113nes\u012b, lai izvair\u012btos no t\u0101 p\u0101rslodzes ve\u0123etat\u012bv\u0101 miera period\u0101.<\/li>\n<\/ul>\n<p><strong>Piem\u0113ro\u0161anas metode <\/strong>:<\/p>\n<ul>\n<li>Sajauciet m\u0113slojumu ar \u016bdeni atbilsto\u0161i nor\u0101d\u012btaj\u0101m proporcij\u0101m.<\/li>\n<li>Laistiet tie\u0161i pie auga pamatnes, izvairoties no saskares ar lapotni.<\/li>\n<li>Uzkl\u0101jiet no r\u012bta vai dienas beig\u0101s, lai optimiz\u0113tu bar\u012bbas vielu uzs\u016bk\u0161anos.<\/li>\n<\/ul>\n<p><strong>Lieto\u0161anas piesardz\u012bbas pas\u0101kumi <\/strong>:<\/p>\n<ul>\n<li>Stingri iev\u0113rojiet devu, lai izvair\u012btos no p\u0101rm\u0113r\u012bgas m\u0113slo\u0161anas.<\/li>\n<li>Uzglab\u0101jiet trauku v\u0113s\u0101, saus\u0101 viet\u0101, prom no gaismas.<\/li>\n<li>Nelietot uz slimiem augiem vai augiem, kuriem ir \u016bdens tr\u016bkums.<\/li>\n<\/ul>\n<p>Ar \u0161o m\u0113slojumu spathiphyllum un miera lilijai j\u016bs nodro\u0161in\u0101siet savam augam sul\u012bgu aug\u0161anu un ilgsto\u0161u zied\u0113\u0161anu. T\u0101 \u0101tr\u0101 iedarb\u012bba un sabalans\u0113tais sast\u0101vs padara to par b\u016btisku sabiedroto visiem elegantu un ziedo\u0161u istabas augu cien\u012bt\u0101jiem.<\/p>","protected":false},"excerpt":{"rendered":"<p>A powerful fertilizer for optimal growth and abundant flowering.\u00a0Specially designed for spathiphyllum, also known as peace lily, this fertilizer provides your plant with all the essential nutrients for harmonious development. Thanks to its balanced content of nitrogen, phosphorus and potassium (NPK 15-15-15), it stimulates leaf growth, promotes more regular and intense flowering while strengthening resistance [&hellip;]<\/p>\n","protected":false},"featured_media":26622,"comment_status":"open","ping_status":"closed","template":"","meta":{"_uag_custom_page_level_css":"","site-sidebar-layout":"default","site-content-layout":"","ast-site-content-layout":"default","site-content-style":"default","site-sidebar-style":"default","ast-global-header-display":"","ast-banner-title-visibility":"","ast-main-header-display":"","ast-hfb-above-header-display":"","ast-hfb-below-header-display":"","ast-hfb-mobile-header-display":"","site-post-title":"","ast-breadcrumbs-content":"","ast-featured-img":"","footer-sml-layout":"","ast-disable-related-posts":"","theme-transparent-header-meta":"default","adv-header-id-meta":"","stick-header-meta":"","header-above-stick-meta":"","header-main-stick-meta":"","header-below-stick-meta":"","astra-migrate-meta-layouts":"set","ast-page-background-enabled":"default","ast-page-background-meta":{"desktop":{"background-color":"var(--ast-global-color-4)","background-image":"","background-repeat":"repeat","background-position":"center center","background-size":"auto","background-attachment":"scroll","background-type":"","background-media":"","overlay-type":"","overlay-color":"","overlay-opacity":"","overlay-gradient":""},"tablet":{"background-color":"","background-image":"","background-repeat":"repeat","background-position":"center center","background-size":"auto","background-attachment":"scroll","background-type":"","background-media":"","overlay-type":"","overlay-color":"","overlay-opacity":"","overlay-gradient":""},"mobile":{"background-color":"","background-image":"","background-repeat":"repeat","background-position":"center center","background-size":"auto","background-attachment":"scroll","background-type":"","background-media":"","overlay-type":"","overlay-color":"","overlay-opacity":"","overlay-gradient":""}},"ast-content-background-meta":{"desktop":{"background-color":"var(--ast-global-color-5)","background-image":"","background-repeat":"repeat","background-position":"center center","background-size":"auto","background-attachment":"scroll","background-type":"","background-media":"","overlay-type":"","overlay-color":"","overlay-opacity":"","overlay-gradient":""},"tablet":{"background-color":"var(--ast-global-color-5)","background-image":"","background-repeat":"repeat","background-position":"center center","background-size":"auto","background-attachment":"scroll","background-type":"","background-media":"","overlay-type":"","overlay-color":"","overlay-opacity":"","overlay-gradient":""},"mobile":{"background-color":"var(--ast-global-color-5)","background-image":"","background-repeat":"repeat","background-position":"center center","background-size":"auto","background-attachment":"scroll","background-type":"","background-media":"","overlay-type":"","overlay-color":"","overlay-opacity":"","overlay-gradient":""}}},"product_brand":[],"product_cat":[178],"product_tag":[],"class_list":{"0":"post-24765","1":"product","2":"type-product","3":"status-publish","4":"has-post-thumbnail","6":"product_cat-fertilizers","7":"desktop-align-left","8":"tablet-align-left","9":"mobile-align-left","11":"first","12":"instock","13":"sale","14":"taxable","15":"shipping-taxable","16":"purchasable","17":"product-type-variable","18":"has-default-attributes"},"spectra_custom_meta":{"_visibility":["visible"],"_shopify_product_id":["9072670834933"],"_s2w_shopify_domain":["ferberpainting.myshopify.com"],"_shopify_variant_id":["46522176471285"],"_sku":[""],"_manage_stock":["no"],"total_sales":["0"],"_tax_status":["taxable"],"_tax_class":[""],"_backorders":["no"],"_sold_individually":["no"],"_virtual":["no"],"_downloadable":["no"],"_download_limit":["-1"],"_download_expiry":["-1"],"_stock":[null],"_stock_status":["instock"],"_wc_average_rating":["4.63"],"_wc_review_count":["8"],"_product_attributes":["a:1:{s:6:\"volume\";a:6:{s:4:\"name\";s:6:\"Volume\";s:5:\"value\";s:20:\"5 liters | 25 liters\";s:8:\"position\";i:1;s:10:\"is_visible\";i:0;s:12:\"is_variation\";i:1;s:11:\"is_taxonomy\";i:0;}}"],"_product_version":["10.5.1"],"_thumbnail_id":["26622"],"_product_image_gallery":["26623"],"wpse_downloadable_file_names":[""],"wpse_downloadable_file_urls":[""],"_edit_last":["1"],"_default_attributes":["a:1:{s:6:\"volume\";s:8:\"5 liters\";}"],"_edit_lock":["1771195568:1"],"_price":["29.90","129.90"],"merchant-center-availability":["yes"],"merchant-center-category":["113"],"_wp_page_template":["default"],"site-sidebar-layout":["default"],"ast-site-content-layout":["default"],"site-content-style":["default"],"site-sidebar-style":["default"],"theme-transparent-header-meta":["default"],"_wc_rating_count":["a:2:{i:4;i:3;i:5;i:5;}"],"astra-migrate-meta-layouts":["set"],"_uag_css_file_name":["uag-css-24765.css"],"_elementor_page_assets":["a:0:{}"],"_uag_page_assets":["a:9:{s:3:\"css\";s:6873:\".wp-block-uagb-image{display:flex}.wp-block-uagb-image__figure{position:relative;display:flex;flex-direction:column;max-width:100%;height:auto;margin:0}.wp-block-uagb-image__figure img{height:auto;display:flex;max-width:100%;transition:box-shadow .2s ease}.wp-block-uagb-image__figure>a{display:inline-block}.wp-block-uagb-image__figure figcaption{text-align:center;margin-top:.5em;margin-bottom:1em}.wp-block-uagb-image .components-placeholder.block-editor-media-placeholder .components-placeholder__instructions{align-self:center}.wp-block-uagb-image--align-left{text-align:left}.wp-block-uagb-image--align-right{text-align:right}.wp-block-uagb-image--align-center{text-align:center}.wp-block-uagb-image--align-full .wp-block-uagb-image__figure{margin-left:calc(50% - 50vw);margin-right:calc(50% - 50vw);max-width:100vw;width:100vw;height:auto}.wp-block-uagb-image--align-full .wp-block-uagb-image__figure img{height:auto;width:100% !important}.wp-block-uagb-image--align-wide .wp-block-uagb-image__figure img{height:auto;width:100%}.wp-block-uagb-image--layout-overlay__color-wrapper{position:absolute;left:0;top:0;right:0;bottom:0;opacity:.2;background:rgba(0,0,0,.5);transition:opacity .35s ease-in-out}.wp-block-uagb-image--layout-overlay-link{position:absolute;left:0;right:0;bottom:0;top:0}.wp-block-uagb-image--layout-overlay .wp-block-uagb-image__figure:hover .wp-block-uagb-image--layout-overlay__color-wrapper{opacity:1}.wp-block-uagb-image--layout-overlay__inner{position:absolute;left:15px;right:15px;bottom:15px;top:15px;display:flex;align-items:center;justify-content:center;flex-direction:column;border-color:#fff;transition:.35s ease-in-out}.wp-block-uagb-image--layout-overlay__inner.top-left,.wp-block-uagb-image--layout-overlay__inner.top-center,.wp-block-uagb-image--layout-overlay__inner.top-right{justify-content:flex-start}.wp-block-uagb-image--layout-overlay__inner.bottom-left,.wp-block-uagb-image--layout-overlay__inner.bottom-center,.wp-block-uagb-image--layout-overlay__inner.bottom-right{justify-content:flex-end}.wp-block-uagb-image--layout-overlay__inner.top-left,.wp-block-uagb-image--layout-overlay__inner.center-left,.wp-block-uagb-image--layout-overlay__inner.bottom-left{align-items:flex-start}.wp-block-uagb-image--layout-overlay__inner.top-right,.wp-block-uagb-image--layout-overlay__inner.center-right,.wp-block-uagb-image--layout-overlay__inner.bottom-right{align-items:flex-end}.wp-block-uagb-image--layout-overlay__inner .uagb-image-heading{color:#fff;transition:transform .35s,opacity .35s ease-in-out;transform:translate3d(0, 24px, 0);margin:0;line-height:1em}.wp-block-uagb-image--layout-overlay__inner .uagb-image-separator{width:30%;border-top-width:2px;border-top-color:#fff;border-top-style:solid;margin-bottom:10px;opacity:0;transition:transform .4s,opacity .4s ease-in-out;transform:translate3d(0, 30px, 0)}.wp-block-uagb-image--layout-overlay__inner .uagb-image-caption{opacity:0;overflow:visible;color:#fff;transition:transform .45s,opacity .45s ease-in-out;transform:translate3d(0, 35px, 0)}.wp-block-uagb-image--layout-overlay__inner:hover .uagb-image-heading,.wp-block-uagb-image--layout-overlay__inner:hover .uagb-image-separator,.wp-block-uagb-image--layout-overlay__inner:hover .uagb-image-caption{opacity:1;transform:translate3d(0, 0, 0)}.wp-block-uagb-image--effect-zoomin .wp-block-uagb-image__figure img,.wp-block-uagb-image--effect-zoomin .wp-block-uagb-image__figure .wp-block-uagb-image--layout-overlay__color-wrapper{transform:scale(1);transition:transform .35s ease-in-out}.wp-block-uagb-image--effect-zoomin .wp-block-uagb-image__figure:hover img,.wp-block-uagb-image--effect-zoomin .wp-block-uagb-image__figure:hover .wp-block-uagb-image--layout-overlay__color-wrapper{transform:scale(1.05)}.wp-block-uagb-image--effect-slide .wp-block-uagb-image__figure img,.wp-block-uagb-image--effect-slide .wp-block-uagb-image__figure .wp-block-uagb-image--layout-overlay__color-wrapper{width:calc(100% + 40px) !important;max-width:none !important;transform:translate3d(-40px, 0, 0);transition:transform .35s ease-in-out}.wp-block-uagb-image--effect-slide .wp-block-uagb-image__figure:hover img,.wp-block-uagb-image--effect-slide .wp-block-uagb-image__figure:hover .wp-block-uagb-image--layout-overlay__color-wrapper{transform:translate3d(0, 0, 0)}.wp-block-uagb-image--effect-grayscale img{filter:grayscale(0%);transition:.35s ease-in-out}.wp-block-uagb-image--effect-grayscale:hover img{filter:grayscale(100%)}.wp-block-uagb-image--effect-blur img{filter:blur(0);transition:.35s ease-in-out}.wp-block-uagb-image--effect-blur:hover img{filter:blur(3px)}.uagb-block-e6f939b3.wp-block-uagb-image--layout-default figure img{box-shadow: 0px 0px 0 #00000070;}.uagb-block-e6f939b3.wp-block-uagb-image .wp-block-uagb-image__figure figcaption{font-style: normal;align-self: center;}.uagb-block-e6f939b3.wp-block-uagb-image--layout-overlay figure img{box-shadow: 0px 0px 0 #00000070;}.uagb-block-e6f939b3.wp-block-uagb-image--layout-overlay .wp-block-uagb-image--layout-overlay__color-wrapper{opacity: 0.2;}.uagb-block-e6f939b3.wp-block-uagb-image--layout-overlay .wp-block-uagb-image--layout-overlay__inner{left: 15px;right: 15px;top: 15px;bottom: 15px;}.uagb-block-e6f939b3.wp-block-uagb-image--layout-overlay .wp-block-uagb-image--layout-overlay__inner .uagb-image-heading{font-style: normal;color: #fff;opacity: 1;}.uagb-block-e6f939b3.wp-block-uagb-image--layout-overlay .wp-block-uagb-image--layout-overlay__inner .uagb-image-heading a{color: #fff;}.uagb-block-e6f939b3.wp-block-uagb-image--layout-overlay .wp-block-uagb-image--layout-overlay__inner .uagb-image-caption{opacity: 0;}.uagb-block-e6f939b3.wp-block-uagb-image--layout-overlay .wp-block-uagb-image__figure:hover .wp-block-uagb-image--layout-overlay__color-wrapper{opacity: 1;}.uagb-block-e6f939b3.wp-block-uagb-image .wp-block-uagb-image--layout-overlay__inner .uagb-image-separator{width: 30%;border-top-width: 2px;border-top-color: #fff;opacity: 0;}.uagb-block-e6f939b3.wp-block-uagb-image .wp-block-uagb-image__figure img{width: px;height: auto;}.uagb-block-e6f939b3.wp-block-uagb-image .wp-block-uagb-image__figure:hover .wp-block-uagb-image--layout-overlay__inner .uagb-image-caption{opacity: 1;}.uagb-block-e6f939b3.wp-block-uagb-image .wp-block-uagb-image__figure:hover .wp-block-uagb-image--layout-overlay__inner .uagb-image-separator{opacity: 1;}.uagb-block-e6f939b3.wp-block-uagb-image--layout-default figure:hover img{box-shadow: 0px 0px 0 #00000070;}.uagb-block-e6f939b3.wp-block-uagb-image--layout-overlay figure:hover img{box-shadow: 0px 0px 0 #00000070;}@media only screen and (max-width: 976px) {.uagb-block-e6f939b3.wp-block-uagb-image .wp-block-uagb-image__figure img{width: px;height: auto;}}@media only screen and (max-width: 767px) {.uagb-block-e6f939b3.wp-block-uagb-image .wp-block-uagb-image__figure img{width: px;height: auto;}}\";s:2:\"js\";s:0:\"\";s:18:\"current_block_list\";a:13:{i:0;s:11:\"core\/search\";i:1;s:10:\"core\/group\";i:2;s:12:\"core\/heading\";i:3;s:17:\"core\/latest-posts\";i:4;s:20:\"core\/latest-comments\";i:5;s:13:\"core\/archives\";i:6;s:15:\"core\/categories\";i:7;s:14:\"core\/paragraph\";i:8;s:10:\"uagb\/image\";i:9;s:11:\"core\/spacer\";i:10;s:30:\"woocommerce\/product-categories\";i:11;s:10:\"core\/image\";i:12;s:14:\"core\/shortcode\";}s:8:\"uag_flag\";b:1;s:11:\"uag_version\";s:10:\"1777336057\";s:6:\"gfonts\";a:0:{}s:10:\"gfonts_url\";s:0:\"\";s:12:\"gfonts_files\";a:0:{}s:14:\"uag_faq_layout\";b:0;}"]},"uagb_featured_image_src":{"full":["https:\/\/www.ferberpainting.com\/wp-content\/uploads\/2025\/05\/PeaceLilyandSpathiphyllumFertilizer5L.png",2560,2560,false],"thumbnail":["https:\/\/www.ferberpainting.com\/wp-content\/uploads\/2025\/05\/PeaceLilyandSpathiphyllumFertilizer5L-150x150.png",150,150,true],"medium":["https:\/\/www.ferberpainting.com\/wp-content\/uploads\/2025\/05\/PeaceLilyandSpathiphyllumFertilizer5L-300x300.png",300,300,true],"medium_large":["https:\/\/www.ferberpainting.com\/wp-content\/uploads\/2025\/05\/PeaceLilyandSpathiphyllumFertilizer5L-768x768.png",768,768,true],"large":["https:\/\/www.ferberpainting.com\/wp-content\/uploads\/2025\/05\/PeaceLilyandSpathiphyllumFertilizer5L-1024x1024.png",1024,1024,true],"1536x1536":["https:\/\/www.ferberpainting.com\/wp-content\/uploads\/2025\/05\/PeaceLilyandSpathiphyllumFertilizer5L-1536x1536.png",1536,1536,true],"2048x2048":["https:\/\/www.ferberpainting.com\/wp-content\/uploads\/2025\/05\/PeaceLilyandSpathiphyllumFertilizer5L-2048x2048.png",2048,2048,true],"trp-custom-language-flag":["https:\/\/www.ferberpainting.com\/wp-content\/uploads\/2025\/05\/PeaceLilyandSpathiphyllumFertilizer5L-12x12.png",12,12,true],"woocommerce_thumbnail":["https:\/\/www.ferberpainting.com\/wp-content\/uploads\/2025\/05\/PeaceLilyandSpathiphyllumFertilizer5L-300x300.png",300,300,true],"woocommerce_single":["https:\/\/www.ferberpainting.com\/wp-content\/uploads\/2025\/05\/PeaceLilyandSpathiphyllumFertilizer5L-600x600.png",600,600,true],"woocommerce_gallery_thumbnail":["https:\/\/www.ferberpainting.com\/wp-content\/uploads\/2025\/05\/PeaceLilyandSpathiphyllumFertilizer5L-100x100.png",100,100,true]},"uagb_author_info":{"display_name":"admin","author_link":"https:\/\/www.ferberpainting.com\/lv\/author\/"},"uagb_comment_info":8,"uagb_excerpt":"A powerful fertilizer for optimal growth and abundant flowering.\u00a0Specially designed for spathiphyllum, also known as peace lily, this fertilizer provides your plant with all the essential nutrients for harmonious development. Thanks to its balanced content of nitrogen, phosphorus and potassium (NPK 15-15-15), it stimulates leaf growth, promotes more regular and intense flowering while strengthening resistance&hellip;","_links":{"self":[{"href":"https:\/\/www.ferberpainting.com\/lv\/wp-json\/wp\/v2\/product\/24765","targetHints":{"allow":["GET"]}}],"collection":[{"href":"https:\/\/www.ferberpainting.com\/lv\/wp-json\/wp\/v2\/product"}],"about":[{"href":"https:\/\/www.ferberpainting.com\/lv\/wp-json\/wp\/v2\/types\/product"}],"replies":[{"embeddable":true,"href":"https:\/\/www.ferberpainting.com\/lv\/wp-json\/wp\/v2\/comments?post=24765"}],"version-history":[{"count":4,"href":"https:\/\/www.ferberpainting.com\/lv\/wp-json\/wp\/v2\/product\/24765\/revisions"}],"predecessor-version":[{"id":166707,"href":"https:\/\/www.ferberpainting.com\/lv\/wp-json\/wp\/v2\/product\/24765\/revisions\/166707"}],"wp:featuredmedia":[{"embeddable":true,"href":"https:\/\/www.ferberpainting.com\/lv\/wp-json\/wp\/v2\/media\/26622"}],"wp:attachment":[{"href":"https:\/\/www.ferberpainting.com\/lv\/wp-json\/wp\/v2\/media?parent=24765"}],"wp:term":[{"taxonomy":"product_brand","embeddable":true,"href":"https:\/\/www.ferberpainting.com\/lv\/wp-json\/wp\/v2\/product_brand?post=24765"},{"taxonomy":"product_cat","embeddable":true,"href":"https:\/\/www.ferberpainting.com\/lv\/wp-json\/wp\/v2\/product_cat?post=24765"},{"taxonomy":"product_tag","embeddable":true,"href":"https:\/\/www.ferberpainting.com\/lv\/wp-json\/wp\/v2\/product_tag?post=24765"}],"curies":[{"name":"wp","href":"https:\/\/api.w.org\/{rel}","templated":true}]}}