{"id":24724,"date":"2025-05-26T10:26:48","date_gmt":"2025-05-26T08:26:48","guid":{"rendered":"https:\/\/www.ferberpainting.com\/products\/nettle-manure\/"},"modified":"2026-02-15T22:35:55","modified_gmt":"2026-02-15T21:35:55","slug":"nettle-manure","status":"publish","type":"product","link":"https:\/\/www.ferberpainting.com\/lv\/products\/nettle-manure\/","title":{"rendered":"N\u0101tru virca"},"content":{"rendered":"<p><strong><img decoding=\"async\" style=\"margin-right: 12px;\" src=\"https:\/\/www.ferberpainting.com\/wp-content\/uploads\/2026\/02\/Check.svg\" alt=\"\" width=\"18\" height=\"15\" \/>Sp\u0113c\u012bgs dabisks m\u0113slojums sp\u0113c\u012bg\u0101kiem un vesel\u012bg\u0101kiem augiem.<\/strong> N\u0101tru m\u0113sli ir tradicion\u0101ls, \u013coti koncentr\u0113ts augu m\u0113slojums, kas gatavots no ferment\u0113t\u0101m n\u0101tr\u0113m un paredz\u0113ts augu aug\u0161anas stimul\u0113\u0161anai, stubl\u0101ju stiprin\u0101\u0161anai un visp\u0101r\u0113jas vitalit\u0101tes uzlabo\u0161anai. Tas nodro\u0161ina b\u016btiskas bar\u012bbas vielas, kas veicina sul\u012bgu lapotni, sp\u0113c\u012bgu sak\u0146u sist\u0113mu un uzlabotu iztur\u012bbu pret vides stresu.<\/p>\n<p><strong><img decoding=\"async\" style=\"margin-right: 12px;\" src=\"https:\/\/www.ferberpainting.com\/wp-content\/uploads\/2026\/02\/Check.svg\" alt=\"\" width=\"18\" height=\"15\" \/>Efekt\u012bv\u0101kais pieejamais organiskais augu stiprin\u0101t\u0101js.<\/strong> Pateicoties bag\u0101t\u012bgajam sl\u0101pek\u013ca, miner\u0101lvielu, mikroelementu un dabisko aug\u0161anas stimulatoru sast\u0101vam, n\u0101tru m\u0113sli nodro\u0161ina \u0101trus un redzamus rezult\u0101tus. Tas uzlabo hlorofila veido\u0161anos, veicina sp\u0113c\u012bgu att\u012bst\u012bbu un atbalsta vesel\u012bgu zied\u0113\u0161anu un aug\u013cu veido\u0161anos d\u0101rze\u0146iem, pu\u0137\u0113m, kr\u016bmiem un aug\u013cu kokiem.<\/p>\n<p><strong><img decoding=\"async\" style=\"margin-right: 12px;\" src=\"https:\/\/www.ferberpainting.com\/wp-content\/uploads\/2026\/02\/Check.svg\" alt=\"\" width=\"18\" height=\"15\" \/>Nep\u0101rsp\u0113jama cena - m\u0113s esam visl\u0113t\u0101kie.<\/strong> M\u0113s pied\u0101v\u0101jam augst\u0101k\u0101s kvalit\u0101tes n\u0101tru m\u0113slus par viskonkur\u0113tsp\u0113j\u012bg\u0101ko cenu tirg\u016b. J\u016bs g\u016bsiet labumu no profesion\u0101las kvalit\u0101tes organisk\u0101 m\u0113slojuma, nemaks\u0101jot d\u0101rzkop\u012bbas veikalos p\u0101rm\u0113r\u012bgi augstas cenas.<\/p>\n<p><strong><img decoding=\"async\" style=\"margin-right: 12px;\" src=\"https:\/\/www.ferberpainting.com\/wp-content\/uploads\/2026\/02\/Check.svg\" alt=\"\" width=\"18\" height=\"15\" \/>Naudas atmaksas garantija piln\u012bgai apmierin\u0101t\u012bbai.<\/strong> M\u0113s esam p\u0101rliecin\u0101ti par m\u016bsu n\u0101tru m\u0113slu efektivit\u0101ti. Ja neesat apmierin\u0101ts ar rezult\u0101tiem, m\u0113s pied\u0101v\u0101jam naudas atmaksas garantiju. Vienk\u0101r\u0161i sazinieties ar mums, un m\u0113s atmaks\u0101sim naudu par pirkumu. J\u016bsu d\u0101rzkop\u012bbas pan\u0101kumi ir m\u016bsu priorit\u0101te.<\/p>\n<p><strong><img decoding=\"async\" style=\"margin-right: 12px;\" src=\"https:\/\/www.ferberpainting.com\/wp-content\/uploads\/2026\/02\/Check.svg\" alt=\"\" width=\"18\" height=\"15\" \/>\u0100tra pieg\u0101de 24 stundu laik\u0101 t\u016bl\u012bt\u0113jai d\u0101rza kop\u0161anai.<\/strong> M\u0113s vienm\u0113r nodro\u0161in\u0101m pieg\u0101di 24 stundas diennakt\u012b, \u013caujot jums nekav\u0113joties barot un aizsarg\u0101t augus. Neatkar\u012bgi no t\u0101, vai jums steidzami nepiecie\u0161ams augu stiprin\u0101jums vai regul\u0101ra baro\u0161ana, varat pa\u013cauties uz \u0101tru un uzticamu pieg\u0101di.<\/p>\n<p><strong><img decoding=\"async\" style=\"margin-right: 12px;\" src=\"https:\/\/www.ferberpainting.com\/wp-content\/uploads\/2026\/02\/Check.svg\" alt=\"\" width=\"18\" height=\"15\" \/>\u013boti koncentr\u0113ta un ekonomiska formula.<\/strong> M\u016bsu n\u0101tru m\u0113slojums ir koncentr\u0113ts, un pirms lieto\u0161anas tas ir j\u0101at\u0161\u0137aida, lai no viena litra produkta pagatavotu l\u012bdz 10 l\u012bdz 20 litriem lieto\u0161anai gatava \u0161\u0137\u012bduma atkar\u012bb\u0101 no pielietojuma. Tas nodro\u0161ina izcilu v\u0113rt\u012bbu un ilgsto\u0161u j\u016bsu d\u0101rza apg\u0101di.<\/p>\n<p><strong><img decoding=\"async\" style=\"margin-right: 12px;\" src=\"https:\/\/www.ferberpainting.com\/wp-content\/uploads\/2026\/02\/Check.svg\" alt=\"\" width=\"18\" height=\"15\" \/>Stimul\u0113 dabisko augu aizsargsp\u0113ju.<\/strong> Papildus m\u0113slo\u0161anai n\u0101tru m\u0113sli stiprina augu dabisko iztur\u012bbu pret kait\u0113k\u013ciem, s\u0113n\u012b\u0161u slim\u012bb\u0101m un vides stresu. Regul\u0101ra lieto\u0161ana pal\u012bdz augiem k\u013c\u016bt iztur\u012bg\u0101kiem bez sint\u0113tisk\u0101m \u0137imik\u0101lij\u0101m.<\/p>\n<p><strong><img decoding=\"async\" style=\"margin-right: 12px;\" src=\"https:\/\/www.ferberpainting.com\/wp-content\/uploads\/2026\/02\/Check.svg\" alt=\"\" width=\"18\" height=\"15\" \/>Piem\u0113rots d\u0101rze\u0146iem, pu\u0137\u0113m un aug\u013cu kokiem.<\/strong> N\u0101tru m\u0113slus var izmantot d\u0101rze\u0146u d\u0101rzos, dekorat\u012bvo pu\u0137u dob\u0113s, siltumn\u012bc\u0101s, aug\u013cu d\u0101rzos un pat podos. Tas ir \u012bpa\u0161i noder\u012bgs lapu d\u0101rze\u0146iem, tom\u0101tiem, gur\u0137iem un jauniem augiem akt\u012bv\u0101s aug\u0161anas f\u0101z\u0113s.<\/p>\n<p><strong><img decoding=\"async\" style=\"margin-right: 12px;\" src=\"https:\/\/www.ferberpainting.com\/wp-content\/uploads\/2026\/02\/Check.svg\" alt=\"\" width=\"18\" height=\"15\" \/>Uzlabo augsnes dz\u012bvi un strukt\u016bru.<\/strong> Ja tos iestr\u0101d\u0101 augsn\u0113, n\u0101tru m\u0113sli stimul\u0113 mikrobu aktivit\u0101ti un uzlabo augsnes augl\u012bbu, veicinot vesel\u012bg\u0101ku sak\u0146u vidi un lab\u0101ku bar\u012bbas vielu uzs\u016bk\u0161anos.<\/p>\n<p><strong><img decoding=\"async\" style=\"margin-right: 12px;\" src=\"https:\/\/www.ferberpainting.com\/wp-content\/uploads\/2026\/02\/Check.svg\" alt=\"\" width=\"18\" height=\"15\" \/>100% dabisks un videi draudz\u012bgs risin\u0101jums.<\/strong> No augu ferment\u0101cijas ieg\u016btie n\u0101tru m\u0113sli ir ekolo\u0123iska alternat\u012bva sint\u0113tiskajiem m\u0113slo\u0161anas l\u012bdzek\u013ciem. Tas veicina ilgtsp\u0113j\u012bgu d\u0101rzkop\u012bbas praksi un, lietojot atbilsto\u0161i nor\u0101d\u012bjumiem, ir nekait\u012bgs videi.<\/p>\n<h2><strong>Instrukcijas<\/strong><\/h2>\n<ul>\n<li>Pirms lieto\u0161anas r\u016bp\u012bgi sakratiet trauku, lai nodro\u0161in\u0101tu, ka akt\u012bv\u0101s sast\u0101vda\u013cas ir vienm\u0113r\u012bgi sadal\u012bju\u0161\u0101s.<\/li>\n<li>N\u0101tru m\u0113sli ir \u013coti koncentr\u0113ti, un pirms lieto\u0161anas tie vienm\u0113r j\u0101at\u0161\u0137aida ar \u016bdeni.<\/li>\n<li>Augsnes m\u0113slo\u0161anai un sak\u0146u baro\u0161anai at\u0161\u0137aidiet 10% koncentr\u0101cij\u0101. Sajauc 1 litru n\u0101tru m\u0113slu ar 9 litriem \u016bdens vai 100 ml produkta ar 900 ml \u016bdens. \u0160o \u0161\u0137\u012bdumu var lietot tie\u0161i uz augu pamatnes.<\/li>\n<li>Lapu smidzin\u0101\u0161anai, lai stimul\u0113tu aug\u0161anu un stiprin\u0101tu augu aizsargsp\u0113jas, at\u0161\u0137aidiet 5% koncentr\u0101cij\u0101. Sajauc 500 ml n\u0101tru m\u0113slu ar 9,5 litriem \u016bdens vai 50 ml ar 950 ml \u016bdens. Izsmidzin\u0101t vienm\u0113r\u012bgi uz lap\u0101m, v\u0113lams agri no r\u012bta vai v\u0113lu p\u0113cpusdien\u0101, lai izvair\u012btos no sp\u0113c\u012bgas saules gaismas.<\/li>\n<li>Jauniem vai jut\u012bgiem augiem izmantojiet viegl\u0101ku at\u0161\u0137aid\u012bjumu - aptuveni 2 l\u012bdz 3% (20 l\u012bdz 30 ml uz litru \u016bdens), lai izvair\u012btos no p\u0101rm\u0113r\u012bgas stimul\u0101cijas.<\/li>\n<li>At\u0161\u0137aid\u012bto \u0161\u0137\u012bdumu lietojiet ik p\u0113c 1 l\u012bdz 2 ned\u0113\u013c\u0101m akt\u012bv\u0101s ve\u0123et\u0101cijas sezonas laik\u0101, parasti no agra pavasara l\u012bdz vasaras beig\u0101m.<\/li>\n<li>Ja augsne ir \u013coti sausa, pirms m\u0113slo\u0161anas augsni nedaudz aplaistiet, lai uzlabotu bar\u012bbas vielu uzs\u016bk\u0161anos.<\/li>\n<li>Lai nov\u0113rstu lapu apdegumus, izvairieties no lieto\u0161anas liela karstuma vai tie\u0161as pusdienlaika saules gaismas laik\u0101.<\/li>\n<li>Nelietot neat\u0161\u0137aid\u012btu l\u012bdzekli tie\u0161i uz augiem, jo augst\u0101 koncentr\u0101cija var boj\u0101t saknes vai lapotni.<\/li>\n<li>Uzglab\u0101t trauku cie\u0161i nosl\u0113gtu v\u0113s\u0101, saus\u0101 viet\u0101, prom no tie\u0161iem saules stariem. Uzglab\u0101t b\u0113rniem nepieejam\u0101 viet\u0101 un prepar\u0101ta pagatavo\u0161anas laik\u0101 izvair\u012bties no ilgsto\u0161as saskares ar \u0101du.<\/li>\n<\/ul>","protected":false},"excerpt":{"rendered":"<p>Powerful natural fertilizer for stronger and healthier plants. Nettle manure is a traditional, highly concentrated plant-based fertilizer made from fermented nettles, designed to stimulate plant growth, strengthen stems, and improve overall vitality. It provides essential nutrients that support lush foliage, robust root systems, and improved resistance to environmental stress. The most effective organic plant booster [&hellip;]<\/p>\n","protected":false},"featured_media":26598,"comment_status":"open","ping_status":"closed","template":"","meta":{"_uag_custom_page_level_css":"","site-sidebar-layout":"default","site-content-layout":"","ast-site-content-layout":"default","site-content-style":"default","site-sidebar-style":"default","ast-global-header-display":"","ast-banner-title-visibility":"","ast-main-header-display":"","ast-hfb-above-header-display":"","ast-hfb-below-header-display":"","ast-hfb-mobile-header-display":"","site-post-title":"","ast-breadcrumbs-content":"","ast-featured-img":"","footer-sml-layout":"","ast-disable-related-posts":"","theme-transparent-header-meta":"default","adv-header-id-meta":"","stick-header-meta":"","header-above-stick-meta":"","header-main-stick-meta":"","header-below-stick-meta":"","astra-migrate-meta-layouts":"set","ast-page-background-enabled":"default","ast-page-background-meta":{"desktop":{"background-color":"var(--ast-global-color-4)","background-image":"","background-repeat":"repeat","background-position":"center center","background-size":"auto","background-attachment":"scroll","background-type":"","background-media":"","overlay-type":"","overlay-color":"","overlay-opacity":"","overlay-gradient":""},"tablet":{"background-color":"","background-image":"","background-repeat":"repeat","background-position":"center center","background-size":"auto","background-attachment":"scroll","background-type":"","background-media":"","overlay-type":"","overlay-color":"","overlay-opacity":"","overlay-gradient":""},"mobile":{"background-color":"","background-image":"","background-repeat":"repeat","background-position":"center center","background-size":"auto","background-attachment":"scroll","background-type":"","background-media":"","overlay-type":"","overlay-color":"","overlay-opacity":"","overlay-gradient":""}},"ast-content-background-meta":{"desktop":{"background-color":"var(--ast-global-color-5)","background-image":"","background-repeat":"repeat","background-position":"center center","background-size":"auto","background-attachment":"scroll","background-type":"","background-media":"","overlay-type":"","overlay-color":"","overlay-opacity":"","overlay-gradient":""},"tablet":{"background-color":"var(--ast-global-color-5)","background-image":"","background-repeat":"repeat","background-position":"center center","background-size":"auto","background-attachment":"scroll","background-type":"","background-media":"","overlay-type":"","overlay-color":"","overlay-opacity":"","overlay-gradient":""},"mobile":{"background-color":"var(--ast-global-color-5)","background-image":"","background-repeat":"repeat","background-position":"center center","background-size":"auto","background-attachment":"scroll","background-type":"","background-media":"","overlay-type":"","overlay-color":"","overlay-opacity":"","overlay-gradient":""}}},"product_brand":[],"product_cat":[178],"product_tag":[],"class_list":{"0":"post-24724","1":"product","2":"type-product","3":"status-publish","4":"has-post-thumbnail","6":"product_cat-fertilizers","7":"desktop-align-left","8":"tablet-align-left","9":"mobile-align-left","11":"first","12":"instock","13":"sale","14":"taxable","15":"shipping-taxable","16":"purchasable","17":"product-type-variable","18":"has-default-attributes"},"spectra_custom_meta":{"_visibility":["visible"],"_shopify_product_id":["7955508625653"],"_s2w_shopify_domain":["ferberpainting.myshopify.com"],"_shopify_variant_id":["43515600699637"],"_sku":[""],"_manage_stock":["no"],"total_sales":["26"],"_tax_status":["taxable"],"_tax_class":[""],"_backorders":["no"],"_sold_individually":["no"],"_virtual":["no"],"_downloadable":["no"],"_download_limit":["-1"],"_download_expiry":["-1"],"_stock":[null],"_stock_status":["instock"],"_wc_average_rating":["4.94"],"_wc_review_count":["53"],"_product_attributes":["a:1:{s:6:\"volume\";a:6:{s:4:\"name\";s:6:\"Volume\";s:5:\"value\";s:20:\"5 liters | 25 liters\";s:8:\"position\";i:1;s:10:\"is_visible\";i:0;s:12:\"is_variation\";i:1;s:11:\"is_taxonomy\";i:0;}}"],"_product_version":["10.5.1"],"_thumbnail_id":["26598"],"_price":["29.90","99.90"],"_product_image_gallery":["26600"],"merchant-center-availability":["yes"],"merchant-center-category":["113"],"merchant-center-id":["NM"],"wpse_downloadable_file_names":[""],"wpse_downloadable_file_urls":[""],"_edit_last":["1"],"_default_attributes":["a:1:{s:6:\"volume\";s:8:\"5 liters\";}"],"_wc_rating_count":["a:2:{i:4;i:3;i:5;i:50;}"],"_edit_lock":["1771191217:1"],"_wp_page_template":["default"],"site-sidebar-layout":["default"],"ast-site-content-layout":["default"],"site-content-style":["default"],"site-sidebar-style":["default"],"theme-transparent-header-meta":["default"],"astra-migrate-meta-layouts":["set"],"_uag_css_file_name":["uag-css-24724.css"],"_elementor_page_assets":["a:0:{}"],"_uag_page_assets":["a:9:{s:3:\"css\";s:7133:\".uag-blocks-common-selector{z-index:var(--z-index-desktop) !important}@media(max-width: 976px){.uag-blocks-common-selector{z-index:var(--z-index-tablet) !important}}@media(max-width: 767px){.uag-blocks-common-selector{z-index:var(--z-index-mobile) !important}}.wp-block-uagb-image{display:flex}.wp-block-uagb-image__figure{position:relative;display:flex;flex-direction:column;max-width:100%;height:auto;margin:0}.wp-block-uagb-image__figure img{height:auto;display:flex;max-width:100%;transition:box-shadow .2s ease}.wp-block-uagb-image__figure>a{display:inline-block}.wp-block-uagb-image__figure figcaption{text-align:center;margin-top:.5em;margin-bottom:1em}.wp-block-uagb-image .components-placeholder.block-editor-media-placeholder .components-placeholder__instructions{align-self:center}.wp-block-uagb-image--align-left{text-align:left}.wp-block-uagb-image--align-right{text-align:right}.wp-block-uagb-image--align-center{text-align:center}.wp-block-uagb-image--align-full .wp-block-uagb-image__figure{margin-left:calc(50% - 50vw);margin-right:calc(50% - 50vw);max-width:100vw;width:100vw;height:auto}.wp-block-uagb-image--align-full .wp-block-uagb-image__figure img{height:auto;width:100% !important}.wp-block-uagb-image--align-wide .wp-block-uagb-image__figure img{height:auto;width:100%}.wp-block-uagb-image--layout-overlay__color-wrapper{position:absolute;left:0;top:0;right:0;bottom:0;opacity:.2;background:rgba(0,0,0,.5);transition:opacity .35s ease-in-out}.wp-block-uagb-image--layout-overlay-link{position:absolute;left:0;right:0;bottom:0;top:0}.wp-block-uagb-image--layout-overlay .wp-block-uagb-image__figure:hover .wp-block-uagb-image--layout-overlay__color-wrapper{opacity:1}.wp-block-uagb-image--layout-overlay__inner{position:absolute;left:15px;right:15px;bottom:15px;top:15px;display:flex;align-items:center;justify-content:center;flex-direction:column;border-color:#fff;transition:.35s ease-in-out}.wp-block-uagb-image--layout-overlay__inner.top-left,.wp-block-uagb-image--layout-overlay__inner.top-center,.wp-block-uagb-image--layout-overlay__inner.top-right{justify-content:flex-start}.wp-block-uagb-image--layout-overlay__inner.bottom-left,.wp-block-uagb-image--layout-overlay__inner.bottom-center,.wp-block-uagb-image--layout-overlay__inner.bottom-right{justify-content:flex-end}.wp-block-uagb-image--layout-overlay__inner.top-left,.wp-block-uagb-image--layout-overlay__inner.center-left,.wp-block-uagb-image--layout-overlay__inner.bottom-left{align-items:flex-start}.wp-block-uagb-image--layout-overlay__inner.top-right,.wp-block-uagb-image--layout-overlay__inner.center-right,.wp-block-uagb-image--layout-overlay__inner.bottom-right{align-items:flex-end}.wp-block-uagb-image--layout-overlay__inner .uagb-image-heading{color:#fff;transition:transform .35s,opacity .35s ease-in-out;transform:translate3d(0, 24px, 0);margin:0;line-height:1em}.wp-block-uagb-image--layout-overlay__inner .uagb-image-separator{width:30%;border-top-width:2px;border-top-color:#fff;border-top-style:solid;margin-bottom:10px;opacity:0;transition:transform .4s,opacity .4s ease-in-out;transform:translate3d(0, 30px, 0)}.wp-block-uagb-image--layout-overlay__inner .uagb-image-caption{opacity:0;overflow:visible;color:#fff;transition:transform .45s,opacity .45s ease-in-out;transform:translate3d(0, 35px, 0)}.wp-block-uagb-image--layout-overlay__inner:hover .uagb-image-heading,.wp-block-uagb-image--layout-overlay__inner:hover .uagb-image-separator,.wp-block-uagb-image--layout-overlay__inner:hover .uagb-image-caption{opacity:1;transform:translate3d(0, 0, 0)}.wp-block-uagb-image--effect-zoomin .wp-block-uagb-image__figure img,.wp-block-uagb-image--effect-zoomin .wp-block-uagb-image__figure .wp-block-uagb-image--layout-overlay__color-wrapper{transform:scale(1);transition:transform .35s ease-in-out}.wp-block-uagb-image--effect-zoomin .wp-block-uagb-image__figure:hover img,.wp-block-uagb-image--effect-zoomin .wp-block-uagb-image__figure:hover .wp-block-uagb-image--layout-overlay__color-wrapper{transform:scale(1.05)}.wp-block-uagb-image--effect-slide .wp-block-uagb-image__figure img,.wp-block-uagb-image--effect-slide .wp-block-uagb-image__figure .wp-block-uagb-image--layout-overlay__color-wrapper{width:calc(100% + 40px) !important;max-width:none !important;transform:translate3d(-40px, 0, 0);transition:transform .35s ease-in-out}.wp-block-uagb-image--effect-slide .wp-block-uagb-image__figure:hover img,.wp-block-uagb-image--effect-slide .wp-block-uagb-image__figure:hover .wp-block-uagb-image--layout-overlay__color-wrapper{transform:translate3d(0, 0, 0)}.wp-block-uagb-image--effect-grayscale img{filter:grayscale(0%);transition:.35s ease-in-out}.wp-block-uagb-image--effect-grayscale:hover img{filter:grayscale(100%)}.wp-block-uagb-image--effect-blur img{filter:blur(0);transition:.35s ease-in-out}.wp-block-uagb-image--effect-blur:hover img{filter:blur(3px)}.uagb-block-e6f939b3.wp-block-uagb-image--layout-default figure img{box-shadow: 0px 0px 0 #00000070;}.uagb-block-e6f939b3.wp-block-uagb-image .wp-block-uagb-image__figure figcaption{font-style: normal;align-self: center;}.uagb-block-e6f939b3.wp-block-uagb-image--layout-overlay figure img{box-shadow: 0px 0px 0 #00000070;}.uagb-block-e6f939b3.wp-block-uagb-image--layout-overlay .wp-block-uagb-image--layout-overlay__color-wrapper{opacity: 0.2;}.uagb-block-e6f939b3.wp-block-uagb-image--layout-overlay .wp-block-uagb-image--layout-overlay__inner{left: 15px;right: 15px;top: 15px;bottom: 15px;}.uagb-block-e6f939b3.wp-block-uagb-image--layout-overlay .wp-block-uagb-image--layout-overlay__inner .uagb-image-heading{font-style: normal;color: #fff;opacity: 1;}.uagb-block-e6f939b3.wp-block-uagb-image--layout-overlay .wp-block-uagb-image--layout-overlay__inner .uagb-image-heading a{color: #fff;}.uagb-block-e6f939b3.wp-block-uagb-image--layout-overlay .wp-block-uagb-image--layout-overlay__inner .uagb-image-caption{opacity: 0;}.uagb-block-e6f939b3.wp-block-uagb-image--layout-overlay .wp-block-uagb-image__figure:hover .wp-block-uagb-image--layout-overlay__color-wrapper{opacity: 1;}.uagb-block-e6f939b3.wp-block-uagb-image .wp-block-uagb-image--layout-overlay__inner .uagb-image-separator{width: 30%;border-top-width: 2px;border-top-color: #fff;opacity: 0;}.uagb-block-e6f939b3.wp-block-uagb-image .wp-block-uagb-image__figure img{width: px;height: auto;}.uagb-block-e6f939b3.wp-block-uagb-image .wp-block-uagb-image__figure:hover .wp-block-uagb-image--layout-overlay__inner .uagb-image-caption{opacity: 1;}.uagb-block-e6f939b3.wp-block-uagb-image .wp-block-uagb-image__figure:hover .wp-block-uagb-image--layout-overlay__inner .uagb-image-separator{opacity: 1;}.uagb-block-e6f939b3.wp-block-uagb-image--layout-default figure:hover img{box-shadow: 0px 0px 0 #00000070;}.uagb-block-e6f939b3.wp-block-uagb-image--layout-overlay figure:hover img{box-shadow: 0px 0px 0 #00000070;}@media only screen and (max-width: 976px) {.uagb-block-e6f939b3.wp-block-uagb-image .wp-block-uagb-image__figure img{width: px;height: auto;}}@media only screen and (max-width: 767px) {.uagb-block-e6f939b3.wp-block-uagb-image .wp-block-uagb-image__figure img{width: px;height: auto;}}\";s:2:\"js\";s:0:\"\";s:18:\"current_block_list\";a:13:{i:0;s:11:\"core\/search\";i:1;s:10:\"core\/group\";i:2;s:12:\"core\/heading\";i:3;s:17:\"core\/latest-posts\";i:4;s:20:\"core\/latest-comments\";i:5;s:13:\"core\/archives\";i:6;s:15:\"core\/categories\";i:7;s:14:\"core\/paragraph\";i:8;s:10:\"uagb\/image\";i:9;s:11:\"core\/spacer\";i:10;s:30:\"woocommerce\/product-categories\";i:11;s:10:\"core\/image\";i:12;s:14:\"core\/shortcode\";}s:8:\"uag_flag\";b:1;s:11:\"uag_version\";s:10:\"1777196194\";s:6:\"gfonts\";a:0:{}s:10:\"gfonts_url\";s:0:\"\";s:12:\"gfonts_files\";a:0:{}s:14:\"uag_faq_layout\";b:0;}"]},"uagb_featured_image_src":{"full":["https:\/\/www.ferberpainting.com\/wp-content\/uploads\/2025\/05\/Nettle_manure_5L.jpg",2560,2560,false],"thumbnail":["https:\/\/www.ferberpainting.com\/wp-content\/uploads\/2025\/05\/Nettle_manure_5L-150x150.jpg",150,150,true],"medium":["https:\/\/www.ferberpainting.com\/wp-content\/uploads\/2025\/05\/Nettle_manure_5L-300x300.jpg",300,300,true],"medium_large":["https:\/\/www.ferberpainting.com\/wp-content\/uploads\/2025\/05\/Nettle_manure_5L-768x768.jpg",768,768,true],"large":["https:\/\/www.ferberpainting.com\/wp-content\/uploads\/2025\/05\/Nettle_manure_5L-1024x1024.jpg",1024,1024,true],"1536x1536":["https:\/\/www.ferberpainting.com\/wp-content\/uploads\/2025\/05\/Nettle_manure_5L-1536x1536.jpg",1536,1536,true],"2048x2048":["https:\/\/www.ferberpainting.com\/wp-content\/uploads\/2025\/05\/Nettle_manure_5L-2048x2048.jpg",2048,2048,true],"trp-custom-language-flag":["https:\/\/www.ferberpainting.com\/wp-content\/uploads\/2025\/05\/Nettle_manure_5L-12x12.jpg",12,12,true],"woocommerce_thumbnail":["https:\/\/www.ferberpainting.com\/wp-content\/uploads\/2025\/05\/Nettle_manure_5L-300x300.jpg",300,300,true],"woocommerce_single":["https:\/\/www.ferberpainting.com\/wp-content\/uploads\/2025\/05\/Nettle_manure_5L-600x600.jpg",600,600,true],"woocommerce_gallery_thumbnail":["https:\/\/www.ferberpainting.com\/wp-content\/uploads\/2025\/05\/Nettle_manure_5L-100x100.jpg",100,100,true]},"uagb_author_info":{"display_name":"admin","author_link":"https:\/\/www.ferberpainting.com\/lv\/author\/"},"uagb_comment_info":53,"uagb_excerpt":"Powerful natural fertilizer for stronger and healthier plants. Nettle manure is a traditional, highly concentrated plant-based fertilizer made from fermented nettles, designed to stimulate plant growth, strengthen stems, and improve overall vitality. It provides essential nutrients that support lush foliage, robust root systems, and improved resistance to environmental stress. The most effective organic plant booster&hellip;","_links":{"self":[{"href":"https:\/\/www.ferberpainting.com\/lv\/wp-json\/wp\/v2\/product\/24724","targetHints":{"allow":["GET"]}}],"collection":[{"href":"https:\/\/www.ferberpainting.com\/lv\/wp-json\/wp\/v2\/product"}],"about":[{"href":"https:\/\/www.ferberpainting.com\/lv\/wp-json\/wp\/v2\/types\/product"}],"replies":[{"embeddable":true,"href":"https:\/\/www.ferberpainting.com\/lv\/wp-json\/wp\/v2\/comments?post=24724"}],"version-history":[{"count":2,"href":"https:\/\/www.ferberpainting.com\/lv\/wp-json\/wp\/v2\/product\/24724\/revisions"}],"predecessor-version":[{"id":166632,"href":"https:\/\/www.ferberpainting.com\/lv\/wp-json\/wp\/v2\/product\/24724\/revisions\/166632"}],"wp:featuredmedia":[{"embeddable":true,"href":"https:\/\/www.ferberpainting.com\/lv\/wp-json\/wp\/v2\/media\/26598"}],"wp:attachment":[{"href":"https:\/\/www.ferberpainting.com\/lv\/wp-json\/wp\/v2\/media?parent=24724"}],"wp:term":[{"taxonomy":"product_brand","embeddable":true,"href":"https:\/\/www.ferberpainting.com\/lv\/wp-json\/wp\/v2\/product_brand?post=24724"},{"taxonomy":"product_cat","embeddable":true,"href":"https:\/\/www.ferberpainting.com\/lv\/wp-json\/wp\/v2\/product_cat?post=24724"},{"taxonomy":"product_tag","embeddable":true,"href":"https:\/\/www.ferberpainting.com\/lv\/wp-json\/wp\/v2\/product_tag?post=24724"}],"curies":[{"name":"wp","href":"https:\/\/api.w.org\/{rel}","templated":true}]}}