{"id":24714,"date":"2025-05-26T10:26:44","date_gmt":"2025-05-26T08:26:44","guid":{"rendered":"https:\/\/www.ferberpainting.com\/products\/monstera-fertilizer\/"},"modified":"2026-02-15T22:08:05","modified_gmt":"2026-02-15T21:08:05","slug":"monstera-fertilizer","status":"publish","type":"product","link":"https:\/\/www.ferberpainting.com\/lv\/products\/monstera-fertilizer\/","title":{"rendered":"Monstera m\u0113slojums"},"content":{"rendered":"<p><strong><img decoding=\"async\" style=\"margin-right: 12px;\" src=\"https:\/\/www.ferberpainting.com\/wp-content\/uploads\/2026\/02\/Check.svg\" alt=\"\" width=\"18\" height=\"15\" \/>M\u0113slojums, kas \u012bpa\u0161i paredz\u0113ts sp\u0113c\u012bgai aug\u0161anai un mirdzo\u0161ai lapotnei.<\/strong>\u00a0Monstera, saukta ar\u012b par \u201c\u0160veices siera augu\u201d, ir tropisks augs, kas iecien\u012bts ar sav\u0101m lielaj\u0101m perfor\u0113taj\u0101m lap\u0101m un unik\u0101lo est\u0113tiku. Lai nodro\u0161in\u0101tu optim\u0101lu aug\u0161anu un sul\u012bgu lapotni, ir svar\u012bgi nodro\u0161in\u0101t to ar nepiecie\u0161amaj\u0101m bar\u012bbas viel\u0101m. \u0160is NPK 15-15-15 m\u0113slojums nodro\u0161ina perfekti sabalans\u0113tu sl\u0101pek\u013ca (N) daudzumu, kas veicina lapu att\u012bst\u012bbu, fosfora (P) daudzumu, kas stimul\u0113 iesak\u0146o\u0161anos un stiprina auga strukt\u016bru, un k\u0101lija (K) daudzumu, kas uzlabo iztur\u012bbu pret slim\u012bb\u0101m un klimatiskaj\u0101m sv\u0101rst\u012bb\u0101m. Pateicoties \u0161im m\u0113slojumam, j\u016bsu monstera att\u012bst\u012bs liel\u0101kas lapas, za\u013c\u0101kas un perfor\u0113t\u0101kas, vienlaikus saglab\u0101jot optim\u0101lu vesel\u012bbu.<\/p>\n<p><strong><img decoding=\"async\" style=\"margin-right: 12px;\" src=\"https:\/\/www.ferberpainting.com\/wp-content\/uploads\/2026\/02\/Check.svg\" alt=\"\" width=\"18\" height=\"15\" \/>Naudas atmaksas garantija.<\/strong>\u00a0M\u0113s esam p\u0101rliecin\u0101ti par m\u016bsu monsteras m\u0113slojuma efektivit\u0101ti, t\u0101p\u0113c pied\u0101v\u0101jam naudas atmaksas garantiju. Ja p\u0113c lieto\u0161anas saska\u0146\u0101 ar ieteikumiem j\u016bsu augam netiks nov\u0113roti b\u016btiski uzlabojumi aug\u0161an\u0101, vitalit\u0101t\u0113 vai lapu kr\u0101s\u0101, m\u0113s ap\u0146emamies bez vilcin\u0101\u0161an\u0101s atmaks\u0101t naudu. J\u016bs varat ieg\u0101d\u0101ties \u0161o produktu piln\u012bgi mier\u012bgi un b\u016bt p\u0101rliecin\u0101ti par optim\u0101lu rezult\u0101tu.<\/p>\n<p><strong><img decoding=\"async\" style=\"margin-right: 12px;\" src=\"https:\/\/www.ferberpainting.com\/wp-content\/uploads\/2026\/02\/Check.svg\" alt=\"\" width=\"18\" height=\"15\" \/>Piem\u0113rots vis\u0101m \u0161\u0137irn\u0113m un audz\u0113\u0161anas metod\u0113m.<\/strong>\u00a0\u0160is m\u0113slojums ir ide\u0101li piem\u0113rots vis\u0101m monsteru \u0161\u0137irn\u0113m, tostarp monstera deliciosa, monstera adansonii, monstera obliqua, monstera variegata un monstera borsigiana. Tas ir efekt\u012bvs augiem, ko audz\u0113 telp\u0101s, siltumn\u012bc\u0101s vai uz terases, garant\u0113jot optim\u0101lu m\u0113slo\u0161anu neatkar\u012bgi no vides. Tas ar\u012b lieliski der visu veidu substr\u0101tiem, neatkar\u012bgi no t\u0101, vai t\u0101 ir univers\u0101la augsne, dren\u0113jo\u0161a augsne vai \u012bpa\u0161s mais\u012bjums tropu augiem. Pateicoties t\u0101 daudzpus\u012bgumam, tas apmierina monsteru vajadz\u012bbas p\u0113c bar\u012bbas viel\u0101m vis\u0101 to aug\u0161anas cikl\u0101.<\/p>\n<p><strong><img decoding=\"async\" style=\"margin-right: 12px;\" src=\"https:\/\/www.ferberpainting.com\/wp-content\/uploads\/2026\/02\/Check.svg\" alt=\"\" width=\"18\" height=\"15\" \/>Rentabla un ilgsto\u0161i efekt\u012bva m\u0113slo\u0161ana.<\/strong>\u00a0Pateicoties \u012bpa\u0161i koncentr\u0113tajam sast\u0101vam, 5 litru pudele \u013cauj pagatavot l\u012bdz pat 1000 litriem m\u0113slo\u0161anas \u0161\u0137\u012bduma, nodro\u0161inot ilgsto\u0161u un ekonomisku lieto\u0161anu. Ar prec\u012bzu devu 5 ml uz litru \u016bdens \u0161is m\u0113slojums nodro\u0161ina optim\u0101lu m\u0113slo\u0161anu bez liek\u0101 daudzuma, maksim\u0101li palielinot bar\u012bbas vielu uzs\u016bk\u0161anos aug\u0101 un samazinot atkritumu daudzumu. \u0160\u012b efektivit\u0101te \u013cauj barot lielu skaitu monsteru, vienlaikus kontrol\u0113jot m\u0113slo\u0161anas izmaksas.<\/p>\n<p><strong><img decoding=\"async\" style=\"margin-right: 12px;\" src=\"https:\/\/www.ferberpainting.com\/wp-content\/uploads\/2026\/02\/Check.svg\" alt=\"\" width=\"18\" height=\"15\" \/>Dro\u0161s un videi draudz\u012bgs m\u0113slojums.<\/strong>\u00a0\u0160is m\u0113slojums, kas izstr\u0101d\u0101ts bez agres\u012bviem \u0137\u012bmiskiem produktiem, respekt\u0113 dabisko augsnes l\u012bdzsvaru un veicina labv\u0113l\u012bgo mikroorganismu att\u012bst\u012bbu. T\u0101 sast\u0101v\u0101 nav toksisku elementu, kas var\u0113tu kait\u0113t m\u0101jdz\u012bvniekiem vai b\u0113rniem, un tas nodro\u0161ina dro\u0161u lieto\u0161anu m\u0101j\u0101s vai uz balkona. Turkl\u0101t tas veicina augsnes dz\u012bv\u012bgumu un uzlabo sak\u0146u uzs\u016bk\u0161an\u0101s sp\u0113ju, veicinot lab\u0101ku bar\u012bbas vielu saglab\u0101\u0161anu.<\/p>\n<p><strong><img decoding=\"async\" style=\"margin-right: 12px;\" src=\"https:\/\/www.ferberpainting.com\/wp-content\/uploads\/2026\/02\/Check.svg\" alt=\"\" width=\"18\" height=\"15\" \/>Viegla lieto\u0161ana un viegla m\u0113slo\u0161ana.<\/strong>\u00a0At\u0161\u0137ir\u012bb\u0101 no cietajiem m\u0113slo\u0161anas l\u012bdzek\u013ciem, kas prasa prec\u012bzu doz\u0113\u0161anu un manu\u0101lu izklied\u0113\u0161anu, \u0161is m\u0113slojums uzreiz iz\u0161\u0137\u012bst \u016bden\u012b un ir viegli lietojams, laistot vai izsmidzinot lapas, nodro\u0161inot vienm\u0113r\u012bgu bar\u012bbas vielu sadal\u012bjumu. T\u0101 vienk\u0101r\u0161\u0101 un \u0101tr\u0101 lieto\u0161anas metode ir vienl\u012bdz piem\u0113rota gan d\u0101rzkopjiem amatieriem, gan profesion\u0101\u013ciem, nodro\u0161inot efekt\u012bvu un vieglu m\u0113slo\u0161anu.<\/p>\n<p><strong><img decoding=\"async\" style=\"margin-right: 12px;\" src=\"https:\/\/www.ferberpainting.com\/wp-content\/uploads\/2026\/02\/Check.svg\" alt=\"\" width=\"18\" height=\"15\" \/>Pak\u0101peniska darb\u012bba, lai ieg\u016btu bl\u012bvu lapotni un iztur\u012bgu augu.<\/strong>\u00a0Pateicoties pak\u0101peniskai bar\u012bbas vielu izdal\u012b\u0161anai, \u0161is m\u0113slojums baro monsteru vair\u0101ku ned\u0113\u013cu garum\u0101, nodro\u0161inot vienm\u0113r\u012bgu aug\u0161anu un spilgt\u0101ku lapotni. Tas ar\u012b pal\u012bdz stiprin\u0101t augu pret s\u0113n\u012b\u0161u slim\u012bb\u0101m, bar\u012bbas vielu tr\u016bkumu un \u016bdens tr\u016bkuma periodiem.<\/p>\n<p><strong><img decoding=\"async\" style=\"margin-right: 12px;\" src=\"https:\/\/www.ferberpainting.com\/wp-content\/uploads\/2026\/02\/Check.svg\" alt=\"\" width=\"18\" height=\"15\" \/>Redzami rezult\u0101ti jau p\u0113c pirmaj\u0101m ned\u0113\u013c\u0101m.<\/strong>\u00a0Jau p\u0113c pirmajiem m\u0113slo\u0161anas reiz\u0113m \u0161is m\u0113slojums stimul\u0113 jaunu dzinumu veido\u0161anos, veicina lapu att\u012bst\u012bbu un uzlabo kop\u0113jo lapu bl\u012bvumu. Jau p\u0113c da\u017e\u0101m ned\u0113\u013c\u0101m j\u016bsu monstera augs strauj\u0101k, ar liel\u0101k\u0101m, za\u013c\u0101k\u0101m un perfor\u0113t\u0101k\u0101m lap\u0101m, pie\u0161\u0137irot interjeram iespaid\u012bgu tropisku akcentu.<\/p>\n<h2><strong>Lieto\u0161anas protokols<\/strong><\/h2>\n<p><strong>M\u0113slojuma at\u0161\u0137aid\u012b\u0161ana <\/strong>: Uz 1 litru \u016bdens samaisiet 5 ml m\u0113slojuma. Pirms katras lieto\u0161anas reizes \u0161\u0137\u012bdumu labi sakratiet, lai nodro\u0161in\u0101tu vienm\u0113r\u012bgu bar\u012bbas vielu sadal\u012bjumu.<\/p>\n<p><strong>Piem\u0113ro\u0161anas metode <\/strong>:<\/p>\n<ul>\n<li><strong>Ar laist\u012b\u0161anu <\/strong>: At\u0161\u0137aid\u012bto \u0161\u0137\u012bdumu ielejiet tie\u0161i monsteras pamatn\u0113, p\u0101rliecinoties, ka substr\u0101ts ir pien\u0101c\u012bgi samitrin\u0101ts, lai izvair\u012btos no bar\u012bbas vielu nopl\u016bdes.<\/li>\n<li><strong style=\"font-size: 16px;\">Smidzin\u0101\u0161ana uz lap\u0101m (p\u0113c izv\u0113les) <\/strong><span style=\"font-size: 16px;\">: Viegli izsmidziniet \u0161\u0137\u012bdumu uz lap\u0101m agri no r\u012bta vai dienas beig\u0101s, lai tas maksim\u0101li uzs\u016bktos, p\u0101rm\u0113r\u012bgi neiztvaikojot.<\/span><\/li>\n<\/ul>\n<p><strong>Lieto\u0161anas bie\u017eums <\/strong>:<\/p>\n<ul>\n<li><strong>Akt\u012bv\u0101s aug\u0161anas period\u0101 (pavasar\u012b-vasar\u0101) <\/strong>: M\u0113slojumu lietojiet ik p\u0113c div\u0101m ned\u0113\u013c\u0101m, lai veicin\u0101tu sul\u012bgu lapotni un optim\u0101lu aug\u0161anu.<\/li>\n<li><strong style=\"font-size: 16px;\">Ve\u0123etat\u012bv\u0101 miera period\u0101 (rudens-ziema) <\/strong><span style=\"font-size: 16px;\">: Samaziniet bie\u017eumu l\u012bdz vienai reizei m\u0113nes\u012b, lai uztur\u0113tu monsteras vesel\u012bbu, nestimul\u0113jot p\u0101rm\u0113r\u012bgu aug\u0161anu.<\/span><\/li>\n<\/ul>\n<p><strong>Papildu laist\u012b\u0161ana <\/strong>: P\u0113c m\u0113slojuma iestr\u0101d\u0101\u0161anas nogaidiet 48 stundas pirms n\u0101kam\u0101s laist\u012b\u0161anas, lai optimiz\u0113tu bar\u012bbas vielu uzs\u016bk\u0161anos sakn\u0113s.<\/p>\n<p><strong>Lieto\u0161anas piesardz\u012bbas pas\u0101kumi <\/strong>: Nep\u0101rsniedziet ieteikt\u0101s devas, lai izvair\u012btos no p\u0101rm\u0113r\u012bgas miner\u0101ls\u0101\u013cu uzkr\u0101\u0161an\u0101s substr\u0101t\u0101, kas var\u0113tu pal\u0113nin\u0101t monsteras aug\u0161anu. Lietojiet tikai uz nedaudz mitras augsnes, lai nodro\u0161in\u0101tu optim\u0101lu bar\u012bbas vielu uzs\u016bk\u0161anos.<\/p>\n<p><strong>Uzglab\u0101\u0161ana un konserv\u0113\u0161ana <\/strong>: Uzglab\u0101t m\u0113slojumu saus\u0101 un m\u0113ren\u0101 viet\u0101, prom no gaismas un mitruma. P\u0113c katras lieto\u0161anas reizes trauku vienm\u0113r cie\u0161i aizveriet, lai saglab\u0101tu produkta efektivit\u0101ti un nov\u0113rstu iztvaiko\u0161anu.<\/p>\n<p>Ar \u0161o monsteras m\u0113slojumu pied\u0101v\u0101jiet augam pilnv\u0113rt\u012bgu, t\u0101 \u012bpa\u0161aj\u0101m vajadz\u012bb\u0101m ide\u0101li piem\u0113rotu uzturu, nodro\u0161inot sp\u0113c\u012bgu aug\u0161anu, mirdzo\u0161u lapotni un lab\u0101ku iztur\u012bbu pret \u0101ra apst\u0101k\u013ciem. Tas ir ide\u0101ls risin\u0101jums, lai visu gadu izdai\u013cotu j\u016bsu interjeru ar vesel\u012bgu un sul\u012bgu monsteru.<\/p>","protected":false},"excerpt":{"rendered":"<p>A fertilizer specially designed for vigorous growth and radiant foliage.\u00a0The monstera, also known as the &#8220;Swiss cheese plant&#8221;, is a tropical plant appreciated for its large perforated leaves and unique aesthetic. To ensure optimal growth and lush foliage, it is essential to provide it with the nutrients it needs. This NPK 15-15-15 fertilizer provides a [&hellip;]<\/p>\n","protected":false},"featured_media":26592,"comment_status":"open","ping_status":"closed","template":"","meta":{"_uag_custom_page_level_css":"","site-sidebar-layout":"default","site-content-layout":"","ast-site-content-layout":"default","site-content-style":"default","site-sidebar-style":"default","ast-global-header-display":"","ast-banner-title-visibility":"","ast-main-header-display":"","ast-hfb-above-header-display":"","ast-hfb-below-header-display":"","ast-hfb-mobile-header-display":"","site-post-title":"","ast-breadcrumbs-content":"","ast-featured-img":"","footer-sml-layout":"","ast-disable-related-posts":"","theme-transparent-header-meta":"default","adv-header-id-meta":"","stick-header-meta":"","header-above-stick-meta":"","header-main-stick-meta":"","header-below-stick-meta":"","astra-migrate-meta-layouts":"set","ast-page-background-enabled":"default","ast-page-background-meta":{"desktop":{"background-color":"var(--ast-global-color-4)","background-image":"","background-repeat":"repeat","background-position":"center center","background-size":"auto","background-attachment":"scroll","background-type":"","background-media":"","overlay-type":"","overlay-color":"","overlay-opacity":"","overlay-gradient":""},"tablet":{"background-color":"","background-image":"","background-repeat":"repeat","background-position":"center center","background-size":"auto","background-attachment":"scroll","background-type":"","background-media":"","overlay-type":"","overlay-color":"","overlay-opacity":"","overlay-gradient":""},"mobile":{"background-color":"","background-image":"","background-repeat":"repeat","background-position":"center center","background-size":"auto","background-attachment":"scroll","background-type":"","background-media":"","overlay-type":"","overlay-color":"","overlay-opacity":"","overlay-gradient":""}},"ast-content-background-meta":{"desktop":{"background-color":"var(--ast-global-color-5)","background-image":"","background-repeat":"repeat","background-position":"center center","background-size":"auto","background-attachment":"scroll","background-type":"","background-media":"","overlay-type":"","overlay-color":"","overlay-opacity":"","overlay-gradient":""},"tablet":{"background-color":"var(--ast-global-color-5)","background-image":"","background-repeat":"repeat","background-position":"center center","background-size":"auto","background-attachment":"scroll","background-type":"","background-media":"","overlay-type":"","overlay-color":"","overlay-opacity":"","overlay-gradient":""},"mobile":{"background-color":"var(--ast-global-color-5)","background-image":"","background-repeat":"repeat","background-position":"center center","background-size":"auto","background-attachment":"scroll","background-type":"","background-media":"","overlay-type":"","overlay-color":"","overlay-opacity":"","overlay-gradient":""}}},"product_brand":[],"product_cat":[178],"product_tag":[],"class_list":{"0":"post-24714","1":"product","2":"type-product","3":"status-publish","4":"has-post-thumbnail","6":"product_cat-fertilizers","7":"desktop-align-left","8":"tablet-align-left","9":"mobile-align-left","11":"first","12":"instock","13":"sale","14":"taxable","15":"shipping-taxable","16":"purchasable","17":"product-type-variable","18":"has-default-attributes"},"spectra_custom_meta":{"_visibility":["visible"],"_shopify_product_id":["9067648450805"],"_s2w_shopify_domain":["ferberpainting.myshopify.com"],"_shopify_variant_id":["46508189810933"],"_sku":[""],"_manage_stock":["no"],"total_sales":["5"],"_tax_status":["taxable"],"_tax_class":[""],"_backorders":["no"],"_sold_individually":["no"],"_virtual":["no"],"_downloadable":["no"],"_download_limit":["-1"],"_download_expiry":["-1"],"_stock":[null],"_stock_status":["instock"],"_wc_average_rating":["4.86"],"_wc_review_count":["7"],"_product_attributes":["a:1:{s:6:\"volume\";a:6:{s:4:\"name\";s:6:\"Volume\";s:5:\"value\";s:20:\"5 liters | 25 liters\";s:8:\"position\";i:1;s:10:\"is_visible\";i:0;s:12:\"is_variation\";i:1;s:11:\"is_taxonomy\";i:0;}}"],"_product_version":["10.5.1"],"_thumbnail_id":["26592"],"_product_image_gallery":["26594"],"wpse_downloadable_file_names":[""],"wpse_downloadable_file_urls":[""],"_edit_last":["1"],"_default_attributes":["a:1:{s:6:\"volume\";s:8:\"5 liters\";}"],"_edit_lock":["1771189574:1"],"_price":["29.90","129.90"],"merchant-center-availability":["yes"],"merchant-center-category":["113"],"_wp_page_template":["default"],"site-sidebar-layout":["default"],"ast-site-content-layout":["default"],"site-content-style":["default"],"site-sidebar-style":["default"],"theme-transparent-header-meta":["default"],"_wc_rating_count":["a:2:{i:4;i:1;i:5;i:6;}"],"astra-migrate-meta-layouts":["set"],"_uag_css_file_name":["uag-css-24714.css"],"_elementor_page_assets":["a:0:{}"],"_uag_page_assets":["a:9:{s:3:\"css\";s:7133:\".uag-blocks-common-selector{z-index:var(--z-index-desktop) !important}@media(max-width: 976px){.uag-blocks-common-selector{z-index:var(--z-index-tablet) !important}}@media(max-width: 767px){.uag-blocks-common-selector{z-index:var(--z-index-mobile) !important}}.wp-block-uagb-image{display:flex}.wp-block-uagb-image__figure{position:relative;display:flex;flex-direction:column;max-width:100%;height:auto;margin:0}.wp-block-uagb-image__figure img{height:auto;display:flex;max-width:100%;transition:box-shadow .2s ease}.wp-block-uagb-image__figure>a{display:inline-block}.wp-block-uagb-image__figure figcaption{text-align:center;margin-top:.5em;margin-bottom:1em}.wp-block-uagb-image .components-placeholder.block-editor-media-placeholder .components-placeholder__instructions{align-self:center}.wp-block-uagb-image--align-left{text-align:left}.wp-block-uagb-image--align-right{text-align:right}.wp-block-uagb-image--align-center{text-align:center}.wp-block-uagb-image--align-full .wp-block-uagb-image__figure{margin-left:calc(50% - 50vw);margin-right:calc(50% - 50vw);max-width:100vw;width:100vw;height:auto}.wp-block-uagb-image--align-full .wp-block-uagb-image__figure img{height:auto;width:100% !important}.wp-block-uagb-image--align-wide .wp-block-uagb-image__figure img{height:auto;width:100%}.wp-block-uagb-image--layout-overlay__color-wrapper{position:absolute;left:0;top:0;right:0;bottom:0;opacity:.2;background:rgba(0,0,0,.5);transition:opacity .35s ease-in-out}.wp-block-uagb-image--layout-overlay-link{position:absolute;left:0;right:0;bottom:0;top:0}.wp-block-uagb-image--layout-overlay .wp-block-uagb-image__figure:hover .wp-block-uagb-image--layout-overlay__color-wrapper{opacity:1}.wp-block-uagb-image--layout-overlay__inner{position:absolute;left:15px;right:15px;bottom:15px;top:15px;display:flex;align-items:center;justify-content:center;flex-direction:column;border-color:#fff;transition:.35s ease-in-out}.wp-block-uagb-image--layout-overlay__inner.top-left,.wp-block-uagb-image--layout-overlay__inner.top-center,.wp-block-uagb-image--layout-overlay__inner.top-right{justify-content:flex-start}.wp-block-uagb-image--layout-overlay__inner.bottom-left,.wp-block-uagb-image--layout-overlay__inner.bottom-center,.wp-block-uagb-image--layout-overlay__inner.bottom-right{justify-content:flex-end}.wp-block-uagb-image--layout-overlay__inner.top-left,.wp-block-uagb-image--layout-overlay__inner.center-left,.wp-block-uagb-image--layout-overlay__inner.bottom-left{align-items:flex-start}.wp-block-uagb-image--layout-overlay__inner.top-right,.wp-block-uagb-image--layout-overlay__inner.center-right,.wp-block-uagb-image--layout-overlay__inner.bottom-right{align-items:flex-end}.wp-block-uagb-image--layout-overlay__inner .uagb-image-heading{color:#fff;transition:transform .35s,opacity .35s ease-in-out;transform:translate3d(0, 24px, 0);margin:0;line-height:1em}.wp-block-uagb-image--layout-overlay__inner .uagb-image-separator{width:30%;border-top-width:2px;border-top-color:#fff;border-top-style:solid;margin-bottom:10px;opacity:0;transition:transform .4s,opacity .4s ease-in-out;transform:translate3d(0, 30px, 0)}.wp-block-uagb-image--layout-overlay__inner .uagb-image-caption{opacity:0;overflow:visible;color:#fff;transition:transform .45s,opacity .45s ease-in-out;transform:translate3d(0, 35px, 0)}.wp-block-uagb-image--layout-overlay__inner:hover .uagb-image-heading,.wp-block-uagb-image--layout-overlay__inner:hover .uagb-image-separator,.wp-block-uagb-image--layout-overlay__inner:hover .uagb-image-caption{opacity:1;transform:translate3d(0, 0, 0)}.wp-block-uagb-image--effect-zoomin .wp-block-uagb-image__figure img,.wp-block-uagb-image--effect-zoomin .wp-block-uagb-image__figure .wp-block-uagb-image--layout-overlay__color-wrapper{transform:scale(1);transition:transform .35s ease-in-out}.wp-block-uagb-image--effect-zoomin .wp-block-uagb-image__figure:hover img,.wp-block-uagb-image--effect-zoomin .wp-block-uagb-image__figure:hover .wp-block-uagb-image--layout-overlay__color-wrapper{transform:scale(1.05)}.wp-block-uagb-image--effect-slide .wp-block-uagb-image__figure img,.wp-block-uagb-image--effect-slide .wp-block-uagb-image__figure .wp-block-uagb-image--layout-overlay__color-wrapper{width:calc(100% + 40px) !important;max-width:none !important;transform:translate3d(-40px, 0, 0);transition:transform .35s ease-in-out}.wp-block-uagb-image--effect-slide .wp-block-uagb-image__figure:hover img,.wp-block-uagb-image--effect-slide .wp-block-uagb-image__figure:hover .wp-block-uagb-image--layout-overlay__color-wrapper{transform:translate3d(0, 0, 0)}.wp-block-uagb-image--effect-grayscale img{filter:grayscale(0%);transition:.35s ease-in-out}.wp-block-uagb-image--effect-grayscale:hover img{filter:grayscale(100%)}.wp-block-uagb-image--effect-blur img{filter:blur(0);transition:.35s ease-in-out}.wp-block-uagb-image--effect-blur:hover img{filter:blur(3px)}.uagb-block-e6f939b3.wp-block-uagb-image--layout-default figure img{box-shadow: 0px 0px 0 #00000070;}.uagb-block-e6f939b3.wp-block-uagb-image .wp-block-uagb-image__figure figcaption{font-style: normal;align-self: center;}.uagb-block-e6f939b3.wp-block-uagb-image--layout-overlay figure img{box-shadow: 0px 0px 0 #00000070;}.uagb-block-e6f939b3.wp-block-uagb-image--layout-overlay .wp-block-uagb-image--layout-overlay__color-wrapper{opacity: 0.2;}.uagb-block-e6f939b3.wp-block-uagb-image--layout-overlay .wp-block-uagb-image--layout-overlay__inner{left: 15px;right: 15px;top: 15px;bottom: 15px;}.uagb-block-e6f939b3.wp-block-uagb-image--layout-overlay .wp-block-uagb-image--layout-overlay__inner .uagb-image-heading{font-style: normal;color: #fff;opacity: 1;}.uagb-block-e6f939b3.wp-block-uagb-image--layout-overlay .wp-block-uagb-image--layout-overlay__inner .uagb-image-heading a{color: #fff;}.uagb-block-e6f939b3.wp-block-uagb-image--layout-overlay .wp-block-uagb-image--layout-overlay__inner .uagb-image-caption{opacity: 0;}.uagb-block-e6f939b3.wp-block-uagb-image--layout-overlay .wp-block-uagb-image__figure:hover .wp-block-uagb-image--layout-overlay__color-wrapper{opacity: 1;}.uagb-block-e6f939b3.wp-block-uagb-image .wp-block-uagb-image--layout-overlay__inner .uagb-image-separator{width: 30%;border-top-width: 2px;border-top-color: #fff;opacity: 0;}.uagb-block-e6f939b3.wp-block-uagb-image .wp-block-uagb-image__figure img{width: px;height: auto;}.uagb-block-e6f939b3.wp-block-uagb-image .wp-block-uagb-image__figure:hover .wp-block-uagb-image--layout-overlay__inner .uagb-image-caption{opacity: 1;}.uagb-block-e6f939b3.wp-block-uagb-image .wp-block-uagb-image__figure:hover .wp-block-uagb-image--layout-overlay__inner .uagb-image-separator{opacity: 1;}.uagb-block-e6f939b3.wp-block-uagb-image--layout-default figure:hover img{box-shadow: 0px 0px 0 #00000070;}.uagb-block-e6f939b3.wp-block-uagb-image--layout-overlay figure:hover img{box-shadow: 0px 0px 0 #00000070;}@media only screen and (max-width: 976px) {.uagb-block-e6f939b3.wp-block-uagb-image .wp-block-uagb-image__figure img{width: px;height: auto;}}@media only screen and (max-width: 767px) {.uagb-block-e6f939b3.wp-block-uagb-image .wp-block-uagb-image__figure img{width: px;height: auto;}}\";s:2:\"js\";s:0:\"\";s:18:\"current_block_list\";a:13:{i:0;s:11:\"core\/search\";i:1;s:10:\"core\/group\";i:2;s:12:\"core\/heading\";i:3;s:17:\"core\/latest-posts\";i:4;s:20:\"core\/latest-comments\";i:5;s:13:\"core\/archives\";i:6;s:15:\"core\/categories\";i:7;s:14:\"core\/paragraph\";i:8;s:10:\"uagb\/image\";i:9;s:11:\"core\/spacer\";i:10;s:30:\"woocommerce\/product-categories\";i:11;s:10:\"core\/image\";i:12;s:14:\"core\/shortcode\";}s:8:\"uag_flag\";b:1;s:11:\"uag_version\";s:10:\"1777316258\";s:6:\"gfonts\";a:0:{}s:10:\"gfonts_url\";s:0:\"\";s:12:\"gfonts_files\";a:0:{}s:14:\"uag_faq_layout\";b:0;}"]},"uagb_featured_image_src":{"full":["https:\/\/www.ferberpainting.com\/wp-content\/uploads\/2025\/05\/MonsteraFertilizer5L.png",2560,2560,false],"thumbnail":["https:\/\/www.ferberpainting.com\/wp-content\/uploads\/2025\/05\/MonsteraFertilizer5L-150x150.png",150,150,true],"medium":["https:\/\/www.ferberpainting.com\/wp-content\/uploads\/2025\/05\/MonsteraFertilizer5L-300x300.png",300,300,true],"medium_large":["https:\/\/www.ferberpainting.com\/wp-content\/uploads\/2025\/05\/MonsteraFertilizer5L-768x768.png",768,768,true],"large":["https:\/\/www.ferberpainting.com\/wp-content\/uploads\/2025\/05\/MonsteraFertilizer5L-1024x1024.png",1024,1024,true],"1536x1536":["https:\/\/www.ferberpainting.com\/wp-content\/uploads\/2025\/05\/MonsteraFertilizer5L-1536x1536.png",1536,1536,true],"2048x2048":["https:\/\/www.ferberpainting.com\/wp-content\/uploads\/2025\/05\/MonsteraFertilizer5L-2048x2048.png",2048,2048,true],"trp-custom-language-flag":["https:\/\/www.ferberpainting.com\/wp-content\/uploads\/2025\/05\/MonsteraFertilizer5L-12x12.png",12,12,true],"woocommerce_thumbnail":["https:\/\/www.ferberpainting.com\/wp-content\/uploads\/2025\/05\/MonsteraFertilizer5L-300x300.png",300,300,true],"woocommerce_single":["https:\/\/www.ferberpainting.com\/wp-content\/uploads\/2025\/05\/MonsteraFertilizer5L-600x600.png",600,600,true],"woocommerce_gallery_thumbnail":["https:\/\/www.ferberpainting.com\/wp-content\/uploads\/2025\/05\/MonsteraFertilizer5L-100x100.png",100,100,true]},"uagb_author_info":{"display_name":"admin","author_link":"https:\/\/www.ferberpainting.com\/lv\/author\/"},"uagb_comment_info":7,"uagb_excerpt":"A fertilizer specially designed for vigorous growth and radiant foliage.\u00a0The monstera, also known as the &#8220;Swiss cheese plant&#8221;, is a tropical plant appreciated for its large perforated leaves and unique aesthetic. To ensure optimal growth and lush foliage, it is essential to provide it with the nutrients it needs. This NPK 15-15-15 fertilizer provides a&hellip;","_links":{"self":[{"href":"https:\/\/www.ferberpainting.com\/lv\/wp-json\/wp\/v2\/product\/24714","targetHints":{"allow":["GET"]}}],"collection":[{"href":"https:\/\/www.ferberpainting.com\/lv\/wp-json\/wp\/v2\/product"}],"about":[{"href":"https:\/\/www.ferberpainting.com\/lv\/wp-json\/wp\/v2\/types\/product"}],"replies":[{"embeddable":true,"href":"https:\/\/www.ferberpainting.com\/lv\/wp-json\/wp\/v2\/comments?post=24714"}],"version-history":[{"count":4,"href":"https:\/\/www.ferberpainting.com\/lv\/wp-json\/wp\/v2\/product\/24714\/revisions"}],"predecessor-version":[{"id":166608,"href":"https:\/\/www.ferberpainting.com\/lv\/wp-json\/wp\/v2\/product\/24714\/revisions\/166608"}],"wp:featuredmedia":[{"embeddable":true,"href":"https:\/\/www.ferberpainting.com\/lv\/wp-json\/wp\/v2\/media\/26592"}],"wp:attachment":[{"href":"https:\/\/www.ferberpainting.com\/lv\/wp-json\/wp\/v2\/media?parent=24714"}],"wp:term":[{"taxonomy":"product_brand","embeddable":true,"href":"https:\/\/www.ferberpainting.com\/lv\/wp-json\/wp\/v2\/product_brand?post=24714"},{"taxonomy":"product_cat","embeddable":true,"href":"https:\/\/www.ferberpainting.com\/lv\/wp-json\/wp\/v2\/product_cat?post=24714"},{"taxonomy":"product_tag","embeddable":true,"href":"https:\/\/www.ferberpainting.com\/lv\/wp-json\/wp\/v2\/product_tag?post=24714"}],"curies":[{"name":"wp","href":"https:\/\/api.w.org\/{rel}","templated":true}]}}