{"id":24705,"date":"2025-07-01T00:30:02","date_gmt":"2025-06-30T22:30:02","guid":{"rendered":"https:\/\/www.ferberpainting.com\/?post_type=product&#038;p=24705"},"modified":"2026-02-15T22:00:06","modified_gmt":"2026-02-15T21:00:06","slug":"microwave-cleaner","status":"publish","type":"product","link":"https:\/\/www.ferberpainting.com\/lv\/products\/microwave-cleaner\/","title":{"rendered":"Mikrovi\u013c\u0146u kr\u0101sns t\u012br\u012b\u0161anas l\u012bdzeklis"},"content":{"rendered":"<p><strong><img decoding=\"async\" style=\"margin-right: 12px;\" src=\"https:\/\/www.ferberpainting.com\/wp-content\/uploads\/2026\/02\/Check.svg\" alt=\"\" width=\"18\" height=\"15\" \/>Optim\u0101la efektivit\u0101te.<\/strong>\u00a0\u0160is mikrovi\u013c\u0146u kr\u0101sns t\u012br\u012b\u0161anas l\u012bdzeklis ir \u012bpa\u0161i izstr\u0101d\u0101ts, lai likvid\u0113tu taukus, \u0113diena atliekas, m\u0113r\u010du \u0161\u013cakatas un notur\u012bgas smakas, kas veidojas j\u016bsu ier\u012bc\u0113. T\u0101 sp\u0113c\u012bg\u0101 formula iek\u013c\u016bst dzi\u013ci, lai no\u0146emtu net\u012brumus bez p\u0101rm\u0113r\u012bgas t\u012br\u012b\u0161anas, padarot mikrovi\u013c\u0146u kr\u0101sni t\u012bru, dezinfic\u0113tu un bez \u0161v\u012bk\u0101m p\u0113c katras lieto\u0161anas reizes. Tas ir ide\u0101li piem\u0113rots ikdienas lieto\u0161anai un nodro\u0161ina nevainojamu higi\u0113nu j\u016bsu ier\u012bcei.<\/p>\n<p><strong><img decoding=\"async\" style=\"margin-right: 12px;\" src=\"https:\/\/www.ferberpainting.com\/wp-content\/uploads\/2026\/02\/Check.svg\" alt=\"\" width=\"18\" height=\"15\" \/>Naudas atmaksas garantija.<\/strong>\u00a0M\u0113s esam piln\u012bb\u0101 p\u0101rliecin\u0101ti par m\u016bsu t\u012br\u012b\u0161anas l\u012bdzek\u013ca efektivit\u0101ti. Ja p\u0113c lieto\u0161anas j\u016bs neesat piln\u012bb\u0101 apmierin\u0101ts ar rezult\u0101tiem, jums ir ties\u012bbas sa\u0146emt pilnu naudas atmaksu. Izm\u0113\u0123iniet m\u016bsu produktu bez riska un izbaudiet nevainojami t\u012bru mikrovi\u013c\u0146u kr\u0101sni, bez piep\u016bles un bez palieko\u0161iem atlikumiem.<\/p>\n<p><strong><img decoding=\"async\" style=\"margin-right: 12px;\" src=\"https:\/\/www.ferberpainting.com\/wp-content\/uploads\/2026\/02\/Check.svg\" alt=\"\" width=\"18\" height=\"15\" \/>Izcila daudzpus\u012bba.<\/strong>\u00a0\u0160is t\u012br\u012b\u0161anas l\u012bdzeklis nav paredz\u0113ts tikai mikrovi\u013c\u0146u kr\u0101sn\u012bm! Tas ir efekt\u012bvs ar\u012b uz cit\u0101m virtuves virsm\u0101m, piem\u0113ram, cepe\u0161kr\u0101sn\u012bm, pl\u012bt\u012bm, tvaika nos\u016bc\u0113jiem un darba virsm\u0101m. Tas iedarbojas uz da\u017e\u0101diem materi\u0101liem, tostarp ner\u016bs\u0113jo\u0161o t\u0113raudu, plastmasu, stiklu un emalju. To var izmantot gan mikrovi\u013c\u0146u kr\u0101sns iek\u0161\u0113j\u0101m, gan \u0101r\u0113j\u0101m virsm\u0101m, tostarp durti\u0146\u0101m un pagrieziena galdam, nodro\u0161inot piln\u012bgu un vienm\u0113r\u012bgu t\u012br\u012b\u0161anu.<\/p>\n<p><strong><img decoding=\"async\" style=\"margin-right: 12px;\" src=\"https:\/\/www.ferberpainting.com\/wp-content\/uploads\/2026\/02\/Check.svg\" alt=\"\" width=\"18\" height=\"15\" \/>Rentabla veiktsp\u0113ja.<\/strong>\u00a0Pateicoties 5 litru tilpnei un augstajai koncentr\u0101cijai, \u0161is t\u012br\u012b\u0161anas l\u012bdzeklis pied\u0101v\u0101 izcilu v\u0113rt\u012bbu. Ar nelielu daudzumu pietiek, lai r\u016bp\u012bgi not\u012br\u012btu lielu virsmu, t\u0101p\u0113c tas ir ekonomisks un efekt\u012bvs risin\u0101jums ikdienas vai intens\u012bvai lieto\u0161anai. Vid\u0113ji ar vienu litru l\u012bdzek\u013ca var apstr\u0101d\u0101t l\u012bdz 50 t\u012br\u012b\u0161anas cikliem, t\u0101d\u0113j\u0101di samazinot atkritumu daudzumu un optimiz\u0113jot ilgtermi\u0146a lieto\u0161anu.<\/p>\n<p><strong><img decoding=\"async\" style=\"margin-right: 12px;\" src=\"https:\/\/www.ferberpainting.com\/wp-content\/uploads\/2026\/02\/Check.svg\" alt=\"\" width=\"18\" height=\"15\" \/>Dro\u0161a lieto\u0161ana.<\/strong>\u00a0At\u0161\u0137ir\u012bb\u0101 no t\u012br\u012b\u0161anas l\u012bdzek\u013ciem, kuru sast\u0101v\u0101 ir asas \u0137\u012bmisk\u0101s vielas, kas var saboj\u0101t jut\u012bgas virsmas un atst\u0101t toksiskas atliekas, \u0161is produkts ir izstr\u0101d\u0101ts bez kait\u012bg\u0101m viel\u0101m. Tas neizdala kairino\u0161us izgarojumus, neatst\u0101j \u0137\u012bmisku pl\u0113vi un saudz\u0113 mikrovi\u013c\u0146u kr\u0101sns materi\u0101lus. Tas ir piln\u012bgi dro\u0161s pat bie\u017eai lieto\u0161anai, nodro\u0161inot vesel\u012bgu vidi \u0113diena pagatavo\u0161anai.<\/p>\n<p><strong><img decoding=\"async\" style=\"margin-right: 12px;\" src=\"https:\/\/www.ferberpainting.com\/wp-content\/uploads\/2026\/02\/Check.svg\" alt=\"\" width=\"18\" height=\"15\" \/>Lieto\u0161anas \u0113rtums.<\/strong>\u00a0\u0160is produkts ir gatavs lieto\u0161anai, un to nav nepiecie\u0161ams at\u0161\u0137aid\u012bt vai sare\u017e\u0123\u012bti apstr\u0101d\u0101t. To uzkl\u0101j tie\u0161i uz virsmas, izmantojot s\u016bkli vai dr\u0101nu. T\u0101 \u0101tr\u0101 iedarb\u012bba no\u0146em net\u012brumus da\u017eu sekun\u017eu laik\u0101 bez p\u0101rm\u0113r\u012bgas skalo\u0161anas vai p\u016bl\u0113m. T\u0101 intuit\u012bv\u0101 lieto\u0161ana padara ikdienas t\u012br\u012b\u0161anu mikrovi\u013c\u0146u kr\u0101sn\u012b vienk\u0101r\u0161u un nodro\u0161ina nevainojamu rezult\u0101tu \u012bs\u0101 laik\u0101.<\/p>\n<p><strong><img decoding=\"async\" style=\"margin-right: 12px;\" src=\"https:\/\/www.ferberpainting.com\/wp-content\/uploads\/2026\/02\/Check.svg\" alt=\"\" width=\"18\" height=\"15\" \/>Papla\u0161in\u0101ta iztur\u012bba.<\/strong>\u00a0\u0160is t\u012br\u012b\u0161anas l\u012bdzeklis efekt\u012bvi no\u0146em taukus un \u0113diena atliekas, t\u0101d\u0113j\u0101di pagarinot mikrovi\u013c\u0146u kr\u0101sns kalpo\u0161anas laiku. Tas nov\u0113r\u0161 nogulsnes, kas var\u0113tu trauc\u0113t pareizu darb\u012bbu vai rad\u012bt nepat\u012bkamu arom\u0101tu. Regul\u0101ra lieto\u0161ana pal\u012bdz saglab\u0101t mikrovi\u013c\u0146u kr\u0101sns nevainojamu darb\u012bbu un nodro\u0161ina optim\u0101lu higi\u0113nu j\u016bsu \u0113dieniem.<\/p>\n<p><strong><img decoding=\"async\" style=\"margin-right: 12px;\" src=\"https:\/\/www.ferberpainting.com\/wp-content\/uploads\/2026\/02\/Check.svg\" alt=\"\" width=\"18\" height=\"15\" \/>\u0100tra r\u012bc\u012bba.<\/strong>\u00a0Pateicoties \u012bpa\u0161i akt\u012bvai formulai, \u0161is t\u012br\u012b\u0161anas l\u012bdzeklis nekav\u0113joties iedarbojas uz net\u012brumiem un ies\u0113din\u0101tiem taukiem. Tikai da\u017eu min\u016b\u0161u laik\u0101 tas iz\u0161\u0137\u012bdina \u0113diena paliekas un atvieglo to no\u0146em\u0161anu bez lielas piep\u016bles. Tas nodro\u0161ina \u0101tru un efekt\u012bvu t\u012br\u012b\u0161anu - ide\u0101li piem\u0113rots ikdienas lieto\u0161anai virtuv\u0113, lai j\u016bsu mikrovi\u013c\u0146u kr\u0101sns vienm\u0113r b\u016btu t\u012bra un darbsp\u0113j\u012bga.<\/p>\n<h2><strong>Lieto\u0161anas protokols<\/strong><\/h2>\n<ul>\n<li><strong>Sagatavo\u0161ana <\/strong>: P\u0101rliecinieties, ka mikrovi\u013c\u0146u kr\u0101sns ir izsl\u0113gta un virsmas ir pieejamas. Iz\u0146emiet pagrieziena galdu un piederumus dzi\u013cai t\u012br\u012b\u0161anai.<\/li>\n<li><strong>Manu\u0101la piem\u0113ro\u0161ana <\/strong>: Nelielu daudzumu t\u012br\u012b\u0161anas l\u012bdzek\u013ca uzlejiet uz s\u016bk\u013ca vai m\u012bkstas dr\u0101ni\u0146as un vienm\u0113r\u012bgi uzkl\u0101jiet uz mikrovi\u013c\u0146u kr\u0101sns iek\u0161\u0113j\u0101m sieni\u0146\u0101m, koncentr\u0113joties uz viet\u0101m, kur ir gr\u016bti t\u012br\u0101m\u0101s atliekas.<\/li>\n<li><strong>Durvju un eksterjera t\u012br\u012b\u0161ana <\/strong>: Uzkl\u0101jiet l\u012bdzekli, izmantojot m\u012bkstu dr\u0101nu, un viegli noslaukiet, lai no\u0146emtu pirkstu nospiedumus, taukus un redzamus traipus. Lai ieg\u016btu nevainojamu virsmu, p\u0113c tam viegli noslaukiet ar sausu mikro\u0161\u0137iedras dr\u0101nu.<\/li>\n<li><strong>Vinilpla\u0161u t\u012br\u012b\u0161ana <\/strong>: Samitriniet s\u016bkli ar l\u012bdzekli un noslaukiet virpu\u013cgali, lai no\u0146emtu \u0113diena atliekas. Pirms ievieto\u0161anas atpaka\u013c mikrovi\u013c\u0146u kr\u0101sn\u012b to noskalojiet ar t\u012bru \u016bdeni.<\/li>\n<li><strong>Notur\u012bgu traipu apstr\u0101de <\/strong>: Stipri sakr\u0101ju\u0161os tauku vai piedegu\u0161o \u0113diena atlieku gad\u012bjum\u0101 uzkl\u0101jiet l\u012bdzekli tie\u0161i uz skart\u0101s vietas un \u013caujiet l\u012bdzeklim nost\u0101v\u0113ties 3 l\u012bdz 5 min\u016btes, p\u0113c tam noslaukiet ar m\u012bkstu suku vai nedaudz abraz\u012bvu s\u016bkli. Vajadz\u012bbas gad\u012bjum\u0101 atk\u0101rtojiet.<\/li>\n<li><strong>Skalo\u0161ana un t\u012br\u012b\u0161ana <\/strong>: Noslaukiet apstr\u0101d\u0101t\u0101s virsmas ar t\u012bru, mitru dr\u0101nu, lai no\u0146emtu produkta atliekas un nodro\u0161in\u0101tu nevainojamu apdari bez sv\u012btr\u0101m. Nosusiniet ar t\u012bru dr\u0101nu, lai nov\u0113rstu mitruma iek\u013c\u016b\u0161anu ier\u012bces iek\u0161pus\u0113.<\/li>\n<li><strong>Apdare un dezodor\u0113\u0161ana <\/strong>: Lai mikrovi\u013c\u0146u kr\u0101sns b\u016btu piln\u012bgi t\u012bra un bez smak\u0101m, p\u0113c t\u012br\u012b\u0161anas uz vienu min\u016bti uzsildiet b\u013codu ar \u016bdeni, lai no\u0146emtu atliku\u0161\u0101s produkta paliekas un atsvaidzin\u0101tu iek\u0161pusi.<\/li>\n<li><strong>Lieto\u0161anas bie\u017eums <\/strong>: Lietojiet reizi ned\u0113\u013c\u0101, lai veiktu regul\u0101ru apkopi un nov\u0113rstu p\u0101rtikas produktu nogul\u0161\u0146u uzkr\u0101\u0161anos. Bie\u017eas lieto\u0161anas vai bie\u017eas net\u012br\u012bbas gad\u012bjum\u0101 t\u012briet ik p\u0113c 2-3 dien\u0101m, lai nodro\u0161in\u0101tu optim\u0101lu higi\u0113nu un dro\u0161u p\u0101rtikas pagatavo\u0161anu.<\/li>\n<li><strong>Uzglab\u0101\u0161ana <\/strong>: P\u0113c katras lieto\u0161anas reizes cie\u0161i aizveriet kanni\u0146u un uzglab\u0101jiet v\u0113s\u0101, saus\u0101 viet\u0101, pasarg\u0101jot no gaismas un p\u0101rm\u0113r\u012bgas temperat\u016bras, lai saglab\u0101tu produkta ilgtermi\u0146a efektivit\u0101ti.<\/li>\n<\/ul>\n<p>Izmantojot m\u016bsu mikrovi\u013c\u0146u kr\u0101sns t\u012br\u012b\u0161anas l\u012bdzekli, nodro\u0161iniet optim\u0101lu un vieglu apkopi, vienlaikus saglab\u0101jot ier\u012bces t\u012br\u012bbu un higi\u0113nu. Ide\u0101ls risin\u0101jums, lai mikrovi\u013c\u0146u kr\u0101sns vienm\u0113r b\u016btu t\u012bra, bez taukiem un smak\u0101m, nodro\u0161inot dro\u0161u gatavo\u0161anu un nevainojamu virtuves vidi.<\/p>","protected":false},"excerpt":{"rendered":"<p>Optimal Efficiency.\u00a0This microwave cleaner is specially formulated to eliminate grease, food residues, sauce splashes, and persistent odors that build up in your appliance. Its powerful formula penetrates deep to remove grime without the need for excessive scrubbing, leaving your microwave clean, disinfected, and streak-free after each use. It is ideal for daily use and ensures [&hellip;]<\/p>\n","protected":false},"featured_media":36074,"comment_status":"open","ping_status":"closed","template":"","meta":{"_uag_custom_page_level_css":"","site-sidebar-layout":"default","site-content-layout":"","ast-site-content-layout":"default","site-content-style":"default","site-sidebar-style":"default","ast-global-header-display":"","ast-banner-title-visibility":"","ast-main-header-display":"","ast-hfb-above-header-display":"","ast-hfb-below-header-display":"","ast-hfb-mobile-header-display":"","site-post-title":"","ast-breadcrumbs-content":"","ast-featured-img":"","footer-sml-layout":"","ast-disable-related-posts":"","theme-transparent-header-meta":"default","adv-header-id-meta":"","stick-header-meta":"","header-above-stick-meta":"","header-main-stick-meta":"","header-below-stick-meta":"","astra-migrate-meta-layouts":"set","ast-page-background-enabled":"default","ast-page-background-meta":{"desktop":{"background-color":"var(--ast-global-color-4)","background-image":"","background-repeat":"repeat","background-position":"center center","background-size":"auto","background-attachment":"scroll","background-type":"","background-media":"","overlay-type":"","overlay-color":"","overlay-opacity":"","overlay-gradient":""},"tablet":{"background-color":"","background-image":"","background-repeat":"repeat","background-position":"center center","background-size":"auto","background-attachment":"scroll","background-type":"","background-media":"","overlay-type":"","overlay-color":"","overlay-opacity":"","overlay-gradient":""},"mobile":{"background-color":"","background-image":"","background-repeat":"repeat","background-position":"center center","background-size":"auto","background-attachment":"scroll","background-type":"","background-media":"","overlay-type":"","overlay-color":"","overlay-opacity":"","overlay-gradient":""}},"ast-content-background-meta":{"desktop":{"background-color":"var(--ast-global-color-5)","background-image":"","background-repeat":"repeat","background-position":"center center","background-size":"auto","background-attachment":"scroll","background-type":"","background-media":"","overlay-type":"","overlay-color":"","overlay-opacity":"","overlay-gradient":""},"tablet":{"background-color":"var(--ast-global-color-5)","background-image":"","background-repeat":"repeat","background-position":"center center","background-size":"auto","background-attachment":"scroll","background-type":"","background-media":"","overlay-type":"","overlay-color":"","overlay-opacity":"","overlay-gradient":""},"mobile":{"background-color":"var(--ast-global-color-5)","background-image":"","background-repeat":"repeat","background-position":"center center","background-size":"auto","background-attachment":"scroll","background-type":"","background-media":"","overlay-type":"","overlay-color":"","overlay-opacity":"","overlay-gradient":""}}},"product_brand":[],"product_cat":[175],"product_tag":[],"class_list":{"0":"post-24705","1":"product","2":"type-product","3":"status-publish","4":"has-post-thumbnail","6":"product_cat-cleaning-products","7":"desktop-align-left","8":"tablet-align-left","9":"mobile-align-left","11":"first","12":"instock","13":"sale","14":"taxable","15":"shipping-taxable","16":"purchasable","17":"product-type-variable","18":"has-default-attributes"},"spectra_custom_meta":{"_visibility":["visible"],"_shopify_product_id":["9106358370549"],"_s2w_shopify_domain":["ferberpainting.myshopify.com"],"_shopify_variant_id":["46625999585525"],"_sku":[""],"_manage_stock":["no"],"total_sales":["0"],"_tax_status":["taxable"],"_tax_class":[""],"_backorders":["no"],"_sold_individually":["no"],"_virtual":["no"],"_downloadable":["no"],"_download_limit":["-1"],"_download_expiry":["-1"],"_stock":[null],"_stock_status":["instock"],"_wc_average_rating":["5.00"],"_wc_review_count":["10"],"_product_attributes":["a:1:{s:6:\"volume\";a:6:{s:4:\"name\";s:6:\"Volume\";s:5:\"value\";s:20:\"5 liters | 25 liters\";s:8:\"position\";i:1;s:10:\"is_visible\";i:0;s:12:\"is_variation\";i:1;s:11:\"is_taxonomy\";i:0;}}"],"_product_version":["10.5.1"],"wpse_downloadable_file_names":[""],"wpse_downloadable_file_urls":[""],"_edit_last":["1"],"_default_attributes":["a:1:{s:6:\"volume\";s:8:\"5 liters\";}"],"_edit_lock":["1771189068:1"],"_price":["29.90","129.90"],"merchant-center-availability":["yes"],"merchant-center-category":["4978"],"_thumbnail_id":["36074"],"_wp_page_template":["default"],"_wp_old_date":["2025-05-26"],"_product_image_gallery":["36075"],"site-sidebar-layout":["default"],"ast-site-content-layout":["default"],"site-content-style":["default"],"site-sidebar-style":["default"],"theme-transparent-header-meta":["default"],"_wc_rating_count":["a:1:{i:5;i:10;}"],"astra-migrate-meta-layouts":["set"],"_uag_css_file_name":["uag-css-24705.css"],"_elementor_page_assets":["a:0:{}"],"_uag_page_assets":["a:9:{s:3:\"css\";s:7133:\".uag-blocks-common-selector{z-index:var(--z-index-desktop) !important}@media(max-width: 976px){.uag-blocks-common-selector{z-index:var(--z-index-tablet) !important}}@media(max-width: 767px){.uag-blocks-common-selector{z-index:var(--z-index-mobile) !important}}.wp-block-uagb-image{display:flex}.wp-block-uagb-image__figure{position:relative;display:flex;flex-direction:column;max-width:100%;height:auto;margin:0}.wp-block-uagb-image__figure img{height:auto;display:flex;max-width:100%;transition:box-shadow .2s ease}.wp-block-uagb-image__figure>a{display:inline-block}.wp-block-uagb-image__figure figcaption{text-align:center;margin-top:.5em;margin-bottom:1em}.wp-block-uagb-image .components-placeholder.block-editor-media-placeholder .components-placeholder__instructions{align-self:center}.wp-block-uagb-image--align-left{text-align:left}.wp-block-uagb-image--align-right{text-align:right}.wp-block-uagb-image--align-center{text-align:center}.wp-block-uagb-image--align-full .wp-block-uagb-image__figure{margin-left:calc(50% - 50vw);margin-right:calc(50% - 50vw);max-width:100vw;width:100vw;height:auto}.wp-block-uagb-image--align-full .wp-block-uagb-image__figure img{height:auto;width:100% !important}.wp-block-uagb-image--align-wide .wp-block-uagb-image__figure img{height:auto;width:100%}.wp-block-uagb-image--layout-overlay__color-wrapper{position:absolute;left:0;top:0;right:0;bottom:0;opacity:.2;background:rgba(0,0,0,.5);transition:opacity .35s ease-in-out}.wp-block-uagb-image--layout-overlay-link{position:absolute;left:0;right:0;bottom:0;top:0}.wp-block-uagb-image--layout-overlay .wp-block-uagb-image__figure:hover .wp-block-uagb-image--layout-overlay__color-wrapper{opacity:1}.wp-block-uagb-image--layout-overlay__inner{position:absolute;left:15px;right:15px;bottom:15px;top:15px;display:flex;align-items:center;justify-content:center;flex-direction:column;border-color:#fff;transition:.35s ease-in-out}.wp-block-uagb-image--layout-overlay__inner.top-left,.wp-block-uagb-image--layout-overlay__inner.top-center,.wp-block-uagb-image--layout-overlay__inner.top-right{justify-content:flex-start}.wp-block-uagb-image--layout-overlay__inner.bottom-left,.wp-block-uagb-image--layout-overlay__inner.bottom-center,.wp-block-uagb-image--layout-overlay__inner.bottom-right{justify-content:flex-end}.wp-block-uagb-image--layout-overlay__inner.top-left,.wp-block-uagb-image--layout-overlay__inner.center-left,.wp-block-uagb-image--layout-overlay__inner.bottom-left{align-items:flex-start}.wp-block-uagb-image--layout-overlay__inner.top-right,.wp-block-uagb-image--layout-overlay__inner.center-right,.wp-block-uagb-image--layout-overlay__inner.bottom-right{align-items:flex-end}.wp-block-uagb-image--layout-overlay__inner .uagb-image-heading{color:#fff;transition:transform .35s,opacity .35s ease-in-out;transform:translate3d(0, 24px, 0);margin:0;line-height:1em}.wp-block-uagb-image--layout-overlay__inner .uagb-image-separator{width:30%;border-top-width:2px;border-top-color:#fff;border-top-style:solid;margin-bottom:10px;opacity:0;transition:transform .4s,opacity .4s ease-in-out;transform:translate3d(0, 30px, 0)}.wp-block-uagb-image--layout-overlay__inner .uagb-image-caption{opacity:0;overflow:visible;color:#fff;transition:transform .45s,opacity .45s ease-in-out;transform:translate3d(0, 35px, 0)}.wp-block-uagb-image--layout-overlay__inner:hover .uagb-image-heading,.wp-block-uagb-image--layout-overlay__inner:hover .uagb-image-separator,.wp-block-uagb-image--layout-overlay__inner:hover .uagb-image-caption{opacity:1;transform:translate3d(0, 0, 0)}.wp-block-uagb-image--effect-zoomin .wp-block-uagb-image__figure img,.wp-block-uagb-image--effect-zoomin .wp-block-uagb-image__figure .wp-block-uagb-image--layout-overlay__color-wrapper{transform:scale(1);transition:transform .35s ease-in-out}.wp-block-uagb-image--effect-zoomin .wp-block-uagb-image__figure:hover img,.wp-block-uagb-image--effect-zoomin .wp-block-uagb-image__figure:hover .wp-block-uagb-image--layout-overlay__color-wrapper{transform:scale(1.05)}.wp-block-uagb-image--effect-slide .wp-block-uagb-image__figure img,.wp-block-uagb-image--effect-slide .wp-block-uagb-image__figure .wp-block-uagb-image--layout-overlay__color-wrapper{width:calc(100% + 40px) !important;max-width:none !important;transform:translate3d(-40px, 0, 0);transition:transform .35s ease-in-out}.wp-block-uagb-image--effect-slide .wp-block-uagb-image__figure:hover img,.wp-block-uagb-image--effect-slide .wp-block-uagb-image__figure:hover .wp-block-uagb-image--layout-overlay__color-wrapper{transform:translate3d(0, 0, 0)}.wp-block-uagb-image--effect-grayscale img{filter:grayscale(0%);transition:.35s ease-in-out}.wp-block-uagb-image--effect-grayscale:hover img{filter:grayscale(100%)}.wp-block-uagb-image--effect-blur img{filter:blur(0);transition:.35s ease-in-out}.wp-block-uagb-image--effect-blur:hover img{filter:blur(3px)}.uagb-block-e6f939b3.wp-block-uagb-image--layout-default figure img{box-shadow: 0px 0px 0 #00000070;}.uagb-block-e6f939b3.wp-block-uagb-image .wp-block-uagb-image__figure figcaption{font-style: normal;align-self: center;}.uagb-block-e6f939b3.wp-block-uagb-image--layout-overlay figure img{box-shadow: 0px 0px 0 #00000070;}.uagb-block-e6f939b3.wp-block-uagb-image--layout-overlay .wp-block-uagb-image--layout-overlay__color-wrapper{opacity: 0.2;}.uagb-block-e6f939b3.wp-block-uagb-image--layout-overlay .wp-block-uagb-image--layout-overlay__inner{left: 15px;right: 15px;top: 15px;bottom: 15px;}.uagb-block-e6f939b3.wp-block-uagb-image--layout-overlay .wp-block-uagb-image--layout-overlay__inner .uagb-image-heading{font-style: normal;color: #fff;opacity: 1;}.uagb-block-e6f939b3.wp-block-uagb-image--layout-overlay .wp-block-uagb-image--layout-overlay__inner .uagb-image-heading a{color: #fff;}.uagb-block-e6f939b3.wp-block-uagb-image--layout-overlay .wp-block-uagb-image--layout-overlay__inner .uagb-image-caption{opacity: 0;}.uagb-block-e6f939b3.wp-block-uagb-image--layout-overlay .wp-block-uagb-image__figure:hover .wp-block-uagb-image--layout-overlay__color-wrapper{opacity: 1;}.uagb-block-e6f939b3.wp-block-uagb-image .wp-block-uagb-image--layout-overlay__inner .uagb-image-separator{width: 30%;border-top-width: 2px;border-top-color: #fff;opacity: 0;}.uagb-block-e6f939b3.wp-block-uagb-image .wp-block-uagb-image__figure img{width: px;height: auto;}.uagb-block-e6f939b3.wp-block-uagb-image .wp-block-uagb-image__figure:hover .wp-block-uagb-image--layout-overlay__inner .uagb-image-caption{opacity: 1;}.uagb-block-e6f939b3.wp-block-uagb-image .wp-block-uagb-image__figure:hover .wp-block-uagb-image--layout-overlay__inner .uagb-image-separator{opacity: 1;}.uagb-block-e6f939b3.wp-block-uagb-image--layout-default figure:hover img{box-shadow: 0px 0px 0 #00000070;}.uagb-block-e6f939b3.wp-block-uagb-image--layout-overlay figure:hover img{box-shadow: 0px 0px 0 #00000070;}@media only screen and (max-width: 976px) {.uagb-block-e6f939b3.wp-block-uagb-image .wp-block-uagb-image__figure img{width: px;height: auto;}}@media only screen and (max-width: 767px) {.uagb-block-e6f939b3.wp-block-uagb-image .wp-block-uagb-image__figure img{width: px;height: auto;}}\";s:2:\"js\";s:0:\"\";s:18:\"current_block_list\";a:13:{i:0;s:11:\"core\/search\";i:1;s:10:\"core\/group\";i:2;s:12:\"core\/heading\";i:3;s:17:\"core\/latest-posts\";i:4;s:20:\"core\/latest-comments\";i:5;s:13:\"core\/archives\";i:6;s:15:\"core\/categories\";i:7;s:14:\"core\/paragraph\";i:8;s:10:\"uagb\/image\";i:9;s:11:\"core\/spacer\";i:10;s:30:\"woocommerce\/product-categories\";i:11;s:10:\"core\/image\";i:12;s:14:\"core\/shortcode\";}s:8:\"uag_flag\";b:1;s:11:\"uag_version\";s:10:\"1777228607\";s:6:\"gfonts\";a:0:{}s:10:\"gfonts_url\";s:0:\"\";s:12:\"gfonts_files\";a:0:{}s:14:\"uag_faq_layout\";b:0;}"]},"uagb_featured_image_src":{"full":["https:\/\/www.ferberpainting.com\/wp-content\/uploads\/2025\/05\/Microwave-Cleaner-5L-.png",2560,2560,false],"thumbnail":["https:\/\/www.ferberpainting.com\/wp-content\/uploads\/2025\/05\/Microwave-Cleaner-5L--150x150.png",150,150,true],"medium":["https:\/\/www.ferberpainting.com\/wp-content\/uploads\/2025\/05\/Microwave-Cleaner-5L--300x300.png",300,300,true],"medium_large":["https:\/\/www.ferberpainting.com\/wp-content\/uploads\/2025\/05\/Microwave-Cleaner-5L--768x768.png",768,768,true],"large":["https:\/\/www.ferberpainting.com\/wp-content\/uploads\/2025\/05\/Microwave-Cleaner-5L--1024x1024.png",1024,1024,true],"1536x1536":["https:\/\/www.ferberpainting.com\/wp-content\/uploads\/2025\/05\/Microwave-Cleaner-5L--1536x1536.png",1536,1536,true],"2048x2048":["https:\/\/www.ferberpainting.com\/wp-content\/uploads\/2025\/05\/Microwave-Cleaner-5L--2048x2048.png",2048,2048,true],"trp-custom-language-flag":["https:\/\/www.ferberpainting.com\/wp-content\/uploads\/2025\/05\/Microwave-Cleaner-5L--12x12.png",12,12,true],"woocommerce_thumbnail":["https:\/\/www.ferberpainting.com\/wp-content\/uploads\/2025\/05\/Microwave-Cleaner-5L--300x300.png",300,300,true],"woocommerce_single":["https:\/\/www.ferberpainting.com\/wp-content\/uploads\/2025\/05\/Microwave-Cleaner-5L--600x600.png",600,600,true],"woocommerce_gallery_thumbnail":["https:\/\/www.ferberpainting.com\/wp-content\/uploads\/2025\/05\/Microwave-Cleaner-5L--100x100.png",100,100,true]},"uagb_author_info":{"display_name":"admin","author_link":"https:\/\/www.ferberpainting.com\/lv\/author\/"},"uagb_comment_info":10,"uagb_excerpt":"Optimal Efficiency.\u00a0This microwave cleaner is specially formulated to eliminate grease, food residues, sauce splashes, and persistent odors that build up in your appliance. Its powerful formula penetrates deep to remove grime without the need for excessive scrubbing, leaving your microwave clean, disinfected, and streak-free after each use. It is ideal for daily use and ensures&hellip;","_links":{"self":[{"href":"https:\/\/www.ferberpainting.com\/lv\/wp-json\/wp\/v2\/product\/24705","targetHints":{"allow":["GET"]}}],"collection":[{"href":"https:\/\/www.ferberpainting.com\/lv\/wp-json\/wp\/v2\/product"}],"about":[{"href":"https:\/\/www.ferberpainting.com\/lv\/wp-json\/wp\/v2\/types\/product"}],"replies":[{"embeddable":true,"href":"https:\/\/www.ferberpainting.com\/lv\/wp-json\/wp\/v2\/comments?post=24705"}],"version-history":[{"count":4,"href":"https:\/\/www.ferberpainting.com\/lv\/wp-json\/wp\/v2\/product\/24705\/revisions"}],"predecessor-version":[{"id":166597,"href":"https:\/\/www.ferberpainting.com\/lv\/wp-json\/wp\/v2\/product\/24705\/revisions\/166597"}],"wp:featuredmedia":[{"embeddable":true,"href":"https:\/\/www.ferberpainting.com\/lv\/wp-json\/wp\/v2\/media\/36074"}],"wp:attachment":[{"href":"https:\/\/www.ferberpainting.com\/lv\/wp-json\/wp\/v2\/media?parent=24705"}],"wp:term":[{"taxonomy":"product_brand","embeddable":true,"href":"https:\/\/www.ferberpainting.com\/lv\/wp-json\/wp\/v2\/product_brand?post=24705"},{"taxonomy":"product_cat","embeddable":true,"href":"https:\/\/www.ferberpainting.com\/lv\/wp-json\/wp\/v2\/product_cat?post=24705"},{"taxonomy":"product_tag","embeddable":true,"href":"https:\/\/www.ferberpainting.com\/lv\/wp-json\/wp\/v2\/product_tag?post=24705"}],"curies":[{"name":"wp","href":"https:\/\/api.w.org\/{rel}","templated":true}]}}