{"id":23818,"date":"2025-05-26T10:25:41","date_gmt":"2025-05-26T08:25:41","guid":{"rendered":"https:\/\/www.ferberpainting.com\/products\/metallic-wax\/"},"modified":"2026-02-15T21:03:27","modified_gmt":"2026-02-15T20:03:27","slug":"metallic-wax","status":"publish","type":"product","link":"https:\/\/www.ferberpainting.com\/lv\/products\/metallic-wax\/","title":{"rendered":"Met\u0101liskais vasks"},"content":{"rendered":"<p><strong><img decoding=\"async\" style=\"margin-right: 12px;\" src=\"https:\/\/www.ferberpainting.com\/wp-content\/uploads\/2026\/02\/Check.svg\" alt=\"\" width=\"18\" height=\"15\" \/>Augstas kvalit\u0101tes met\u0101lisks sp\u012bdums gr\u012bd\u0101m, kas prasa uzman\u012bbu.<\/strong> M\u016bsu met\u0101liskais vasks ir \u012bpa\u0161i izstr\u0101d\u0101ts, lai uzlabotu un aizsarg\u0101tu gr\u012bdas virsmas ar izsmalcin\u0101tu met\u0101lisku sp\u012bdumu, kas uzlabo jebkuras telpas vizu\u0101lo efektu. Tas pie\u0161\u0137ir dzi\u013cumu, mirdzumu un smalku atstarojo\u0161u efektu, kas p\u0101rv\u0113r\u0161 parastas gr\u012bdas par elegant\u0101m, uzman\u012bbu piesaisto\u0161\u0101m virsm\u0101m, kas piem\u0113rotas dz\u012bvojam\u0101m, komerci\u0101l\u0101m un r\u016bpniecisk\u0101m telp\u0101m.<\/p>\n<p><strong><img decoding=\"async\" style=\"margin-right: 12px;\" src=\"https:\/\/www.ferberpainting.com\/wp-content\/uploads\/2026\/02\/Check.svg\" alt=\"\" width=\"18\" height=\"15\" \/>Visefekt\u012bv\u0101kais met\u0101liskais gr\u012bdas vasks tirg\u016b.<\/strong> M\u016bsu formula, kas izstr\u0101d\u0101ta, izmantojot augstas veiktsp\u0113jas polim\u0113rus un metalizatorus, nodro\u0161ina izcilu adh\u0113ziju, ilgsto\u0161u sp\u012bdumu un izcilu nodilumiztur\u012bbu. T\u0101 ies\u016bcas un saist\u0101s ar virsmu, veidojot iztur\u012bgu aizsargsl\u0101ni, kas saglab\u0101 sp\u012bdumu pat intens\u012bvas k\u0101jnieku pl\u016bsmas apst\u0101k\u013cos.<\/p>\n<p><strong><img decoding=\"async\" style=\"margin-right: 12px;\" src=\"https:\/\/www.ferberpainting.com\/wp-content\/uploads\/2026\/02\/Check.svg\" alt=\"\" width=\"18\" height=\"15\" \/>Nep\u0101rsp\u0113jama cena.<\/strong> M\u0113s pied\u0101v\u0101jam lab\u0101ko pieejamo kvalit\u0101tes un cenas attiec\u012bbu. M\u016bsu met\u0101liskais vasks apvieno profesion\u0101las kvalit\u0101tes veiktsp\u0113ju un konkur\u0113tsp\u0113j\u012bg\u0101ko cenu, nodro\u0161inot izcilu rezult\u0101tu bez liekiem izdevumiem. Nav nepiecie\u0161ams maks\u0101t vair\u0101k par augst\u0101k\u0101s kvalit\u0101tes sp\u012bdumu un aizsardz\u012bbu.<\/p>\n<p><strong><img decoding=\"async\" style=\"margin-right: 12px;\" src=\"https:\/\/www.ferberpainting.com\/wp-content\/uploads\/2026\/02\/Check.svg\" alt=\"\" width=\"18\" height=\"15\" \/>Naudas atmaksas garantija piln\u012bgai apmierin\u0101t\u012bbai.<\/strong> M\u0113s esam piln\u012bb\u0101 p\u0101rliecin\u0101ti par m\u016bsu met\u0101lisk\u0101 vaska veiktsp\u0113ju. Ja neesat piln\u012bb\u0101 apmierin\u0101ts ar rezult\u0101tiem, m\u0113s pied\u0101v\u0101jam naudas atmaksas garantiju. Vienk\u0101r\u0161i sazinieties ar mums, un m\u0113s atmaks\u0101sim naudu par pirkumu. J\u016bsu ieguld\u012bjums ir piln\u012bgi bez riska.<\/p>\n<p><strong><img decoding=\"async\" style=\"margin-right: 12px;\" src=\"https:\/\/www.ferberpainting.com\/wp-content\/uploads\/2026\/02\/Check.svg\" alt=\"\" width=\"18\" height=\"15\" \/>\u0100tra un uzticama pieg\u0101de 24 stundas diennakt\u012b.<\/strong> M\u0113s vienm\u0113r nodro\u0161in\u0101m pieg\u0101di 24 stundas diennakt\u012b, lai j\u016bs var\u0113tu nekav\u0113joties s\u0101kt gr\u012bdas seguma projektu. Neatkar\u012bgi no t\u0101, vai runa ir par renov\u0101ciju, apkopi vai steidzamu moderniz\u0101ciju, j\u016bs varat r\u0113\u0137in\u0101ties ar \u0101tru pieg\u0101di un uzticamu apkalpo\u0161anu.<\/p>\n<p><strong><img decoding=\"async\" style=\"margin-right: 12px;\" src=\"https:\/\/www.ferberpainting.com\/wp-content\/uploads\/2026\/02\/Check.svg\" alt=\"\" width=\"18\" height=\"15\" \/>Optim\u0101lai efektivit\u0101tei p\u0101rkl\u0101jums l\u012bdz 10 m\u00b2 uz litru.<\/strong> Viens litrs m\u016bsu met\u0101lisk\u0101 vaska sedz l\u012bdz pat 10 kvadr\u0101tmetriem gr\u012bdas virsmas, nodro\u0161inot efekt\u012bvu produkta izmanto\u0161anu un prec\u012bzu projekta pl\u0101no\u0161anu. \u0160is pla\u0161ais p\u0101rkl\u0101jums \u013cauj sasniegt konsekventus rezult\u0101tus, vienlaikus kontrol\u0113jot materi\u0101lu izmaksas.<\/p>\n<p><strong><img decoding=\"async\" style=\"margin-right: 12px;\" src=\"https:\/\/www.ferberpainting.com\/wp-content\/uploads\/2026\/02\/Check.svg\" alt=\"\" width=\"18\" height=\"15\" \/>Palielina iztur\u012bbu un aizsarg\u0101 pret nodilumu.<\/strong> Papildus est\u0113tikai vasks veido iztur\u012bgu aizsargpl\u0113vi, kas pasarg\u0101 gr\u012bdu no skr\u0101p\u0113jumiem, nobr\u0101zumiem, traipiem un ikdienas nodiluma. Tas iev\u0113rojami paildzina apstr\u0101d\u0101to virsmu kalpo\u0161anas laiku un samazina apkopes bie\u017eumu.<\/p>\n<p><strong><img decoding=\"async\" style=\"margin-right: 12px;\" src=\"https:\/\/www.ferberpainting.com\/wp-content\/uploads\/2026\/02\/Check.svg\" alt=\"\" width=\"18\" height=\"15\" \/>Ide\u0101li piem\u0113rots da\u017e\u0101diem gr\u012bdas tipiem.<\/strong> M\u016bsu met\u0101liskais vasks ir piem\u0113rots betonam, akmenim, terrazzo un cit\u0101m sader\u012bg\u0101m cietaj\u0101m gr\u012bdas virsm\u0101m, un tas ir piem\u0113rots da\u017e\u0101d\u0101m vid\u0113m, tostarp birojiem, mazumtirdzniec\u012bbas telp\u0101m, izst\u0101\u017eu z\u0101l\u0113m un dz\u012bvojamo \u0113ku interjeriem.<\/p>\n<p><strong><img decoding=\"async\" style=\"margin-right: 12px;\" src=\"https:\/\/www.ferberpainting.com\/wp-content\/uploads\/2026\/02\/Check.svg\" alt=\"\" width=\"18\" height=\"15\" \/>Uzlabo gaismas atstaro\u0161anu un spilgtumu.<\/strong> Met\u0101lisk\u0101 apdare palielina gaismas atstaro\u0161anos uz gr\u012bdas, padarot telpas gai\u0161\u0101kas un pla\u0161\u0101kas. Tas ir \u012bpa\u0161i izdev\u012bgi komerci\u0101l\u0101s telp\u0101s, kur svar\u012bga ir prezent\u0101cija un atmosf\u0113ra.<\/p>\n<p><strong><img decoding=\"async\" style=\"margin-right: 12px;\" src=\"https:\/\/www.ferberpainting.com\/wp-content\/uploads\/2026\/02\/Check.svg\" alt=\"\" width=\"18\" height=\"15\" \/>Vienk\u0101r\u0161a lietojumprogramma profesion\u0101\u013ciem un DIY lietot\u0101jiem.<\/strong> M\u016bsu met\u0101lisko vasku ir viegli uzkl\u0101t ar standarta gr\u012bdas aplikatoriem, mikro\u0161\u0137iedras mopiem vai rull\u012b\u0161iem. T\u0101 vienm\u0113r\u012bg\u0101 konsistence nodro\u0161ina vienm\u0113r\u012bgu kl\u0101jumu bez sv\u012btr\u0101m, \u013caujot gan profesion\u0101\u013ciem, gan m\u0101jsaimniekiem sasniegt nevainojamu rezult\u0101tu.<\/p>\n<h2><strong>Instrukcijas<\/strong><\/h2>\n<ul>\n<li>Pirms uzkl\u0101\u0161anas p\u0101rliecinieties, ka gr\u012bdas virsma ir t\u012bra, sausa, bez putek\u013ciem, taukiem un iepriek\u0161\u0113jiem vaska atlikumiem. Ja nepiecie\u0161ams, no\u0146emiet vecos p\u0101rkl\u0101jumus un r\u016bp\u012bgi noskalojiet.<\/li>\n<li>Pirms met\u0101lisk\u0101 vaska uzkl\u0101\u0161anas \u013caujiet gr\u012bdai piln\u012bb\u0101 no\u017e\u016bt.<\/li>\n<li>Pirms lieto\u0161anas produktu labi sakratiet vai samaisiet, lai nodro\u0161in\u0101tu vienm\u0113r\u012bgu met\u0101lisko sast\u0101vda\u013cu sadal\u012b\u0161anos.<\/li>\n<li>Ar t\u012bru mikro\u0161\u0137iedras mopu, vaska aplikatoru vai rull\u012bti uzkl\u0101jiet pl\u0101nu, vienm\u0113r\u012bgu k\u0101rtu. Izvairieties no p\u0101rm\u0113r\u012bgas uzkl\u0101\u0161anas, lai nov\u0113rstu nevienm\u0113r\u012bgu \u017e\u016b\u0161anu.<\/li>\n<li>Iev\u0113rojiet ieteicamo devu: viens litrs sedz l\u012bdz 10 m\u00b2 gr\u012bdas virsmas, kas atbilst aptuveni 100 ml uz kvadr\u0101tmetru.<\/li>\n<li>Atkar\u012bb\u0101 no telpas temperat\u016bras un ventil\u0101cijas \u013caujiet pirmajai k\u0101rtai no\u017e\u016bt aptuveni 30 l\u012bdz 60 min\u016btes.<\/li>\n<li>Lai ieg\u016btu liel\u0101ku sp\u012bdumu un ilgnotur\u012bbu, uzkl\u0101jiet otru k\u0101rtu p\u0113c tam, kad pirm\u0101 k\u0101rta ir piln\u012bb\u0101 iz\u017euvusi. Nep\u0101rsniedziet ieteicamo p\u0101rkl\u0101jumu vien\u0101 sl\u0101n\u012b.<\/li>\n<li>Izvairieties staig\u0101t pa apstr\u0101d\u0101to virsmu, l\u012bdz t\u0101 ir piln\u012bb\u0101 iz\u017euvusi. Lai ieg\u016btu vislab\u0101kos rezult\u0101tus, pirms intens\u012bvas k\u0101j\u0101mg\u0101j\u0113ju kust\u012bbas \u013caujiet 12 l\u012bdz 24 stund\u0101m piln\u012bb\u0101 saciet\u0113t.<\/li>\n<li>Gr\u012bdas kop\u0161anai not\u012briet gr\u012bdu ar neitr\u0101lu t\u012br\u012b\u0161anas l\u012bdzekli un periodiski atk\u0101rtoti uzkl\u0101jiet met\u0101lisko vasku, kad sp\u012bdums s\u0101k mazin\u0101ties.<\/li>\n<li>Lai saglab\u0101tu produkta kvalit\u0101ti, uzglab\u0101jiet trauku cie\u0161i nosl\u0113gtu v\u0113s\u0101, saus\u0101 viet\u0101, prom no tie\u0161iem saules stariem, un pasarg\u0101jiet to no sasal\u0161anas temperat\u016bras.<\/li>\n<\/ul>","protected":false},"excerpt":{"rendered":"<p>Premium metallic shine for floors that demand attention. Our metallic wax is specially developed to enhance and protect floor surfaces with a refined metallic sheen that elevates the visual impact of any space. It adds depth, brilliance, and a subtle reflective effect that transforms ordinary floors into elegant, eye-catching surfaces suitable for residential, commercial, and [&hellip;]<\/p>\n","protected":false},"featured_media":26274,"comment_status":"open","ping_status":"closed","template":"","meta":{"_uag_custom_page_level_css":"","site-sidebar-layout":"default","site-content-layout":"","ast-site-content-layout":"default","site-content-style":"default","site-sidebar-style":"default","ast-global-header-display":"","ast-banner-title-visibility":"","ast-main-header-display":"","ast-hfb-above-header-display":"","ast-hfb-below-header-display":"","ast-hfb-mobile-header-display":"","site-post-title":"","ast-breadcrumbs-content":"","ast-featured-img":"","footer-sml-layout":"","ast-disable-related-posts":"","theme-transparent-header-meta":"default","adv-header-id-meta":"","stick-header-meta":"","header-above-stick-meta":"","header-main-stick-meta":"","header-below-stick-meta":"","astra-migrate-meta-layouts":"set","ast-page-background-enabled":"default","ast-page-background-meta":{"desktop":{"background-color":"var(--ast-global-color-4)","background-image":"","background-repeat":"repeat","background-position":"center center","background-size":"auto","background-attachment":"scroll","background-type":"","background-media":"","overlay-type":"","overlay-color":"","overlay-opacity":"","overlay-gradient":""},"tablet":{"background-color":"","background-image":"","background-repeat":"repeat","background-position":"center center","background-size":"auto","background-attachment":"scroll","background-type":"","background-media":"","overlay-type":"","overlay-color":"","overlay-opacity":"","overlay-gradient":""},"mobile":{"background-color":"","background-image":"","background-repeat":"repeat","background-position":"center center","background-size":"auto","background-attachment":"scroll","background-type":"","background-media":"","overlay-type":"","overlay-color":"","overlay-opacity":"","overlay-gradient":""}},"ast-content-background-meta":{"desktop":{"background-color":"var(--ast-global-color-5)","background-image":"","background-repeat":"repeat","background-position":"center center","background-size":"auto","background-attachment":"scroll","background-type":"","background-media":"","overlay-type":"","overlay-color":"","overlay-opacity":"","overlay-gradient":""},"tablet":{"background-color":"var(--ast-global-color-5)","background-image":"","background-repeat":"repeat","background-position":"center center","background-size":"auto","background-attachment":"scroll","background-type":"","background-media":"","overlay-type":"","overlay-color":"","overlay-opacity":"","overlay-gradient":""},"mobile":{"background-color":"var(--ast-global-color-5)","background-image":"","background-repeat":"repeat","background-position":"center center","background-size":"auto","background-attachment":"scroll","background-type":"","background-media":"","overlay-type":"","overlay-color":"","overlay-opacity":"","overlay-gradient":""}}},"product_brand":[],"product_cat":[176],"product_tag":[],"class_list":{"0":"post-23818","1":"product","2":"type-product","3":"status-publish","4":"has-post-thumbnail","6":"product_cat-concrete-treatment","7":"desktop-align-left","8":"tablet-align-left","9":"mobile-align-left","11":"first","12":"instock","13":"sale","14":"taxable","15":"shipping-taxable","16":"purchasable","17":"product-type-variable","18":"has-default-attributes"},"spectra_custom_meta":{"_visibility":["visible"],"_shopify_product_id":["7950269317365"],"_s2w_shopify_domain":["ferberpainting.myshopify.com"],"_shopify_variant_id":["43502096679157"],"_sku":[""],"_manage_stock":["no"],"total_sales":["37"],"_tax_status":["taxable"],"_tax_class":[""],"_backorders":["no"],"_sold_individually":["no"],"_virtual":["no"],"_downloadable":["no"],"_download_limit":["-1"],"_download_expiry":["-1"],"_stock":[null],"_stock_status":["instock"],"_wc_average_rating":["4.81"],"_wc_review_count":["62"],"_product_attributes":["a:1:{s:6:\"volume\";a:6:{s:4:\"name\";s:6:\"Volume\";s:5:\"value\";s:20:\"5 liters | 25 liters\";s:8:\"position\";i:1;s:10:\"is_visible\";i:0;s:12:\"is_variation\";i:1;s:11:\"is_taxonomy\";i:0;}}"],"_product_version":["10.5.1"],"_thumbnail_id":["26274"],"_price":["29.90","99.90"],"_product_image_gallery":["26275"],"merchant-center-availability":["yes"],"merchant-center-category":["503738"],"merchant-center-id":["MW"],"wpse_downloadable_file_names":[""],"wpse_downloadable_file_urls":[""],"_edit_last":["1"],"_default_attributes":["a:1:{s:6:\"volume\";s:8:\"5 liters\";}"],"_wc_rating_count":["a:3:{i:3;i:2;i:4;i:8;i:5;i:52;}"],"_edit_lock":["1771185669:1"],"_wp_page_template":["default"],"site-sidebar-layout":["default"],"ast-site-content-layout":["default"],"site-content-style":["default"],"site-sidebar-style":["default"],"theme-transparent-header-meta":["default"],"astra-migrate-meta-layouts":["set"],"_uag_css_file_name":["uag-css-23818.css"],"_elementor_page_assets":["a:0:{}"],"_uag_page_assets":["a:9:{s:3:\"css\";s:7133:\".uag-blocks-common-selector{z-index:var(--z-index-desktop) !important}@media(max-width: 976px){.uag-blocks-common-selector{z-index:var(--z-index-tablet) !important}}@media(max-width: 767px){.uag-blocks-common-selector{z-index:var(--z-index-mobile) !important}}.wp-block-uagb-image{display:flex}.wp-block-uagb-image__figure{position:relative;display:flex;flex-direction:column;max-width:100%;height:auto;margin:0}.wp-block-uagb-image__figure img{height:auto;display:flex;max-width:100%;transition:box-shadow .2s ease}.wp-block-uagb-image__figure>a{display:inline-block}.wp-block-uagb-image__figure figcaption{text-align:center;margin-top:.5em;margin-bottom:1em}.wp-block-uagb-image .components-placeholder.block-editor-media-placeholder .components-placeholder__instructions{align-self:center}.wp-block-uagb-image--align-left{text-align:left}.wp-block-uagb-image--align-right{text-align:right}.wp-block-uagb-image--align-center{text-align:center}.wp-block-uagb-image--align-full .wp-block-uagb-image__figure{margin-left:calc(50% - 50vw);margin-right:calc(50% - 50vw);max-width:100vw;width:100vw;height:auto}.wp-block-uagb-image--align-full .wp-block-uagb-image__figure img{height:auto;width:100% !important}.wp-block-uagb-image--align-wide .wp-block-uagb-image__figure img{height:auto;width:100%}.wp-block-uagb-image--layout-overlay__color-wrapper{position:absolute;left:0;top:0;right:0;bottom:0;opacity:.2;background:rgba(0,0,0,.5);transition:opacity .35s ease-in-out}.wp-block-uagb-image--layout-overlay-link{position:absolute;left:0;right:0;bottom:0;top:0}.wp-block-uagb-image--layout-overlay .wp-block-uagb-image__figure:hover .wp-block-uagb-image--layout-overlay__color-wrapper{opacity:1}.wp-block-uagb-image--layout-overlay__inner{position:absolute;left:15px;right:15px;bottom:15px;top:15px;display:flex;align-items:center;justify-content:center;flex-direction:column;border-color:#fff;transition:.35s ease-in-out}.wp-block-uagb-image--layout-overlay__inner.top-left,.wp-block-uagb-image--layout-overlay__inner.top-center,.wp-block-uagb-image--layout-overlay__inner.top-right{justify-content:flex-start}.wp-block-uagb-image--layout-overlay__inner.bottom-left,.wp-block-uagb-image--layout-overlay__inner.bottom-center,.wp-block-uagb-image--layout-overlay__inner.bottom-right{justify-content:flex-end}.wp-block-uagb-image--layout-overlay__inner.top-left,.wp-block-uagb-image--layout-overlay__inner.center-left,.wp-block-uagb-image--layout-overlay__inner.bottom-left{align-items:flex-start}.wp-block-uagb-image--layout-overlay__inner.top-right,.wp-block-uagb-image--layout-overlay__inner.center-right,.wp-block-uagb-image--layout-overlay__inner.bottom-right{align-items:flex-end}.wp-block-uagb-image--layout-overlay__inner .uagb-image-heading{color:#fff;transition:transform .35s,opacity .35s ease-in-out;transform:translate3d(0, 24px, 0);margin:0;line-height:1em}.wp-block-uagb-image--layout-overlay__inner .uagb-image-separator{width:30%;border-top-width:2px;border-top-color:#fff;border-top-style:solid;margin-bottom:10px;opacity:0;transition:transform .4s,opacity .4s ease-in-out;transform:translate3d(0, 30px, 0)}.wp-block-uagb-image--layout-overlay__inner .uagb-image-caption{opacity:0;overflow:visible;color:#fff;transition:transform .45s,opacity .45s ease-in-out;transform:translate3d(0, 35px, 0)}.wp-block-uagb-image--layout-overlay__inner:hover .uagb-image-heading,.wp-block-uagb-image--layout-overlay__inner:hover .uagb-image-separator,.wp-block-uagb-image--layout-overlay__inner:hover .uagb-image-caption{opacity:1;transform:translate3d(0, 0, 0)}.wp-block-uagb-image--effect-zoomin .wp-block-uagb-image__figure img,.wp-block-uagb-image--effect-zoomin .wp-block-uagb-image__figure .wp-block-uagb-image--layout-overlay__color-wrapper{transform:scale(1);transition:transform .35s ease-in-out}.wp-block-uagb-image--effect-zoomin .wp-block-uagb-image__figure:hover img,.wp-block-uagb-image--effect-zoomin .wp-block-uagb-image__figure:hover .wp-block-uagb-image--layout-overlay__color-wrapper{transform:scale(1.05)}.wp-block-uagb-image--effect-slide .wp-block-uagb-image__figure img,.wp-block-uagb-image--effect-slide .wp-block-uagb-image__figure .wp-block-uagb-image--layout-overlay__color-wrapper{width:calc(100% + 40px) !important;max-width:none !important;transform:translate3d(-40px, 0, 0);transition:transform .35s ease-in-out}.wp-block-uagb-image--effect-slide .wp-block-uagb-image__figure:hover img,.wp-block-uagb-image--effect-slide .wp-block-uagb-image__figure:hover .wp-block-uagb-image--layout-overlay__color-wrapper{transform:translate3d(0, 0, 0)}.wp-block-uagb-image--effect-grayscale img{filter:grayscale(0%);transition:.35s ease-in-out}.wp-block-uagb-image--effect-grayscale:hover img{filter:grayscale(100%)}.wp-block-uagb-image--effect-blur img{filter:blur(0);transition:.35s ease-in-out}.wp-block-uagb-image--effect-blur:hover img{filter:blur(3px)}.uagb-block-e6f939b3.wp-block-uagb-image--layout-default figure img{box-shadow: 0px 0px 0 #00000070;}.uagb-block-e6f939b3.wp-block-uagb-image .wp-block-uagb-image__figure figcaption{font-style: normal;align-self: center;}.uagb-block-e6f939b3.wp-block-uagb-image--layout-overlay figure img{box-shadow: 0px 0px 0 #00000070;}.uagb-block-e6f939b3.wp-block-uagb-image--layout-overlay .wp-block-uagb-image--layout-overlay__color-wrapper{opacity: 0.2;}.uagb-block-e6f939b3.wp-block-uagb-image--layout-overlay .wp-block-uagb-image--layout-overlay__inner{left: 15px;right: 15px;top: 15px;bottom: 15px;}.uagb-block-e6f939b3.wp-block-uagb-image--layout-overlay .wp-block-uagb-image--layout-overlay__inner .uagb-image-heading{font-style: normal;color: #fff;opacity: 1;}.uagb-block-e6f939b3.wp-block-uagb-image--layout-overlay .wp-block-uagb-image--layout-overlay__inner .uagb-image-heading a{color: #fff;}.uagb-block-e6f939b3.wp-block-uagb-image--layout-overlay .wp-block-uagb-image--layout-overlay__inner .uagb-image-caption{opacity: 0;}.uagb-block-e6f939b3.wp-block-uagb-image--layout-overlay .wp-block-uagb-image__figure:hover .wp-block-uagb-image--layout-overlay__color-wrapper{opacity: 1;}.uagb-block-e6f939b3.wp-block-uagb-image .wp-block-uagb-image--layout-overlay__inner .uagb-image-separator{width: 30%;border-top-width: 2px;border-top-color: #fff;opacity: 0;}.uagb-block-e6f939b3.wp-block-uagb-image .wp-block-uagb-image__figure img{width: px;height: auto;}.uagb-block-e6f939b3.wp-block-uagb-image .wp-block-uagb-image__figure:hover .wp-block-uagb-image--layout-overlay__inner .uagb-image-caption{opacity: 1;}.uagb-block-e6f939b3.wp-block-uagb-image .wp-block-uagb-image__figure:hover .wp-block-uagb-image--layout-overlay__inner .uagb-image-separator{opacity: 1;}.uagb-block-e6f939b3.wp-block-uagb-image--layout-default figure:hover img{box-shadow: 0px 0px 0 #00000070;}.uagb-block-e6f939b3.wp-block-uagb-image--layout-overlay figure:hover img{box-shadow: 0px 0px 0 #00000070;}@media only screen and (max-width: 976px) {.uagb-block-e6f939b3.wp-block-uagb-image .wp-block-uagb-image__figure img{width: px;height: auto;}}@media only screen and (max-width: 767px) {.uagb-block-e6f939b3.wp-block-uagb-image .wp-block-uagb-image__figure img{width: px;height: auto;}}\";s:2:\"js\";s:0:\"\";s:18:\"current_block_list\";a:13:{i:0;s:11:\"core\/search\";i:1;s:10:\"core\/group\";i:2;s:12:\"core\/heading\";i:3;s:17:\"core\/latest-posts\";i:4;s:20:\"core\/latest-comments\";i:5;s:13:\"core\/archives\";i:6;s:15:\"core\/categories\";i:7;s:14:\"core\/paragraph\";i:8;s:10:\"uagb\/image\";i:9;s:11:\"core\/spacer\";i:10;s:30:\"woocommerce\/product-categories\";i:11;s:10:\"core\/image\";i:12;s:14:\"core\/shortcode\";}s:8:\"uag_flag\";b:1;s:11:\"uag_version\";s:10:\"1777370187\";s:6:\"gfonts\";a:0:{}s:10:\"gfonts_url\";s:0:\"\";s:12:\"gfonts_files\";a:0:{}s:14:\"uag_faq_layout\";b:0;}"]},"uagb_featured_image_src":{"full":["https:\/\/www.ferberpainting.com\/wp-content\/uploads\/2025\/05\/Metallic_Wax_5L.jpg",2560,2560,false],"thumbnail":["https:\/\/www.ferberpainting.com\/wp-content\/uploads\/2025\/05\/Metallic_Wax_5L-150x150.jpg",150,150,true],"medium":["https:\/\/www.ferberpainting.com\/wp-content\/uploads\/2025\/05\/Metallic_Wax_5L-300x300.jpg",300,300,true],"medium_large":["https:\/\/www.ferberpainting.com\/wp-content\/uploads\/2025\/05\/Metallic_Wax_5L-768x768.jpg",768,768,true],"large":["https:\/\/www.ferberpainting.com\/wp-content\/uploads\/2025\/05\/Metallic_Wax_5L-1024x1024.jpg",1024,1024,true],"1536x1536":["https:\/\/www.ferberpainting.com\/wp-content\/uploads\/2025\/05\/Metallic_Wax_5L-1536x1536.jpg",1536,1536,true],"2048x2048":["https:\/\/www.ferberpainting.com\/wp-content\/uploads\/2025\/05\/Metallic_Wax_5L-2048x2048.jpg",2048,2048,true],"trp-custom-language-flag":["https:\/\/www.ferberpainting.com\/wp-content\/uploads\/2025\/05\/Metallic_Wax_5L-12x12.jpg",12,12,true],"woocommerce_thumbnail":["https:\/\/www.ferberpainting.com\/wp-content\/uploads\/2025\/05\/Metallic_Wax_5L-300x300.jpg",300,300,true],"woocommerce_single":["https:\/\/www.ferberpainting.com\/wp-content\/uploads\/2025\/05\/Metallic_Wax_5L-600x600.jpg",600,600,true],"woocommerce_gallery_thumbnail":["https:\/\/www.ferberpainting.com\/wp-content\/uploads\/2025\/05\/Metallic_Wax_5L-100x100.jpg",100,100,true]},"uagb_author_info":{"display_name":"admin","author_link":"https:\/\/www.ferberpainting.com\/lv\/author\/"},"uagb_comment_info":62,"uagb_excerpt":"Premium metallic shine for floors that demand attention. Our metallic wax is specially developed to enhance and protect floor surfaces with a refined metallic sheen that elevates the visual impact of any space. It adds depth, brilliance, and a subtle reflective effect that transforms ordinary floors into elegant, eye-catching surfaces suitable for residential, commercial, and&hellip;","_links":{"self":[{"href":"https:\/\/www.ferberpainting.com\/lv\/wp-json\/wp\/v2\/product\/23818","targetHints":{"allow":["GET"]}}],"collection":[{"href":"https:\/\/www.ferberpainting.com\/lv\/wp-json\/wp\/v2\/product"}],"about":[{"href":"https:\/\/www.ferberpainting.com\/lv\/wp-json\/wp\/v2\/types\/product"}],"replies":[{"embeddable":true,"href":"https:\/\/www.ferberpainting.com\/lv\/wp-json\/wp\/v2\/comments?post=23818"}],"version-history":[{"count":3,"href":"https:\/\/www.ferberpainting.com\/lv\/wp-json\/wp\/v2\/product\/23818\/revisions"}],"predecessor-version":[{"id":166509,"href":"https:\/\/www.ferberpainting.com\/lv\/wp-json\/wp\/v2\/product\/23818\/revisions\/166509"}],"wp:featuredmedia":[{"embeddable":true,"href":"https:\/\/www.ferberpainting.com\/lv\/wp-json\/wp\/v2\/media\/26274"}],"wp:attachment":[{"href":"https:\/\/www.ferberpainting.com\/lv\/wp-json\/wp\/v2\/media?parent=23818"}],"wp:term":[{"taxonomy":"product_brand","embeddable":true,"href":"https:\/\/www.ferberpainting.com\/lv\/wp-json\/wp\/v2\/product_brand?post=23818"},{"taxonomy":"product_cat","embeddable":true,"href":"https:\/\/www.ferberpainting.com\/lv\/wp-json\/wp\/v2\/product_cat?post=23818"},{"taxonomy":"product_tag","embeddable":true,"href":"https:\/\/www.ferberpainting.com\/lv\/wp-json\/wp\/v2\/product_tag?post=23818"}],"curies":[{"name":"wp","href":"https:\/\/api.w.org\/{rel}","templated":true}]}}