{"id":23807,"date":"2025-05-26T10:25:38","date_gmt":"2025-05-26T08:25:38","guid":{"rendered":"https:\/\/www.ferberpainting.com\/products\/mass-expander\/"},"modified":"2026-02-15T20:55:43","modified_gmt":"2026-02-15T19:55:43","slug":"mass-expander","status":"publish","type":"product","link":"https:\/\/www.ferberpainting.com\/lv\/products\/mass-expander\/","title":{"rendered":"Masas papla\u0161in\u0101t\u0101js"},"content":{"rendered":"<p><strong><img decoding=\"async\" style=\"margin-right: 12px;\" src=\"https:\/\/www.ferberpainting.com\/wp-content\/uploads\/2026\/02\/Check.svg\" alt=\"\" width=\"18\" height=\"15\" \/>Prec\u012bzi palieliniet betona tilpumu un samaziniet sarau\u0161anos.<\/strong> M\u016bsu masas papla\u0161in\u0101t\u0101js ir \u012bpa\u0161i izstr\u0101d\u0101ts, lai kompens\u0113tu cementa b\u0101zes materi\u0101lu sarau\u0161anos un uzlabotu izm\u0113ru stabilit\u0101ti. Veidojot kontrol\u0113tu izple\u0161anos hidrat\u0101cijas procesa laik\u0101, tas pal\u012bdz samazin\u0101t plaisas, iek\u0161\u0113jos spriegumus un strukt\u016bras nepiln\u012bbas, nodro\u0161inot stipr\u0101kas un iztur\u012bg\u0101kas betona konstrukcijas.<\/p>\n<p><strong><img decoding=\"async\" style=\"margin-right: 12px;\" src=\"https:\/\/www.ferberpainting.com\/wp-content\/uploads\/2026\/02\/Check.svg\" alt=\"\" width=\"18\" height=\"15\" \/>Visefekt\u012bv\u0101k\u0101 papla\u0161in\u0101\u0161anas piedeva tirg\u016b.<\/strong> \u0160is produkts, kas izstr\u0101d\u0101ts, izmantojot modernu ekspans\u012bvo tehnolo\u0123iju, integr\u0113jas tie\u0161i cementa mais\u012bjumos un saciet\u0113\u0161anas laik\u0101 rea\u0123\u0113, lai rad\u012btu kontrol\u0113tu izple\u0161anos. Sal\u012bdzinot ar parastaj\u0101m piedev\u0101m, tas nodro\u0161ina izcilu sarau\u0161an\u0101s kompens\u0101ciju, iev\u0113rojami uzlabojot konstrukcijas integrit\u0101ti un ilgtermi\u0146a veiktsp\u0113ju.<\/p>\n<p><strong><img decoding=\"async\" style=\"margin-right: 12px;\" src=\"https:\/\/www.ferberpainting.com\/wp-content\/uploads\/2026\/02\/Check.svg\" alt=\"\" width=\"18\" height=\"15\" \/>Naudas atmaksas garantija piln\u012bgam sirdsmieram.<\/strong> M\u0113s esam piln\u012bb\u0101 p\u0101rliecin\u0101ti par m\u016bsu masas papla\u0161in\u0101t\u0101ja veiktsp\u0113ju un uzticam\u012bbu. Ja neesat piln\u012bb\u0101 apmierin\u0101ts ar rezult\u0101tiem, m\u0113s atmaks\u0101sim naudu par pirkumu. M\u016bsu naudas atmaksas garantija nodro\u0161ina, ka j\u016bsu ieguld\u012bjums ir piln\u012bgi bez riska, un atspogu\u013co m\u016bsu ap\u0146em\u0161anos nodro\u0161in\u0101t profesion\u0101las kvalit\u0101tes b\u016bvniec\u012bbas risin\u0101jumus.<\/p>\n<p><strong><img decoding=\"async\" style=\"margin-right: 12px;\" src=\"https:\/\/www.ferberpainting.com\/wp-content\/uploads\/2026\/02\/Check.svg\" alt=\"\" width=\"18\" height=\"15\" \/>L\u0113t\u0101k\u0101 pieejam\u0101 augstas veiktsp\u0113jas cementa izple\u0161an\u0101s piedeva.<\/strong> Konstrukcijas pastiprin\u0101\u0161anai un plaisu nov\u0113r\u0161anai nav nepiecie\u0161ams izmantot d\u0101rgas sist\u0113mas. M\u016bsu masas papla\u0161in\u0101t\u0101js pied\u0101v\u0101 augst\u0101k\u0101s kvalit\u0101tes izple\u0161an\u0101s kontroli par viskonkur\u0113tsp\u0113j\u012bg\u0101ko cenu tirg\u016b, nodro\u0161inot izcilu v\u0113rt\u012bbu b\u016bvuz\u0146\u0113m\u0113jiem, in\u017eenieriem un b\u016bvniec\u012bbas profesion\u0101\u013ciem.<\/p>\n<p><strong><img decoding=\"async\" style=\"margin-right: 12px;\" src=\"https:\/\/www.ferberpainting.com\/wp-content\/uploads\/2026\/02\/Check.svg\" alt=\"\" width=\"18\" height=\"15\" \/>\u0100tra pieg\u0101de 24 stundas diennakt\u012b nep\u0101rtrauktiem b\u016bvniec\u012bbas projektiem.<\/strong> B\u016bvdarbu grafiki bie\u017ei vien ir saspringti un prasa \u013coti daudz laika. T\u0101p\u0113c m\u0113s nodro\u0161in\u0101m uzticamu pieg\u0101di 24 stundas diennakt\u012b, garant\u0113jot, ka j\u016bsu piedevas tiek pieg\u0101d\u0101tas \u0101tri, lai j\u016bsu projekts var\u0113tu tikt turpin\u0101ts bez kav\u0113\u0161an\u0101s.<\/p>\n<p><strong><img decoding=\"async\" style=\"margin-right: 12px;\" src=\"https:\/\/www.ferberpainting.com\/wp-content\/uploads\/2026\/02\/Check.svg\" alt=\"\" width=\"18\" height=\"15\" \/>Ieteicam\u0101 deva no 0,1% l\u012bdz 0,5% cementa masas.<\/strong> Lai nodro\u0161in\u0101tu optim\u0101lu veiktsp\u0113ju, masas papla\u0161in\u0101t\u0101js j\u0101pievieno no 0,1% l\u012bdz 0,5% no kop\u0113j\u0101s cementa masas. \u0160\u012b kontrol\u0113t\u0101 deva nodro\u0161ina pareizu izple\u0161anos, neapdraudot stipr\u012bbu vai konstrukcijas integrit\u0101ti.<\/p>\n<p><strong><img decoding=\"async\" style=\"margin-right: 12px;\" src=\"https:\/\/www.ferberpainting.com\/wp-content\/uploads\/2026\/02\/Check.svg\" alt=\"\" width=\"18\" height=\"15\" \/>Samazina plais\u0101\u0161anu un iek\u0161\u0113jo spriedzi.<\/strong> Cietin\u0101\u0161anas laik\u0101 sarau\u0161an\u0101s var izrais\u012bt mikroplaisas un struktur\u0101lus defektus. Kompens\u0113jot tilpuma samazin\u0101\u0161anos, \u0161\u012b piedeva samazina iek\u0161\u0113jo spriedzi un uzlabo kop\u0113jo iztur\u012bbu.<\/p>\n<p><strong><img decoding=\"async\" style=\"margin-right: 12px;\" src=\"https:\/\/www.ferberpainting.com\/wp-content\/uploads\/2026\/02\/Check.svg\" alt=\"\" width=\"18\" height=\"15\" \/>Uzlabo betona un javas izm\u0113ru stabilit\u0101ti.<\/strong> Papla\u0161in\u0101\u0161an\u0101s efekts nodro\u0161ina lab\u0101ku sa\u0137eri, bl\u012bv\u0101ku veid\u0146u un dobumu aizpild\u012b\u0161anu un lab\u0101ku struktur\u0101lo sa\u0137eri. Tas padara to ide\u0101li piem\u0113rotu javu, remonta javu, pamatu, pl\u0101t\u0146u un saliekamo elementu ra\u017eo\u0161anai.<\/p>\n<p><strong><img decoding=\"async\" style=\"margin-right: 12px;\" src=\"https:\/\/www.ferberpainting.com\/wp-content\/uploads\/2026\/02\/Check.svg\" alt=\"\" width=\"18\" height=\"15\" \/>Sader\u012bgs ar da\u017e\u0101diem cementa b\u0101zes prepar\u0101tiem.<\/strong> \u0160o masas papla\u0161in\u0101t\u0101ju var iestr\u0101d\u0101t beton\u0101, javai, segumiem un specializ\u0113tiem cementa mais\u012bjumiem. To var viegli integr\u0113t standarta mais\u012b\u0161anas procesos, neprasot sare\u017e\u0123\u012btus piel\u0101gojumus.<\/p>\n<p><strong><img decoding=\"async\" style=\"margin-right: 12px;\" src=\"https:\/\/www.ferberpainting.com\/wp-content\/uploads\/2026\/02\/Check.svg\" alt=\"\" width=\"18\" height=\"15\" \/>Uzlabo ilgtermi\u0146a konstrukcijas veiktsp\u0113ju.<\/strong> Samazinot ar sarau\u0161anos saist\u012btos defektus, \u0161\u012b piedeva pal\u012bdz uzlabot meh\u0101nisko stipr\u012bbu, uzlabot iztur\u012bbu pret vides ietekmi un pagarin\u0101t cementa konstrukciju kalpo\u0161anas laiku.<\/p>\n<h2><strong>Instrukcijas<\/strong><\/h2>\n<ul>\n<li>Apr\u0113\u0137iniet kop\u0113jo cementa svaru, kas izmantots mais\u012bjum\u0101 pirms ekspandera pievieno\u0161anas.<\/li>\n<li>Izm\u0113riet masas papla\u0161in\u0101t\u0101ju ar \u0101trumu no 0,1% l\u012bdz 0,5% no cementa masas. Piem\u0113ram, 100 kg cementa pievieno no 100 g l\u012bdz 500 g papla\u0161in\u0101t\u0101ja atkar\u012bb\u0101 no projekta pras\u012bb\u0101m.<\/li>\n<li>Pirms \u016bdens pievieno\u0161anas pievienojiet papla\u0161in\u0101t\u0101ju tie\u0161i sausajam cementa mais\u012bjumam un r\u016bp\u012bgi samaisiet, lai nodro\u0161in\u0101tu vienm\u0113r\u012bgu sadal\u012bjumu.<\/li>\n<li>Veiciet standarta mais\u012b\u0161anas proced\u016bras, pak\u0101peniski pievienojot \u016bdeni saska\u0146\u0101 ar mais\u012bjuma konstrukcijas specifik\u0101cij\u0101m.<\/li>\n<li>Nodro\u0161iniet viendab\u012bgu sajauk\u0161anu, lai garant\u0113tu vienm\u0113r\u012bgu izple\u0161anos vis\u0101 materi\u0101l\u0101.<\/li>\n<li>Betona vai javas iestr\u0101d\u0101\u0161ana un sabl\u012bv\u0113\u0161ana saska\u0146\u0101 ar standarta b\u016bvniec\u012bbas praksi.<\/li>\n<li>Izvairieties p\u0101rsniegt ieteicamo devu, jo p\u0101rm\u0113r\u012bga izple\u0161an\u0101s var negat\u012bvi ietekm\u0113t meh\u0101nisk\u0101s \u012bpa\u0161\u012bbas.<\/li>\n<li>Pareizi sacietiniet betonu, lai nodro\u0161in\u0101tu piln\u012bgu hidrat\u0101ciju un izple\u0161an\u0101s reakciju.<\/li>\n<li>Lai nov\u0113rstu priek\u0161laic\u012bgu reakciju ar mitrumu, produktu uzglab\u0101jiet saus\u0101 vid\u0113.<\/li>\n<li>Darbojoties ar cementa materi\u0101liem un piedev\u0101m, j\u0101iev\u0113ro standarta dro\u0161\u012bbas noteikumi.<\/li>\n<\/ul>","protected":false},"excerpt":{"rendered":"<p>Increase concrete volume and reduce shrinkage with precision. Our mass expander is specially formulated to compensate for shrinkage in cement-based materials and improve dimensional stability. By creating controlled expansion during the hydration process, it helps reduce cracking, internal stress, and structural weaknesses, ensuring stronger and more durable concrete structures. The most effective expansion additive on [&hellip;]<\/p>\n","protected":false},"featured_media":26267,"comment_status":"open","ping_status":"closed","template":"","meta":{"_uag_custom_page_level_css":"","site-sidebar-layout":"default","site-content-layout":"","ast-site-content-layout":"default","site-content-style":"default","site-sidebar-style":"default","ast-global-header-display":"","ast-banner-title-visibility":"","ast-main-header-display":"","ast-hfb-above-header-display":"","ast-hfb-below-header-display":"","ast-hfb-mobile-header-display":"","site-post-title":"","ast-breadcrumbs-content":"","ast-featured-img":"","footer-sml-layout":"","ast-disable-related-posts":"","theme-transparent-header-meta":"default","adv-header-id-meta":"","stick-header-meta":"","header-above-stick-meta":"","header-main-stick-meta":"","header-below-stick-meta":"","astra-migrate-meta-layouts":"set","ast-page-background-enabled":"default","ast-page-background-meta":{"desktop":{"background-color":"var(--ast-global-color-4)","background-image":"","background-repeat":"repeat","background-position":"center center","background-size":"auto","background-attachment":"scroll","background-type":"","background-media":"","overlay-type":"","overlay-color":"","overlay-opacity":"","overlay-gradient":""},"tablet":{"background-color":"","background-image":"","background-repeat":"repeat","background-position":"center center","background-size":"auto","background-attachment":"scroll","background-type":"","background-media":"","overlay-type":"","overlay-color":"","overlay-opacity":"","overlay-gradient":""},"mobile":{"background-color":"","background-image":"","background-repeat":"repeat","background-position":"center center","background-size":"auto","background-attachment":"scroll","background-type":"","background-media":"","overlay-type":"","overlay-color":"","overlay-opacity":"","overlay-gradient":""}},"ast-content-background-meta":{"desktop":{"background-color":"var(--ast-global-color-5)","background-image":"","background-repeat":"repeat","background-position":"center center","background-size":"auto","background-attachment":"scroll","background-type":"","background-media":"","overlay-type":"","overlay-color":"","overlay-opacity":"","overlay-gradient":""},"tablet":{"background-color":"var(--ast-global-color-5)","background-image":"","background-repeat":"repeat","background-position":"center center","background-size":"auto","background-attachment":"scroll","background-type":"","background-media":"","overlay-type":"","overlay-color":"","overlay-opacity":"","overlay-gradient":""},"mobile":{"background-color":"var(--ast-global-color-5)","background-image":"","background-repeat":"repeat","background-position":"center center","background-size":"auto","background-attachment":"scroll","background-type":"","background-media":"","overlay-type":"","overlay-color":"","overlay-opacity":"","overlay-gradient":""}}},"product_brand":[],"product_cat":[176],"product_tag":[],"class_list":{"0":"post-23807","1":"product","2":"type-product","3":"status-publish","4":"has-post-thumbnail","6":"product_cat-concrete-treatment","7":"desktop-align-left","8":"tablet-align-left","9":"mobile-align-left","11":"first","12":"instock","13":"sale","14":"shipping-taxable","15":"purchasable","16":"product-type-variable","17":"has-default-attributes"},"spectra_custom_meta":{"_visibility":["visible"],"_shopify_product_id":["8050142380277"],"_s2w_shopify_domain":["ferberpainting.myshopify.com"],"_shopify_variant_id":["43843096215797"],"_sku":[""],"_manage_stock":["no"],"total_sales":["0"],"_tax_status":["taxable"],"_tax_class":[""],"_backorders":["no"],"_sold_individually":["no"],"_virtual":["no"],"_downloadable":["no"],"_download_limit":["-1"],"_download_expiry":["-1"],"_stock":[null],"_stock_status":["instock"],"_wc_average_rating":["4.99"],"_wc_review_count":["92"],"_product_attributes":["a:1:{s:6:\"volume\";a:6:{s:4:\"name\";s:6:\"Volume\";s:5:\"value\";s:20:\"5 liters | 25 liters\";s:8:\"position\";i:1;s:10:\"is_visible\";i:0;s:12:\"is_variation\";i:1;s:11:\"is_taxonomy\";i:0;}}"],"_product_version":["10.5.1"],"_thumbnail_id":["26267"],"_price":["29.90","99.90"],"_product_image_gallery":["26268"],"merchant-center-availability":["yes"],"merchant-center-category":["2277"],"merchant-center-id":["EDM5L"],"wpse_downloadable_file_names":[""],"wpse_downloadable_file_urls":[""],"_edit_last":["1"],"_default_attributes":["a:1:{s:6:\"volume\";s:8:\"5 liters\";}"],"_wc_rating_count":["a:2:{i:4;i:1;i:5;i:91;}"],"_edit_lock":["1771185246:1"],"_wp_page_template":["default"],"site-sidebar-layout":["default"],"ast-site-content-layout":["default"],"site-content-style":["default"],"site-sidebar-style":["default"],"theme-transparent-header-meta":["default"],"astra-migrate-meta-layouts":["set"],"_uag_css_file_name":["uag-css-23807.css"],"_elementor_page_assets":["a:0:{}"]},"uagb_featured_image_src":{"full":["https:\/\/www.ferberpainting.com\/wp-content\/uploads\/2025\/05\/MassExpander5L_02aa0bb0-2fa7-4e30-9d5f-6bf6604f749c.jpg",2560,2560,false],"thumbnail":["https:\/\/www.ferberpainting.com\/wp-content\/uploads\/2025\/05\/MassExpander5L_02aa0bb0-2fa7-4e30-9d5f-6bf6604f749c-150x150.jpg",150,150,true],"medium":["https:\/\/www.ferberpainting.com\/wp-content\/uploads\/2025\/05\/MassExpander5L_02aa0bb0-2fa7-4e30-9d5f-6bf6604f749c-300x300.jpg",300,300,true],"medium_large":["https:\/\/www.ferberpainting.com\/wp-content\/uploads\/2025\/05\/MassExpander5L_02aa0bb0-2fa7-4e30-9d5f-6bf6604f749c-768x768.jpg",768,768,true],"large":["https:\/\/www.ferberpainting.com\/wp-content\/uploads\/2025\/05\/MassExpander5L_02aa0bb0-2fa7-4e30-9d5f-6bf6604f749c-1024x1024.jpg",1024,1024,true],"1536x1536":["https:\/\/www.ferberpainting.com\/wp-content\/uploads\/2025\/05\/MassExpander5L_02aa0bb0-2fa7-4e30-9d5f-6bf6604f749c-1536x1536.jpg",1536,1536,true],"2048x2048":["https:\/\/www.ferberpainting.com\/wp-content\/uploads\/2025\/05\/MassExpander5L_02aa0bb0-2fa7-4e30-9d5f-6bf6604f749c-2048x2048.jpg",2048,2048,true],"trp-custom-language-flag":["https:\/\/www.ferberpainting.com\/wp-content\/uploads\/2025\/05\/MassExpander5L_02aa0bb0-2fa7-4e30-9d5f-6bf6604f749c-12x12.jpg",12,12,true],"woocommerce_thumbnail":["https:\/\/www.ferberpainting.com\/wp-content\/uploads\/2025\/05\/MassExpander5L_02aa0bb0-2fa7-4e30-9d5f-6bf6604f749c-300x300.jpg",300,300,true],"woocommerce_single":["https:\/\/www.ferberpainting.com\/wp-content\/uploads\/2025\/05\/MassExpander5L_02aa0bb0-2fa7-4e30-9d5f-6bf6604f749c-600x600.jpg",600,600,true],"woocommerce_gallery_thumbnail":["https:\/\/www.ferberpainting.com\/wp-content\/uploads\/2025\/05\/MassExpander5L_02aa0bb0-2fa7-4e30-9d5f-6bf6604f749c-100x100.jpg",100,100,true]},"uagb_author_info":{"display_name":"admin","author_link":"https:\/\/www.ferberpainting.com\/lv\/author\/"},"uagb_comment_info":92,"uagb_excerpt":"Increase concrete volume and reduce shrinkage with precision. Our mass expander is specially formulated to compensate for shrinkage in cement-based materials and improve dimensional stability. By creating controlled expansion during the hydration process, it helps reduce cracking, internal stress, and structural weaknesses, ensuring stronger and more durable concrete structures. The most effective expansion additive on&hellip;","_links":{"self":[{"href":"https:\/\/www.ferberpainting.com\/lv\/wp-json\/wp\/v2\/product\/23807","targetHints":{"allow":["GET"]}}],"collection":[{"href":"https:\/\/www.ferberpainting.com\/lv\/wp-json\/wp\/v2\/product"}],"about":[{"href":"https:\/\/www.ferberpainting.com\/lv\/wp-json\/wp\/v2\/types\/product"}],"replies":[{"embeddable":true,"href":"https:\/\/www.ferberpainting.com\/lv\/wp-json\/wp\/v2\/comments?post=23807"}],"version-history":[{"count":2,"href":"https:\/\/www.ferberpainting.com\/lv\/wp-json\/wp\/v2\/product\/23807\/revisions"}],"predecessor-version":[{"id":166498,"href":"https:\/\/www.ferberpainting.com\/lv\/wp-json\/wp\/v2\/product\/23807\/revisions\/166498"}],"wp:featuredmedia":[{"embeddable":true,"href":"https:\/\/www.ferberpainting.com\/lv\/wp-json\/wp\/v2\/media\/26267"}],"wp:attachment":[{"href":"https:\/\/www.ferberpainting.com\/lv\/wp-json\/wp\/v2\/media?parent=23807"}],"wp:term":[{"taxonomy":"product_brand","embeddable":true,"href":"https:\/\/www.ferberpainting.com\/lv\/wp-json\/wp\/v2\/product_brand?post=23807"},{"taxonomy":"product_cat","embeddable":true,"href":"https:\/\/www.ferberpainting.com\/lv\/wp-json\/wp\/v2\/product_cat?post=23807"},{"taxonomy":"product_tag","embeddable":true,"href":"https:\/\/www.ferberpainting.com\/lv\/wp-json\/wp\/v2\/product_tag?post=23807"}],"curies":[{"name":"wp","href":"https:\/\/api.w.org\/{rel}","templated":true}]}}