{"id":23796,"date":"2025-05-26T10:25:32","date_gmt":"2025-05-26T08:25:32","guid":{"rendered":"https:\/\/www.ferberpainting.com\/products\/liquid-universal-fertilizer\/"},"modified":"2026-02-15T20:44:22","modified_gmt":"2026-02-15T19:44:22","slug":"liquid-universal-fertilizer","status":"publish","type":"product","link":"https:\/\/www.ferberpainting.com\/lv\/products\/liquid-universal-fertilizer\/","title":{"rendered":"Univers\u0101ls \u0161\u0137idrais m\u0113slojums"},"content":{"rendered":"<p><strong><img decoding=\"async\" style=\"margin-right: 12px;\" src=\"https:\/\/www.ferberpainting.com\/wp-content\/uploads\/2026\/02\/Check.svg\" alt=\"\" width=\"18\" height=\"15\" \/>Sabalans\u0113ta NPK 15-15-15 formula pilnv\u0113rt\u012bgai augu baro\u0161anai.<\/strong> M\u016bsu \u0161\u0137idrajam univers\u0101lajam m\u0113slo\u0161anas l\u012bdzeklim ir ide\u0101li sabalans\u0113ts NPK 15-15-15 sast\u0101vs, kas nodro\u0161ina vien\u0101du sl\u0101pek\u013ca, fosfora un k\u0101lija daudzumu vien\u0101d\u0101s proporcij\u0101s, lai uzlabotu augu vesel\u012bbu. Sl\u0101peklis veicina sul\u012bgi za\u013cu lapotni un sp\u0113c\u012bgu ve\u0123etat\u012bvo aug\u0161anu, fosfors stiprina sak\u0146u att\u012bst\u012bbu un atbalsta zied\u0113\u0161anu un aug\u013cu veido\u0161anos, savuk\u0101rt k\u0101lijs uzlabo visp\u0101r\u0113jo iztur\u012bbu un stresa toleranci. \u0160is sabalans\u0113tais sast\u0101vs nodro\u0161ina, ka augi sa\u0146em visaptvero\u0161u un harmonisku uzturu vis\u0101 aug\u0161anas cikl\u0101.<\/p>\n<p><strong><img decoding=\"async\" style=\"margin-right: 12px;\" src=\"https:\/\/www.ferberpainting.com\/wp-content\/uploads\/2026\/02\/Check.svg\" alt=\"\" width=\"18\" height=\"15\" \/>Visefekt\u012bv\u0101kais univers\u0101lais m\u0113slojums tirg\u016b.<\/strong> \u0160is \u0161\u0137idrais m\u0113slojums ir izstr\u0101d\u0101ts ar augstas kvalit\u0101tes, viegli pieejam\u0101m bar\u012bbas viel\u0101m, ko augi \u0101tri uzs\u016bc caur sakn\u0113m, un, lietojot k\u0101 lapotnes aerosolu, ar\u012b caur lap\u0101m. T\u0101 \u0101tras iedarb\u012bbas sast\u0101vs nodro\u0161ina redzamus augu vitalit\u0101tes, lapu kr\u0101sas un aug\u0161anas \u0101truma uzlabojumus \u012bs\u0101 laika posm\u0101 p\u0113c past\u0101v\u012bgas lieto\u0161anas.<\/p>\n<p><strong><img decoding=\"async\" style=\"margin-right: 12px;\" src=\"https:\/\/www.ferberpainting.com\/wp-content\/uploads\/2026\/02\/Check.svg\" alt=\"\" width=\"18\" height=\"15\" \/>Naudas atmaksas garantija piln\u012bgai p\u0101rliec\u012bbai.<\/strong> M\u0113s piln\u012bb\u0101 atbalst\u0101m m\u016bsu \u0161\u0137idro univers\u0101lo m\u0113slo\u0161anas l\u012bdzek\u013cu veiktsp\u0113ju. Ja j\u016bs neb\u016bsiet piln\u012bb\u0101 apmierin\u0101ts ar rezult\u0101tiem, m\u0113s atmaks\u0101sim naudu par pirkumu. M\u016bsu naudas atmaksas garantija nodro\u0161ina, ka j\u016bsu ieguld\u012bjums ir piln\u012bgi bez riska, un atspogu\u013co m\u016bsu ap\u0146em\u0161anos nodro\u0161in\u0101t uzticamu un profesion\u0101las kvalit\u0101tes augu baro\u0161anu.<\/p>\n<p><strong><img decoding=\"async\" style=\"margin-right: 12px;\" src=\"https:\/\/www.ferberpainting.com\/wp-content\/uploads\/2026\/02\/Check.svg\" alt=\"\" width=\"18\" height=\"15\" \/>L\u0113t\u0101kais pieejamais augstas efektivit\u0101tes NPK 15-15-15 m\u0113slojums.<\/strong> Augu augstv\u0113rt\u012bgai baro\u0161anai nav nepiecie\u0161ams maks\u0101t d\u0101rgi. M\u016bsu \u0161\u0137idrais univers\u0101lais m\u0113slojums apvieno izcilu kvalit\u0101ti un viskonkur\u0113tsp\u0113j\u012bg\u0101ko cenu tirg\u016b, pied\u0101v\u0101jot izcilu v\u0113rt\u012bbu m\u0101jas d\u0101rzkopjiem, profesion\u0101liem ainavu veidot\u0101jiem, st\u0101daudz\u0113tav\u0101m un lauksaimniec\u012bbas produktu lietot\u0101jiem.<\/p>\n<p><strong><img decoding=\"async\" style=\"margin-right: 12px;\" src=\"https:\/\/www.ferberpainting.com\/wp-content\/uploads\/2026\/02\/Check.svg\" alt=\"\" width=\"18\" height=\"15\" \/>\u0100tra pieg\u0101de 24 stundas diennakt\u012b nep\u0101rtrauktai augu kop\u0161anai.<\/strong> Vesel\u012bga augu aug\u0161ana ir atkar\u012bga no past\u0101v\u012bgas baro\u0161anas. T\u0101p\u0113c m\u0113s nodro\u0161in\u0101m uzticamu pieg\u0101di 24 stundas diennakt\u012b, garant\u0113jot, ka m\u0113slojums tiek pieg\u0101d\u0101ts \u0101tri, lai j\u016bs bez kav\u0113\u0161an\u0101s var\u0113tu iev\u0113rot savu baro\u0161anas grafiku.<\/p>\n<p><strong><img decoding=\"async\" style=\"margin-right: 12px;\" src=\"https:\/\/www.ferberpainting.com\/wp-content\/uploads\/2026\/02\/Check.svg\" alt=\"\" width=\"18\" height=\"15\" \/>Piem\u0113rots istabas un \u0101ra augiem.<\/strong> \u0160o univers\u0101lo m\u0113slojumu var izmantot telpaugiem, ziedo\u0161iem augiem, d\u0101rze\u0146iem, kr\u016bmiem, z\u0101lieniem, aug\u013cu kokiem, dekorat\u012bvajiem augiem un siltumn\u012bc\u0101s audz\u0113tiem augiem. T\u0101 univers\u0101l\u0101 formula ir piem\u0113rota da\u017e\u0101d\u0101m augu sug\u0101m un aug\u0161anas apst\u0101k\u013ciem.<\/p>\n<p><strong><img decoding=\"async\" style=\"margin-right: 12px;\" src=\"https:\/\/www.ferberpainting.com\/wp-content\/uploads\/2026\/02\/Check.svg\" alt=\"\" width=\"18\" height=\"15\" \/>Veicina sp\u0113c\u012bgu sak\u0146u sist\u0113mu un vesel\u012bgu zied\u0113\u0161anu.<\/strong> Sabalans\u0113ts fosfora saturs veicina sp\u0113c\u012bgu sak\u0146u att\u012bst\u012bbu un veicina zied\u0113\u0161anu un aug\u013cu veido\u0161anos. Ar \u0161o m\u0113slojumu regul\u0101ri baroti augi parasti sp\u0113c\u012bg\u0101k zied un dod liel\u0101ku ra\u017eu.<\/p>\n<p><strong><img decoding=\"async\" style=\"margin-right: 12px;\" src=\"https:\/\/www.ferberpainting.com\/wp-content\/uploads\/2026\/02\/Check.svg\" alt=\"\" width=\"18\" height=\"15\" \/>Palielina augu iztur\u012bbu pret vides stresu.<\/strong> K\u0101lija komponents stiprina augu audus un uzlabo iztur\u012bbu pret sausumu, temperat\u016bras sv\u0101rst\u012bb\u0101m un neliel\u0101m slim\u012bb\u0101m. Tas veicina vesel\u012bg\u0101ku augu veido\u0161anos, kas sp\u0113j iztur\u0113t sare\u017e\u0123\u012btus aug\u0161anas apst\u0101k\u013cus.<\/p>\n<p><strong><img decoding=\"async\" style=\"margin-right: 12px;\" src=\"https:\/\/www.ferberpainting.com\/wp-content\/uploads\/2026\/02\/Check.svg\" alt=\"\" width=\"18\" height=\"15\" \/>Uzlabo augsnes augl\u012bbu un bar\u012bbas vielu l\u012bdzsvaru.<\/strong> Uzkl\u0101ts augsn\u0113, \u0161\u0137idrais m\u0113slojums vienm\u0113r\u012bgi sadal\u0101s un \u0101tri ies\u016bcas aug\u0161anas vid\u0113. Tas pal\u012bdz nov\u0113rst bar\u012bbas vielu tr\u016bkumu un uztur l\u012bdzsvarotu augsnes augl\u012bbu.<\/p>\n<p><strong><img decoding=\"async\" style=\"margin-right: 12px;\" src=\"https:\/\/www.ferberpainting.com\/wp-content\/uploads\/2026\/02\/Check.svg\" alt=\"\" width=\"18\" height=\"15\" \/>Viegli lietojams \u0161\u0137idrs sast\u0101vs prec\u012bzai doz\u0113\u0161anai.<\/strong> Koncentr\u0113ta \u0161\u0137idruma forma nodro\u0161ina prec\u012bzu at\u0161\u0137aid\u012b\u0161anu un kontrol\u0113tu lieto\u0161anu. To var viegli sajaukt ar \u016bdeni sak\u0146u baro\u0161anai vai izmantot ap\u016bde\u0146o\u0161anas sist\u0113m\u0101s, nodro\u0161inot vienm\u0113r\u012bgu bar\u012bbas vielu sadal\u012bjumu.<\/p>\n<h2><strong>Instrukcijas<\/strong><\/h2>\n<ul>\n<li>Pirms lieto\u0161anas tvertni r\u016bp\u012bgi sakratiet, lai nodro\u0161in\u0101tu vienm\u0113r\u012bgu bar\u012bbas vielu sadal\u012bjumu.<\/li>\n<li>At\u0161\u0137aidiet m\u0113slojumu atbilsto\u0161i augu tipam un aug\u0161anas stadijai. Visp\u0101r\u0113jais ieteikums ir 5 l\u012bdz 10 ml m\u0113slojuma uz 1 litru \u016bdens ikdienas baro\u0161anai.<\/li>\n<li>Telpu augiem at\u0161\u0137aid\u012bto \u0161\u0137\u012bdumu uzkl\u0101jiet tie\u0161i uz augsnes ap auga pamatni. Izvairieties no p\u0101rlaist\u012b\u0161anas.<\/li>\n<li>\u0100ra augiem un d\u0101rza dob\u0113m vienm\u0113r\u012bgi uzkl\u0101jiet uz mitras augsnes, lai nodro\u0161in\u0101tu pareizu bar\u012bbas vielu uzs\u016bk\u0161anos.<\/li>\n<li>M\u0113slo\u0161anai uz lap\u0101m izmantojiet maz\u0101ku koncentr\u0101ciju un izsmidziniet tie\u0161i uz lap\u0101m v\u0113s\u0101kaj\u0101s dienas stund\u0101s. Izvairieties no smidzin\u0101\u0161anas intens\u012bvas saules gaismas laik\u0101.<\/li>\n<li>Akt\u012bv\u0101s ve\u0123et\u0101cijas sezonas laik\u0101 augus barojiet ik p\u0113c 1 l\u012bdz 2 ned\u0113\u013c\u0101m. Samaziniet bie\u017eumu miera vai l\u0113nas aug\u0161anas period\u0101.<\/li>\n<li>Nep\u0101rsniedziet ieteicamo devu, lai nov\u0113rstu bar\u012bbas vielu sadeg\u0161anu vai s\u0101ls uzkr\u0101\u0161anos augsn\u0113.<\/li>\n<li>Jauniem st\u0101diem vai maigiem augiem izmantojiet at\u0161\u0137aid\u012btu koncentr\u0101ciju ar pusi koncentr\u0101cijas.<\/li>\n<li>Ja augsne ir \u013coti sausa, pirms m\u0113slojuma lieto\u0161anas nedaudz aplaistiet augus, lai nov\u0113rstu sak\u0146u stresu.<\/li>\n<li>P\u0113c lieto\u0161anas not\u012briet m\u0113rinstrumentus un cie\u0161i aizveriet trauku.<\/li>\n<li>Uzglab\u0101jiet m\u0113slojumu v\u0113s\u0101, saus\u0101 viet\u0101, prom no tie\u0161iem saules stariem un ekstrem\u0101l\u0101m temperat\u016br\u0101m.<\/li>\n<\/ul>\n<p>Regul\u0101ra \u0161\u012b \u0161\u0137idr\u0101 univers\u0101l\u0101 m\u0113slojuma ar NPK 15-15-15 lieto\u0161ana nodro\u0161ina sabalans\u0113tu baro\u0161anu visda\u017e\u0101d\u0101kajiem augiem. Sniedzot vien\u0101d\u0101s proporcij\u0101s svar\u012bg\u0101kos makroelementus, tas veicina lapu aug\u0161anu, sak\u0146u sp\u0113ku, zied\u0113\u0161anu un visp\u0101r\u0113jo augu vitalit\u0101ti. Neatkar\u012bgi no t\u0101, vai j\u016bs kopjat nelielu telpaugu kolekciju vai apsaimniekojat pla\u0161us \u0101ra d\u0101rzus, \u0161is univers\u0101lais un ekonomiskais m\u0113slojums nodro\u0161ina uzticamus rezult\u0101tus.<\/p>","protected":false},"excerpt":{"rendered":"<p>Balanced NPK 15-15-15 formula for complete plant nutrition. Our liquid universal fertilizer features a perfectly balanced NPK 15-15-15 composition, delivering equal proportions of nitrogen, phosphorus, and potassium to support overall plant health. Nitrogen promotes lush green foliage and vigorous vegetative growth, phosphorus strengthens root development and supports flowering and fruiting, while potassium enhances overall resilience [&hellip;]<\/p>\n","protected":false},"featured_media":26254,"comment_status":"open","ping_status":"closed","template":"","meta":{"_uag_custom_page_level_css":"","site-sidebar-layout":"default","site-content-layout":"","ast-site-content-layout":"default","site-content-style":"default","site-sidebar-style":"default","ast-global-header-display":"","ast-banner-title-visibility":"","ast-main-header-display":"","ast-hfb-above-header-display":"","ast-hfb-below-header-display":"","ast-hfb-mobile-header-display":"","site-post-title":"","ast-breadcrumbs-content":"","ast-featured-img":"","footer-sml-layout":"","ast-disable-related-posts":"","theme-transparent-header-meta":"default","adv-header-id-meta":"","stick-header-meta":"","header-above-stick-meta":"","header-main-stick-meta":"","header-below-stick-meta":"","astra-migrate-meta-layouts":"set","ast-page-background-enabled":"default","ast-page-background-meta":{"desktop":{"background-color":"var(--ast-global-color-4)","background-image":"","background-repeat":"repeat","background-position":"center center","background-size":"auto","background-attachment":"scroll","background-type":"","background-media":"","overlay-type":"","overlay-color":"","overlay-opacity":"","overlay-gradient":""},"tablet":{"background-color":"","background-image":"","background-repeat":"repeat","background-position":"center center","background-size":"auto","background-attachment":"scroll","background-type":"","background-media":"","overlay-type":"","overlay-color":"","overlay-opacity":"","overlay-gradient":""},"mobile":{"background-color":"","background-image":"","background-repeat":"repeat","background-position":"center center","background-size":"auto","background-attachment":"scroll","background-type":"","background-media":"","overlay-type":"","overlay-color":"","overlay-opacity":"","overlay-gradient":""}},"ast-content-background-meta":{"desktop":{"background-color":"var(--ast-global-color-5)","background-image":"","background-repeat":"repeat","background-position":"center center","background-size":"auto","background-attachment":"scroll","background-type":"","background-media":"","overlay-type":"","overlay-color":"","overlay-opacity":"","overlay-gradient":""},"tablet":{"background-color":"var(--ast-global-color-5)","background-image":"","background-repeat":"repeat","background-position":"center center","background-size":"auto","background-attachment":"scroll","background-type":"","background-media":"","overlay-type":"","overlay-color":"","overlay-opacity":"","overlay-gradient":""},"mobile":{"background-color":"var(--ast-global-color-5)","background-image":"","background-repeat":"repeat","background-position":"center center","background-size":"auto","background-attachment":"scroll","background-type":"","background-media":"","overlay-type":"","overlay-color":"","overlay-opacity":"","overlay-gradient":""}}},"product_brand":[],"product_cat":[178],"product_tag":[],"class_list":{"0":"post-23796","1":"product","2":"type-product","3":"status-publish","4":"has-post-thumbnail","6":"product_cat-fertilizers","7":"desktop-align-left","8":"tablet-align-left","9":"mobile-align-left","11":"first","12":"instock","13":"taxable","14":"shipping-taxable","15":"purchasable","16":"product-type-variable","17":"has-default-attributes"},"spectra_custom_meta":{"_visibility":["visible"],"_shopify_product_id":["7955508068597"],"_s2w_shopify_domain":["ferberpainting.myshopify.com"],"_shopify_variant_id":["43515597750517"],"_sku":[""],"_manage_stock":["no"],"total_sales":["20"],"_tax_status":["taxable"],"_tax_class":[""],"_backorders":["no"],"_sold_individually":["no"],"_virtual":["no"],"_downloadable":["no"],"_download_limit":["-1"],"_download_expiry":["-1"],"_stock":[null],"_stock_status":["instock"],"_wc_average_rating":["4.96"],"_wc_review_count":["50"],"_product_attributes":["a:1:{s:6:\"volume\";a:6:{s:4:\"name\";s:6:\"Volume\";s:5:\"value\";s:20:\"5 liters | 25 liters\";s:8:\"position\";i:1;s:10:\"is_visible\";i:0;s:12:\"is_variation\";i:1;s:11:\"is_taxonomy\";i:0;}}"],"_product_version":["10.5.1"],"_thumbnail_id":["26254"],"_price":["29.90","99.90"],"_product_image_gallery":["26255"],"merchant-center-availability":["yes"],"merchant-center-category":["113"],"merchant-center-id":["LUF"],"wpse_downloadable_file_names":[""],"wpse_downloadable_file_urls":[""],"_edit_last":["1"],"_default_attributes":["a:1:{s:6:\"volume\";s:8:\"5 liters\";}"],"_wc_rating_count":["a:2:{i:4;i:2;i:5;i:48;}"],"_edit_lock":["1771184524:1"],"_wp_page_template":["default"],"site-sidebar-layout":["default"],"ast-site-content-layout":["default"],"site-content-style":["default"],"site-sidebar-style":["default"],"theme-transparent-header-meta":["default"],"astra-migrate-meta-layouts":["set"],"_uag_css_file_name":["uag-css-23796.css"],"_elementor_page_assets":["a:0:{}"],"_uag_page_assets":["a:9:{s:3:\"css\";s:7133:\".uag-blocks-common-selector{z-index:var(--z-index-desktop) !important}@media(max-width: 976px){.uag-blocks-common-selector{z-index:var(--z-index-tablet) !important}}@media(max-width: 767px){.uag-blocks-common-selector{z-index:var(--z-index-mobile) !important}}.wp-block-uagb-image{display:flex}.wp-block-uagb-image__figure{position:relative;display:flex;flex-direction:column;max-width:100%;height:auto;margin:0}.wp-block-uagb-image__figure img{height:auto;display:flex;max-width:100%;transition:box-shadow .2s ease}.wp-block-uagb-image__figure>a{display:inline-block}.wp-block-uagb-image__figure figcaption{text-align:center;margin-top:.5em;margin-bottom:1em}.wp-block-uagb-image .components-placeholder.block-editor-media-placeholder .components-placeholder__instructions{align-self:center}.wp-block-uagb-image--align-left{text-align:left}.wp-block-uagb-image--align-right{text-align:right}.wp-block-uagb-image--align-center{text-align:center}.wp-block-uagb-image--align-full .wp-block-uagb-image__figure{margin-left:calc(50% - 50vw);margin-right:calc(50% - 50vw);max-width:100vw;width:100vw;height:auto}.wp-block-uagb-image--align-full .wp-block-uagb-image__figure img{height:auto;width:100% !important}.wp-block-uagb-image--align-wide .wp-block-uagb-image__figure img{height:auto;width:100%}.wp-block-uagb-image--layout-overlay__color-wrapper{position:absolute;left:0;top:0;right:0;bottom:0;opacity:.2;background:rgba(0,0,0,.5);transition:opacity .35s ease-in-out}.wp-block-uagb-image--layout-overlay-link{position:absolute;left:0;right:0;bottom:0;top:0}.wp-block-uagb-image--layout-overlay .wp-block-uagb-image__figure:hover .wp-block-uagb-image--layout-overlay__color-wrapper{opacity:1}.wp-block-uagb-image--layout-overlay__inner{position:absolute;left:15px;right:15px;bottom:15px;top:15px;display:flex;align-items:center;justify-content:center;flex-direction:column;border-color:#fff;transition:.35s ease-in-out}.wp-block-uagb-image--layout-overlay__inner.top-left,.wp-block-uagb-image--layout-overlay__inner.top-center,.wp-block-uagb-image--layout-overlay__inner.top-right{justify-content:flex-start}.wp-block-uagb-image--layout-overlay__inner.bottom-left,.wp-block-uagb-image--layout-overlay__inner.bottom-center,.wp-block-uagb-image--layout-overlay__inner.bottom-right{justify-content:flex-end}.wp-block-uagb-image--layout-overlay__inner.top-left,.wp-block-uagb-image--layout-overlay__inner.center-left,.wp-block-uagb-image--layout-overlay__inner.bottom-left{align-items:flex-start}.wp-block-uagb-image--layout-overlay__inner.top-right,.wp-block-uagb-image--layout-overlay__inner.center-right,.wp-block-uagb-image--layout-overlay__inner.bottom-right{align-items:flex-end}.wp-block-uagb-image--layout-overlay__inner .uagb-image-heading{color:#fff;transition:transform .35s,opacity .35s ease-in-out;transform:translate3d(0, 24px, 0);margin:0;line-height:1em}.wp-block-uagb-image--layout-overlay__inner .uagb-image-separator{width:30%;border-top-width:2px;border-top-color:#fff;border-top-style:solid;margin-bottom:10px;opacity:0;transition:transform .4s,opacity .4s ease-in-out;transform:translate3d(0, 30px, 0)}.wp-block-uagb-image--layout-overlay__inner .uagb-image-caption{opacity:0;overflow:visible;color:#fff;transition:transform .45s,opacity .45s ease-in-out;transform:translate3d(0, 35px, 0)}.wp-block-uagb-image--layout-overlay__inner:hover .uagb-image-heading,.wp-block-uagb-image--layout-overlay__inner:hover .uagb-image-separator,.wp-block-uagb-image--layout-overlay__inner:hover .uagb-image-caption{opacity:1;transform:translate3d(0, 0, 0)}.wp-block-uagb-image--effect-zoomin .wp-block-uagb-image__figure img,.wp-block-uagb-image--effect-zoomin .wp-block-uagb-image__figure .wp-block-uagb-image--layout-overlay__color-wrapper{transform:scale(1);transition:transform .35s ease-in-out}.wp-block-uagb-image--effect-zoomin .wp-block-uagb-image__figure:hover img,.wp-block-uagb-image--effect-zoomin .wp-block-uagb-image__figure:hover .wp-block-uagb-image--layout-overlay__color-wrapper{transform:scale(1.05)}.wp-block-uagb-image--effect-slide .wp-block-uagb-image__figure img,.wp-block-uagb-image--effect-slide .wp-block-uagb-image__figure .wp-block-uagb-image--layout-overlay__color-wrapper{width:calc(100% + 40px) !important;max-width:none !important;transform:translate3d(-40px, 0, 0);transition:transform .35s ease-in-out}.wp-block-uagb-image--effect-slide .wp-block-uagb-image__figure:hover img,.wp-block-uagb-image--effect-slide .wp-block-uagb-image__figure:hover .wp-block-uagb-image--layout-overlay__color-wrapper{transform:translate3d(0, 0, 0)}.wp-block-uagb-image--effect-grayscale img{filter:grayscale(0%);transition:.35s ease-in-out}.wp-block-uagb-image--effect-grayscale:hover img{filter:grayscale(100%)}.wp-block-uagb-image--effect-blur img{filter:blur(0);transition:.35s ease-in-out}.wp-block-uagb-image--effect-blur:hover img{filter:blur(3px)}.uagb-block-e6f939b3.wp-block-uagb-image--layout-default figure img{box-shadow: 0px 0px 0 #00000070;}.uagb-block-e6f939b3.wp-block-uagb-image .wp-block-uagb-image__figure figcaption{font-style: normal;align-self: center;}.uagb-block-e6f939b3.wp-block-uagb-image--layout-overlay figure img{box-shadow: 0px 0px 0 #00000070;}.uagb-block-e6f939b3.wp-block-uagb-image--layout-overlay .wp-block-uagb-image--layout-overlay__color-wrapper{opacity: 0.2;}.uagb-block-e6f939b3.wp-block-uagb-image--layout-overlay .wp-block-uagb-image--layout-overlay__inner{left: 15px;right: 15px;top: 15px;bottom: 15px;}.uagb-block-e6f939b3.wp-block-uagb-image--layout-overlay .wp-block-uagb-image--layout-overlay__inner .uagb-image-heading{font-style: normal;color: #fff;opacity: 1;}.uagb-block-e6f939b3.wp-block-uagb-image--layout-overlay .wp-block-uagb-image--layout-overlay__inner .uagb-image-heading a{color: #fff;}.uagb-block-e6f939b3.wp-block-uagb-image--layout-overlay .wp-block-uagb-image--layout-overlay__inner .uagb-image-caption{opacity: 0;}.uagb-block-e6f939b3.wp-block-uagb-image--layout-overlay .wp-block-uagb-image__figure:hover .wp-block-uagb-image--layout-overlay__color-wrapper{opacity: 1;}.uagb-block-e6f939b3.wp-block-uagb-image .wp-block-uagb-image--layout-overlay__inner .uagb-image-separator{width: 30%;border-top-width: 2px;border-top-color: #fff;opacity: 0;}.uagb-block-e6f939b3.wp-block-uagb-image .wp-block-uagb-image__figure img{width: px;height: auto;}.uagb-block-e6f939b3.wp-block-uagb-image .wp-block-uagb-image__figure:hover .wp-block-uagb-image--layout-overlay__inner .uagb-image-caption{opacity: 1;}.uagb-block-e6f939b3.wp-block-uagb-image .wp-block-uagb-image__figure:hover .wp-block-uagb-image--layout-overlay__inner .uagb-image-separator{opacity: 1;}.uagb-block-e6f939b3.wp-block-uagb-image--layout-default figure:hover img{box-shadow: 0px 0px 0 #00000070;}.uagb-block-e6f939b3.wp-block-uagb-image--layout-overlay figure:hover img{box-shadow: 0px 0px 0 #00000070;}@media only screen and (max-width: 976px) {.uagb-block-e6f939b3.wp-block-uagb-image .wp-block-uagb-image__figure img{width: px;height: auto;}}@media only screen and (max-width: 767px) {.uagb-block-e6f939b3.wp-block-uagb-image .wp-block-uagb-image__figure img{width: px;height: auto;}}\";s:2:\"js\";s:0:\"\";s:18:\"current_block_list\";a:13:{i:0;s:11:\"core\/search\";i:1;s:10:\"core\/group\";i:2;s:12:\"core\/heading\";i:3;s:17:\"core\/latest-posts\";i:4;s:20:\"core\/latest-comments\";i:5;s:13:\"core\/archives\";i:6;s:15:\"core\/categories\";i:7;s:14:\"core\/paragraph\";i:8;s:10:\"uagb\/image\";i:9;s:11:\"core\/spacer\";i:10;s:30:\"woocommerce\/product-categories\";i:11;s:10:\"core\/image\";i:12;s:14:\"core\/shortcode\";}s:8:\"uag_flag\";b:1;s:11:\"uag_version\";s:10:\"1777203498\";s:6:\"gfonts\";a:0:{}s:10:\"gfonts_url\";s:0:\"\";s:12:\"gfonts_files\";a:0:{}s:14:\"uag_faq_layout\";b:0;}"]},"uagb_featured_image_src":{"full":["https:\/\/www.ferberpainting.com\/wp-content\/uploads\/2025\/05\/liquid_universal_fertilizer_5_L.jpg",2560,2560,false],"thumbnail":["https:\/\/www.ferberpainting.com\/wp-content\/uploads\/2025\/05\/liquid_universal_fertilizer_5_L-150x150.jpg",150,150,true],"medium":["https:\/\/www.ferberpainting.com\/wp-content\/uploads\/2025\/05\/liquid_universal_fertilizer_5_L-300x300.jpg",300,300,true],"medium_large":["https:\/\/www.ferberpainting.com\/wp-content\/uploads\/2025\/05\/liquid_universal_fertilizer_5_L-768x768.jpg",768,768,true],"large":["https:\/\/www.ferberpainting.com\/wp-content\/uploads\/2025\/05\/liquid_universal_fertilizer_5_L-1024x1024.jpg",1024,1024,true],"1536x1536":["https:\/\/www.ferberpainting.com\/wp-content\/uploads\/2025\/05\/liquid_universal_fertilizer_5_L-1536x1536.jpg",1536,1536,true],"2048x2048":["https:\/\/www.ferberpainting.com\/wp-content\/uploads\/2025\/05\/liquid_universal_fertilizer_5_L-2048x2048.jpg",2048,2048,true],"trp-custom-language-flag":["https:\/\/www.ferberpainting.com\/wp-content\/uploads\/2025\/05\/liquid_universal_fertilizer_5_L-12x12.jpg",12,12,true],"woocommerce_thumbnail":["https:\/\/www.ferberpainting.com\/wp-content\/uploads\/2025\/05\/liquid_universal_fertilizer_5_L-300x300.jpg",300,300,true],"woocommerce_single":["https:\/\/www.ferberpainting.com\/wp-content\/uploads\/2025\/05\/liquid_universal_fertilizer_5_L-600x600.jpg",600,600,true],"woocommerce_gallery_thumbnail":["https:\/\/www.ferberpainting.com\/wp-content\/uploads\/2025\/05\/liquid_universal_fertilizer_5_L-100x100.jpg",100,100,true]},"uagb_author_info":{"display_name":"admin","author_link":"https:\/\/www.ferberpainting.com\/lv\/author\/"},"uagb_comment_info":50,"uagb_excerpt":"Balanced NPK 15-15-15 formula for complete plant nutrition. Our liquid universal fertilizer features a perfectly balanced NPK 15-15-15 composition, delivering equal proportions of nitrogen, phosphorus, and potassium to support overall plant health. Nitrogen promotes lush green foliage and vigorous vegetative growth, phosphorus strengthens root development and supports flowering and fruiting, while potassium enhances overall resilience&hellip;","_links":{"self":[{"href":"https:\/\/www.ferberpainting.com\/lv\/wp-json\/wp\/v2\/product\/23796","targetHints":{"allow":["GET"]}}],"collection":[{"href":"https:\/\/www.ferberpainting.com\/lv\/wp-json\/wp\/v2\/product"}],"about":[{"href":"https:\/\/www.ferberpainting.com\/lv\/wp-json\/wp\/v2\/types\/product"}],"replies":[{"embeddable":true,"href":"https:\/\/www.ferberpainting.com\/lv\/wp-json\/wp\/v2\/comments?post=23796"}],"version-history":[{"count":4,"href":"https:\/\/www.ferberpainting.com\/lv\/wp-json\/wp\/v2\/product\/23796\/revisions"}],"predecessor-version":[{"id":166481,"href":"https:\/\/www.ferberpainting.com\/lv\/wp-json\/wp\/v2\/product\/23796\/revisions\/166481"}],"wp:featuredmedia":[{"embeddable":true,"href":"https:\/\/www.ferberpainting.com\/lv\/wp-json\/wp\/v2\/media\/26254"}],"wp:attachment":[{"href":"https:\/\/www.ferberpainting.com\/lv\/wp-json\/wp\/v2\/media?parent=23796"}],"wp:term":[{"taxonomy":"product_brand","embeddable":true,"href":"https:\/\/www.ferberpainting.com\/lv\/wp-json\/wp\/v2\/product_brand?post=23796"},{"taxonomy":"product_cat","embeddable":true,"href":"https:\/\/www.ferberpainting.com\/lv\/wp-json\/wp\/v2\/product_cat?post=23796"},{"taxonomy":"product_tag","embeddable":true,"href":"https:\/\/www.ferberpainting.com\/lv\/wp-json\/wp\/v2\/product_tag?post=23796"}],"curies":[{"name":"wp","href":"https:\/\/api.w.org\/{rel}","templated":true}]}}