{"id":23793,"date":"2025-07-01T09:57:25","date_gmt":"2025-07-01T07:57:25","guid":{"rendered":"https:\/\/www.ferberpainting.com\/?post_type=product&#038;p=23790"},"modified":"2026-02-15T20:41:11","modified_gmt":"2026-02-15T19:41:11","slug":"limescale-remover","status":"publish","type":"product","link":"https:\/\/www.ferberpainting.com\/lv\/products\/limescale-remover\/","title":{"rendered":"ka\u013c\u0137akmens no\u0146\u0113m\u0113js"},"content":{"rendered":"<p><strong><img decoding=\"async\" style=\"margin-right: 12px;\" src=\"https:\/\/www.ferberpainting.com\/wp-content\/uploads\/2026\/02\/Check.svg\" alt=\"\" width=\"18\" height=\"15\" \/>Optim\u0101la efektivit\u0101te.<\/strong>\u00a0\u0160is ka\u013c\u0137akmens no\u0146em\u0161anas l\u012bdzeklis ir \u012bpa\u0161i izstr\u0101d\u0101ts, lai \u0101tri un efekt\u012bvi likvid\u0113tu ka\u013c\u0137akmens nogulsnes, zobakmens p\u0113das un ciet\u0101 \u016bdens atlikumus, kas veidojas uz mitruma iedarb\u012bbai pak\u013caut\u0101m virsm\u0101m. T\u0101 sp\u0113c\u012bg\u0101 formula bez piep\u016bles iz\u0161\u0137\u012bdina ka\u013c\u0137akmeni, neboj\u0101jot virsmas, nodro\u0161inot nevainojamu virsmu un ilgsto\u0161u sp\u012bdumu. Tas ir ide\u0101li piem\u0113rots ikdienas uztur\u0113\u0161anai un pal\u012bdz nov\u0113rst jaunu nogul\u0161\u0146u veido\u0161anos, nodro\u0161inot t\u012bru un vesel\u012bgu vidi bez nos\u0113dumiem.<\/p>\n<p><strong><img decoding=\"async\" style=\"margin-right: 12px;\" src=\"https:\/\/www.ferberpainting.com\/wp-content\/uploads\/2026\/02\/Check.svg\" alt=\"\" width=\"18\" height=\"15\" \/>Naudas atmaksas garantija.<\/strong>\u00a0M\u0113s esam piln\u012bb\u0101 p\u0101rliecin\u0101ti par m\u016bsu ka\u013c\u0137akmens no\u0146em\u0161anas l\u012bdzek\u013ca efektivit\u0101ti. Ja p\u0113c lieto\u0161anas j\u016bs neesat piln\u012bb\u0101 apmierin\u0101ts ar rezult\u0101tiem, jums ir ties\u012bbas sa\u0146emt pilnu naudas atmaksu. Izm\u0113\u0123iniet m\u016bsu produktu bez riska un viegli atgrieziet sav\u0101m virsm\u0101m to s\u0101kotn\u0113jo sp\u012bdumu.<\/p>\n<p><strong><img decoding=\"async\" style=\"margin-right: 12px;\" src=\"https:\/\/www.ferberpainting.com\/wp-content\/uploads\/2026\/02\/Check.svg\" alt=\"\" width=\"18\" height=\"15\" \/>Izcila daudzpus\u012bba.<\/strong>\u00a0\u0160is t\u012br\u012b\u0161anas l\u012bdzeklis nav paredz\u0113ts tikai vannas istab\u0101m un jauc\u0113jkr\u0101niem! Tas ir efekt\u012bvs ar\u012b du\u0161as sien\u0101m, izlietn\u0113m, vann\u0101m, fl\u012bz\u0113m, spogu\u013ciem, tualet\u0113m, darba virsm\u0101m, kafijas autom\u0101tiem un t\u0113jkann\u0101m. Tas iedarbojas uz da\u017e\u0101diem materi\u0101liem, tostarp stiklu, ner\u016bs\u0113jo\u0161o t\u0113raudu, keramiku, porcel\u0101nu, hromu un plastmasu. Tas ir piem\u0113rots gan sadz\u012bves, gan profesion\u0101lai videi - viesn\u012bc\u0101m, restor\u0101niem, birojiem un vesel\u012bbas apr\u016bpes iest\u0101d\u0113m.<\/p>\n<p><strong><img decoding=\"async\" style=\"margin-right: 12px;\" src=\"https:\/\/www.ferberpainting.com\/wp-content\/uploads\/2026\/02\/Check.svg\" alt=\"\" width=\"18\" height=\"15\" \/>Rentabla veiktsp\u0113ja.<\/strong>\u00a0Pateicoties 5 litru tilpnei un optimiz\u0113tai koncentr\u0101cijai, \u0161is t\u012br\u012b\u0161anas l\u012bdzeklis pied\u0101v\u0101 izcilu v\u0113rt\u012bbu. Pietiek ar nelielu daudzumu, lai izt\u012br\u012btu lielu plat\u012bbu, t\u0101p\u0113c tas ir ekonomisks un efekt\u012bvs. Vid\u0113ji ar vienu litru l\u012bdzek\u013ca var izt\u012br\u012bt l\u012bdz 80 m\u00b2 net\u012bras virsmas, t\u0101d\u0113j\u0101di samazinot pirk\u0161anas bie\u017eumu un optimiz\u0113jot izmanto\u0161anu laika gait\u0101.<\/p>\n<p><strong><img decoding=\"async\" style=\"margin-right: 12px;\" src=\"https:\/\/www.ferberpainting.com\/wp-content\/uploads\/2026\/02\/Check.svg\" alt=\"\" width=\"18\" height=\"15\" \/>Dro\u0161a lieto\u0161ana.<\/strong>\u00a0At\u0161\u0137ir\u012bb\u0101 no tradicion\u0101lajiem ka\u013c\u0137akmens no\u0146em\u0161anas l\u012bdzek\u013ciem, kuru sast\u0101v\u0101 ir skarbu vielu, kas var saboj\u0101t jut\u012bgas virsmas un izdal\u012bt toksiskus izgarojumus, \u0161is l\u012bdzeklis ir izstr\u0101d\u0101ts bez kait\u012bg\u0101m sast\u0101vda\u013c\u0101m. Tas nerada \u0101das kairin\u0101jumu, neboj\u0101 bl\u012bv\u0113jumus vai apdari un, saglab\u0101jot efektivit\u0101ti, saudz\u0113 apstr\u0101d\u0101tos materi\u0101lus. To var dro\u0161i lietot pat sl\u0113gt\u0101s telp\u0101s, un, lietojot atbilsto\u0161i nor\u0101d\u012bjumiem, tas nerada risku videi.<\/p>\n<p><strong><img decoding=\"async\" style=\"margin-right: 12px;\" src=\"https:\/\/www.ferberpainting.com\/wp-content\/uploads\/2026\/02\/Check.svg\" alt=\"\" width=\"18\" height=\"15\" \/>Lieto\u0161anas \u0113rtums.<\/strong>\u00a0\u0160is produkts ir gatavs lieto\u0161anai, un to nav nepiecie\u0161ams at\u0161\u0137aid\u012bt vai sare\u017e\u0123\u012bti apstr\u0101d\u0101t. To uzkl\u0101j tie\u0161i uz virsmas ar s\u016bkli, dr\u0101nu vai izsmidzin\u0101t\u0101ju. T\u0101 \u0101tr\u0101 iedarb\u012bba no\u0146em ka\u013c\u0137akmeni da\u017eu sekun\u017eu laik\u0101, un nav nepiecie\u0161ama intens\u012bva t\u012br\u012b\u0161ana. Vienk\u0101r\u0161i noslaukot, atkl\u0101jas sp\u012bd\u012bga, aizsarg\u0101ta virsma, kas ir notur\u012bga pret \u0101tru ka\u013c\u0137akmens veido\u0161anos.<\/p>\n<p><strong><img decoding=\"async\" style=\"margin-right: 12px;\" src=\"https:\/\/www.ferberpainting.com\/wp-content\/uploads\/2026\/02\/Check.svg\" alt=\"\" width=\"18\" height=\"15\" \/>Papla\u0161in\u0101ta iztur\u012bba.<\/strong>\u00a0Regul\u0101ri likvid\u0113jot ka\u013c\u0137akmeni un nov\u0113r\u0161ot jaunu nogul\u0161\u0146u veido\u0161anos, \u0161is t\u012br\u012b\u0161anas l\u012bdzeklis pal\u012bdz pagarin\u0101t sanit\u0101ro iek\u0101rtu un ier\u012b\u010du kalpo\u0161anas laiku. Tas efekt\u012bvi aizsarg\u0101 kr\u0101nus, du\u0161as sieni\u0146as un ier\u012bces no nos\u0113dumiem un priek\u0161laic\u012bga nolietojuma, samazinot apkopes un remonta izmaksas. Regul\u0101ra lieto\u0161ana nodro\u0161ina, ka iek\u0101rtas saglab\u0101jas teicam\u0101 st\u0101vokl\u012b, un nov\u0113r\u0161 diskomfortu, ko rada notur\u012bgs ka\u013c\u0137akmens.<\/p>\n<p><strong><img decoding=\"async\" style=\"margin-right: 12px;\" src=\"https:\/\/www.ferberpainting.com\/wp-content\/uploads\/2026\/02\/Check.svg\" alt=\"\" width=\"18\" height=\"15\" \/>\u0100tra r\u012bc\u012bba.<\/strong>\u00a0Pateicoties \u012bpa\u0161i akt\u012bvai formulai, \u0161is t\u012br\u012b\u0161anas l\u012bdzeklis nekav\u0113joties iedarbojas uz ka\u013c\u0137akmens un miner\u0101lu atliek\u0101m. Tikai da\u017eu min\u016b\u0161u laik\u0101 tas iz\u0161\u0137\u012bdina traipus un atvieglo to no\u0146em\u0161anu bez lielas piep\u016bles. Tas nodro\u0161ina \u0101tru un efekt\u012bvu t\u012br\u012b\u0161anu - ide\u0101li piem\u0113rots ikdienas lieto\u0161anai virtuv\u0113s, vannas istab\u0101s un cit\u0101s viet\u0101s ar augstu mitruma l\u012bmeni.<\/p>\n<h2><strong>Lieto\u0161anas protokols<\/strong><\/h2>\n<ul>\n<li><strong>Sagatavo\u0161ana <\/strong>: P\u0101rliecinieties, ka virsma ir sausa un uz t\u0101s nav putek\u013cu vai gru\u017eu. Lai nodro\u0161in\u0101tu maksim\u0101lu efektivit\u0101ti, pirms produkta uzkl\u0101\u0161anas no\u0146emiet virspus\u0113jos net\u012brumus.<\/li>\n<li><strong>Manu\u0101la piem\u0113ro\u0161ana <\/strong>: Uz t\u012bras dr\u0101ni\u0146as vai s\u016bk\u013ca uzlejiet nelielu daudzumu t\u012br\u012b\u0161anas l\u012bdzek\u013ca, p\u0113c tam ar ap\u013cveida kust\u012bb\u0101m vienm\u0113r\u012bgi uzkl\u0101jiet, lai l\u012bdzeklis iek\u013c\u016btu un iz\u0161\u0137\u012bdin\u0101tu ka\u013c\u0137akmeni.<\/li>\n<li><strong>Jauc\u0113jkr\u0101ni un du\u0161as sienas <\/strong>: Izsmidziniet tie\u0161i uz skart\u0101s vietas un \u013caujiet iedarboties 30 sekundes l\u012bdz 2 min\u016btes atkar\u012bb\u0101 no nos\u0113dumu smaguma pak\u0101pes. P\u0113c tam noslaukiet ar t\u012bru mitru dr\u0101nu, lai no\u0146emtu iz\u0161\u0137\u012bdu\u0161\u0101s atliekas.<\/li>\n<li><strong>Notur\u012bga ka\u013c\u0137akmens apstr\u0101de <\/strong>: Stipri zv\u012b\u0146ot\u0101m viet\u0101m uzkl\u0101jiet lielu daudzumu l\u012bdzek\u013ca un \u013caujiet tam nost\u0101v\u0113ties l\u012bdz 5 min\u016bt\u0113m, p\u0113c tam noslaukiet ar m\u012bkstu birst\u012bti vai s\u016bkli. R\u016bp\u012bgi noskalojiet ar t\u012bru \u016bdeni un vajadz\u012bbas gad\u012bjum\u0101 atk\u0101rtojiet.<\/li>\n<li><strong>Ier\u012b\u010du apkope <\/strong>: Lai no\u0146emtu ka\u013c\u0137akmeni no t\u0113jkannas vai kafijas autom\u0101ta, piepildiet tvertni ar 50% t\u012br\u012b\u0161anas l\u012bdzek\u013ca un 50% \u016bdens \u0161\u0137\u012bdumu. \u013baujiet tam nost\u0101v\u0113ties 10 min\u016btes, p\u0113c tam r\u016bp\u012bgi noskalojiet ar t\u012bru \u016bdeni, pirms atkal lietojat ier\u012bci.<\/li>\n<li><strong>Tualetes un izlietnes <\/strong>: Uzkl\u0101jiet l\u012bdzekli tie\u0161i uz trauka vai izlietnes, \u013caujiet da\u017eas min\u016btes nost\u0101v\u0113ties, p\u0113c tam noslaukiet ar suku vai s\u016bkli un noskalojiet ar t\u012bru \u016bdeni.<\/li>\n<li><strong>Pul\u0113\u0161ana un aizsardz\u012bba <\/strong>: Noslaukiet ar t\u012bru, m\u012bkstu dr\u0101nu, lai atkl\u0101tu sp\u012bd\u012bgu virsmu un samazin\u0101tu jaunu \u016bdens traipu veido\u0161anos. Regul\u0101ra lieto\u0161ana pal\u012bdz ierobe\u017eot uzkr\u0101\u0161anos un saglab\u0101t ilgsto\u0161u virsmas sp\u012bdumu.<\/li>\n<li><strong>Lieto\u0161anas bie\u017eums <\/strong>: Lietojiet vienu vai divas reizes ned\u0113\u013c\u0101, lai veiktu regul\u0101ru apkopi un nov\u0113rstu ka\u013c\u0137akmens veido\u0161anos. Lai nodro\u0161in\u0101tu optim\u0101lu aizsardz\u012bbu, viet\u0101s ar augstu iedarb\u012bbu var b\u016bt ieteicama bie\u017e\u0101ka lieto\u0161ana.<\/li>\n<li><strong>Uzglab\u0101\u0161ana <\/strong>: P\u0113c katras lieto\u0161anas reizes cie\u0161i aiztaisiet kanni\u0146u un uzglab\u0101jiet to v\u0113s\u0101, saus\u0101 viet\u0101, pasarg\u0101jot no gaismas un p\u0101rm\u0113r\u012bgas temperat\u016bras, lai saglab\u0101tu ilgsto\u0161u produkta efektivit\u0101ti.<\/li>\n<\/ul>\n<p>Izmantojot m\u016bsu ka\u013c\u0137akmens no\u0146em\u0161anas l\u012bdzekli, izbaudiet optim\u0101lu un vieglu apkopi, vienlaikus saglab\u0101jot virsmu sp\u012bdumu un t\u012br\u012bbu. Ide\u0101ls risin\u0101jums nevainojamam interjeram bez zobakmens, ka\u013c\u0137akmens un ciet\u0101 \u016bdens traipiem, kas nodro\u0161ina svaigu un pat\u012bkamu ikdienas vidi.<\/p>","protected":false},"excerpt":{"rendered":"<p>Optimal Efficiency.\u00a0This limescale remover is specially formulated to quickly and effectively eliminate limescale deposits, tartar marks, and hard water residues that build up on moisture-exposed surfaces. Its powerful formula dissolves limescale effortlessly without damaging surfaces, ensuring a spotless finish and lasting shine. It is ideal for daily maintenance and helps prevent new build-up, ensuring a [&hellip;]<\/p>\n","protected":false},"featured_media":36199,"comment_status":"open","ping_status":"closed","template":"","meta":{"_uag_custom_page_level_css":"","site-sidebar-layout":"default","site-content-layout":"","ast-site-content-layout":"default","site-content-style":"default","site-sidebar-style":"default","ast-global-header-display":"","ast-banner-title-visibility":"","ast-main-header-display":"","ast-hfb-above-header-display":"","ast-hfb-below-header-display":"","ast-hfb-mobile-header-display":"","site-post-title":"","ast-breadcrumbs-content":"","ast-featured-img":"","footer-sml-layout":"","ast-disable-related-posts":"","theme-transparent-header-meta":"default","adv-header-id-meta":"","stick-header-meta":"","header-above-stick-meta":"","header-main-stick-meta":"","header-below-stick-meta":"","astra-migrate-meta-layouts":"set","ast-page-background-enabled":"default","ast-page-background-meta":{"desktop":{"background-color":"var(--ast-global-color-4)","background-image":"","background-repeat":"repeat","background-position":"center center","background-size":"auto","background-attachment":"scroll","background-type":"","background-media":"","overlay-type":"","overlay-color":"","overlay-opacity":"","overlay-gradient":""},"tablet":{"background-color":"","background-image":"","background-repeat":"repeat","background-position":"center center","background-size":"auto","background-attachment":"scroll","background-type":"","background-media":"","overlay-type":"","overlay-color":"","overlay-opacity":"","overlay-gradient":""},"mobile":{"background-color":"","background-image":"","background-repeat":"repeat","background-position":"center center","background-size":"auto","background-attachment":"scroll","background-type":"","background-media":"","overlay-type":"","overlay-color":"","overlay-opacity":"","overlay-gradient":""}},"ast-content-background-meta":{"desktop":{"background-color":"var(--ast-global-color-5)","background-image":"","background-repeat":"repeat","background-position":"center center","background-size":"auto","background-attachment":"scroll","background-type":"","background-media":"","overlay-type":"","overlay-color":"","overlay-opacity":"","overlay-gradient":""},"tablet":{"background-color":"var(--ast-global-color-5)","background-image":"","background-repeat":"repeat","background-position":"center center","background-size":"auto","background-attachment":"scroll","background-type":"","background-media":"","overlay-type":"","overlay-color":"","overlay-opacity":"","overlay-gradient":""},"mobile":{"background-color":"var(--ast-global-color-5)","background-image":"","background-repeat":"repeat","background-position":"center center","background-size":"auto","background-attachment":"scroll","background-type":"","background-media":"","overlay-type":"","overlay-color":"","overlay-opacity":"","overlay-gradient":""}}},"product_brand":[],"product_cat":[175],"product_tag":[],"class_list":{"0":"post-23793","1":"product","2":"type-product","3":"status-publish","4":"has-post-thumbnail","6":"product_cat-cleaning-products","7":"desktop-align-left","8":"tablet-align-left","9":"mobile-align-left","11":"first","12":"instock","13":"sale","14":"taxable","15":"shipping-taxable","16":"purchasable","17":"product-type-variable","18":"has-default-attributes"},"spectra_custom_meta":{"_visibility":["visible"],"_shopify_product_id":["9106495570165"],"_s2w_shopify_domain":["ferberpainting.myshopify.com"],"_shopify_variant_id":["46626194456821"],"_sku":[""],"_manage_stock":["no"],"total_sales":["15"],"_tax_status":["taxable"],"_tax_class":[""],"_backorders":["no"],"_sold_individually":["no"],"_virtual":["no"],"_downloadable":["no"],"_download_limit":["-1"],"_download_expiry":["-1"],"_stock":[null],"_stock_status":["instock"],"_wc_average_rating":["5.00"],"_wc_review_count":["10"],"_product_attributes":["a:1:{s:6:\"volume\";a:6:{s:4:\"name\";s:6:\"Volume\";s:5:\"value\";s:20:\"5 liters | 25 liters\";s:8:\"position\";i:1;s:10:\"is_visible\";i:0;s:12:\"is_variation\";i:1;s:11:\"is_taxonomy\";i:0;}}"],"_product_version":["10.5.1"],"wpse_downloadable_file_names":[""],"wpse_downloadable_file_urls":[""],"_edit_last":["1"],"_default_attributes":["a:1:{s:6:\"volume\";s:8:\"5 liters\";}"],"_edit_lock":["1771184337:1"],"_price":["29.90","129.90"],"merchant-center-availability":["yes"],"merchant-center-category":["500065"],"_thumbnail_id":["36199"],"_wp_page_template":["default"],"_wp_old_date":["2025-05-26"],"_product_image_gallery":["36200"],"site-sidebar-layout":["default"],"ast-site-content-layout":["default"],"site-content-style":["default"],"site-sidebar-style":["default"],"theme-transparent-header-meta":["default"],"_wc_rating_count":["a:1:{i:5;i:10;}"],"astra-migrate-meta-layouts":["set"],"_uag_css_file_name":["uag-css-23793.css"],"_elementor_page_assets":["a:0:{}"],"_uag_page_assets":["a:9:{s:3:\"css\";s:7133:\".uag-blocks-common-selector{z-index:var(--z-index-desktop) !important}@media(max-width: 976px){.uag-blocks-common-selector{z-index:var(--z-index-tablet) !important}}@media(max-width: 767px){.uag-blocks-common-selector{z-index:var(--z-index-mobile) !important}}.wp-block-uagb-image{display:flex}.wp-block-uagb-image__figure{position:relative;display:flex;flex-direction:column;max-width:100%;height:auto;margin:0}.wp-block-uagb-image__figure img{height:auto;display:flex;max-width:100%;transition:box-shadow .2s ease}.wp-block-uagb-image__figure>a{display:inline-block}.wp-block-uagb-image__figure figcaption{text-align:center;margin-top:.5em;margin-bottom:1em}.wp-block-uagb-image .components-placeholder.block-editor-media-placeholder .components-placeholder__instructions{align-self:center}.wp-block-uagb-image--align-left{text-align:left}.wp-block-uagb-image--align-right{text-align:right}.wp-block-uagb-image--align-center{text-align:center}.wp-block-uagb-image--align-full .wp-block-uagb-image__figure{margin-left:calc(50% - 50vw);margin-right:calc(50% - 50vw);max-width:100vw;width:100vw;height:auto}.wp-block-uagb-image--align-full .wp-block-uagb-image__figure img{height:auto;width:100% !important}.wp-block-uagb-image--align-wide .wp-block-uagb-image__figure img{height:auto;width:100%}.wp-block-uagb-image--layout-overlay__color-wrapper{position:absolute;left:0;top:0;right:0;bottom:0;opacity:.2;background:rgba(0,0,0,.5);transition:opacity .35s ease-in-out}.wp-block-uagb-image--layout-overlay-link{position:absolute;left:0;right:0;bottom:0;top:0}.wp-block-uagb-image--layout-overlay .wp-block-uagb-image__figure:hover .wp-block-uagb-image--layout-overlay__color-wrapper{opacity:1}.wp-block-uagb-image--layout-overlay__inner{position:absolute;left:15px;right:15px;bottom:15px;top:15px;display:flex;align-items:center;justify-content:center;flex-direction:column;border-color:#fff;transition:.35s ease-in-out}.wp-block-uagb-image--layout-overlay__inner.top-left,.wp-block-uagb-image--layout-overlay__inner.top-center,.wp-block-uagb-image--layout-overlay__inner.top-right{justify-content:flex-start}.wp-block-uagb-image--layout-overlay__inner.bottom-left,.wp-block-uagb-image--layout-overlay__inner.bottom-center,.wp-block-uagb-image--layout-overlay__inner.bottom-right{justify-content:flex-end}.wp-block-uagb-image--layout-overlay__inner.top-left,.wp-block-uagb-image--layout-overlay__inner.center-left,.wp-block-uagb-image--layout-overlay__inner.bottom-left{align-items:flex-start}.wp-block-uagb-image--layout-overlay__inner.top-right,.wp-block-uagb-image--layout-overlay__inner.center-right,.wp-block-uagb-image--layout-overlay__inner.bottom-right{align-items:flex-end}.wp-block-uagb-image--layout-overlay__inner .uagb-image-heading{color:#fff;transition:transform .35s,opacity .35s ease-in-out;transform:translate3d(0, 24px, 0);margin:0;line-height:1em}.wp-block-uagb-image--layout-overlay__inner .uagb-image-separator{width:30%;border-top-width:2px;border-top-color:#fff;border-top-style:solid;margin-bottom:10px;opacity:0;transition:transform .4s,opacity .4s ease-in-out;transform:translate3d(0, 30px, 0)}.wp-block-uagb-image--layout-overlay__inner .uagb-image-caption{opacity:0;overflow:visible;color:#fff;transition:transform .45s,opacity .45s ease-in-out;transform:translate3d(0, 35px, 0)}.wp-block-uagb-image--layout-overlay__inner:hover .uagb-image-heading,.wp-block-uagb-image--layout-overlay__inner:hover .uagb-image-separator,.wp-block-uagb-image--layout-overlay__inner:hover .uagb-image-caption{opacity:1;transform:translate3d(0, 0, 0)}.wp-block-uagb-image--effect-zoomin .wp-block-uagb-image__figure img,.wp-block-uagb-image--effect-zoomin .wp-block-uagb-image__figure .wp-block-uagb-image--layout-overlay__color-wrapper{transform:scale(1);transition:transform .35s ease-in-out}.wp-block-uagb-image--effect-zoomin .wp-block-uagb-image__figure:hover img,.wp-block-uagb-image--effect-zoomin .wp-block-uagb-image__figure:hover .wp-block-uagb-image--layout-overlay__color-wrapper{transform:scale(1.05)}.wp-block-uagb-image--effect-slide .wp-block-uagb-image__figure img,.wp-block-uagb-image--effect-slide .wp-block-uagb-image__figure .wp-block-uagb-image--layout-overlay__color-wrapper{width:calc(100% + 40px) !important;max-width:none !important;transform:translate3d(-40px, 0, 0);transition:transform .35s ease-in-out}.wp-block-uagb-image--effect-slide .wp-block-uagb-image__figure:hover img,.wp-block-uagb-image--effect-slide .wp-block-uagb-image__figure:hover .wp-block-uagb-image--layout-overlay__color-wrapper{transform:translate3d(0, 0, 0)}.wp-block-uagb-image--effect-grayscale img{filter:grayscale(0%);transition:.35s ease-in-out}.wp-block-uagb-image--effect-grayscale:hover img{filter:grayscale(100%)}.wp-block-uagb-image--effect-blur img{filter:blur(0);transition:.35s ease-in-out}.wp-block-uagb-image--effect-blur:hover img{filter:blur(3px)}.uagb-block-e6f939b3.wp-block-uagb-image--layout-default figure img{box-shadow: 0px 0px 0 #00000070;}.uagb-block-e6f939b3.wp-block-uagb-image .wp-block-uagb-image__figure figcaption{font-style: normal;align-self: center;}.uagb-block-e6f939b3.wp-block-uagb-image--layout-overlay figure img{box-shadow: 0px 0px 0 #00000070;}.uagb-block-e6f939b3.wp-block-uagb-image--layout-overlay .wp-block-uagb-image--layout-overlay__color-wrapper{opacity: 0.2;}.uagb-block-e6f939b3.wp-block-uagb-image--layout-overlay .wp-block-uagb-image--layout-overlay__inner{left: 15px;right: 15px;top: 15px;bottom: 15px;}.uagb-block-e6f939b3.wp-block-uagb-image--layout-overlay .wp-block-uagb-image--layout-overlay__inner .uagb-image-heading{font-style: normal;color: #fff;opacity: 1;}.uagb-block-e6f939b3.wp-block-uagb-image--layout-overlay .wp-block-uagb-image--layout-overlay__inner .uagb-image-heading a{color: #fff;}.uagb-block-e6f939b3.wp-block-uagb-image--layout-overlay .wp-block-uagb-image--layout-overlay__inner .uagb-image-caption{opacity: 0;}.uagb-block-e6f939b3.wp-block-uagb-image--layout-overlay .wp-block-uagb-image__figure:hover .wp-block-uagb-image--layout-overlay__color-wrapper{opacity: 1;}.uagb-block-e6f939b3.wp-block-uagb-image .wp-block-uagb-image--layout-overlay__inner .uagb-image-separator{width: 30%;border-top-width: 2px;border-top-color: #fff;opacity: 0;}.uagb-block-e6f939b3.wp-block-uagb-image .wp-block-uagb-image__figure img{width: px;height: auto;}.uagb-block-e6f939b3.wp-block-uagb-image .wp-block-uagb-image__figure:hover .wp-block-uagb-image--layout-overlay__inner .uagb-image-caption{opacity: 1;}.uagb-block-e6f939b3.wp-block-uagb-image .wp-block-uagb-image__figure:hover .wp-block-uagb-image--layout-overlay__inner .uagb-image-separator{opacity: 1;}.uagb-block-e6f939b3.wp-block-uagb-image--layout-default figure:hover img{box-shadow: 0px 0px 0 #00000070;}.uagb-block-e6f939b3.wp-block-uagb-image--layout-overlay figure:hover img{box-shadow: 0px 0px 0 #00000070;}@media only screen and (max-width: 976px) {.uagb-block-e6f939b3.wp-block-uagb-image .wp-block-uagb-image__figure img{width: px;height: auto;}}@media only screen and (max-width: 767px) {.uagb-block-e6f939b3.wp-block-uagb-image .wp-block-uagb-image__figure img{width: px;height: auto;}}\";s:2:\"js\";s:0:\"\";s:18:\"current_block_list\";a:13:{i:0;s:11:\"core\/search\";i:1;s:10:\"core\/group\";i:2;s:12:\"core\/heading\";i:3;s:17:\"core\/latest-posts\";i:4;s:20:\"core\/latest-comments\";i:5;s:13:\"core\/archives\";i:6;s:15:\"core\/categories\";i:7;s:14:\"core\/paragraph\";i:8;s:10:\"uagb\/image\";i:9;s:11:\"core\/spacer\";i:10;s:30:\"woocommerce\/product-categories\";i:11;s:10:\"core\/image\";i:12;s:14:\"core\/shortcode\";}s:8:\"uag_flag\";b:1;s:11:\"uag_version\";s:10:\"1777228728\";s:6:\"gfonts\";a:0:{}s:10:\"gfonts_url\";s:0:\"\";s:12:\"gfonts_files\";a:0:{}s:14:\"uag_faq_layout\";b:0;}"]},"uagb_featured_image_src":{"full":["https:\/\/www.ferberpainting.com\/wp-content\/uploads\/2025\/05\/Limescale-Remover-5L.png",2560,2560,false],"thumbnail":["https:\/\/www.ferberpainting.com\/wp-content\/uploads\/2025\/05\/Limescale-Remover-5L-150x150.png",150,150,true],"medium":["https:\/\/www.ferberpainting.com\/wp-content\/uploads\/2025\/05\/Limescale-Remover-5L-300x300.png",300,300,true],"medium_large":["https:\/\/www.ferberpainting.com\/wp-content\/uploads\/2025\/05\/Limescale-Remover-5L-768x768.png",768,768,true],"large":["https:\/\/www.ferberpainting.com\/wp-content\/uploads\/2025\/05\/Limescale-Remover-5L-1024x1024.png",1024,1024,true],"1536x1536":["https:\/\/www.ferberpainting.com\/wp-content\/uploads\/2025\/05\/Limescale-Remover-5L-1536x1536.png",1536,1536,true],"2048x2048":["https:\/\/www.ferberpainting.com\/wp-content\/uploads\/2025\/05\/Limescale-Remover-5L-2048x2048.png",2048,2048,true],"trp-custom-language-flag":["https:\/\/www.ferberpainting.com\/wp-content\/uploads\/2025\/05\/Limescale-Remover-5L-12x12.png",12,12,true],"woocommerce_thumbnail":["https:\/\/www.ferberpainting.com\/wp-content\/uploads\/2025\/05\/Limescale-Remover-5L-300x300.png",300,300,true],"woocommerce_single":["https:\/\/www.ferberpainting.com\/wp-content\/uploads\/2025\/05\/Limescale-Remover-5L-600x600.png",600,600,true],"woocommerce_gallery_thumbnail":["https:\/\/www.ferberpainting.com\/wp-content\/uploads\/2025\/05\/Limescale-Remover-5L-100x100.png",100,100,true]},"uagb_author_info":{"display_name":"admin","author_link":"https:\/\/www.ferberpainting.com\/lv\/author\/"},"uagb_comment_info":10,"uagb_excerpt":"Optimal Efficiency.\u00a0This limescale remover is specially formulated to quickly and effectively eliminate limescale deposits, tartar marks, and hard water residues that build up on moisture-exposed surfaces. Its powerful formula dissolves limescale effortlessly without damaging surfaces, ensuring a spotless finish and lasting shine. It is ideal for daily maintenance and helps prevent new build-up, ensuring a&hellip;","_links":{"self":[{"href":"https:\/\/www.ferberpainting.com\/lv\/wp-json\/wp\/v2\/product\/23793","targetHints":{"allow":["GET"]}}],"collection":[{"href":"https:\/\/www.ferberpainting.com\/lv\/wp-json\/wp\/v2\/product"}],"about":[{"href":"https:\/\/www.ferberpainting.com\/lv\/wp-json\/wp\/v2\/types\/product"}],"replies":[{"embeddable":true,"href":"https:\/\/www.ferberpainting.com\/lv\/wp-json\/wp\/v2\/comments?post=23793"}],"version-history":[{"count":3,"href":"https:\/\/www.ferberpainting.com\/lv\/wp-json\/wp\/v2\/product\/23793\/revisions"}],"predecessor-version":[{"id":166476,"href":"https:\/\/www.ferberpainting.com\/lv\/wp-json\/wp\/v2\/product\/23793\/revisions\/166476"}],"wp:featuredmedia":[{"embeddable":true,"href":"https:\/\/www.ferberpainting.com\/lv\/wp-json\/wp\/v2\/media\/36199"}],"wp:attachment":[{"href":"https:\/\/www.ferberpainting.com\/lv\/wp-json\/wp\/v2\/media?parent=23793"}],"wp:term":[{"taxonomy":"product_brand","embeddable":true,"href":"https:\/\/www.ferberpainting.com\/lv\/wp-json\/wp\/v2\/product_brand?post=23793"},{"taxonomy":"product_cat","embeddable":true,"href":"https:\/\/www.ferberpainting.com\/lv\/wp-json\/wp\/v2\/product_cat?post=23793"},{"taxonomy":"product_tag","embeddable":true,"href":"https:\/\/www.ferberpainting.com\/lv\/wp-json\/wp\/v2\/product_tag?post=23793"}],"curies":[{"name":"wp","href":"https:\/\/api.w.org\/{rel}","templated":true}]}}