{"id":23778,"date":"2025-05-26T10:25:28","date_gmt":"2025-05-26T08:25:28","guid":{"rendered":"https:\/\/www.ferberpainting.com\/products\/lavender-and-rosemary-fertilizer\/"},"modified":"2026-02-15T20:23:15","modified_gmt":"2026-02-15T19:23:15","slug":"lavender-and-rosemary-fertilizer","status":"publish","type":"product","link":"https:\/\/www.ferberpainting.com\/lv\/products\/lavender-and-rosemary-fertilizer\/","title":{"rendered":"Lavandas un rozmar\u012bna m\u0113slojums"},"content":{"rendered":"<p><strong><img decoding=\"async\" style=\"margin-right: 12px;\" src=\"https:\/\/www.ferberpainting.com\/wp-content\/uploads\/2026\/02\/Check.svg\" alt=\"\" width=\"18\" height=\"15\" \/>M\u0113slojums, kas paredz\u0113ts arom\u0101tisko augu aug\u0161anas un zied\u0113\u0161anas veicin\u0101\u0161anai.<\/strong>\u00a0Lavanda un rozmar\u012bns ir Vidusj\u016bras augi, kurus nov\u0113rt\u0113 to smar\u017eas, bag\u0101t\u012bg\u0101s zied\u0113\u0161anas un notur\u012bg\u0101s za\u013c\u0101s lapas d\u0113\u013c. Lai nodro\u0161in\u0101tu to optim\u0101lu att\u012bst\u012bbu un intens\u012bvu \u0113terisko e\u013c\u013cu ra\u017eo\u0161anu, tiem nepiecie\u0161ama sabalans\u0113ta bar\u012bbas deva. \u0160is NPK 15-15-15 m\u0113slojums nodro\u0161ina pilnv\u0113rt\u012bgu m\u0113slo\u0161anu, pieg\u0101d\u0101jot sl\u0101pekli (N), kas nepiecie\u0161ams bl\u012bvas un iztur\u012bgas lapas, fosforu (P), kas veicina dzi\u013cu sak\u0146o\u0161anos un ziedu veido\u0161anos, un k\u0101liju (K), kas uzlabo iztur\u012bbu pret slim\u012bb\u0101m un iztur\u012bbu pret \u0101rk\u0101rt\u0113ja sausuma apst\u0101k\u013ciem. Pateicoties \u0161im m\u0113slojumam, j\u016bsu lavandas un rozmar\u012bna augi b\u016bs sp\u0113c\u012bg\u0101ki, zied\u012bg\u0101ki un smar\u017e\u012bg\u0101ki.<\/p>\n<p><strong><img decoding=\"async\" style=\"margin-right: 12px;\" src=\"https:\/\/www.ferberpainting.com\/wp-content\/uploads\/2026\/02\/Check.svg\" alt=\"\" width=\"18\" height=\"15\" \/>Naudas atmaksas garantija.<\/strong>\u00a0M\u0113s esam piln\u012bgi p\u0101rliecin\u0101ti par m\u016bsu lavandas un rozmar\u012bna m\u0113slojuma kvalit\u0101ti un efektivit\u0101ti, t\u0101p\u0113c pied\u0101v\u0101jam jums naudas atmaksas garantiju. Ja p\u0113c pareizas lieto\u0161anas atbilsto\u0161i ieteikumiem j\u016bsu augs neuzlabosies, neuzlabosies aug\u0161ana, zied\u0113\u0161ana vai iztur\u012bba pret slim\u012bb\u0101m, m\u0113s apsol\u0101m jums piln\u012bb\u0101 atmaks\u0101t naudu.<\/p>\n<p><strong><img decoding=\"async\" style=\"margin-right: 12px;\" src=\"https:\/\/www.ferberpainting.com\/wp-content\/uploads\/2026\/02\/Check.svg\" alt=\"\" width=\"18\" height=\"15\" \/>Piem\u0113rots vis\u0101m \u0161\u0137irn\u0113m un audz\u0113\u0161anas apst\u0101k\u013ciem.<\/strong>\u00a0\u0160is m\u0113slojums ir piem\u0113rots visu veidu lavand\u0101m un rozmar\u012bniem, neatkar\u012bgi no t\u0101, vai tie tiek audz\u0113ti zem\u0113, podos vai st\u0101dos, t\u0101d\u0113j\u0101di nodro\u0161inot optim\u0101lu m\u0113slo\u0161anu vis\u0101s vid\u0113s. Tas iedarbojas uz visiem augsnes tipiem - smil\u0161ainu, ka\u013c\u0137ainu, o\u013cainu vai nedaudz m\u0101lainu, uzlabojot augsnes strukt\u016bru un atvieglojot bar\u012bbas vielu uzs\u016bk\u0161anos sakn\u0113s. Neatkar\u012bgi no t\u0101, vai audz\u0113jat \u012bsto lavandu, lavandu smaili vai da\u017e\u0101das rozmar\u012bna \u0161\u0137irnes, \u0161is m\u0113slojums nodro\u0161ina sp\u0113c\u012bgu aug\u0161anu un bag\u0101t\u012bgu zied\u0113\u0161anu.<\/p>\n<p><strong><img decoding=\"async\" style=\"margin-right: 12px;\" src=\"https:\/\/www.ferberpainting.com\/wp-content\/uploads\/2026\/02\/Check.svg\" alt=\"\" width=\"18\" height=\"15\" \/>Rentabla un ilgsto\u0161a m\u0113slo\u0161anas efektivit\u0101te.<\/strong>\u00a0Pateicoties t\u0101 koncentr\u0113tajai \u0161\u0137idruma formulai, 5 litru kann\u0101 var pagatavot l\u012bdz pat 1000 litriem \u0161\u0137idr\u0101 m\u0113slo\u0161anas l\u012bdzek\u013ca \u0161\u0137\u012bduma, kas garant\u0113 ilgsto\u0161u un ekonomisku lieto\u0161anu. Ar prec\u012bzu devu 5 ml uz litru \u016bdens tas nodro\u0161ina optim\u0101lu bar\u012bbas vielu ievadi, pal\u012bdzot izvair\u012bties no to tr\u016bkuma un vienlaikus samazinot izskalo\u0161an\u0101s zudumus. \u0160is augstais ra\u017e\u012bgums padara to par ide\u0101lu risin\u0101jumu lielu plat\u012bbu m\u0113slo\u0161anai, nepalielinot izmaksas.<\/p>\n<p><strong><img decoding=\"async\" style=\"margin-right: 12px;\" src=\"https:\/\/www.ferberpainting.com\/wp-content\/uploads\/2026\/02\/Check.svg\" alt=\"\" width=\"18\" height=\"15\" \/>Dro\u0161s m\u0113slojums un saudz\u012bga attieksme pret vidi.<\/strong>\u00a0\u0160is m\u0113slojums ir veidots t\u0101, lai iev\u0113rotu augsnes un apk\u0101rt\u0113j\u0101s ekosist\u0113mas dabisko l\u012bdzsvaru, un nesatur kait\u012bgus \u0137\u012bmiskus produktus, kas var\u0113tu main\u012bt augsnes biolo\u0123isko daudzveid\u012bbu vai kait\u0113t apputeksn\u0113t\u0101jiem, piem\u0113ram, bit\u0113m un tauri\u0146iem. Tas ir ar\u012b dro\u0161s m\u0101jdz\u012bvniekiem un b\u0113rniem, t\u0101d\u0113j\u0101di nodro\u0161inot piln\u012bgi dro\u0161u m\u0113slo\u0161anu j\u016bsu d\u0101rz\u0101, teras\u0113 vai \u0101ra teritorij\u0101.<\/p>\n<p><strong><img decoding=\"async\" style=\"margin-right: 12px;\" src=\"https:\/\/www.ferberpainting.com\/wp-content\/uploads\/2026\/02\/Check.svg\" alt=\"\" width=\"18\" height=\"15\" \/>Viegla lieto\u0161ana un viegla m\u0113slo\u0161ana.<\/strong>\u00a0At\u0161\u0137ir\u012bb\u0101 no cietajiem m\u0113slo\u0161anas l\u012bdzek\u013ciem, kas prasa r\u016bp\u012bgu un da\u017ek\u0101rt neregul\u0101ru izklied\u0113\u0161anu, \u0161ie m\u0113slo\u0161anas l\u012bdzek\u013ci uzreiz iz\u0161\u0137\u012bst \u016bden\u012b un tiek izklied\u0113ti ar laist\u012b\u0161anu vai izsmidzin\u0101\u0161anu, nodro\u0161inot \u0101tru un efekt\u012bvu bar\u012bbas vielu uzs\u016bk\u0161anos. T\u0101 vienk\u0101r\u0161ais un \u0101trais lieto\u0161anas re\u017e\u012bms \u013cauj veikt optim\u0101lu m\u0113slo\u0161anu bez piep\u016bles, un tas ir piem\u0113rots gan d\u0101rzkopjiem amatieriem, gan profesion\u0101\u013ciem.<\/p>\n<p><strong><img decoding=\"async\" style=\"margin-right: 12px;\" src=\"https:\/\/www.ferberpainting.com\/wp-content\/uploads\/2026\/02\/Check.svg\" alt=\"\" width=\"18\" height=\"15\" \/>Ilg\u0101ka zied\u0113\u0161ana un liel\u0101ka notur\u012bba pret klimata stresu.<\/strong>\u00a0Pateicoties pak\u0101peniskai bar\u012bbas vielu izdal\u012b\u0161anai, \u0161is m\u0113slojums baro lavandu un rozmar\u012bnu vair\u0101kas ned\u0113\u013cas, nodro\u0161inot nep\u0101rtrauktu aug\u0161anu un ilgsto\u0161u zied\u0113\u0161anu. Tas ar\u012b pal\u012bdz stiprin\u0101t augu iztur\u012bbu pret slim\u012bb\u0101m, kait\u0113k\u013ciem un sare\u017e\u0123\u012btiem klimatiskajiem apst\u0101k\u013ciem, piem\u0113ram, sausumu un aukstumu.<\/p>\n<p><strong><img decoding=\"async\" style=\"margin-right: 12px;\" src=\"https:\/\/www.ferberpainting.com\/wp-content\/uploads\/2026\/02\/Check.svg\" alt=\"\" width=\"18\" height=\"15\" \/>Redzami rezult\u0101ti jau p\u0113c pirmajiem lieto\u0161anas reiz\u0113m.<\/strong>\u00a0Jau p\u0113c pirmajiem m\u0113slo\u0161anas reiz\u0113m \u0161is m\u0113slojums stimul\u0113 jaunu dzinumu veido\u0161anos, uzlabo dzinumu bl\u012bvumu un izce\u013c ziedu kr\u0101su. Jau p\u0113c da\u017e\u0101m ned\u0113\u013c\u0101m j\u016bsu lavandas un rozmar\u012bna augi b\u016bs ar bl\u012bv\u0101ku lapotni, bag\u0101t\u012bg\u0101ku zied\u0113\u0161anu un intens\u012bv\u0101ku smar\u017eu, kas izdai\u013cos j\u016bsu d\u0101rzu, balkonu vai terasi ar ilgnotur\u012bg\u0101m ziedu smar\u017e\u0101m.<\/p>\n<h2>Instrukcijas<\/h2>\n<p><strong>M\u0113slojuma at\u0161\u0137aid\u012b\u0161ana <\/strong>: Uz 1 litru \u016bdens samaisiet 5 ml m\u0113slojuma. Pirms katras lieto\u0161anas reizes \u0161\u0137\u012bdumu labi sakratiet, lai nodro\u0161in\u0101tu vienm\u0113r\u012bgu bar\u012bbas vielu sadal\u012bjumu.<\/p>\n<p><strong>Piem\u0113ro\u0161anas metode <\/strong>:<\/p>\n<ul>\n<li><strong>Ar laist\u012b\u0161anu <\/strong>: At\u0161\u0137aid\u012bto \u0161\u0137\u012bdumu ielejiet tie\u0161i pie augu pamatnes, p\u0101rliecinoties, ka augsne nav p\u0101rlieku samitrin\u0101ta, lai izvair\u012btos no bar\u012bbas vielu nopl\u016bdes.<\/li>\n<li><strong>Smidzin\u0101\u0161ana uz lap\u0101m (p\u0113c izv\u0113les) <\/strong>: Viegli izsmidziniet \u0161\u0137\u012bdumu uz lap\u0101m agri no r\u012bta vai dienas beig\u0101s, lai maksim\u0101li palielin\u0101tu absorbciju bez p\u0101rm\u0113r\u012bga iztvaiko\u0161anas riska.<\/li>\n<\/ul>\n<p><strong>Lieto\u0161anas bie\u017eums <\/strong>:<\/p>\n<ul>\n<li><strong>Aug\u0161anas un zied\u0113\u0161anas laik\u0101 (pavasar\u012b-vasar\u0101) <\/strong>: M\u0113slojumu lietojiet ik p\u0113c div\u0101m ned\u0113\u013c\u0101m, lai nodro\u0161in\u0101tu sp\u0113c\u012bgu aug\u0161anu un nep\u0101rtrauktu zied\u0113\u0161anu.<\/li>\n<li><strong>Miega period\u0101 (rudens-ziemas period\u0101) <\/strong>: Samaziniet bie\u017eumu l\u012bdz vienai reizei m\u0113nes\u012b, lai uztur\u0113tu augu dz\u012bvotsp\u0113ju, nestimul\u0113jot p\u0101rm\u0113r\u012bgu aug\u0161anu.<\/li>\n<\/ul>\n<p><strong>Papildu laist\u012b\u0161ana <\/strong>: P\u0113c m\u0113slojuma lieto\u0161anas pirms atk\u0101rtotas laist\u012b\u0161anas pagaidiet 48 stundas, lai optimiz\u0113tu bar\u012bbas vielu uzs\u016bk\u0161anos sakn\u0113s.<\/p>\n<p><strong>Lieto\u0161anas piesardz\u012bbas pas\u0101kumi <\/strong>: Nep\u0101rsniedziet ieteikt\u0101s devas, lai izvair\u012btos no p\u0101rm\u0113r\u012bgas miner\u0101ls\u0101\u013cu uzkr\u0101\u0161an\u0101s augsn\u0113, kas var\u0113tu pal\u0113nin\u0101t lavandas un rozmar\u012bna aug\u0161anu. Lietojiet tikai uz nedaudz mitras augsnes, lai nodro\u0161in\u0101tu optim\u0101lu bar\u012bbas vielu asimil\u0101ciju.<\/p>\n<p><strong>Uzglab\u0101\u0161ana un konserv\u0113\u0161ana <\/strong>: Uzglab\u0101t m\u0113slojumu saus\u0101 un m\u0113ren\u0101 viet\u0101, prom no gaismas un mitruma. P\u0113c katras lieto\u0161anas reizes kanni\u0146u atk\u0101rtoti aiztaisiet, lai saglab\u0101tu produkta efektivit\u0101ti un nov\u0113rstu iztvaiko\u0161anu.<\/p>\n<p>Ar \u0161o lavandas un rozmar\u012bna m\u0113slojumu nodro\u0161in\u0101siet augiem pilnv\u0113rt\u012bgu, to \u012bpa\u0161aj\u0101m vajadz\u012bb\u0101m ide\u0101li piem\u0113rotu uzturu, kas garant\u0113s sp\u0113c\u012bgu aug\u0161anu, spilgtu zied\u0113\u0161anu un intens\u012bvu smar\u017eu. Tas ir ide\u0101ls risin\u0101jums, lai izdai\u013cotu savu d\u0101rzu, terasi vai balkonu ar vesel\u012bgiem Vidusj\u016bras augiem visa gada garum\u0101.<\/p>","protected":false},"excerpt":{"rendered":"<p>A fertilizer designed to promote the growth and flowering of aromatic plants.\u00a0Lavender and rosemary are Mediterranean plants appreciated for their fragrance, their abundant flowering, and their persistent foliage. To ensure optimal development and intense essential oil production, they need a balanced nutritional input. This NPK 15-15-15 fertilizer provides complete fertilization, supplying nitrogen (N) essential for [&hellip;]<\/p>\n","protected":false},"featured_media":26249,"comment_status":"open","ping_status":"closed","template":"","meta":{"_uag_custom_page_level_css":"","site-sidebar-layout":"default","site-content-layout":"","ast-site-content-layout":"default","site-content-style":"default","site-sidebar-style":"default","ast-global-header-display":"","ast-banner-title-visibility":"","ast-main-header-display":"","ast-hfb-above-header-display":"","ast-hfb-below-header-display":"","ast-hfb-mobile-header-display":"","site-post-title":"","ast-breadcrumbs-content":"","ast-featured-img":"","footer-sml-layout":"","ast-disable-related-posts":"","theme-transparent-header-meta":"default","adv-header-id-meta":"","stick-header-meta":"","header-above-stick-meta":"","header-main-stick-meta":"","header-below-stick-meta":"","astra-migrate-meta-layouts":"set","ast-page-background-enabled":"default","ast-page-background-meta":{"desktop":{"background-color":"var(--ast-global-color-4)","background-image":"","background-repeat":"repeat","background-position":"center center","background-size":"auto","background-attachment":"scroll","background-type":"","background-media":"","overlay-type":"","overlay-color":"","overlay-opacity":"","overlay-gradient":""},"tablet":{"background-color":"","background-image":"","background-repeat":"repeat","background-position":"center center","background-size":"auto","background-attachment":"scroll","background-type":"","background-media":"","overlay-type":"","overlay-color":"","overlay-opacity":"","overlay-gradient":""},"mobile":{"background-color":"","background-image":"","background-repeat":"repeat","background-position":"center center","background-size":"auto","background-attachment":"scroll","background-type":"","background-media":"","overlay-type":"","overlay-color":"","overlay-opacity":"","overlay-gradient":""}},"ast-content-background-meta":{"desktop":{"background-color":"var(--ast-global-color-5)","background-image":"","background-repeat":"repeat","background-position":"center center","background-size":"auto","background-attachment":"scroll","background-type":"","background-media":"","overlay-type":"","overlay-color":"","overlay-opacity":"","overlay-gradient":""},"tablet":{"background-color":"var(--ast-global-color-5)","background-image":"","background-repeat":"repeat","background-position":"center center","background-size":"auto","background-attachment":"scroll","background-type":"","background-media":"","overlay-type":"","overlay-color":"","overlay-opacity":"","overlay-gradient":""},"mobile":{"background-color":"var(--ast-global-color-5)","background-image":"","background-repeat":"repeat","background-position":"center center","background-size":"auto","background-attachment":"scroll","background-type":"","background-media":"","overlay-type":"","overlay-color":"","overlay-opacity":"","overlay-gradient":""}}},"product_brand":[],"product_cat":[178],"product_tag":[],"class_list":{"0":"post-23778","1":"product","2":"type-product","3":"status-publish","4":"has-post-thumbnail","6":"product_cat-fertilizers","7":"desktop-align-left","8":"tablet-align-left","9":"mobile-align-left","11":"first","12":"instock","13":"sale","14":"taxable","15":"shipping-taxable","16":"purchasable","17":"product-type-variable","18":"has-default-attributes"},"spectra_custom_meta":{"_visibility":["visible"],"_shopify_product_id":["9067646550261"],"_s2w_shopify_domain":["ferberpainting.myshopify.com"],"_shopify_variant_id":["46508182700277"],"_sku":[""],"_manage_stock":["no"],"total_sales":["18"],"_tax_status":["taxable"],"_tax_class":[""],"_backorders":["no"],"_sold_individually":["no"],"_virtual":["no"],"_downloadable":["no"],"_download_limit":["-1"],"_download_expiry":["-1"],"_stock":[null],"_stock_status":["instock"],"_wc_average_rating":["4.57"],"_wc_review_count":["7"],"_product_attributes":["a:1:{s:6:\"volume\";a:6:{s:4:\"name\";s:6:\"Volume\";s:5:\"value\";s:20:\"5 liters | 25 liters\";s:8:\"position\";i:1;s:10:\"is_visible\";i:0;s:12:\"is_variation\";i:1;s:11:\"is_taxonomy\";i:0;}}"],"_product_version":["10.5.1"],"_thumbnail_id":["26249"],"_product_image_gallery":["26250"],"wpse_downloadable_file_names":[""],"wpse_downloadable_file_urls":[""],"_edit_last":["1"],"_default_attributes":["a:1:{s:6:\"volume\";s:8:\"5 liters\";}"],"_edit_lock":["1771183261:1"],"_price":["29.90","129.90"],"merchant-center-availability":["yes"],"merchant-center-category":["113"],"_wp_page_template":["default"],"site-sidebar-layout":["default"],"ast-site-content-layout":["default"],"site-content-style":["default"],"site-sidebar-style":["default"],"theme-transparent-header-meta":["default"],"_wc_rating_count":["a:2:{i:4;i:3;i:5;i:4;}"],"astra-migrate-meta-layouts":["set"],"_uag_css_file_name":["uag-css-23778.css"],"_elementor_page_assets":["a:0:{}"],"_uag_page_assets":["a:9:{s:3:\"css\";s:7133:\".uag-blocks-common-selector{z-index:var(--z-index-desktop) !important}@media(max-width: 976px){.uag-blocks-common-selector{z-index:var(--z-index-tablet) !important}}@media(max-width: 767px){.uag-blocks-common-selector{z-index:var(--z-index-mobile) !important}}.wp-block-uagb-image{display:flex}.wp-block-uagb-image__figure{position:relative;display:flex;flex-direction:column;max-width:100%;height:auto;margin:0}.wp-block-uagb-image__figure img{height:auto;display:flex;max-width:100%;transition:box-shadow .2s ease}.wp-block-uagb-image__figure>a{display:inline-block}.wp-block-uagb-image__figure figcaption{text-align:center;margin-top:.5em;margin-bottom:1em}.wp-block-uagb-image .components-placeholder.block-editor-media-placeholder .components-placeholder__instructions{align-self:center}.wp-block-uagb-image--align-left{text-align:left}.wp-block-uagb-image--align-right{text-align:right}.wp-block-uagb-image--align-center{text-align:center}.wp-block-uagb-image--align-full .wp-block-uagb-image__figure{margin-left:calc(50% - 50vw);margin-right:calc(50% - 50vw);max-width:100vw;width:100vw;height:auto}.wp-block-uagb-image--align-full .wp-block-uagb-image__figure img{height:auto;width:100% !important}.wp-block-uagb-image--align-wide .wp-block-uagb-image__figure img{height:auto;width:100%}.wp-block-uagb-image--layout-overlay__color-wrapper{position:absolute;left:0;top:0;right:0;bottom:0;opacity:.2;background:rgba(0,0,0,.5);transition:opacity .35s ease-in-out}.wp-block-uagb-image--layout-overlay-link{position:absolute;left:0;right:0;bottom:0;top:0}.wp-block-uagb-image--layout-overlay .wp-block-uagb-image__figure:hover .wp-block-uagb-image--layout-overlay__color-wrapper{opacity:1}.wp-block-uagb-image--layout-overlay__inner{position:absolute;left:15px;right:15px;bottom:15px;top:15px;display:flex;align-items:center;justify-content:center;flex-direction:column;border-color:#fff;transition:.35s ease-in-out}.wp-block-uagb-image--layout-overlay__inner.top-left,.wp-block-uagb-image--layout-overlay__inner.top-center,.wp-block-uagb-image--layout-overlay__inner.top-right{justify-content:flex-start}.wp-block-uagb-image--layout-overlay__inner.bottom-left,.wp-block-uagb-image--layout-overlay__inner.bottom-center,.wp-block-uagb-image--layout-overlay__inner.bottom-right{justify-content:flex-end}.wp-block-uagb-image--layout-overlay__inner.top-left,.wp-block-uagb-image--layout-overlay__inner.center-left,.wp-block-uagb-image--layout-overlay__inner.bottom-left{align-items:flex-start}.wp-block-uagb-image--layout-overlay__inner.top-right,.wp-block-uagb-image--layout-overlay__inner.center-right,.wp-block-uagb-image--layout-overlay__inner.bottom-right{align-items:flex-end}.wp-block-uagb-image--layout-overlay__inner .uagb-image-heading{color:#fff;transition:transform .35s,opacity .35s ease-in-out;transform:translate3d(0, 24px, 0);margin:0;line-height:1em}.wp-block-uagb-image--layout-overlay__inner .uagb-image-separator{width:30%;border-top-width:2px;border-top-color:#fff;border-top-style:solid;margin-bottom:10px;opacity:0;transition:transform .4s,opacity .4s ease-in-out;transform:translate3d(0, 30px, 0)}.wp-block-uagb-image--layout-overlay__inner .uagb-image-caption{opacity:0;overflow:visible;color:#fff;transition:transform .45s,opacity .45s ease-in-out;transform:translate3d(0, 35px, 0)}.wp-block-uagb-image--layout-overlay__inner:hover .uagb-image-heading,.wp-block-uagb-image--layout-overlay__inner:hover .uagb-image-separator,.wp-block-uagb-image--layout-overlay__inner:hover .uagb-image-caption{opacity:1;transform:translate3d(0, 0, 0)}.wp-block-uagb-image--effect-zoomin .wp-block-uagb-image__figure img,.wp-block-uagb-image--effect-zoomin .wp-block-uagb-image__figure .wp-block-uagb-image--layout-overlay__color-wrapper{transform:scale(1);transition:transform .35s ease-in-out}.wp-block-uagb-image--effect-zoomin .wp-block-uagb-image__figure:hover img,.wp-block-uagb-image--effect-zoomin .wp-block-uagb-image__figure:hover .wp-block-uagb-image--layout-overlay__color-wrapper{transform:scale(1.05)}.wp-block-uagb-image--effect-slide .wp-block-uagb-image__figure img,.wp-block-uagb-image--effect-slide .wp-block-uagb-image__figure .wp-block-uagb-image--layout-overlay__color-wrapper{width:calc(100% + 40px) !important;max-width:none !important;transform:translate3d(-40px, 0, 0);transition:transform .35s ease-in-out}.wp-block-uagb-image--effect-slide .wp-block-uagb-image__figure:hover img,.wp-block-uagb-image--effect-slide .wp-block-uagb-image__figure:hover .wp-block-uagb-image--layout-overlay__color-wrapper{transform:translate3d(0, 0, 0)}.wp-block-uagb-image--effect-grayscale img{filter:grayscale(0%);transition:.35s ease-in-out}.wp-block-uagb-image--effect-grayscale:hover img{filter:grayscale(100%)}.wp-block-uagb-image--effect-blur img{filter:blur(0);transition:.35s ease-in-out}.wp-block-uagb-image--effect-blur:hover img{filter:blur(3px)}.uagb-block-e6f939b3.wp-block-uagb-image--layout-default figure img{box-shadow: 0px 0px 0 #00000070;}.uagb-block-e6f939b3.wp-block-uagb-image .wp-block-uagb-image__figure figcaption{font-style: normal;align-self: center;}.uagb-block-e6f939b3.wp-block-uagb-image--layout-overlay figure img{box-shadow: 0px 0px 0 #00000070;}.uagb-block-e6f939b3.wp-block-uagb-image--layout-overlay .wp-block-uagb-image--layout-overlay__color-wrapper{opacity: 0.2;}.uagb-block-e6f939b3.wp-block-uagb-image--layout-overlay .wp-block-uagb-image--layout-overlay__inner{left: 15px;right: 15px;top: 15px;bottom: 15px;}.uagb-block-e6f939b3.wp-block-uagb-image--layout-overlay .wp-block-uagb-image--layout-overlay__inner .uagb-image-heading{font-style: normal;color: #fff;opacity: 1;}.uagb-block-e6f939b3.wp-block-uagb-image--layout-overlay .wp-block-uagb-image--layout-overlay__inner .uagb-image-heading a{color: #fff;}.uagb-block-e6f939b3.wp-block-uagb-image--layout-overlay .wp-block-uagb-image--layout-overlay__inner .uagb-image-caption{opacity: 0;}.uagb-block-e6f939b3.wp-block-uagb-image--layout-overlay .wp-block-uagb-image__figure:hover .wp-block-uagb-image--layout-overlay__color-wrapper{opacity: 1;}.uagb-block-e6f939b3.wp-block-uagb-image .wp-block-uagb-image--layout-overlay__inner .uagb-image-separator{width: 30%;border-top-width: 2px;border-top-color: #fff;opacity: 0;}.uagb-block-e6f939b3.wp-block-uagb-image .wp-block-uagb-image__figure img{width: px;height: auto;}.uagb-block-e6f939b3.wp-block-uagb-image .wp-block-uagb-image__figure:hover .wp-block-uagb-image--layout-overlay__inner .uagb-image-caption{opacity: 1;}.uagb-block-e6f939b3.wp-block-uagb-image .wp-block-uagb-image__figure:hover .wp-block-uagb-image--layout-overlay__inner .uagb-image-separator{opacity: 1;}.uagb-block-e6f939b3.wp-block-uagb-image--layout-default figure:hover img{box-shadow: 0px 0px 0 #00000070;}.uagb-block-e6f939b3.wp-block-uagb-image--layout-overlay figure:hover img{box-shadow: 0px 0px 0 #00000070;}@media only screen and (max-width: 976px) {.uagb-block-e6f939b3.wp-block-uagb-image .wp-block-uagb-image__figure img{width: px;height: auto;}}@media only screen and (max-width: 767px) {.uagb-block-e6f939b3.wp-block-uagb-image .wp-block-uagb-image__figure img{width: px;height: auto;}}\";s:2:\"js\";s:0:\"\";s:18:\"current_block_list\";a:13:{i:0;s:11:\"core\/search\";i:1;s:10:\"core\/group\";i:2;s:12:\"core\/heading\";i:3;s:17:\"core\/latest-posts\";i:4;s:20:\"core\/latest-comments\";i:5;s:13:\"core\/archives\";i:6;s:15:\"core\/categories\";i:7;s:14:\"core\/paragraph\";i:8;s:10:\"uagb\/image\";i:9;s:11:\"core\/spacer\";i:10;s:30:\"woocommerce\/product-categories\";i:11;s:10:\"core\/image\";i:12;s:14:\"core\/shortcode\";}s:8:\"uag_flag\";b:1;s:11:\"uag_version\";s:10:\"1777313791\";s:6:\"gfonts\";a:0:{}s:10:\"gfonts_url\";s:0:\"\";s:12:\"gfonts_files\";a:0:{}s:14:\"uag_faq_layout\";b:0;}"]},"uagb_featured_image_src":{"full":["https:\/\/www.ferberpainting.com\/wp-content\/uploads\/2025\/05\/LavenderandRosemaryFertilizer5L.png",2560,2560,false],"thumbnail":["https:\/\/www.ferberpainting.com\/wp-content\/uploads\/2025\/05\/LavenderandRosemaryFertilizer5L-150x150.png",150,150,true],"medium":["https:\/\/www.ferberpainting.com\/wp-content\/uploads\/2025\/05\/LavenderandRosemaryFertilizer5L-300x300.png",300,300,true],"medium_large":["https:\/\/www.ferberpainting.com\/wp-content\/uploads\/2025\/05\/LavenderandRosemaryFertilizer5L-768x768.png",768,768,true],"large":["https:\/\/www.ferberpainting.com\/wp-content\/uploads\/2025\/05\/LavenderandRosemaryFertilizer5L-1024x1024.png",1024,1024,true],"1536x1536":["https:\/\/www.ferberpainting.com\/wp-content\/uploads\/2025\/05\/LavenderandRosemaryFertilizer5L-1536x1536.png",1536,1536,true],"2048x2048":["https:\/\/www.ferberpainting.com\/wp-content\/uploads\/2025\/05\/LavenderandRosemaryFertilizer5L-2048x2048.png",2048,2048,true],"trp-custom-language-flag":["https:\/\/www.ferberpainting.com\/wp-content\/uploads\/2025\/05\/LavenderandRosemaryFertilizer5L-12x12.png",12,12,true],"woocommerce_thumbnail":["https:\/\/www.ferberpainting.com\/wp-content\/uploads\/2025\/05\/LavenderandRosemaryFertilizer5L-300x300.png",300,300,true],"woocommerce_single":["https:\/\/www.ferberpainting.com\/wp-content\/uploads\/2025\/05\/LavenderandRosemaryFertilizer5L-600x600.png",600,600,true],"woocommerce_gallery_thumbnail":["https:\/\/www.ferberpainting.com\/wp-content\/uploads\/2025\/05\/LavenderandRosemaryFertilizer5L-100x100.png",100,100,true]},"uagb_author_info":{"display_name":"admin","author_link":"https:\/\/www.ferberpainting.com\/lv\/author\/"},"uagb_comment_info":7,"uagb_excerpt":"A fertilizer designed to promote the growth and flowering of aromatic plants.\u00a0Lavender and rosemary are Mediterranean plants appreciated for their fragrance, their abundant flowering, and their persistent foliage. To ensure optimal development and intense essential oil production, they need a balanced nutritional input. This NPK 15-15-15 fertilizer provides complete fertilization, supplying nitrogen (N) essential for&hellip;","_links":{"self":[{"href":"https:\/\/www.ferberpainting.com\/lv\/wp-json\/wp\/v2\/product\/23778","targetHints":{"allow":["GET"]}}],"collection":[{"href":"https:\/\/www.ferberpainting.com\/lv\/wp-json\/wp\/v2\/product"}],"about":[{"href":"https:\/\/www.ferberpainting.com\/lv\/wp-json\/wp\/v2\/types\/product"}],"replies":[{"embeddable":true,"href":"https:\/\/www.ferberpainting.com\/lv\/wp-json\/wp\/v2\/comments?post=23778"}],"version-history":[{"count":4,"href":"https:\/\/www.ferberpainting.com\/lv\/wp-json\/wp\/v2\/product\/23778\/revisions"}],"predecessor-version":[{"id":166455,"href":"https:\/\/www.ferberpainting.com\/lv\/wp-json\/wp\/v2\/product\/23778\/revisions\/166455"}],"wp:featuredmedia":[{"embeddable":true,"href":"https:\/\/www.ferberpainting.com\/lv\/wp-json\/wp\/v2\/media\/26249"}],"wp:attachment":[{"href":"https:\/\/www.ferberpainting.com\/lv\/wp-json\/wp\/v2\/media?parent=23778"}],"wp:term":[{"taxonomy":"product_brand","embeddable":true,"href":"https:\/\/www.ferberpainting.com\/lv\/wp-json\/wp\/v2\/product_brand?post=23778"},{"taxonomy":"product_cat","embeddable":true,"href":"https:\/\/www.ferberpainting.com\/lv\/wp-json\/wp\/v2\/product_cat?post=23778"},{"taxonomy":"product_tag","embeddable":true,"href":"https:\/\/www.ferberpainting.com\/lv\/wp-json\/wp\/v2\/product_tag?post=23778"}],"curies":[{"name":"wp","href":"https:\/\/api.w.org\/{rel}","templated":true}]}}