{"id":23768,"date":"2025-07-01T10:05:07","date_gmt":"2025-07-01T08:05:07","guid":{"rendered":"https:\/\/www.ferberpainting.com\/?post_type=product&#038;p=23762"},"modified":"2026-02-15T20:14:56","modified_gmt":"2026-02-15T19:14:56","slug":"kitchen-cleaner","status":"publish","type":"product","link":"https:\/\/www.ferberpainting.com\/lv\/products\/kitchen-cleaner\/","title":{"rendered":"Virtuves t\u012br\u012b\u0161anas l\u012bdzeklis"},"content":{"rendered":"<p><strong><img decoding=\"async\" style=\"margin-right: 12px;\" src=\"https:\/\/www.ferberpainting.com\/wp-content\/uploads\/2026\/02\/Check.svg\" alt=\"\" width=\"18\" height=\"15\" \/>Optim\u0101la efektivit\u0101te.<\/strong>\u00a0\u0160is virtuves t\u012br\u012b\u0161anas l\u012bdzeklis ir \u012bpa\u0161i izstr\u0101d\u0101ts, lai likvid\u0113tu notur\u012bgus taukus, \u0113diena atliekas, ka\u013c\u0137akmens p\u0113das un visus net\u012brumus, kas uzkr\u0101jas uz virtuves virsm\u0101m. T\u0101 sp\u0113c\u012bg\u0101 formula dzi\u013ci ies\u016bcas, lai atbr\u012bvotos no nos\u0113dumiem bez p\u0101rm\u0113r\u012bgas t\u012br\u012b\u0161anas. Tas nodro\u0161ina perfektu t\u012br\u012b\u0161anu tikai da\u017eu sekun\u017eu laik\u0101, vienlaikus saglab\u0101jot materi\u0101la integrit\u0101ti, pal\u012bdzot uztur\u0113t t\u012bru un higi\u0113nisku darba vietu ikdienas lieto\u0161anai.<\/p>\n<p><strong><img decoding=\"async\" style=\"margin-right: 12px;\" src=\"https:\/\/www.ferberpainting.com\/wp-content\/uploads\/2026\/02\/Check.svg\" alt=\"\" width=\"18\" height=\"15\" \/>Naudas atmaksas garantija.<\/strong>\u00a0M\u0113s esam piln\u012bb\u0101 p\u0101rliecin\u0101ti par m\u016bsu t\u012br\u012b\u0161anas l\u012bdzek\u013ca efektivit\u0101ti. Ja p\u0113c lieto\u0161anas j\u016bs neesat piln\u012bb\u0101 apmierin\u0101ts ar rezult\u0101tiem, jums ir ties\u012bbas sa\u0146emt pilnu naudas atmaksu. Izm\u0113\u0123iniet m\u016bsu produktu bez riska un bez piep\u016bles atgrieziet savu virtuvi nevainojam\u0101 st\u0101vokl\u012b.<\/p>\n<p><strong><img decoding=\"async\" style=\"margin-right: 12px;\" src=\"https:\/\/www.ferberpainting.com\/wp-content\/uploads\/2026\/02\/Check.svg\" alt=\"\" width=\"18\" height=\"15\" \/>Izcila daudzpus\u012bba.<\/strong>\u00a0\u0160is t\u012br\u012b\u0161anas l\u012bdzeklis nav paredz\u0113ts tikai darba virsm\u0101m un pl\u012bt\u012bm! Tas ir efekt\u012bvs ar\u012b uz aizmugur\u0113j\u0101m plakn\u0113m, izlietn\u0113m, tvaika nos\u016bc\u0113jiem, skap\u012b\u0161u fas\u0101d\u0113m, ier\u012bc\u0113m un pat gr\u012bd\u0101m. Tas darbojas uz da\u017e\u0101diem materi\u0101liem, piem\u0113ram, ner\u016bs\u0113jo\u0161\u0101 t\u0113rauda, alum\u012bnija, stikla, plastmasas, fl\u012b\u017eu, lakota koka un marmora. T\u0101 daudzpus\u012bba padara to ide\u0101li piem\u0113rotu gan m\u0101jsaimniec\u012bbas, gan profesion\u0101lai lieto\u0161anai m\u0101jas vai r\u016bpnieciskaj\u0101s virtuv\u0113s.<\/p>\n<p><strong><img decoding=\"async\" style=\"margin-right: 12px;\" src=\"https:\/\/www.ferberpainting.com\/wp-content\/uploads\/2026\/02\/Check.svg\" alt=\"\" width=\"18\" height=\"15\" \/>Rentabla veiktsp\u0113ja.<\/strong>\u00a0Pateicoties 5 litru tilpnei un augstajai koncentr\u0101cijai, \u0161is t\u012br\u012b\u0161anas l\u012bdzeklis pied\u0101v\u0101 izcilu v\u0113rt\u012bbu. Neliels daudzums ir pietiekams, lai izt\u012br\u012btu lielu plat\u012bbu, nodro\u0161inot ekonomisku un efekt\u012bvu risin\u0101jumu. Vid\u0113ji ar vienu litru l\u012bdzek\u013ca var apstr\u0101d\u0101t l\u012bdz 100 m\u00b2 virsmas, t\u0101d\u0113j\u0101di samazinot l\u012bdzek\u013ca ieg\u0101des bie\u017eumu un optimiz\u0113jot t\u0101 izmanto\u0161anu laika gait\u0101.<\/p>\n<p><strong><img decoding=\"async\" style=\"margin-right: 12px;\" src=\"https:\/\/www.ferberpainting.com\/wp-content\/uploads\/2026\/02\/Check.svg\" alt=\"\" width=\"18\" height=\"15\" \/>Dro\u0161a lieto\u0161ana.<\/strong>\u00a0At\u0161\u0137ir\u012bb\u0101 no asiem t\u012br\u012b\u0161anas l\u012bdzek\u013ciem, kas var saboj\u0101t virsmas un atst\u0101t kait\u012bgus atlikumus, \u0161\u012b produkta sast\u0101v\u0101 nav toksisku vielu. Tas neizdala kairino\u0161us izgarojumus, nerada \u0101das kairin\u0101jumu un ir dro\u0161s uz apstr\u0101d\u0101t\u0101m virsm\u0101m, vienlaikus saglab\u0101jot efektivit\u0101ti. P\u0113c \u0101tras noskalo\u0161anas to var dro\u0161i lietot uz virsm\u0101m, kas ir saskar\u0113 ar p\u0101rtiku, nodro\u0161inot vesel\u012bgu vidi \u0113diena gatavo\u0161anai.<\/p>\n<p><strong><img decoding=\"async\" style=\"margin-right: 12px;\" src=\"https:\/\/www.ferberpainting.com\/wp-content\/uploads\/2026\/02\/Check.svg\" alt=\"\" width=\"18\" height=\"15\" \/>Lieto\u0161anas \u0113rtums.<\/strong>\u00a0\u0160is produkts ir gatavs lieto\u0161anai, un to nav nepiecie\u0161ams at\u0161\u0137aid\u012bt vai sare\u017e\u0123\u012bti apstr\u0101d\u0101t. To uzkl\u0101j tie\u0161i uz virsmas, izmantojot dr\u0101nu, s\u016bkli vai izsmidzin\u0101t\u0101ju. T\u0101 \u0101tr\u0101 iedarb\u012bba nov\u0113r\u0161 net\u012brumus da\u017eu sekun\u017eu laik\u0101 bez skalo\u0161anas vai lielas piep\u016bles. T\u0101 intuit\u012bv\u0101 lieto\u0161ana padara ikdienas virtuves t\u012br\u012b\u0161anu vienk\u0101r\u0161u un nodro\u0161ina perfektu rezult\u0101tu minim\u0101l\u0101 laik\u0101.<\/p>\n<p><strong><img decoding=\"async\" style=\"margin-right: 12px;\" src=\"https:\/\/www.ferberpainting.com\/wp-content\/uploads\/2026\/02\/Check.svg\" alt=\"\" width=\"18\" height=\"15\" \/>Papla\u0161in\u0101ta iztur\u012bba.<\/strong>\u00a0\u0160is t\u012br\u012b\u0161anas l\u012bdzeklis efekt\u012bvi no\u0146em taukus un \u0113diena paliekas, t\u0101d\u0113j\u0101di pagarinot virtuves virsmu un apr\u012bkojuma kalpo\u0161anas laiku. Tas nov\u0113r\u0161 nogulsn\u0113\u0161anos, kas galu gal\u0101 var kait\u0113t materi\u0101lu izskatam un funkcionalit\u0101tei. Regul\u0101ra lieto\u0161ana nodro\u0161ina, ka j\u016bsu virtuve ir gai\u0161a, higi\u0113niska un nevainojama ar minim\u0101lu piep\u016bli.<\/p>\n<p><strong><img decoding=\"async\" style=\"margin-right: 12px;\" src=\"https:\/\/www.ferberpainting.com\/wp-content\/uploads\/2026\/02\/Check.svg\" alt=\"\" width=\"18\" height=\"15\" \/>\u0100tra r\u012bc\u012bba.<\/strong>\u00a0Pateicoties \u012bpa\u0161i akt\u012bvai formulai, \u0161is t\u012br\u012b\u0161anas l\u012bdzeklis nekav\u0113joties iedarbojas uz traipiem un net\u012brumiem, iz\u0161\u0137\u012bdinot nos\u0113dumus da\u017eu sekun\u017eu laik\u0101. Tas nodro\u0161ina \u0101tru un efekt\u012bvu t\u012br\u012b\u0161anu, ide\u0101li piem\u0113rots ikdienas lieto\u0161anai virtuv\u0113. Tas \u0101tri no\u017e\u016bst, neatst\u0101jot sv\u012btras, nodro\u0161inot dzidru, mirdzo\u0161u virsmu.<\/p>\n<h2><strong>Lieto\u0161anas protokols<\/strong><\/h2>\n<ul>\n<li><strong>Sagatavo\u0161ana <\/strong>: Pirms produkta uzkl\u0101\u0161anas p\u0101rliecinieties, ka uz t\u012br\u0101m\u0101s virsmas nav lielu gru\u017eu un putek\u013cu. Lai optimiz\u0113tu t\u012br\u012b\u0161anas veiktsp\u0113ju, ieteicams \u0101tri noslauc\u012bt ar sausu dr\u0101nu.<\/li>\n<li><strong>Countertops un virtuves virsmas <\/strong>: Izsmidziniet vai uzkl\u0101jiet nelielu daudzumu t\u012br\u012b\u0161anas l\u012bdzek\u013ca, izmantojot t\u012bru dr\u0101nu vai mitru s\u016bkli. Vienm\u0113r vienm\u0113r\u012bgi izklied\u0113jiet l\u012bdzekli, vienlaikus viegli berz\u0113jot, lai izspiestu net\u012brumus.<\/li>\n<li><strong>Pl\u012bts virsmas un tvaika nos\u016bc\u0113ji <\/strong>: Izsmidziniet tie\u0161i uz taukainaj\u0101m viet\u0101m un \u013caujiet da\u017eas sekundes iedarboties. Atlieku no\u0146em\u0161anai izmantojiet s\u016bkli vai dr\u0101nu. Ja tauki ir notur\u012bgi, pirms noslauk\u0161anas atk\u0101rtojiet uzkl\u0101\u0161anu un \u013caujiet iedarboties ilg\u0101k.<\/li>\n<li><strong>Izliet\u0146u un jauc\u0113jkr\u0101nu apkope <\/strong>: Uzkl\u0101jiet t\u012br\u012b\u0161anas l\u012bdzekli, izmantojot s\u016bkli vai dr\u0101nu, un viegli noslaukiet, lai no\u0146emtu ka\u013c\u0137akmens un \u016bdens traipus. \u0100tri noskalojiet ar t\u012bru \u016bdeni, lai ieg\u016btu nevainojamu virsmu.<\/li>\n<li><strong>Skap\u012b\u0161u frontes un ier\u012bces <\/strong>: Uzkl\u0101jiet nelielu produkta daudzumu uz dr\u0101ni\u0146as un maigi noslaukiet virsmas, veicot ap\u013cveida kust\u012bbas. Noslaukiet ar t\u012bru, sausu dr\u0101nu, lai ieg\u016btu sp\u012bd\u012bgu virsmu bez sv\u012btr\u0101m.<\/li>\n<li><strong>Gr\u012bdu t\u012br\u012b\u0161ana <\/strong>: At\u0161\u0137aidiet nelielu daudzumu t\u012br\u012b\u0161anas l\u012bdzek\u013ca spain\u012b ar siltu \u016bdeni un ar mopu not\u012briet virsmas. \u013baujiet dabiski no\u017e\u016bt. Iesl\u012bpu\u0161iem traipiem uzkl\u0101jiet tie\u0161i uz vietas pirms vieglas t\u012br\u012b\u0161anas.<\/li>\n<li><strong>Skalo\u0161ana un \u017e\u0101v\u0113\u0161ana <\/strong>: Virsm\u0101m, kas ir tie\u0161\u0101 saskar\u0113 ar p\u0101rtiku, ieteicams \u0101tri noskalot ar t\u012bru \u016bdeni, lai no\u0146emtu jebk\u0101das produkta atliekas. Iz\u017e\u0101v\u0113jiet ar t\u012bru dr\u0101nu, lai nov\u0113rstu \u016bdens traipus.<\/li>\n<li><strong>Pul\u0113\u0161ana un aizsardz\u012bba <\/strong>: Lai ieg\u016btu sp\u012bd\u012bgu, aizsarg\u0101jo\u0161u apdari, p\u0113c t\u012br\u012b\u0161anas noslaukiet ar sausu mikro\u0161\u0137iedras dr\u0101ni\u0146u, lai izl\u012bdzin\u0101tu un no\u0146emtu jebk\u0101das atliekas. Regul\u0101ra lieto\u0161ana pal\u012bdz nov\u0113rst jaunu traipu ra\u0161anos un uztur virsmu vieglu kop\u0161anu.<\/li>\n<li><strong>Lieto\u0161anas bie\u017eums <\/strong>: Lietojiet reizi dien\u0101 regul\u0101rai kop\u0161anai un net\u012brumu uzkr\u0101\u0161an\u0101s nov\u0113r\u0161anai. Lai nodro\u0161in\u0101tu optim\u0101lu t\u012br\u012bbu, ieteicams t\u012br\u012bt p\u0113c katras lieto\u0161anas reizes, piem\u0113ram, pl\u012bts virsm\u0101m un let\u0113m.<\/li>\n<li><strong>Uzglab\u0101\u0161ana <\/strong>: P\u0113c katras lieto\u0161anas reizes cie\u0161i aizveriet kanni\u0146u un uzglab\u0101jiet v\u0113s\u0101, saus\u0101 viet\u0101, pasarg\u0101jot no gaismas un p\u0101rm\u0113r\u012bgas temperat\u016bras, lai saglab\u0101tu produkta ilgtermi\u0146a efektivit\u0101ti.<\/li>\n<\/ul>\n<p>Ar m\u016bsu virtuves t\u012br\u012b\u0161anas l\u012bdzekli nodro\u0161in\u0101siet optim\u0101lu un vieglu apkopi, vienlaikus saglab\u0101jot t\u012br\u012bbu un higi\u0113nu j\u016bsu kulin\u0101rijas telp\u0101. Ide\u0101ls risin\u0101jums, lai virtuve vienm\u0113r b\u016btu t\u012bra, bez taukiem un gatava pat\u012bkamai malt\u012btes pagatavo\u0161anai.<\/p>","protected":false},"excerpt":{"rendered":"<p>Optimal Efficiency.\u00a0This kitchen cleaner is specially designed to eliminate stubborn grease, food residues, limescale marks, and all impurities that build up on kitchen surfaces. Its powerful formula penetrates deeply to dislodge embedded grime without excessive scrubbing. It ensures perfect cleaning in just a few seconds while preserving material integrity, helping to maintain a clean and [&hellip;]<\/p>\n","protected":false},"featured_media":36209,"comment_status":"open","ping_status":"closed","template":"","meta":{"_uag_custom_page_level_css":"","site-sidebar-layout":"default","site-content-layout":"","ast-site-content-layout":"default","site-content-style":"default","site-sidebar-style":"default","ast-global-header-display":"","ast-banner-title-visibility":"","ast-main-header-display":"","ast-hfb-above-header-display":"","ast-hfb-below-header-display":"","ast-hfb-mobile-header-display":"","site-post-title":"","ast-breadcrumbs-content":"","ast-featured-img":"","footer-sml-layout":"","ast-disable-related-posts":"","theme-transparent-header-meta":"default","adv-header-id-meta":"","stick-header-meta":"","header-above-stick-meta":"","header-main-stick-meta":"","header-below-stick-meta":"","astra-migrate-meta-layouts":"set","ast-page-background-enabled":"default","ast-page-background-meta":{"desktop":{"background-color":"var(--ast-global-color-4)","background-image":"","background-repeat":"repeat","background-position":"center center","background-size":"auto","background-attachment":"scroll","background-type":"","background-media":"","overlay-type":"","overlay-color":"","overlay-opacity":"","overlay-gradient":""},"tablet":{"background-color":"","background-image":"","background-repeat":"repeat","background-position":"center center","background-size":"auto","background-attachment":"scroll","background-type":"","background-media":"","overlay-type":"","overlay-color":"","overlay-opacity":"","overlay-gradient":""},"mobile":{"background-color":"","background-image":"","background-repeat":"repeat","background-position":"center center","background-size":"auto","background-attachment":"scroll","background-type":"","background-media":"","overlay-type":"","overlay-color":"","overlay-opacity":"","overlay-gradient":""}},"ast-content-background-meta":{"desktop":{"background-color":"var(--ast-global-color-5)","background-image":"","background-repeat":"repeat","background-position":"center center","background-size":"auto","background-attachment":"scroll","background-type":"","background-media":"","overlay-type":"","overlay-color":"","overlay-opacity":"","overlay-gradient":""},"tablet":{"background-color":"var(--ast-global-color-5)","background-image":"","background-repeat":"repeat","background-position":"center center","background-size":"auto","background-attachment":"scroll","background-type":"","background-media":"","overlay-type":"","overlay-color":"","overlay-opacity":"","overlay-gradient":""},"mobile":{"background-color":"var(--ast-global-color-5)","background-image":"","background-repeat":"repeat","background-position":"center center","background-size":"auto","background-attachment":"scroll","background-type":"","background-media":"","overlay-type":"","overlay-color":"","overlay-opacity":"","overlay-gradient":""}}},"product_brand":[],"product_cat":[175],"product_tag":[],"class_list":{"0":"post-23768","1":"product","2":"type-product","3":"status-publish","4":"has-post-thumbnail","6":"product_cat-cleaning-products","7":"desktop-align-left","8":"tablet-align-left","9":"mobile-align-left","11":"first","12":"instock","13":"sale","14":"taxable","15":"shipping-taxable","16":"purchasable","17":"product-type-variable","18":"has-default-attributes"},"spectra_custom_meta":{"_visibility":["visible"],"_shopify_product_id":["9106444386549"],"_s2w_shopify_domain":["ferberpainting.myshopify.com"],"_shopify_variant_id":["46626112110837"],"_sku":[""],"_manage_stock":["no"],"total_sales":["2"],"_tax_status":["taxable"],"_tax_class":[""],"_backorders":["no"],"_sold_individually":["no"],"_virtual":["no"],"_downloadable":["no"],"_download_limit":["-1"],"_download_expiry":["-1"],"_stock":[null],"_stock_status":["instock"],"_wc_average_rating":["5.00"],"_wc_review_count":["11"],"_product_attributes":["a:1:{s:6:\"volume\";a:6:{s:4:\"name\";s:6:\"Volume\";s:5:\"value\";s:20:\"5 liters | 25 liters\";s:8:\"position\";i:1;s:10:\"is_visible\";i:0;s:12:\"is_variation\";i:1;s:11:\"is_taxonomy\";i:0;}}"],"_product_version":["10.5.1"],"wpse_downloadable_file_names":[""],"wpse_downloadable_file_urls":[""],"_edit_last":["1"],"_default_attributes":["a:1:{s:6:\"volume\";s:8:\"5 liters\";}"],"_edit_lock":["1771182755:1"],"_price":["29.90","129.90"],"merchant-center-availability":["yes"],"merchant-center-category":["4978"],"_thumbnail_id":["36209"],"_wp_page_template":["default"],"_wp_old_date":["2025-05-26"],"_product_image_gallery":["36210"],"site-sidebar-layout":["default"],"ast-site-content-layout":["default"],"site-content-style":["default"],"site-sidebar-style":["default"],"theme-transparent-header-meta":["default"],"_wc_rating_count":["a:1:{i:5;i:11;}"],"astra-migrate-meta-layouts":["set"],"_uag_css_file_name":["uag-css-23768.css"],"_elementor_page_assets":["a:0:{}"],"_uag_page_assets":["a:9:{s:3:\"css\";s:7133:\".uag-blocks-common-selector{z-index:var(--z-index-desktop) !important}@media(max-width: 976px){.uag-blocks-common-selector{z-index:var(--z-index-tablet) !important}}@media(max-width: 767px){.uag-blocks-common-selector{z-index:var(--z-index-mobile) !important}}.wp-block-uagb-image{display:flex}.wp-block-uagb-image__figure{position:relative;display:flex;flex-direction:column;max-width:100%;height:auto;margin:0}.wp-block-uagb-image__figure img{height:auto;display:flex;max-width:100%;transition:box-shadow .2s ease}.wp-block-uagb-image__figure>a{display:inline-block}.wp-block-uagb-image__figure figcaption{text-align:center;margin-top:.5em;margin-bottom:1em}.wp-block-uagb-image .components-placeholder.block-editor-media-placeholder .components-placeholder__instructions{align-self:center}.wp-block-uagb-image--align-left{text-align:left}.wp-block-uagb-image--align-right{text-align:right}.wp-block-uagb-image--align-center{text-align:center}.wp-block-uagb-image--align-full .wp-block-uagb-image__figure{margin-left:calc(50% - 50vw);margin-right:calc(50% - 50vw);max-width:100vw;width:100vw;height:auto}.wp-block-uagb-image--align-full .wp-block-uagb-image__figure img{height:auto;width:100% !important}.wp-block-uagb-image--align-wide .wp-block-uagb-image__figure img{height:auto;width:100%}.wp-block-uagb-image--layout-overlay__color-wrapper{position:absolute;left:0;top:0;right:0;bottom:0;opacity:.2;background:rgba(0,0,0,.5);transition:opacity .35s ease-in-out}.wp-block-uagb-image--layout-overlay-link{position:absolute;left:0;right:0;bottom:0;top:0}.wp-block-uagb-image--layout-overlay .wp-block-uagb-image__figure:hover .wp-block-uagb-image--layout-overlay__color-wrapper{opacity:1}.wp-block-uagb-image--layout-overlay__inner{position:absolute;left:15px;right:15px;bottom:15px;top:15px;display:flex;align-items:center;justify-content:center;flex-direction:column;border-color:#fff;transition:.35s ease-in-out}.wp-block-uagb-image--layout-overlay__inner.top-left,.wp-block-uagb-image--layout-overlay__inner.top-center,.wp-block-uagb-image--layout-overlay__inner.top-right{justify-content:flex-start}.wp-block-uagb-image--layout-overlay__inner.bottom-left,.wp-block-uagb-image--layout-overlay__inner.bottom-center,.wp-block-uagb-image--layout-overlay__inner.bottom-right{justify-content:flex-end}.wp-block-uagb-image--layout-overlay__inner.top-left,.wp-block-uagb-image--layout-overlay__inner.center-left,.wp-block-uagb-image--layout-overlay__inner.bottom-left{align-items:flex-start}.wp-block-uagb-image--layout-overlay__inner.top-right,.wp-block-uagb-image--layout-overlay__inner.center-right,.wp-block-uagb-image--layout-overlay__inner.bottom-right{align-items:flex-end}.wp-block-uagb-image--layout-overlay__inner .uagb-image-heading{color:#fff;transition:transform .35s,opacity .35s ease-in-out;transform:translate3d(0, 24px, 0);margin:0;line-height:1em}.wp-block-uagb-image--layout-overlay__inner .uagb-image-separator{width:30%;border-top-width:2px;border-top-color:#fff;border-top-style:solid;margin-bottom:10px;opacity:0;transition:transform .4s,opacity .4s ease-in-out;transform:translate3d(0, 30px, 0)}.wp-block-uagb-image--layout-overlay__inner .uagb-image-caption{opacity:0;overflow:visible;color:#fff;transition:transform .45s,opacity .45s ease-in-out;transform:translate3d(0, 35px, 0)}.wp-block-uagb-image--layout-overlay__inner:hover .uagb-image-heading,.wp-block-uagb-image--layout-overlay__inner:hover .uagb-image-separator,.wp-block-uagb-image--layout-overlay__inner:hover .uagb-image-caption{opacity:1;transform:translate3d(0, 0, 0)}.wp-block-uagb-image--effect-zoomin .wp-block-uagb-image__figure img,.wp-block-uagb-image--effect-zoomin .wp-block-uagb-image__figure .wp-block-uagb-image--layout-overlay__color-wrapper{transform:scale(1);transition:transform .35s ease-in-out}.wp-block-uagb-image--effect-zoomin .wp-block-uagb-image__figure:hover img,.wp-block-uagb-image--effect-zoomin .wp-block-uagb-image__figure:hover .wp-block-uagb-image--layout-overlay__color-wrapper{transform:scale(1.05)}.wp-block-uagb-image--effect-slide .wp-block-uagb-image__figure img,.wp-block-uagb-image--effect-slide .wp-block-uagb-image__figure .wp-block-uagb-image--layout-overlay__color-wrapper{width:calc(100% + 40px) !important;max-width:none !important;transform:translate3d(-40px, 0, 0);transition:transform .35s ease-in-out}.wp-block-uagb-image--effect-slide .wp-block-uagb-image__figure:hover img,.wp-block-uagb-image--effect-slide .wp-block-uagb-image__figure:hover .wp-block-uagb-image--layout-overlay__color-wrapper{transform:translate3d(0, 0, 0)}.wp-block-uagb-image--effect-grayscale img{filter:grayscale(0%);transition:.35s ease-in-out}.wp-block-uagb-image--effect-grayscale:hover img{filter:grayscale(100%)}.wp-block-uagb-image--effect-blur img{filter:blur(0);transition:.35s ease-in-out}.wp-block-uagb-image--effect-blur:hover img{filter:blur(3px)}.uagb-block-e6f939b3.wp-block-uagb-image--layout-default figure img{box-shadow: 0px 0px 0 #00000070;}.uagb-block-e6f939b3.wp-block-uagb-image .wp-block-uagb-image__figure figcaption{font-style: normal;align-self: center;}.uagb-block-e6f939b3.wp-block-uagb-image--layout-overlay figure img{box-shadow: 0px 0px 0 #00000070;}.uagb-block-e6f939b3.wp-block-uagb-image--layout-overlay .wp-block-uagb-image--layout-overlay__color-wrapper{opacity: 0.2;}.uagb-block-e6f939b3.wp-block-uagb-image--layout-overlay .wp-block-uagb-image--layout-overlay__inner{left: 15px;right: 15px;top: 15px;bottom: 15px;}.uagb-block-e6f939b3.wp-block-uagb-image--layout-overlay .wp-block-uagb-image--layout-overlay__inner .uagb-image-heading{font-style: normal;color: #fff;opacity: 1;}.uagb-block-e6f939b3.wp-block-uagb-image--layout-overlay .wp-block-uagb-image--layout-overlay__inner .uagb-image-heading a{color: #fff;}.uagb-block-e6f939b3.wp-block-uagb-image--layout-overlay .wp-block-uagb-image--layout-overlay__inner .uagb-image-caption{opacity: 0;}.uagb-block-e6f939b3.wp-block-uagb-image--layout-overlay .wp-block-uagb-image__figure:hover .wp-block-uagb-image--layout-overlay__color-wrapper{opacity: 1;}.uagb-block-e6f939b3.wp-block-uagb-image .wp-block-uagb-image--layout-overlay__inner .uagb-image-separator{width: 30%;border-top-width: 2px;border-top-color: #fff;opacity: 0;}.uagb-block-e6f939b3.wp-block-uagb-image .wp-block-uagb-image__figure img{width: px;height: auto;}.uagb-block-e6f939b3.wp-block-uagb-image .wp-block-uagb-image__figure:hover .wp-block-uagb-image--layout-overlay__inner .uagb-image-caption{opacity: 1;}.uagb-block-e6f939b3.wp-block-uagb-image .wp-block-uagb-image__figure:hover .wp-block-uagb-image--layout-overlay__inner .uagb-image-separator{opacity: 1;}.uagb-block-e6f939b3.wp-block-uagb-image--layout-default figure:hover img{box-shadow: 0px 0px 0 #00000070;}.uagb-block-e6f939b3.wp-block-uagb-image--layout-overlay figure:hover img{box-shadow: 0px 0px 0 #00000070;}@media only screen and (max-width: 976px) {.uagb-block-e6f939b3.wp-block-uagb-image .wp-block-uagb-image__figure img{width: px;height: auto;}}@media only screen and (max-width: 767px) {.uagb-block-e6f939b3.wp-block-uagb-image .wp-block-uagb-image__figure img{width: px;height: auto;}}\";s:2:\"js\";s:0:\"\";s:18:\"current_block_list\";a:13:{i:0;s:11:\"core\/search\";i:1;s:10:\"core\/group\";i:2;s:12:\"core\/heading\";i:3;s:17:\"core\/latest-posts\";i:4;s:20:\"core\/latest-comments\";i:5;s:13:\"core\/archives\";i:6;s:15:\"core\/categories\";i:7;s:14:\"core\/paragraph\";i:8;s:10:\"uagb\/image\";i:9;s:11:\"core\/spacer\";i:10;s:30:\"woocommerce\/product-categories\";i:11;s:10:\"core\/image\";i:12;s:14:\"core\/shortcode\";}s:8:\"uag_flag\";b:1;s:11:\"uag_version\";s:10:\"1777228691\";s:6:\"gfonts\";a:0:{}s:10:\"gfonts_url\";s:0:\"\";s:12:\"gfonts_files\";a:0:{}s:14:\"uag_faq_layout\";b:0;}"]},"uagb_featured_image_src":{"full":["https:\/\/www.ferberpainting.com\/wp-content\/uploads\/2025\/05\/Kitchen-Cleaner-5L-.png",2560,2560,false],"thumbnail":["https:\/\/www.ferberpainting.com\/wp-content\/uploads\/2025\/05\/Kitchen-Cleaner-5L--150x150.png",150,150,true],"medium":["https:\/\/www.ferberpainting.com\/wp-content\/uploads\/2025\/05\/Kitchen-Cleaner-5L--300x300.png",300,300,true],"medium_large":["https:\/\/www.ferberpainting.com\/wp-content\/uploads\/2025\/05\/Kitchen-Cleaner-5L--768x768.png",768,768,true],"large":["https:\/\/www.ferberpainting.com\/wp-content\/uploads\/2025\/05\/Kitchen-Cleaner-5L--1024x1024.png",1024,1024,true],"1536x1536":["https:\/\/www.ferberpainting.com\/wp-content\/uploads\/2025\/05\/Kitchen-Cleaner-5L--1536x1536.png",1536,1536,true],"2048x2048":["https:\/\/www.ferberpainting.com\/wp-content\/uploads\/2025\/05\/Kitchen-Cleaner-5L--2048x2048.png",2048,2048,true],"trp-custom-language-flag":["https:\/\/www.ferberpainting.com\/wp-content\/uploads\/2025\/05\/Kitchen-Cleaner-5L--12x12.png",12,12,true],"woocommerce_thumbnail":["https:\/\/www.ferberpainting.com\/wp-content\/uploads\/2025\/05\/Kitchen-Cleaner-5L--300x300.png",300,300,true],"woocommerce_single":["https:\/\/www.ferberpainting.com\/wp-content\/uploads\/2025\/05\/Kitchen-Cleaner-5L--600x600.png",600,600,true],"woocommerce_gallery_thumbnail":["https:\/\/www.ferberpainting.com\/wp-content\/uploads\/2025\/05\/Kitchen-Cleaner-5L--100x100.png",100,100,true]},"uagb_author_info":{"display_name":"admin","author_link":"https:\/\/www.ferberpainting.com\/lv\/author\/"},"uagb_comment_info":11,"uagb_excerpt":"Optimal Efficiency.\u00a0This kitchen cleaner is specially designed to eliminate stubborn grease, food residues, limescale marks, and all impurities that build up on kitchen surfaces. Its powerful formula penetrates deeply to dislodge embedded grime without excessive scrubbing. It ensures perfect cleaning in just a few seconds while preserving material integrity, helping to maintain a clean and&hellip;","_links":{"self":[{"href":"https:\/\/www.ferberpainting.com\/lv\/wp-json\/wp\/v2\/product\/23768","targetHints":{"allow":["GET"]}}],"collection":[{"href":"https:\/\/www.ferberpainting.com\/lv\/wp-json\/wp\/v2\/product"}],"about":[{"href":"https:\/\/www.ferberpainting.com\/lv\/wp-json\/wp\/v2\/types\/product"}],"replies":[{"embeddable":true,"href":"https:\/\/www.ferberpainting.com\/lv\/wp-json\/wp\/v2\/comments?post=23768"}],"version-history":[{"count":3,"href":"https:\/\/www.ferberpainting.com\/lv\/wp-json\/wp\/v2\/product\/23768\/revisions"}],"predecessor-version":[{"id":166447,"href":"https:\/\/www.ferberpainting.com\/lv\/wp-json\/wp\/v2\/product\/23768\/revisions\/166447"}],"wp:featuredmedia":[{"embeddable":true,"href":"https:\/\/www.ferberpainting.com\/lv\/wp-json\/wp\/v2\/media\/36209"}],"wp:attachment":[{"href":"https:\/\/www.ferberpainting.com\/lv\/wp-json\/wp\/v2\/media?parent=23768"}],"wp:term":[{"taxonomy":"product_brand","embeddable":true,"href":"https:\/\/www.ferberpainting.com\/lv\/wp-json\/wp\/v2\/product_brand?post=23768"},{"taxonomy":"product_cat","embeddable":true,"href":"https:\/\/www.ferberpainting.com\/lv\/wp-json\/wp\/v2\/product_cat?post=23768"},{"taxonomy":"product_tag","embeddable":true,"href":"https:\/\/www.ferberpainting.com\/lv\/wp-json\/wp\/v2\/product_tag?post=23768"}],"curies":[{"name":"wp","href":"https:\/\/api.w.org\/{rel}","templated":true}]}}