{"id":23547,"date":"2025-07-01T11:55:44","date_gmt":"2025-07-01T09:55:44","guid":{"rendered":"https:\/\/www.ferberpainting.com\/?post_type=product&#038;p=23547"},"modified":"2026-02-15T19:38:00","modified_gmt":"2026-02-15T18:38:00","slug":"induction-hob-cleaner","status":"publish","type":"product","link":"https:\/\/www.ferberpainting.com\/lv\/products\/induction-hob-cleaner\/","title":{"rendered":"Indukcijas pl\u012bts virsmas t\u012br\u012bt\u0101js"},"content":{"rendered":"<p><strong><img decoding=\"async\" style=\"margin-right: 12px;\" src=\"https:\/\/www.ferberpainting.com\/wp-content\/uploads\/2026\/02\/Check.svg\" alt=\"\" width=\"18\" height=\"15\" \/>Optim\u0101la efektivit\u0101te.<\/strong>\u00a0\u0160is indukcijas pl\u012bts t\u012br\u012bt\u0101js ir \u012bpa\u0161i izstr\u0101d\u0101ts, lai efekt\u012bvi likvid\u0113tu \u0113diena gatavo\u0161anas atliekas, tauku p\u0113das, e\u013c\u013cas \u0161\u013cakatas un piedegu\u0161o \u0113dienu nogulsnes. Pateicoties sp\u0113c\u012bgajai formulai, tas iedarbojas dzi\u013ci, nesaskr\u0101p\u0113jot stikla keramikas virsmu, nodro\u0161inot perfektu t\u012br\u012b\u0161anu un vienm\u0113r nevainojamu pl\u012bts virsmu. Tas atst\u0101j aizsargpl\u0113vi, kas atvieglo turpm\u0101ko t\u012br\u012b\u0161anu un samazina \u0113diena atlieku pielip\u0161anu.<\/p>\n<p><strong><img decoding=\"async\" style=\"margin-right: 12px;\" src=\"https:\/\/www.ferberpainting.com\/wp-content\/uploads\/2026\/02\/Check.svg\" alt=\"\" width=\"18\" height=\"15\" \/>Naudas atmaksas garantija.<\/strong>\u00a0M\u0113s esam piln\u012bgi p\u0101rliecin\u0101ti par m\u016bsu t\u012br\u012b\u0161anas l\u012bdzek\u013ca efektivit\u0101ti. Ja p\u0113c lieto\u0161anas j\u016bs neesat piln\u012bb\u0101 apmierin\u0101ts ar rezult\u0101tiem, jums ir ties\u012bbas sa\u0146emt pilnu naudas atmaksu. Izm\u0113\u0123iniet m\u016bsu produktu bez riska un izbaudiet mirdzo\u0161i t\u012bru indukcijas pl\u012bti\u0146u.<\/p>\n<p><strong><img decoding=\"async\" style=\"margin-right: 12px;\" src=\"https:\/\/www.ferberpainting.com\/wp-content\/uploads\/2026\/02\/Check.svg\" alt=\"\" width=\"18\" height=\"15\" \/>Izcila daudzpus\u012bba.<\/strong>\u00a0\u0160is t\u012br\u012b\u0161anas l\u012bdzeklis nav paredz\u0113ts tikai indukcijas pl\u012bt\u012bm! Tas ir ide\u0101li piem\u0113rots ar\u012b stikla keramikas pl\u012bts virsmu, r\u016bd\u012bta stikla pane\u013cu un pat ner\u016bs\u0113jo\u0161\u0101 t\u0113rauda virsmu t\u012br\u012b\u0161anai. Tas ir piem\u0113rots ar\u012b elektrisko pl\u012bts virsmu un aizsargre\u017e\u0123u t\u012br\u012b\u0161anai, nodro\u0161inot optim\u0101lu t\u012br\u012b\u0161anu visda\u017e\u0101d\u0101kaj\u0101m virtuves virsm\u0101m. Tas no\u0146em traipus, neatst\u0101jot sv\u012btras, vienlaikus saglab\u0101jot apstr\u0101d\u0101to virsmu dabisko sp\u012bdumu.<\/p>\n<p><strong><img decoding=\"async\" style=\"margin-right: 12px;\" src=\"https:\/\/www.ferberpainting.com\/wp-content\/uploads\/2026\/02\/Check.svg\" alt=\"\" width=\"18\" height=\"15\" \/>Rentabla veiktsp\u0113ja.<\/strong>\u00a0Pateicoties 5 litru kannas form\u0101tam un augstajai koncentr\u0101cijai, \u0161is t\u012br\u012b\u0161anas l\u012bdzeklis pied\u0101v\u0101 izcilu v\u0113rt\u012bbu. Pietiek ar nelielu daudzumu, lai apstr\u0101d\u0101tu lielu virsmas plat\u012bbu bez iz\u0161\u0137\u0113rd\u0113\u0161anas. Ar vienu litru l\u012bdzek\u013ca var izt\u012br\u012bt vid\u0113ji l\u012bdz 200 m\u00b2 stikla vai stikla keramikas virsmu, t\u0101p\u0113c tas ir ekonomisks risin\u0101jums ikdienas vai profesion\u0101lai lieto\u0161anai.<\/p>\n<p><strong><img decoding=\"async\" style=\"margin-right: 12px;\" src=\"https:\/\/www.ferberpainting.com\/wp-content\/uploads\/2026\/02\/Check.svg\" alt=\"\" width=\"18\" height=\"15\" \/>Dro\u0161a lieto\u0161ana.<\/strong>\u00a0At\u0161\u0137ir\u012bb\u0101 no agres\u012bviem t\u012br\u012b\u0161anas l\u012bdzek\u013ciem, kas var saboj\u0101t trauslo indukcijas pl\u012bts virsmu, \u0161\u012b produkta sast\u0101v\u0101 nav koroz\u012bvu \u0161\u0137\u012bdin\u0101t\u0101ju vai abraz\u012bvu vielu. Tas nerada traipus un mikroskr\u0101p\u0113jumus un saudz\u0113 jut\u012bgus materi\u0101lus. Tas neizdala toksiskus izgarojumus, nodro\u0161inot dro\u0161u t\u012br\u012b\u0161anu pat sl\u0113gt\u0101 virtuv\u0113. Tas ir dro\u0161s bie\u017eai lieto\u0161anai un saglab\u0101 pl\u012bts virsmu kvalit\u0101ti un sp\u012bdumu.<\/p>\n<p><strong><img decoding=\"async\" style=\"margin-right: 12px;\" src=\"https:\/\/www.ferberpainting.com\/wp-content\/uploads\/2026\/02\/Check.svg\" alt=\"\" width=\"18\" height=\"15\" \/>Lieto\u0161anas \u0113rtums.<\/strong>\u00a0\u0160is produkts ir gatavs lieto\u0161anai, un to nav nepiecie\u0161ams at\u0161\u0137aid\u012bt vai sare\u017e\u0123\u012bti apstr\u0101d\u0101t. To uzkl\u0101j tie\u0161i uz t\u012br\u0101m\u0101s virsmas, izmantojot m\u012bkstu dr\u0101nu vai neabraz\u012bvu s\u016bkli. T\u0101 \u0101tr\u0101 iedarb\u012bba no\u0146em atlikumus, neprasot p\u0101rm\u0113r\u012bgu t\u012br\u012b\u0161anu. P\u0113c uzkl\u0101\u0161anas tas neatst\u0101j lip\u012bgus atlikumus un nav j\u0101skalo, padarot t\u0101 lieto\u0161anu praktisku un \u0101tru.<\/p>\n<p><strong><img decoding=\"async\" style=\"margin-right: 12px;\" src=\"https:\/\/www.ferberpainting.com\/wp-content\/uploads\/2026\/02\/Check.svg\" alt=\"\" width=\"18\" height=\"15\" \/>Papla\u0161in\u0101ta iztur\u012bba.<\/strong>\u00a0Regul\u0101ri likvid\u0113jot atlikumus un aizsarg\u0101jot pl\u012bts virsmu, \u0161is t\u012br\u012b\u0161anas l\u012bdzeklis pal\u012bdz pagarin\u0101t t\u0101s kalpo\u0161anas laiku. Tas nov\u0113r\u0161 tauku uzkr\u0101\u0161anos, kas ar laiku var\u0113tu mazin\u0101t indukcijas pl\u012bts efektivit\u0101ti un mat\u0113t t\u0101s sp\u012bdumu. T\u0101 aizsarg\u0101jo\u0161\u0101 iedarb\u012bba samazina intens\u012bvas t\u012br\u012b\u0161anas bie\u017eumu, nodro\u0161inot, ka j\u016bsu pl\u012bts virsma vienm\u0113r ir t\u012bra un funkcion\u0101la.<\/p>\n<p><strong><img decoding=\"async\" style=\"margin-right: 12px;\" src=\"https:\/\/www.ferberpainting.com\/wp-content\/uploads\/2026\/02\/Check.svg\" alt=\"\" width=\"18\" height=\"15\" \/>\u0100tra r\u012bc\u012bba.<\/strong>\u00a0Pateicoties t\u0101 izteikti rea\u0123\u0113jo\u0161ajai formulai, \u0161is t\u012br\u012b\u0161anas l\u012bdzeklis nekav\u0113joties iedarbojas uz traipiem un piedegu\u0161iem \u0113diena nogulsn\u0113m. Tikai da\u017eu sekun\u017eu laik\u0101 tas iz\u0161\u0137\u012bdina net\u012brumus un \u013cauj tos viegli noslauc\u012bt. Tas \u013cauj veikt \u0101tru un efekt\u012bvu t\u012br\u012b\u0161anu, kas ir ide\u0101li piem\u0113rots ikdienas uztur\u0113\u0161anai un nodro\u0161ina vienm\u0113r gatavu pl\u012bts virsmu.<\/p>\n<h2><strong>Lieto\u0161anas protokols<\/strong><\/h2>\n<ul>\n<li><strong>Sagatavo\u0161ana <\/strong>: Pirms produkta lieto\u0161anas p\u0101rliecinieties, ka indukcijas pl\u012bts virsma ir atdzisusi, lai izvair\u012btos no termisk\u0101 \u0161oka un nodro\u0161in\u0101tu optim\u0101lu efektivit\u0101ti.<\/li>\n<li><strong>Manu\u0101la piem\u0113ro\u0161ana <\/strong>: Nelielu t\u012br\u012b\u0161anas l\u012bdzek\u013ca daudzumu uzlejiet uz m\u012bkstas dr\u0101ni\u0146as, mikro\u0161\u0137iedras vai neabraz\u012bvas s\u016bk\u013ca, p\u0113c tam ar ap\u013cveida kust\u012bb\u0101m vienm\u0113r\u012bgi uzkl\u0101jiet uz virsmas.<\/li>\n<li><strong>Notur\u012bgu traipu apstr\u0101de <\/strong>: Ja ir apdegu\u0161as vai ies\u0113du\u0161\u0101s atliekas, \u013caujiet produktam nost\u0101v\u0113ties 30 sekundes l\u012bdz 1 min\u016bti, pirms maigi noskr\u0101p\u0113jiet ar speci\u0101lu stikla keramikas skr\u0101pi.<\/li>\n<li><strong>Atlikumu no\u0146em\u0161ana <\/strong>: Noslaukiet ar t\u012bru, sausu dr\u0101nu, lai no\u0146emtu iz\u0161\u0137\u012bdu\u0161os piemais\u012bjumus un atkl\u0101tu pl\u012bts virsmas dabisko sp\u012bdumu.<\/li>\n<li><strong>Apdare un aizsardz\u012bba <\/strong>: Lai ieg\u016btu v\u0113l \u017eilbino\u0161\u0101ku apdari, izmantojiet p\u0113d\u0113jo sausu lupati\u0146u, lai noslauc\u012btu virsmu un pagarin\u0101tu pretlip\u0161anas efektu.<\/li>\n<li><strong>Lieto\u0161anas bie\u017eums <\/strong>: Uzkl\u0101jiet p\u0113c katras pl\u012bts virsmas lieto\u0161anas reizes, lai nodro\u0161in\u0101tu optim\u0101lu apkopi un nov\u0113rstu gr\u016bti no\u0146emamu atlieku uzkr\u0101\u0161anos. Dzi\u013cai t\u012br\u012b\u0161anai lietojiet vismaz reizi ned\u0113\u013c\u0101.<\/li>\n<li><strong>Uzglab\u0101\u0161ana <\/strong>: P\u0113c katras lieto\u0161anas reizes cie\u0161i aizveriet kanni\u0146u un uzglab\u0101jiet to v\u0113s\u0101, saus\u0101 viet\u0101, pasarg\u0101jot no gaismas un p\u0101rm\u0113r\u012bgas temperat\u016bras, lai saglab\u0101tu l\u012bdzek\u013ca efektivit\u0101ti laika gait\u0101.<\/li>\n<\/ul>\n<p>Izmantojot m\u016bsu indukcijas pl\u012bts virsmu t\u012br\u012b\u0161anas l\u012bdzekli, izbaudiet efekt\u012bvu un vieglu apkopi, vienlaikus saglab\u0101jot j\u016bsu iek\u0101rtas sp\u012bdumu un veiktsp\u0113ju. Ide\u0101ls risin\u0101jums t\u012brai virtuvei un maksim\u0101lam lietot\u0101ja komfortam.<\/p>","protected":false},"excerpt":{"rendered":"<p>Optimal Efficiency.\u00a0This induction cooktop cleaner is specially formulated to effectively eliminate cooking residues, grease marks, oil splashes, and burnt food deposits. Thanks to its powerful formula, it acts deep down without scratching the glass-ceramic surface, ensuring perfect cleaning and an always impeccable cooktop. It leaves a protective film that facilitates future cleanings and reduces the [&hellip;]<\/p>\n","protected":false},"featured_media":36277,"comment_status":"open","ping_status":"closed","template":"","meta":{"_uag_custom_page_level_css":"","site-sidebar-layout":"default","site-content-layout":"","ast-site-content-layout":"default","site-content-style":"default","site-sidebar-style":"default","ast-global-header-display":"","ast-banner-title-visibility":"","ast-main-header-display":"","ast-hfb-above-header-display":"","ast-hfb-below-header-display":"","ast-hfb-mobile-header-display":"","site-post-title":"","ast-breadcrumbs-content":"","ast-featured-img":"","footer-sml-layout":"","ast-disable-related-posts":"","theme-transparent-header-meta":"default","adv-header-id-meta":"","stick-header-meta":"","header-above-stick-meta":"","header-main-stick-meta":"","header-below-stick-meta":"","astra-migrate-meta-layouts":"set","ast-page-background-enabled":"default","ast-page-background-meta":{"desktop":{"background-color":"var(--ast-global-color-4)","background-image":"","background-repeat":"repeat","background-position":"center center","background-size":"auto","background-attachment":"scroll","background-type":"","background-media":"","overlay-type":"","overlay-color":"","overlay-opacity":"","overlay-gradient":""},"tablet":{"background-color":"","background-image":"","background-repeat":"repeat","background-position":"center center","background-size":"auto","background-attachment":"scroll","background-type":"","background-media":"","overlay-type":"","overlay-color":"","overlay-opacity":"","overlay-gradient":""},"mobile":{"background-color":"","background-image":"","background-repeat":"repeat","background-position":"center center","background-size":"auto","background-attachment":"scroll","background-type":"","background-media":"","overlay-type":"","overlay-color":"","overlay-opacity":"","overlay-gradient":""}},"ast-content-background-meta":{"desktop":{"background-color":"var(--ast-global-color-5)","background-image":"","background-repeat":"repeat","background-position":"center center","background-size":"auto","background-attachment":"scroll","background-type":"","background-media":"","overlay-type":"","overlay-color":"","overlay-opacity":"","overlay-gradient":""},"tablet":{"background-color":"var(--ast-global-color-5)","background-image":"","background-repeat":"repeat","background-position":"center center","background-size":"auto","background-attachment":"scroll","background-type":"","background-media":"","overlay-type":"","overlay-color":"","overlay-opacity":"","overlay-gradient":""},"mobile":{"background-color":"var(--ast-global-color-5)","background-image":"","background-repeat":"repeat","background-position":"center center","background-size":"auto","background-attachment":"scroll","background-type":"","background-media":"","overlay-type":"","overlay-color":"","overlay-opacity":"","overlay-gradient":""}}},"product_brand":[],"product_cat":[175],"product_tag":[],"class_list":{"0":"post-23547","1":"product","2":"type-product","3":"status-publish","4":"has-post-thumbnail","6":"product_cat-cleaning-products","7":"desktop-align-left","8":"tablet-align-left","9":"mobile-align-left","11":"first","12":"instock","13":"sale","14":"shipping-taxable","15":"purchasable","16":"product-type-variable","17":"has-default-attributes"},"spectra_custom_meta":{"_visibility":["visible"],"_shopify_product_id":["9106193711349"],"_s2w_shopify_domain":["ferberpainting.myshopify.com"],"_shopify_variant_id":["46625632878837"],"_sku":[""],"_manage_stock":["no"],"total_sales":["4"],"_tax_status":["taxable"],"_tax_class":[""],"_backorders":["no"],"_sold_individually":["no"],"_virtual":["no"],"_downloadable":["no"],"_download_limit":["-1"],"_download_expiry":["-1"],"_stock":[null],"_stock_status":["instock"],"_wc_average_rating":["5.00"],"_wc_review_count":["17"],"_product_attributes":["a:1:{s:6:\"volume\";a:6:{s:4:\"name\";s:6:\"Volume\";s:5:\"value\";s:20:\"5 liters | 25 liters\";s:8:\"position\";i:1;s:10:\"is_visible\";i:0;s:12:\"is_variation\";i:1;s:11:\"is_taxonomy\";i:0;}}"],"_product_version":["10.5.1"],"wpse_downloadable_file_names":[""],"wpse_downloadable_file_urls":[""],"_edit_last":["1"],"_default_attributes":["a:1:{s:6:\"volume\";s:8:\"5 liters\";}"],"_edit_lock":["1771180543:1"],"_price":["29.90","129.90"],"merchant-center-availability":["yes"],"merchant-center-category":["4978"],"_thumbnail_id":["36277"],"_wp_page_template":["default"],"_wp_old_date":["2025-05-26"],"_product_image_gallery":["36278"],"site-sidebar-layout":["default"],"ast-site-content-layout":["default"],"site-content-style":["default"],"site-sidebar-style":["default"],"theme-transparent-header-meta":["default"],"_wc_rating_count":["a:1:{i:5;i:17;}"],"astra-migrate-meta-layouts":["set"],"_uag_css_file_name":["uag-css-23547.css"],"_elementor_page_assets":["a:0:{}"],"_uag_page_assets":["a:9:{s:3:\"css\";s:7133:\".uag-blocks-common-selector{z-index:var(--z-index-desktop) !important}@media(max-width: 976px){.uag-blocks-common-selector{z-index:var(--z-index-tablet) !important}}@media(max-width: 767px){.uag-blocks-common-selector{z-index:var(--z-index-mobile) !important}}.wp-block-uagb-image{display:flex}.wp-block-uagb-image__figure{position:relative;display:flex;flex-direction:column;max-width:100%;height:auto;margin:0}.wp-block-uagb-image__figure img{height:auto;display:flex;max-width:100%;transition:box-shadow .2s ease}.wp-block-uagb-image__figure>a{display:inline-block}.wp-block-uagb-image__figure figcaption{text-align:center;margin-top:.5em;margin-bottom:1em}.wp-block-uagb-image .components-placeholder.block-editor-media-placeholder .components-placeholder__instructions{align-self:center}.wp-block-uagb-image--align-left{text-align:left}.wp-block-uagb-image--align-right{text-align:right}.wp-block-uagb-image--align-center{text-align:center}.wp-block-uagb-image--align-full .wp-block-uagb-image__figure{margin-left:calc(50% - 50vw);margin-right:calc(50% - 50vw);max-width:100vw;width:100vw;height:auto}.wp-block-uagb-image--align-full .wp-block-uagb-image__figure img{height:auto;width:100% !important}.wp-block-uagb-image--align-wide .wp-block-uagb-image__figure img{height:auto;width:100%}.wp-block-uagb-image--layout-overlay__color-wrapper{position:absolute;left:0;top:0;right:0;bottom:0;opacity:.2;background:rgba(0,0,0,.5);transition:opacity .35s ease-in-out}.wp-block-uagb-image--layout-overlay-link{position:absolute;left:0;right:0;bottom:0;top:0}.wp-block-uagb-image--layout-overlay .wp-block-uagb-image__figure:hover .wp-block-uagb-image--layout-overlay__color-wrapper{opacity:1}.wp-block-uagb-image--layout-overlay__inner{position:absolute;left:15px;right:15px;bottom:15px;top:15px;display:flex;align-items:center;justify-content:center;flex-direction:column;border-color:#fff;transition:.35s ease-in-out}.wp-block-uagb-image--layout-overlay__inner.top-left,.wp-block-uagb-image--layout-overlay__inner.top-center,.wp-block-uagb-image--layout-overlay__inner.top-right{justify-content:flex-start}.wp-block-uagb-image--layout-overlay__inner.bottom-left,.wp-block-uagb-image--layout-overlay__inner.bottom-center,.wp-block-uagb-image--layout-overlay__inner.bottom-right{justify-content:flex-end}.wp-block-uagb-image--layout-overlay__inner.top-left,.wp-block-uagb-image--layout-overlay__inner.center-left,.wp-block-uagb-image--layout-overlay__inner.bottom-left{align-items:flex-start}.wp-block-uagb-image--layout-overlay__inner.top-right,.wp-block-uagb-image--layout-overlay__inner.center-right,.wp-block-uagb-image--layout-overlay__inner.bottom-right{align-items:flex-end}.wp-block-uagb-image--layout-overlay__inner .uagb-image-heading{color:#fff;transition:transform .35s,opacity .35s ease-in-out;transform:translate3d(0, 24px, 0);margin:0;line-height:1em}.wp-block-uagb-image--layout-overlay__inner .uagb-image-separator{width:30%;border-top-width:2px;border-top-color:#fff;border-top-style:solid;margin-bottom:10px;opacity:0;transition:transform .4s,opacity .4s ease-in-out;transform:translate3d(0, 30px, 0)}.wp-block-uagb-image--layout-overlay__inner .uagb-image-caption{opacity:0;overflow:visible;color:#fff;transition:transform .45s,opacity .45s ease-in-out;transform:translate3d(0, 35px, 0)}.wp-block-uagb-image--layout-overlay__inner:hover .uagb-image-heading,.wp-block-uagb-image--layout-overlay__inner:hover .uagb-image-separator,.wp-block-uagb-image--layout-overlay__inner:hover .uagb-image-caption{opacity:1;transform:translate3d(0, 0, 0)}.wp-block-uagb-image--effect-zoomin .wp-block-uagb-image__figure img,.wp-block-uagb-image--effect-zoomin .wp-block-uagb-image__figure .wp-block-uagb-image--layout-overlay__color-wrapper{transform:scale(1);transition:transform .35s ease-in-out}.wp-block-uagb-image--effect-zoomin .wp-block-uagb-image__figure:hover img,.wp-block-uagb-image--effect-zoomin .wp-block-uagb-image__figure:hover .wp-block-uagb-image--layout-overlay__color-wrapper{transform:scale(1.05)}.wp-block-uagb-image--effect-slide .wp-block-uagb-image__figure img,.wp-block-uagb-image--effect-slide .wp-block-uagb-image__figure .wp-block-uagb-image--layout-overlay__color-wrapper{width:calc(100% + 40px) !important;max-width:none !important;transform:translate3d(-40px, 0, 0);transition:transform .35s ease-in-out}.wp-block-uagb-image--effect-slide .wp-block-uagb-image__figure:hover img,.wp-block-uagb-image--effect-slide .wp-block-uagb-image__figure:hover .wp-block-uagb-image--layout-overlay__color-wrapper{transform:translate3d(0, 0, 0)}.wp-block-uagb-image--effect-grayscale img{filter:grayscale(0%);transition:.35s ease-in-out}.wp-block-uagb-image--effect-grayscale:hover img{filter:grayscale(100%)}.wp-block-uagb-image--effect-blur img{filter:blur(0);transition:.35s ease-in-out}.wp-block-uagb-image--effect-blur:hover img{filter:blur(3px)}.uagb-block-e6f939b3.wp-block-uagb-image--layout-default figure img{box-shadow: 0px 0px 0 #00000070;}.uagb-block-e6f939b3.wp-block-uagb-image .wp-block-uagb-image__figure figcaption{font-style: normal;align-self: center;}.uagb-block-e6f939b3.wp-block-uagb-image--layout-overlay figure img{box-shadow: 0px 0px 0 #00000070;}.uagb-block-e6f939b3.wp-block-uagb-image--layout-overlay .wp-block-uagb-image--layout-overlay__color-wrapper{opacity: 0.2;}.uagb-block-e6f939b3.wp-block-uagb-image--layout-overlay .wp-block-uagb-image--layout-overlay__inner{left: 15px;right: 15px;top: 15px;bottom: 15px;}.uagb-block-e6f939b3.wp-block-uagb-image--layout-overlay .wp-block-uagb-image--layout-overlay__inner .uagb-image-heading{font-style: normal;color: #fff;opacity: 1;}.uagb-block-e6f939b3.wp-block-uagb-image--layout-overlay .wp-block-uagb-image--layout-overlay__inner .uagb-image-heading a{color: #fff;}.uagb-block-e6f939b3.wp-block-uagb-image--layout-overlay .wp-block-uagb-image--layout-overlay__inner .uagb-image-caption{opacity: 0;}.uagb-block-e6f939b3.wp-block-uagb-image--layout-overlay .wp-block-uagb-image__figure:hover .wp-block-uagb-image--layout-overlay__color-wrapper{opacity: 1;}.uagb-block-e6f939b3.wp-block-uagb-image .wp-block-uagb-image--layout-overlay__inner .uagb-image-separator{width: 30%;border-top-width: 2px;border-top-color: #fff;opacity: 0;}.uagb-block-e6f939b3.wp-block-uagb-image .wp-block-uagb-image__figure img{width: px;height: auto;}.uagb-block-e6f939b3.wp-block-uagb-image .wp-block-uagb-image__figure:hover .wp-block-uagb-image--layout-overlay__inner .uagb-image-caption{opacity: 1;}.uagb-block-e6f939b3.wp-block-uagb-image .wp-block-uagb-image__figure:hover .wp-block-uagb-image--layout-overlay__inner .uagb-image-separator{opacity: 1;}.uagb-block-e6f939b3.wp-block-uagb-image--layout-default figure:hover img{box-shadow: 0px 0px 0 #00000070;}.uagb-block-e6f939b3.wp-block-uagb-image--layout-overlay figure:hover img{box-shadow: 0px 0px 0 #00000070;}@media only screen and (max-width: 976px) {.uagb-block-e6f939b3.wp-block-uagb-image .wp-block-uagb-image__figure img{width: px;height: auto;}}@media only screen and (max-width: 767px) {.uagb-block-e6f939b3.wp-block-uagb-image .wp-block-uagb-image__figure img{width: px;height: auto;}}\";s:2:\"js\";s:0:\"\";s:18:\"current_block_list\";a:13:{i:0;s:11:\"core\/search\";i:1;s:10:\"core\/group\";i:2;s:12:\"core\/heading\";i:3;s:17:\"core\/latest-posts\";i:4;s:20:\"core\/latest-comments\";i:5;s:13:\"core\/archives\";i:6;s:15:\"core\/categories\";i:7;s:14:\"core\/paragraph\";i:8;s:10:\"uagb\/image\";i:9;s:11:\"core\/spacer\";i:10;s:30:\"woocommerce\/product-categories\";i:11;s:10:\"core\/image\";i:12;s:14:\"core\/shortcode\";}s:8:\"uag_flag\";b:1;s:11:\"uag_version\";s:10:\"1777114776\";s:6:\"gfonts\";a:0:{}s:10:\"gfonts_url\";s:0:\"\";s:12:\"gfonts_files\";a:0:{}s:14:\"uag_faq_layout\";b:0;}"]},"uagb_featured_image_src":{"full":["https:\/\/www.ferberpainting.com\/wp-content\/uploads\/2025\/05\/Induction-Hob-Cleaner-5L-.png",2560,2560,false],"thumbnail":["https:\/\/www.ferberpainting.com\/wp-content\/uploads\/2025\/05\/Induction-Hob-Cleaner-5L--150x150.png",150,150,true],"medium":["https:\/\/www.ferberpainting.com\/wp-content\/uploads\/2025\/05\/Induction-Hob-Cleaner-5L--300x300.png",300,300,true],"medium_large":["https:\/\/www.ferberpainting.com\/wp-content\/uploads\/2025\/05\/Induction-Hob-Cleaner-5L--768x768.png",768,768,true],"large":["https:\/\/www.ferberpainting.com\/wp-content\/uploads\/2025\/05\/Induction-Hob-Cleaner-5L--1024x1024.png",1024,1024,true],"1536x1536":["https:\/\/www.ferberpainting.com\/wp-content\/uploads\/2025\/05\/Induction-Hob-Cleaner-5L--1536x1536.png",1536,1536,true],"2048x2048":["https:\/\/www.ferberpainting.com\/wp-content\/uploads\/2025\/05\/Induction-Hob-Cleaner-5L--2048x2048.png",2048,2048,true],"trp-custom-language-flag":["https:\/\/www.ferberpainting.com\/wp-content\/uploads\/2025\/05\/Induction-Hob-Cleaner-5L--12x12.png",12,12,true],"woocommerce_thumbnail":["https:\/\/www.ferberpainting.com\/wp-content\/uploads\/2025\/05\/Induction-Hob-Cleaner-5L--300x300.png",300,300,true],"woocommerce_single":["https:\/\/www.ferberpainting.com\/wp-content\/uploads\/2025\/05\/Induction-Hob-Cleaner-5L--600x600.png",600,600,true],"woocommerce_gallery_thumbnail":["https:\/\/www.ferberpainting.com\/wp-content\/uploads\/2025\/05\/Induction-Hob-Cleaner-5L--100x100.png",100,100,true]},"uagb_author_info":{"display_name":"admin","author_link":"https:\/\/www.ferberpainting.com\/lv\/author\/"},"uagb_comment_info":17,"uagb_excerpt":"Optimal Efficiency.\u00a0This induction cooktop cleaner is specially formulated to effectively eliminate cooking residues, grease marks, oil splashes, and burnt food deposits. Thanks to its powerful formula, it acts deep down without scratching the glass-ceramic surface, ensuring perfect cleaning and an always impeccable cooktop. It leaves a protective film that facilitates future cleanings and reduces the&hellip;","_links":{"self":[{"href":"https:\/\/www.ferberpainting.com\/lv\/wp-json\/wp\/v2\/product\/23547","targetHints":{"allow":["GET"]}}],"collection":[{"href":"https:\/\/www.ferberpainting.com\/lv\/wp-json\/wp\/v2\/product"}],"about":[{"href":"https:\/\/www.ferberpainting.com\/lv\/wp-json\/wp\/v2\/types\/product"}],"replies":[{"embeddable":true,"href":"https:\/\/www.ferberpainting.com\/lv\/wp-json\/wp\/v2\/comments?post=23547"}],"version-history":[{"count":3,"href":"https:\/\/www.ferberpainting.com\/lv\/wp-json\/wp\/v2\/product\/23547\/revisions"}],"predecessor-version":[{"id":166372,"href":"https:\/\/www.ferberpainting.com\/lv\/wp-json\/wp\/v2\/product\/23547\/revisions\/166372"}],"wp:featuredmedia":[{"embeddable":true,"href":"https:\/\/www.ferberpainting.com\/lv\/wp-json\/wp\/v2\/media\/36277"}],"wp:attachment":[{"href":"https:\/\/www.ferberpainting.com\/lv\/wp-json\/wp\/v2\/media?parent=23547"}],"wp:term":[{"taxonomy":"product_brand","embeddable":true,"href":"https:\/\/www.ferberpainting.com\/lv\/wp-json\/wp\/v2\/product_brand?post=23547"},{"taxonomy":"product_cat","embeddable":true,"href":"https:\/\/www.ferberpainting.com\/lv\/wp-json\/wp\/v2\/product_cat?post=23547"},{"taxonomy":"product_tag","embeddable":true,"href":"https:\/\/www.ferberpainting.com\/lv\/wp-json\/wp\/v2\/product_tag?post=23547"}],"curies":[{"name":"wp","href":"https:\/\/api.w.org\/{rel}","templated":true}]}}