{"id":23530,"date":"2025-07-01T12:03:26","date_gmt":"2025-07-01T10:03:26","guid":{"rendered":"https:\/\/www.ferberpainting.com\/?post_type=product&#038;p=23530"},"modified":"2026-02-15T19:21:59","modified_gmt":"2026-02-15T18:21:59","slug":"hardwood-and-laminate-floor-cleaner","status":"publish","type":"product","link":"https:\/\/www.ferberpainting.com\/lv\/products\/hardwood-and-laminate-floor-cleaner\/","title":{"rendered":"Parketa t\u012br\u012b\u0161anas l\u012bdzeklis"},"content":{"rendered":"<p><strong><img decoding=\"async\" style=\"margin-right: 12px;\" src=\"https:\/\/www.ferberpainting.com\/wp-content\/uploads\/2026\/02\/Check.svg\" alt=\"\" width=\"18\" height=\"15\" \/>Optim\u0101la efektivit\u0101te.<\/strong>\u00a0\u0160is koka gr\u012bdu t\u012br\u012b\u0161anas l\u012bdzeklis ir \u012bpa\u0161i izstr\u0101d\u0101ts, lai efekt\u012bvi likvid\u0113tu putek\u013cus, traipus, p\u0113du nospiedumus un ikdienas net\u012brumus. Tas darbojas maigi, saudz\u0113jot koka virsmu, atjaunojot t\u0101s dabisko sp\u012bdumu un t\u012bru izskatu, neatst\u0101jot nek\u0101dus nos\u0113dumus vai sv\u012btras. Tas ir ide\u0101li piem\u0113rots ar\u012b dzi\u013cas t\u012br\u012b\u0161anas proced\u016br\u0101m, lai atjaunotu koka gr\u012bdu s\u0101kotn\u0113jo izskatu.<\/p>\n<p><strong><img decoding=\"async\" style=\"margin-right: 12px;\" src=\"https:\/\/www.ferberpainting.com\/wp-content\/uploads\/2026\/02\/Check.svg\" alt=\"\" width=\"18\" height=\"15\" \/>Garant\u0113ta apmierin\u0101t\u012bba vai naudas atmaksa.<\/strong>\u00a0M\u0113s esam piln\u012bb\u0101 p\u0101rliecin\u0101ti par m\u016bsu gr\u012bdas t\u012br\u012bt\u0101ja efektivit\u0101ti. Ja p\u0113c lieto\u0161anas neesat piln\u012bb\u0101 apmierin\u0101ts, jums ir ties\u012bbas sa\u0146emt pilnu naudas atmaksu. Izm\u0113\u0123iniet \u0161o t\u012br\u012b\u0161anas l\u012bdzekli piln\u012bgi mier\u012bgi un izbaudiet nevainojami t\u012bras gr\u012bdas bez riska.<\/p>\n<p><strong><img decoding=\"async\" style=\"margin-right: 12px;\" src=\"https:\/\/www.ferberpainting.com\/wp-content\/uploads\/2026\/02\/Check.svg\" alt=\"\" width=\"18\" height=\"15\" \/>Izcila daudzpus\u012bba.<\/strong>\u00a0\u0160is t\u012br\u012b\u0161anas l\u012bdzeklis nav paredz\u0113ts tikai mas\u012bvkoka gr\u012bd\u0101m! Tas ir sader\u012bgs ar\u012b ar lamin\u0101ta gr\u012bd\u0101m, stiklot\u0101m, e\u013c\u013cot\u0101m, vaskot\u0101m un lakot\u0101m parketa gr\u012bd\u0101m, un to var izmantot pat uz da\u017e\u0101m neapstr\u0101d\u0101t\u0101m vai kompoz\u012btmateri\u0101lu koka virsm\u0101m, iev\u0113rojot lieto\u0161anas piesardz\u012bbas pas\u0101kumus. T\u0101 maig\u0101 un efekt\u012bv\u0101 iedarb\u012bba ir piem\u0113rota visiem koka gr\u012bdas segumu veidiem neatkar\u012bgi no to apdares vai to\u0146a.<\/p>\n<p><strong><img decoding=\"async\" style=\"margin-right: 12px;\" src=\"https:\/\/www.ferberpainting.com\/wp-content\/uploads\/2026\/02\/Check.svg\" alt=\"\" width=\"18\" height=\"15\" \/>Rentabilit\u0101te.<\/strong>\u00a0Pateicoties 5 litru tilpumam un \u013coti koncentr\u0113tai formulai, \u0161is t\u012br\u012b\u0161anas l\u012bdzeklis nodro\u0161ina izcilu efektivit\u0101ti. Neliels daudzums ir pietiekams lielu virsmu t\u012br\u012b\u0161anai bez zudumiem. Vid\u0113ji ar 1 litru var izt\u012br\u012bt l\u012bdz 100 m\u00b2, padarot to par ekonomisku un ilgsto\u0161i lietojamu risin\u0101jumu koka gr\u012bdu kop\u0161anai.<\/p>\n<p><strong><img decoding=\"async\" style=\"margin-right: 12px;\" src=\"https:\/\/www.ferberpainting.com\/wp-content\/uploads\/2026\/02\/Check.svg\" alt=\"\" width=\"18\" height=\"15\" \/>Dro\u0161a lieto\u0161ana.<\/strong>\u00a0At\u0161\u0137ir\u012bb\u0101 no tirg\u016b pieejamajiem skarbajiem l\u012bdzek\u013ciem \u0161is t\u012br\u012b\u0161anas l\u012bdzeklis nesatur abraz\u012bvus \u0161\u0137\u012bdin\u0101t\u0101jus vai kait\u012bgas vielas. Tas ir nekait\u012bgs videi, neizdala toksiskus izgarojumus un neboj\u0101 koksni vai aizsargapdares materi\u0101lus. Tas ir piem\u0113rots ar\u012b m\u0101jok\u013ciem, kuros ir b\u0113rni un m\u0101jdz\u012bvnieki, nodro\u0161inot dro\u0161u un mier\u012bgu lieto\u0161anu.<\/p>\n<p><strong><img decoding=\"async\" style=\"margin-right: 12px;\" src=\"https:\/\/www.ferberpainting.com\/wp-content\/uploads\/2026\/02\/Check.svg\" alt=\"\" width=\"18\" height=\"15\" \/>Lieto\u0161anas \u0113rtums.<\/strong>\u00a0\u0160is produkts ir gatavs lieto\u0161anai, to nav nepiecie\u0161ams at\u0161\u0137aid\u012bt vai sagatavot. Vienk\u0101r\u0161i uzkl\u0101jiet to tie\u0161i uz gr\u012bdas, izmantojot mopu, mitru dr\u0101nu vai s\u016bkli, un vienm\u0113r\u012bgi izklied\u0113jiet. Tas \u0101tri no\u017e\u016bst bez skalo\u0161anas, padarot to vienk\u0101r\u0161u un praktisku ikdienas t\u012br\u012b\u0161anai.<\/p>\n<p><strong><img decoding=\"async\" style=\"margin-right: 12px;\" src=\"https:\/\/www.ferberpainting.com\/wp-content\/uploads\/2026\/02\/Check.svg\" alt=\"\" width=\"18\" height=\"15\" \/>Ilgsto\u0161a iztur\u012bba.<\/strong>\u00a0Efekt\u012bvi t\u012brot un saglab\u0101jot koksnes apdari, \u0161is produkts paildzina j\u016bsu gr\u012bdas kalpo\u0161anas laiku. Tas pasarg\u0101 no priek\u0161laic\u012bga nodiluma, nov\u0113r\u0161 putek\u013cu un net\u012brumu uzkr\u0101\u0161anos un nov\u0113r\u0161 abraz\u012bvu atlieku rad\u012btos mikroplaisas. Regul\u0101ra lieto\u0161ana uztur gr\u012bdu nevainojam\u0101 st\u0101vokl\u012b daudzus gadus.<\/p>\n<p><strong><img decoding=\"async\" style=\"margin-right: 12px;\" src=\"https:\/\/www.ferberpainting.com\/wp-content\/uploads\/2026\/02\/Check.svg\" alt=\"\" width=\"18\" height=\"15\" \/>\u0100tra r\u012bc\u012bba.<\/strong>\u00a0Pateicoties \u012bpa\u0161i rea\u0123\u0113jo\u0161ai formulai, \u0161is t\u012br\u012b\u0161anas l\u012bdzeklis nekav\u0113joties iedarbojas uz net\u012brumiem un traipiem. Pietiek tikai ar da\u017eiem slauc\u012b\u0161anas reiz\u0113m, lai ar minim\u0101lu piep\u016bli ieg\u016btu t\u012bru un sp\u012bd\u012bgu gr\u012bdu. T\u0101 \u0101tr\u0101 \u017e\u016b\u0161ana nov\u0113r\u0161 sv\u012btru veido\u0161anos un \u013cauj nekav\u0113joties izmantot izt\u012br\u012bto vietu.<\/p>\n<h2><strong>Lieto\u0161anas instrukcijas<\/strong><\/h2>\n<ul>\n<li><strong>Sagatavo\u0161ana <\/strong>: Pirms produkta uzkl\u0101\u0161anas ar slotu vai putek\u013cu s\u016bc\u0113ju p\u0101rliecinieties, vai uz gr\u012bdas nav putek\u013cu.<\/li>\n<li><strong>Pieteikums <\/strong>: Nelielu daudzumu t\u012br\u012b\u0161anas l\u012bdzek\u013ca uzlejiet tie\u0161i uz mopa, s\u016bk\u013ca vai mitras dr\u0101nas.<\/li>\n<li><strong>T\u012br\u012b\u0161ana <\/strong>: Noslaukiet virsmu vienm\u0113r\u012bgi, veicot regul\u0101ras kust\u012bbas uz priek\u0161u un atpaka\u013c, nedaudz vair\u0101k piespie\u017eot stipri net\u012br\u0101s viet\u0101s.<\/li>\n<li><strong>\u017d\u0101v\u0113\u0161ana <\/strong>: \u013baujiet tai dabiski iz\u017e\u016bt, neizskalojot. T\u0101 formula bez atlikumiem uzreiz atjauno gr\u012bdas sp\u012bdumu.<\/li>\n<li><strong>Regul\u0101ra apkope <\/strong>: Izmantojiet \u0161o t\u012br\u012b\u0161anas l\u012bdzekli reizi vai divas reizes ned\u0113\u013c\u0101, lai uztur\u0113tu gr\u012bdas t\u012bras un pasarg\u0101tu t\u0101s no \u0101r\u0113j\u0101 nolietojuma.<\/li>\n<li><strong>Uzglab\u0101\u0161ana <\/strong>: P\u0113c katras lieto\u0161anas reizes cie\u0161i aiztaisiet pudel\u012bti un uzglab\u0101jiet v\u0113s\u0101, saus\u0101 viet\u0101, pasarg\u0101jot no gaismas un p\u0101rm\u0113r\u012bgas temperat\u016bras, lai saglab\u0101tu t\u0101s efektivit\u0101ti.<\/li>\n<\/ul>\n<p>Izmantojot m\u016bsu koka gr\u012bdu t\u012br\u012b\u0161anas l\u012bdzekli, nodro\u0161iniet sav\u0101m gr\u012bd\u0101m optim\u0101lu kop\u0161anu, vieglu t\u012br\u012b\u0161anu un ilgsto\u0161u aizsardz\u012bbu vienm\u0113r mirdzo\u0161\u0101m koka virsm\u0101m.<\/p>","protected":false},"excerpt":{"rendered":"<p>Optimal effectiveness.\u00a0This wood floor cleaner is specially formulated to effectively eliminate dust, stains, footprints, and daily grime. It works gently while respecting the surface of the wood, restoring its natural shine and clean appearance without leaving any residue or streaks. It is also ideal for deep cleaning routines to restore the original look of wooden [&hellip;]<\/p>\n","protected":false},"featured_media":36287,"comment_status":"open","ping_status":"closed","template":"","meta":{"_uag_custom_page_level_css":"","site-sidebar-layout":"default","site-content-layout":"","ast-site-content-layout":"default","site-content-style":"default","site-sidebar-style":"default","ast-global-header-display":"","ast-banner-title-visibility":"","ast-main-header-display":"","ast-hfb-above-header-display":"","ast-hfb-below-header-display":"","ast-hfb-mobile-header-display":"","site-post-title":"","ast-breadcrumbs-content":"","ast-featured-img":"","footer-sml-layout":"","ast-disable-related-posts":"","theme-transparent-header-meta":"default","adv-header-id-meta":"","stick-header-meta":"","header-above-stick-meta":"","header-main-stick-meta":"","header-below-stick-meta":"","astra-migrate-meta-layouts":"set","ast-page-background-enabled":"default","ast-page-background-meta":{"desktop":{"background-color":"var(--ast-global-color-4)","background-image":"","background-repeat":"repeat","background-position":"center center","background-size":"auto","background-attachment":"scroll","background-type":"","background-media":"","overlay-type":"","overlay-color":"","overlay-opacity":"","overlay-gradient":""},"tablet":{"background-color":"","background-image":"","background-repeat":"repeat","background-position":"center center","background-size":"auto","background-attachment":"scroll","background-type":"","background-media":"","overlay-type":"","overlay-color":"","overlay-opacity":"","overlay-gradient":""},"mobile":{"background-color":"","background-image":"","background-repeat":"repeat","background-position":"center center","background-size":"auto","background-attachment":"scroll","background-type":"","background-media":"","overlay-type":"","overlay-color":"","overlay-opacity":"","overlay-gradient":""}},"ast-content-background-meta":{"desktop":{"background-color":"var(--ast-global-color-5)","background-image":"","background-repeat":"repeat","background-position":"center center","background-size":"auto","background-attachment":"scroll","background-type":"","background-media":"","overlay-type":"","overlay-color":"","overlay-opacity":"","overlay-gradient":""},"tablet":{"background-color":"var(--ast-global-color-5)","background-image":"","background-repeat":"repeat","background-position":"center center","background-size":"auto","background-attachment":"scroll","background-type":"","background-media":"","overlay-type":"","overlay-color":"","overlay-opacity":"","overlay-gradient":""},"mobile":{"background-color":"var(--ast-global-color-5)","background-image":"","background-repeat":"repeat","background-position":"center center","background-size":"auto","background-attachment":"scroll","background-type":"","background-media":"","overlay-type":"","overlay-color":"","overlay-opacity":"","overlay-gradient":""}}},"product_brand":[],"product_cat":[175],"product_tag":[],"class_list":{"0":"post-23530","1":"product","2":"type-product","3":"status-publish","4":"has-post-thumbnail","6":"product_cat-cleaning-products","7":"desktop-align-left","8":"tablet-align-left","9":"mobile-align-left","11":"first","12":"instock","13":"sale","14":"taxable","15":"shipping-taxable","16":"purchasable","17":"product-type-variable","18":"has-default-attributes"},"spectra_custom_meta":{"_visibility":["visible"],"_shopify_product_id":["9101801390325"],"_s2w_shopify_domain":["ferberpainting.myshopify.com"],"_shopify_variant_id":["46613490172149"],"_sku":[""],"_manage_stock":["no"],"total_sales":["10"],"_tax_status":["taxable"],"_tax_class":[""],"_backorders":["no"],"_sold_individually":["no"],"_virtual":["no"],"_downloadable":["no"],"_download_limit":["-1"],"_download_expiry":["-1"],"_stock":[null],"_stock_status":["instock"],"_wc_average_rating":["5.00"],"_wc_review_count":["32"],"_product_attributes":["a:1:{s:6:\"volume\";a:6:{s:4:\"name\";s:6:\"Volume\";s:5:\"value\";s:20:\"5 liters | 25 liters\";s:8:\"position\";i:1;s:10:\"is_visible\";i:0;s:12:\"is_variation\";i:1;s:11:\"is_taxonomy\";i:0;}}"],"_product_version":["10.5.1"],"wpse_downloadable_file_names":[""],"wpse_downloadable_file_urls":[""],"_edit_last":["1"],"_default_attributes":["a:1:{s:6:\"volume\";s:8:\"5 liters\";}"],"_edit_lock":["1771179594:1"],"_price":["29.90","129.90"],"merchant-center-availability":["yes"],"merchant-center-category":["4977"],"_thumbnail_id":["36287"],"_wp_page_template":["default"],"_wp_old_date":["2025-05-26"],"_product_image_gallery":["36288"],"site-sidebar-layout":["default"],"ast-site-content-layout":["default"],"site-content-style":["default"],"site-sidebar-style":["default"],"theme-transparent-header-meta":["default"],"_wc_rating_count":["a:1:{i:5;i:32;}"],"astra-migrate-meta-layouts":["set"],"_uag_css_file_name":["uag-css-23530.css"],"_elementor_page_assets":["a:0:{}"],"_uag_page_assets":["a:9:{s:3:\"css\";s:7133:\".uag-blocks-common-selector{z-index:var(--z-index-desktop) !important}@media(max-width: 976px){.uag-blocks-common-selector{z-index:var(--z-index-tablet) !important}}@media(max-width: 767px){.uag-blocks-common-selector{z-index:var(--z-index-mobile) !important}}.wp-block-uagb-image{display:flex}.wp-block-uagb-image__figure{position:relative;display:flex;flex-direction:column;max-width:100%;height:auto;margin:0}.wp-block-uagb-image__figure img{height:auto;display:flex;max-width:100%;transition:box-shadow .2s ease}.wp-block-uagb-image__figure>a{display:inline-block}.wp-block-uagb-image__figure figcaption{text-align:center;margin-top:.5em;margin-bottom:1em}.wp-block-uagb-image .components-placeholder.block-editor-media-placeholder .components-placeholder__instructions{align-self:center}.wp-block-uagb-image--align-left{text-align:left}.wp-block-uagb-image--align-right{text-align:right}.wp-block-uagb-image--align-center{text-align:center}.wp-block-uagb-image--align-full .wp-block-uagb-image__figure{margin-left:calc(50% - 50vw);margin-right:calc(50% - 50vw);max-width:100vw;width:100vw;height:auto}.wp-block-uagb-image--align-full .wp-block-uagb-image__figure img{height:auto;width:100% !important}.wp-block-uagb-image--align-wide .wp-block-uagb-image__figure img{height:auto;width:100%}.wp-block-uagb-image--layout-overlay__color-wrapper{position:absolute;left:0;top:0;right:0;bottom:0;opacity:.2;background:rgba(0,0,0,.5);transition:opacity .35s ease-in-out}.wp-block-uagb-image--layout-overlay-link{position:absolute;left:0;right:0;bottom:0;top:0}.wp-block-uagb-image--layout-overlay .wp-block-uagb-image__figure:hover .wp-block-uagb-image--layout-overlay__color-wrapper{opacity:1}.wp-block-uagb-image--layout-overlay__inner{position:absolute;left:15px;right:15px;bottom:15px;top:15px;display:flex;align-items:center;justify-content:center;flex-direction:column;border-color:#fff;transition:.35s ease-in-out}.wp-block-uagb-image--layout-overlay__inner.top-left,.wp-block-uagb-image--layout-overlay__inner.top-center,.wp-block-uagb-image--layout-overlay__inner.top-right{justify-content:flex-start}.wp-block-uagb-image--layout-overlay__inner.bottom-left,.wp-block-uagb-image--layout-overlay__inner.bottom-center,.wp-block-uagb-image--layout-overlay__inner.bottom-right{justify-content:flex-end}.wp-block-uagb-image--layout-overlay__inner.top-left,.wp-block-uagb-image--layout-overlay__inner.center-left,.wp-block-uagb-image--layout-overlay__inner.bottom-left{align-items:flex-start}.wp-block-uagb-image--layout-overlay__inner.top-right,.wp-block-uagb-image--layout-overlay__inner.center-right,.wp-block-uagb-image--layout-overlay__inner.bottom-right{align-items:flex-end}.wp-block-uagb-image--layout-overlay__inner .uagb-image-heading{color:#fff;transition:transform .35s,opacity .35s ease-in-out;transform:translate3d(0, 24px, 0);margin:0;line-height:1em}.wp-block-uagb-image--layout-overlay__inner .uagb-image-separator{width:30%;border-top-width:2px;border-top-color:#fff;border-top-style:solid;margin-bottom:10px;opacity:0;transition:transform .4s,opacity .4s ease-in-out;transform:translate3d(0, 30px, 0)}.wp-block-uagb-image--layout-overlay__inner .uagb-image-caption{opacity:0;overflow:visible;color:#fff;transition:transform .45s,opacity .45s ease-in-out;transform:translate3d(0, 35px, 0)}.wp-block-uagb-image--layout-overlay__inner:hover .uagb-image-heading,.wp-block-uagb-image--layout-overlay__inner:hover .uagb-image-separator,.wp-block-uagb-image--layout-overlay__inner:hover .uagb-image-caption{opacity:1;transform:translate3d(0, 0, 0)}.wp-block-uagb-image--effect-zoomin .wp-block-uagb-image__figure img,.wp-block-uagb-image--effect-zoomin .wp-block-uagb-image__figure .wp-block-uagb-image--layout-overlay__color-wrapper{transform:scale(1);transition:transform .35s ease-in-out}.wp-block-uagb-image--effect-zoomin .wp-block-uagb-image__figure:hover img,.wp-block-uagb-image--effect-zoomin .wp-block-uagb-image__figure:hover .wp-block-uagb-image--layout-overlay__color-wrapper{transform:scale(1.05)}.wp-block-uagb-image--effect-slide .wp-block-uagb-image__figure img,.wp-block-uagb-image--effect-slide .wp-block-uagb-image__figure .wp-block-uagb-image--layout-overlay__color-wrapper{width:calc(100% + 40px) !important;max-width:none !important;transform:translate3d(-40px, 0, 0);transition:transform .35s ease-in-out}.wp-block-uagb-image--effect-slide .wp-block-uagb-image__figure:hover img,.wp-block-uagb-image--effect-slide .wp-block-uagb-image__figure:hover .wp-block-uagb-image--layout-overlay__color-wrapper{transform:translate3d(0, 0, 0)}.wp-block-uagb-image--effect-grayscale img{filter:grayscale(0%);transition:.35s ease-in-out}.wp-block-uagb-image--effect-grayscale:hover img{filter:grayscale(100%)}.wp-block-uagb-image--effect-blur img{filter:blur(0);transition:.35s ease-in-out}.wp-block-uagb-image--effect-blur:hover img{filter:blur(3px)}.uagb-block-e6f939b3.wp-block-uagb-image--layout-default figure img{box-shadow: 0px 0px 0 #00000070;}.uagb-block-e6f939b3.wp-block-uagb-image .wp-block-uagb-image__figure figcaption{font-style: normal;align-self: center;}.uagb-block-e6f939b3.wp-block-uagb-image--layout-overlay figure img{box-shadow: 0px 0px 0 #00000070;}.uagb-block-e6f939b3.wp-block-uagb-image--layout-overlay .wp-block-uagb-image--layout-overlay__color-wrapper{opacity: 0.2;}.uagb-block-e6f939b3.wp-block-uagb-image--layout-overlay .wp-block-uagb-image--layout-overlay__inner{left: 15px;right: 15px;top: 15px;bottom: 15px;}.uagb-block-e6f939b3.wp-block-uagb-image--layout-overlay .wp-block-uagb-image--layout-overlay__inner .uagb-image-heading{font-style: normal;color: #fff;opacity: 1;}.uagb-block-e6f939b3.wp-block-uagb-image--layout-overlay .wp-block-uagb-image--layout-overlay__inner .uagb-image-heading a{color: #fff;}.uagb-block-e6f939b3.wp-block-uagb-image--layout-overlay .wp-block-uagb-image--layout-overlay__inner .uagb-image-caption{opacity: 0;}.uagb-block-e6f939b3.wp-block-uagb-image--layout-overlay .wp-block-uagb-image__figure:hover .wp-block-uagb-image--layout-overlay__color-wrapper{opacity: 1;}.uagb-block-e6f939b3.wp-block-uagb-image .wp-block-uagb-image--layout-overlay__inner .uagb-image-separator{width: 30%;border-top-width: 2px;border-top-color: #fff;opacity: 0;}.uagb-block-e6f939b3.wp-block-uagb-image .wp-block-uagb-image__figure img{width: px;height: auto;}.uagb-block-e6f939b3.wp-block-uagb-image .wp-block-uagb-image__figure:hover .wp-block-uagb-image--layout-overlay__inner .uagb-image-caption{opacity: 1;}.uagb-block-e6f939b3.wp-block-uagb-image .wp-block-uagb-image__figure:hover .wp-block-uagb-image--layout-overlay__inner .uagb-image-separator{opacity: 1;}.uagb-block-e6f939b3.wp-block-uagb-image--layout-default figure:hover img{box-shadow: 0px 0px 0 #00000070;}.uagb-block-e6f939b3.wp-block-uagb-image--layout-overlay figure:hover img{box-shadow: 0px 0px 0 #00000070;}@media only screen and (max-width: 976px) {.uagb-block-e6f939b3.wp-block-uagb-image .wp-block-uagb-image__figure img{width: px;height: auto;}}@media only screen and (max-width: 767px) {.uagb-block-e6f939b3.wp-block-uagb-image .wp-block-uagb-image__figure img{width: px;height: auto;}}\";s:2:\"js\";s:0:\"\";s:18:\"current_block_list\";a:13:{i:0;s:11:\"core\/search\";i:1;s:10:\"core\/group\";i:2;s:12:\"core\/heading\";i:3;s:17:\"core\/latest-posts\";i:4;s:20:\"core\/latest-comments\";i:5;s:13:\"core\/archives\";i:6;s:15:\"core\/categories\";i:7;s:14:\"core\/paragraph\";i:8;s:10:\"uagb\/image\";i:9;s:11:\"core\/spacer\";i:10;s:30:\"woocommerce\/product-categories\";i:11;s:10:\"core\/image\";i:12;s:14:\"core\/shortcode\";}s:8:\"uag_flag\";b:1;s:11:\"uag_version\";s:10:\"1777229818\";s:6:\"gfonts\";a:0:{}s:10:\"gfonts_url\";s:0:\"\";s:12:\"gfonts_files\";a:0:{}s:14:\"uag_faq_layout\";b:0;}"]},"uagb_featured_image_src":{"full":["https:\/\/www.ferberpainting.com\/wp-content\/uploads\/2025\/05\/Hardwood-and-Laminate-Floor-Cleaner-5L-Mockup-.png",2560,2560,false],"thumbnail":["https:\/\/www.ferberpainting.com\/wp-content\/uploads\/2025\/05\/Hardwood-and-Laminate-Floor-Cleaner-5L-Mockup--150x150.png",150,150,true],"medium":["https:\/\/www.ferberpainting.com\/wp-content\/uploads\/2025\/05\/Hardwood-and-Laminate-Floor-Cleaner-5L-Mockup--300x300.png",300,300,true],"medium_large":["https:\/\/www.ferberpainting.com\/wp-content\/uploads\/2025\/05\/Hardwood-and-Laminate-Floor-Cleaner-5L-Mockup--768x768.png",768,768,true],"large":["https:\/\/www.ferberpainting.com\/wp-content\/uploads\/2025\/05\/Hardwood-and-Laminate-Floor-Cleaner-5L-Mockup--1024x1024.png",1024,1024,true],"1536x1536":["https:\/\/www.ferberpainting.com\/wp-content\/uploads\/2025\/05\/Hardwood-and-Laminate-Floor-Cleaner-5L-Mockup--1536x1536.png",1536,1536,true],"2048x2048":["https:\/\/www.ferberpainting.com\/wp-content\/uploads\/2025\/05\/Hardwood-and-Laminate-Floor-Cleaner-5L-Mockup--2048x2048.png",2048,2048,true],"trp-custom-language-flag":["https:\/\/www.ferberpainting.com\/wp-content\/uploads\/2025\/05\/Hardwood-and-Laminate-Floor-Cleaner-5L-Mockup--12x12.png",12,12,true],"woocommerce_thumbnail":["https:\/\/www.ferberpainting.com\/wp-content\/uploads\/2025\/05\/Hardwood-and-Laminate-Floor-Cleaner-5L-Mockup--300x300.png",300,300,true],"woocommerce_single":["https:\/\/www.ferberpainting.com\/wp-content\/uploads\/2025\/05\/Hardwood-and-Laminate-Floor-Cleaner-5L-Mockup--600x600.png",600,600,true],"woocommerce_gallery_thumbnail":["https:\/\/www.ferberpainting.com\/wp-content\/uploads\/2025\/05\/Hardwood-and-Laminate-Floor-Cleaner-5L-Mockup--100x100.png",100,100,true]},"uagb_author_info":{"display_name":"admin","author_link":"https:\/\/www.ferberpainting.com\/lv\/author\/"},"uagb_comment_info":32,"uagb_excerpt":"Optimal effectiveness.\u00a0This wood floor cleaner is specially formulated to effectively eliminate dust, stains, footprints, and daily grime. It works gently while respecting the surface of the wood, restoring its natural shine and clean appearance without leaving any residue or streaks. It is also ideal for deep cleaning routines to restore the original look of wooden&hellip;","_links":{"self":[{"href":"https:\/\/www.ferberpainting.com\/lv\/wp-json\/wp\/v2\/product\/23530","targetHints":{"allow":["GET"]}}],"collection":[{"href":"https:\/\/www.ferberpainting.com\/lv\/wp-json\/wp\/v2\/product"}],"about":[{"href":"https:\/\/www.ferberpainting.com\/lv\/wp-json\/wp\/v2\/types\/product"}],"replies":[{"embeddable":true,"href":"https:\/\/www.ferberpainting.com\/lv\/wp-json\/wp\/v2\/comments?post=23530"}],"version-history":[{"count":4,"href":"https:\/\/www.ferberpainting.com\/lv\/wp-json\/wp\/v2\/product\/23530\/revisions"}],"predecessor-version":[{"id":166355,"href":"https:\/\/www.ferberpainting.com\/lv\/wp-json\/wp\/v2\/product\/23530\/revisions\/166355"}],"wp:featuredmedia":[{"embeddable":true,"href":"https:\/\/www.ferberpainting.com\/lv\/wp-json\/wp\/v2\/media\/36287"}],"wp:attachment":[{"href":"https:\/\/www.ferberpainting.com\/lv\/wp-json\/wp\/v2\/media?parent=23530"}],"wp:term":[{"taxonomy":"product_brand","embeddable":true,"href":"https:\/\/www.ferberpainting.com\/lv\/wp-json\/wp\/v2\/product_brand?post=23530"},{"taxonomy":"product_cat","embeddable":true,"href":"https:\/\/www.ferberpainting.com\/lv\/wp-json\/wp\/v2\/product_cat?post=23530"},{"taxonomy":"product_tag","embeddable":true,"href":"https:\/\/www.ferberpainting.com\/lv\/wp-json\/wp\/v2\/product_tag?post=23530"}],"curies":[{"name":"wp","href":"https:\/\/api.w.org\/{rel}","templated":true}]}}