{"id":23517,"date":"2025-07-01T11:59:28","date_gmt":"2025-07-01T09:59:28","guid":{"rendered":"https:\/\/www.ferberpainting.com\/?post_type=product&#038;p=23508"},"modified":"2026-02-15T19:12:45","modified_gmt":"2026-02-15T18:12:45","slug":"grout-water-repellent","status":"publish","type":"product","link":"https:\/\/www.ferberpainting.com\/lv\/products\/grout-water-repellent\/","title":{"rendered":"\u016adeni atgr\u016bdo\u0161s \u0161uvju l\u012bdzeklis"},"content":{"rendered":"<p><strong><img decoding=\"async\" style=\"margin-right: 12px;\" src=\"https:\/\/www.ferberpainting.com\/wp-content\/uploads\/2026\/02\/Check.svg\" alt=\"\" width=\"18\" height=\"15\" \/>Ilgsto\u0161a aizsardz\u012bba pret mitrumu.<\/strong>\u00a0\u0160is \u0161uvju \u016bdensnecaurlaid\u012bgais p\u0101rkl\u0101jums ir ide\u0101ls risin\u0101jums, lai aizsarg\u0101tu j\u016bsu \u0161uves no \u016bdens iek\u013c\u016b\u0161anas un mitruma. Tas rada \u016bdensnecaurlaid\u012bgu barjeru uz \u0161uvju virsm\u0101m, nov\u0113r\u0161ot \u016bdens iek\u013c\u016b\u0161anu, vienlaikus \u013caujot blakus eso\u0161ajiem materi\u0101liem elpot. Ide\u0101li piem\u0113rots fl\u012b\u017eu, m\u016bra, betona vai \u0137ie\u0123e\u013cu \u0161uv\u0113m, tas nodro\u0161ina ilgsto\u0161u aizsardz\u012bbu gan iek\u0161telp\u0101s, gan \u0101r\u0101.<\/p>\n<p><strong><img decoding=\"async\" style=\"margin-right: 12px;\" src=\"https:\/\/www.ferberpainting.com\/wp-content\/uploads\/2026\/02\/Check.svg\" alt=\"\" width=\"18\" height=\"15\" \/>Garant\u0113ta apmierin\u0101t\u012bba vai naudas atmaksa.<\/strong>\u00a0M\u0113s esam p\u0101rliecin\u0101ti par m\u016bsu produkta efektivit\u0101ti, t\u0101p\u0113c pied\u0101v\u0101jam apmierin\u0101t\u012bbas vai naudas atmaksas garantiju. Ja neesat piln\u012bb\u0101 apmierin\u0101ts ar rezult\u0101tiem, varat piepras\u012bt pilnu naudas atmaksu. \u0160\u012b garantija \u013cauj jums p\u0101rbaud\u012bt produktu bez riska un baud\u012bt bezr\u016bp\u012bgu pirk\u0161anas pieredzi.<\/p>\n<p><strong><img decoding=\"async\" style=\"margin-right: 12px;\" src=\"https:\/\/www.ferberpainting.com\/wp-content\/uploads\/2026\/02\/Check.svg\" alt=\"\" width=\"18\" height=\"15\" \/>Sader\u012bgs ar pla\u0161u materi\u0101lu kl\u0101stu.<\/strong>\u00a0\u0160is izstr\u0101d\u0101jums ir paredz\u0113ts lieto\u0161anai uz da\u017e\u0101da veida \u0161uv\u0113m un materi\u0101liem. Tas ir \u012bpa\u0161i efekt\u012bvs uz fl\u012b\u017eu, betona, cementa un \u0137ie\u0123e\u013cu \u0161uv\u0113m, k\u0101 ar\u012b l\u012bdz\u012bgiem materi\u0101liem. Neatkar\u012bgi no t\u0101, vai to paredz\u0113ts izmantot vannas istab\u0101, virtuv\u0113, teras\u0113 vai \u0101r\u0101 mitruma iedarb\u012bbai pak\u013caut\u0101s \u0161uvju viet\u0101s, \u0161is \u0161uvju \u016bdensnecaurlaid\u012bgais l\u012bdzeklis ir univers\u0101ls risin\u0101jums, kas nodro\u0161ina optim\u0101lu veiktsp\u0113ju uz daudz\u0101m virsm\u0101m.<\/p>\n<p><strong><img decoding=\"async\" style=\"margin-right: 12px;\" src=\"https:\/\/www.ferberpainting.com\/wp-content\/uploads\/2026\/02\/Check.svg\" alt=\"\" width=\"18\" height=\"15\" \/>Ekonomiska veiktsp\u0113ja.<\/strong>\u00a0\u0160is \u0161uvju \u016bdensnecaurlaid\u012bgais p\u0101rkl\u0101jums nodro\u0161ina lielisku izmaksu efektivit\u0101ti. Ar vienu 5 litru tvertni var apstr\u0101d\u0101t vair\u0101kus desmitus kvadr\u0101tmetru \u0161uvju, nodro\u0161inot ilgtermi\u0146a aizsardz\u012bbu ar vienu uzkl\u0101\u0161anu. Viens litrs vid\u0113ji apstr\u0101d\u0101 aptuveni 10 l\u012bdz 12 m\u00b2 \u0161uvju atkar\u012bb\u0101 no to lieluma un porain\u012bbas, t\u0101p\u0113c tas ir lieliski piem\u0113rots lieliem projektiem.<\/p>\n<p><strong><img decoding=\"async\" style=\"margin-right: 12px;\" src=\"https:\/\/www.ferberpainting.com\/wp-content\/uploads\/2026\/02\/Check.svg\" alt=\"\" width=\"18\" height=\"15\" \/>Dro\u0161s un materi\u0101li draudz\u012bgs.<\/strong>\u00a0\u0160is produkts ir veidots no \u012bpa\u0161i izv\u0113l\u0113t\u0101m sast\u0101vda\u013c\u0101m dro\u0161ai lieto\u0161anai, un tas saudz\u0113 apstr\u0101d\u0101tos materi\u0101lus. T\u0101 sast\u0101v\u0101 nav asu \u0137imik\u0101liju, t\u0101p\u0113c tas ir ide\u0101li piem\u0113rots jut\u012bg\u0101m virsm\u0101m, piem\u0113ram, fl\u012b\u017eu \u0161uv\u0113m un porainiem materi\u0101liem. Tas nemaina \u0161uvju izskatu, tekst\u016bru vai kr\u0101su, nodro\u0161inot dabisku un est\u0113tisku apdari.<\/p>\n<p><strong><img decoding=\"async\" style=\"margin-right: 12px;\" src=\"https:\/\/www.ferberpainting.com\/wp-content\/uploads\/2026\/02\/Check.svg\" alt=\"\" width=\"18\" height=\"15\" \/>\u0100tra un vienk\u0101r\u0161a lieto\u0161ana.<\/strong>\u00a0\u0160is \u0161uvju \u016bdensnecaurlaid\u012bgais l\u012bdzeklis ir gatavs lieto\u0161anai, nav nepiecie\u0161ams at\u0161\u0137aid\u012bt. T\u0101 vienk\u0101r\u0161a lieto\u0161ana neprasa \u012bpa\u0161as iema\u0146as. Vienk\u0101r\u0161i izsmidziniet to tie\u0161i uz \u0161uv\u0113m un izkl\u0101jiet ar otu, rull\u012bti vai s\u016bkli. Produkts viegli uzs\u016bcas un \u0101tri no\u017e\u016bst, nodro\u0161inot t\u016bl\u012bt\u0113ju aizsardz\u012bbu pret mitrumu.<\/p>\n<p><strong><img decoding=\"async\" style=\"margin-right: 12px;\" src=\"https:\/\/www.ferberpainting.com\/wp-content\/uploads\/2026\/02\/Check.svg\" alt=\"\" width=\"18\" height=\"15\" \/>Uzlabota iztur\u012bba.<\/strong>\u00a0P\u0113c uzkl\u0101\u0161anas produkts veido neredzamu barjeru, kas aizsarg\u0101 \u0161uves no mitruma un \u016bdens m\u0113ne\u0161iem vai pat gadiem ilgi, atkar\u012bb\u0101 no iedarb\u012bbas. Tas ir izstr\u0101d\u0101ts t\u0101, lai iztur\u0113tu skarbus \u0101ra apst\u0101k\u013cus, un viegli nesaboj\u0101jas pat p\u0113c vair\u0101kk\u0101rt\u0113jas mazg\u0101\u0161anas vai augsta mitruma periodiem. J\u016bs g\u016bsiet labumu no ilgnotur\u012bgas aizsardz\u012bbas ar minim\u0101lu apkopi.<\/p>\n<p><strong><img decoding=\"async\" style=\"margin-right: 12px;\" src=\"https:\/\/www.ferberpainting.com\/wp-content\/uploads\/2026\/02\/Check.svg\" alt=\"\" width=\"18\" height=\"15\" \/>\u0100tra darb\u012bba un t\u016bl\u012bt\u0113ja efektivit\u0101te.<\/strong>\u00a0\u0160is \u0161uvju \u016bdensnecaurlaid\u012bgais l\u012bdzeklis darbojas \u013coti \u0101tri. P\u0113c vienk\u0101r\u0161as uzkl\u0101\u0161anas produkts parasti no\u017e\u016bst maz\u0101k nek\u0101 p\u0113c stundas un s\u0101k darboties aizsarg\u0101jo\u0161i. Tas gandr\u012bz uzreiz s\u0101k atvair\u012bt \u016bdeni, \u013caujot dr\u012bz p\u0113c tam turpin\u0101t apstr\u0101d\u0101t\u0101s vietas izmanto\u0161anu.<\/p>\n<h2><strong>Lieto\u0161anas protokols<\/strong><\/h2>\n<ul>\n<li><strong>Virsmas sagatavo\u0161ana <\/strong>: Pirms \u0161uvju \u016bdensnecaurlaid\u012bg\u0101 p\u0101rkl\u0101juma uzkl\u0101\u0161anas p\u0101rliecinieties, ka \u0161uves ir t\u012bras, sausas un bez putek\u013ciem, net\u012brumiem vai atlikumiem. Ja nepiecie\u0161ams, not\u012briet \u0161uves ar piem\u0113rotu t\u012br\u012b\u0161anas l\u012bdzekli un \u013caujiet t\u0101m piln\u012bb\u0101 no\u017e\u016bt. Ir svar\u012bgi, lai \u0161uves b\u016btu piln\u012bgi sausas, lai nodro\u0161in\u0101tu pareizu produkta uzs\u016bk\u0161anos.<\/li>\n<li><strong>Produkta pielietojums <\/strong>: Produkts ir gatavs lieto\u0161anai, un to nav nepiecie\u0161ams at\u0161\u0137aid\u012bt. Pirms lieto\u0161anas trauku viegli sakratiet. Izsmidziniet l\u012bdzekli tie\u0161i uz \u0161uv\u0113m vienm\u0113r\u012bgi. J\u016bs varat izmantot ar\u012b otu vai s\u016bkli, lai izklied\u0113tu l\u012bdzekli un nodro\u0161in\u0101tu piln\u012bgu iek\u013c\u016b\u0161anu.<\/li>\n<li><strong>Izmantojam\u0101 summa <\/strong>: Vid\u0113ji viens litrs produkta sedz aptuveni 10 l\u012bdz 12 m\u00b2 \u0161uvju. Optim\u0101lai aizsardz\u012bbai uzkl\u0101jiet vair\u0101kus vieglus p\u0101rkl\u0101jumus, nevis vienu biezu k\u0101rtu.<\/li>\n<li><strong>\u017d\u0101v\u0113\u0161anas laiks <\/strong>: P\u0113c uzkl\u0101\u0161anas \u013caujiet produktam no\u017e\u016bt no 30 min\u016bt\u0113m l\u012bdz 1 stundai atkar\u012bb\u0101 no temperat\u016bras un mitruma. P\u0113c iz\u017e\u016b\u0161anas tas veido \u016bdensnecaurlaid\u012bgu barjeru, kas efekt\u012bvi aizsarg\u0101 pret \u016bdens iek\u013c\u016b\u0161anu. Lai ieg\u016btu lab\u0101kos rezult\u0101tus, pirmaj\u0101s stund\u0101s p\u0113c uzkl\u0101\u0161anas izvairieties no virsmas pak\u013cau\u0161anas mitruma iedarb\u012bbai.<\/li>\n<li><strong>Uztur\u0113\u0161ana un atk\u0101rtota piem\u0113ro\u0161ana <\/strong>: Lai saglab\u0101tu produkta efektivit\u0101ti, to ieteicams atk\u0101rtoti lietot ik p\u0113c 6 l\u012bdz 12 m\u0113ne\u0161iem atkar\u012bb\u0101 no laikapst\u0101k\u013cu iedarb\u012bbas un mitruma. Vienk\u0101r\u0161a \u0161uvju p\u0101rbaude pal\u012bdz\u0113s noteikt, vai nepiecie\u0161ams jauns uzkl\u0101\u0161anas veids. Ja par\u0101d\u0101s nodiluma vai \u016bdens iek\u013c\u016b\u0161anas paz\u012bmes, atk\u0101rtoti uzkl\u0101jiet produktu.<\/li>\n<li><strong>Papildu piesardz\u012bbas pas\u0101kumi <\/strong>: Izvairieties lietot asus vai abraz\u012bvus t\u012br\u012b\u0161anas l\u012bdzek\u013cus uz apstr\u0101d\u0101taj\u0101m \u0161uv\u0113m, jo tie var saboj\u0101t \u016bdensnecaurlaid\u012bgo p\u0101rkl\u0101jumu. Ja t\u012br\u012b\u0161ana ir nepiecie\u0161ama, izv\u0113lieties maigus, ner\u016bs\u0113jo\u0161us l\u012bdzek\u013cus, lai saglab\u0101tu hidroizol\u0101ciju un pagarin\u0101tu t\u0101s kalpo\u0161anas laiku.<\/li>\n<\/ul>\n<p>Savienojumu hidroizolators ir vienk\u0101r\u0161s, \u0101trs un efekt\u012bvs risin\u0101jums, lai pagarin\u0101tu savienojumu kalpo\u0161anas laiku, vienlaikus aizsarg\u0101jot tos no mitruma. Neatkar\u012bgi no t\u0101, vai tas paredz\u0113ts fl\u012b\u017eu, m\u016bra vai betona \u0161uv\u0113m, tas pal\u012bdz\u0113s jums saglab\u0101t j\u016bsu virsmas sausas un iztur\u012bgas pat \u013coti mitr\u0101 vid\u0113.<\/p>","protected":false},"excerpt":{"rendered":"<p>Long-Lasting Protection Against Moisture.\u00a0This joint waterproofer is the ideal solution to protect your joints from water infiltration and humidity. It creates a waterproof barrier on joint surfaces, preventing water from penetrating while allowing adjacent materials to breathe. Perfect for tile, masonry, concrete, or brick joints, it provides long-lasting protection, whether used indoors or outdoors. Satisfaction [&hellip;]<\/p>\n","protected":false},"featured_media":36284,"comment_status":"open","ping_status":"closed","template":"","meta":{"_uag_custom_page_level_css":"","site-sidebar-layout":"default","site-content-layout":"","ast-site-content-layout":"default","site-content-style":"default","site-sidebar-style":"default","ast-global-header-display":"","ast-banner-title-visibility":"","ast-main-header-display":"","ast-hfb-above-header-display":"","ast-hfb-below-header-display":"","ast-hfb-mobile-header-display":"","site-post-title":"","ast-breadcrumbs-content":"","ast-featured-img":"","footer-sml-layout":"","ast-disable-related-posts":"","theme-transparent-header-meta":"default","adv-header-id-meta":"","stick-header-meta":"","header-above-stick-meta":"","header-main-stick-meta":"","header-below-stick-meta":"","astra-migrate-meta-layouts":"set","ast-page-background-enabled":"default","ast-page-background-meta":{"desktop":{"background-color":"var(--ast-global-color-4)","background-image":"","background-repeat":"repeat","background-position":"center center","background-size":"auto","background-attachment":"scroll","background-type":"","background-media":"","overlay-type":"","overlay-color":"","overlay-opacity":"","overlay-gradient":""},"tablet":{"background-color":"","background-image":"","background-repeat":"repeat","background-position":"center center","background-size":"auto","background-attachment":"scroll","background-type":"","background-media":"","overlay-type":"","overlay-color":"","overlay-opacity":"","overlay-gradient":""},"mobile":{"background-color":"","background-image":"","background-repeat":"repeat","background-position":"center center","background-size":"auto","background-attachment":"scroll","background-type":"","background-media":"","overlay-type":"","overlay-color":"","overlay-opacity":"","overlay-gradient":""}},"ast-content-background-meta":{"desktop":{"background-color":"var(--ast-global-color-5)","background-image":"","background-repeat":"repeat","background-position":"center center","background-size":"auto","background-attachment":"scroll","background-type":"","background-media":"","overlay-type":"","overlay-color":"","overlay-opacity":"","overlay-gradient":""},"tablet":{"background-color":"var(--ast-global-color-5)","background-image":"","background-repeat":"repeat","background-position":"center center","background-size":"auto","background-attachment":"scroll","background-type":"","background-media":"","overlay-type":"","overlay-color":"","overlay-opacity":"","overlay-gradient":""},"mobile":{"background-color":"var(--ast-global-color-5)","background-image":"","background-repeat":"repeat","background-position":"center center","background-size":"auto","background-attachment":"scroll","background-type":"","background-media":"","overlay-type":"","overlay-color":"","overlay-opacity":"","overlay-gradient":""}}},"product_brand":[],"product_cat":[191],"product_tag":[],"class_list":{"0":"post-23517","1":"product","2":"type-product","3":"status-publish","4":"has-post-thumbnail","6":"product_cat-water-repellent","7":"desktop-align-left","8":"tablet-align-left","9":"mobile-align-left","11":"first","12":"instock","13":"sale","14":"taxable","15":"shipping-taxable","16":"purchasable","17":"product-type-variable","18":"has-default-attributes"},"spectra_custom_meta":{"_visibility":["visible"],"_shopify_product_id":["9106583847157"],"_s2w_shopify_domain":["ferberpainting.myshopify.com"],"_shopify_variant_id":["46626295415029"],"_sku":[""],"_manage_stock":["no"],"total_sales":["15"],"_tax_status":["taxable"],"_tax_class":[""],"_backorders":["no"],"_sold_individually":["no"],"_virtual":["no"],"_downloadable":["no"],"_download_limit":["-1"],"_download_expiry":["-1"],"_stock":[null],"_stock_status":["instock"],"_wc_average_rating":["5.00"],"_wc_review_count":["10"],"_product_attributes":["a:1:{s:6:\"volume\";a:6:{s:4:\"name\";s:6:\"Volume\";s:5:\"value\";s:20:\"5 liters | 25 liters\";s:8:\"position\";i:1;s:10:\"is_visible\";i:0;s:12:\"is_variation\";i:1;s:11:\"is_taxonomy\";i:0;}}"],"_product_version":["10.5.1"],"wpse_downloadable_file_names":[""],"wpse_downloadable_file_urls":[""],"_edit_last":["1"],"_default_attributes":["a:1:{s:6:\"volume\";s:8:\"5 liters\";}"],"_edit_lock":["1771179050:1"],"_price":["29.90","129.90"],"merchant-center-category":["503744"],"merchant-center-availability":["yes"],"_thumbnail_id":["36284"],"_wp_page_template":["default"],"_wp_old_date":["2025-05-26"],"_product_image_gallery":["36278"],"site-sidebar-layout":["default"],"ast-site-content-layout":["default"],"site-content-style":["default"],"site-sidebar-style":["default"],"theme-transparent-header-meta":["default"],"_wc_rating_count":["a:1:{i:5;i:10;}"],"astra-migrate-meta-layouts":["set"],"_uag_css_file_name":["uag-css-23517.css"],"_elementor_page_assets":["a:0:{}"],"_uag_page_assets":["a:9:{s:3:\"css\";s:7133:\".uag-blocks-common-selector{z-index:var(--z-index-desktop) !important}@media(max-width: 976px){.uag-blocks-common-selector{z-index:var(--z-index-tablet) !important}}@media(max-width: 767px){.uag-blocks-common-selector{z-index:var(--z-index-mobile) !important}}.wp-block-uagb-image{display:flex}.wp-block-uagb-image__figure{position:relative;display:flex;flex-direction:column;max-width:100%;height:auto;margin:0}.wp-block-uagb-image__figure img{height:auto;display:flex;max-width:100%;transition:box-shadow .2s ease}.wp-block-uagb-image__figure>a{display:inline-block}.wp-block-uagb-image__figure figcaption{text-align:center;margin-top:.5em;margin-bottom:1em}.wp-block-uagb-image .components-placeholder.block-editor-media-placeholder .components-placeholder__instructions{align-self:center}.wp-block-uagb-image--align-left{text-align:left}.wp-block-uagb-image--align-right{text-align:right}.wp-block-uagb-image--align-center{text-align:center}.wp-block-uagb-image--align-full .wp-block-uagb-image__figure{margin-left:calc(50% - 50vw);margin-right:calc(50% - 50vw);max-width:100vw;width:100vw;height:auto}.wp-block-uagb-image--align-full .wp-block-uagb-image__figure img{height:auto;width:100% !important}.wp-block-uagb-image--align-wide .wp-block-uagb-image__figure img{height:auto;width:100%}.wp-block-uagb-image--layout-overlay__color-wrapper{position:absolute;left:0;top:0;right:0;bottom:0;opacity:.2;background:rgba(0,0,0,.5);transition:opacity .35s ease-in-out}.wp-block-uagb-image--layout-overlay-link{position:absolute;left:0;right:0;bottom:0;top:0}.wp-block-uagb-image--layout-overlay .wp-block-uagb-image__figure:hover .wp-block-uagb-image--layout-overlay__color-wrapper{opacity:1}.wp-block-uagb-image--layout-overlay__inner{position:absolute;left:15px;right:15px;bottom:15px;top:15px;display:flex;align-items:center;justify-content:center;flex-direction:column;border-color:#fff;transition:.35s ease-in-out}.wp-block-uagb-image--layout-overlay__inner.top-left,.wp-block-uagb-image--layout-overlay__inner.top-center,.wp-block-uagb-image--layout-overlay__inner.top-right{justify-content:flex-start}.wp-block-uagb-image--layout-overlay__inner.bottom-left,.wp-block-uagb-image--layout-overlay__inner.bottom-center,.wp-block-uagb-image--layout-overlay__inner.bottom-right{justify-content:flex-end}.wp-block-uagb-image--layout-overlay__inner.top-left,.wp-block-uagb-image--layout-overlay__inner.center-left,.wp-block-uagb-image--layout-overlay__inner.bottom-left{align-items:flex-start}.wp-block-uagb-image--layout-overlay__inner.top-right,.wp-block-uagb-image--layout-overlay__inner.center-right,.wp-block-uagb-image--layout-overlay__inner.bottom-right{align-items:flex-end}.wp-block-uagb-image--layout-overlay__inner .uagb-image-heading{color:#fff;transition:transform .35s,opacity .35s ease-in-out;transform:translate3d(0, 24px, 0);margin:0;line-height:1em}.wp-block-uagb-image--layout-overlay__inner .uagb-image-separator{width:30%;border-top-width:2px;border-top-color:#fff;border-top-style:solid;margin-bottom:10px;opacity:0;transition:transform .4s,opacity .4s ease-in-out;transform:translate3d(0, 30px, 0)}.wp-block-uagb-image--layout-overlay__inner .uagb-image-caption{opacity:0;overflow:visible;color:#fff;transition:transform .45s,opacity .45s ease-in-out;transform:translate3d(0, 35px, 0)}.wp-block-uagb-image--layout-overlay__inner:hover .uagb-image-heading,.wp-block-uagb-image--layout-overlay__inner:hover .uagb-image-separator,.wp-block-uagb-image--layout-overlay__inner:hover .uagb-image-caption{opacity:1;transform:translate3d(0, 0, 0)}.wp-block-uagb-image--effect-zoomin .wp-block-uagb-image__figure img,.wp-block-uagb-image--effect-zoomin .wp-block-uagb-image__figure .wp-block-uagb-image--layout-overlay__color-wrapper{transform:scale(1);transition:transform .35s ease-in-out}.wp-block-uagb-image--effect-zoomin .wp-block-uagb-image__figure:hover img,.wp-block-uagb-image--effect-zoomin .wp-block-uagb-image__figure:hover .wp-block-uagb-image--layout-overlay__color-wrapper{transform:scale(1.05)}.wp-block-uagb-image--effect-slide .wp-block-uagb-image__figure img,.wp-block-uagb-image--effect-slide .wp-block-uagb-image__figure .wp-block-uagb-image--layout-overlay__color-wrapper{width:calc(100% + 40px) !important;max-width:none !important;transform:translate3d(-40px, 0, 0);transition:transform .35s ease-in-out}.wp-block-uagb-image--effect-slide .wp-block-uagb-image__figure:hover img,.wp-block-uagb-image--effect-slide .wp-block-uagb-image__figure:hover .wp-block-uagb-image--layout-overlay__color-wrapper{transform:translate3d(0, 0, 0)}.wp-block-uagb-image--effect-grayscale img{filter:grayscale(0%);transition:.35s ease-in-out}.wp-block-uagb-image--effect-grayscale:hover img{filter:grayscale(100%)}.wp-block-uagb-image--effect-blur img{filter:blur(0);transition:.35s ease-in-out}.wp-block-uagb-image--effect-blur:hover img{filter:blur(3px)}.uagb-block-e6f939b3.wp-block-uagb-image--layout-default figure img{box-shadow: 0px 0px 0 #00000070;}.uagb-block-e6f939b3.wp-block-uagb-image .wp-block-uagb-image__figure figcaption{font-style: normal;align-self: center;}.uagb-block-e6f939b3.wp-block-uagb-image--layout-overlay figure img{box-shadow: 0px 0px 0 #00000070;}.uagb-block-e6f939b3.wp-block-uagb-image--layout-overlay .wp-block-uagb-image--layout-overlay__color-wrapper{opacity: 0.2;}.uagb-block-e6f939b3.wp-block-uagb-image--layout-overlay .wp-block-uagb-image--layout-overlay__inner{left: 15px;right: 15px;top: 15px;bottom: 15px;}.uagb-block-e6f939b3.wp-block-uagb-image--layout-overlay .wp-block-uagb-image--layout-overlay__inner .uagb-image-heading{font-style: normal;color: #fff;opacity: 1;}.uagb-block-e6f939b3.wp-block-uagb-image--layout-overlay .wp-block-uagb-image--layout-overlay__inner .uagb-image-heading a{color: #fff;}.uagb-block-e6f939b3.wp-block-uagb-image--layout-overlay .wp-block-uagb-image--layout-overlay__inner .uagb-image-caption{opacity: 0;}.uagb-block-e6f939b3.wp-block-uagb-image--layout-overlay .wp-block-uagb-image__figure:hover .wp-block-uagb-image--layout-overlay__color-wrapper{opacity: 1;}.uagb-block-e6f939b3.wp-block-uagb-image .wp-block-uagb-image--layout-overlay__inner .uagb-image-separator{width: 30%;border-top-width: 2px;border-top-color: #fff;opacity: 0;}.uagb-block-e6f939b3.wp-block-uagb-image .wp-block-uagb-image__figure img{width: px;height: auto;}.uagb-block-e6f939b3.wp-block-uagb-image .wp-block-uagb-image__figure:hover .wp-block-uagb-image--layout-overlay__inner .uagb-image-caption{opacity: 1;}.uagb-block-e6f939b3.wp-block-uagb-image .wp-block-uagb-image__figure:hover .wp-block-uagb-image--layout-overlay__inner .uagb-image-separator{opacity: 1;}.uagb-block-e6f939b3.wp-block-uagb-image--layout-default figure:hover img{box-shadow: 0px 0px 0 #00000070;}.uagb-block-e6f939b3.wp-block-uagb-image--layout-overlay figure:hover img{box-shadow: 0px 0px 0 #00000070;}@media only screen and (max-width: 976px) {.uagb-block-e6f939b3.wp-block-uagb-image .wp-block-uagb-image__figure img{width: px;height: auto;}}@media only screen and (max-width: 767px) {.uagb-block-e6f939b3.wp-block-uagb-image .wp-block-uagb-image__figure img{width: px;height: auto;}}\";s:2:\"js\";s:0:\"\";s:18:\"current_block_list\";a:13:{i:0;s:11:\"core\/search\";i:1;s:10:\"core\/group\";i:2;s:12:\"core\/heading\";i:3;s:17:\"core\/latest-posts\";i:4;s:20:\"core\/latest-comments\";i:5;s:13:\"core\/archives\";i:6;s:15:\"core\/categories\";i:7;s:14:\"core\/paragraph\";i:8;s:10:\"uagb\/image\";i:9;s:11:\"core\/spacer\";i:10;s:30:\"woocommerce\/product-categories\";i:11;s:10:\"core\/image\";i:12;s:14:\"core\/shortcode\";}s:8:\"uag_flag\";b:1;s:11:\"uag_version\";s:10:\"1777267632\";s:6:\"gfonts\";a:0:{}s:10:\"gfonts_url\";s:0:\"\";s:12:\"gfonts_files\";a:0:{}s:14:\"uag_faq_layout\";b:0;}"]},"uagb_featured_image_src":{"full":["https:\/\/www.ferberpainting.com\/wp-content\/uploads\/2025\/05\/Grout-Water-Repellent-5L-.png",2560,2560,false],"thumbnail":["https:\/\/www.ferberpainting.com\/wp-content\/uploads\/2025\/05\/Grout-Water-Repellent-5L--150x150.png",150,150,true],"medium":["https:\/\/www.ferberpainting.com\/wp-content\/uploads\/2025\/05\/Grout-Water-Repellent-5L--300x300.png",300,300,true],"medium_large":["https:\/\/www.ferberpainting.com\/wp-content\/uploads\/2025\/05\/Grout-Water-Repellent-5L--768x768.png",768,768,true],"large":["https:\/\/www.ferberpainting.com\/wp-content\/uploads\/2025\/05\/Grout-Water-Repellent-5L--1024x1024.png",1024,1024,true],"1536x1536":["https:\/\/www.ferberpainting.com\/wp-content\/uploads\/2025\/05\/Grout-Water-Repellent-5L--1536x1536.png",1536,1536,true],"2048x2048":["https:\/\/www.ferberpainting.com\/wp-content\/uploads\/2025\/05\/Grout-Water-Repellent-5L--2048x2048.png",2048,2048,true],"trp-custom-language-flag":["https:\/\/www.ferberpainting.com\/wp-content\/uploads\/2025\/05\/Grout-Water-Repellent-5L--12x12.png",12,12,true],"woocommerce_thumbnail":["https:\/\/www.ferberpainting.com\/wp-content\/uploads\/2025\/05\/Grout-Water-Repellent-5L--300x300.png",300,300,true],"woocommerce_single":["https:\/\/www.ferberpainting.com\/wp-content\/uploads\/2025\/05\/Grout-Water-Repellent-5L--600x600.png",600,600,true],"woocommerce_gallery_thumbnail":["https:\/\/www.ferberpainting.com\/wp-content\/uploads\/2025\/05\/Grout-Water-Repellent-5L--100x100.png",100,100,true]},"uagb_author_info":{"display_name":"admin","author_link":"https:\/\/www.ferberpainting.com\/lv\/author\/"},"uagb_comment_info":10,"uagb_excerpt":"Long-Lasting Protection Against Moisture.\u00a0This joint waterproofer is the ideal solution to protect your joints from water infiltration and humidity. It creates a waterproof barrier on joint surfaces, preventing water from penetrating while allowing adjacent materials to breathe. Perfect for tile, masonry, concrete, or brick joints, it provides long-lasting protection, whether used indoors or outdoors. Satisfaction&hellip;","_links":{"self":[{"href":"https:\/\/www.ferberpainting.com\/lv\/wp-json\/wp\/v2\/product\/23517","targetHints":{"allow":["GET"]}}],"collection":[{"href":"https:\/\/www.ferberpainting.com\/lv\/wp-json\/wp\/v2\/product"}],"about":[{"href":"https:\/\/www.ferberpainting.com\/lv\/wp-json\/wp\/v2\/types\/product"}],"replies":[{"embeddable":true,"href":"https:\/\/www.ferberpainting.com\/lv\/wp-json\/wp\/v2\/comments?post=23517"}],"version-history":[{"count":4,"href":"https:\/\/www.ferberpainting.com\/lv\/wp-json\/wp\/v2\/product\/23517\/revisions"}],"predecessor-version":[{"id":166347,"href":"https:\/\/www.ferberpainting.com\/lv\/wp-json\/wp\/v2\/product\/23517\/revisions\/166347"}],"wp:featuredmedia":[{"embeddable":true,"href":"https:\/\/www.ferberpainting.com\/lv\/wp-json\/wp\/v2\/media\/36284"}],"wp:attachment":[{"href":"https:\/\/www.ferberpainting.com\/lv\/wp-json\/wp\/v2\/media?parent=23517"}],"wp:term":[{"taxonomy":"product_brand","embeddable":true,"href":"https:\/\/www.ferberpainting.com\/lv\/wp-json\/wp\/v2\/product_brand?post=23517"},{"taxonomy":"product_cat","embeddable":true,"href":"https:\/\/www.ferberpainting.com\/lv\/wp-json\/wp\/v2\/product_cat?post=23517"},{"taxonomy":"product_tag","embeddable":true,"href":"https:\/\/www.ferberpainting.com\/lv\/wp-json\/wp\/v2\/product_tag?post=23517"}],"curies":[{"name":"wp","href":"https:\/\/api.w.org\/{rel}","templated":true}]}}