{"id":23511,"date":"2025-05-26T10:24:29","date_gmt":"2025-05-26T08:24:29","guid":{"rendered":"https:\/\/www.ferberpainting.com\/products\/green-plant-fertilizer\/"},"modified":"2026-02-15T16:49:00","modified_gmt":"2026-02-15T15:49:00","slug":"green-plant-fertilizer","status":"publish","type":"product","link":"https:\/\/www.ferberpainting.com\/lv\/products\/green-plant-fertilizer\/","title":{"rendered":"Za\u013cais augu m\u0113slojums"},"content":{"rendered":"<p><strong><img decoding=\"async\" style=\"margin-right: 12px;\" src=\"https:\/\/www.ferberpainting.com\/wp-content\/uploads\/2026\/02\/Check.svg\" alt=\"\" width=\"18\" height=\"15\" \/>Pilnv\u0113rt\u012bgs m\u0113slojums dz\u012bv\u012bgiem augiem.<\/strong>\u00a0\u0160is za\u013co augu m\u0113slojums ir izstr\u0101d\u0101ts, lai apmierin\u0101tu istabas un \u0101ra augu \u012bpa\u0161\u0101s vajadz\u012bbas. Pateicoties NPK 15-15-15 sast\u0101vam, tas nodro\u0161ina perfektu l\u012bdzsvaru starp sl\u0101pekli (N), kas nodro\u0161ina bl\u012bvu un sp\u0113c\u012bgu lapotni, fosforu (P), kas nodro\u0161ina labu sak\u0146u att\u012bst\u012bbu, un k\u0101liju (K), kas palielina iztur\u012bbu pret slim\u012bb\u0101m un vides stresu. T\u0101d\u0113j\u0101di tas nodro\u0161ina vesel\u012bgus augus ar sul\u012bgi za\u013c\u0101m lap\u0101m un nep\u0101rtrauktu aug\u0161anu.<\/p>\n<p><strong><img decoding=\"async\" style=\"margin-right: 12px;\" src=\"https:\/\/www.ferberpainting.com\/wp-content\/uploads\/2026\/02\/Check.svg\" alt=\"\" width=\"18\" height=\"15\" \/>Naudas atmaksas garantija.<\/strong>\u00a0M\u0113s esam piln\u012bgi p\u0101rliecin\u0101ti par m\u016bsu za\u013c\u0101 augu m\u0113slojuma efektivit\u0101ti. T\u0101p\u0113c m\u0113s pied\u0101v\u0101jam naudas atmaksas garantiju Ja p\u0113c m\u0113slojuma lieto\u0161anas saska\u0146\u0101 ar ieteikumiem j\u016bs nepaman\u012bsiet iev\u0113rojamu uzlabojumu savu augu vesel\u012bb\u0101 un vitalit\u0101t\u0113, m\u0113s ap\u0146emamies jums atmaks\u0101t naudu bez jebk\u0101da riska.<\/p>\n<p><strong><img decoding=\"async\" style=\"margin-right: 12px;\" src=\"https:\/\/www.ferberpainting.com\/wp-content\/uploads\/2026\/02\/Check.svg\" alt=\"\" width=\"18\" height=\"15\" \/>Piem\u0113rots visiem za\u013cajiem augiem un dekorat\u012bvajiem za\u013cumiem.<\/strong>\u00a0\u0160is m\u0113slojums ir piem\u0113rots istabas un \u0101ra augiem, tropu augiem, papard\u0113m, palm\u0101m, fikusiem, pothosiem, monster\u0101m, dracen\u0101m un vis\u0101m bl\u012bvu lapu sug\u0101m. To var izmantot podos, st\u0101dos vai tie\u0161i zem\u0113, nodro\u0161inot optim\u0101lu baro\u0161anu neatkar\u012bgi no audz\u0113\u0161anas veida.<\/p>\n<p><strong><img decoding=\"async\" style=\"margin-right: 12px;\" src=\"https:\/\/www.ferberpainting.com\/wp-content\/uploads\/2026\/02\/Check.svg\" alt=\"\" width=\"18\" height=\"15\" \/>Rentabla ra\u017ea un ilgsto\u0161a lieto\u0161ana.<\/strong>\u00a0Pateicoties t\u0101 koncentr\u0113tajai \u0161\u0137idruma formulai, 5 litru trauk\u0101 var pagatavot l\u012bdz pat 1000 litriem m\u0113slo\u0161anas \u0161\u0137\u012bduma, nodro\u0161inot ilgsto\u0161u un ekonomisku m\u0113slo\u0161anu. Ar 5 ml devu uz litru \u016bdens \u0161is produkts optimiz\u0113 bar\u012bbas vielu uz\u0146em\u0161anu, vienlaikus samazinot atkritumu daudzumu.<\/p>\n<p><strong><img decoding=\"async\" style=\"margin-right: 12px;\" src=\"https:\/\/www.ferberpainting.com\/wp-content\/uploads\/2026\/02\/Check.svg\" alt=\"\" width=\"18\" height=\"15\" \/>Dro\u0161s un netoksisks m\u0113slojums lieto\u0161anai m\u0101jas apst\u0101k\u013cos.<\/strong>\u00a0\u0160is m\u0113slojums ir veidots bez kait\u012bgiem \u0137\u012bmiskiem savienojumiem, t\u0101p\u0113c tas neapdraud augus, augsni un vidi. Tas ir ide\u0101li piem\u0113rots lieto\u0161anai iek\u0161telp\u0101s, m\u0101j\u0101s vai birojos, jo tas neizdala nepat\u012bkamu arom\u0101tu un nekait\u0113 gaisa kvalit\u0101tei. To var dro\u0161i lietot pat m\u0101jdz\u012bvnieku vai b\u0113rnu kl\u0101tb\u016btn\u0113, ja vien tas tiek lietots saska\u0146\u0101 ar ieteikumiem.<\/p>\n<p><strong><img decoding=\"async\" style=\"margin-right: 12px;\" src=\"https:\/\/www.ferberpainting.com\/wp-content\/uploads\/2026\/02\/Check.svg\" alt=\"\" width=\"18\" height=\"15\" \/>Vienk\u0101r\u0161a lieto\u0161ana vienk\u0101r\u0161otai apkopei.<\/strong>\u00a0\u0160is \u0161\u0137idrais m\u0113slojums tiek vienk\u0101r\u0161i at\u0161\u0137aid\u012bts laist\u012b\u0161anas \u016bden\u012b, t\u0101d\u0113j\u0101di nov\u0113r\u0161ot doz\u0113\u0161anas k\u013c\u016bdas un nodro\u0161inot \u0101tru uzs\u016bk\u0161anos sakn\u0113s. To var lietot ar\u012b k\u0101 lapotnes aerosolu, nodro\u0161inot maksim\u0101lu elast\u012bbu, lai efekt\u012bvi barotu augus, \u0146emot v\u0113r\u0101 to \u012bpa\u0161\u0101s vajadz\u012bbas.<\/p>\n<p><strong><img decoding=\"async\" style=\"margin-right: 12px;\" src=\"https:\/\/www.ferberpainting.com\/wp-content\/uploads\/2026\/02\/Check.svg\" alt=\"\" width=\"18\" height=\"15\" \/>Ilgsto\u0161a iedarb\u012bba sp\u0113c\u012bgiem un iztur\u012bgiem augiem.<\/strong>\u00a0Pateicoties pak\u0101peniskai bar\u012bbas vielu izdal\u012b\u0161anai, \u0161is m\u0113slojums veicina nep\u0101rtrauktu aug\u0161anu un nov\u0113r\u0161 b\u016btisku bar\u012bbas vielu tr\u016bkumu. Tas stiprina sak\u0146u sist\u0113mu, uzlabojot \u016bdens un miner\u0101lvielu uzs\u016bk\u0161anos, padarot augus iztur\u012bg\u0101kus pret slim\u012bb\u0101m un sausuma periodiem.<\/p>\n<p><strong><img decoding=\"async\" style=\"margin-right: 12px;\" src=\"https:\/\/www.ferberpainting.com\/wp-content\/uploads\/2026\/02\/Check.svg\" alt=\"\" width=\"18\" height=\"15\" \/>Redzami rezult\u0101ti jau p\u0113c pirmajiem lieto\u0161anas reiz\u0113m.<\/strong>\u00a0Jau no pirm\u0101s lieto\u0161anas reizes \u0161is m\u0113slojums stimul\u0113 jaunu lapu aug\u0161anu, uzlabo lapu kr\u0101su un stiprina augu strukt\u016bru. Tas nodro\u0161ina t\u016bl\u012bt\u0113ju un redzamu iedarb\u012bbu uz j\u016bsu za\u013cajiem augiem, padarot tos sul\u012bg\u0101kus, iztur\u012bg\u0101kus un starojo\u0161\u0101kus.<\/p>\n<h2><strong>Lieto\u0161anas protokols<\/strong><\/h2>\n<ul>\n<li><strong>M\u0113slojuma at\u0161\u0137aid\u012b\u0161ana <\/strong>: Uz 1 litru \u016bdens samaisiet 5 ml m\u0113slojuma. Pirms katras lieto\u0161anas reizes \u0161\u0137\u012bdumu labi sakratiet, lai nodro\u0161in\u0101tu vienm\u0113r\u012bgu bar\u012bbas vielu sadal\u012bjumu.<\/li>\n<li><strong>Piem\u0113ro\u0161anas metode <\/strong>:\n<ul>\n<li><strong>Ar laist\u012b\u0161anas : <\/strong>At\u0161\u0137aid\u012bto \u0161\u0137\u012bdumu ielejiet tie\u0161i pie auga pamatnes, nodro\u0161inot vienm\u0113r\u012bgu augsnes mitrumu, bet bez p\u0101rm\u0113r\u012bga \u016bdens daudzuma.<\/li>\n<li><strong>Ar lapotnes smidzin\u0101\u0161anu<\/strong> : Viegli izsmidziniet \u0161\u0137\u012bdumu uz lapotnes, p\u0113c lieto\u0161anas izvairoties no tie\u0161iem saules stariem, lai nov\u0113rstu lapu apdegumus.<\/li>\n<\/ul>\n<\/li>\n<li><strong>Lieto\u0161anas bie\u017eums <\/strong>: M\u0113slojumu lieto ik p\u0113c 15 dien\u0101m akt\u012bv\u0101s aug\u0161anas period\u0101 (pavasar\u012b-vasar\u0101) un reizi m\u0113nes\u012b miera period\u0101 (ruden\u012b-ziem\u0101), lai uztur\u0113tu l\u012bdzsvarotu aug\u0161anu.<\/li>\n<li><strong>Papildu laist\u012b\u0161ana <\/strong>: P\u0113c m\u0113slojuma lieto\u0161anas pirms atk\u0101rtotas laist\u012b\u0161anas pagaidiet 48 stundas, lai nov\u0113rstu p\u0101rm\u0113r\u012bgu bar\u012bbas vielu izskalo\u0161anos.<\/li>\n<li><strong>Lieto\u0161anas piesardz\u012bbas pas\u0101kumi <\/strong>: Nep\u0101rm\u0113slojiet m\u0113slojumu, lai izvair\u012btos no p\u0101rm\u0113r\u012bgas miner\u0101ls\u0101\u013cu uzkr\u0101\u0161an\u0101s augsn\u0113, kas var\u0113tu boj\u0101t saknes. Vienm\u0113r uzkl\u0101jiet uz nedaudz mitra substr\u0101ta, lai lab\u0101k uzs\u016bktos.<\/li>\n<li><strong>Uzglab\u0101\u0161ana un konserv\u0113\u0161ana <\/strong>: Uzglab\u0101t m\u0113slojumu saus\u0101 un m\u0113ren\u0101 viet\u0101, prom no gaismas un mitruma. P\u0113c katras lieto\u0161anas reizes cie\u0161i aizveriet pudeli, lai saglab\u0101tu produkta efektivit\u0101ti un nov\u0113rstu iztvaiko\u0161anu.<\/li>\n<\/ul>\n<p>Ar \u0161o m\u0113slojumu za\u013cajiem augiem nodro\u0161iniet augus ar pilnv\u0113rt\u012bgu un sabalans\u0113tu uzturu, veicinot sul\u012bgu aug\u0161anu, ko\u0161u lapotni un uzlabotu iztur\u012bbu pret \u0101r\u0113j\u0101s vides agresiju. Tas ir ide\u0101ls risin\u0101jums vesel\u012bgiem un starojo\u0161iem augiem.<\/p>","protected":false},"excerpt":{"rendered":"<p>A complete fertilizer for vibrant plants.\u00a0This green plant fertilizer is designed to meet the specific needs of indoor and outdoor plants. Thanks to its NPK 15-15-15 composition, it provides a perfect balance between nitrogen (N) for dense and vigorous foliage, phosphorus (P) for good root development, and potassium (K) for increased resistance to diseases and [&hellip;]<\/p>\n","protected":false},"featured_media":26018,"comment_status":"open","ping_status":"closed","template":"","meta":{"_uag_custom_page_level_css":"","site-sidebar-layout":"default","site-content-layout":"","ast-site-content-layout":"default","site-content-style":"default","site-sidebar-style":"default","ast-global-header-display":"","ast-banner-title-visibility":"","ast-main-header-display":"","ast-hfb-above-header-display":"","ast-hfb-below-header-display":"","ast-hfb-mobile-header-display":"","site-post-title":"","ast-breadcrumbs-content":"","ast-featured-img":"","footer-sml-layout":"","ast-disable-related-posts":"","theme-transparent-header-meta":"default","adv-header-id-meta":"","stick-header-meta":"","header-above-stick-meta":"","header-main-stick-meta":"","header-below-stick-meta":"","astra-migrate-meta-layouts":"set","ast-page-background-enabled":"default","ast-page-background-meta":{"desktop":{"background-color":"var(--ast-global-color-4)","background-image":"","background-repeat":"repeat","background-position":"center center","background-size":"auto","background-attachment":"scroll","background-type":"","background-media":"","overlay-type":"","overlay-color":"","overlay-opacity":"","overlay-gradient":""},"tablet":{"background-color":"","background-image":"","background-repeat":"repeat","background-position":"center center","background-size":"auto","background-attachment":"scroll","background-type":"","background-media":"","overlay-type":"","overlay-color":"","overlay-opacity":"","overlay-gradient":""},"mobile":{"background-color":"","background-image":"","background-repeat":"repeat","background-position":"center center","background-size":"auto","background-attachment":"scroll","background-type":"","background-media":"","overlay-type":"","overlay-color":"","overlay-opacity":"","overlay-gradient":""}},"ast-content-background-meta":{"desktop":{"background-color":"var(--ast-global-color-5)","background-image":"","background-repeat":"repeat","background-position":"center center","background-size":"auto","background-attachment":"scroll","background-type":"","background-media":"","overlay-type":"","overlay-color":"","overlay-opacity":"","overlay-gradient":""},"tablet":{"background-color":"var(--ast-global-color-5)","background-image":"","background-repeat":"repeat","background-position":"center center","background-size":"auto","background-attachment":"scroll","background-type":"","background-media":"","overlay-type":"","overlay-color":"","overlay-opacity":"","overlay-gradient":""},"mobile":{"background-color":"var(--ast-global-color-5)","background-image":"","background-repeat":"repeat","background-position":"center center","background-size":"auto","background-attachment":"scroll","background-type":"","background-media":"","overlay-type":"","overlay-color":"","overlay-opacity":"","overlay-gradient":""}}},"product_brand":[],"product_cat":[178],"product_tag":[],"class_list":{"0":"post-23511","1":"product","2":"type-product","3":"status-publish","4":"has-post-thumbnail","6":"product_cat-fertilizers","7":"desktop-align-left","8":"tablet-align-left","9":"mobile-align-left","11":"first","12":"instock","13":"sale","14":"taxable","15":"shipping-taxable","16":"purchasable","17":"product-type-variable","18":"has-default-attributes"},"spectra_custom_meta":{"_visibility":["visible"],"_shopify_product_id":["9062477463797"],"_s2w_shopify_domain":["ferberpainting.myshopify.com"],"_shopify_variant_id":["46489075712245"],"_sku":[""],"_manage_stock":["no"],"total_sales":["3"],"_tax_status":["taxable"],"_tax_class":[""],"_backorders":["no"],"_sold_individually":["no"],"_virtual":["no"],"_downloadable":["no"],"_download_limit":["-1"],"_download_expiry":["-1"],"_stock":[null],"_stock_status":["instock"],"_wc_average_rating":["4.86"],"_wc_review_count":["7"],"_product_attributes":["a:1:{s:6:\"volume\";a:6:{s:4:\"name\";s:6:\"Volume\";s:5:\"value\";s:20:\"5 liters | 25 liters\";s:8:\"position\";i:1;s:10:\"is_visible\";i:0;s:12:\"is_variation\";i:1;s:11:\"is_taxonomy\";i:0;}}"],"_product_version":["10.5.1"],"_thumbnail_id":["26018"],"_product_image_gallery":["26019"],"wpse_downloadable_file_names":[""],"wpse_downloadable_file_urls":[""],"_edit_last":["1"],"_default_attributes":["a:1:{s:6:\"volume\";s:8:\"5 liters\";}"],"_wc_rating_count":["a:2:{i:4;i:1;i:5;i:6;}"],"_edit_lock":["1771178815:1"],"_price":["29.90","129.90"],"merchant-center-availability":["yes"],"merchant-center-category":["113"],"_wp_page_template":["default"],"site-sidebar-layout":["default"],"ast-site-content-layout":["default"],"site-content-style":["default"],"site-sidebar-style":["default"],"theme-transparent-header-meta":["default"],"astra-migrate-meta-layouts":["set"],"_uag_css_file_name":["uag-css-23511.css"],"_elementor_page_assets":["a:0:{}"],"_uag_page_assets":["a:9:{s:3:\"css\";s:7133:\".uag-blocks-common-selector{z-index:var(--z-index-desktop) !important}@media(max-width: 976px){.uag-blocks-common-selector{z-index:var(--z-index-tablet) !important}}@media(max-width: 767px){.uag-blocks-common-selector{z-index:var(--z-index-mobile) !important}}.wp-block-uagb-image{display:flex}.wp-block-uagb-image__figure{position:relative;display:flex;flex-direction:column;max-width:100%;height:auto;margin:0}.wp-block-uagb-image__figure img{height:auto;display:flex;max-width:100%;transition:box-shadow .2s ease}.wp-block-uagb-image__figure>a{display:inline-block}.wp-block-uagb-image__figure figcaption{text-align:center;margin-top:.5em;margin-bottom:1em}.wp-block-uagb-image .components-placeholder.block-editor-media-placeholder .components-placeholder__instructions{align-self:center}.wp-block-uagb-image--align-left{text-align:left}.wp-block-uagb-image--align-right{text-align:right}.wp-block-uagb-image--align-center{text-align:center}.wp-block-uagb-image--align-full .wp-block-uagb-image__figure{margin-left:calc(50% - 50vw);margin-right:calc(50% - 50vw);max-width:100vw;width:100vw;height:auto}.wp-block-uagb-image--align-full .wp-block-uagb-image__figure img{height:auto;width:100% !important}.wp-block-uagb-image--align-wide .wp-block-uagb-image__figure img{height:auto;width:100%}.wp-block-uagb-image--layout-overlay__color-wrapper{position:absolute;left:0;top:0;right:0;bottom:0;opacity:.2;background:rgba(0,0,0,.5);transition:opacity .35s ease-in-out}.wp-block-uagb-image--layout-overlay-link{position:absolute;left:0;right:0;bottom:0;top:0}.wp-block-uagb-image--layout-overlay .wp-block-uagb-image__figure:hover .wp-block-uagb-image--layout-overlay__color-wrapper{opacity:1}.wp-block-uagb-image--layout-overlay__inner{position:absolute;left:15px;right:15px;bottom:15px;top:15px;display:flex;align-items:center;justify-content:center;flex-direction:column;border-color:#fff;transition:.35s ease-in-out}.wp-block-uagb-image--layout-overlay__inner.top-left,.wp-block-uagb-image--layout-overlay__inner.top-center,.wp-block-uagb-image--layout-overlay__inner.top-right{justify-content:flex-start}.wp-block-uagb-image--layout-overlay__inner.bottom-left,.wp-block-uagb-image--layout-overlay__inner.bottom-center,.wp-block-uagb-image--layout-overlay__inner.bottom-right{justify-content:flex-end}.wp-block-uagb-image--layout-overlay__inner.top-left,.wp-block-uagb-image--layout-overlay__inner.center-left,.wp-block-uagb-image--layout-overlay__inner.bottom-left{align-items:flex-start}.wp-block-uagb-image--layout-overlay__inner.top-right,.wp-block-uagb-image--layout-overlay__inner.center-right,.wp-block-uagb-image--layout-overlay__inner.bottom-right{align-items:flex-end}.wp-block-uagb-image--layout-overlay__inner .uagb-image-heading{color:#fff;transition:transform .35s,opacity .35s ease-in-out;transform:translate3d(0, 24px, 0);margin:0;line-height:1em}.wp-block-uagb-image--layout-overlay__inner .uagb-image-separator{width:30%;border-top-width:2px;border-top-color:#fff;border-top-style:solid;margin-bottom:10px;opacity:0;transition:transform .4s,opacity .4s ease-in-out;transform:translate3d(0, 30px, 0)}.wp-block-uagb-image--layout-overlay__inner .uagb-image-caption{opacity:0;overflow:visible;color:#fff;transition:transform .45s,opacity .45s ease-in-out;transform:translate3d(0, 35px, 0)}.wp-block-uagb-image--layout-overlay__inner:hover .uagb-image-heading,.wp-block-uagb-image--layout-overlay__inner:hover .uagb-image-separator,.wp-block-uagb-image--layout-overlay__inner:hover .uagb-image-caption{opacity:1;transform:translate3d(0, 0, 0)}.wp-block-uagb-image--effect-zoomin .wp-block-uagb-image__figure img,.wp-block-uagb-image--effect-zoomin .wp-block-uagb-image__figure .wp-block-uagb-image--layout-overlay__color-wrapper{transform:scale(1);transition:transform .35s ease-in-out}.wp-block-uagb-image--effect-zoomin .wp-block-uagb-image__figure:hover img,.wp-block-uagb-image--effect-zoomin .wp-block-uagb-image__figure:hover .wp-block-uagb-image--layout-overlay__color-wrapper{transform:scale(1.05)}.wp-block-uagb-image--effect-slide .wp-block-uagb-image__figure img,.wp-block-uagb-image--effect-slide .wp-block-uagb-image__figure .wp-block-uagb-image--layout-overlay__color-wrapper{width:calc(100% + 40px) !important;max-width:none !important;transform:translate3d(-40px, 0, 0);transition:transform .35s ease-in-out}.wp-block-uagb-image--effect-slide .wp-block-uagb-image__figure:hover img,.wp-block-uagb-image--effect-slide .wp-block-uagb-image__figure:hover .wp-block-uagb-image--layout-overlay__color-wrapper{transform:translate3d(0, 0, 0)}.wp-block-uagb-image--effect-grayscale img{filter:grayscale(0%);transition:.35s ease-in-out}.wp-block-uagb-image--effect-grayscale:hover img{filter:grayscale(100%)}.wp-block-uagb-image--effect-blur img{filter:blur(0);transition:.35s ease-in-out}.wp-block-uagb-image--effect-blur:hover img{filter:blur(3px)}.uagb-block-e6f939b3.wp-block-uagb-image--layout-default figure img{box-shadow: 0px 0px 0 #00000070;}.uagb-block-e6f939b3.wp-block-uagb-image .wp-block-uagb-image__figure figcaption{font-style: normal;align-self: center;}.uagb-block-e6f939b3.wp-block-uagb-image--layout-overlay figure img{box-shadow: 0px 0px 0 #00000070;}.uagb-block-e6f939b3.wp-block-uagb-image--layout-overlay .wp-block-uagb-image--layout-overlay__color-wrapper{opacity: 0.2;}.uagb-block-e6f939b3.wp-block-uagb-image--layout-overlay .wp-block-uagb-image--layout-overlay__inner{left: 15px;right: 15px;top: 15px;bottom: 15px;}.uagb-block-e6f939b3.wp-block-uagb-image--layout-overlay .wp-block-uagb-image--layout-overlay__inner .uagb-image-heading{font-style: normal;color: #fff;opacity: 1;}.uagb-block-e6f939b3.wp-block-uagb-image--layout-overlay .wp-block-uagb-image--layout-overlay__inner .uagb-image-heading a{color: #fff;}.uagb-block-e6f939b3.wp-block-uagb-image--layout-overlay .wp-block-uagb-image--layout-overlay__inner .uagb-image-caption{opacity: 0;}.uagb-block-e6f939b3.wp-block-uagb-image--layout-overlay .wp-block-uagb-image__figure:hover .wp-block-uagb-image--layout-overlay__color-wrapper{opacity: 1;}.uagb-block-e6f939b3.wp-block-uagb-image .wp-block-uagb-image--layout-overlay__inner .uagb-image-separator{width: 30%;border-top-width: 2px;border-top-color: #fff;opacity: 0;}.uagb-block-e6f939b3.wp-block-uagb-image .wp-block-uagb-image__figure img{width: px;height: auto;}.uagb-block-e6f939b3.wp-block-uagb-image .wp-block-uagb-image__figure:hover .wp-block-uagb-image--layout-overlay__inner .uagb-image-caption{opacity: 1;}.uagb-block-e6f939b3.wp-block-uagb-image .wp-block-uagb-image__figure:hover .wp-block-uagb-image--layout-overlay__inner .uagb-image-separator{opacity: 1;}.uagb-block-e6f939b3.wp-block-uagb-image--layout-default figure:hover img{box-shadow: 0px 0px 0 #00000070;}.uagb-block-e6f939b3.wp-block-uagb-image--layout-overlay figure:hover img{box-shadow: 0px 0px 0 #00000070;}@media only screen and (max-width: 976px) {.uagb-block-e6f939b3.wp-block-uagb-image .wp-block-uagb-image__figure img{width: px;height: auto;}}@media only screen and (max-width: 767px) {.uagb-block-e6f939b3.wp-block-uagb-image .wp-block-uagb-image__figure img{width: px;height: auto;}}\";s:2:\"js\";s:0:\"\";s:18:\"current_block_list\";a:13:{i:0;s:11:\"core\/search\";i:1;s:10:\"core\/group\";i:2;s:12:\"core\/heading\";i:3;s:17:\"core\/latest-posts\";i:4;s:20:\"core\/latest-comments\";i:5;s:13:\"core\/archives\";i:6;s:15:\"core\/categories\";i:7;s:14:\"core\/paragraph\";i:8;s:10:\"uagb\/image\";i:9;s:11:\"core\/spacer\";i:10;s:30:\"woocommerce\/product-categories\";i:11;s:10:\"core\/image\";i:12;s:14:\"core\/shortcode\";}s:8:\"uag_flag\";b:1;s:11:\"uag_version\";s:10:\"1777357117\";s:6:\"gfonts\";a:0:{}s:10:\"gfonts_url\";s:0:\"\";s:12:\"gfonts_files\";a:0:{}s:14:\"uag_faq_layout\";b:0;}"]},"uagb_featured_image_src":{"full":["https:\/\/www.ferberpainting.com\/wp-content\/uploads\/2025\/05\/GreenPlantFertilizer5L.png",2560,2560,false],"thumbnail":["https:\/\/www.ferberpainting.com\/wp-content\/uploads\/2025\/05\/GreenPlantFertilizer5L-150x150.png",150,150,true],"medium":["https:\/\/www.ferberpainting.com\/wp-content\/uploads\/2025\/05\/GreenPlantFertilizer5L-300x300.png",300,300,true],"medium_large":["https:\/\/www.ferberpainting.com\/wp-content\/uploads\/2025\/05\/GreenPlantFertilizer5L-768x768.png",768,768,true],"large":["https:\/\/www.ferberpainting.com\/wp-content\/uploads\/2025\/05\/GreenPlantFertilizer5L-1024x1024.png",1024,1024,true],"1536x1536":["https:\/\/www.ferberpainting.com\/wp-content\/uploads\/2025\/05\/GreenPlantFertilizer5L-1536x1536.png",1536,1536,true],"2048x2048":["https:\/\/www.ferberpainting.com\/wp-content\/uploads\/2025\/05\/GreenPlantFertilizer5L-2048x2048.png",2048,2048,true],"trp-custom-language-flag":["https:\/\/www.ferberpainting.com\/wp-content\/uploads\/2025\/05\/GreenPlantFertilizer5L-12x12.png",12,12,true],"woocommerce_thumbnail":["https:\/\/www.ferberpainting.com\/wp-content\/uploads\/2025\/05\/GreenPlantFertilizer5L-300x300.png",300,300,true],"woocommerce_single":["https:\/\/www.ferberpainting.com\/wp-content\/uploads\/2025\/05\/GreenPlantFertilizer5L-600x600.png",600,600,true],"woocommerce_gallery_thumbnail":["https:\/\/www.ferberpainting.com\/wp-content\/uploads\/2025\/05\/GreenPlantFertilizer5L-100x100.png",100,100,true]},"uagb_author_info":{"display_name":"admin","author_link":"https:\/\/www.ferberpainting.com\/lv\/author\/"},"uagb_comment_info":7,"uagb_excerpt":"A complete fertilizer for vibrant plants.\u00a0This green plant fertilizer is designed to meet the specific needs of indoor and outdoor plants. Thanks to its NPK 15-15-15 composition, it provides a perfect balance between nitrogen (N) for dense and vigorous foliage, phosphorus (P) for good root development, and potassium (K) for increased resistance to diseases and&hellip;","_links":{"self":[{"href":"https:\/\/www.ferberpainting.com\/lv\/wp-json\/wp\/v2\/product\/23511","targetHints":{"allow":["GET"]}}],"collection":[{"href":"https:\/\/www.ferberpainting.com\/lv\/wp-json\/wp\/v2\/product"}],"about":[{"href":"https:\/\/www.ferberpainting.com\/lv\/wp-json\/wp\/v2\/types\/product"}],"replies":[{"embeddable":true,"href":"https:\/\/www.ferberpainting.com\/lv\/wp-json\/wp\/v2\/comments?post=23511"}],"version-history":[{"count":4,"href":"https:\/\/www.ferberpainting.com\/lv\/wp-json\/wp\/v2\/product\/23511\/revisions"}],"predecessor-version":[{"id":166287,"href":"https:\/\/www.ferberpainting.com\/lv\/wp-json\/wp\/v2\/product\/23511\/revisions\/166287"}],"wp:featuredmedia":[{"embeddable":true,"href":"https:\/\/www.ferberpainting.com\/lv\/wp-json\/wp\/v2\/media\/26018"}],"wp:attachment":[{"href":"https:\/\/www.ferberpainting.com\/lv\/wp-json\/wp\/v2\/media?parent=23511"}],"wp:term":[{"taxonomy":"product_brand","embeddable":true,"href":"https:\/\/www.ferberpainting.com\/lv\/wp-json\/wp\/v2\/product_brand?post=23511"},{"taxonomy":"product_cat","embeddable":true,"href":"https:\/\/www.ferberpainting.com\/lv\/wp-json\/wp\/v2\/product_cat?post=23511"},{"taxonomy":"product_tag","embeddable":true,"href":"https:\/\/www.ferberpainting.com\/lv\/wp-json\/wp\/v2\/product_tag?post=23511"}],"curies":[{"name":"wp","href":"https:\/\/api.w.org\/{rel}","templated":true}]}}