{"id":23508,"date":"2025-07-01T12:18:39","date_gmt":"2025-07-01T10:18:39","guid":{"rendered":"https:\/\/www.ferberpainting.com\/?post_type=product&#038;p=23508"},"modified":"2026-02-15T16:48:16","modified_gmt":"2026-02-15T15:48:16","slug":"grease-and-soot-cleaner","status":"publish","type":"product","link":"https:\/\/www.ferberpainting.com\/lv\/products\/grease-and-soot-cleaner\/","title":{"rendered":"Tauku un sodr\u0113ju t\u012br\u012b\u0161anas l\u012bdzeklis"},"content":{"rendered":"<p><strong><img decoding=\"async\" style=\"margin-right: 12px;\" src=\"https:\/\/www.ferberpainting.com\/wp-content\/uploads\/2026\/02\/Check.svg\" alt=\"\" width=\"18\" height=\"15\" \/>Optim\u0101la efektivit\u0101te.<\/strong>\u00a0\u0160is tauku un sodr\u0113ju t\u012br\u012b\u0161anas l\u012bdzeklis ir \u012bpa\u0161i izstr\u0101d\u0101ts, lai efekt\u012bvi no\u0146emtu gr\u016bti t\u012br\u0101mus taukus, sadegu\u0161\u0101s e\u013c\u013cas un sodr\u0113ju atliekas uz da\u017e\u0101d\u0101m virsm\u0101m. Pateicoties t\u0101 sp\u0113c\u012bgajai formulai, tas dzi\u013ci ies\u016bcas, lai iz\u0161\u0137\u012bdin\u0101tu pat visnotur\u012bg\u0101kos nos\u0113dumus bez p\u0101rm\u0113r\u012bgas t\u012br\u012b\u0161anas. Tas atjauno net\u012bro virsmu sp\u012bdumu - neatkar\u012bgi no t\u0101, vai t\u0101s atrodas virtuv\u0113, gar\u0101\u017e\u0101, darbn\u012bc\u0101 vai kam\u012bn\u0101, - nodro\u0161inot \u0101tru un efekt\u012bvu t\u012br\u012b\u0161anu.<\/p>\n<p><strong><img decoding=\"async\" style=\"margin-right: 12px;\" src=\"https:\/\/www.ferberpainting.com\/wp-content\/uploads\/2026\/02\/Check.svg\" alt=\"\" width=\"18\" height=\"15\" \/>Naudas atmaksas garantija.<\/strong>\u00a0M\u0113s esam piln\u012bgi p\u0101rliecin\u0101ti par m\u016bsu t\u012br\u012b\u0161anas l\u012bdzek\u013ca efektivit\u0101ti. Ja p\u0113c lieto\u0161anas j\u016bs neesat piln\u012bb\u0101 apmierin\u0101ts ar rezult\u0101tiem, jums ir ties\u012bbas sa\u0146emt pilnu naudas atmaksu. Izm\u0113\u0123iniet m\u016bsu produktu bez riska un viegli atjaunojiet savu virsmu s\u0101kotn\u0113jo t\u012br\u012bbu.<\/p>\n<p><strong><img decoding=\"async\" style=\"margin-right: 12px;\" src=\"https:\/\/www.ferberpainting.com\/wp-content\/uploads\/2026\/02\/Check.svg\" alt=\"\" width=\"18\" height=\"15\" \/>Izcila daudzpus\u012bba.<\/strong>\u00a0\u0160is t\u012br\u012b\u0161anas l\u012bdzeklis nav paredz\u0113ts tikai p\u0101rtikas vai r\u016bpniecisko tauku t\u012br\u012b\u0161anai! Tas ir efekt\u012bvs ar\u012b pret sodr\u0113ju un tauku nos\u0113dumiem uz ielikt\u0146u stikla, kam\u012bniem, griliem, cepe\u0161kr\u0101sn\u012bm, cepe\u0161kr\u0101sn\u012bm, tvaika nos\u016bc\u0113jiem, met\u0101la griliem un pat gatavo\u0161anas pl\u0101ksn\u0113m. Tas iedarbojas uz da\u017e\u0101diem materi\u0101liem, piem\u0113ram, ner\u016bs\u0113jo\u0161o t\u0113raudu, stiklu, betonu, fl\u012bz\u0113m, plastmasu un alum\u012bniju. T\u0101 daudzpus\u012bba padara to piem\u0113rotu lieto\u0161anai gan m\u0101jsaimniec\u012bb\u0101s, gan r\u016bpniecisk\u0101s virtuv\u0113s, meh\u0101niskaj\u0101s darbn\u012bc\u0101s un r\u016bpn\u012bc\u0101s.<\/p>\n<p><strong><img decoding=\"async\" style=\"margin-right: 12px;\" src=\"https:\/\/www.ferberpainting.com\/wp-content\/uploads\/2026\/02\/Check.svg\" alt=\"\" width=\"18\" height=\"15\" \/>Rentabla veiktsp\u0113ja.<\/strong>\u00a0Pateicoties 5 litru tilpnei un augstajai koncentr\u0101cijai, \u0161is t\u012br\u012b\u0161anas l\u012bdzeklis pied\u0101v\u0101 izcilu v\u0113rt\u012bbu. Pietiek ar nelielu daudzumu, lai apstr\u0101d\u0101tu lielu virsmas plat\u012bbu bez iz\u0161\u0137\u0113rd\u0113\u0161anas. Vid\u0113ji ar vienu litru l\u012bdzek\u013ca var izt\u012br\u012bt l\u012bdz 50 m\u00b2 net\u012bras virsmas, nodro\u0161inot ekonomisku un efekt\u012bvu risin\u0101jumu regul\u0101rai vai intens\u012bvai lieto\u0161anai.<\/p>\n<p><strong><img decoding=\"async\" style=\"margin-right: 12px;\" src=\"https:\/\/www.ferberpainting.com\/wp-content\/uploads\/2026\/02\/Check.svg\" alt=\"\" width=\"18\" height=\"15\" \/>Dro\u0161a lieto\u0161ana.<\/strong>\u00a0At\u0161\u0137ir\u012bb\u0101 no produktiem, kas satur agres\u012bvus \u0161\u0137\u012bdin\u0101t\u0101jus, kuri var saboj\u0101t virsmas vai izdal\u012bt toksiskus izgarojumus, \u0161\u012b t\u012br\u012b\u0161anas l\u012bdzek\u013ca sast\u0101v\u0101 nav vesel\u012bbai un videi kait\u012bgu vielu. Tas nerada kairin\u0101jumu, ner\u016bs\u0113 jut\u012bgus materi\u0101lus un saudz\u0113 trauslas virsmas. Tas ir dro\u0161s lietot\u0101jiem, ja tiek lietots atbilsto\u0161i nor\u0101d\u012bjumiem, un p\u0113c skalo\u0161anas nerada apdraud\u0113jumu videi, t\u0101p\u0113c ir ide\u0101la izv\u0113le dro\u0161ai ikdienas t\u012br\u012b\u0161anai.<\/p>\n<p><strong><img decoding=\"async\" style=\"margin-right: 12px;\" src=\"https:\/\/www.ferberpainting.com\/wp-content\/uploads\/2026\/02\/Check.svg\" alt=\"\" width=\"18\" height=\"15\" \/>Lieto\u0161anas \u0113rtums.<\/strong>\u00a0\u0160is produkts ir gatavs lieto\u0161anai, un to nav nepiecie\u0161ams at\u0161\u0137aid\u012bt vai sare\u017e\u0123\u012bti sagatavot. To uzkl\u0101j tie\u0161i uz virsmas, izmantojot dr\u0101nu, s\u016bkli vai izsmidzin\u0101t\u0101ju. T\u0101 \u0101tr\u0101 iedarb\u012bba no\u0146em net\u012brumus da\u017eu sekun\u017eu laik\u0101, un nav nepiecie\u0161ama intens\u012bva skalo\u0161ana vai t\u012br\u012b\u0161ana. T\u0101 intuit\u012bv\u0101 lieto\u0161ana padara to par lab\u0101ko izv\u0113li net\u012bru virsmu regul\u0101rai uztur\u0113\u0161anai un t\u012br\u012b\u0161anai.<\/p>\n<p><strong><img decoding=\"async\" style=\"margin-right: 12px;\" src=\"https:\/\/www.ferberpainting.com\/wp-content\/uploads\/2026\/02\/Check.svg\" alt=\"\" width=\"18\" height=\"15\" \/>Papla\u0161in\u0101ta iztur\u012bba.<\/strong>\u00a0\u0160is t\u012br\u012b\u0161anas l\u012bdzeklis efekt\u012bvi no\u0146em tauku un kv\u0113pu nos\u0113dumus, t\u0101d\u0113j\u0101di pagarinot virtuves ier\u012b\u010du, kam\u012bnu un citu virsmu, kas ikdien\u0101 ir pak\u013cautas net\u012brumiem, kalpo\u0161anas laiku. Tas nov\u0113r\u0161 p\u0101rm\u0113r\u012bgu nogulsn\u0113jumu uzkr\u0101\u0161anos, kas laika gait\u0101 var izrais\u012bt nepareizu darb\u012bbu vai samazin\u0101t iek\u0101rtu veiktsp\u0113ju. Regul\u0101ra lieto\u0161ana pal\u012bdz uztur\u0113t t\u012bru un funkcion\u0101lu vidi, vienlaikus nov\u0113r\u0161ot apstr\u0101d\u0101to virsmu priek\u0161laic\u012bgu nolieto\u0161anos.<\/p>\n<p><strong><img decoding=\"async\" style=\"margin-right: 12px;\" src=\"https:\/\/www.ferberpainting.com\/wp-content\/uploads\/2026\/02\/Check.svg\" alt=\"\" width=\"18\" height=\"15\" \/>\u0100tra r\u012bc\u012bba.<\/strong>\u00a0Pateicoties \u012bpa\u0161i akt\u012bvai formulai, \u0161is t\u012br\u012b\u0161anas l\u012bdzeklis nekav\u0113joties iedarbojas uz traipiem un ies\u0113din\u0101tiem atlikumiem. Tikai da\u017eu min\u016b\u0161u laik\u0101 tas iz\u0161\u0137\u012bdina net\u012brumus un atvieglo to no\u0146em\u0161anu, neprasot lielas p\u016bles. Tas nodro\u0161ina \u0101tru un efekt\u012bvu t\u012br\u012b\u0161anu - ide\u0101li piem\u0113rots \u0101trai iek\u0101rtu un virsmu, kas pak\u013cautas tauku iedarb\u012bbai, apkopei.<\/p>\n<h2><strong>Lieto\u0161anas protokols<\/strong><\/h2>\n<ul>\n<li><strong>Sagatavo\u0161ana <\/strong>: Pirms l\u012bdzek\u013ca uzkl\u0101\u0161anas p\u0101rliecinieties, ka t\u012br\u012b\u0161anai paredz\u0113t\u0101 virsma ir atdzisusi, \u012bpa\u0161i uz pl\u0101tn\u0113m, cepe\u0161kr\u0101sn\u012bm un grila griliem. Lai atvieglotu produkta uzkl\u0101\u0161anu, not\u012briet biezu tauku vai sodr\u0113ju ar sausu dr\u0101nu vai l\u0101psti\u0146u.<\/li>\n<li><strong>Manu\u0101la piem\u0113ro\u0161ana <\/strong>: Uz t\u012bras dr\u0101ni\u0146as vai s\u016bk\u013ca uzlejiet nelielu daudzumu t\u012br\u012b\u0161anas l\u012bdzek\u013ca, p\u0113c tam ar ap\u013cveida kust\u012bb\u0101m vienm\u0113r\u012bgi uzkl\u0101jiet uz virsmas, lai l\u012bdzeklis iek\u013c\u016btu un atbr\u012bvotu net\u012brumus.<\/li>\n<li><strong>Lielas virsmas izmanto\u0161ana <\/strong>: Pla\u0161\u0101k\u0101m plat\u012bb\u0101m, piem\u0113ram, darba virsmai, tvaika nos\u016bc\u0113jam vai net\u012brai sienai, izmantojiet izsmidzin\u0101\u0161anas pudeli, lai vienm\u0113r\u012bgi izklied\u0113tu l\u012bdzekli. \u013baujiet l\u012bdzeklim da\u017eas min\u016btes nost\u0101v\u0113ties, lai tas iz\u0161\u0137\u012bdin\u0101tu taukainus un kv\u0113pu atlikumus.<\/li>\n<li><strong>Notur\u012bgu traipu apstr\u0101de <\/strong>: Izdegu\u0161iem taukiem vai lip\u012bgiem kv\u0113pu atlikumiem \u013caujiet l\u012bdzeklim iedarboties 5 l\u012bdz 10 min\u016btes, p\u0113c tam viegli noslaukiet ar m\u012bksto saru birsti vai neabraz\u012bvu s\u016bkli. Ja nepiecie\u0161ams, atk\u0101rtojiet uzkl\u0101\u0161anu, lai t\u012br\u012b\u0161ana b\u016btu piln\u012bga.<\/li>\n<li><strong>Skalo\u0161ana un t\u012br\u012b\u0161ana <\/strong>: Noslaukiet virsmu ar mitru dr\u0101nu, lai no\u0146emtu iz\u0161\u0137\u012bdu\u0161os piemais\u012bjumus un nodro\u0161in\u0101tu nevainojamu apdari. Ja virsma non\u0101k saskar\u0113 ar \u0113dienu, piem\u0113ram, uz virtuves letes vai gatavo\u0161anas pl\u0101ksnes, r\u016bp\u012bgi noskalojiet to ar t\u012bru \u016bdeni.<\/li>\n<li><strong>Pul\u0113\u0161ana un aizsardz\u012bba <\/strong>: Lai pastiprin\u0101tu t\u012br\u012bbas un sp\u012bduma efektu, nobeigum\u0101 noslaukiet ar sausu dr\u0101nu, lai no\u0146emtu mitrumu un nodro\u0161in\u0101tu papildu aizsardz\u012bbu pret turpm\u0101ku uzk\u0101r\u0161anos.<\/li>\n<li><strong>Lieto\u0161anas bie\u017eums <\/strong>: Uzkl\u0101jiet p\u0113c katras \u0113diena gatavo\u0161anas iek\u0101rtas lieto\u0161anas, lai nov\u0113rstu atlikumu uzkr\u0101\u0161anos un atvieglotu apkopi. Kam\u012bniem un ielikt\u0146iem ieteicams t\u012br\u012bt reizi ned\u0113\u013c\u0101, lai nodro\u0161in\u0101tu optim\u0101lu darb\u012bbu un dro\u0161u deg\u0161anu.<\/li>\n<li><strong>Uzglab\u0101\u0161ana <\/strong>: P\u0113c katras lieto\u0161anas reizes cie\u0161i aiztaisiet kanni\u0146u un uzglab\u0101jiet to v\u0113s\u0101, saus\u0101 viet\u0101, pasarg\u0101jot no gaismas un p\u0101rm\u0113r\u012bgas temperat\u016bras, lai saglab\u0101tu produkta ilgtermi\u0146a efektivit\u0101ti.<\/li>\n<\/ul>\n<p>Ar m\u016bsu tauku un sodr\u0113ju t\u012br\u012b\u0161anas l\u012bdzekli \u0101tri un efekt\u012bvi no\u0146emiet smagos atlikumus, vienlaikus saglab\u0101jot apr\u012bkojuma un virsmu t\u012br\u012bbu un ilgm\u016b\u017e\u012bbu. Ide\u0101ls risin\u0101jums nevainojamai un vieglai apkopei.<\/p>","protected":false},"excerpt":{"rendered":"<p>Optimal Efficiency.\u00a0This grease and soot cleaner is specially designed to effectively remove stubborn grease, burnt oil, and embedded soot residues on different surfaces. Thanks to its powerful formula, it penetrates deeply to dissolve even the most resistant buildup without the need for excessive scrubbing. It restores the shine of dirty surfaces\u2014whether in a kitchen, garage, [&hellip;]<\/p>\n","protected":false},"featured_media":36312,"comment_status":"open","ping_status":"closed","template":"","meta":{"_uag_custom_page_level_css":"","site-sidebar-layout":"default","site-content-layout":"","ast-site-content-layout":"default","site-content-style":"default","site-sidebar-style":"default","ast-global-header-display":"","ast-banner-title-visibility":"","ast-main-header-display":"","ast-hfb-above-header-display":"","ast-hfb-below-header-display":"","ast-hfb-mobile-header-display":"","site-post-title":"","ast-breadcrumbs-content":"","ast-featured-img":"","footer-sml-layout":"","ast-disable-related-posts":"","theme-transparent-header-meta":"default","adv-header-id-meta":"","stick-header-meta":"","header-above-stick-meta":"","header-main-stick-meta":"","header-below-stick-meta":"","astra-migrate-meta-layouts":"set","ast-page-background-enabled":"default","ast-page-background-meta":{"desktop":{"background-color":"var(--ast-global-color-4)","background-image":"","background-repeat":"repeat","background-position":"center center","background-size":"auto","background-attachment":"scroll","background-type":"","background-media":"","overlay-type":"","overlay-color":"","overlay-opacity":"","overlay-gradient":""},"tablet":{"background-color":"","background-image":"","background-repeat":"repeat","background-position":"center center","background-size":"auto","background-attachment":"scroll","background-type":"","background-media":"","overlay-type":"","overlay-color":"","overlay-opacity":"","overlay-gradient":""},"mobile":{"background-color":"","background-image":"","background-repeat":"repeat","background-position":"center center","background-size":"auto","background-attachment":"scroll","background-type":"","background-media":"","overlay-type":"","overlay-color":"","overlay-opacity":"","overlay-gradient":""}},"ast-content-background-meta":{"desktop":{"background-color":"var(--ast-global-color-5)","background-image":"","background-repeat":"repeat","background-position":"center center","background-size":"auto","background-attachment":"scroll","background-type":"","background-media":"","overlay-type":"","overlay-color":"","overlay-opacity":"","overlay-gradient":""},"tablet":{"background-color":"var(--ast-global-color-5)","background-image":"","background-repeat":"repeat","background-position":"center center","background-size":"auto","background-attachment":"scroll","background-type":"","background-media":"","overlay-type":"","overlay-color":"","overlay-opacity":"","overlay-gradient":""},"mobile":{"background-color":"var(--ast-global-color-5)","background-image":"","background-repeat":"repeat","background-position":"center center","background-size":"auto","background-attachment":"scroll","background-type":"","background-media":"","overlay-type":"","overlay-color":"","overlay-opacity":"","overlay-gradient":""}}},"product_brand":[],"product_cat":[175],"product_tag":[],"class_list":{"0":"post-23508","1":"product","2":"type-product","3":"status-publish","4":"has-post-thumbnail","6":"product_cat-cleaning-products","7":"desktop-align-left","8":"tablet-align-left","9":"mobile-align-left","11":"first","12":"instock","13":"sale","14":"taxable","15":"shipping-taxable","16":"purchasable","17":"product-type-variable","18":"has-default-attributes"},"spectra_custom_meta":{"_visibility":["visible"],"_shopify_product_id":["9106240209141"],"_s2w_shopify_domain":["ferberpainting.myshopify.com"],"_shopify_variant_id":["46625780924661"],"_sku":[""],"_manage_stock":["no"],"total_sales":["67"],"_tax_status":["taxable"],"_tax_class":[""],"_backorders":["no"],"_sold_individually":["no"],"_virtual":["no"],"_downloadable":["no"],"_download_limit":["-1"],"_download_expiry":["-1"],"_stock":[null],"_stock_status":["instock"],"_wc_average_rating":["5.00"],"_wc_review_count":["22"],"_product_attributes":["a:1:{s:6:\"volume\";a:6:{s:4:\"name\";s:6:\"Volume\";s:5:\"value\";s:20:\"5 liters | 25 liters\";s:8:\"position\";i:1;s:10:\"is_visible\";i:0;s:12:\"is_variation\";i:1;s:11:\"is_taxonomy\";i:0;}}"],"_product_version":["10.5.1"],"wpse_downloadable_file_names":[""],"wpse_downloadable_file_urls":[""],"_edit_last":["1"],"_default_attributes":["a:1:{s:6:\"volume\";s:8:\"5 liters\";}"],"_edit_lock":["1771170357:1"],"_price":["29.90","129.90"],"merchant-center-category":["4973"],"merchant-center-availability":["yes"],"_thumbnail_id":["36312"],"_wp_page_template":["default"],"_wp_old_date":["2025-05-26"],"_product_image_gallery":["36314"],"site-sidebar-layout":["default"],"ast-site-content-layout":["default"],"site-content-style":["default"],"site-sidebar-style":["default"],"theme-transparent-header-meta":["default"],"_wc_rating_count":["a:1:{i:5;i:22;}"],"astra-migrate-meta-layouts":["set"],"_uag_css_file_name":["uag-css-23508.css"],"_elementor_page_assets":["a:0:{}"],"_uag_page_assets":["a:9:{s:3:\"css\";s:7133:\".uag-blocks-common-selector{z-index:var(--z-index-desktop) !important}@media(max-width: 976px){.uag-blocks-common-selector{z-index:var(--z-index-tablet) !important}}@media(max-width: 767px){.uag-blocks-common-selector{z-index:var(--z-index-mobile) !important}}.wp-block-uagb-image{display:flex}.wp-block-uagb-image__figure{position:relative;display:flex;flex-direction:column;max-width:100%;height:auto;margin:0}.wp-block-uagb-image__figure img{height:auto;display:flex;max-width:100%;transition:box-shadow .2s ease}.wp-block-uagb-image__figure>a{display:inline-block}.wp-block-uagb-image__figure figcaption{text-align:center;margin-top:.5em;margin-bottom:1em}.wp-block-uagb-image .components-placeholder.block-editor-media-placeholder .components-placeholder__instructions{align-self:center}.wp-block-uagb-image--align-left{text-align:left}.wp-block-uagb-image--align-right{text-align:right}.wp-block-uagb-image--align-center{text-align:center}.wp-block-uagb-image--align-full .wp-block-uagb-image__figure{margin-left:calc(50% - 50vw);margin-right:calc(50% - 50vw);max-width:100vw;width:100vw;height:auto}.wp-block-uagb-image--align-full .wp-block-uagb-image__figure img{height:auto;width:100% !important}.wp-block-uagb-image--align-wide .wp-block-uagb-image__figure img{height:auto;width:100%}.wp-block-uagb-image--layout-overlay__color-wrapper{position:absolute;left:0;top:0;right:0;bottom:0;opacity:.2;background:rgba(0,0,0,.5);transition:opacity .35s ease-in-out}.wp-block-uagb-image--layout-overlay-link{position:absolute;left:0;right:0;bottom:0;top:0}.wp-block-uagb-image--layout-overlay .wp-block-uagb-image__figure:hover .wp-block-uagb-image--layout-overlay__color-wrapper{opacity:1}.wp-block-uagb-image--layout-overlay__inner{position:absolute;left:15px;right:15px;bottom:15px;top:15px;display:flex;align-items:center;justify-content:center;flex-direction:column;border-color:#fff;transition:.35s ease-in-out}.wp-block-uagb-image--layout-overlay__inner.top-left,.wp-block-uagb-image--layout-overlay__inner.top-center,.wp-block-uagb-image--layout-overlay__inner.top-right{justify-content:flex-start}.wp-block-uagb-image--layout-overlay__inner.bottom-left,.wp-block-uagb-image--layout-overlay__inner.bottom-center,.wp-block-uagb-image--layout-overlay__inner.bottom-right{justify-content:flex-end}.wp-block-uagb-image--layout-overlay__inner.top-left,.wp-block-uagb-image--layout-overlay__inner.center-left,.wp-block-uagb-image--layout-overlay__inner.bottom-left{align-items:flex-start}.wp-block-uagb-image--layout-overlay__inner.top-right,.wp-block-uagb-image--layout-overlay__inner.center-right,.wp-block-uagb-image--layout-overlay__inner.bottom-right{align-items:flex-end}.wp-block-uagb-image--layout-overlay__inner .uagb-image-heading{color:#fff;transition:transform .35s,opacity .35s ease-in-out;transform:translate3d(0, 24px, 0);margin:0;line-height:1em}.wp-block-uagb-image--layout-overlay__inner .uagb-image-separator{width:30%;border-top-width:2px;border-top-color:#fff;border-top-style:solid;margin-bottom:10px;opacity:0;transition:transform .4s,opacity .4s ease-in-out;transform:translate3d(0, 30px, 0)}.wp-block-uagb-image--layout-overlay__inner .uagb-image-caption{opacity:0;overflow:visible;color:#fff;transition:transform .45s,opacity .45s ease-in-out;transform:translate3d(0, 35px, 0)}.wp-block-uagb-image--layout-overlay__inner:hover .uagb-image-heading,.wp-block-uagb-image--layout-overlay__inner:hover .uagb-image-separator,.wp-block-uagb-image--layout-overlay__inner:hover .uagb-image-caption{opacity:1;transform:translate3d(0, 0, 0)}.wp-block-uagb-image--effect-zoomin .wp-block-uagb-image__figure img,.wp-block-uagb-image--effect-zoomin .wp-block-uagb-image__figure .wp-block-uagb-image--layout-overlay__color-wrapper{transform:scale(1);transition:transform .35s ease-in-out}.wp-block-uagb-image--effect-zoomin .wp-block-uagb-image__figure:hover img,.wp-block-uagb-image--effect-zoomin .wp-block-uagb-image__figure:hover .wp-block-uagb-image--layout-overlay__color-wrapper{transform:scale(1.05)}.wp-block-uagb-image--effect-slide .wp-block-uagb-image__figure img,.wp-block-uagb-image--effect-slide .wp-block-uagb-image__figure .wp-block-uagb-image--layout-overlay__color-wrapper{width:calc(100% + 40px) !important;max-width:none !important;transform:translate3d(-40px, 0, 0);transition:transform .35s ease-in-out}.wp-block-uagb-image--effect-slide .wp-block-uagb-image__figure:hover img,.wp-block-uagb-image--effect-slide .wp-block-uagb-image__figure:hover .wp-block-uagb-image--layout-overlay__color-wrapper{transform:translate3d(0, 0, 0)}.wp-block-uagb-image--effect-grayscale img{filter:grayscale(0%);transition:.35s ease-in-out}.wp-block-uagb-image--effect-grayscale:hover img{filter:grayscale(100%)}.wp-block-uagb-image--effect-blur img{filter:blur(0);transition:.35s ease-in-out}.wp-block-uagb-image--effect-blur:hover img{filter:blur(3px)}.uagb-block-e6f939b3.wp-block-uagb-image--layout-default figure img{box-shadow: 0px 0px 0 #00000070;}.uagb-block-e6f939b3.wp-block-uagb-image .wp-block-uagb-image__figure figcaption{font-style: normal;align-self: center;}.uagb-block-e6f939b3.wp-block-uagb-image--layout-overlay figure img{box-shadow: 0px 0px 0 #00000070;}.uagb-block-e6f939b3.wp-block-uagb-image--layout-overlay .wp-block-uagb-image--layout-overlay__color-wrapper{opacity: 0.2;}.uagb-block-e6f939b3.wp-block-uagb-image--layout-overlay .wp-block-uagb-image--layout-overlay__inner{left: 15px;right: 15px;top: 15px;bottom: 15px;}.uagb-block-e6f939b3.wp-block-uagb-image--layout-overlay .wp-block-uagb-image--layout-overlay__inner .uagb-image-heading{font-style: normal;color: #fff;opacity: 1;}.uagb-block-e6f939b3.wp-block-uagb-image--layout-overlay .wp-block-uagb-image--layout-overlay__inner .uagb-image-heading a{color: #fff;}.uagb-block-e6f939b3.wp-block-uagb-image--layout-overlay .wp-block-uagb-image--layout-overlay__inner .uagb-image-caption{opacity: 0;}.uagb-block-e6f939b3.wp-block-uagb-image--layout-overlay .wp-block-uagb-image__figure:hover .wp-block-uagb-image--layout-overlay__color-wrapper{opacity: 1;}.uagb-block-e6f939b3.wp-block-uagb-image .wp-block-uagb-image--layout-overlay__inner .uagb-image-separator{width: 30%;border-top-width: 2px;border-top-color: #fff;opacity: 0;}.uagb-block-e6f939b3.wp-block-uagb-image .wp-block-uagb-image__figure img{width: px;height: auto;}.uagb-block-e6f939b3.wp-block-uagb-image .wp-block-uagb-image__figure:hover .wp-block-uagb-image--layout-overlay__inner .uagb-image-caption{opacity: 1;}.uagb-block-e6f939b3.wp-block-uagb-image .wp-block-uagb-image__figure:hover .wp-block-uagb-image--layout-overlay__inner .uagb-image-separator{opacity: 1;}.uagb-block-e6f939b3.wp-block-uagb-image--layout-default figure:hover img{box-shadow: 0px 0px 0 #00000070;}.uagb-block-e6f939b3.wp-block-uagb-image--layout-overlay figure:hover img{box-shadow: 0px 0px 0 #00000070;}@media only screen and (max-width: 976px) {.uagb-block-e6f939b3.wp-block-uagb-image .wp-block-uagb-image__figure img{width: px;height: auto;}}@media only screen and (max-width: 767px) {.uagb-block-e6f939b3.wp-block-uagb-image .wp-block-uagb-image__figure img{width: px;height: auto;}}\";s:2:\"js\";s:0:\"\";s:18:\"current_block_list\";a:13:{i:0;s:11:\"core\/search\";i:1;s:10:\"core\/group\";i:2;s:12:\"core\/heading\";i:3;s:17:\"core\/latest-posts\";i:4;s:20:\"core\/latest-comments\";i:5;s:13:\"core\/archives\";i:6;s:15:\"core\/categories\";i:7;s:14:\"core\/paragraph\";i:8;s:10:\"uagb\/image\";i:9;s:11:\"core\/spacer\";i:10;s:30:\"woocommerce\/product-categories\";i:11;s:10:\"core\/image\";i:12;s:14:\"core\/shortcode\";}s:8:\"uag_flag\";b:1;s:11:\"uag_version\";s:10:\"1777229265\";s:6:\"gfonts\";a:0:{}s:10:\"gfonts_url\";s:0:\"\";s:12:\"gfonts_files\";a:0:{}s:14:\"uag_faq_layout\";b:0;}"]},"uagb_featured_image_src":{"full":["https:\/\/www.ferberpainting.com\/wp-content\/uploads\/2025\/05\/Grease-and-Soot-Cleaner-5L-.png",2560,2560,false],"thumbnail":["https:\/\/www.ferberpainting.com\/wp-content\/uploads\/2025\/05\/Grease-and-Soot-Cleaner-5L--150x150.png",150,150,true],"medium":["https:\/\/www.ferberpainting.com\/wp-content\/uploads\/2025\/05\/Grease-and-Soot-Cleaner-5L--300x300.png",300,300,true],"medium_large":["https:\/\/www.ferberpainting.com\/wp-content\/uploads\/2025\/05\/Grease-and-Soot-Cleaner-5L--768x768.png",768,768,true],"large":["https:\/\/www.ferberpainting.com\/wp-content\/uploads\/2025\/05\/Grease-and-Soot-Cleaner-5L--1024x1024.png",1024,1024,true],"1536x1536":["https:\/\/www.ferberpainting.com\/wp-content\/uploads\/2025\/05\/Grease-and-Soot-Cleaner-5L--1536x1536.png",1536,1536,true],"2048x2048":["https:\/\/www.ferberpainting.com\/wp-content\/uploads\/2025\/05\/Grease-and-Soot-Cleaner-5L--2048x2048.png",2048,2048,true],"trp-custom-language-flag":["https:\/\/www.ferberpainting.com\/wp-content\/uploads\/2025\/05\/Grease-and-Soot-Cleaner-5L--12x12.png",12,12,true],"woocommerce_thumbnail":["https:\/\/www.ferberpainting.com\/wp-content\/uploads\/2025\/05\/Grease-and-Soot-Cleaner-5L--300x300.png",300,300,true],"woocommerce_single":["https:\/\/www.ferberpainting.com\/wp-content\/uploads\/2025\/05\/Grease-and-Soot-Cleaner-5L--600x600.png",600,600,true],"woocommerce_gallery_thumbnail":["https:\/\/www.ferberpainting.com\/wp-content\/uploads\/2025\/05\/Grease-and-Soot-Cleaner-5L--100x100.png",100,100,true]},"uagb_author_info":{"display_name":"admin","author_link":"https:\/\/www.ferberpainting.com\/lv\/author\/"},"uagb_comment_info":22,"uagb_excerpt":"Optimal Efficiency.\u00a0This grease and soot cleaner is specially designed to effectively remove stubborn grease, burnt oil, and embedded soot residues on different surfaces. Thanks to its powerful formula, it penetrates deeply to dissolve even the most resistant buildup without the need for excessive scrubbing. It restores the shine of dirty surfaces\u2014whether in a kitchen, garage,&hellip;","_links":{"self":[{"href":"https:\/\/www.ferberpainting.com\/lv\/wp-json\/wp\/v2\/product\/23508","targetHints":{"allow":["GET"]}}],"collection":[{"href":"https:\/\/www.ferberpainting.com\/lv\/wp-json\/wp\/v2\/product"}],"about":[{"href":"https:\/\/www.ferberpainting.com\/lv\/wp-json\/wp\/v2\/types\/product"}],"replies":[{"embeddable":true,"href":"https:\/\/www.ferberpainting.com\/lv\/wp-json\/wp\/v2\/comments?post=23508"}],"version-history":[{"count":5,"href":"https:\/\/www.ferberpainting.com\/lv\/wp-json\/wp\/v2\/product\/23508\/revisions"}],"predecessor-version":[{"id":166286,"href":"https:\/\/www.ferberpainting.com\/lv\/wp-json\/wp\/v2\/product\/23508\/revisions\/166286"}],"wp:featuredmedia":[{"embeddable":true,"href":"https:\/\/www.ferberpainting.com\/lv\/wp-json\/wp\/v2\/media\/36312"}],"wp:attachment":[{"href":"https:\/\/www.ferberpainting.com\/lv\/wp-json\/wp\/v2\/media?parent=23508"}],"wp:term":[{"taxonomy":"product_brand","embeddable":true,"href":"https:\/\/www.ferberpainting.com\/lv\/wp-json\/wp\/v2\/product_brand?post=23508"},{"taxonomy":"product_cat","embeddable":true,"href":"https:\/\/www.ferberpainting.com\/lv\/wp-json\/wp\/v2\/product_cat?post=23508"},{"taxonomy":"product_tag","embeddable":true,"href":"https:\/\/www.ferberpainting.com\/lv\/wp-json\/wp\/v2\/product_tag?post=23508"}],"curies":[{"name":"wp","href":"https:\/\/api.w.org\/{rel}","templated":true}]}}