{"id":23484,"date":"2025-07-01T13:14:04","date_gmt":"2025-07-01T11:14:04","guid":{"rendered":"https:\/\/www.ferberpainting.com\/?post_type=product&#038;p=23484"},"modified":"2026-02-15T14:20:09","modified_gmt":"2026-02-15T13:20:09","slug":"glass-and-mirror-cleaner","status":"publish","type":"product","link":"https:\/\/www.ferberpainting.com\/lv\/products\/glass-and-mirror-cleaner\/","title":{"rendered":"Logu un spogu\u013cu t\u012br\u012b\u0161anas l\u012bdzeklis"},"content":{"rendered":"<p><img decoding=\"async\" style=\"margin-right: 12px;\" src=\"https:\/\/www.ferberpainting.com\/wp-content\/uploads\/2026\/02\/Check.svg\" alt=\"\" width=\"18\" height=\"15\" \/><strong>Optim\u0101la efektivit\u0101te.<\/strong>\u00a0\u0160is stikla un spogu\u013cu t\u012br\u012b\u0161anas l\u012bdzeklis ir \u012bpa\u0161i izstr\u0101d\u0101ts, lai efekt\u012bvi no\u0146emtu pirkstu nospiedumus, putek\u013cus, \u016bdens p\u0113das un taukus, kas aiz\u0113no stikla virsmas. Pateicoties t\u0101 sp\u0113c\u012bgajai formulai, tas dzi\u013ci att\u012bra bez sv\u012btr\u0101m un atlikumiem, nodro\u0161inot perfektu caursp\u012bd\u012bgumu un mirdzumu. Tas ir ide\u0101li piem\u0113rots ikdienas lieto\u0161anai un nodro\u0161ina nevainojamu rezult\u0101tu da\u017eu mirk\u013cu laik\u0101.<\/p>\n<p><img decoding=\"async\" style=\"margin-right: 12px;\" src=\"https:\/\/www.ferberpainting.com\/wp-content\/uploads\/2026\/02\/Check.svg\" alt=\"\" width=\"18\" height=\"15\" \/><strong>Naudas atmaksas garantija.<\/strong>\u00a0M\u0113s esam piln\u012bb\u0101 p\u0101rliecin\u0101ti par m\u016bsu t\u012br\u012b\u0161anas l\u012bdzek\u013ca efektivit\u0101ti. Ja p\u0113c lieto\u0161anas j\u016bs neesat piln\u012bb\u0101 apmierin\u0101ts ar rezult\u0101tiem, jums ir ties\u012bbas sa\u0146emt pilnu naudas atmaksu. Izm\u0113\u0123iniet m\u016bsu produktu bez riska un izbaudiet nevainojami t\u012brus logus un spogu\u013cus.<\/p>\n<p><img decoding=\"async\" style=\"margin-right: 12px;\" src=\"https:\/\/www.ferberpainting.com\/wp-content\/uploads\/2026\/02\/Check.svg\" alt=\"\" width=\"18\" height=\"15\" \/><strong>Izcila daudzpus\u012bba.<\/strong>\u00a0\u0160is t\u012br\u012b\u0161anas l\u012bdzeklis nav paredz\u0113ts tikai logiem un spogu\u013ciem! Tas ir efekt\u012bvs ar\u012b stikla virsm\u0101m, v\u0113jstikliem, vitr\u012bn\u0101m, du\u0161as sien\u0101m, stikla ekr\u0101niem un pat keramiskaj\u0101m pl\u012bt\u012bm. Tas iedarbojas uz da\u017e\u0101diem materi\u0101liem, tostarp r\u016bd\u012btu stiklu, pleksi stiklu, lakot\u0101m virsm\u0101m un pul\u0113tu ner\u016bs\u0113jo\u0161o t\u0113raudu. T\u0101 daudzpus\u012bba padara to ide\u0101li piem\u0113rotu lieto\u0161anai m\u0101j\u0101s, komerci\u0101liem vai profesion\u0101liem m\u0113r\u0137iem birojos, viesn\u012bc\u0101s, restor\u0101nos un mazumtirdzniec\u012bb\u0101.<\/p>\n<p><img decoding=\"async\" style=\"margin-right: 12px;\" src=\"https:\/\/www.ferberpainting.com\/wp-content\/uploads\/2026\/02\/Check.svg\" alt=\"\" width=\"18\" height=\"15\" \/><strong>Rentabla veiktsp\u0113ja.<\/strong>\u00a0Pateicoties 5 litru tilpnei un augstajai koncentr\u0101cijai, \u0161is t\u012br\u012b\u0161anas l\u012bdzeklis pied\u0101v\u0101 izcilu v\u0113rt\u012bbu. Ar nelielu daudzumu pietiek, lai att\u012br\u012btu lielu virsmu, t\u0101p\u0113c tas ir ekonomisks un efekt\u012bvs. Vid\u0113ji ar vienu litru l\u012bdzek\u013ca var izt\u012br\u012bt l\u012bdz 100 m\u00b2 stikla vai spogu\u013cu, t\u0101d\u0113j\u0101di samazinot l\u012bdzek\u013ca pat\u0113ri\u0146u un optimiz\u0113jot ilgtermi\u0146a lieto\u0161anu.<\/p>\n<p><img decoding=\"async\" style=\"margin-right: 12px;\" src=\"https:\/\/www.ferberpainting.com\/wp-content\/uploads\/2026\/02\/Check.svg\" alt=\"\" width=\"18\" height=\"15\" \/><strong>Dro\u0161a lieto\u0161ana.<\/strong>\u00a0At\u0161\u0137ir\u012bb\u0101 no t\u012br\u012b\u0161anas l\u012bdzek\u013ciem, kas satur amonjaku vai asus \u0161\u0137\u012bdin\u0101t\u0101jus, kuri var izrais\u012bt kairin\u0101jumu un saboj\u0101t jut\u012bgas virsmas, \u0161is l\u012bdzeklis ir izstr\u0101d\u0101ts bez kait\u012bg\u0101m viel\u0101m. Tas neizdala kairino\u0161us izgarojumus, nerada \u0101das kairin\u0101jumu, ir dro\u0161s uz apstr\u0101d\u0101t\u0101m virsm\u0101m un vienlaikus ir \u013coti efekt\u012bvs. To var dro\u0161i lietot sl\u0113gt\u0101s telp\u0101s, neradot risku lietot\u0101jiem vai videi, ja lieto atbilsto\u0161i nor\u0101d\u012bjumiem.<\/p>\n<p><img decoding=\"async\" style=\"margin-right: 12px;\" src=\"https:\/\/www.ferberpainting.com\/wp-content\/uploads\/2026\/02\/Check.svg\" alt=\"\" width=\"18\" height=\"15\" \/><strong>Lieto\u0161anas \u0113rtums.<\/strong>\u00a0\u0160is produkts ir gatavs lieto\u0161anai, un to nav nepiecie\u0161ams at\u0161\u0137aid\u012bt vai sare\u017e\u0123\u012bti apstr\u0101d\u0101t. To uzkl\u0101j tie\u0161i uz virsmas, izmantojot mikro\u0161\u0137iedras dr\u0101nu, skr\u0101pi vai absorb\u0113jo\u0161u pap\u012bru. T\u0101 \u0101tr\u0101 iedarb\u012bba no\u0146em net\u012brumus da\u017eu sekun\u017eu laik\u0101 bez skalo\u0161anas vai intens\u012bvas t\u012br\u012b\u0161anas. Tas neatst\u0101j taukainu k\u0101rti\u0146u un nodro\u0161ina fini\u0161u bez \u0161v\u012bk\u0101m jau ar pirmo noslauk\u0161anu.<\/p>\n<p><img decoding=\"async\" style=\"margin-right: 12px;\" src=\"https:\/\/www.ferberpainting.com\/wp-content\/uploads\/2026\/02\/Check.svg\" alt=\"\" width=\"18\" height=\"15\" \/><strong>Papla\u0161in\u0101ta iztur\u012bba.<\/strong>\u00a0\u0160is t\u012br\u012b\u0161anas l\u012bdzeklis efekt\u012bvi no\u0146em putek\u013cus, taukus un atlikumus, t\u0101d\u0113j\u0101di pal\u012bdz saglab\u0101t stikla virsmu skaidr\u012bbu un t\u012br\u012bbu laika gait\u0101. Tas nov\u0113r\u0161 uzkr\u0101\u0161anos, kas var\u0113tu ietekm\u0113t caursp\u012bd\u012bgumu, un atvieglo regul\u0101ru apkopi. Bie\u017ea t\u012br\u012b\u0161ana ar \u0161o l\u012bdzekli garant\u0113 ilgsto\u0161u sp\u012bdumu, neprasot intens\u012bvu apkopi.<\/p>\n<p><img decoding=\"async\" style=\"margin-right: 12px;\" src=\"https:\/\/www.ferberpainting.com\/wp-content\/uploads\/2026\/02\/Check.svg\" alt=\"\" width=\"18\" height=\"15\" \/><strong>\u0100tra r\u012bc\u012bba.<\/strong>\u00a0Pateicoties \u012bpa\u0161i akt\u012bvai formulai, \u0161is t\u012br\u012b\u0161anas l\u012bdzeklis nekav\u0113joties iedarbojas uz traipiem un traipiem, \u0101tri iz\u0161\u0137\u012bdinot net\u012brumus da\u017eu sekun\u017eu laik\u0101. Tas nodro\u0161ina \u0101trus un efekt\u012bvus rezult\u0101tus un ir ide\u0101li piem\u0113rots ikdienas lieto\u0161anai gan sadz\u012bv\u0113, gan profesion\u0101los apst\u0101k\u013cos. Tas \u0101tri no\u017e\u016bst bez sv\u012btr\u0101m, nodro\u0161inot skaidru un mirdzo\u0161u virsmu.<\/p>\n<h2><strong>Lieto\u0161anas protokols<\/strong><\/h2>\n<ul>\n<li><strong>Sagatavo\u0161ana <\/strong>:  Pirms produkta uzkl\u0101\u0161anas p\u0101rliecinieties, ka stikla vai spogu\u013ca virsma ir not\u012br\u012bta no putek\u013ciem. Optim\u0101lai t\u012br\u012b\u0161anai izmantojiet t\u012bru dr\u0101nu, kas neveido \u0161\u0137iedras.<\/li>\n<li><strong>Tie\u0161\u0101 piem\u0113ro\u0161ana <\/strong>: Uzsmidziniet pl\u0101nu t\u012br\u012b\u0161anas l\u012bdzek\u013ca k\u0101rti\u0146u tie\u0161i uz spogu\u013ca vai stikla virsmas. Liel\u0101k\u0101m plat\u012bb\u0101m, piem\u0113ram, vitr\u012bn\u0101m, izmantojiet pla\u0161u izsmidzin\u0101\u0161anas pudeli, lai nodro\u0161in\u0101tu vienm\u0113r\u012bgu izsmidzin\u0101\u0161anu.<\/li>\n<li><strong>Manu\u0101l\u0101 t\u012br\u012b\u0161ana <\/strong>: T\u016bl\u012bt noslaukiet ar t\u012bru mikro\u0161\u0137iedras dr\u0101nu, absorb\u0113jo\u0161u pap\u012bru vai izspied\u0113ju, lai no\u0146emtu net\u012brumus un pan\u0101ktu perfektu caursp\u012bd\u012bgumu. Izmantojiet ap\u013cveida kust\u012bbas, lai izvair\u012btos no sv\u012btr\u0101m un nodro\u0161in\u0101tu vienm\u0113r\u012bgu t\u012br\u012b\u0161anu.<\/li>\n<li><strong>Notur\u012bgu traipu apstr\u0101de <\/strong>: Ja ir ka\u013c\u0137akmens, taukaini plankumi vai iespr\u016bdu\u0161i net\u012brumi, uzkl\u0101jiet nedaudz liel\u0101ku l\u012bdzek\u013ca daudzumu un \u013caujiet tam da\u017eas sekundes nost\u0101v\u0113ties, pirms noslaukiet ar m\u012bkstu s\u016bkli vai mitru dr\u0101nu.<\/li>\n<li><strong>Pul\u0113\u0161ana un sp\u012bdums <\/strong>: Lai ieg\u016btu v\u0113l sp\u012bd\u012bg\u0101ku virsmu, p\u0113c t\u012br\u012b\u0161anas uz virsmas uzkl\u0101jiet otru sausu lupati\u0146u, lai no\u0146emtu lieko l\u012bdzekli un nodro\u0161in\u0101tu nevainojamu rezult\u0101tu.<\/li>\n<li><strong>Lielu virsmu t\u012br\u012b\u0161ana <\/strong>: Logu erkeriem vai komerci\u0101liem skatlogiem izmantojiet profesion\u0101lu izsmidzin\u0101t\u0101ju, lai izklied\u0113tu un no\u0146emtu l\u012bdzekli vien\u0101 pieg\u0101jien\u0101, t\u0101d\u0113j\u0101di samazinot t\u012br\u012b\u0161anas laiku un optimiz\u0113jot rezult\u0101tus.<\/li>\n<li><strong>Lieto\u0161anas bie\u017eums <\/strong>: Uzkl\u0101jiet vienu vai divas reizes ned\u0113\u013c\u0101 stikla virsmu ikdienas t\u012br\u012b\u0161anai. Lielas satiksmes vai pies\u0101r\u0146ojuma zon\u0101s (restor\u0101nos, viesn\u012bc\u0101s, birojos) optim\u0101las t\u012br\u012bbas nodro\u0161in\u0101\u0161anai ieteicams veikt t\u012br\u012b\u0161anu katru dienu.<\/li>\n<li><strong>Uzglab\u0101\u0161ana <\/strong>: P\u0113c katras lieto\u0161anas reizes cie\u0161i aizveriet kanni\u0146u un uzglab\u0101jiet v\u0113s\u0101, saus\u0101 viet\u0101, pasarg\u0101jot no gaismas un p\u0101rm\u0113r\u012bgas temperat\u016bras, lai saglab\u0101tu produkta efektivit\u0101ti ilg\u0101ku laiku.<\/li>\n<\/ul>\n<p>Izmantojot m\u016bsu stikla un spogu\u013cu t\u012br\u012b\u0161anas l\u012bdzekli, izbaudiet efekt\u012bvu un vieglu apkopi, vienlaikus saglab\u0101jot stikla virsmu dzidrumu un sp\u012bdumu. Ide\u0101ls risin\u0101jums, kas nodro\u0161ina rezult\u0101tu bez \u0161v\u012bk\u0101m, bez atlikumiem un optim\u0101lu vizu\u0101lo komfortu jebkur\u0101 situ\u0101cij\u0101.<\/p>","protected":false},"excerpt":{"rendered":"<p>Optimal Efficiency.\u00a0This glass and mirror cleaner is specially formulated to effectively remove fingerprints, dust, water marks, and grease that cloud glass surfaces. Thanks to its powerful formula, it deeply cleans without streaks or residue, ensuring perfect transparency and a brilliant shine. It is ideal for daily use and delivers flawless results in just moments. Money-back [&hellip;]<\/p>\n","protected":false},"featured_media":36356,"comment_status":"open","ping_status":"closed","template":"","meta":{"_uag_custom_page_level_css":"","site-sidebar-layout":"default","site-content-layout":"","ast-site-content-layout":"default","site-content-style":"default","site-sidebar-style":"default","ast-global-header-display":"","ast-banner-title-visibility":"","ast-main-header-display":"","ast-hfb-above-header-display":"","ast-hfb-below-header-display":"","ast-hfb-mobile-header-display":"","site-post-title":"","ast-breadcrumbs-content":"","ast-featured-img":"","footer-sml-layout":"","ast-disable-related-posts":"","theme-transparent-header-meta":"default","adv-header-id-meta":"","stick-header-meta":"","header-above-stick-meta":"","header-main-stick-meta":"","header-below-stick-meta":"","astra-migrate-meta-layouts":"set","ast-page-background-enabled":"default","ast-page-background-meta":{"desktop":{"background-color":"var(--ast-global-color-4)","background-image":"","background-repeat":"repeat","background-position":"center center","background-size":"auto","background-attachment":"scroll","background-type":"","background-media":"","overlay-type":"","overlay-color":"","overlay-opacity":"","overlay-gradient":""},"tablet":{"background-color":"","background-image":"","background-repeat":"repeat","background-position":"center center","background-size":"auto","background-attachment":"scroll","background-type":"","background-media":"","overlay-type":"","overlay-color":"","overlay-opacity":"","overlay-gradient":""},"mobile":{"background-color":"","background-image":"","background-repeat":"repeat","background-position":"center center","background-size":"auto","background-attachment":"scroll","background-type":"","background-media":"","overlay-type":"","overlay-color":"","overlay-opacity":"","overlay-gradient":""}},"ast-content-background-meta":{"desktop":{"background-color":"var(--ast-global-color-5)","background-image":"","background-repeat":"repeat","background-position":"center center","background-size":"auto","background-attachment":"scroll","background-type":"","background-media":"","overlay-type":"","overlay-color":"","overlay-opacity":"","overlay-gradient":""},"tablet":{"background-color":"var(--ast-global-color-5)","background-image":"","background-repeat":"repeat","background-position":"center center","background-size":"auto","background-attachment":"scroll","background-type":"","background-media":"","overlay-type":"","overlay-color":"","overlay-opacity":"","overlay-gradient":""},"mobile":{"background-color":"var(--ast-global-color-5)","background-image":"","background-repeat":"repeat","background-position":"center center","background-size":"auto","background-attachment":"scroll","background-type":"","background-media":"","overlay-type":"","overlay-color":"","overlay-opacity":"","overlay-gradient":""}}},"product_brand":[],"product_cat":[175],"product_tag":[],"class_list":{"0":"post-23484","1":"product","2":"type-product","3":"status-publish","4":"has-post-thumbnail","6":"product_cat-cleaning-products","7":"desktop-align-left","8":"tablet-align-left","9":"mobile-align-left","11":"first","12":"instock","13":"sale","14":"taxable","15":"shipping-taxable","16":"purchasable","17":"product-type-variable","18":"has-default-attributes"},"spectra_custom_meta":{"_visibility":["visible"],"_shopify_product_id":["9106257084661"],"_s2w_shopify_domain":["ferberpainting.myshopify.com"],"_shopify_variant_id":["46625820082421"],"_sku":[""],"_manage_stock":["no"],"total_sales":["1"],"_tax_status":["taxable"],"_tax_class":[""],"_backorders":["no"],"_sold_individually":["no"],"_virtual":["no"],"_downloadable":["no"],"_download_limit":["-1"],"_download_expiry":["-1"],"_stock":[null],"_stock_status":["instock"],"_wc_average_rating":["5.00"],"_wc_review_count":["23"],"_product_attributes":["a:1:{s:6:\"volume\";a:6:{s:4:\"name\";s:6:\"Volume\";s:5:\"value\";s:20:\"5 liters | 25 liters\";s:8:\"position\";i:1;s:10:\"is_visible\";i:0;s:12:\"is_variation\";i:1;s:11:\"is_taxonomy\";i:0;}}"],"_product_version":["10.5.1"],"wpse_downloadable_file_names":[""],"wpse_downloadable_file_urls":[""],"_edit_last":["1"],"_default_attributes":["a:1:{s:6:\"volume\";s:8:\"5 liters\";}"],"_edit_lock":["1771161469:1"],"_price":["29.90","129.90"],"merchant-center-availability":["yes"],"merchant-center-category":["4976"],"_thumbnail_id":["36356"],"_wp_page_template":["default"],"_wp_old_date":["2025-05-26"],"_product_image_gallery":["36357"],"site-sidebar-layout":["default"],"ast-site-content-layout":["default"],"site-content-style":["default"],"site-sidebar-style":["default"],"theme-transparent-header-meta":["default"],"_wc_rating_count":["a:1:{i:5;i:23;}"],"astra-migrate-meta-layouts":["set"],"_uag_css_file_name":["uag-css-23484.css"],"_elementor_page_assets":["a:0:{}"],"_uag_page_assets":["a:9:{s:3:\"css\";s:7133:\".uag-blocks-common-selector{z-index:var(--z-index-desktop) !important}@media(max-width: 976px){.uag-blocks-common-selector{z-index:var(--z-index-tablet) !important}}@media(max-width: 767px){.uag-blocks-common-selector{z-index:var(--z-index-mobile) !important}}.wp-block-uagb-image{display:flex}.wp-block-uagb-image__figure{position:relative;display:flex;flex-direction:column;max-width:100%;height:auto;margin:0}.wp-block-uagb-image__figure img{height:auto;display:flex;max-width:100%;transition:box-shadow .2s ease}.wp-block-uagb-image__figure>a{display:inline-block}.wp-block-uagb-image__figure figcaption{text-align:center;margin-top:.5em;margin-bottom:1em}.wp-block-uagb-image .components-placeholder.block-editor-media-placeholder .components-placeholder__instructions{align-self:center}.wp-block-uagb-image--align-left{text-align:left}.wp-block-uagb-image--align-right{text-align:right}.wp-block-uagb-image--align-center{text-align:center}.wp-block-uagb-image--align-full .wp-block-uagb-image__figure{margin-left:calc(50% - 50vw);margin-right:calc(50% - 50vw);max-width:100vw;width:100vw;height:auto}.wp-block-uagb-image--align-full .wp-block-uagb-image__figure img{height:auto;width:100% !important}.wp-block-uagb-image--align-wide .wp-block-uagb-image__figure img{height:auto;width:100%}.wp-block-uagb-image--layout-overlay__color-wrapper{position:absolute;left:0;top:0;right:0;bottom:0;opacity:.2;background:rgba(0,0,0,.5);transition:opacity .35s ease-in-out}.wp-block-uagb-image--layout-overlay-link{position:absolute;left:0;right:0;bottom:0;top:0}.wp-block-uagb-image--layout-overlay .wp-block-uagb-image__figure:hover .wp-block-uagb-image--layout-overlay__color-wrapper{opacity:1}.wp-block-uagb-image--layout-overlay__inner{position:absolute;left:15px;right:15px;bottom:15px;top:15px;display:flex;align-items:center;justify-content:center;flex-direction:column;border-color:#fff;transition:.35s ease-in-out}.wp-block-uagb-image--layout-overlay__inner.top-left,.wp-block-uagb-image--layout-overlay__inner.top-center,.wp-block-uagb-image--layout-overlay__inner.top-right{justify-content:flex-start}.wp-block-uagb-image--layout-overlay__inner.bottom-left,.wp-block-uagb-image--layout-overlay__inner.bottom-center,.wp-block-uagb-image--layout-overlay__inner.bottom-right{justify-content:flex-end}.wp-block-uagb-image--layout-overlay__inner.top-left,.wp-block-uagb-image--layout-overlay__inner.center-left,.wp-block-uagb-image--layout-overlay__inner.bottom-left{align-items:flex-start}.wp-block-uagb-image--layout-overlay__inner.top-right,.wp-block-uagb-image--layout-overlay__inner.center-right,.wp-block-uagb-image--layout-overlay__inner.bottom-right{align-items:flex-end}.wp-block-uagb-image--layout-overlay__inner .uagb-image-heading{color:#fff;transition:transform .35s,opacity .35s ease-in-out;transform:translate3d(0, 24px, 0);margin:0;line-height:1em}.wp-block-uagb-image--layout-overlay__inner .uagb-image-separator{width:30%;border-top-width:2px;border-top-color:#fff;border-top-style:solid;margin-bottom:10px;opacity:0;transition:transform .4s,opacity .4s ease-in-out;transform:translate3d(0, 30px, 0)}.wp-block-uagb-image--layout-overlay__inner .uagb-image-caption{opacity:0;overflow:visible;color:#fff;transition:transform .45s,opacity .45s ease-in-out;transform:translate3d(0, 35px, 0)}.wp-block-uagb-image--layout-overlay__inner:hover .uagb-image-heading,.wp-block-uagb-image--layout-overlay__inner:hover .uagb-image-separator,.wp-block-uagb-image--layout-overlay__inner:hover .uagb-image-caption{opacity:1;transform:translate3d(0, 0, 0)}.wp-block-uagb-image--effect-zoomin .wp-block-uagb-image__figure img,.wp-block-uagb-image--effect-zoomin .wp-block-uagb-image__figure .wp-block-uagb-image--layout-overlay__color-wrapper{transform:scale(1);transition:transform .35s ease-in-out}.wp-block-uagb-image--effect-zoomin .wp-block-uagb-image__figure:hover img,.wp-block-uagb-image--effect-zoomin .wp-block-uagb-image__figure:hover .wp-block-uagb-image--layout-overlay__color-wrapper{transform:scale(1.05)}.wp-block-uagb-image--effect-slide .wp-block-uagb-image__figure img,.wp-block-uagb-image--effect-slide .wp-block-uagb-image__figure .wp-block-uagb-image--layout-overlay__color-wrapper{width:calc(100% + 40px) !important;max-width:none !important;transform:translate3d(-40px, 0, 0);transition:transform .35s ease-in-out}.wp-block-uagb-image--effect-slide .wp-block-uagb-image__figure:hover img,.wp-block-uagb-image--effect-slide .wp-block-uagb-image__figure:hover .wp-block-uagb-image--layout-overlay__color-wrapper{transform:translate3d(0, 0, 0)}.wp-block-uagb-image--effect-grayscale img{filter:grayscale(0%);transition:.35s ease-in-out}.wp-block-uagb-image--effect-grayscale:hover img{filter:grayscale(100%)}.wp-block-uagb-image--effect-blur img{filter:blur(0);transition:.35s ease-in-out}.wp-block-uagb-image--effect-blur:hover img{filter:blur(3px)}.uagb-block-e6f939b3.wp-block-uagb-image--layout-default figure img{box-shadow: 0px 0px 0 #00000070;}.uagb-block-e6f939b3.wp-block-uagb-image .wp-block-uagb-image__figure figcaption{font-style: normal;align-self: center;}.uagb-block-e6f939b3.wp-block-uagb-image--layout-overlay figure img{box-shadow: 0px 0px 0 #00000070;}.uagb-block-e6f939b3.wp-block-uagb-image--layout-overlay .wp-block-uagb-image--layout-overlay__color-wrapper{opacity: 0.2;}.uagb-block-e6f939b3.wp-block-uagb-image--layout-overlay .wp-block-uagb-image--layout-overlay__inner{left: 15px;right: 15px;top: 15px;bottom: 15px;}.uagb-block-e6f939b3.wp-block-uagb-image--layout-overlay .wp-block-uagb-image--layout-overlay__inner .uagb-image-heading{font-style: normal;color: #fff;opacity: 1;}.uagb-block-e6f939b3.wp-block-uagb-image--layout-overlay .wp-block-uagb-image--layout-overlay__inner .uagb-image-heading a{color: #fff;}.uagb-block-e6f939b3.wp-block-uagb-image--layout-overlay .wp-block-uagb-image--layout-overlay__inner .uagb-image-caption{opacity: 0;}.uagb-block-e6f939b3.wp-block-uagb-image--layout-overlay .wp-block-uagb-image__figure:hover .wp-block-uagb-image--layout-overlay__color-wrapper{opacity: 1;}.uagb-block-e6f939b3.wp-block-uagb-image .wp-block-uagb-image--layout-overlay__inner .uagb-image-separator{width: 30%;border-top-width: 2px;border-top-color: #fff;opacity: 0;}.uagb-block-e6f939b3.wp-block-uagb-image .wp-block-uagb-image__figure img{width: px;height: auto;}.uagb-block-e6f939b3.wp-block-uagb-image .wp-block-uagb-image__figure:hover .wp-block-uagb-image--layout-overlay__inner .uagb-image-caption{opacity: 1;}.uagb-block-e6f939b3.wp-block-uagb-image .wp-block-uagb-image__figure:hover .wp-block-uagb-image--layout-overlay__inner .uagb-image-separator{opacity: 1;}.uagb-block-e6f939b3.wp-block-uagb-image--layout-default figure:hover img{box-shadow: 0px 0px 0 #00000070;}.uagb-block-e6f939b3.wp-block-uagb-image--layout-overlay figure:hover img{box-shadow: 0px 0px 0 #00000070;}@media only screen and (max-width: 976px) {.uagb-block-e6f939b3.wp-block-uagb-image .wp-block-uagb-image__figure img{width: px;height: auto;}}@media only screen and (max-width: 767px) {.uagb-block-e6f939b3.wp-block-uagb-image .wp-block-uagb-image__figure img{width: px;height: auto;}}\";s:2:\"js\";s:0:\"\";s:18:\"current_block_list\";a:13:{i:0;s:11:\"core\/search\";i:1;s:10:\"core\/group\";i:2;s:12:\"core\/heading\";i:3;s:17:\"core\/latest-posts\";i:4;s:20:\"core\/latest-comments\";i:5;s:13:\"core\/archives\";i:6;s:15:\"core\/categories\";i:7;s:14:\"core\/paragraph\";i:8;s:10:\"uagb\/image\";i:9;s:11:\"core\/spacer\";i:10;s:30:\"woocommerce\/product-categories\";i:11;s:10:\"core\/image\";i:12;s:14:\"core\/shortcode\";}s:8:\"uag_flag\";b:1;s:11:\"uag_version\";s:10:\"1777228608\";s:6:\"gfonts\";a:0:{}s:10:\"gfonts_url\";s:0:\"\";s:12:\"gfonts_files\";a:0:{}s:14:\"uag_faq_layout\";b:0;}"]},"uagb_featured_image_src":{"full":["https:\/\/www.ferberpainting.com\/wp-content\/uploads\/2025\/05\/Glass-and-Mirror-Cleaner-5L-.png",2560,2560,false],"thumbnail":["https:\/\/www.ferberpainting.com\/wp-content\/uploads\/2025\/05\/Glass-and-Mirror-Cleaner-5L--150x150.png",150,150,true],"medium":["https:\/\/www.ferberpainting.com\/wp-content\/uploads\/2025\/05\/Glass-and-Mirror-Cleaner-5L--300x300.png",300,300,true],"medium_large":["https:\/\/www.ferberpainting.com\/wp-content\/uploads\/2025\/05\/Glass-and-Mirror-Cleaner-5L--768x768.png",768,768,true],"large":["https:\/\/www.ferberpainting.com\/wp-content\/uploads\/2025\/05\/Glass-and-Mirror-Cleaner-5L--1024x1024.png",1024,1024,true],"1536x1536":["https:\/\/www.ferberpainting.com\/wp-content\/uploads\/2025\/05\/Glass-and-Mirror-Cleaner-5L--1536x1536.png",1536,1536,true],"2048x2048":["https:\/\/www.ferberpainting.com\/wp-content\/uploads\/2025\/05\/Glass-and-Mirror-Cleaner-5L--2048x2048.png",2048,2048,true],"trp-custom-language-flag":["https:\/\/www.ferberpainting.com\/wp-content\/uploads\/2025\/05\/Glass-and-Mirror-Cleaner-5L--12x12.png",12,12,true],"woocommerce_thumbnail":["https:\/\/www.ferberpainting.com\/wp-content\/uploads\/2025\/05\/Glass-and-Mirror-Cleaner-5L--300x300.png",300,300,true],"woocommerce_single":["https:\/\/www.ferberpainting.com\/wp-content\/uploads\/2025\/05\/Glass-and-Mirror-Cleaner-5L--600x600.png",600,600,true],"woocommerce_gallery_thumbnail":["https:\/\/www.ferberpainting.com\/wp-content\/uploads\/2025\/05\/Glass-and-Mirror-Cleaner-5L--100x100.png",100,100,true]},"uagb_author_info":{"display_name":"admin","author_link":"https:\/\/www.ferberpainting.com\/lv\/author\/"},"uagb_comment_info":23,"uagb_excerpt":"Optimal Efficiency.\u00a0This glass and mirror cleaner is specially formulated to effectively remove fingerprints, dust, water marks, and grease that cloud glass surfaces. Thanks to its powerful formula, it deeply cleans without streaks or residue, ensuring perfect transparency and a brilliant shine. It is ideal for daily use and delivers flawless results in just moments. Money-back&hellip;","_links":{"self":[{"href":"https:\/\/www.ferberpainting.com\/lv\/wp-json\/wp\/v2\/product\/23484","targetHints":{"allow":["GET"]}}],"collection":[{"href":"https:\/\/www.ferberpainting.com\/lv\/wp-json\/wp\/v2\/product"}],"about":[{"href":"https:\/\/www.ferberpainting.com\/lv\/wp-json\/wp\/v2\/types\/product"}],"replies":[{"embeddable":true,"href":"https:\/\/www.ferberpainting.com\/lv\/wp-json\/wp\/v2\/comments?post=23484"}],"version-history":[{"count":4,"href":"https:\/\/www.ferberpainting.com\/lv\/wp-json\/wp\/v2\/product\/23484\/revisions"}],"predecessor-version":[{"id":166174,"href":"https:\/\/www.ferberpainting.com\/lv\/wp-json\/wp\/v2\/product\/23484\/revisions\/166174"}],"wp:featuredmedia":[{"embeddable":true,"href":"https:\/\/www.ferberpainting.com\/lv\/wp-json\/wp\/v2\/media\/36356"}],"wp:attachment":[{"href":"https:\/\/www.ferberpainting.com\/lv\/wp-json\/wp\/v2\/media?parent=23484"}],"wp:term":[{"taxonomy":"product_brand","embeddable":true,"href":"https:\/\/www.ferberpainting.com\/lv\/wp-json\/wp\/v2\/product_brand?post=23484"},{"taxonomy":"product_cat","embeddable":true,"href":"https:\/\/www.ferberpainting.com\/lv\/wp-json\/wp\/v2\/product_cat?post=23484"},{"taxonomy":"product_tag","embeddable":true,"href":"https:\/\/www.ferberpainting.com\/lv\/wp-json\/wp\/v2\/product_tag?post=23484"}],"curies":[{"name":"wp","href":"https:\/\/api.w.org\/{rel}","templated":true}]}}