{"id":23476,"date":"2025-05-26T10:24:20","date_gmt":"2025-05-26T08:24:20","guid":{"rendered":"https:\/\/www.ferberpainting.com\/products\/fungicide-treatment\/"},"modified":"2026-02-15T14:18:13","modified_gmt":"2026-02-15T13:18:13","slug":"fungicide-treatment","status":"publish","type":"product","link":"https:\/\/www.ferberpainting.com\/lv\/products\/fungicide-treatment\/","title":{"rendered":"Fungic\u012bdu apstr\u0101de"},"content":{"rendered":"<p><img decoding=\"async\" style=\"margin-right: 12px;\" src=\"https:\/\/www.ferberpainting.com\/wp-content\/uploads\/2026\/02\/Check.svg\" alt=\"\" width=\"18\" height=\"15\" \/><strong>Efekt\u012bvi nov\u0113r\u0161 s\u0113n\u012btes, pel\u0113jumu un a\u013c\u0123es uz vair\u0101k\u0101m virsm\u0101m.<\/strong> M\u016bsu fungic\u012bdu apstr\u0101de ir \u012bpa\u0161i izstr\u0101d\u0101ta, lai izn\u012bcin\u0101tu s\u0113n\u012b\u0161u aug\u0161anu to izcelsmes viet\u0101 un nov\u0113rstu to atk\u0101rtotu aug\u0161anu uz da\u017e\u0101d\u0101m \u0101r\u0113j\u0101m un iek\u0161\u0113j\u0101m virsm\u0101m. Neatkar\u012bgi no t\u0101, vai tas tiek lietots uz jumtiem, sien\u0101m, fas\u0101d\u0113m, gr\u012bd\u0101m vai teras\u0113m, tas dzi\u013ci iek\u013c\u016bst pies\u0101r\u0146otaj\u0101s viet\u0101s, lai izn\u012bcin\u0101tu sporas un atjaunotu t\u012brus un higi\u0113niskus apst\u0101k\u013cus. Viens litrs apstr\u0101d\u0101 l\u012bdz 20 m\u00b2, nodro\u0161inot sp\u0113c\u012bgu un ekonomisku p\u0101rkl\u0101jumu dz\u012bvojamo un komerci\u0101lo \u0113ku vajadz\u012bb\u0101m.<\/p>\n<p><strong><img decoding=\"async\" style=\"margin-right: 12px;\" src=\"https:\/\/www.ferberpainting.com\/wp-content\/uploads\/2026\/02\/Check.svg\" alt=\"\" width=\"18\" height=\"15\" \/>Efekt\u012bv\u0101kais fungic\u012bds tirg\u016b.<\/strong> \u0160is l\u012bdzeklis, kas izstr\u0101d\u0101ts, izmantojot modernu bioc\u012bdu tehnolo\u0123iju, tie\u0161i iedarbojas uz pel\u0113juma, pel\u0113juma s\u0113n\u012b\u0161u, a\u013c\u0123u, \u0137\u0113rpju un s\u0113n\u012b\u0161u kolonij\u0101m. Tas ne tikai izn\u012bcina redzamo aug\u0161anu, bet ar\u012b v\u0113r\u0161as pret mikroskopisk\u0101m spor\u0101m, kas iestr\u0101d\u0101tas porainos materi\u0101los, nodro\u0161inot ilglaic\u012bg\u0101ku aizsardz\u012bbu sal\u012bdzin\u0101jum\u0101 ar parastajiem t\u012br\u012b\u0161anas l\u012bdzek\u013ciem.<\/p>\n<p><strong><img decoding=\"async\" style=\"margin-right: 12px;\" src=\"https:\/\/www.ferberpainting.com\/wp-content\/uploads\/2026\/02\/Check.svg\" alt=\"\" width=\"18\" height=\"15\" \/>Naudas atmaksas garantija piln\u012bgam sirdsmieram.<\/strong> M\u0113s esam piln\u012bb\u0101 p\u0101rliecin\u0101ti par m\u016bsu fungic\u012bdu iedarb\u012bbas stiprumu un uzticam\u012bbu. Ja j\u016bs neb\u016bsiet piln\u012bb\u0101 apmierin\u0101ts ar rezult\u0101tiem, m\u0113s atmaks\u0101sim naudu par pirkumu. M\u016bsu naudas atmaksas garantija nodro\u0161ina, ka j\u016bsu ieguld\u012bjums ir piln\u012bgi bez riska, un atspogu\u013co m\u016bsu ap\u0146em\u0161anos nodro\u0161in\u0101t profesion\u0101las kvalit\u0101tes sniegumu.<\/p>\n<p><strong><img decoding=\"async\" style=\"margin-right: 12px;\" src=\"https:\/\/www.ferberpainting.com\/wp-content\/uploads\/2026\/02\/Check.svg\" alt=\"\" width=\"18\" height=\"15\" \/>L\u0113t\u0101kais pieejamais augstas efektivit\u0101tes fungic\u012bds.<\/strong> Efekt\u012bvai s\u0113n\u012b\u0161u apkaro\u0161anai nav nepiecie\u0161ami d\u0101rgi speci\u0101listu pakalpojumi. M\u016bsu produkts apvieno profesion\u0101la l\u012bme\u0146a veiktsp\u0113ju un konkur\u0113tsp\u0113j\u012bg\u0101ko cenu tirg\u016b, pied\u0101v\u0101jot izcilu v\u0113rt\u012bbu m\u0101ju \u012bpa\u0161niekiem, darbuz\u0146\u0113m\u0113jiem un \u0113ku apsaimniekot\u0101jiem.<\/p>\n<p><strong><img decoding=\"async\" style=\"margin-right: 12px;\" src=\"https:\/\/www.ferberpainting.com\/wp-content\/uploads\/2026\/02\/Check.svg\" alt=\"\" width=\"18\" height=\"15\" \/>\u0100tra pieg\u0101de 24 stundu laik\u0101 steidzamu pies\u0101r\u0146ojuma probl\u0113mu gad\u012bjum\u0101.<\/strong> Ja s\u0113n\u012b\u0161u aug\u0161ana netiek veikta, t\u0101s var strauji izplat\u012bties un izrais\u012bt struktur\u0101lus boj\u0101jumus. T\u0101p\u0113c m\u0113s nodro\u0161in\u0101m uzticamu pieg\u0101di 24 stundas diennakt\u012b, garant\u0113jot, ka fungic\u012bds tiek pieg\u0101d\u0101ts \u0101tri, lai j\u016bs var\u0113tu r\u012bkoties nekav\u0113joties.<\/p>\n<p><strong><img decoding=\"async\" style=\"margin-right: 12px;\" src=\"https:\/\/www.ferberpainting.com\/wp-content\/uploads\/2026\/02\/Check.svg\" alt=\"\" width=\"18\" height=\"15\" \/>L\u012bdz 20 m\u00b2 p\u0101rkl\u0101jums uz litru efekt\u012bvai pl\u0101no\u0161anai.<\/strong> Viens litrs apstr\u0101d\u0101 l\u012bdz 20 kvadr\u0101tmetriem, \u013caujot prec\u012bzi nov\u0113rt\u0113t un rentabli lietot. \u0160is noteiktais p\u0101rkl\u0101jums nodro\u0161ina pietiekamu pies\u0101tin\u0101jumu un konsekventu apstr\u0101des veiktsp\u0113ju uz vis\u0101m virsm\u0101m.<\/p>\n<p><strong><img decoding=\"async\" style=\"margin-right: 12px;\" src=\"https:\/\/www.ferberpainting.com\/wp-content\/uploads\/2026\/02\/Check.svg\" alt=\"\" width=\"18\" height=\"15\" \/>Piem\u0113rots jumtiem, sien\u0101m, fas\u0101d\u0113m, gr\u012bd\u0101m un teras\u0113m.<\/strong> \u0160\u012b daudzpus\u012bg\u0101 apstr\u0101de ir ide\u0101li piem\u0113rota \u0101r\u0113j\u0101m un iek\u0161\u0113j\u0101m miner\u0101lmateri\u0101lu virsm\u0101m, kas pak\u013cautas mitruma un organisk\u0101s aug\u0161anas iedarb\u012bbai. Tas efekt\u012bvi iedarbojas uz jumta seguma materi\u0101liem, m\u016bra fas\u0101d\u0113m, betona gr\u012bd\u0101m, fl\u012b\u017eu teras\u0113m, apmetuma un akmens virsm\u0101m.<\/p>\n<p><strong><img decoding=\"async\" style=\"margin-right: 12px;\" src=\"https:\/\/www.ferberpainting.com\/wp-content\/uploads\/2026\/02\/Check.svg\" alt=\"\" width=\"18\" height=\"15\" \/>Sader\u012bgs ar da\u017e\u0101diem b\u016bvmateri\u0101liem.<\/strong> Fungic\u012bdu var lietot betonam, \u0137ie\u0123e\u013ciem, akmenim, cementa apmetumam, apmetumam, kokam un citiem parastiem celtniec\u012bbas materi\u0101liem. T\u0101 piel\u0101gojamais sast\u0101vs nodro\u0161ina uzticamu iedarb\u012bbu uz porainiem un da\u013c\u0113ji porainiem substr\u0101tiem.<\/p>\n<p><strong><img decoding=\"async\" style=\"margin-right: 12px;\" src=\"https:\/\/www.ferberpainting.com\/wp-content\/uploads\/2026\/02\/Check.svg\" alt=\"\" width=\"18\" height=\"15\" \/>Nov\u0113r\u0161 ataug\u0161anu un virsmas boj\u0101\u0161anos.<\/strong> Izn\u012bcinot sporas un radot s\u0113n\u012b\u0161u att\u012bst\u012bbai nelabv\u0113l\u012bgu vidi, apstr\u0101de samazina s\u0113n\u012b\u0161u atk\u0101rto\u0161anos un pal\u012bdz aizsarg\u0101t virsmas no ilgtermi\u0146a degrad\u0101cijas, traipiem un strukt\u016bras v\u0101jin\u0101\u0161an\u0101s.<\/p>\n<p><strong><img decoding=\"async\" style=\"margin-right: 12px;\" src=\"https:\/\/www.ferberpainting.com\/wp-content\/uploads\/2026\/02\/Check.svg\" alt=\"\" width=\"18\" height=\"15\" \/>Uzlabo higi\u0113nu un est\u0113tisko izskatu.<\/strong> S\u0113n\u012b\u0161u traipi un a\u013c\u0123u aug\u0161ana var b\u016btiski ietekm\u0113t \u0113ku izskatu un t\u012br\u012bbu. \u0160\u012b apstr\u0101de atjauno t\u012br\u0101kas virsmas un veicina vesel\u012bg\u0101ku iek\u0161telpu un \u0101ra vidi.<\/p>\n<h2><strong>Instrukcijas<\/strong><\/h2>\n<ul>\n<li>P\u0101rbaudiet skart\u0101s vietas, lai noteiktu s\u0113n\u012b\u0161u pies\u0101r\u0146ojuma apm\u0113ru.<\/li>\n<li>Pirms apstr\u0101des ar rok\u0101m no\u0146emiet va\u013c\u0113jos gru\u017eus, net\u012brumus vai biezas s\u016bnas.<\/li>\n<li>P\u0101rliecinieties, ka virsma ir sausa vai nedaudz mitra, bet bez st\u0101vo\u0161a \u016bdens.<\/li>\n<li>Pirms lieto\u0161anas r\u016bp\u012bgi sakratiet trauku, lai nodro\u0161in\u0101tu viendab\u012bgu konsistenci.<\/li>\n<li>Ar zemspiediena smidzin\u0101t\u0101ju, rull\u012bti vai otu vienm\u0113r\u012bgi uzkl\u0101t, lai piln\u012bb\u0101 pies\u0101tin\u0101tu pies\u0101r\u0146ot\u0101s vietas.<\/li>\n<li>Iev\u0113rojiet ieteicamo p\u0101rkl\u0101juma normu - l\u012bdz 20 m\u00b2 uz litru. Tas atbilst aptuveni 50 ml uz kvadr\u0101tmetru atkar\u012bb\u0101 no pamatnes porain\u012bbas.<\/li>\n<li>\u013baujiet produktam ies\u016bkties un iedarboties uz virsmu. P\u0113c apstr\u0101des redzam\u0101 s\u0113n\u012b\u0161u aug\u0161ana var s\u0101kt izzust.<\/li>\n<li>Ja invad\u0101cija ir sp\u0113c\u012bga, p\u0113c s\u0101kotn\u0113j\u0101s apstr\u0101des var b\u016bt nepiecie\u0161ams veikt otru apstr\u0101di p\u0113c tam, kad t\u0101 ir iz\u017euvusi.<\/li>\n<li>Neizskalojiet uzreiz, ja vien tas nav nor\u0101d\u012bts est\u0113tisku apsv\u0113rumu d\u0113\u013c. Daudzos gad\u012bjumos dabisk\u0101s atmosf\u0113ras iedarb\u012bbas rezult\u0101t\u0101 atmiru\u0161\u0101s atliekas pak\u0101peniski izz\u016bd.<\/li>\n<li>Lai nodro\u0161in\u0101tu optim\u0101lu efektivit\u0101ti, izvairieties no lieto\u0161anas sp\u0113c\u012bga lietus vai ekstrem\u0101lu temperat\u016bru laik\u0101.<\/li>\n<li>Aizsarg\u0101jiet b\u0113rnus un m\u0101jdz\u012bvniekus no apstr\u0101d\u0101taj\u0101m viet\u0101m, l\u012bdz virsmas ir piln\u012bgi sausas.<\/li>\n<li>P\u0113c lieto\u0161anas r\u016bp\u012bgi not\u012briet instrumentus un uzglab\u0101jiet produktu v\u0113s\u0101, saus\u0101 viet\u0101, prom no tie\u0161iem saules stariem, cie\u0161i aizverot iepakojumu.<\/li>\n<\/ul>","protected":false},"excerpt":{"rendered":"<p>Eliminate fungus, mold, and algae effectively across multiple surfaces. Our fungicide treatment is specially formulated to destroy fungal growth at its source and prevent regrowth on a wide range of exterior and interior surfaces. Whether applied to roofs, walls, facades, floors, or terraces, it penetrates deeply into contaminated areas to eradicate spores and restore clean, [&hellip;]<\/p>\n","protected":false},"featured_media":26003,"comment_status":"open","ping_status":"closed","template":"","meta":{"_uag_custom_page_level_css":"","site-sidebar-layout":"default","site-content-layout":"","ast-site-content-layout":"default","site-content-style":"default","site-sidebar-style":"default","ast-global-header-display":"","ast-banner-title-visibility":"","ast-main-header-display":"","ast-hfb-above-header-display":"","ast-hfb-below-header-display":"","ast-hfb-mobile-header-display":"","site-post-title":"","ast-breadcrumbs-content":"","ast-featured-img":"","footer-sml-layout":"","ast-disable-related-posts":"","theme-transparent-header-meta":"default","adv-header-id-meta":"","stick-header-meta":"","header-above-stick-meta":"","header-main-stick-meta":"","header-below-stick-meta":"","astra-migrate-meta-layouts":"set","ast-page-background-enabled":"default","ast-page-background-meta":{"desktop":{"background-color":"var(--ast-global-color-4)","background-image":"","background-repeat":"repeat","background-position":"center center","background-size":"auto","background-attachment":"scroll","background-type":"","background-media":"","overlay-type":"","overlay-color":"","overlay-opacity":"","overlay-gradient":""},"tablet":{"background-color":"","background-image":"","background-repeat":"repeat","background-position":"center center","background-size":"auto","background-attachment":"scroll","background-type":"","background-media":"","overlay-type":"","overlay-color":"","overlay-opacity":"","overlay-gradient":""},"mobile":{"background-color":"","background-image":"","background-repeat":"repeat","background-position":"center center","background-size":"auto","background-attachment":"scroll","background-type":"","background-media":"","overlay-type":"","overlay-color":"","overlay-opacity":"","overlay-gradient":""}},"ast-content-background-meta":{"desktop":{"background-color":"var(--ast-global-color-5)","background-image":"","background-repeat":"repeat","background-position":"center center","background-size":"auto","background-attachment":"scroll","background-type":"","background-media":"","overlay-type":"","overlay-color":"","overlay-opacity":"","overlay-gradient":""},"tablet":{"background-color":"var(--ast-global-color-5)","background-image":"","background-repeat":"repeat","background-position":"center center","background-size":"auto","background-attachment":"scroll","background-type":"","background-media":"","overlay-type":"","overlay-color":"","overlay-opacity":"","overlay-gradient":""},"mobile":{"background-color":"var(--ast-global-color-5)","background-image":"","background-repeat":"repeat","background-position":"center center","background-size":"auto","background-attachment":"scroll","background-type":"","background-media":"","overlay-type":"","overlay-color":"","overlay-opacity":"","overlay-gradient":""}}},"product_brand":[],"product_cat":[175],"product_tag":[],"class_list":{"0":"post-23476","1":"product","2":"type-product","3":"status-publish","4":"has-post-thumbnail","6":"product_cat-cleaning-products","7":"desktop-align-left","8":"tablet-align-left","9":"mobile-align-left","11":"first","12":"instock","13":"sale","14":"taxable","15":"shipping-taxable","16":"purchasable","17":"product-type-variable","18":"has-default-attributes"},"spectra_custom_meta":{"_visibility":["visible"],"_shopify_product_id":["7949827932405"],"_s2w_shopify_domain":["ferberpainting.myshopify.com"],"_shopify_variant_id":["43500028657909"],"_sku":[""],"_manage_stock":["no"],"total_sales":["102"],"_tax_status":["taxable"],"_tax_class":[""],"_backorders":["no"],"_sold_individually":["no"],"_virtual":["no"],"_downloadable":["no"],"_download_limit":["-1"],"_download_expiry":["-1"],"_stock":[null],"_stock_status":["instock"],"_wc_average_rating":["4.85"],"_wc_review_count":["65"],"_product_attributes":["a:1:{s:6:\"volume\";a:6:{s:4:\"name\";s:6:\"Volume\";s:5:\"value\";s:20:\"5 liters | 25 liters\";s:8:\"position\";i:1;s:10:\"is_visible\";i:0;s:12:\"is_variation\";i:1;s:11:\"is_taxonomy\";i:0;}}"],"_product_version":["10.5.1"],"_thumbnail_id":["26003"],"_product_image_gallery":["26004"],"merchant-center-availability":["yes"],"merchant-center-category":["3103"],"merchant-center-id":["FT"],"wpse_downloadable_file_names":[""],"wpse_downloadable_file_urls":[""],"_edit_last":["1"],"_default_attributes":["a:1:{s:6:\"volume\";s:8:\"5 liters\";}"],"_wc_rating_count":["a:3:{i:3;i:1;i:4;i:8;i:5;i:56;}"],"_edit_lock":["1771161354:1"],"_wp_page_template":["default"],"site-sidebar-layout":["default"],"ast-site-content-layout":["default"],"site-content-style":["default"],"site-sidebar-style":["default"],"theme-transparent-header-meta":["default"],"_price":["29.90","129.90"],"astra-migrate-meta-layouts":["set"],"_uag_css_file_name":["uag-css-23476.css"],"_elementor_page_assets":["a:0:{}"],"_uag_page_assets":["a:9:{s:3:\"css\";s:7133:\".uag-blocks-common-selector{z-index:var(--z-index-desktop) !important}@media(max-width: 976px){.uag-blocks-common-selector{z-index:var(--z-index-tablet) !important}}@media(max-width: 767px){.uag-blocks-common-selector{z-index:var(--z-index-mobile) !important}}.wp-block-uagb-image{display:flex}.wp-block-uagb-image__figure{position:relative;display:flex;flex-direction:column;max-width:100%;height:auto;margin:0}.wp-block-uagb-image__figure img{height:auto;display:flex;max-width:100%;transition:box-shadow .2s ease}.wp-block-uagb-image__figure>a{display:inline-block}.wp-block-uagb-image__figure figcaption{text-align:center;margin-top:.5em;margin-bottom:1em}.wp-block-uagb-image .components-placeholder.block-editor-media-placeholder .components-placeholder__instructions{align-self:center}.wp-block-uagb-image--align-left{text-align:left}.wp-block-uagb-image--align-right{text-align:right}.wp-block-uagb-image--align-center{text-align:center}.wp-block-uagb-image--align-full .wp-block-uagb-image__figure{margin-left:calc(50% - 50vw);margin-right:calc(50% - 50vw);max-width:100vw;width:100vw;height:auto}.wp-block-uagb-image--align-full .wp-block-uagb-image__figure img{height:auto;width:100% !important}.wp-block-uagb-image--align-wide .wp-block-uagb-image__figure img{height:auto;width:100%}.wp-block-uagb-image--layout-overlay__color-wrapper{position:absolute;left:0;top:0;right:0;bottom:0;opacity:.2;background:rgba(0,0,0,.5);transition:opacity .35s ease-in-out}.wp-block-uagb-image--layout-overlay-link{position:absolute;left:0;right:0;bottom:0;top:0}.wp-block-uagb-image--layout-overlay .wp-block-uagb-image__figure:hover .wp-block-uagb-image--layout-overlay__color-wrapper{opacity:1}.wp-block-uagb-image--layout-overlay__inner{position:absolute;left:15px;right:15px;bottom:15px;top:15px;display:flex;align-items:center;justify-content:center;flex-direction:column;border-color:#fff;transition:.35s ease-in-out}.wp-block-uagb-image--layout-overlay__inner.top-left,.wp-block-uagb-image--layout-overlay__inner.top-center,.wp-block-uagb-image--layout-overlay__inner.top-right{justify-content:flex-start}.wp-block-uagb-image--layout-overlay__inner.bottom-left,.wp-block-uagb-image--layout-overlay__inner.bottom-center,.wp-block-uagb-image--layout-overlay__inner.bottom-right{justify-content:flex-end}.wp-block-uagb-image--layout-overlay__inner.top-left,.wp-block-uagb-image--layout-overlay__inner.center-left,.wp-block-uagb-image--layout-overlay__inner.bottom-left{align-items:flex-start}.wp-block-uagb-image--layout-overlay__inner.top-right,.wp-block-uagb-image--layout-overlay__inner.center-right,.wp-block-uagb-image--layout-overlay__inner.bottom-right{align-items:flex-end}.wp-block-uagb-image--layout-overlay__inner .uagb-image-heading{color:#fff;transition:transform .35s,opacity .35s ease-in-out;transform:translate3d(0, 24px, 0);margin:0;line-height:1em}.wp-block-uagb-image--layout-overlay__inner .uagb-image-separator{width:30%;border-top-width:2px;border-top-color:#fff;border-top-style:solid;margin-bottom:10px;opacity:0;transition:transform .4s,opacity .4s ease-in-out;transform:translate3d(0, 30px, 0)}.wp-block-uagb-image--layout-overlay__inner .uagb-image-caption{opacity:0;overflow:visible;color:#fff;transition:transform .45s,opacity .45s ease-in-out;transform:translate3d(0, 35px, 0)}.wp-block-uagb-image--layout-overlay__inner:hover .uagb-image-heading,.wp-block-uagb-image--layout-overlay__inner:hover .uagb-image-separator,.wp-block-uagb-image--layout-overlay__inner:hover .uagb-image-caption{opacity:1;transform:translate3d(0, 0, 0)}.wp-block-uagb-image--effect-zoomin .wp-block-uagb-image__figure img,.wp-block-uagb-image--effect-zoomin .wp-block-uagb-image__figure .wp-block-uagb-image--layout-overlay__color-wrapper{transform:scale(1);transition:transform .35s ease-in-out}.wp-block-uagb-image--effect-zoomin .wp-block-uagb-image__figure:hover img,.wp-block-uagb-image--effect-zoomin .wp-block-uagb-image__figure:hover .wp-block-uagb-image--layout-overlay__color-wrapper{transform:scale(1.05)}.wp-block-uagb-image--effect-slide .wp-block-uagb-image__figure img,.wp-block-uagb-image--effect-slide .wp-block-uagb-image__figure .wp-block-uagb-image--layout-overlay__color-wrapper{width:calc(100% + 40px) !important;max-width:none !important;transform:translate3d(-40px, 0, 0);transition:transform .35s ease-in-out}.wp-block-uagb-image--effect-slide .wp-block-uagb-image__figure:hover img,.wp-block-uagb-image--effect-slide .wp-block-uagb-image__figure:hover .wp-block-uagb-image--layout-overlay__color-wrapper{transform:translate3d(0, 0, 0)}.wp-block-uagb-image--effect-grayscale img{filter:grayscale(0%);transition:.35s ease-in-out}.wp-block-uagb-image--effect-grayscale:hover img{filter:grayscale(100%)}.wp-block-uagb-image--effect-blur img{filter:blur(0);transition:.35s ease-in-out}.wp-block-uagb-image--effect-blur:hover img{filter:blur(3px)}.uagb-block-e6f939b3.wp-block-uagb-image--layout-default figure img{box-shadow: 0px 0px 0 #00000070;}.uagb-block-e6f939b3.wp-block-uagb-image .wp-block-uagb-image__figure figcaption{font-style: normal;align-self: center;}.uagb-block-e6f939b3.wp-block-uagb-image--layout-overlay figure img{box-shadow: 0px 0px 0 #00000070;}.uagb-block-e6f939b3.wp-block-uagb-image--layout-overlay .wp-block-uagb-image--layout-overlay__color-wrapper{opacity: 0.2;}.uagb-block-e6f939b3.wp-block-uagb-image--layout-overlay .wp-block-uagb-image--layout-overlay__inner{left: 15px;right: 15px;top: 15px;bottom: 15px;}.uagb-block-e6f939b3.wp-block-uagb-image--layout-overlay .wp-block-uagb-image--layout-overlay__inner .uagb-image-heading{font-style: normal;color: #fff;opacity: 1;}.uagb-block-e6f939b3.wp-block-uagb-image--layout-overlay .wp-block-uagb-image--layout-overlay__inner .uagb-image-heading a{color: #fff;}.uagb-block-e6f939b3.wp-block-uagb-image--layout-overlay .wp-block-uagb-image--layout-overlay__inner .uagb-image-caption{opacity: 0;}.uagb-block-e6f939b3.wp-block-uagb-image--layout-overlay .wp-block-uagb-image__figure:hover .wp-block-uagb-image--layout-overlay__color-wrapper{opacity: 1;}.uagb-block-e6f939b3.wp-block-uagb-image .wp-block-uagb-image--layout-overlay__inner .uagb-image-separator{width: 30%;border-top-width: 2px;border-top-color: #fff;opacity: 0;}.uagb-block-e6f939b3.wp-block-uagb-image .wp-block-uagb-image__figure img{width: px;height: auto;}.uagb-block-e6f939b3.wp-block-uagb-image .wp-block-uagb-image__figure:hover .wp-block-uagb-image--layout-overlay__inner .uagb-image-caption{opacity: 1;}.uagb-block-e6f939b3.wp-block-uagb-image .wp-block-uagb-image__figure:hover .wp-block-uagb-image--layout-overlay__inner .uagb-image-separator{opacity: 1;}.uagb-block-e6f939b3.wp-block-uagb-image--layout-default figure:hover img{box-shadow: 0px 0px 0 #00000070;}.uagb-block-e6f939b3.wp-block-uagb-image--layout-overlay figure:hover img{box-shadow: 0px 0px 0 #00000070;}@media only screen and (max-width: 976px) {.uagb-block-e6f939b3.wp-block-uagb-image .wp-block-uagb-image__figure img{width: px;height: auto;}}@media only screen and (max-width: 767px) {.uagb-block-e6f939b3.wp-block-uagb-image .wp-block-uagb-image__figure img{width: px;height: auto;}}\";s:2:\"js\";s:0:\"\";s:18:\"current_block_list\";a:13:{i:0;s:11:\"core\/search\";i:1;s:10:\"core\/group\";i:2;s:12:\"core\/heading\";i:3;s:17:\"core\/latest-posts\";i:4;s:20:\"core\/latest-comments\";i:5;s:13:\"core\/archives\";i:6;s:15:\"core\/categories\";i:7;s:14:\"core\/paragraph\";i:8;s:10:\"uagb\/image\";i:9;s:11:\"core\/spacer\";i:10;s:30:\"woocommerce\/product-categories\";i:11;s:10:\"core\/image\";i:12;s:14:\"core\/shortcode\";}s:8:\"uag_flag\";b:1;s:11:\"uag_version\";s:10:\"1777363086\";s:6:\"gfonts\";a:0:{}s:10:\"gfonts_url\";s:0:\"\";s:12:\"gfonts_files\";a:0:{}s:14:\"uag_faq_layout\";b:0;}"]},"uagb_featured_image_src":{"full":["https:\/\/www.ferberpainting.com\/wp-content\/uploads\/2025\/05\/FUNGICIDE_TREATEMENT_5L.jpg",2560,2560,false],"thumbnail":["https:\/\/www.ferberpainting.com\/wp-content\/uploads\/2025\/05\/FUNGICIDE_TREATEMENT_5L-150x150.jpg",150,150,true],"medium":["https:\/\/www.ferberpainting.com\/wp-content\/uploads\/2025\/05\/FUNGICIDE_TREATEMENT_5L-300x300.jpg",300,300,true],"medium_large":["https:\/\/www.ferberpainting.com\/wp-content\/uploads\/2025\/05\/FUNGICIDE_TREATEMENT_5L-768x768.jpg",768,768,true],"large":["https:\/\/www.ferberpainting.com\/wp-content\/uploads\/2025\/05\/FUNGICIDE_TREATEMENT_5L-1024x1024.jpg",1024,1024,true],"1536x1536":["https:\/\/www.ferberpainting.com\/wp-content\/uploads\/2025\/05\/FUNGICIDE_TREATEMENT_5L-1536x1536.jpg",1536,1536,true],"2048x2048":["https:\/\/www.ferberpainting.com\/wp-content\/uploads\/2025\/05\/FUNGICIDE_TREATEMENT_5L-2048x2048.jpg",2048,2048,true],"trp-custom-language-flag":["https:\/\/www.ferberpainting.com\/wp-content\/uploads\/2025\/05\/FUNGICIDE_TREATEMENT_5L-12x12.jpg",12,12,true],"woocommerce_thumbnail":["https:\/\/www.ferberpainting.com\/wp-content\/uploads\/2025\/05\/FUNGICIDE_TREATEMENT_5L-300x300.jpg",300,300,true],"woocommerce_single":["https:\/\/www.ferberpainting.com\/wp-content\/uploads\/2025\/05\/FUNGICIDE_TREATEMENT_5L-600x600.jpg",600,600,true],"woocommerce_gallery_thumbnail":["https:\/\/www.ferberpainting.com\/wp-content\/uploads\/2025\/05\/FUNGICIDE_TREATEMENT_5L-100x100.jpg",100,100,true]},"uagb_author_info":{"display_name":"admin","author_link":"https:\/\/www.ferberpainting.com\/lv\/author\/"},"uagb_comment_info":65,"uagb_excerpt":"Eliminate fungus, mold, and algae effectively across multiple surfaces. Our fungicide treatment is specially formulated to destroy fungal growth at its source and prevent regrowth on a wide range of exterior and interior surfaces. Whether applied to roofs, walls, facades, floors, or terraces, it penetrates deeply into contaminated areas to eradicate spores and restore clean,&hellip;","_links":{"self":[{"href":"https:\/\/www.ferberpainting.com\/lv\/wp-json\/wp\/v2\/product\/23476","targetHints":{"allow":["GET"]}}],"collection":[{"href":"https:\/\/www.ferberpainting.com\/lv\/wp-json\/wp\/v2\/product"}],"about":[{"href":"https:\/\/www.ferberpainting.com\/lv\/wp-json\/wp\/v2\/types\/product"}],"replies":[{"embeddable":true,"href":"https:\/\/www.ferberpainting.com\/lv\/wp-json\/wp\/v2\/comments?post=23476"}],"version-history":[{"count":5,"href":"https:\/\/www.ferberpainting.com\/lv\/wp-json\/wp\/v2\/product\/23476\/revisions"}],"predecessor-version":[{"id":166169,"href":"https:\/\/www.ferberpainting.com\/lv\/wp-json\/wp\/v2\/product\/23476\/revisions\/166169"}],"wp:featuredmedia":[{"embeddable":true,"href":"https:\/\/www.ferberpainting.com\/lv\/wp-json\/wp\/v2\/media\/26003"}],"wp:attachment":[{"href":"https:\/\/www.ferberpainting.com\/lv\/wp-json\/wp\/v2\/media?parent=23476"}],"wp:term":[{"taxonomy":"product_brand","embeddable":true,"href":"https:\/\/www.ferberpainting.com\/lv\/wp-json\/wp\/v2\/product_brand?post=23476"},{"taxonomy":"product_cat","embeddable":true,"href":"https:\/\/www.ferberpainting.com\/lv\/wp-json\/wp\/v2\/product_cat?post=23476"},{"taxonomy":"product_tag","embeddable":true,"href":"https:\/\/www.ferberpainting.com\/lv\/wp-json\/wp\/v2\/product_tag?post=23476"}],"curies":[{"name":"wp","href":"https:\/\/api.w.org\/{rel}","templated":true}]}}