{"id":23468,"date":"2025-05-26T10:24:16","date_gmt":"2025-05-26T08:24:16","guid":{"rendered":"https:\/\/www.ferberpainting.com\/products\/fly-killer-500-baits\/"},"modified":"2026-02-15T14:14:28","modified_gmt":"2026-02-15T13:14:28","slug":"fly-killer-500-baits","status":"publish","type":"product","link":"https:\/\/www.ferberpainting.com\/lv\/products\/fly-killer-500-baits\/","title":{"rendered":"Pret mu\u0161u apstr\u0101de"},"content":{"rendered":"<p><img decoding=\"async\" style=\"margin-right: 12px;\" src=\"https:\/\/www.ferberpainting.com\/wp-content\/uploads\/2026\/02\/Check.svg\" alt=\"\" width=\"18\" height=\"15\" \/><strong>Izn\u012bcini l\u012bdz pat 10 000 mu\u0161u ar vienu sp\u0113c\u012bgu 1 litra pudeli.<\/strong> M\u016bsu mu\u0161u izn\u012bcin\u0101t\u0101js ir \u012bpa\u0161i izstr\u0101d\u0101ts, lai \u0101tri un efekt\u012bvi izn\u012bcin\u0101tu lielas mu\u0161u popul\u0101cijas, un viens litrs var izn\u012bcin\u0101t l\u012bdz pat 10 000 mu\u0161u. Neatkar\u012bgi no t\u0101, vai j\u016bs nodarbojaties ar sezon\u0101lu inv\u0101ziju, lauksaimniec\u012bbas vidi, noliktav\u0101m, virtuv\u0113m, teras\u0113m vai dz\u012bvojam\u0101m telp\u0101m, \u0161\u012b lieljaudas formula nodro\u0161ina \u0101tru un izl\u0113m\u012bgu r\u012bc\u012bbu, lai atjaunotu higi\u0113nu un komfortu.<\/p>\n<p><strong><img decoding=\"async\" style=\"margin-right: 12px;\" src=\"https:\/\/www.ferberpainting.com\/wp-content\/uploads\/2026\/02\/Check.svg\" alt=\"\" width=\"18\" height=\"15\" \/>Efekt\u012bv\u0101kais mu\u0161u kontroles risin\u0101jums tirg\u016b.<\/strong> Izstr\u0101d\u0101ts ar uzlabot\u0101m akt\u012bvaj\u0101m sast\u0101vda\u013c\u0101m, \u0161is produkts nodro\u0161ina t\u016bl\u012bt\u0113ju izn\u012bcin\u0101\u0161anu, kad saskaroties ar to, vienlaikus nodro\u0161inot ar\u012b virsmas aizsardz\u012bbu. Tas tie\u0161i iedarbojas uz mu\u0161\u0101m un samazina to aktivit\u0101ti apstr\u0101d\u0101taj\u0101s plat\u012bb\u0101s, nodro\u0161inot augst\u0101ku efektivit\u0101ti sal\u012bdzin\u0101jum\u0101 ar pamata aerosoliem vai \u012bslaic\u012bgas iedarb\u012bbas aerosoliem.<\/p>\n<p><strong><img decoding=\"async\" style=\"margin-right: 12px;\" src=\"https:\/\/www.ferberpainting.com\/wp-content\/uploads\/2026\/02\/Check.svg\" alt=\"\" width=\"18\" height=\"15\" \/>Naudas atmaksas garantija piln\u012bgam sirdsmieram.<\/strong> M\u0113s piln\u012bb\u0101 atbalst\u0101m m\u016bsu mu\u0161u izn\u012bcin\u0101t\u0101ja veiktsp\u0113ju. Ja neesat piln\u012bb\u0101 apmierin\u0101ts ar rezult\u0101tiem, m\u0113s atmaks\u0101sim naudu par pirkumu. M\u016bsu naudas atmaksas garantija nodro\u0161ina, ka j\u016bsu ieguld\u012bjums ir piln\u012bgi bez riska, un apliecina m\u016bsu p\u0101rliec\u012bbu par produkta efektivit\u0101ti.<\/p>\n<p><strong><img decoding=\"async\" style=\"margin-right: 12px;\" src=\"https:\/\/www.ferberpainting.com\/wp-content\/uploads\/2026\/02\/Check.svg\" alt=\"\" width=\"18\" height=\"15\" \/>L\u0113t\u0101kais pieejamais augstas veiktsp\u0113jas mu\u0161u izn\u012bcin\u0101t\u0101js.<\/strong> Profesion\u0101lai kait\u0113k\u013cu apkaro\u0161anai nav j\u0101b\u016bt d\u0101rgai. M\u016bsu mu\u0161u izn\u012bcin\u0101t\u0101js apvieno sp\u0113c\u012bgu izn\u012bcin\u0101\u0161anas sp\u0113ju un konkur\u0113tsp\u0113j\u012bg\u0101ko cenu tirg\u016b, pied\u0101v\u0101jot izcilu v\u0113rt\u012bbu m\u0101ju \u012bpa\u0161niekiem, uz\u0146\u0113mumiem, saimniec\u012bb\u0101m un r\u016bpniec\u012bbas objektiem.<\/p>\n<p><strong><img decoding=\"async\" style=\"margin-right: 12px;\" src=\"https:\/\/www.ferberpainting.com\/wp-content\/uploads\/2026\/02\/Check.svg\" alt=\"\" width=\"18\" height=\"15\" \/>\u0100tra pieg\u0101de 24 stundas diennakt\u012b steidzamu inv\u0101ziju gad\u012bjum\u0101.<\/strong> Mu\u0161u inv\u0101zija var strauji pieaugt, jo \u012bpa\u0161i siltos apst\u0101k\u013cos. T\u0101p\u0113c m\u0113s pied\u0101v\u0101jam uzticamu pieg\u0101di 24 stundas diennakt\u012b, nodro\u0161inot, ka produktu sa\u0146emat \u0101tri, lai j\u016bs var\u0113tu r\u012bkoties nekav\u0113joties un nov\u0113rst turpm\u0101kas ne\u0113rt\u012bbas.<\/p>\n<p><strong><img decoding=\"async\" style=\"margin-right: 12px;\" src=\"https:\/\/www.ferberpainting.com\/wp-content\/uploads\/2026\/02\/Check.svg\" alt=\"\" width=\"18\" height=\"15\" \/>\u0100tra kontakta iedarb\u012bba ar ilgsto\u0161u palieko\u0161o iedarb\u012bbu.<\/strong> Formula izn\u012bcina mu\u0161as uzreiz p\u0113c saskares un atst\u0101j aizsargsl\u0101ni uz apstr\u0101d\u0101taj\u0101m virsm\u0101m. \u0160\u012b atlikumu barjera turpina darboties pret mu\u0161\u0101m, kas nok\u013c\u016bst uz apstr\u0101d\u0101taj\u0101m plat\u012bb\u0101m, samazinot atk\u0101rtotas invad\u0113\u0161an\u0101s risku un pagarinot aizsardz\u012bbu.<\/p>\n<p><strong><img decoding=\"async\" style=\"margin-right: 12px;\" src=\"https:\/\/www.ferberpainting.com\/wp-content\/uploads\/2026\/02\/Check.svg\" alt=\"\" width=\"18\" height=\"15\" \/>Piem\u0113rots lieto\u0161anai iek\u0161telp\u0101s un \u0101rpus telp\u0101m.<\/strong> \u0160o mu\u0161u izn\u012bcin\u0101t\u0101ju var izmantot m\u0101j\u0101s, restor\u0101nos, noliktav\u0101s, ferm\u0101s, dz\u012bvnieku novietn\u0113s, atkritumu zon\u0101s, teras\u0113s un \u0101ra telp\u0101s. T\u0101 daudzpus\u012bba padara to ide\u0101li piem\u0113rotu lieto\u0161anai dz\u012bvojam\u0101s, komerci\u0101l\u0101s, lauksaimniec\u012bbas un r\u016bpniecisk\u0101s viet\u0101s.<\/p>\n<p><strong><img decoding=\"async\" style=\"margin-right: 12px;\" src=\"https:\/\/www.ferberpainting.com\/wp-content\/uploads\/2026\/02\/Check.svg\" alt=\"\" width=\"18\" height=\"15\" \/>Pal\u012bdz uzlabot higi\u0113nu un komfortu.<\/strong> Nov\u0113r\u0161ot mu\u0161as, produkts samazina pies\u0101r\u0146ojuma risku un uzlabo sanit\u0101ros apst\u0101k\u013cus p\u0101rtikas sagatavo\u0161anas zon\u0101s, noliktav\u0101s un dz\u012bvojam\u0101 vid\u0113. Tas veicina t\u012br\u0101ku un vesel\u012bg\u0101ku atmosf\u0113ru.<\/p>\n<p><strong><img decoding=\"async\" style=\"margin-right: 12px;\" src=\"https:\/\/www.ferberpainting.com\/wp-content\/uploads\/2026\/02\/Check.svg\" alt=\"\" width=\"18\" height=\"15\" \/>Liela p\u0101rkl\u0101juma jauda augstas efektivit\u0101tes apstr\u0101dei.<\/strong> \u0160is produkts sp\u0113j izn\u012bcin\u0101t l\u012bdz pat 10 000 mu\u0161u litr\u0101, t\u0101p\u0113c ir paredz\u0113ts liela apjoma darb\u012bbai. Tas \u013cauj efekt\u012bvi apstr\u0101d\u0101t lielas plat\u012bbas bez nepiecie\u0161am\u012bbas atk\u0101rtoti lietot mazas devas.<\/p>\n<p><strong><img decoding=\"async\" style=\"margin-right: 12px;\" src=\"https:\/\/www.ferberpainting.com\/wp-content\/uploads\/2026\/02\/Check.svg\" alt=\"\" width=\"18\" height=\"15\" \/>Viegli lietojams izsmidzin\u0101\u0161anas form\u0101ts prec\u012bzai m\u0113r\u0137tiec\u012bgai uzkl\u0101\u0161anai.<\/strong> Lieto\u0161anai gatavu \u0161\u0137idrumu var uzkl\u0101t tie\u0161i uz mu\u0161u atp\u016btas viet\u0101m, iek\u013c\u016b\u0161anas viet\u0101m un virsm\u0101m, uz kur\u0101m pulc\u0113jas mu\u0161as. T\u0101 kontrol\u0113t\u0101 lieto\u0161anas sist\u0113ma nodro\u0161ina prec\u012bzu un efekt\u012bvu izplat\u012b\u0161anu bez sare\u017e\u0123\u012btas sagatavo\u0161anas.<\/p>\n<h2><strong>Instrukcijas<\/strong><\/h2>\n<ul>\n<li>Pirms lieto\u0161anas pudel\u012bti r\u016bp\u012bgi sakratiet, lai nodro\u0161in\u0101tu pareizu akt\u012bvo sast\u0101vda\u013cu sadal\u012b\u0161anos.<\/li>\n<li>Identific\u0113jiet vietas, kur ir liela mu\u0161u aktivit\u0101te, piem\u0113ram, logus, durvis, atkritumu laukumus, dz\u012bvnieku novietnes un p\u0101rtikas uzglab\u0101\u0161anas zonas.<\/li>\n<li>Izsmidziniet tie\u0161i uz mu\u0161\u0101m, lai nekav\u0113joties izn\u012bcin\u0101tu mu\u0161as.<\/li>\n<li>Viegli un vienm\u0113r\u012bgi izsmidziniet uz virsm\u0101m, kur mu\u0161as atp\u016b\u0161as, piem\u0113ram, uz sien\u0101m, r\u0101mjiem un aizsarg\u0101t\u0101m viet\u0101m.<\/li>\n<li>Izvairieties no p\u0101rm\u0113r\u012bgas pies\u0101tin\u0101\u0161anas un iev\u0113rojiet ieteikt\u0101s lieto\u0161anas vadl\u012bnijas atkar\u012bb\u0101 no virsmas lieluma.<\/li>\n<li>Lietojot telp\u0101s, nodro\u0161iniet pareizu ventil\u0101ciju.<\/li>\n<li>Aizsarg\u0101jiet b\u0113rnus un m\u0101jdz\u012bvniekus no apstr\u0101d\u0101taj\u0101m viet\u0101m, l\u012bdz virsmas ir piln\u012bgi sausas.<\/li>\n<li>Izvairieties no izsmidzin\u0101\u0161anas tie\u0161i uz p\u0101rtikas produktiem, \u0113diena gatavo\u0161anas virsm\u0101m vai traukiem. Pirms lieto\u0161anas p\u0101rkl\u0101jiet vai no\u0146emiet p\u0101rtikas produktus.<\/li>\n<li>Nepiecie\u0161am\u012bbas gad\u012bjum\u0101 atk\u0101rtojiet apstr\u0101di, ja ir sp\u0113c\u012bga inv\u0101zija vai turpin\u0101s mu\u0161u aktivit\u0101te.<\/li>\n<li>P\u0113c lieto\u0161anas r\u016bp\u012bgi nomazg\u0101jiet rokas un izvairieties no saskares ar ac\u012bm un \u0101du.<\/li>\n<li>Uzglab\u0101t produktu v\u0113s\u0101, saus\u0101 viet\u0101, prom no tie\u0161iem saules stariem un karstuma avotiem. Ja iepakojums netiek lietots, turiet to cie\u0161i aizv\u0113rtu.<\/li>\n<\/ul>","protected":false},"excerpt":{"rendered":"<p>Eliminate up to 10,000 flies with one powerful 1-liter bottle. Our fly killer is specially formulated to eradicate large fly populations quickly and efficiently, with one liter capable of killing up to 10,000 flies. Whether you are dealing with seasonal infestations, agricultural environments, warehouses, kitchens, terraces, or residential spaces, this high-capacity formula delivers rapid and [&hellip;]<\/p>\n","protected":false},"featured_media":29946,"comment_status":"open","ping_status":"closed","template":"","meta":{"_uag_custom_page_level_css":"","site-sidebar-layout":"default","site-content-layout":"","ast-site-content-layout":"default","site-content-style":"default","site-sidebar-style":"default","ast-global-header-display":"","ast-banner-title-visibility":"","ast-main-header-display":"","ast-hfb-above-header-display":"","ast-hfb-below-header-display":"","ast-hfb-mobile-header-display":"","site-post-title":"","ast-breadcrumbs-content":"","ast-featured-img":"","footer-sml-layout":"","ast-disable-related-posts":"","theme-transparent-header-meta":"default","adv-header-id-meta":"","stick-header-meta":"","header-above-stick-meta":"","header-main-stick-meta":"","header-below-stick-meta":"","astra-migrate-meta-layouts":"set","ast-page-background-enabled":"default","ast-page-background-meta":{"desktop":{"background-color":"var(--ast-global-color-4)","background-image":"","background-repeat":"repeat","background-position":"center center","background-size":"auto","background-attachment":"scroll","background-type":"","background-media":"","overlay-type":"","overlay-color":"","overlay-opacity":"","overlay-gradient":""},"tablet":{"background-color":"","background-image":"","background-repeat":"repeat","background-position":"center center","background-size":"auto","background-attachment":"scroll","background-type":"","background-media":"","overlay-type":"","overlay-color":"","overlay-opacity":"","overlay-gradient":""},"mobile":{"background-color":"","background-image":"","background-repeat":"repeat","background-position":"center center","background-size":"auto","background-attachment":"scroll","background-type":"","background-media":"","overlay-type":"","overlay-color":"","overlay-opacity":"","overlay-gradient":""}},"ast-content-background-meta":{"desktop":{"background-color":"var(--ast-global-color-5)","background-image":"","background-repeat":"repeat","background-position":"center center","background-size":"auto","background-attachment":"scroll","background-type":"","background-media":"","overlay-type":"","overlay-color":"","overlay-opacity":"","overlay-gradient":""},"tablet":{"background-color":"var(--ast-global-color-5)","background-image":"","background-repeat":"repeat","background-position":"center center","background-size":"auto","background-attachment":"scroll","background-type":"","background-media":"","overlay-type":"","overlay-color":"","overlay-opacity":"","overlay-gradient":""},"mobile":{"background-color":"var(--ast-global-color-5)","background-image":"","background-repeat":"repeat","background-position":"center center","background-size":"auto","background-attachment":"scroll","background-type":"","background-media":"","overlay-type":"","overlay-color":"","overlay-opacity":"","overlay-gradient":""}}},"product_brand":[],"product_cat":[183],"product_tag":[],"class_list":{"0":"post-23468","1":"product","2":"type-product","3":"status-publish","4":"has-post-thumbnail","6":"product_cat-pest-control","7":"desktop-align-left","8":"tablet-align-left","9":"mobile-align-left","11":"first","12":"instock","13":"sale","14":"shipping-taxable","15":"purchasable","16":"product-type-variable","17":"has-default-attributes"},"spectra_custom_meta":{"_visibility":["visible"],"_shopify_product_id":["7960925307125"],"_s2w_shopify_domain":["ferberpainting.myshopify.com"],"_shopify_variant_id":["43530325655797"],"_weight":["0.2"],"_thumbnail_id":["29946"],"total_sales":["63"],"_tax_status":["taxable"],"_tax_class":[""],"_manage_stock":["no"],"_backorders":["no"],"_sold_individually":["no"],"_virtual":["no"],"_downloadable":["no"],"_download_limit":["-1"],"_download_expiry":["-1"],"_stock":[null],"_stock_status":["instock"],"_wc_average_rating":["4.83"],"_wc_review_count":["60"],"_product_version":["10.5.1"],"merchant-center-availability":["yes"],"merchant-center-category":["7137"],"merchant-center-id":["FLYK"],"wpse_downloadable_file_names":[""],"wpse_downloadable_file_urls":[""],"_edit_last":["1"],"_wc_rating_count":["a:3:{i:3;i:1;i:4;i:8;i:5;i:51;}"],"_edit_lock":["1771161151:1"],"_product_attributes":["a:1:{s:6:\"volume\";a:6:{s:4:\"name\";s:6:\"Volume\";s:5:\"value\";s:30:\"1 liter | 5 liters | 25 liters\";s:8:\"position\";i:0;s:10:\"is_visible\";i:0;s:12:\"is_variation\";i:1;s:11:\"is_taxonomy\";i:0;}}"],"_default_attributes":["a:1:{s:6:\"volume\";s:7:\"1 liter\";}"],"_wp_page_template":["default"],"_product_image_gallery":["29947,29948"],"site-sidebar-layout":["default"],"ast-site-content-layout":["default"],"site-content-style":["default"],"site-sidebar-style":["default"],"theme-transparent-header-meta":["default"],"_price":["29.90","129.90","499.90"],"astra-migrate-meta-layouts":["set"],"_uag_css_file_name":["uag-css-23468.css"],"_elementor_page_assets":["a:0:{}"],"_uag_page_assets":["a:9:{s:3:\"css\";s:6873:\".wp-block-uagb-image{display:flex}.wp-block-uagb-image__figure{position:relative;display:flex;flex-direction:column;max-width:100%;height:auto;margin:0}.wp-block-uagb-image__figure img{height:auto;display:flex;max-width:100%;transition:box-shadow .2s ease}.wp-block-uagb-image__figure>a{display:inline-block}.wp-block-uagb-image__figure figcaption{text-align:center;margin-top:.5em;margin-bottom:1em}.wp-block-uagb-image .components-placeholder.block-editor-media-placeholder .components-placeholder__instructions{align-self:center}.wp-block-uagb-image--align-left{text-align:left}.wp-block-uagb-image--align-right{text-align:right}.wp-block-uagb-image--align-center{text-align:center}.wp-block-uagb-image--align-full .wp-block-uagb-image__figure{margin-left:calc(50% - 50vw);margin-right:calc(50% - 50vw);max-width:100vw;width:100vw;height:auto}.wp-block-uagb-image--align-full .wp-block-uagb-image__figure img{height:auto;width:100% !important}.wp-block-uagb-image--align-wide .wp-block-uagb-image__figure img{height:auto;width:100%}.wp-block-uagb-image--layout-overlay__color-wrapper{position:absolute;left:0;top:0;right:0;bottom:0;opacity:.2;background:rgba(0,0,0,.5);transition:opacity .35s ease-in-out}.wp-block-uagb-image--layout-overlay-link{position:absolute;left:0;right:0;bottom:0;top:0}.wp-block-uagb-image--layout-overlay .wp-block-uagb-image__figure:hover .wp-block-uagb-image--layout-overlay__color-wrapper{opacity:1}.wp-block-uagb-image--layout-overlay__inner{position:absolute;left:15px;right:15px;bottom:15px;top:15px;display:flex;align-items:center;justify-content:center;flex-direction:column;border-color:#fff;transition:.35s ease-in-out}.wp-block-uagb-image--layout-overlay__inner.top-left,.wp-block-uagb-image--layout-overlay__inner.top-center,.wp-block-uagb-image--layout-overlay__inner.top-right{justify-content:flex-start}.wp-block-uagb-image--layout-overlay__inner.bottom-left,.wp-block-uagb-image--layout-overlay__inner.bottom-center,.wp-block-uagb-image--layout-overlay__inner.bottom-right{justify-content:flex-end}.wp-block-uagb-image--layout-overlay__inner.top-left,.wp-block-uagb-image--layout-overlay__inner.center-left,.wp-block-uagb-image--layout-overlay__inner.bottom-left{align-items:flex-start}.wp-block-uagb-image--layout-overlay__inner.top-right,.wp-block-uagb-image--layout-overlay__inner.center-right,.wp-block-uagb-image--layout-overlay__inner.bottom-right{align-items:flex-end}.wp-block-uagb-image--layout-overlay__inner .uagb-image-heading{color:#fff;transition:transform .35s,opacity .35s ease-in-out;transform:translate3d(0, 24px, 0);margin:0;line-height:1em}.wp-block-uagb-image--layout-overlay__inner .uagb-image-separator{width:30%;border-top-width:2px;border-top-color:#fff;border-top-style:solid;margin-bottom:10px;opacity:0;transition:transform .4s,opacity .4s ease-in-out;transform:translate3d(0, 30px, 0)}.wp-block-uagb-image--layout-overlay__inner .uagb-image-caption{opacity:0;overflow:visible;color:#fff;transition:transform .45s,opacity .45s ease-in-out;transform:translate3d(0, 35px, 0)}.wp-block-uagb-image--layout-overlay__inner:hover .uagb-image-heading,.wp-block-uagb-image--layout-overlay__inner:hover .uagb-image-separator,.wp-block-uagb-image--layout-overlay__inner:hover .uagb-image-caption{opacity:1;transform:translate3d(0, 0, 0)}.wp-block-uagb-image--effect-zoomin .wp-block-uagb-image__figure img,.wp-block-uagb-image--effect-zoomin .wp-block-uagb-image__figure .wp-block-uagb-image--layout-overlay__color-wrapper{transform:scale(1);transition:transform .35s ease-in-out}.wp-block-uagb-image--effect-zoomin .wp-block-uagb-image__figure:hover img,.wp-block-uagb-image--effect-zoomin .wp-block-uagb-image__figure:hover .wp-block-uagb-image--layout-overlay__color-wrapper{transform:scale(1.05)}.wp-block-uagb-image--effect-slide .wp-block-uagb-image__figure img,.wp-block-uagb-image--effect-slide .wp-block-uagb-image__figure .wp-block-uagb-image--layout-overlay__color-wrapper{width:calc(100% + 40px) !important;max-width:none !important;transform:translate3d(-40px, 0, 0);transition:transform .35s ease-in-out}.wp-block-uagb-image--effect-slide .wp-block-uagb-image__figure:hover img,.wp-block-uagb-image--effect-slide .wp-block-uagb-image__figure:hover .wp-block-uagb-image--layout-overlay__color-wrapper{transform:translate3d(0, 0, 0)}.wp-block-uagb-image--effect-grayscale img{filter:grayscale(0%);transition:.35s ease-in-out}.wp-block-uagb-image--effect-grayscale:hover img{filter:grayscale(100%)}.wp-block-uagb-image--effect-blur img{filter:blur(0);transition:.35s ease-in-out}.wp-block-uagb-image--effect-blur:hover img{filter:blur(3px)}.uagb-block-e6f939b3.wp-block-uagb-image--layout-default figure img{box-shadow: 0px 0px 0 #00000070;}.uagb-block-e6f939b3.wp-block-uagb-image .wp-block-uagb-image__figure figcaption{font-style: normal;align-self: center;}.uagb-block-e6f939b3.wp-block-uagb-image--layout-overlay figure img{box-shadow: 0px 0px 0 #00000070;}.uagb-block-e6f939b3.wp-block-uagb-image--layout-overlay .wp-block-uagb-image--layout-overlay__color-wrapper{opacity: 0.2;}.uagb-block-e6f939b3.wp-block-uagb-image--layout-overlay .wp-block-uagb-image--layout-overlay__inner{left: 15px;right: 15px;top: 15px;bottom: 15px;}.uagb-block-e6f939b3.wp-block-uagb-image--layout-overlay .wp-block-uagb-image--layout-overlay__inner .uagb-image-heading{font-style: normal;color: #fff;opacity: 1;}.uagb-block-e6f939b3.wp-block-uagb-image--layout-overlay .wp-block-uagb-image--layout-overlay__inner .uagb-image-heading a{color: #fff;}.uagb-block-e6f939b3.wp-block-uagb-image--layout-overlay .wp-block-uagb-image--layout-overlay__inner .uagb-image-caption{opacity: 0;}.uagb-block-e6f939b3.wp-block-uagb-image--layout-overlay .wp-block-uagb-image__figure:hover .wp-block-uagb-image--layout-overlay__color-wrapper{opacity: 1;}.uagb-block-e6f939b3.wp-block-uagb-image .wp-block-uagb-image--layout-overlay__inner .uagb-image-separator{width: 30%;border-top-width: 2px;border-top-color: #fff;opacity: 0;}.uagb-block-e6f939b3.wp-block-uagb-image .wp-block-uagb-image__figure img{width: px;height: auto;}.uagb-block-e6f939b3.wp-block-uagb-image .wp-block-uagb-image__figure:hover .wp-block-uagb-image--layout-overlay__inner .uagb-image-caption{opacity: 1;}.uagb-block-e6f939b3.wp-block-uagb-image .wp-block-uagb-image__figure:hover .wp-block-uagb-image--layout-overlay__inner .uagb-image-separator{opacity: 1;}.uagb-block-e6f939b3.wp-block-uagb-image--layout-default figure:hover img{box-shadow: 0px 0px 0 #00000070;}.uagb-block-e6f939b3.wp-block-uagb-image--layout-overlay figure:hover img{box-shadow: 0px 0px 0 #00000070;}@media only screen and (max-width: 976px) {.uagb-block-e6f939b3.wp-block-uagb-image .wp-block-uagb-image__figure img{width: px;height: auto;}}@media only screen and (max-width: 767px) {.uagb-block-e6f939b3.wp-block-uagb-image .wp-block-uagb-image__figure img{width: px;height: auto;}}\";s:2:\"js\";s:0:\"\";s:18:\"current_block_list\";a:13:{i:0;s:11:\"core\/search\";i:1;s:10:\"core\/group\";i:2;s:12:\"core\/heading\";i:3;s:17:\"core\/latest-posts\";i:4;s:20:\"core\/latest-comments\";i:5;s:13:\"core\/archives\";i:6;s:15:\"core\/categories\";i:7;s:14:\"core\/paragraph\";i:8;s:10:\"uagb\/image\";i:9;s:11:\"core\/spacer\";i:10;s:30:\"woocommerce\/product-categories\";i:11;s:10:\"core\/image\";i:12;s:14:\"core\/shortcode\";}s:8:\"uag_flag\";b:1;s:11:\"uag_version\";s:10:\"1777095706\";s:6:\"gfonts\";a:0:{}s:10:\"gfonts_url\";s:0:\"\";s:12:\"gfonts_files\";a:0:{}s:14:\"uag_faq_layout\";b:0;}"]},"uagb_featured_image_src":{"full":["https:\/\/www.ferberpainting.com\/wp-content\/uploads\/2025\/05\/Fly-Killer-1L-.png",2560,2560,false],"thumbnail":["https:\/\/www.ferberpainting.com\/wp-content\/uploads\/2025\/05\/Fly-Killer-1L--150x150.png",150,150,true],"medium":["https:\/\/www.ferberpainting.com\/wp-content\/uploads\/2025\/05\/Fly-Killer-1L--300x300.png",300,300,true],"medium_large":["https:\/\/www.ferberpainting.com\/wp-content\/uploads\/2025\/05\/Fly-Killer-1L--768x768.png",768,768,true],"large":["https:\/\/www.ferberpainting.com\/wp-content\/uploads\/2025\/05\/Fly-Killer-1L--1024x1024.png",1024,1024,true],"1536x1536":["https:\/\/www.ferberpainting.com\/wp-content\/uploads\/2025\/05\/Fly-Killer-1L--1536x1536.png",1536,1536,true],"2048x2048":["https:\/\/www.ferberpainting.com\/wp-content\/uploads\/2025\/05\/Fly-Killer-1L--2048x2048.png",2048,2048,true],"trp-custom-language-flag":["https:\/\/www.ferberpainting.com\/wp-content\/uploads\/2025\/05\/Fly-Killer-1L--12x12.png",12,12,true],"woocommerce_thumbnail":["https:\/\/www.ferberpainting.com\/wp-content\/uploads\/2025\/05\/Fly-Killer-1L--300x300.png",300,300,true],"woocommerce_single":["https:\/\/www.ferberpainting.com\/wp-content\/uploads\/2025\/05\/Fly-Killer-1L--600x600.png",600,600,true],"woocommerce_gallery_thumbnail":["https:\/\/www.ferberpainting.com\/wp-content\/uploads\/2025\/05\/Fly-Killer-1L--100x100.png",100,100,true]},"uagb_author_info":{"display_name":"admin","author_link":"https:\/\/www.ferberpainting.com\/lv\/author\/"},"uagb_comment_info":60,"uagb_excerpt":"Eliminate up to 10,000 flies with one powerful 1-liter bottle. Our fly killer is specially formulated to eradicate large fly populations quickly and efficiently, with one liter capable of killing up to 10,000 flies. Whether you are dealing with seasonal infestations, agricultural environments, warehouses, kitchens, terraces, or residential spaces, this high-capacity formula delivers rapid and&hellip;","_links":{"self":[{"href":"https:\/\/www.ferberpainting.com\/lv\/wp-json\/wp\/v2\/product\/23468","targetHints":{"allow":["GET"]}}],"collection":[{"href":"https:\/\/www.ferberpainting.com\/lv\/wp-json\/wp\/v2\/product"}],"about":[{"href":"https:\/\/www.ferberpainting.com\/lv\/wp-json\/wp\/v2\/types\/product"}],"replies":[{"embeddable":true,"href":"https:\/\/www.ferberpainting.com\/lv\/wp-json\/wp\/v2\/comments?post=23468"}],"version-history":[{"count":5,"href":"https:\/\/www.ferberpainting.com\/lv\/wp-json\/wp\/v2\/product\/23468\/revisions"}],"predecessor-version":[{"id":166166,"href":"https:\/\/www.ferberpainting.com\/lv\/wp-json\/wp\/v2\/product\/23468\/revisions\/166166"}],"wp:featuredmedia":[{"embeddable":true,"href":"https:\/\/www.ferberpainting.com\/lv\/wp-json\/wp\/v2\/media\/29946"}],"wp:attachment":[{"href":"https:\/\/www.ferberpainting.com\/lv\/wp-json\/wp\/v2\/media?parent=23468"}],"wp:term":[{"taxonomy":"product_brand","embeddable":true,"href":"https:\/\/www.ferberpainting.com\/lv\/wp-json\/wp\/v2\/product_brand?post=23468"},{"taxonomy":"product_cat","embeddable":true,"href":"https:\/\/www.ferberpainting.com\/lv\/wp-json\/wp\/v2\/product_cat?post=23468"},{"taxonomy":"product_tag","embeddable":true,"href":"https:\/\/www.ferberpainting.com\/lv\/wp-json\/wp\/v2\/product_tag?post=23468"}],"curies":[{"name":"wp","href":"https:\/\/api.w.org\/{rel}","templated":true}]}}