{"id":23465,"date":"2025-05-26T10:24:15","date_gmt":"2025-05-26T08:24:15","guid":{"rendered":"https:\/\/www.ferberpainting.com\/products\/flowering-plant-fertilizer\/"},"modified":"2026-02-15T14:13:46","modified_gmt":"2026-02-15T13:13:46","slug":"flowering-plant-fertilizer","status":"publish","type":"product","link":"https:\/\/www.ferberpainting.com\/lv\/products\/flowering-plant-fertilizer\/","title":{"rendered":"Ziedo\u0161o augu m\u0113slojums"},"content":{"rendered":"<p><img decoding=\"async\" style=\"margin-right: 12px;\" src=\"https:\/\/www.ferberpainting.com\/wp-content\/uploads\/2026\/02\/Check.svg\" alt=\"\" width=\"18\" height=\"15\" \/><strong>\u012apa\u0161i izstr\u0101d\u0101ts m\u0113slojums zied\u0113\u0161anas veicin\u0101\u0161anai.<\/strong>\u00a0M\u016bsu ziedo\u0161ajiem augiem ir nepiecie\u0161ams sabalans\u0113ts svar\u012bg\u0101ko bar\u012bbas vielu daudzums, lai tie zied\u0113tu bag\u0101t\u012bgi, ko\u0161i un ilgsto\u0161i. \u0160is NPK 15-15-15 m\u0113slojums ir paredz\u0113ts stubl\u0101ju, lapu un sak\u0146u aug\u0161anas stimul\u0113\u0161anai, vienlaikus veicinot ziedu veido\u0161anos un ilgm\u016b\u017e\u012bbu. Tas ir piem\u0113rots visu \u0161\u0137ir\u0146u ziedo\u0161iem augiem neatkar\u012bgi no t\u0101, vai tie ir istabas, \u0101ra, podos vai zem\u0113 st\u0101d\u012bti.<\/p>\n<p><img decoding=\"async\" style=\"margin-right: 12px;\" src=\"https:\/\/www.ferberpainting.com\/wp-content\/uploads\/2026\/02\/Check.svg\" alt=\"\" width=\"18\" height=\"15\" \/><strong>Naudas atmaksas garantija.<\/strong>\u00a0M\u0113s esam izstr\u0101d\u0101ju\u0161i \u0161o m\u0113slojumu, lai nodro\u0161in\u0101tu redzamus rezult\u0101tus. Ja, neraugoties uz pareizu m\u0113slo\u0161anu, j\u016bsu auga st\u0101voklis neuzlabosies, m\u0113s apsol\u0101m jums atmaks\u0101t visus izdevumus.<\/p>\n<p><img decoding=\"async\" style=\"margin-right: 12px;\" src=\"https:\/\/www.ferberpainting.com\/wp-content\/uploads\/2026\/02\/Check.svg\" alt=\"\" width=\"18\" height=\"15\" \/><strong>Piem\u0113rots visiem ziedo\u0161iem augiem.<\/strong>\u00a0\u0160is univers\u0101lais m\u0113slojums ir piem\u0113rots pla\u0161am ziedaugu kl\u0101stam, piem\u0113ram, pelargonij\u0101m, pet\u016bnij\u0101m, roz\u0113m, hortenzij\u0101m, lavand\u0101m, begonij\u0101m, lilij\u0101m, d\u0101lij\u0101m un daudziem citiem augiem. Tas ir ar\u012b lieliski piem\u0113rots d\u0101rza pu\u0137\u0113m un augiem uz balkoniem un teras\u0113m.<\/p>\n<p><img decoding=\"async\" style=\"margin-right: 12px;\" src=\"https:\/\/www.ferberpainting.com\/wp-content\/uploads\/2026\/02\/Check.svg\" alt=\"\" width=\"18\" height=\"15\" \/><strong>Lieliski ekonomiskie r\u0101d\u012bt\u0101ji.<\/strong>\u00a0Pateicoties augstajai koncentr\u0101cijai, \u0161is \u0161\u0137idrais m\u0113slojums nodro\u0161ina optim\u0101lu efektivit\u0101ti. At\u0161\u0137aidot 5 ml uz litru \u016bdens, var pagatavot l\u012bdz pat 1000 litriem bar\u012bbas \u0161\u0137\u012bduma, kas nodro\u0161ina ilgsto\u0161u lieto\u0161anu un samazina uztur\u0113\u0161anas izmaksas.<\/p>\n<p><img decoding=\"async\" style=\"margin-right: 12px;\" src=\"https:\/\/www.ferberpainting.com\/wp-content\/uploads\/2026\/02\/Check.svg\" alt=\"\" width=\"18\" height=\"15\" \/><strong>Nekait\u012bgs augiem un videi.<\/strong>\u00a0At\u0161\u0137ir\u012bb\u0101 no agres\u012bvajiem \u0137\u012bmiskajiem m\u0113slo\u0161anas l\u012bdzek\u013ciem m\u016bsu sast\u0101vs saudz\u0113 augsni un saknes. T\u0101 sabalans\u0113tais sast\u0101vs nodro\u0161ina pak\u0101penisku bar\u012bbas vielu asimil\u0101ciju, t\u0101d\u0113j\u0101di nov\u0113r\u0161ot sak\u0146u apdeg\u0161anas risku.<\/p>\n<p><img decoding=\"async\" style=\"margin-right: 12px;\" src=\"https:\/\/www.ferberpainting.com\/wp-content\/uploads\/2026\/02\/Check.svg\" alt=\"\" width=\"18\" height=\"15\" \/><strong>Viegla lieto\u0161ana un \u0101tra piem\u0113ro\u0161ana.<\/strong>\u00a0\u0160\u0137idr\u0101 veid\u0101 \u0161o m\u0113slojumu ir viegli doz\u0113t un lietot. Vienk\u0101r\u0161i sajauciet to ar \u016bdeni un tie\u0161i laistiet augus. Nav nepiecie\u0161ama sare\u017e\u0123\u012bta sagatavo\u0161ana, t\u0101d\u0113j\u0101di nov\u0113r\u0161ot doz\u0113\u0161anas k\u013c\u016bdas un nodro\u0161inot vienm\u0113r\u012bgu bar\u012bbas vielu uzs\u016bk\u0161anos caur sakn\u0113m.<\/p>\n<p><img decoding=\"async\" style=\"margin-right: 12px;\" src=\"https:\/\/www.ferberpainting.com\/wp-content\/uploads\/2026\/02\/Check.svg\" alt=\"\" width=\"18\" height=\"15\" \/><strong>Ilgnotur\u012bgs efekts, kas nodro\u0161ina spilgtus ziedus visa gada garum\u0101.<\/strong>\u00a0Pak\u0101peniski barojot augu, \u0161is m\u0113slojums veicina nep\u0101rtrauktu aug\u0161anu, uzlabo iesak\u0146o\u0161anos un iztur\u012bbu pret slim\u012bb\u0101m, k\u0101 ar\u012b veicina intens\u012bv\u0101ku un ilg\u0101ku zied\u0113\u0161anu.<\/p>\n<p><img decoding=\"async\" style=\"margin-right: 12px;\" src=\"https:\/\/www.ferberpainting.com\/wp-content\/uploads\/2026\/02\/Check.svg\" alt=\"\" width=\"18\" height=\"15\" \/><strong>\u0100tri redzami rezult\u0101ti.<\/strong>\u00a0Jau p\u0113c pirmajiem lieto\u0161anas reiz\u0113m j\u016bs nov\u0113rosiet pumpuru skaita palielin\u0101\u0161anos un bag\u0101t\u012bg\u0101ku zied\u0113\u0161anu. Kr\u0101sas k\u013c\u016bs spilgt\u0101kas, stubl\u0101ji iztur\u012bg\u0101ki un ziedlapi\u0146as - dz\u012bv\u012bg\u0101kas. \u0160is m\u0113slojums stimul\u0113 ar\u012b nov\u0101jin\u0101tu augu atjauno\u0161anos p\u0113c zied\u0113\u0161anas, nodro\u0161inot optim\u0101lu zied\u0113\u0161anas ciklu.<\/p>\n<h2><strong>Lieto\u0161anas protokols<\/strong><\/h2>\n<p><strong>Ieteicamais at\u0161\u0137aid\u012bjums <\/strong>:<\/p>\n<ul>\n<li><strong>Regul\u0101ra apkope <\/strong>: At\u0161\u0137aidiet 5 ml m\u0113slojuma uz litru \u016bdens un aplaistiet substr\u0101tu.<\/li>\n<li><strong>Intens\u012bva zied\u0113\u0161ana (pavasaris\/vasara) <\/strong>: Lai veicin\u0101tu maksim\u0101lu zied\u0113\u0161anu, palieliniet koncentr\u0101ciju l\u012bdz 7 ml uz litru \u016bdens.<\/li>\n<li><strong>Miega f\u0101ze (rudens\/ziema) <\/strong>: Samaziniet gan bie\u017eumu, gan koncentr\u0101ciju l\u012bdz 2 ml uz litru \u016bdens.<\/li>\n<\/ul>\n<p><strong>Piem\u0113ro\u0161anas bie\u017eums <\/strong>:<\/p>\n<ul>\n<li><strong>Augi aug\u0161anas un zied\u0113\u0161anas f\u0101z\u0113 <\/strong>: Uzkl\u0101jiet ik p\u0113c div\u0101m ned\u0113\u013c\u0101m.<\/li>\n<li><strong>Augi miera period\u0101<\/strong>: Pietiek ar vienu pieteikumu m\u0113nes\u012b.<\/li>\n<\/ul>\n<p><strong>Lieto\u0161anas metodes <\/strong>:<\/p>\n<ul>\n<li><strong>Tie\u0161\u0101 laist\u012b\u0161ana <\/strong>: Uzlejiet \u0161\u0137\u012bdumu ap auga pamatni, lai nodro\u0161in\u0101tu optim\u0101lu sak\u0146u uzs\u016bk\u0161anos.<\/li>\n<li><strong>Lapu smidzin\u0101\u0161ana (p\u0113c izv\u0113les) <\/strong>: Da\u017e\u0101m jut\u012bg\u0101m lakstaugu \u0161\u0137irn\u0113m var b\u016bt lietder\u012bga smalka miglo\u0161ana virs lap\u0101m.<\/li>\n<li><strong>Lieto\u0161ana atkl\u0101t\u0101 lauk\u0101 <\/strong>: At\u0161\u0137aid\u012bto m\u0113slojumu ielejiet ap auga pamatni, izvairoties no liekas \u016bdens stagn\u0101cijas.<\/li>\n<li><strong>Lieto\u0161ana podos <\/strong>: Laistiet, l\u012bdz no dren\u0101\u017eas caurumiem par\u0101d\u0101s neliels noteces daudzums.<\/li>\n<\/ul>\n<p><strong>Lieto\u0161anas piesardz\u012bbas pas\u0101kumi <\/strong>:<\/p>\n<ul>\n<li><strong>Nep\u0101rdoz\u0113jiet <\/strong>: P\u0101rm\u0113r\u012bgs m\u0113slojuma daudzums var izrais\u012bt lapu dzelt\u0113\u0161anu un v\u0101jin\u0101t augu.<\/li>\n<li><strong>Nelietot uz slima vai stresa nomoc\u012bta auga. <\/strong>: Pirms m\u0113slo\u0161anas pagaidiet, kam\u0113r augs atg\u016bst savu sp\u0113ku.<\/li>\n<li><strong>Izvairieties no lieto\u0161anas piln\u0101 saul\u0113 <\/strong>: Ieteicams lietot agri no r\u012bta vai v\u0113lu p\u0113cpusdien\u0101, lai nov\u0113rstu strauju bar\u012bbas vielu iztvaiko\u0161anu.<\/li>\n<\/ul>\n<p><strong>Uzglab\u0101\u0161ana un konserv\u0113\u0161ana <\/strong>:<\/p>\n<ul>\n<li>Uzglab\u0101t produktu saus\u0101 viet\u0101 un \u0101rpus karstuma.<\/li>\n<li>P\u0113c katras lieto\u0161anas reizes trauku vienm\u0113r cie\u0161i aizveriet, lai saglab\u0101tu t\u0101 m\u0113slo\u0161anas \u012bpa\u0161\u012bbas.<\/li>\n<\/ul>\n<p>Izmantojot m\u016bsu m\u0113slojumu ziedo\u0161iem augiem, pied\u0101v\u0101jiet saviem ziediem pilnv\u0113rt\u012bgu un sabalans\u0113tu baro\u0161anu, lai nodro\u0161in\u0101tu kr\u0101\u0161\u0146u zied\u0113\u0161anu visa gada garum\u0101. Neatkar\u012bgi no t\u0101, vai esat d\u0101rznieks amatieris vai profesion\u0101lis, \u0161is m\u0113slojums ir ide\u0101ls risin\u0101jums vesel\u012bgiem, dinamiskiem augiem ar intens\u012bv\u0101m kr\u0101s\u0101m un ilgsto\u0161u zied\u0113\u0161anu.<\/p>","protected":false},"excerpt":{"rendered":"<p>A specially designed fertilizer to promote flowering.\u00a0Our flowering plants require a balanced supply of essential nutrients to produce abundant, vibrant, and long-lasting blooms. This NPK 15-15-15 fertilizer is designed to stimulate the growth of stems, leaves, and roots while boosting the formation and longevity of flowers. It is suitable for all varieties of flowering plants, [&hellip;]<\/p>\n","protected":false},"featured_media":25992,"comment_status":"open","ping_status":"closed","template":"","meta":{"_uag_custom_page_level_css":"","site-sidebar-layout":"default","site-content-layout":"","ast-site-content-layout":"default","site-content-style":"default","site-sidebar-style":"default","ast-global-header-display":"","ast-banner-title-visibility":"","ast-main-header-display":"","ast-hfb-above-header-display":"","ast-hfb-below-header-display":"","ast-hfb-mobile-header-display":"","site-post-title":"","ast-breadcrumbs-content":"","ast-featured-img":"","footer-sml-layout":"","ast-disable-related-posts":"","theme-transparent-header-meta":"default","adv-header-id-meta":"","stick-header-meta":"","header-above-stick-meta":"","header-main-stick-meta":"","header-below-stick-meta":"","astra-migrate-meta-layouts":"set","ast-page-background-enabled":"default","ast-page-background-meta":{"desktop":{"background-color":"var(--ast-global-color-4)","background-image":"","background-repeat":"repeat","background-position":"center center","background-size":"auto","background-attachment":"scroll","background-type":"","background-media":"","overlay-type":"","overlay-color":"","overlay-opacity":"","overlay-gradient":""},"tablet":{"background-color":"","background-image":"","background-repeat":"repeat","background-position":"center center","background-size":"auto","background-attachment":"scroll","background-type":"","background-media":"","overlay-type":"","overlay-color":"","overlay-opacity":"","overlay-gradient":""},"mobile":{"background-color":"","background-image":"","background-repeat":"repeat","background-position":"center center","background-size":"auto","background-attachment":"scroll","background-type":"","background-media":"","overlay-type":"","overlay-color":"","overlay-opacity":"","overlay-gradient":""}},"ast-content-background-meta":{"desktop":{"background-color":"var(--ast-global-color-5)","background-image":"","background-repeat":"repeat","background-position":"center center","background-size":"auto","background-attachment":"scroll","background-type":"","background-media":"","overlay-type":"","overlay-color":"","overlay-opacity":"","overlay-gradient":""},"tablet":{"background-color":"var(--ast-global-color-5)","background-image":"","background-repeat":"repeat","background-position":"center center","background-size":"auto","background-attachment":"scroll","background-type":"","background-media":"","overlay-type":"","overlay-color":"","overlay-opacity":"","overlay-gradient":""},"mobile":{"background-color":"var(--ast-global-color-5)","background-image":"","background-repeat":"repeat","background-position":"center center","background-size":"auto","background-attachment":"scroll","background-type":"","background-media":"","overlay-type":"","overlay-color":"","overlay-opacity":"","overlay-gradient":""}}},"product_brand":[],"product_cat":[178],"product_tag":[],"class_list":{"0":"post-23465","1":"product","2":"type-product","3":"status-publish","4":"has-post-thumbnail","6":"product_cat-fertilizers","7":"desktop-align-left","8":"tablet-align-left","9":"mobile-align-left","11":"first","12":"instock","13":"sale","14":"shipping-taxable","15":"purchasable","16":"product-type-variable","17":"has-default-attributes"},"spectra_custom_meta":{"_visibility":["visible"],"_shopify_product_id":["9096161788149"],"_s2w_shopify_domain":["ferberpainting.myshopify.com"],"_shopify_variant_id":["46595778052341"],"_sku":[""],"_manage_stock":["no"],"total_sales":["14"],"_tax_status":["taxable"],"_tax_class":[""],"_backorders":["no"],"_sold_individually":["no"],"_virtual":["no"],"_downloadable":["no"],"_download_limit":["-1"],"_download_expiry":["-1"],"_stock":[null],"_stock_status":["instock"],"_wc_average_rating":["4.75"],"_wc_review_count":["8"],"_product_attributes":["a:1:{s:6:\"volume\";a:6:{s:4:\"name\";s:6:\"Volume\";s:5:\"value\";s:20:\"5 liters | 25 liters\";s:8:\"position\";i:1;s:10:\"is_visible\";i:0;s:12:\"is_variation\";i:1;s:11:\"is_taxonomy\";i:0;}}"],"_product_version":["10.5.1"],"_thumbnail_id":["25992"],"_product_image_gallery":["25993"],"wpse_downloadable_file_names":[""],"wpse_downloadable_file_urls":[""],"_edit_last":["1"],"_default_attributes":["a:1:{s:6:\"volume\";s:8:\"5 liters\";}"],"_edit_lock":["1771161089:1"],"_price":["29.90","129.90"],"merchant-center-availability":["yes"],"merchant-center-category":["113"],"_wp_page_template":["default"],"site-sidebar-layout":["default"],"ast-site-content-layout":["default"],"site-content-style":["default"],"site-sidebar-style":["default"],"theme-transparent-header-meta":["default"],"_wc_rating_count":["a:2:{i:4;i:2;i:5;i:6;}"],"astra-migrate-meta-layouts":["set"],"_uag_css_file_name":["uag-css-23465.css"],"_elementor_page_assets":["a:0:{}"],"_uag_page_assets":["a:9:{s:3:\"css\";s:6873:\".wp-block-uagb-image{display:flex}.wp-block-uagb-image__figure{position:relative;display:flex;flex-direction:column;max-width:100%;height:auto;margin:0}.wp-block-uagb-image__figure img{height:auto;display:flex;max-width:100%;transition:box-shadow .2s ease}.wp-block-uagb-image__figure>a{display:inline-block}.wp-block-uagb-image__figure figcaption{text-align:center;margin-top:.5em;margin-bottom:1em}.wp-block-uagb-image .components-placeholder.block-editor-media-placeholder .components-placeholder__instructions{align-self:center}.wp-block-uagb-image--align-left{text-align:left}.wp-block-uagb-image--align-right{text-align:right}.wp-block-uagb-image--align-center{text-align:center}.wp-block-uagb-image--align-full .wp-block-uagb-image__figure{margin-left:calc(50% - 50vw);margin-right:calc(50% - 50vw);max-width:100vw;width:100vw;height:auto}.wp-block-uagb-image--align-full .wp-block-uagb-image__figure img{height:auto;width:100% !important}.wp-block-uagb-image--align-wide .wp-block-uagb-image__figure img{height:auto;width:100%}.wp-block-uagb-image--layout-overlay__color-wrapper{position:absolute;left:0;top:0;right:0;bottom:0;opacity:.2;background:rgba(0,0,0,.5);transition:opacity .35s ease-in-out}.wp-block-uagb-image--layout-overlay-link{position:absolute;left:0;right:0;bottom:0;top:0}.wp-block-uagb-image--layout-overlay .wp-block-uagb-image__figure:hover .wp-block-uagb-image--layout-overlay__color-wrapper{opacity:1}.wp-block-uagb-image--layout-overlay__inner{position:absolute;left:15px;right:15px;bottom:15px;top:15px;display:flex;align-items:center;justify-content:center;flex-direction:column;border-color:#fff;transition:.35s ease-in-out}.wp-block-uagb-image--layout-overlay__inner.top-left,.wp-block-uagb-image--layout-overlay__inner.top-center,.wp-block-uagb-image--layout-overlay__inner.top-right{justify-content:flex-start}.wp-block-uagb-image--layout-overlay__inner.bottom-left,.wp-block-uagb-image--layout-overlay__inner.bottom-center,.wp-block-uagb-image--layout-overlay__inner.bottom-right{justify-content:flex-end}.wp-block-uagb-image--layout-overlay__inner.top-left,.wp-block-uagb-image--layout-overlay__inner.center-left,.wp-block-uagb-image--layout-overlay__inner.bottom-left{align-items:flex-start}.wp-block-uagb-image--layout-overlay__inner.top-right,.wp-block-uagb-image--layout-overlay__inner.center-right,.wp-block-uagb-image--layout-overlay__inner.bottom-right{align-items:flex-end}.wp-block-uagb-image--layout-overlay__inner .uagb-image-heading{color:#fff;transition:transform .35s,opacity .35s ease-in-out;transform:translate3d(0, 24px, 0);margin:0;line-height:1em}.wp-block-uagb-image--layout-overlay__inner .uagb-image-separator{width:30%;border-top-width:2px;border-top-color:#fff;border-top-style:solid;margin-bottom:10px;opacity:0;transition:transform .4s,opacity .4s ease-in-out;transform:translate3d(0, 30px, 0)}.wp-block-uagb-image--layout-overlay__inner .uagb-image-caption{opacity:0;overflow:visible;color:#fff;transition:transform .45s,opacity .45s ease-in-out;transform:translate3d(0, 35px, 0)}.wp-block-uagb-image--layout-overlay__inner:hover .uagb-image-heading,.wp-block-uagb-image--layout-overlay__inner:hover .uagb-image-separator,.wp-block-uagb-image--layout-overlay__inner:hover .uagb-image-caption{opacity:1;transform:translate3d(0, 0, 0)}.wp-block-uagb-image--effect-zoomin .wp-block-uagb-image__figure img,.wp-block-uagb-image--effect-zoomin .wp-block-uagb-image__figure .wp-block-uagb-image--layout-overlay__color-wrapper{transform:scale(1);transition:transform .35s ease-in-out}.wp-block-uagb-image--effect-zoomin .wp-block-uagb-image__figure:hover img,.wp-block-uagb-image--effect-zoomin .wp-block-uagb-image__figure:hover .wp-block-uagb-image--layout-overlay__color-wrapper{transform:scale(1.05)}.wp-block-uagb-image--effect-slide .wp-block-uagb-image__figure img,.wp-block-uagb-image--effect-slide .wp-block-uagb-image__figure .wp-block-uagb-image--layout-overlay__color-wrapper{width:calc(100% + 40px) !important;max-width:none !important;transform:translate3d(-40px, 0, 0);transition:transform .35s ease-in-out}.wp-block-uagb-image--effect-slide .wp-block-uagb-image__figure:hover img,.wp-block-uagb-image--effect-slide .wp-block-uagb-image__figure:hover .wp-block-uagb-image--layout-overlay__color-wrapper{transform:translate3d(0, 0, 0)}.wp-block-uagb-image--effect-grayscale img{filter:grayscale(0%);transition:.35s ease-in-out}.wp-block-uagb-image--effect-grayscale:hover img{filter:grayscale(100%)}.wp-block-uagb-image--effect-blur img{filter:blur(0);transition:.35s ease-in-out}.wp-block-uagb-image--effect-blur:hover img{filter:blur(3px)}.uagb-block-e6f939b3.wp-block-uagb-image--layout-default figure img{box-shadow: 0px 0px 0 #00000070;}.uagb-block-e6f939b3.wp-block-uagb-image .wp-block-uagb-image__figure figcaption{font-style: normal;align-self: center;}.uagb-block-e6f939b3.wp-block-uagb-image--layout-overlay figure img{box-shadow: 0px 0px 0 #00000070;}.uagb-block-e6f939b3.wp-block-uagb-image--layout-overlay .wp-block-uagb-image--layout-overlay__color-wrapper{opacity: 0.2;}.uagb-block-e6f939b3.wp-block-uagb-image--layout-overlay .wp-block-uagb-image--layout-overlay__inner{left: 15px;right: 15px;top: 15px;bottom: 15px;}.uagb-block-e6f939b3.wp-block-uagb-image--layout-overlay .wp-block-uagb-image--layout-overlay__inner .uagb-image-heading{font-style: normal;color: #fff;opacity: 1;}.uagb-block-e6f939b3.wp-block-uagb-image--layout-overlay .wp-block-uagb-image--layout-overlay__inner .uagb-image-heading a{color: #fff;}.uagb-block-e6f939b3.wp-block-uagb-image--layout-overlay .wp-block-uagb-image--layout-overlay__inner .uagb-image-caption{opacity: 0;}.uagb-block-e6f939b3.wp-block-uagb-image--layout-overlay .wp-block-uagb-image__figure:hover .wp-block-uagb-image--layout-overlay__color-wrapper{opacity: 1;}.uagb-block-e6f939b3.wp-block-uagb-image .wp-block-uagb-image--layout-overlay__inner .uagb-image-separator{width: 30%;border-top-width: 2px;border-top-color: #fff;opacity: 0;}.uagb-block-e6f939b3.wp-block-uagb-image .wp-block-uagb-image__figure img{width: px;height: auto;}.uagb-block-e6f939b3.wp-block-uagb-image .wp-block-uagb-image__figure:hover .wp-block-uagb-image--layout-overlay__inner .uagb-image-caption{opacity: 1;}.uagb-block-e6f939b3.wp-block-uagb-image .wp-block-uagb-image__figure:hover .wp-block-uagb-image--layout-overlay__inner .uagb-image-separator{opacity: 1;}.uagb-block-e6f939b3.wp-block-uagb-image--layout-default figure:hover img{box-shadow: 0px 0px 0 #00000070;}.uagb-block-e6f939b3.wp-block-uagb-image--layout-overlay figure:hover img{box-shadow: 0px 0px 0 #00000070;}@media only screen and (max-width: 976px) {.uagb-block-e6f939b3.wp-block-uagb-image .wp-block-uagb-image__figure img{width: px;height: auto;}}@media only screen and (max-width: 767px) {.uagb-block-e6f939b3.wp-block-uagb-image .wp-block-uagb-image__figure img{width: px;height: auto;}}\";s:2:\"js\";s:0:\"\";s:18:\"current_block_list\";a:13:{i:0;s:11:\"core\/search\";i:1;s:10:\"core\/group\";i:2;s:12:\"core\/heading\";i:3;s:17:\"core\/latest-posts\";i:4;s:20:\"core\/latest-comments\";i:5;s:13:\"core\/archives\";i:6;s:15:\"core\/categories\";i:7;s:14:\"core\/paragraph\";i:8;s:10:\"uagb\/image\";i:9;s:11:\"core\/spacer\";i:10;s:30:\"woocommerce\/product-categories\";i:11;s:10:\"core\/image\";i:12;s:14:\"core\/shortcode\";}s:8:\"uag_flag\";b:1;s:11:\"uag_version\";s:10:\"1777108802\";s:6:\"gfonts\";a:0:{}s:10:\"gfonts_url\";s:0:\"\";s:12:\"gfonts_files\";a:0:{}s:14:\"uag_faq_layout\";b:0;}"]},"uagb_featured_image_src":{"full":["https:\/\/www.ferberpainting.com\/wp-content\/uploads\/2025\/05\/FloweringPlantFertilizer5L.png",2560,2560,false],"thumbnail":["https:\/\/www.ferberpainting.com\/wp-content\/uploads\/2025\/05\/FloweringPlantFertilizer5L-150x150.png",150,150,true],"medium":["https:\/\/www.ferberpainting.com\/wp-content\/uploads\/2025\/05\/FloweringPlantFertilizer5L-300x300.png",300,300,true],"medium_large":["https:\/\/www.ferberpainting.com\/wp-content\/uploads\/2025\/05\/FloweringPlantFertilizer5L-768x768.png",768,768,true],"large":["https:\/\/www.ferberpainting.com\/wp-content\/uploads\/2025\/05\/FloweringPlantFertilizer5L-1024x1024.png",1024,1024,true],"1536x1536":["https:\/\/www.ferberpainting.com\/wp-content\/uploads\/2025\/05\/FloweringPlantFertilizer5L-1536x1536.png",1536,1536,true],"2048x2048":["https:\/\/www.ferberpainting.com\/wp-content\/uploads\/2025\/05\/FloweringPlantFertilizer5L-2048x2048.png",2048,2048,true],"trp-custom-language-flag":["https:\/\/www.ferberpainting.com\/wp-content\/uploads\/2025\/05\/FloweringPlantFertilizer5L-12x12.png",12,12,true],"woocommerce_thumbnail":["https:\/\/www.ferberpainting.com\/wp-content\/uploads\/2025\/05\/FloweringPlantFertilizer5L-300x300.png",300,300,true],"woocommerce_single":["https:\/\/www.ferberpainting.com\/wp-content\/uploads\/2025\/05\/FloweringPlantFertilizer5L-600x600.png",600,600,true],"woocommerce_gallery_thumbnail":["https:\/\/www.ferberpainting.com\/wp-content\/uploads\/2025\/05\/FloweringPlantFertilizer5L-100x100.png",100,100,true]},"uagb_author_info":{"display_name":"admin","author_link":"https:\/\/www.ferberpainting.com\/lv\/author\/"},"uagb_comment_info":8,"uagb_excerpt":"A specially designed fertilizer to promote flowering.\u00a0Our flowering plants require a balanced supply of essential nutrients to produce abundant, vibrant, and long-lasting blooms. This NPK 15-15-15 fertilizer is designed to stimulate the growth of stems, leaves, and roots while boosting the formation and longevity of flowers. It is suitable for all varieties of flowering plants,&hellip;","_links":{"self":[{"href":"https:\/\/www.ferberpainting.com\/lv\/wp-json\/wp\/v2\/product\/23465","targetHints":{"allow":["GET"]}}],"collection":[{"href":"https:\/\/www.ferberpainting.com\/lv\/wp-json\/wp\/v2\/product"}],"about":[{"href":"https:\/\/www.ferberpainting.com\/lv\/wp-json\/wp\/v2\/types\/product"}],"replies":[{"embeddable":true,"href":"https:\/\/www.ferberpainting.com\/lv\/wp-json\/wp\/v2\/comments?post=23465"}],"version-history":[{"count":4,"href":"https:\/\/www.ferberpainting.com\/lv\/wp-json\/wp\/v2\/product\/23465\/revisions"}],"predecessor-version":[{"id":166165,"href":"https:\/\/www.ferberpainting.com\/lv\/wp-json\/wp\/v2\/product\/23465\/revisions\/166165"}],"wp:featuredmedia":[{"embeddable":true,"href":"https:\/\/www.ferberpainting.com\/lv\/wp-json\/wp\/v2\/media\/25992"}],"wp:attachment":[{"href":"https:\/\/www.ferberpainting.com\/lv\/wp-json\/wp\/v2\/media?parent=23465"}],"wp:term":[{"taxonomy":"product_brand","embeddable":true,"href":"https:\/\/www.ferberpainting.com\/lv\/wp-json\/wp\/v2\/product_brand?post=23465"},{"taxonomy":"product_cat","embeddable":true,"href":"https:\/\/www.ferberpainting.com\/lv\/wp-json\/wp\/v2\/product_cat?post=23465"},{"taxonomy":"product_tag","embeddable":true,"href":"https:\/\/www.ferberpainting.com\/lv\/wp-json\/wp\/v2\/product_tag?post=23465"}],"curies":[{"name":"wp","href":"https:\/\/api.w.org\/{rel}","templated":true}]}}