{"id":23459,"date":"2025-07-01T13:23:26","date_gmt":"2025-07-01T11:23:26","guid":{"rendered":"https:\/\/www.ferberpainting.com\/?post_type=product&#038;p=23456"},"modified":"2026-02-15T14:12:30","modified_gmt":"2026-02-15T13:12:30","slug":"floor-water-repellent","status":"publish","type":"product","link":"https:\/\/www.ferberpainting.com\/lv\/products\/floor-water-repellent\/","title":{"rendered":"\u016adensatgr\u016bdo\u0161s gr\u012bdas l\u012bdzeklis"},"content":{"rendered":"<p><img decoding=\"async\" style=\"margin-right: 12px;\" src=\"https:\/\/www.ferberpainting.com\/wp-content\/uploads\/2026\/02\/Check.svg\" alt=\"\" width=\"18\" height=\"15\" \/><strong>Aizsardz\u012bba pret mitrumu.<\/strong>\u00a0Gr\u012bdas \u016bdensnecaurlaid\u012bgais l\u012bdzeklis ir \u012bpa\u0161i izstr\u0101d\u0101ts produkts, lai aizsarg\u0101tu virsmas pret \u016bdens un mitruma iek\u013c\u016b\u0161anu. \u0160\u012b apstr\u0101de ir ide\u0101li piem\u0113rota gan \u0101r\u0113j\u0101m, gan iek\u0161\u0113j\u0101m gr\u012bd\u0101m, \u012bpa\u0161i t\u0101m, kas pak\u013cautas nelabv\u0113l\u012bgiem laikapst\u0101k\u013ciem vai augstam mitruma l\u012bmenim, piem\u0113ram, teras\u0113m, balkoniem, pagrabiem vai gar\u0101\u017e\u0101m. Uzkl\u0101jot \u016bdensnecaurlaid\u012bgo l\u012bdzekli, j\u016bs izveidojat neredzamu barjeru, kas nov\u0113r\u0161 \u016bdens iek\u013c\u016b\u0161anu, vienlaikus saglab\u0101jot materi\u0101la elpojo\u0161o sp\u0113ju, t\u0101d\u0113j\u0101di nodro\u0161inot j\u016bsu gr\u012bd\u0101m ilgu m\u016b\u017eu.<\/p>\n<p><img decoding=\"async\" style=\"margin-right: 12px;\" src=\"https:\/\/www.ferberpainting.com\/wp-content\/uploads\/2026\/02\/Check.svg\" alt=\"\" width=\"18\" height=\"15\" \/><strong>Naudas atmaksas garantija.<\/strong>\u00a0M\u0113s esam piln\u012bb\u0101 p\u0101rliecin\u0101ti par m\u016bsu gr\u012bdas mitrin\u0101t\u0101ja efektivit\u0101ti. T\u0101p\u0113c m\u0113s pied\u0101v\u0101jam apmierin\u0101t\u012bbas vai naudas atmaksas garantiju. Ja neesat piln\u012bb\u0101 apmierin\u0101ts ar rezult\u0101tiem, varat piepras\u012bt pilnu naudas atmaksu. Tas \u013cauj jums izm\u0113\u0123in\u0101t produktu bez riska, ar p\u0101rliec\u012bbu, ka j\u016bs nezaud\u0113siet savu ieguld\u012bjumu, ja rezult\u0101ti neatbild\u012bs j\u016bsu cer\u012bb\u0101m.<\/p>\n<p><img decoding=\"async\" style=\"margin-right: 12px;\" src=\"https:\/\/www.ferberpainting.com\/wp-content\/uploads\/2026\/02\/Check.svg\" alt=\"\" width=\"18\" height=\"15\" \/><strong>Sader\u012bgs ar da\u017e\u0101diem gr\u012bdas tipiem.<\/strong>\u00a0Gr\u012bdas \u016bdensnecaurlaid\u012bgais l\u012bdzeklis ir univers\u0101ls produkts, kas ir piem\u0113rots da\u017e\u0101diem gr\u012bdas materi\u0101liem, piem\u0113ram, betona, cementa, fl\u012b\u017eu, bru\u0123akme\u0146u, javas un pat dab\u012bg\u0101 akmens gr\u012bd\u0101m. Neatkar\u012bgi no gr\u012bdas tipa \u0161is produkts garant\u0113 efekt\u012bvu aizsardz\u012bbu pret mitrumu, \u016bdens iek\u013c\u016b\u0161anu un traipiem. T\u0101p\u0113c tas ir ide\u0101ls risin\u0101jums daudziem renov\u0101cijas vai b\u016bvniec\u012bbas projektiem.<\/p>\n<p><img decoding=\"async\" style=\"margin-right: 12px;\" src=\"https:\/\/www.ferberpainting.com\/wp-content\/uploads\/2026\/02\/Check.svg\" alt=\"\" width=\"18\" height=\"15\" \/><strong>Ekonomiska veiktsp\u0113ja.<\/strong>\u00a0\u0160is produkts nodro\u0161ina izcilu ekonomisko v\u0113rt\u012bbu. Vid\u0113ji viens litrs gr\u012bdas hidroizol\u0101cijas l\u012bdzek\u013ca sedz 8 l\u012bdz 12 m\u00b2 atkar\u012bb\u0101 no apstr\u0101d\u0101jam\u0101s virsmas porain\u012bbas. Tas noz\u012bm\u0113, ka 5 litru konteiners var nosegt no 40 l\u012bdz 60 m\u00b2, padarot to par rentablu risin\u0101jumu lielu plat\u012bbu apstr\u0101dei. J\u016bs varat apstr\u0101d\u0101t pla\u0161as plat\u012bbas ar sal\u012bdzino\u0161i nelielu produkta daudzumu, t\u0101d\u0113j\u0101di samazinot ilgtermi\u0146a izmaksas.<\/p>\n<p><img decoding=\"async\" style=\"margin-right: 12px;\" src=\"https:\/\/www.ferberpainting.com\/wp-content\/uploads\/2026\/02\/Check.svg\" alt=\"\" width=\"18\" height=\"15\" \/><strong>Netoksisks.<\/strong>\u00a0Gr\u012bdas \u016bdensnecaurlaid\u012bgais p\u0101rkl\u0101jums ir izstr\u0101d\u0101ts t\u0101, lai tas b\u016btu dro\u0161s videi un vesel\u012bbai. T\u0101 sast\u0101v\u0101 nav toksisku vielu vai b\u012bstamu \u0137imik\u0101liju, t\u0101p\u0113c tas ir \u012bpa\u0161i piem\u0113rots lieto\u0161anai gan iek\u0161telp\u0101s, gan \u0101rpus t\u0101m. J\u016bs varat dro\u0161i un dro\u0161i lietot \u0161o produktu, neuztraucoties par kait\u012bgiem izgarojumiem dz\u012bvojam\u0101 vai darba telp\u0101.<\/p>\n<p><img decoding=\"async\" style=\"margin-right: 12px;\" src=\"https:\/\/www.ferberpainting.com\/wp-content\/uploads\/2026\/02\/Check.svg\" alt=\"\" width=\"18\" height=\"15\" \/><strong>Viegli uzkl\u0101t.<\/strong>\u00a0\u0160is produkts ir gatavs lieto\u0161anai, un to nav nepiecie\u0161ams at\u0161\u0137aid\u012bt. T\u0101 lieto\u0161ana ir vienk\u0101r\u0161a un \u0101tra. Vienk\u0101r\u0161i izsmidziniet vai vienm\u0113r\u012bgi izkl\u0101jiet to pa virsmu, izmantojot otu vai rull\u012bti. T\u0101 \u0161\u0137idr\u0101 tekst\u016bra \u013cauj tam iek\u013c\u016bt dzi\u013ci materi\u0101lu por\u0101s, bez piep\u016bles nodro\u0161inot efekt\u012bvu aizsardz\u012bbu. Lai lietotu \u0161o l\u012bdzekli, nav j\u0101b\u016bt profesion\u0101lim, t\u0101d\u0113j\u0101di tas ir pieejams ikvienam.<\/p>\n<p><img decoding=\"async\" style=\"margin-right: 12px;\" src=\"https:\/\/www.ferberpainting.com\/wp-content\/uploads\/2026\/02\/Check.svg\" alt=\"\" width=\"18\" height=\"15\" \/><strong>Iztur\u012bga aizsardz\u012bba.<\/strong>\u00a0P\u0113c uzkl\u0101\u0161anas gr\u012bdas \u016bdensnecaurlaid\u012bgais p\u0101rkl\u0101jums izveido aizsargbarjeru, kas laika gait\u0101 k\u013c\u016bst notur\u012bga pret \u016bdens iek\u013c\u016b\u0161anu, traipiem un net\u012brumiem. Atkar\u012bb\u0101 no lieto\u0161anas un virsmas iedarb\u012bbas \u0161\u012b aizsardz\u012bba var saglab\u0101ties vair\u0101kus gadus. Uzkl\u0101jot to uz gr\u012bd\u0101m, j\u016bs paildzin\u0101t to kalpo\u0161anas laiku un samazin\u0101siet mitruma rad\u012bto degrad\u0101cijas risku. \u016adensnecaurlaid\u012bgais p\u0101rkl\u0101jums aizsarg\u0101 ar\u012b pret sasal\u0161anas\/atdzi\u0161anas ciklu kait\u012bgo ietekmi.<\/p>\n<p><img decoding=\"async\" style=\"margin-right: 12px;\" src=\"https:\/\/www.ferberpainting.com\/wp-content\/uploads\/2026\/02\/Check.svg\" alt=\"\" width=\"18\" height=\"15\" \/><strong>\u0100tra \u017e\u0101v\u0113\u0161ana.<\/strong>\u00a0Gr\u012bdas \u016bdensnecaurlaid\u012bgais p\u0101rkl\u0101jums izce\u013cas ar \u0101tru uzkl\u0101\u0161anu un \u017e\u016b\u0161anas laiku. Tikai 1-2 stundu laik\u0101 produkts iz\u017e\u016bst l\u012bdz taustei, \u013caujot \u0101tri ats\u0101kt savu darb\u012bbu. Optim\u0101lai aizsardz\u012bbai ieteicams \u013caut produktam piln\u012bb\u0101 no\u017e\u016bt 24 stundas pirms gr\u012bdas pak\u013cau\u0161anas mitruma vai laikapst\u0101k\u013cu ietekmei. \u0160\u012b \u0101tr\u0101 darb\u012bba ir ide\u0101li piem\u0113rota steidzamiem projektiem vai darbiem, kas prasa minim\u0101lu d\u012bkst\u0101vi.<\/p>\n<h2><strong>Lieto\u0161anas protokols<\/strong><\/h2>\n<ul>\n<li><strong>Virsmas sagatavo\u0161ana <\/strong>: Pirms gr\u012bdas \u016bdensnecaurlaid\u012bg\u0101 l\u012bdzek\u013ca uzkl\u0101\u0161anas p\u0101rliecinieties, ka virsma ir t\u012bra, sausa un uz t\u0101s nav net\u012brumu, putek\u013cu, pel\u0113juma vai kr\u0101sas atlikumu. Ja virsma ir \u013coti net\u012bra, not\u012briet to ar maigu mazg\u0101\u0161anas l\u012bdzekli un \u016bdeni, p\u0113c tam pirms produkta uzkl\u0101\u0161anas \u013caujiet tai piln\u012bb\u0101 no\u017e\u016bt. Ja gr\u012bd\u0101 ir plaisas vai caurumi, pirms uzkl\u0101\u0161anas ieteicams tos salabot.<\/li>\n<li><strong>Produkta pielietojums <\/strong>: Gr\u012bdas \u016bdensnecaurlaid\u012bgais l\u012bdzeklis ir gatavs lieto\u0161anai, un to nav nepiecie\u0161ams at\u0161\u0137aid\u012bt. To var uzkl\u0101t ar smidzin\u0101t\u0101ju, otu vai rull\u012bti atkar\u012bb\u0101 no plat\u012bbas lieluma. P\u0101rliecinieties, ka vienm\u0113r\u012bgi p\u0101rkl\u0101jat visu virsmu, lai izvair\u012btos no neaizsarg\u0101t\u0101m zon\u0101m. Uzkl\u0101jiet vieglu pirmo k\u0101rtu, \u013caujiet tai no\u017e\u016bt un p\u0113c tam uzkl\u0101jiet otro k\u0101rtu, lai nodro\u0161in\u0101tu maksim\u0101lu aizsardz\u012bbu.<\/li>\n<li><strong>Izmantojam\u0101 summa <\/strong>: Vid\u0113ji viens litrs produkta sedz no 8 l\u012bdz 12 m\u00b2 atkar\u012bb\u0101 no gr\u012bdas porain\u012bbas. Ja uz t\u0101s pa\u0161as virsmas uzkl\u0101jat vienu k\u0101rtu un otru k\u0101rtu, dubultojiet kop\u0113jo vajadz\u012bgo produkta daudzumu. Piecu litru konteiners sedz 40 l\u012bdz 60 m\u00b2 atkar\u012bb\u0101 no uzkl\u0101\u0161anas biezuma un materi\u0101la tekst\u016bras.<\/li>\n<li><strong>\u017d\u0101v\u0113\u0161anas laiks <\/strong>: P\u0113c uzkl\u0101\u0161anas gr\u012bdas \u016bdensnecaurlaid\u012bgais p\u0101rkl\u0101jums iz\u017e\u016bst 1 l\u012bdz 2 stundu laik\u0101. Tom\u0113r, lai nodro\u0161in\u0101tu piln\u012bgu aizsardz\u012bbu, ieteicams nogaid\u012bt 24 stundas, pirms gr\u012bda tiek pak\u013cauta mitruma iedarb\u012bbai vai tiek lietota parast\u0101 veid\u0101. \u0160is nogaid\u012b\u0161anas laiks \u013cauj produktam pien\u0101c\u012bgi saciet\u0113t un izveidot notur\u012bgu \u016bdensnecaurlaid\u012bgu barjeru.<\/li>\n<li><strong>Atk\u0101rtota pieteik\u0161an\u0101s <\/strong>: Atkar\u012bb\u0101 no laikapst\u0101k\u013ciem un apstr\u0101d\u0101to virsmu nolietojuma, lai saglab\u0101tu gr\u012bdas hidroizol\u0101cijas l\u012bdzek\u013ca efektivit\u0101ti, to var b\u016bt nepiecie\u0161ams atk\u0101rtoti uzkl\u0101t ik p\u0113c 3 l\u012bdz 5 gadiem. Ja virsma k\u013c\u016bst net\u012bra vai s\u0101k zaud\u0113t aizsardz\u012bbu, jaunu k\u0101rtu var viegli uzkl\u0101t bez papildu sagatavo\u0161anas, ja vien gr\u012bda ir t\u012bra un sausa.<\/li>\n<li><strong>Uztur\u0113\u0161ana <\/strong>: P\u0113c \u016bdensnecaurlaid\u012bg\u0101 l\u012bdzek\u013ca uzkl\u0101\u0161anas ieteicams regul\u0101ri t\u012br\u012bt apstr\u0101d\u0101t\u0101s gr\u012bdas ar t\u012bru \u016bdeni un m\u012bkstu slotu vai mopu. Izvairieties no abraz\u012bviem t\u012br\u012b\u0161anas l\u012bdzek\u013ciem vai \u0161\u0137\u012bdin\u0101t\u0101jiem, kas var\u0113tu saboj\u0101t aizsargsl\u0101ni. Vienk\u0101r\u0161a un regul\u0101ra kop\u0161ana pal\u012bdz\u0113s pagarin\u0101t produkta efektivit\u0101ti un nodro\u0161in\u0101s, ka j\u016bsu gr\u012bdas saglab\u0101jas teicam\u0101 st\u0101vokl\u012b.<\/li>\n<\/ul>","protected":false},"excerpt":{"rendered":"<p>Humidity protection.\u00a0The floor waterproofer is a specially formulated product to protect surfaces against water and moisture infiltration. This treatment is ideal for both exterior and interior floors, especially those exposed to harsh weather or high humidity, such as terraces, balconies, basements or garages. By applying the waterproofer, you create an invisible barrier that prevents water [&hellip;]<\/p>\n","protected":false},"featured_media":36367,"comment_status":"open","ping_status":"closed","template":"","meta":{"_uag_custom_page_level_css":"","site-sidebar-layout":"default","site-content-layout":"","ast-site-content-layout":"default","site-content-style":"default","site-sidebar-style":"default","ast-global-header-display":"","ast-banner-title-visibility":"","ast-main-header-display":"","ast-hfb-above-header-display":"","ast-hfb-below-header-display":"","ast-hfb-mobile-header-display":"","site-post-title":"","ast-breadcrumbs-content":"","ast-featured-img":"","footer-sml-layout":"","ast-disable-related-posts":"","theme-transparent-header-meta":"default","adv-header-id-meta":"","stick-header-meta":"","header-above-stick-meta":"","header-main-stick-meta":"","header-below-stick-meta":"","astra-migrate-meta-layouts":"set","ast-page-background-enabled":"default","ast-page-background-meta":{"desktop":{"background-color":"var(--ast-global-color-4)","background-image":"","background-repeat":"repeat","background-position":"center center","background-size":"auto","background-attachment":"scroll","background-type":"","background-media":"","overlay-type":"","overlay-color":"","overlay-opacity":"","overlay-gradient":""},"tablet":{"background-color":"","background-image":"","background-repeat":"repeat","background-position":"center center","background-size":"auto","background-attachment":"scroll","background-type":"","background-media":"","overlay-type":"","overlay-color":"","overlay-opacity":"","overlay-gradient":""},"mobile":{"background-color":"","background-image":"","background-repeat":"repeat","background-position":"center center","background-size":"auto","background-attachment":"scroll","background-type":"","background-media":"","overlay-type":"","overlay-color":"","overlay-opacity":"","overlay-gradient":""}},"ast-content-background-meta":{"desktop":{"background-color":"var(--ast-global-color-5)","background-image":"","background-repeat":"repeat","background-position":"center center","background-size":"auto","background-attachment":"scroll","background-type":"","background-media":"","overlay-type":"","overlay-color":"","overlay-opacity":"","overlay-gradient":""},"tablet":{"background-color":"var(--ast-global-color-5)","background-image":"","background-repeat":"repeat","background-position":"center center","background-size":"auto","background-attachment":"scroll","background-type":"","background-media":"","overlay-type":"","overlay-color":"","overlay-opacity":"","overlay-gradient":""},"mobile":{"background-color":"var(--ast-global-color-5)","background-image":"","background-repeat":"repeat","background-position":"center center","background-size":"auto","background-attachment":"scroll","background-type":"","background-media":"","overlay-type":"","overlay-color":"","overlay-opacity":"","overlay-gradient":""}}},"product_brand":[],"product_cat":[191],"product_tag":[],"class_list":{"0":"post-23459","1":"product","2":"type-product","3":"status-publish","4":"has-post-thumbnail","6":"product_cat-water-repellent","7":"desktop-align-left","8":"tablet-align-left","9":"mobile-align-left","11":"first","12":"instock","13":"sale","14":"taxable","15":"shipping-taxable","16":"purchasable","17":"product-type-variable","18":"has-default-attributes"},"spectra_custom_meta":{"_visibility":["visible"],"_shopify_product_id":["9106661114101"],"_s2w_shopify_domain":["ferberpainting.myshopify.com"],"_shopify_variant_id":["46626423603445"],"_sku":[""],"_manage_stock":["no"],"total_sales":["22"],"_tax_status":["taxable"],"_tax_class":[""],"_backorders":["no"],"_sold_individually":["no"],"_virtual":["no"],"_downloadable":["no"],"_download_limit":["-1"],"_download_expiry":["-1"],"_stock":[null],"_stock_status":["instock"],"_wc_average_rating":["5.00"],"_wc_review_count":["40"],"_product_attributes":["a:1:{s:6:\"volume\";a:6:{s:4:\"name\";s:6:\"Volume\";s:5:\"value\";s:20:\"5 liters | 25 liters\";s:8:\"position\";i:1;s:10:\"is_visible\";i:0;s:12:\"is_variation\";i:1;s:11:\"is_taxonomy\";i:0;}}"],"_product_version":["10.5.1"],"wpse_downloadable_file_names":[""],"wpse_downloadable_file_urls":[""],"_edit_last":["1"],"_default_attributes":["a:1:{s:6:\"volume\";s:8:\"5 liters\";}"],"_edit_lock":["1771161013:1"],"merchant-center-availability":["yes"],"merchant-center-category":["503738"],"_price":["29.90","129.90"],"_thumbnail_id":["36367"],"_wp_page_template":["default"],"_wp_old_date":["2025-05-26"],"_product_image_gallery":["36366"],"site-sidebar-layout":["default"],"ast-site-content-layout":["default"],"site-content-style":["default"],"site-sidebar-style":["default"],"theme-transparent-header-meta":["default"],"_wc_rating_count":["a:1:{i:5;i:40;}"],"astra-migrate-meta-layouts":["set"],"_uag_css_file_name":["uag-css-23459.css"],"_elementor_page_assets":["a:0:{}"],"_uag_page_assets":["a:9:{s:3:\"css\";s:7133:\".uag-blocks-common-selector{z-index:var(--z-index-desktop) !important}@media(max-width: 976px){.uag-blocks-common-selector{z-index:var(--z-index-tablet) !important}}@media(max-width: 767px){.uag-blocks-common-selector{z-index:var(--z-index-mobile) !important}}.wp-block-uagb-image{display:flex}.wp-block-uagb-image__figure{position:relative;display:flex;flex-direction:column;max-width:100%;height:auto;margin:0}.wp-block-uagb-image__figure img{height:auto;display:flex;max-width:100%;transition:box-shadow .2s ease}.wp-block-uagb-image__figure>a{display:inline-block}.wp-block-uagb-image__figure figcaption{text-align:center;margin-top:.5em;margin-bottom:1em}.wp-block-uagb-image .components-placeholder.block-editor-media-placeholder .components-placeholder__instructions{align-self:center}.wp-block-uagb-image--align-left{text-align:left}.wp-block-uagb-image--align-right{text-align:right}.wp-block-uagb-image--align-center{text-align:center}.wp-block-uagb-image--align-full .wp-block-uagb-image__figure{margin-left:calc(50% - 50vw);margin-right:calc(50% - 50vw);max-width:100vw;width:100vw;height:auto}.wp-block-uagb-image--align-full .wp-block-uagb-image__figure img{height:auto;width:100% !important}.wp-block-uagb-image--align-wide .wp-block-uagb-image__figure img{height:auto;width:100%}.wp-block-uagb-image--layout-overlay__color-wrapper{position:absolute;left:0;top:0;right:0;bottom:0;opacity:.2;background:rgba(0,0,0,.5);transition:opacity .35s ease-in-out}.wp-block-uagb-image--layout-overlay-link{position:absolute;left:0;right:0;bottom:0;top:0}.wp-block-uagb-image--layout-overlay .wp-block-uagb-image__figure:hover .wp-block-uagb-image--layout-overlay__color-wrapper{opacity:1}.wp-block-uagb-image--layout-overlay__inner{position:absolute;left:15px;right:15px;bottom:15px;top:15px;display:flex;align-items:center;justify-content:center;flex-direction:column;border-color:#fff;transition:.35s ease-in-out}.wp-block-uagb-image--layout-overlay__inner.top-left,.wp-block-uagb-image--layout-overlay__inner.top-center,.wp-block-uagb-image--layout-overlay__inner.top-right{justify-content:flex-start}.wp-block-uagb-image--layout-overlay__inner.bottom-left,.wp-block-uagb-image--layout-overlay__inner.bottom-center,.wp-block-uagb-image--layout-overlay__inner.bottom-right{justify-content:flex-end}.wp-block-uagb-image--layout-overlay__inner.top-left,.wp-block-uagb-image--layout-overlay__inner.center-left,.wp-block-uagb-image--layout-overlay__inner.bottom-left{align-items:flex-start}.wp-block-uagb-image--layout-overlay__inner.top-right,.wp-block-uagb-image--layout-overlay__inner.center-right,.wp-block-uagb-image--layout-overlay__inner.bottom-right{align-items:flex-end}.wp-block-uagb-image--layout-overlay__inner .uagb-image-heading{color:#fff;transition:transform .35s,opacity .35s ease-in-out;transform:translate3d(0, 24px, 0);margin:0;line-height:1em}.wp-block-uagb-image--layout-overlay__inner .uagb-image-separator{width:30%;border-top-width:2px;border-top-color:#fff;border-top-style:solid;margin-bottom:10px;opacity:0;transition:transform .4s,opacity .4s ease-in-out;transform:translate3d(0, 30px, 0)}.wp-block-uagb-image--layout-overlay__inner .uagb-image-caption{opacity:0;overflow:visible;color:#fff;transition:transform .45s,opacity .45s ease-in-out;transform:translate3d(0, 35px, 0)}.wp-block-uagb-image--layout-overlay__inner:hover .uagb-image-heading,.wp-block-uagb-image--layout-overlay__inner:hover .uagb-image-separator,.wp-block-uagb-image--layout-overlay__inner:hover .uagb-image-caption{opacity:1;transform:translate3d(0, 0, 0)}.wp-block-uagb-image--effect-zoomin .wp-block-uagb-image__figure img,.wp-block-uagb-image--effect-zoomin .wp-block-uagb-image__figure .wp-block-uagb-image--layout-overlay__color-wrapper{transform:scale(1);transition:transform .35s ease-in-out}.wp-block-uagb-image--effect-zoomin .wp-block-uagb-image__figure:hover img,.wp-block-uagb-image--effect-zoomin .wp-block-uagb-image__figure:hover .wp-block-uagb-image--layout-overlay__color-wrapper{transform:scale(1.05)}.wp-block-uagb-image--effect-slide .wp-block-uagb-image__figure img,.wp-block-uagb-image--effect-slide .wp-block-uagb-image__figure .wp-block-uagb-image--layout-overlay__color-wrapper{width:calc(100% + 40px) !important;max-width:none !important;transform:translate3d(-40px, 0, 0);transition:transform .35s ease-in-out}.wp-block-uagb-image--effect-slide .wp-block-uagb-image__figure:hover img,.wp-block-uagb-image--effect-slide .wp-block-uagb-image__figure:hover .wp-block-uagb-image--layout-overlay__color-wrapper{transform:translate3d(0, 0, 0)}.wp-block-uagb-image--effect-grayscale img{filter:grayscale(0%);transition:.35s ease-in-out}.wp-block-uagb-image--effect-grayscale:hover img{filter:grayscale(100%)}.wp-block-uagb-image--effect-blur img{filter:blur(0);transition:.35s ease-in-out}.wp-block-uagb-image--effect-blur:hover img{filter:blur(3px)}.uagb-block-e6f939b3.wp-block-uagb-image--layout-default figure img{box-shadow: 0px 0px 0 #00000070;}.uagb-block-e6f939b3.wp-block-uagb-image .wp-block-uagb-image__figure figcaption{font-style: normal;align-self: center;}.uagb-block-e6f939b3.wp-block-uagb-image--layout-overlay figure img{box-shadow: 0px 0px 0 #00000070;}.uagb-block-e6f939b3.wp-block-uagb-image--layout-overlay .wp-block-uagb-image--layout-overlay__color-wrapper{opacity: 0.2;}.uagb-block-e6f939b3.wp-block-uagb-image--layout-overlay .wp-block-uagb-image--layout-overlay__inner{left: 15px;right: 15px;top: 15px;bottom: 15px;}.uagb-block-e6f939b3.wp-block-uagb-image--layout-overlay .wp-block-uagb-image--layout-overlay__inner .uagb-image-heading{font-style: normal;color: #fff;opacity: 1;}.uagb-block-e6f939b3.wp-block-uagb-image--layout-overlay .wp-block-uagb-image--layout-overlay__inner .uagb-image-heading a{color: #fff;}.uagb-block-e6f939b3.wp-block-uagb-image--layout-overlay .wp-block-uagb-image--layout-overlay__inner .uagb-image-caption{opacity: 0;}.uagb-block-e6f939b3.wp-block-uagb-image--layout-overlay .wp-block-uagb-image__figure:hover .wp-block-uagb-image--layout-overlay__color-wrapper{opacity: 1;}.uagb-block-e6f939b3.wp-block-uagb-image .wp-block-uagb-image--layout-overlay__inner .uagb-image-separator{width: 30%;border-top-width: 2px;border-top-color: #fff;opacity: 0;}.uagb-block-e6f939b3.wp-block-uagb-image .wp-block-uagb-image__figure img{width: px;height: auto;}.uagb-block-e6f939b3.wp-block-uagb-image .wp-block-uagb-image__figure:hover .wp-block-uagb-image--layout-overlay__inner .uagb-image-caption{opacity: 1;}.uagb-block-e6f939b3.wp-block-uagb-image .wp-block-uagb-image__figure:hover .wp-block-uagb-image--layout-overlay__inner .uagb-image-separator{opacity: 1;}.uagb-block-e6f939b3.wp-block-uagb-image--layout-default figure:hover img{box-shadow: 0px 0px 0 #00000070;}.uagb-block-e6f939b3.wp-block-uagb-image--layout-overlay figure:hover img{box-shadow: 0px 0px 0 #00000070;}@media only screen and (max-width: 976px) {.uagb-block-e6f939b3.wp-block-uagb-image .wp-block-uagb-image__figure img{width: px;height: auto;}}@media only screen and (max-width: 767px) {.uagb-block-e6f939b3.wp-block-uagb-image .wp-block-uagb-image__figure img{width: px;height: auto;}}\";s:2:\"js\";s:0:\"\";s:18:\"current_block_list\";a:13:{i:0;s:11:\"core\/search\";i:1;s:10:\"core\/group\";i:2;s:12:\"core\/heading\";i:3;s:17:\"core\/latest-posts\";i:4;s:20:\"core\/latest-comments\";i:5;s:13:\"core\/archives\";i:6;s:15:\"core\/categories\";i:7;s:14:\"core\/paragraph\";i:8;s:10:\"uagb\/image\";i:9;s:11:\"core\/spacer\";i:10;s:30:\"woocommerce\/product-categories\";i:11;s:10:\"core\/image\";i:12;s:14:\"core\/shortcode\";}s:8:\"uag_flag\";b:1;s:11:\"uag_version\";s:10:\"1777336391\";s:6:\"gfonts\";a:0:{}s:10:\"gfonts_url\";s:0:\"\";s:12:\"gfonts_files\";a:0:{}s:14:\"uag_faq_layout\";b:0;}"]},"uagb_featured_image_src":{"full":["https:\/\/www.ferberpainting.com\/wp-content\/uploads\/2025\/05\/Floor-Water-Repellent-5L-.png",2560,2560,false],"thumbnail":["https:\/\/www.ferberpainting.com\/wp-content\/uploads\/2025\/05\/Floor-Water-Repellent-5L--150x150.png",150,150,true],"medium":["https:\/\/www.ferberpainting.com\/wp-content\/uploads\/2025\/05\/Floor-Water-Repellent-5L--300x300.png",300,300,true],"medium_large":["https:\/\/www.ferberpainting.com\/wp-content\/uploads\/2025\/05\/Floor-Water-Repellent-5L--768x768.png",768,768,true],"large":["https:\/\/www.ferberpainting.com\/wp-content\/uploads\/2025\/05\/Floor-Water-Repellent-5L--1024x1024.png",1024,1024,true],"1536x1536":["https:\/\/www.ferberpainting.com\/wp-content\/uploads\/2025\/05\/Floor-Water-Repellent-5L--1536x1536.png",1536,1536,true],"2048x2048":["https:\/\/www.ferberpainting.com\/wp-content\/uploads\/2025\/05\/Floor-Water-Repellent-5L--2048x2048.png",2048,2048,true],"trp-custom-language-flag":["https:\/\/www.ferberpainting.com\/wp-content\/uploads\/2025\/05\/Floor-Water-Repellent-5L--12x12.png",12,12,true],"woocommerce_thumbnail":["https:\/\/www.ferberpainting.com\/wp-content\/uploads\/2025\/05\/Floor-Water-Repellent-5L--300x300.png",300,300,true],"woocommerce_single":["https:\/\/www.ferberpainting.com\/wp-content\/uploads\/2025\/05\/Floor-Water-Repellent-5L--600x600.png",600,600,true],"woocommerce_gallery_thumbnail":["https:\/\/www.ferberpainting.com\/wp-content\/uploads\/2025\/05\/Floor-Water-Repellent-5L--100x100.png",100,100,true]},"uagb_author_info":{"display_name":"admin","author_link":"https:\/\/www.ferberpainting.com\/lv\/author\/"},"uagb_comment_info":40,"uagb_excerpt":"Humidity protection.\u00a0The floor waterproofer is a specially formulated product to protect surfaces against water and moisture infiltration. This treatment is ideal for both exterior and interior floors, especially those exposed to harsh weather or high humidity, such as terraces, balconies, basements or garages. By applying the waterproofer, you create an invisible barrier that prevents water&hellip;","_links":{"self":[{"href":"https:\/\/www.ferberpainting.com\/lv\/wp-json\/wp\/v2\/product\/23459","targetHints":{"allow":["GET"]}}],"collection":[{"href":"https:\/\/www.ferberpainting.com\/lv\/wp-json\/wp\/v2\/product"}],"about":[{"href":"https:\/\/www.ferberpainting.com\/lv\/wp-json\/wp\/v2\/types\/product"}],"replies":[{"embeddable":true,"href":"https:\/\/www.ferberpainting.com\/lv\/wp-json\/wp\/v2\/comments?post=23459"}],"version-history":[{"count":5,"href":"https:\/\/www.ferberpainting.com\/lv\/wp-json\/wp\/v2\/product\/23459\/revisions"}],"predecessor-version":[{"id":166162,"href":"https:\/\/www.ferberpainting.com\/lv\/wp-json\/wp\/v2\/product\/23459\/revisions\/166162"}],"wp:featuredmedia":[{"embeddable":true,"href":"https:\/\/www.ferberpainting.com\/lv\/wp-json\/wp\/v2\/media\/36367"}],"wp:attachment":[{"href":"https:\/\/www.ferberpainting.com\/lv\/wp-json\/wp\/v2\/media?parent=23459"}],"wp:term":[{"taxonomy":"product_brand","embeddable":true,"href":"https:\/\/www.ferberpainting.com\/lv\/wp-json\/wp\/v2\/product_brand?post=23459"},{"taxonomy":"product_cat","embeddable":true,"href":"https:\/\/www.ferberpainting.com\/lv\/wp-json\/wp\/v2\/product_cat?post=23459"},{"taxonomy":"product_tag","embeddable":true,"href":"https:\/\/www.ferberpainting.com\/lv\/wp-json\/wp\/v2\/product_tag?post=23459"}],"curies":[{"name":"wp","href":"https:\/\/api.w.org\/{rel}","templated":true}]}}